{"id":12190,"date":"2025-11-01T17:41:41","date_gmt":"2025-11-01T17:41:41","guid":{"rendered":"https:\/\/allwintheme.com\/?post_type=product&#038;p=12190"},"modified":"2025-11-01T18:24:47","modified_gmt":"2025-11-01T18:24:47","slug":"mainwp-extension-de-google-analytics","status":"publish","type":"product","link":"https:\/\/allwintheme.com\/es\/producto\/mainwp-extension-de-google-analytics\/","title":{"rendered":"MainWP Extensi\u00f3n de Google Analytics"},"content":{"rendered":"<div data-elementor-type=\"wp-post\" data-elementor-id=\"12190\" class=\"elementor elementor-12190\" data-elementor-settings=\"{&quot;element_pack_global_tooltip_width&quot;:{&quot;unit&quot;:&quot;px&quot;,&quot;size&quot;:&quot;&quot;,&quot;sizes&quot;:[]},&quot;element_pack_global_tooltip_width_tablet&quot;:{&quot;unit&quot;:&quot;px&quot;,&quot;size&quot;:&quot;&quot;,&quot;sizes&quot;:[]},&quot;element_pack_global_tooltip_width_mobile&quot;:{&quot;unit&quot;:&quot;px&quot;,&quot;size&quot;:&quot;&quot;,&quot;sizes&quot;:[]},&quot;element_pack_global_tooltip_padding&quot;:{&quot;unit&quot;:&quot;px&quot;,&quot;top&quot;:&quot;&quot;,&quot;right&quot;:&quot;&quot;,&quot;bottom&quot;:&quot;&quot;,&quot;left&quot;:&quot;&quot;,&quot;isLinked&quot;:true},&quot;element_pack_global_tooltip_padding_tablet&quot;:{&quot;unit&quot;:&quot;px&quot;,&quot;top&quot;:&quot;&quot;,&quot;right&quot;:&quot;&quot;,&quot;bottom&quot;:&quot;&quot;,&quot;left&quot;:&quot;&quot;,&quot;isLinked&quot;:true},&quot;element_pack_global_tooltip_padding_mobile&quot;:{&quot;unit&quot;:&quot;px&quot;,&quot;top&quot;:&quot;&quot;,&quot;right&quot;:&quot;&quot;,&quot;bottom&quot;:&quot;&quot;,&quot;left&quot;:&quot;&quot;,&quot;isLinked&quot;:true},&quot;element_pack_global_tooltip_border_radius&quot;:{&quot;unit&quot;:&quot;px&quot;,&quot;top&quot;:&quot;&quot;,&quot;right&quot;:&quot;&quot;,&quot;bottom&quot;:&quot;&quot;,&quot;left&quot;:&quot;&quot;,&quot;isLinked&quot;:true},&quot;element_pack_global_tooltip_border_radius_tablet&quot;:{&quot;unit&quot;:&quot;px&quot;,&quot;top&quot;:&quot;&quot;,&quot;right&quot;:&quot;&quot;,&quot;bottom&quot;:&quot;&quot;,&quot;left&quot;:&quot;&quot;,&quot;isLinked&quot;:true},&quot;element_pack_global_tooltip_border_radius_mobile&quot;:{&quot;unit&quot;:&quot;px&quot;,&quot;top&quot;:&quot;&quot;,&quot;right&quot;:&quot;&quot;,&quot;bottom&quot;:&quot;&quot;,&quot;left&quot;:&quot;&quot;,&quot;isLinked&quot;:true}}\" data-elementor-post-type=\"product\">\n\t\t\t\t<div class=\"wd-negative-gap elementor-element elementor-element-39848b1 e-flex e-con-boxed e-con e-parent\" data-id=\"39848b1\" data-element_type=\"container\" data-e-type=\"container\">\n\t\t\t\t\t<div class=\"e-con-inner\">\n\t\t\t\t<div class=\"elementor-element elementor-element-919f328 elementor-widget elementor-widget-wd_text_block\" data-id=\"919f328\" data-element_type=\"widget\" data-e-type=\"widget\" data-widget_type=\"wd_text_block.default\">\n\t\t\t\t<div class=\"elementor-widget-container\">\n\t\t\t\t\t\t\t<div class=\"wd-text-block reset-last-child text-left\">\n\t\t\t\n\t\t\t<h2>MainWP Extensi\u00f3n de Google Analytics<\/h2><p>La extensi\u00f3n de Google Analytics de MainWP le permite realizar un seguimiento del rendimiento de todos sus sitios de WordPress conectados desde un \u00fanico panel de control. En lugar de iniciar sesi\u00f3n en cada sitio web por separado, puede ver el tr\u00e1fico, las p\u00e1ginas vistas, las tasas de rebote y el comportamiento de los usuarios directamente dentro de su panel MainWP.<\/p><h3>Por qu\u00e9 necesita esta extensi\u00f3n<\/h3><p>Si gestiona sitios web de varios clientes, cambiar de una cuenta de an\u00e1lisis a otra puede hacerle perder tiempo y causarle confusi\u00f3n. Con esta extensi\u00f3n, obtendr\u00e1 informaci\u00f3n instant\u00e1nea en un solo lugar. Adem\u00e1s, puedes identificar r\u00e1pidamente las ca\u00eddas de tr\u00e1fico, las p\u00e1ginas con mejor rendimiento o los picos repentinos de visitas y tomar medidas de inmediato.<\/p><h3>Integraci\u00f3n perfecta con MainWP<\/h3><p>Esta extensi\u00f3n se conecta f\u00e1cilmente con su configuraci\u00f3n existente de MainWP. Para m\u00e1s herramientas y temas relacionados con MainWP, puede explorar otros recursos en<br \/><a href=\"https:\/\/allwintheme.com\/es\/\" target=\"_blank\" rel=\"noopener\">allwintheme.com<\/a><br \/>o visite la colecci\u00f3n dedicada a MainWP aqu\u00ed:<br \/><a href=\"https:\/\/allwintheme.com\/es\/producto\/extension-mainwp-buddy\/\" target=\"_blank\" rel=\"noopener\">Temas y extensiones de MainWP<\/a>.<br \/>Adem\u00e1s, puede combinarlo con otras plantillas \u00fatiles como<br \/><a href=\"https:\/\/allwintheme.com\/es\/temas\/wordpress\/\" target=\"_blank\" rel=\"noopener\">Temas de WordPress para empresas<\/a><br \/>para crear una soluci\u00f3n de gesti\u00f3n completa.<\/p><h3>Caracter\u00edsticas principales<\/h3><ul><li>Ver los datos de Google Analytics directamente en el panel de control de MainWP<\/li><li>Control de sesiones, p\u00e1ginas vistas, porcentaje de rebote y duraci\u00f3n media de las sesiones<\/li><li>Seguimiento de varios sitios secundarios sin necesidad de iniciar sesi\u00f3n en cada cuenta de Analytics<\/li><li>Identifique al instante las p\u00e1ginas con mejores resultados y los contenidos con poco tr\u00e1fico<\/li><li>Admite configuraciones de seguimiento universales y GA4<\/li><\/ul><h3>C\u00f3mo ayuda a su flujo de trabajo<\/h3><p>Tras conectar tu cuenta de Google Analytics, los datos empiezan a aparecer en tu interfaz de MainWP de inmediato. Adem\u00e1s, puede agrupar sitios web, comparar el rendimiento del tr\u00e1fico y enviar informes a los clientes si es necesario. Como resultado, su flujo de trabajo se vuelve m\u00e1s fluido y profesional.<\/p><p>Para descubrir m\u00e1s herramientas, temas y plugins de WordPress que funcionan bien con MainWP, no dude en consultar<br \/><a href=\"https:\/\/allwintheme.com\/es\/\" target=\"_blank\" rel=\"noopener\">www.allwintheme.com<\/a>. Estos recursos le ayudar\u00e1n a crear sitios web m\u00e1s r\u00e1pidos y a gestionarlos con mayor eficacia.<\/p>\n\t\t\t\t\t<\/div>\n\t\t\t\t\t\t<\/div>\n\t\t\t\t<\/div>\n\t\t\t\t\t<\/div>\n\t\t\t\t<\/div>\n\t\t<div class=\"wd-negative-gap elementor-element elementor-element-6aa67fc e-flex e-con-boxed e-con e-parent\" data-id=\"6aa67fc\" data-element_type=\"container\" data-e-type=\"container\">\n\t\t\t\t\t<div class=\"e-con-inner\">\n\t\t\t\t<div class=\"elementor-element elementor-element-6015cf8 elementor-widget elementor-widget-video\" data-id=\"6015cf8\" data-element_type=\"widget\" data-e-type=\"widget\" data-settings=\"{&quot;youtube_url&quot;:&quot;https:\\\/\\\/youtu.be\\\/BV0xTftH7as&quot;,&quot;video_type&quot;:&quot;youtube&quot;,&quot;controls&quot;:&quot;yes&quot;}\" data-widget_type=\"video.default\">\n\t\t\t\t\t\t\t<div class=\"elementor-wrapper elementor-open-inline\">\n\t\t\t<div class=\"elementor-video\"><\/div>\t\t<\/div>\n\t\t\t\t\t\t<\/div>\n\t\t\t\t\t<\/div>\n\t\t\t\t<\/div>\n\t\t\t\t<\/div>","protected":false},"excerpt":{"rendered":"<p>MainWP Google Analytics Extension The MainWP Google Analytics Extension allows you to track the performance of all your connected WordPress<\/p>","protected":false},"featured_media":12167,"comment_status":"open","ping_status":"closed","template":"","meta":{"_acf_changed":false},"product_brand":[],"product_cat":[49],"product_tag":[],"class_list":{"0":"post-12190","1":"product","2":"type-product","3":"status-publish","4":"has-post-thumbnail","6":"product_cat-plugins","8":"first","9":"instock","10":"sale","11":"downloadable","12":"shipping-taxable","13":"purchasable","14":"product-type-simple"},"acf":[],"yoast_head":"<!-- This site is optimized with the Yoast SEO Premium plugin v25.6 (Yoast SEO v27.1.1) - https:\/\/yoast.com\/product\/yoast-seo-premium-wordpress\/ -->\n<title>MainWP Google Analytics Extension - AllWin Theme \u2013 Free WordPress Themes Download<\/title>\n<meta name=\"description\" content=\"Connect Google Analytics with MainWP to track website traffic, user behavior, and performance data directly from your dashboard.\" \/>\n<meta name=\"robots\" content=\"index, follow, max-snippet:-1, max-image-preview:large, max-video-preview:-1\" \/>\n<link rel=\"canonical\" href=\"https:\/\/allwintheme.com\/es\/producto\/mainwp-extension-de-google-analytics\/\" \/>\n<meta property=\"og:locale\" content=\"es_ES\" \/>\n<meta property=\"og:type\" content=\"article\" \/>\n<meta property=\"og:title\" content=\"MainWP Google Analytics Extension\" \/>\n<meta property=\"og:description\" content=\"Connect Google Analytics with MainWP to track website traffic, user behavior, and performance data directly from your dashboard.\" \/>\n<meta property=\"og:url\" content=\"https:\/\/allwintheme.com\/es\/producto\/mainwp-extension-de-google-analytics\/\" \/>\n<meta property=\"og:site_name\" content=\"AllWin Theme \u2013 Free WordPress Themes Download\" \/>\n<meta property=\"article:modified_time\" content=\"2025-11-01T18:24:47+00:00\" \/>\n<meta property=\"og:image\" content=\"https:\/\/allwintheme.com\/wp-content\/uploads\/2025\/11\/MainWP-Google-Analytics-Extension.png\" \/>\n\t<meta property=\"og:image:width\" content=\"480\" \/>\n\t<meta property=\"og:image:height\" content=\"320\" \/>\n\t<meta property=\"og:image:type\" content=\"image\/png\" \/>\n<meta name=\"twitter:card\" content=\"summary_large_image\" \/>\n<meta name=\"twitter:label1\" content=\"Tiempo estimado de lectura\" \/>\n\t<meta name=\"twitter:data1\" content=\"2 minutos\" \/>\n<script type=\"application\/ld+json\" class=\"yoast-schema-graph\">{\"@context\":\"https:\/\/schema.org\",\"@graph\":[{\"@type\":\"WebPage\",\"@id\":\"https:\/\/allwintheme.com\/product\/mainwp-google-analytics-extension\/\",\"url\":\"https:\/\/allwintheme.com\/product\/mainwp-google-analytics-extension\/\",\"name\":\"MainWP Google Analytics Extension - AllWin Theme \u2013 Free WordPress Themes Download\",\"isPartOf\":{\"@id\":\"https:\/\/allwintheme.com\/#website\"},\"primaryImageOfPage\":{\"@id\":\"https:\/\/allwintheme.com\/product\/mainwp-google-analytics-extension\/#primaryimage\"},\"image\":{\"@id\":\"https:\/\/allwintheme.com\/product\/mainwp-google-analytics-extension\/#primaryimage\"},\"thumbnailUrl\":\"https:\/\/allwintheme.com\/wp-content\/uploads\/2025\/11\/MainWP-Google-Analytics-Extension.png\",\"datePublished\":\"2025-11-01T17:41:41+00:00\",\"dateModified\":\"2025-11-01T18:24:47+00:00\",\"description\":\"Connect Google Analytics with MainWP to track website traffic, user behavior, and performance data directly from your dashboard.\",\"breadcrumb\":{\"@id\":\"https:\/\/allwintheme.com\/product\/mainwp-google-analytics-extension\/#breadcrumb\"},\"inLanguage\":\"es-CL\",\"potentialAction\":[{\"@type\":\"ReadAction\",\"target\":[\"https:\/\/allwintheme.com\/product\/mainwp-google-analytics-extension\/\"]}]},{\"@type\":\"ImageObject\",\"inLanguage\":\"es-CL\",\"@id\":\"https:\/\/allwintheme.com\/product\/mainwp-google-analytics-extension\/#primaryimage\",\"url\":\"https:\/\/allwintheme.com\/wp-content\/uploads\/2025\/11\/MainWP-Google-Analytics-Extension.png\",\"contentUrl\":\"https:\/\/allwintheme.com\/wp-content\/uploads\/2025\/11\/MainWP-Google-Analytics-Extension.png\",\"width\":480,\"height\":320,\"caption\":\"MainWP Google Analytics Extension\"},{\"@type\":\"BreadcrumbList\",\"@id\":\"https:\/\/allwintheme.com\/product\/mainwp-google-analytics-extension\/#breadcrumb\",\"itemListElement\":[{\"@type\":\"ListItem\",\"position\":1,\"name\":\"Home\",\"item\":\"https:\/\/allwintheme.com\/\"},{\"@type\":\"ListItem\",\"position\":2,\"name\":\"Shop\",\"item\":\"https:\/\/allwintheme.com\/shop\/\"},{\"@type\":\"ListItem\",\"position\":3,\"name\":\"MainWP Google Analytics Extension\"}]},{\"@type\":\"WebSite\",\"@id\":\"https:\/\/allwintheme.com\/#website\",\"url\":\"https:\/\/allwintheme.com\/\",\"name\":\"Allwintheme\",\"description\":\"Download free WordPress themes for every niche. Blogs, business, eCommerce, portfolio, restaurant and more. All themes are GPL licensed and mobile-ready.\",\"potentialAction\":[{\"@type\":\"SearchAction\",\"target\":{\"@type\":\"EntryPoint\",\"urlTemplate\":\"https:\/\/allwintheme.com\/?s={search_term_string}\"},\"query-input\":{\"@type\":\"PropertyValueSpecification\",\"valueRequired\":true,\"valueName\":\"search_term_string\"}}],\"inLanguage\":\"es-CL\"}]}<\/script>\n<!-- \/ Yoast SEO Premium plugin. -->","yoast_head_json":{"title":"MainWP Google Analytics Extension - AllWin Theme - Free WordPress Themes Download","description":"Conecte Google Analytics con MainWP para realizar un seguimiento del tr\u00e1fico del sitio web, el comportamiento de los usuarios y los datos de rendimiento directamente desde el panel de control.","robots":{"index":"index","follow":"follow","max-snippet":"max-snippet:-1","max-image-preview":"max-image-preview:large","max-video-preview":"max-video-preview:-1"},"canonical":"https:\/\/allwintheme.com\/es\/producto\/mainwp-extension-de-google-analytics\/","og_locale":"es_ES","og_type":"article","og_title":"MainWP Google Analytics Extension","og_description":"Connect Google Analytics with MainWP to track website traffic, user behavior, and performance data directly from your dashboard.","og_url":"https:\/\/allwintheme.com\/es\/producto\/mainwp-extension-de-google-analytics\/","og_site_name":"AllWin Theme \u2013 Free WordPress Themes Download","article_modified_time":"2025-11-01T18:24:47+00:00","og_image":[{"width":480,"height":320,"url":"https:\/\/allwintheme.com\/wp-content\/uploads\/2025\/11\/MainWP-Google-Analytics-Extension.png","type":"image\/png"}],"twitter_card":"summary_large_image","twitter_misc":{"Tiempo estimado de lectura":"2 minutos"},"schema":{"@context":"https:\/\/schema.org","@graph":[{"@type":"WebPage","@id":"https:\/\/allwintheme.com\/product\/mainwp-google-analytics-extension\/","url":"https:\/\/allwintheme.com\/product\/mainwp-google-analytics-extension\/","name":"MainWP Google Analytics Extension - AllWin Theme - Free WordPress Themes Download","isPartOf":{"@id":"https:\/\/allwintheme.com\/#website"},"primaryImageOfPage":{"@id":"https:\/\/allwintheme.com\/product\/mainwp-google-analytics-extension\/#primaryimage"},"image":{"@id":"https:\/\/allwintheme.com\/product\/mainwp-google-analytics-extension\/#primaryimage"},"thumbnailUrl":"https:\/\/allwintheme.com\/wp-content\/uploads\/2025\/11\/MainWP-Google-Analytics-Extension.png","datePublished":"2025-11-01T17:41:41+00:00","dateModified":"2025-11-01T18:24:47+00:00","description":"Conecte Google Analytics con MainWP para realizar un seguimiento del tr\u00e1fico del sitio web, el comportamiento de los usuarios y los datos de rendimiento directamente desde el panel de control.","breadcrumb":{"@id":"https:\/\/allwintheme.com\/product\/mainwp-google-analytics-extension\/#breadcrumb"},"inLanguage":"es-CL","potentialAction":[{"@type":"ReadAction","target":["https:\/\/allwintheme.com\/product\/mainwp-google-analytics-extension\/"]}]},{"@type":"ImageObject","inLanguage":"es-CL","@id":"https:\/\/allwintheme.com\/product\/mainwp-google-analytics-extension\/#primaryimage","url":"https:\/\/allwintheme.com\/wp-content\/uploads\/2025\/11\/MainWP-Google-Analytics-Extension.png","contentUrl":"https:\/\/allwintheme.com\/wp-content\/uploads\/2025\/11\/MainWP-Google-Analytics-Extension.png","width":480,"height":320,"caption":"MainWP Google Analytics Extension"},{"@type":"BreadcrumbList","@id":"https:\/\/allwintheme.com\/product\/mainwp-google-analytics-extension\/#breadcrumb","itemListElement":[{"@type":"ListItem","position":1,"name":"Home","item":"https:\/\/allwintheme.com\/"},{"@type":"ListItem","position":2,"name":"Shop","item":"https:\/\/allwintheme.com\/shop\/"},{"@type":"ListItem","position":3,"name":"MainWP Google Analytics Extension"}]},{"@type":"WebSite","@id":"https:\/\/allwintheme.com\/#website","url":"https:\/\/allwintheme.com\/","name":"Allwintheme","description":"Descarga gratis temas de WordPress para todos los nichos. Blogs, negocios, comercio electr\u00f3nico, portafolio, restaurante y m\u00e1s. Todos los temas tienen licencia GPL y est\u00e1n preparados para dispositivos m\u00f3viles.","potentialAction":[{"@type":"SearchAction","target":{"@type":"EntryPoint","urlTemplate":"https:\/\/allwintheme.com\/?s={search_term_string}"},"query-input":{"@type":"PropertyValueSpecification","valueRequired":true,"valueName":"search_term_string"}}],"inLanguage":"es-CL"}]}},"_links":{"self":[{"href":"https:\/\/allwintheme.com\/es\/wp-json\/wp\/v2\/product\/12190","targetHints":{"allow":["GET"]}}],"collection":[{"href":"https:\/\/allwintheme.com\/es\/wp-json\/wp\/v2\/product"}],"about":[{"href":"https:\/\/allwintheme.com\/es\/wp-json\/wp\/v2\/types\/product"}],"replies":[{"embeddable":true,"href":"https:\/\/allwintheme.com\/es\/wp-json\/wp\/v2\/comments?post=12190"}],"version-history":[{"count":24,"href":"https:\/\/allwintheme.com\/es\/wp-json\/wp\/v2\/product\/12190\/revisions"}],"predecessor-version":[{"id":12216,"href":"https:\/\/allwintheme.com\/es\/wp-json\/wp\/v2\/product\/12190\/revisions\/12216"}],"wp:featuredmedia":[{"embeddable":true,"href":"https:\/\/allwintheme.com\/es\/wp-json\/wp\/v2\/media\/12167"}],"wp:attachment":[{"href":"https:\/\/allwintheme.com\/es\/wp-json\/wp\/v2\/media?parent=12190"}],"wp:term":[{"taxonomy":"product_brand","embeddable":true,"href":"https:\/\/allwintheme.com\/es\/wp-json\/wp\/v2\/product_brand?post=12190"},{"taxonomy":"product_cat","embeddable":true,"href":"https:\/\/allwintheme.com\/es\/wp-json\/wp\/v2\/product_cat?post=12190"},{"taxonomy":"product_tag","embeddable":true,"href":"https:\/\/allwintheme.com\/es\/wp-json\/wp\/v2\/product_tag?post=12190"}],"curies":[{"name":"wp","href":"https:\/\/api.w.org\/{rel}","templated":true}]}}