{"id":12241,"date":"2025-11-02T01:19:58","date_gmt":"2025-11-02T01:19:58","guid":{"rendered":"https:\/\/allwintheme.com\/?post_type=product&#038;p=12241"},"modified":"2025-11-02T09:06:06","modified_gmt":"2025-11-02T09:06:06","slug":"addon-bookly-google-maps-direcciones","status":"publish","type":"product","link":"https:\/\/allwintheme.com\/es\/producto\/addon-bookly-google-maps-direcciones\/","title":{"rendered":"Complemento de Bookly para direcciones de Google Maps"},"content":{"rendered":"<div data-elementor-type=\"wp-post\" data-elementor-id=\"12241\" class=\"elementor elementor-12241\" data-elementor-settings=\"{&quot;element_pack_global_tooltip_width&quot;:{&quot;unit&quot;:&quot;px&quot;,&quot;size&quot;:&quot;&quot;,&quot;sizes&quot;:[]},&quot;element_pack_global_tooltip_width_tablet&quot;:{&quot;unit&quot;:&quot;px&quot;,&quot;size&quot;:&quot;&quot;,&quot;sizes&quot;:[]},&quot;element_pack_global_tooltip_width_mobile&quot;:{&quot;unit&quot;:&quot;px&quot;,&quot;size&quot;:&quot;&quot;,&quot;sizes&quot;:[]},&quot;element_pack_global_tooltip_padding&quot;:{&quot;unit&quot;:&quot;px&quot;,&quot;top&quot;:&quot;&quot;,&quot;right&quot;:&quot;&quot;,&quot;bottom&quot;:&quot;&quot;,&quot;left&quot;:&quot;&quot;,&quot;isLinked&quot;:true},&quot;element_pack_global_tooltip_padding_tablet&quot;:{&quot;unit&quot;:&quot;px&quot;,&quot;top&quot;:&quot;&quot;,&quot;right&quot;:&quot;&quot;,&quot;bottom&quot;:&quot;&quot;,&quot;left&quot;:&quot;&quot;,&quot;isLinked&quot;:true},&quot;element_pack_global_tooltip_padding_mobile&quot;:{&quot;unit&quot;:&quot;px&quot;,&quot;top&quot;:&quot;&quot;,&quot;right&quot;:&quot;&quot;,&quot;bottom&quot;:&quot;&quot;,&quot;left&quot;:&quot;&quot;,&quot;isLinked&quot;:true},&quot;element_pack_global_tooltip_border_radius&quot;:{&quot;unit&quot;:&quot;px&quot;,&quot;top&quot;:&quot;&quot;,&quot;right&quot;:&quot;&quot;,&quot;bottom&quot;:&quot;&quot;,&quot;left&quot;:&quot;&quot;,&quot;isLinked&quot;:true},&quot;element_pack_global_tooltip_border_radius_tablet&quot;:{&quot;unit&quot;:&quot;px&quot;,&quot;top&quot;:&quot;&quot;,&quot;right&quot;:&quot;&quot;,&quot;bottom&quot;:&quot;&quot;,&quot;left&quot;:&quot;&quot;,&quot;isLinked&quot;:true},&quot;element_pack_global_tooltip_border_radius_mobile&quot;:{&quot;unit&quot;:&quot;px&quot;,&quot;top&quot;:&quot;&quot;,&quot;right&quot;:&quot;&quot;,&quot;bottom&quot;:&quot;&quot;,&quot;left&quot;:&quot;&quot;,&quot;isLinked&quot;:true}}\" data-elementor-post-type=\"product\">\n\t\t\t\t<div class=\"wd-negative-gap elementor-element elementor-element-39848b1 e-flex e-con-boxed e-con e-parent\" data-id=\"39848b1\" data-element_type=\"container\" data-e-type=\"container\">\n\t\t\t\t\t<div class=\"e-con-inner\">\n\t\t\t\t<div class=\"elementor-element elementor-element-919f328 elementor-widget elementor-widget-wd_text_block\" data-id=\"919f328\" data-element_type=\"widget\" data-e-type=\"widget\" data-widget_type=\"wd_text_block.default\">\n\t\t\t\t<div class=\"elementor-widget-container\">\n\t\t\t\t\t\t\t<div class=\"wd-text-block reset-last-child text-left\">\n\t\t\t\n\t\t\t<h2>Complemento de Bookly para direcciones de Google Maps<\/h2><p>Bookly Google Maps Address Addon ayuda a las empresas a recopilar direcciones precisas de los clientes durante el proceso de reserva. Al integrar Google Maps directamente en su formulario de cita, los clientes pueden simplemente escribir o fijar su ubicaci\u00f3n en el mapa, lo que ahorra tiempo y reduce los errores de introducci\u00f3n.<\/p><p>Para m\u00e1s herramientas de reserva y extensiones, tambi\u00e9n puede explorar nuestro <a href=\"https:\/\/allwintheme.com\/es\/categoria-producto\/plugins\/\">Colecci\u00f3n de plugins de WordPress<\/a> en allwintheme.com.<\/p><h3>Por qu\u00e9 es importante este addon<\/h3><p>Muchos proveedores de servicios pierden tiempo confirmando direcciones manualmente. Con este complemento, Bookly sugiere autom\u00e1ticamente ubicaciones precisas a trav\u00e9s de Google Maps. Como resultado, el personal recibe los datos correctos de la direcci\u00f3n al instante y puede centrarse en prestar servicios en lugar de corregir errores de reserva.<\/p><p>Si utiliza cualquier tema de nuestra tienda, como por ejemplo <a href=\"https:\/\/allwintheme.com\/es\/categoria-producto\/temas\/\">Temas WordPress para empresas<\/a>, Este complemento funciona perfectamente y se integra en su dise\u00f1o sin necesidad de c\u00f3digo adicional.<\/p><h3>Principales ventajas<\/h3><ul><li>Autocompletar Google Maps para introducir direcciones de forma r\u00e1pida y precisa<\/li><li>Los clientes pueden seleccionar su ubicaci\u00f3n exacta mediante una chincheta del mapa<\/li><li>Los proveedores de servicios reciben datos precisos sobre las direcciones en tiempo real<\/li><li>Se adapta sin problemas a Bookly Pro y a la mayor\u00eda de los temas modernos de WordPress<\/li><li>Ideal para negocios de reparto, servicio a domicilio y citas in situ<\/li><\/ul><h3>Integraci\u00f3n perfecta<\/h3><p>Puede instalar el complemento en unos pocos pasos a trav\u00e9s de su panel de control de WordPress. Adem\u00e1s, funciona junto con otras extensiones de Bookly sin conflictos. Si est\u00e1 construyendo su sitio con Elementor o utilizando temas como los de nuestro <a href=\"https:\/\/allwintheme.com\/es\/\">P\u00e1gina de inicio<\/a>, todo permanece limpio, sensible y f\u00e1cil de gestionar.<\/p><h3>\u00bfQui\u00e9n debe utilizarlo?<\/h3><p>Este complemento es ideal para salones de belleza, servicios de limpieza, profesionales de la reparaci\u00f3n, terapeutas y cualquier negocio que requiera una localizaci\u00f3n precisa de los clientes. Adem\u00e1s, ayuda a las empresas locales a reducir la confusi\u00f3n de los desplazamientos y mejorar la eficiencia del servicio.<\/p><p>\u00bfBusca m\u00e1s herramientas para mejorar su sitio web de reservas? Visite nuestra <a href=\"https:\/\/allwintheme.com\/es\/blog\/\">Blog<\/a> para ver tutoriales, o consulte otros complementos disponibles en <a href=\"https:\/\/allwintheme.com\/es\/producto\/addon-bookly-google-maps-direcciones\/\">P\u00e1gina de extensiones de Bookly<\/a>.<\/p><p>Con el complemento de direcciones de Google Maps de Bookly, su negocio funcionar\u00e1 mejor, los clientes reservar\u00e1n m\u00e1s r\u00e1pido y cada cita comenzar\u00e1 con la direcci\u00f3n correcta.<\/p>\n\t\t\t\t\t<\/div>\n\t\t\t\t\t\t<\/div>\n\t\t\t\t<\/div>\n\t\t\t\t\t<\/div>\n\t\t\t\t<\/div>\n\t\t<div class=\"wd-negative-gap elementor-element elementor-element-6aa67fc e-flex e-con-boxed e-con e-parent\" data-id=\"6aa67fc\" data-element_type=\"container\" data-e-type=\"container\">\n\t\t\t\t\t<div class=\"e-con-inner\">\n\t\t\t\t<div class=\"elementor-element elementor-element-6015cf8 elementor-widget elementor-widget-video\" data-id=\"6015cf8\" data-element_type=\"widget\" data-e-type=\"widget\" data-settings=\"{&quot;youtube_url&quot;:&quot;https:\\\/\\\/youtu.be\\\/XkCrADjLt2s&quot;,&quot;video_type&quot;:&quot;youtube&quot;,&quot;controls&quot;:&quot;yes&quot;}\" data-widget_type=\"video.default\">\n\t\t\t\t\t\t\t<div class=\"elementor-wrapper elementor-open-inline\">\n\t\t\t<div class=\"elementor-video\"><\/div>\t\t<\/div>\n\t\t\t\t\t\t<\/div>\n\t\t\t\t\t<\/div>\n\t\t\t\t<\/div>\n\t\t\t\t<\/div>","protected":false},"excerpt":{"rendered":"<p>Bookly Google Maps Address Addon The Bookly Google Maps Address Addon helps businesses collect accurate customer addresses during the booking<\/p>","protected":false},"featured_media":12166,"comment_status":"open","ping_status":"closed","template":"","meta":{"_acf_changed":false},"product_brand":[],"product_cat":[49],"product_tag":[],"class_list":{"0":"post-12241","1":"product","2":"type-product","3":"status-publish","4":"has-post-thumbnail","6":"product_cat-plugins","8":"first","9":"instock","10":"sale","11":"downloadable","12":"shipping-taxable","13":"purchasable","14":"product-type-simple"},"acf":[],"yoast_head":"<!-- This site is optimized with the Yoast SEO Premium plugin v25.6 (Yoast SEO v27.1.1) - https:\/\/yoast.com\/product\/yoast-seo-premium-wordpress\/ -->\n<title>Bookly Google Maps Address Addon - AllWin Theme \u2013 Free WordPress Themes Download<\/title>\n<meta name=\"description\" content=\"Enhance your Bookly booking form with Google Maps address autocomplete for faster, accurate customer locations and better service management.\" \/>\n<meta name=\"robots\" content=\"index, follow, max-snippet:-1, max-image-preview:large, max-video-preview:-1\" \/>\n<link rel=\"canonical\" href=\"https:\/\/allwintheme.com\/es\/producto\/addon-bookly-google-maps-direcciones\/\" \/>\n<meta property=\"og:locale\" content=\"es_ES\" \/>\n<meta property=\"og:type\" content=\"article\" \/>\n<meta property=\"og:title\" content=\"Bookly Google Maps Address Addon\" \/>\n<meta property=\"og:description\" content=\"Enhance your Bookly booking form with Google Maps address autocomplete for faster, accurate customer locations and better service management.\" \/>\n<meta property=\"og:url\" content=\"https:\/\/allwintheme.com\/es\/producto\/addon-bookly-google-maps-direcciones\/\" \/>\n<meta property=\"og:site_name\" content=\"AllWin Theme \u2013 Free WordPress Themes Download\" \/>\n<meta property=\"article:modified_time\" content=\"2025-11-02T09:06:06+00:00\" \/>\n<meta property=\"og:image\" content=\"https:\/\/allwintheme.com\/wp-content\/uploads\/2025\/11\/Bookly-Google-Maps-Address-Addon.png\" \/>\n\t<meta property=\"og:image:width\" content=\"590\" \/>\n\t<meta property=\"og:image:height\" content=\"300\" \/>\n\t<meta property=\"og:image:type\" content=\"image\/png\" \/>\n<meta name=\"twitter:card\" content=\"summary_large_image\" \/>\n<meta name=\"twitter:label1\" content=\"Tiempo estimado de lectura\" \/>\n\t<meta name=\"twitter:data1\" content=\"2 minutos\" \/>\n<script type=\"application\/ld+json\" class=\"yoast-schema-graph\">{\"@context\":\"https:\/\/schema.org\",\"@graph\":[{\"@type\":\"WebPage\",\"@id\":\"https:\/\/allwintheme.com\/product\/bookly-google-maps-address-addon\/\",\"url\":\"https:\/\/allwintheme.com\/product\/bookly-google-maps-address-addon\/\",\"name\":\"Bookly Google Maps Address Addon - AllWin Theme \u2013 Free WordPress Themes Download\",\"isPartOf\":{\"@id\":\"https:\/\/allwintheme.com\/#website\"},\"primaryImageOfPage\":{\"@id\":\"https:\/\/allwintheme.com\/product\/bookly-google-maps-address-addon\/#primaryimage\"},\"image\":{\"@id\":\"https:\/\/allwintheme.com\/product\/bookly-google-maps-address-addon\/#primaryimage\"},\"thumbnailUrl\":\"https:\/\/allwintheme.com\/wp-content\/uploads\/2025\/11\/Bookly-Google-Maps-Address-Addon.png\",\"datePublished\":\"2025-11-02T01:19:58+00:00\",\"dateModified\":\"2025-11-02T09:06:06+00:00\",\"description\":\"Enhance your Bookly booking form with Google Maps address autocomplete for faster, accurate customer locations and better service management.\",\"breadcrumb\":{\"@id\":\"https:\/\/allwintheme.com\/product\/bookly-google-maps-address-addon\/#breadcrumb\"},\"inLanguage\":\"es-CL\",\"potentialAction\":[{\"@type\":\"ReadAction\",\"target\":[\"https:\/\/allwintheme.com\/product\/bookly-google-maps-address-addon\/\"]}]},{\"@type\":\"ImageObject\",\"inLanguage\":\"es-CL\",\"@id\":\"https:\/\/allwintheme.com\/product\/bookly-google-maps-address-addon\/#primaryimage\",\"url\":\"https:\/\/allwintheme.com\/wp-content\/uploads\/2025\/11\/Bookly-Google-Maps-Address-Addon.png\",\"contentUrl\":\"https:\/\/allwintheme.com\/wp-content\/uploads\/2025\/11\/Bookly-Google-Maps-Address-Addon.png\",\"width\":590,\"height\":300,\"caption\":\"Bookly Google Maps Address Addon\"},{\"@type\":\"BreadcrumbList\",\"@id\":\"https:\/\/allwintheme.com\/product\/bookly-google-maps-address-addon\/#breadcrumb\",\"itemListElement\":[{\"@type\":\"ListItem\",\"position\":1,\"name\":\"Home\",\"item\":\"https:\/\/allwintheme.com\/\"},{\"@type\":\"ListItem\",\"position\":2,\"name\":\"Shop\",\"item\":\"https:\/\/allwintheme.com\/shop\/\"},{\"@type\":\"ListItem\",\"position\":3,\"name\":\"Bookly Google Maps Address Addon\"}]},{\"@type\":\"WebSite\",\"@id\":\"https:\/\/allwintheme.com\/#website\",\"url\":\"https:\/\/allwintheme.com\/\",\"name\":\"Allwintheme\",\"description\":\"Download free WordPress themes for every niche. Blogs, business, eCommerce, portfolio, restaurant and more. All themes are GPL licensed and mobile-ready.\",\"potentialAction\":[{\"@type\":\"SearchAction\",\"target\":{\"@type\":\"EntryPoint\",\"urlTemplate\":\"https:\/\/allwintheme.com\/?s={search_term_string}\"},\"query-input\":{\"@type\":\"PropertyValueSpecification\",\"valueRequired\":true,\"valueName\":\"search_term_string\"}}],\"inLanguage\":\"es-CL\"}]}<\/script>\n<!-- \/ Yoast SEO Premium plugin. -->","yoast_head_json":{"title":"Bookly Google Maps Address Addon - AllWin Theme \u2013 Free WordPress Themes Download","description":"Mejore su formulario de reserva de Bookly con la funci\u00f3n de autocompletar direcciones de Google Maps para obtener una localizaci\u00f3n m\u00e1s r\u00e1pida y precisa de los clientes y una mejor gesti\u00f3n del servicio.","robots":{"index":"index","follow":"follow","max-snippet":"max-snippet:-1","max-image-preview":"max-image-preview:large","max-video-preview":"max-video-preview:-1"},"canonical":"https:\/\/allwintheme.com\/es\/producto\/addon-bookly-google-maps-direcciones\/","og_locale":"es_ES","og_type":"article","og_title":"Bookly Google Maps Address Addon","og_description":"Enhance your Bookly booking form with Google Maps address autocomplete for faster, accurate customer locations and better service management.","og_url":"https:\/\/allwintheme.com\/es\/producto\/addon-bookly-google-maps-direcciones\/","og_site_name":"AllWin Theme \u2013 Free WordPress Themes Download","article_modified_time":"2025-11-02T09:06:06+00:00","og_image":[{"width":590,"height":300,"url":"https:\/\/allwintheme.com\/wp-content\/uploads\/2025\/11\/Bookly-Google-Maps-Address-Addon.png","type":"image\/png"}],"twitter_card":"summary_large_image","twitter_misc":{"Tiempo estimado de lectura":"2 minutos"},"schema":{"@context":"https:\/\/schema.org","@graph":[{"@type":"WebPage","@id":"https:\/\/allwintheme.com\/product\/bookly-google-maps-address-addon\/","url":"https:\/\/allwintheme.com\/product\/bookly-google-maps-address-addon\/","name":"Bookly Google Maps Address Addon - AllWin Theme \u2013 Free WordPress Themes Download","isPartOf":{"@id":"https:\/\/allwintheme.com\/#website"},"primaryImageOfPage":{"@id":"https:\/\/allwintheme.com\/product\/bookly-google-maps-address-addon\/#primaryimage"},"image":{"@id":"https:\/\/allwintheme.com\/product\/bookly-google-maps-address-addon\/#primaryimage"},"thumbnailUrl":"https:\/\/allwintheme.com\/wp-content\/uploads\/2025\/11\/Bookly-Google-Maps-Address-Addon.png","datePublished":"2025-11-02T01:19:58+00:00","dateModified":"2025-11-02T09:06:06+00:00","description":"Mejore su formulario de reserva de Bookly con la funci\u00f3n de autocompletar direcciones de Google Maps para obtener una localizaci\u00f3n m\u00e1s r\u00e1pida y precisa de los clientes y una mejor gesti\u00f3n del servicio.","breadcrumb":{"@id":"https:\/\/allwintheme.com\/product\/bookly-google-maps-address-addon\/#breadcrumb"},"inLanguage":"es-CL","potentialAction":[{"@type":"ReadAction","target":["https:\/\/allwintheme.com\/product\/bookly-google-maps-address-addon\/"]}]},{"@type":"ImageObject","inLanguage":"es-CL","@id":"https:\/\/allwintheme.com\/product\/bookly-google-maps-address-addon\/#primaryimage","url":"https:\/\/allwintheme.com\/wp-content\/uploads\/2025\/11\/Bookly-Google-Maps-Address-Addon.png","contentUrl":"https:\/\/allwintheme.com\/wp-content\/uploads\/2025\/11\/Bookly-Google-Maps-Address-Addon.png","width":590,"height":300,"caption":"Bookly Google Maps Address Addon"},{"@type":"BreadcrumbList","@id":"https:\/\/allwintheme.com\/product\/bookly-google-maps-address-addon\/#breadcrumb","itemListElement":[{"@type":"ListItem","position":1,"name":"Home","item":"https:\/\/allwintheme.com\/"},{"@type":"ListItem","position":2,"name":"Shop","item":"https:\/\/allwintheme.com\/shop\/"},{"@type":"ListItem","position":3,"name":"Bookly Google Maps Address Addon"}]},{"@type":"WebSite","@id":"https:\/\/allwintheme.com\/#website","url":"https:\/\/allwintheme.com\/","name":"Allwintheme","description":"Descarga gratis temas de WordPress para todos los nichos. Blogs, negocios, comercio electr\u00f3nico, portafolio, restaurante y m\u00e1s. Todos los temas tienen licencia GPL y est\u00e1n preparados para dispositivos m\u00f3viles.","potentialAction":[{"@type":"SearchAction","target":{"@type":"EntryPoint","urlTemplate":"https:\/\/allwintheme.com\/?s={search_term_string}"},"query-input":{"@type":"PropertyValueSpecification","valueRequired":true,"valueName":"search_term_string"}}],"inLanguage":"es-CL"}]}},"_links":{"self":[{"href":"https:\/\/allwintheme.com\/es\/wp-json\/wp\/v2\/product\/12241","targetHints":{"allow":["GET"]}}],"collection":[{"href":"https:\/\/allwintheme.com\/es\/wp-json\/wp\/v2\/product"}],"about":[{"href":"https:\/\/allwintheme.com\/es\/wp-json\/wp\/v2\/types\/product"}],"replies":[{"embeddable":true,"href":"https:\/\/allwintheme.com\/es\/wp-json\/wp\/v2\/comments?post=12241"}],"version-history":[{"count":9,"href":"https:\/\/allwintheme.com\/es\/wp-json\/wp\/v2\/product\/12241\/revisions"}],"predecessor-version":[{"id":12250,"href":"https:\/\/allwintheme.com\/es\/wp-json\/wp\/v2\/product\/12241\/revisions\/12250"}],"wp:featuredmedia":[{"embeddable":true,"href":"https:\/\/allwintheme.com\/es\/wp-json\/wp\/v2\/media\/12166"}],"wp:attachment":[{"href":"https:\/\/allwintheme.com\/es\/wp-json\/wp\/v2\/media?parent=12241"}],"wp:term":[{"taxonomy":"product_brand","embeddable":true,"href":"https:\/\/allwintheme.com\/es\/wp-json\/wp\/v2\/product_brand?post=12241"},{"taxonomy":"product_cat","embeddable":true,"href":"https:\/\/allwintheme.com\/es\/wp-json\/wp\/v2\/product_cat?post=12241"},{"taxonomy":"product_tag","embeddable":true,"href":"https:\/\/allwintheme.com\/es\/wp-json\/wp\/v2\/product_tag?post=12241"}],"curies":[{"name":"wp","href":"https:\/\/api.w.org\/{rel}","templated":true}]}}