{"id":12257,"date":"2025-11-02T09:04:43","date_gmt":"2025-11-02T09:04:43","guid":{"rendered":"https:\/\/allwintheme.com\/?post_type=product&#038;p=12257"},"modified":"2025-11-02T09:18:58","modified_gmt":"2025-11-02T09:18:58","slug":"wpdm-google-drive","status":"publish","type":"product","link":"https:\/\/allwintheme.com\/es\/producto\/wpdm-google-drive\/","title":{"rendered":"WPDM - Google Drive"},"content":{"rendered":"<div data-elementor-type=\"wp-post\" data-elementor-id=\"12257\" class=\"elementor elementor-12257\" data-elementor-settings=\"{&quot;element_pack_global_tooltip_width&quot;:{&quot;unit&quot;:&quot;px&quot;,&quot;size&quot;:&quot;&quot;,&quot;sizes&quot;:[]},&quot;element_pack_global_tooltip_width_tablet&quot;:{&quot;unit&quot;:&quot;px&quot;,&quot;size&quot;:&quot;&quot;,&quot;sizes&quot;:[]},&quot;element_pack_global_tooltip_width_mobile&quot;:{&quot;unit&quot;:&quot;px&quot;,&quot;size&quot;:&quot;&quot;,&quot;sizes&quot;:[]},&quot;element_pack_global_tooltip_padding&quot;:{&quot;unit&quot;:&quot;px&quot;,&quot;top&quot;:&quot;&quot;,&quot;right&quot;:&quot;&quot;,&quot;bottom&quot;:&quot;&quot;,&quot;left&quot;:&quot;&quot;,&quot;isLinked&quot;:true},&quot;element_pack_global_tooltip_padding_tablet&quot;:{&quot;unit&quot;:&quot;px&quot;,&quot;top&quot;:&quot;&quot;,&quot;right&quot;:&quot;&quot;,&quot;bottom&quot;:&quot;&quot;,&quot;left&quot;:&quot;&quot;,&quot;isLinked&quot;:true},&quot;element_pack_global_tooltip_padding_mobile&quot;:{&quot;unit&quot;:&quot;px&quot;,&quot;top&quot;:&quot;&quot;,&quot;right&quot;:&quot;&quot;,&quot;bottom&quot;:&quot;&quot;,&quot;left&quot;:&quot;&quot;,&quot;isLinked&quot;:true},&quot;element_pack_global_tooltip_border_radius&quot;:{&quot;unit&quot;:&quot;px&quot;,&quot;top&quot;:&quot;&quot;,&quot;right&quot;:&quot;&quot;,&quot;bottom&quot;:&quot;&quot;,&quot;left&quot;:&quot;&quot;,&quot;isLinked&quot;:true},&quot;element_pack_global_tooltip_border_radius_tablet&quot;:{&quot;unit&quot;:&quot;px&quot;,&quot;top&quot;:&quot;&quot;,&quot;right&quot;:&quot;&quot;,&quot;bottom&quot;:&quot;&quot;,&quot;left&quot;:&quot;&quot;,&quot;isLinked&quot;:true},&quot;element_pack_global_tooltip_border_radius_mobile&quot;:{&quot;unit&quot;:&quot;px&quot;,&quot;top&quot;:&quot;&quot;,&quot;right&quot;:&quot;&quot;,&quot;bottom&quot;:&quot;&quot;,&quot;left&quot;:&quot;&quot;,&quot;isLinked&quot;:true}}\" data-elementor-post-type=\"product\">\n\t\t\t\t<div class=\"wd-negative-gap elementor-element elementor-element-39848b1 e-flex e-con-boxed e-con e-parent\" data-id=\"39848b1\" data-element_type=\"container\" data-e-type=\"container\">\n\t\t\t\t\t<div class=\"e-con-inner\">\n\t\t\t\t<div class=\"elementor-element elementor-element-919f328 elementor-widget elementor-widget-wd_text_block\" data-id=\"919f328\" data-element_type=\"widget\" data-e-type=\"widget\" data-widget_type=\"wd_text_block.default\">\n\t\t\t\t<div class=\"elementor-widget-container\">\n\t\t\t\t\t\t\t<div class=\"wd-text-block reset-last-child text-left\">\n\t\t\t\n\t\t\t<h2>WPDM - Integraci\u00f3n con Google Drive<\/h2><p>WPDM - Google Drive Addon le permite conectar WordPress Download Manager con Google Drive. Con esta integraci\u00f3n, puede almacenar archivos en Google Drive y entregarlos directamente a trav\u00e9s de su sitio web. Como resultado, la carga del servidor se mantiene baja, y la gesti\u00f3n de archivos se hace m\u00e1s f\u00e1cil y m\u00e1s seguro.<\/p><p>Este complemento funciona con la aplicaci\u00f3n principal <a href=\"https:\/\/allwintheme.com\/es\/producto\/wpdm-paypal-pro\/\">Plugin WordPress Download Manager (WPDM)<\/a>. Tras conectar tu cuenta de Google Drive, puedes examinar, seleccionar y adjuntar archivos a tus paquetes de descarga sin salir del panel de WordPress.<\/p><h3>\u00bfPor qu\u00e9 utilizar Google Drive con WPDM?<\/h3><p>Muchos propietarios de sitios web se enfrentan a dificultades a la hora de alojar archivos de gran tama\u00f1o en su propio servidor. Por lo tanto, el uso de Google Drive proporciona una soluci\u00f3n m\u00e1s r\u00e1pida, segura y escalable. Adem\u00e1s, puedes actualizar archivos en Drive, y WPDM servir\u00e1 autom\u00e1ticamente la \u00faltima versi\u00f3n a tus usuarios.<\/p><h3>Caracter\u00edsticas principales<\/h3><ul><li>Conexi\u00f3n directa entre WPDM y Google Drive<\/li><li>Entrega segura de archivos con la API de uso compartido de Google Drive<\/li><li>Adjuntar archivos Drive a cualquier paquete de descarga<\/li><li>Gestionar documentos desde el panel de administraci\u00f3n de WordPress<\/li><li>Reduce el uso de almacenamiento y ancho de banda del alojamiento<\/li><\/ul><h3>Recursos \u00fatiles<\/h3><p>Si eres nuevo en WPDM, puedes consultar nuestra gu\u00eda completa aqu\u00ed: <a href=\"https:\/\/allwintheme.com\/es\/producto\/wp-download-manager-campos-personalizados-avanzados\/\">C\u00f3mo utilizar el gestor de descargas de WordPress<\/a>. Los usuarios que busquen m\u00e1s complementos o extensiones pueden visitar nuestra p\u00e1gina <a href=\"https:\/\/allwintheme.com\/es\/producto\/wpdm-paypal-pro\/\">Colecci\u00f3n de complementos WPDM<\/a> para herramientas adicionales como Dropbox, OneDrive e integraciones con PDF Viewer.<\/p><p>Al integrar Google Drive con WPDM, dispondr\u00e1s de una forma m\u00e1s inteligente de gestionar las descargas digitales, proteger tus archivos y ofrecer una mejor experiencia de usuario en tu sitio web.<\/p>\n\t\t\t\t\t<\/div>\n\t\t\t\t\t\t<\/div>\n\t\t\t\t<\/div>\n\t\t\t\t\t<\/div>\n\t\t\t\t<\/div>\n\t\t<div class=\"wd-negative-gap elementor-element elementor-element-c24f867 e-flex e-con-boxed e-con e-parent\" data-id=\"c24f867\" data-element_type=\"container\" data-e-type=\"container\">\n\t\t\t\t\t<div class=\"e-con-inner\">\n\t\t\t\t<div class=\"elementor-element elementor-element-4ea68e2 elementor-widget elementor-widget-video\" data-id=\"4ea68e2\" data-element_type=\"widget\" data-e-type=\"widget\" data-settings=\"{&quot;youtube_url&quot;:&quot;https:\\\/\\\/youtu.be\\\/jWF_F7gIqS0&quot;,&quot;video_type&quot;:&quot;youtube&quot;,&quot;controls&quot;:&quot;yes&quot;}\" data-widget_type=\"video.default\">\n\t\t\t\t\t\t\t<div class=\"elementor-wrapper elementor-open-inline\">\n\t\t\t<div class=\"elementor-video\"><\/div>\t\t<\/div>\n\t\t\t\t\t\t<\/div>\n\t\t\t\t\t<\/div>\n\t\t\t\t<\/div>\n\t\t\t\t<\/div>","protected":false},"excerpt":{"rendered":"<p>WPDM \u2013 Google Drive Integration WPDM \u2013 Google Drive Addon allows you to connect WordPress Download Manager with Google Drive.<\/p>","protected":false},"featured_media":12164,"comment_status":"open","ping_status":"closed","template":"","meta":{"_acf_changed":false},"product_brand":[],"product_cat":[49],"product_tag":[],"class_list":{"0":"post-12257","1":"product","2":"type-product","3":"status-publish","4":"has-post-thumbnail","6":"product_cat-plugins","8":"first","9":"instock","10":"sale","11":"downloadable","12":"shipping-taxable","13":"purchasable","14":"product-type-simple"},"acf":[],"yoast_head":"<!-- This site is optimized with the Yoast SEO Premium plugin v25.6 (Yoast SEO v27.1.1) - https:\/\/yoast.com\/product\/yoast-seo-premium-wordpress\/ -->\n<title>WPDM \u2013 Google Drive - AllWin Theme \u2013 Free WordPress Themes Download<\/title>\n<meta name=\"description\" content=\"Easily embed interactive Google Maps in Elementor with GMaper. Customize markers, locations, and styles to match your website design.\" \/>\n<meta name=\"robots\" content=\"index, follow, max-snippet:-1, max-image-preview:large, max-video-preview:-1\" \/>\n<link rel=\"canonical\" href=\"https:\/\/allwintheme.com\/es\/producto\/wpdm-google-drive\/\" \/>\n<meta property=\"og:locale\" content=\"es_ES\" \/>\n<meta property=\"og:type\" content=\"article\" \/>\n<meta property=\"og:title\" content=\"WPDM \u2013 Google Drive\" \/>\n<meta property=\"og:description\" content=\"Easily embed interactive Google Maps in Elementor with GMaper. Customize markers, locations, and styles to match your website design.\" \/>\n<meta property=\"og:url\" content=\"https:\/\/allwintheme.com\/es\/producto\/wpdm-google-drive\/\" \/>\n<meta property=\"og:site_name\" content=\"AllWin Theme \u2013 Free WordPress Themes Download\" \/>\n<meta property=\"article:modified_time\" content=\"2025-11-02T09:18:58+00:00\" \/>\n<meta property=\"og:image\" content=\"https:\/\/allwintheme.com\/wp-content\/uploads\/2025\/11\/WPDM-\u2013-Google-Drive.png\" \/>\n\t<meta property=\"og:image:width\" content=\"768\" \/>\n\t<meta property=\"og:image:height\" content=\"412\" \/>\n\t<meta property=\"og:image:type\" content=\"image\/png\" \/>\n<meta name=\"twitter:card\" content=\"summary_large_image\" \/>\n<meta name=\"twitter:label1\" content=\"Tiempo estimado de lectura\" \/>\n\t<meta name=\"twitter:data1\" content=\"2 minutos\" \/>\n<script type=\"application\/ld+json\" class=\"yoast-schema-graph\">{\"@context\":\"https:\/\/schema.org\",\"@graph\":[{\"@type\":\"WebPage\",\"@id\":\"https:\/\/allwintheme.com\/product\/wpdm-google-drive\/\",\"url\":\"https:\/\/allwintheme.com\/product\/wpdm-google-drive\/\",\"name\":\"WPDM \u2013 Google Drive - AllWin Theme \u2013 Free WordPress Themes Download\",\"isPartOf\":{\"@id\":\"https:\/\/allwintheme.com\/#website\"},\"primaryImageOfPage\":{\"@id\":\"https:\/\/allwintheme.com\/product\/wpdm-google-drive\/#primaryimage\"},\"image\":{\"@id\":\"https:\/\/allwintheme.com\/product\/wpdm-google-drive\/#primaryimage\"},\"thumbnailUrl\":\"https:\/\/allwintheme.com\/wp-content\/uploads\/2025\/11\/WPDM-\u2013-Google-Drive.png\",\"datePublished\":\"2025-11-02T09:04:43+00:00\",\"dateModified\":\"2025-11-02T09:18:58+00:00\",\"description\":\"Easily embed interactive Google Maps in Elementor with GMaper. Customize markers, locations, and styles to match your website design.\",\"breadcrumb\":{\"@id\":\"https:\/\/allwintheme.com\/product\/wpdm-google-drive\/#breadcrumb\"},\"inLanguage\":\"es-CL\",\"potentialAction\":[{\"@type\":\"ReadAction\",\"target\":[\"https:\/\/allwintheme.com\/product\/wpdm-google-drive\/\"]}]},{\"@type\":\"ImageObject\",\"inLanguage\":\"es-CL\",\"@id\":\"https:\/\/allwintheme.com\/product\/wpdm-google-drive\/#primaryimage\",\"url\":\"https:\/\/allwintheme.com\/wp-content\/uploads\/2025\/11\/WPDM-\u2013-Google-Drive.png\",\"contentUrl\":\"https:\/\/allwintheme.com\/wp-content\/uploads\/2025\/11\/WPDM-\u2013-Google-Drive.png\",\"width\":768,\"height\":412,\"caption\":\"WPDM \u2013 Google Drive\"},{\"@type\":\"BreadcrumbList\",\"@id\":\"https:\/\/allwintheme.com\/product\/wpdm-google-drive\/#breadcrumb\",\"itemListElement\":[{\"@type\":\"ListItem\",\"position\":1,\"name\":\"Home\",\"item\":\"https:\/\/allwintheme.com\/\"},{\"@type\":\"ListItem\",\"position\":2,\"name\":\"Shop\",\"item\":\"https:\/\/allwintheme.com\/shop\/\"},{\"@type\":\"ListItem\",\"position\":3,\"name\":\"WPDM \u2013 Google Drive\"}]},{\"@type\":\"WebSite\",\"@id\":\"https:\/\/allwintheme.com\/#website\",\"url\":\"https:\/\/allwintheme.com\/\",\"name\":\"Allwintheme\",\"description\":\"Download free WordPress themes for every niche. Blogs, business, eCommerce, portfolio, restaurant and more. All themes are GPL licensed and mobile-ready.\",\"potentialAction\":[{\"@type\":\"SearchAction\",\"target\":{\"@type\":\"EntryPoint\",\"urlTemplate\":\"https:\/\/allwintheme.com\/?s={search_term_string}\"},\"query-input\":{\"@type\":\"PropertyValueSpecification\",\"valueRequired\":true,\"valueName\":\"search_term_string\"}}],\"inLanguage\":\"es-CL\"}]}<\/script>\n<!-- \/ Yoast SEO Premium plugin. -->","yoast_head_json":{"title":"WPDM \u2013 Google Drive - AllWin Theme \u2013 Free WordPress Themes Download","description":"Incrusta f\u00e1cilmente mapas interactivos de Google en Elementor con GMaper. Personaliza marcadores, ubicaciones y estilos para adaptarlos al dise\u00f1o de tu sitio web.","robots":{"index":"index","follow":"follow","max-snippet":"max-snippet:-1","max-image-preview":"max-image-preview:large","max-video-preview":"max-video-preview:-1"},"canonical":"https:\/\/allwintheme.com\/es\/producto\/wpdm-google-drive\/","og_locale":"es_ES","og_type":"article","og_title":"WPDM \u2013 Google Drive","og_description":"Easily embed interactive Google Maps in Elementor with GMaper. Customize markers, locations, and styles to match your website design.","og_url":"https:\/\/allwintheme.com\/es\/producto\/wpdm-google-drive\/","og_site_name":"AllWin Theme \u2013 Free WordPress Themes Download","article_modified_time":"2025-11-02T09:18:58+00:00","og_image":[{"width":768,"height":412,"url":"https:\/\/allwintheme.com\/wp-content\/uploads\/2025\/11\/WPDM-\u2013-Google-Drive.png","type":"image\/png"}],"twitter_card":"summary_large_image","twitter_misc":{"Tiempo estimado de lectura":"2 minutos"},"schema":{"@context":"https:\/\/schema.org","@graph":[{"@type":"WebPage","@id":"https:\/\/allwintheme.com\/product\/wpdm-google-drive\/","url":"https:\/\/allwintheme.com\/product\/wpdm-google-drive\/","name":"WPDM \u2013 Google Drive - AllWin Theme \u2013 Free WordPress Themes Download","isPartOf":{"@id":"https:\/\/allwintheme.com\/#website"},"primaryImageOfPage":{"@id":"https:\/\/allwintheme.com\/product\/wpdm-google-drive\/#primaryimage"},"image":{"@id":"https:\/\/allwintheme.com\/product\/wpdm-google-drive\/#primaryimage"},"thumbnailUrl":"https:\/\/allwintheme.com\/wp-content\/uploads\/2025\/11\/WPDM-\u2013-Google-Drive.png","datePublished":"2025-11-02T09:04:43+00:00","dateModified":"2025-11-02T09:18:58+00:00","description":"Incrusta f\u00e1cilmente mapas interactivos de Google en Elementor con GMaper. Personaliza marcadores, ubicaciones y estilos para adaptarlos al dise\u00f1o de tu sitio web.","breadcrumb":{"@id":"https:\/\/allwintheme.com\/product\/wpdm-google-drive\/#breadcrumb"},"inLanguage":"es-CL","potentialAction":[{"@type":"ReadAction","target":["https:\/\/allwintheme.com\/product\/wpdm-google-drive\/"]}]},{"@type":"ImageObject","inLanguage":"es-CL","@id":"https:\/\/allwintheme.com\/product\/wpdm-google-drive\/#primaryimage","url":"https:\/\/allwintheme.com\/wp-content\/uploads\/2025\/11\/WPDM-\u2013-Google-Drive.png","contentUrl":"https:\/\/allwintheme.com\/wp-content\/uploads\/2025\/11\/WPDM-\u2013-Google-Drive.png","width":768,"height":412,"caption":"WPDM \u2013 Google Drive"},{"@type":"BreadcrumbList","@id":"https:\/\/allwintheme.com\/product\/wpdm-google-drive\/#breadcrumb","itemListElement":[{"@type":"ListItem","position":1,"name":"Home","item":"https:\/\/allwintheme.com\/"},{"@type":"ListItem","position":2,"name":"Shop","item":"https:\/\/allwintheme.com\/shop\/"},{"@type":"ListItem","position":3,"name":"WPDM \u2013 Google Drive"}]},{"@type":"WebSite","@id":"https:\/\/allwintheme.com\/#website","url":"https:\/\/allwintheme.com\/","name":"Allwintheme","description":"Descarga gratis temas de WordPress para todos los nichos. Blogs, negocios, comercio electr\u00f3nico, portafolio, restaurante y m\u00e1s. Todos los temas tienen licencia GPL y est\u00e1n preparados para dispositivos m\u00f3viles.","potentialAction":[{"@type":"SearchAction","target":{"@type":"EntryPoint","urlTemplate":"https:\/\/allwintheme.com\/?s={search_term_string}"},"query-input":{"@type":"PropertyValueSpecification","valueRequired":true,"valueName":"search_term_string"}}],"inLanguage":"es-CL"}]}},"_links":{"self":[{"href":"https:\/\/allwintheme.com\/es\/wp-json\/wp\/v2\/product\/12257","targetHints":{"allow":["GET"]}}],"collection":[{"href":"https:\/\/allwintheme.com\/es\/wp-json\/wp\/v2\/product"}],"about":[{"href":"https:\/\/allwintheme.com\/es\/wp-json\/wp\/v2\/types\/product"}],"replies":[{"embeddable":true,"href":"https:\/\/allwintheme.com\/es\/wp-json\/wp\/v2\/comments?post=12257"}],"version-history":[{"count":5,"href":"https:\/\/allwintheme.com\/es\/wp-json\/wp\/v2\/product\/12257\/revisions"}],"predecessor-version":[{"id":12262,"href":"https:\/\/allwintheme.com\/es\/wp-json\/wp\/v2\/product\/12257\/revisions\/12262"}],"wp:featuredmedia":[{"embeddable":true,"href":"https:\/\/allwintheme.com\/es\/wp-json\/wp\/v2\/media\/12164"}],"wp:attachment":[{"href":"https:\/\/allwintheme.com\/es\/wp-json\/wp\/v2\/media?parent=12257"}],"wp:term":[{"taxonomy":"product_brand","embeddable":true,"href":"https:\/\/allwintheme.com\/es\/wp-json\/wp\/v2\/product_brand?post=12257"},{"taxonomy":"product_cat","embeddable":true,"href":"https:\/\/allwintheme.com\/es\/wp-json\/wp\/v2\/product_cat?post=12257"},{"taxonomy":"product_tag","embeddable":true,"href":"https:\/\/allwintheme.com\/es\/wp-json\/wp\/v2\/product_tag?post=12257"}],"curies":[{"name":"wp","href":"https:\/\/api.w.org\/{rel}","templated":true}]}}