{"id":12263,"date":"2025-11-02T09:22:43","date_gmt":"2025-11-02T09:22:43","guid":{"rendered":"https:\/\/allwintheme.com\/?post_type=product&#038;p=12263"},"modified":"2025-11-02T10:51:56","modified_gmt":"2025-11-02T10:51:56","slug":"wpforms-google-sheets-addon","status":"publish","type":"product","link":"https:\/\/allwintheme.com\/es\/producto\/wpforms-google-sheets-addon\/","title":{"rendered":"Complemento WPForms Google Sheets"},"content":{"rendered":"<div data-elementor-type=\"wp-post\" data-elementor-id=\"12263\" class=\"elementor elementor-12263\" data-elementor-settings=\"{&quot;element_pack_global_tooltip_width&quot;:{&quot;unit&quot;:&quot;px&quot;,&quot;size&quot;:&quot;&quot;,&quot;sizes&quot;:[]},&quot;element_pack_global_tooltip_width_tablet&quot;:{&quot;unit&quot;:&quot;px&quot;,&quot;size&quot;:&quot;&quot;,&quot;sizes&quot;:[]},&quot;element_pack_global_tooltip_width_mobile&quot;:{&quot;unit&quot;:&quot;px&quot;,&quot;size&quot;:&quot;&quot;,&quot;sizes&quot;:[]},&quot;element_pack_global_tooltip_padding&quot;:{&quot;unit&quot;:&quot;px&quot;,&quot;top&quot;:&quot;&quot;,&quot;right&quot;:&quot;&quot;,&quot;bottom&quot;:&quot;&quot;,&quot;left&quot;:&quot;&quot;,&quot;isLinked&quot;:true},&quot;element_pack_global_tooltip_padding_tablet&quot;:{&quot;unit&quot;:&quot;px&quot;,&quot;top&quot;:&quot;&quot;,&quot;right&quot;:&quot;&quot;,&quot;bottom&quot;:&quot;&quot;,&quot;left&quot;:&quot;&quot;,&quot;isLinked&quot;:true},&quot;element_pack_global_tooltip_padding_mobile&quot;:{&quot;unit&quot;:&quot;px&quot;,&quot;top&quot;:&quot;&quot;,&quot;right&quot;:&quot;&quot;,&quot;bottom&quot;:&quot;&quot;,&quot;left&quot;:&quot;&quot;,&quot;isLinked&quot;:true},&quot;element_pack_global_tooltip_border_radius&quot;:{&quot;unit&quot;:&quot;px&quot;,&quot;top&quot;:&quot;&quot;,&quot;right&quot;:&quot;&quot;,&quot;bottom&quot;:&quot;&quot;,&quot;left&quot;:&quot;&quot;,&quot;isLinked&quot;:true},&quot;element_pack_global_tooltip_border_radius_tablet&quot;:{&quot;unit&quot;:&quot;px&quot;,&quot;top&quot;:&quot;&quot;,&quot;right&quot;:&quot;&quot;,&quot;bottom&quot;:&quot;&quot;,&quot;left&quot;:&quot;&quot;,&quot;isLinked&quot;:true},&quot;element_pack_global_tooltip_border_radius_mobile&quot;:{&quot;unit&quot;:&quot;px&quot;,&quot;top&quot;:&quot;&quot;,&quot;right&quot;:&quot;&quot;,&quot;bottom&quot;:&quot;&quot;,&quot;left&quot;:&quot;&quot;,&quot;isLinked&quot;:true}}\" data-elementor-post-type=\"product\">\n\t\t\t\t<div class=\"wd-negative-gap elementor-element elementor-element-39848b1 e-flex e-con-boxed e-con e-parent\" data-id=\"39848b1\" data-element_type=\"container\" data-e-type=\"container\">\n\t\t\t\t\t<div class=\"e-con-inner\">\n\t\t\t\t<div class=\"elementor-element elementor-element-919f328 elementor-widget elementor-widget-wd_text_block\" data-id=\"919f328\" data-element_type=\"widget\" data-e-type=\"widget\" data-widget_type=\"wd_text_block.default\">\n\t\t\t\t<div class=\"elementor-widget-container\">\n\t\t\t\t\t\t\t<div class=\"wd-text-block reset-last-child text-left\">\n\t\t\t\n\t\t\t<h2>Complemento WPForms Google Sheets<\/h2><p>El Addon WPForms Google Sheets le permite enviar entradas de formularios directamente a Google Sheets sin necesidad de exportaci\u00f3n manual. Tan pronto como un usuario env\u00eda un formulario, los datos aparecen en su hoja de c\u00e1lculo en tiempo real. Esto facilita la organizaci\u00f3n de clientes potenciales, solicitudes de contacto, resultados de encuestas o detalles de reservas.<\/p><p>Si es nuevo en WPForms, puede empezar primero con el plugin principal. Visite nuestra gu\u00eda sobre <a href=\"https:\/\/allwintheme.com\/es\/producto\/wpforms-pro-wordpress-plugin\/\">c\u00f3mo utilizar WPForms<\/a> para configurarlo correctamente. Una vez activada, puedes conectar tu cuenta de Google, elegir una hoja de c\u00e1lculo y asignar los campos del formulario a las columnas de Google Sheets. El proceso de integraci\u00f3n s\u00f3lo lleva unos minutos y no requiere ning\u00fan tipo de codificaci\u00f3n.<\/p><h3>Por qu\u00e9 le resultar\u00e1 \u00fatil<\/h3><p>En lugar de descargar archivos CSV o copiar los env\u00edos manualmente, tu equipo puede trabajar directamente desde una hoja de Google compartida. Adem\u00e1s, puedes aplicar filtros, crear gr\u00e1ficos o utilizar f\u00f3rmulas para analizar los datos de los formularios al instante. Como resultado, las empresas ahorran tiempo y reducen los errores de introducci\u00f3n de datos.<\/p><h3>Caracter\u00edsticas principales<\/h3><ul><li>Env\u00edo autom\u00e1tico de formularios a Google Sheets<\/li><li>No es necesario exportar ni importar manualmente<\/li><li>Funciona con todas las plantillas WPForms<\/li><li>Actualizaciones en tiempo real y colaboraci\u00f3n en equipo<\/li><li>Configuraci\u00f3n r\u00e1pida con conexi\u00f3n a la API de Google<\/li><\/ul><h3>Herramientas y recursos relacionados<\/h3><p>Si necesita recoger reservas o datos de citas, tambi\u00e9n puede explorar nuestro <a href=\"https:\/\/allwintheme.com\/es\/producto\/gmaper-google-maps-para-elementor\/\">Temas WordPress para reservas de citas<\/a>. Para obtener m\u00e1s herramientas de automatizaci\u00f3n y extensiones de formularios, visite la p\u00e1gina <a href=\"https:\/\/allwintheme.com\/es\/producto\/wpforms-paypal-standard-addon\/\">Secci\u00f3n de complementos y extensiones de WPForms<\/a> en nuestro sitio web.<\/p><p>Al utilizar el complemento WPForms Google Sheets, obtendr\u00e1 una forma m\u00e1s r\u00e1pida de gestionar los env\u00edos de formularios, mejorar el trabajo en equipo y mantener todos los datos almacenados de forma segura en la nube.<\/p>\n\t\t\t\t\t<\/div>\n\t\t\t\t\t\t<\/div>\n\t\t\t\t<\/div>\n\t\t\t\t\t<\/div>\n\t\t\t\t<\/div>\n\t\t<div class=\"wd-negative-gap elementor-element elementor-element-c24f867 e-flex e-con-boxed e-con e-parent\" data-id=\"c24f867\" data-element_type=\"container\" data-e-type=\"container\">\n\t\t\t\t\t<div class=\"e-con-inner\">\n\t\t\t\t<div class=\"elementor-element elementor-element-4ea68e2 elementor-widget elementor-widget-video\" data-id=\"4ea68e2\" data-element_type=\"widget\" data-e-type=\"widget\" data-settings=\"{&quot;youtube_url&quot;:&quot;https:\\\/\\\/youtu.be\\\/jWF_F7gIqS0&quot;,&quot;video_type&quot;:&quot;youtube&quot;,&quot;controls&quot;:&quot;yes&quot;}\" data-widget_type=\"video.default\">\n\t\t\t\t\t\t\t<div class=\"elementor-wrapper elementor-open-inline\">\n\t\t\t<div class=\"elementor-video\"><\/div>\t\t<\/div>\n\t\t\t\t\t\t<\/div>\n\t\t\t\t\t<\/div>\n\t\t\t\t<\/div>\n\t\t\t\t<\/div>","protected":false},"excerpt":{"rendered":"<p>WPForms Google Sheets Addon The WPForms Google Sheets Addon allows you to send form entries directly to Google Sheets without<\/p>","protected":false},"featured_media":12163,"comment_status":"open","ping_status":"closed","template":"","meta":{"_acf_changed":false},"product_brand":[],"product_cat":[49],"product_tag":[],"class_list":{"0":"post-12263","1":"product","2":"type-product","3":"status-publish","4":"has-post-thumbnail","6":"product_cat-plugins","8":"first","9":"instock","10":"sale","11":"downloadable","12":"shipping-taxable","13":"purchasable","14":"product-type-simple"},"acf":[],"yoast_head":"<!-- This site is optimized with the Yoast SEO Premium plugin v25.6 (Yoast SEO v27.1.1) - https:\/\/yoast.com\/product\/yoast-seo-premium-wordpress\/ -->\n<title>WPForms Google Sheets Addon - AllWin Theme \u2013 Free WordPress Themes Download<\/title>\n<meta name=\"description\" content=\"Send your WPForms entries directly to Google Sheets in real time, organize form data easily, and streamline workflow without coding.\" \/>\n<meta name=\"robots\" content=\"index, follow, max-snippet:-1, max-image-preview:large, max-video-preview:-1\" \/>\n<link rel=\"canonical\" href=\"https:\/\/allwintheme.com\/es\/producto\/wpforms-google-sheets-addon\/\" \/>\n<meta property=\"og:locale\" content=\"es_ES\" \/>\n<meta property=\"og:type\" content=\"article\" \/>\n<meta property=\"og:title\" content=\"WPForms Google Sheets Addon\" \/>\n<meta property=\"og:description\" content=\"Send your WPForms entries directly to Google Sheets in real time, organize form data easily, and streamline workflow without coding.\" \/>\n<meta property=\"og:url\" content=\"https:\/\/allwintheme.com\/es\/producto\/wpforms-google-sheets-addon\/\" \/>\n<meta property=\"og:site_name\" content=\"AllWin Theme \u2013 Free WordPress Themes Download\" \/>\n<meta property=\"article:modified_time\" content=\"2025-11-02T10:51:56+00:00\" \/>\n<meta property=\"og:image\" content=\"https:\/\/allwintheme.com\/wp-content\/uploads\/2025\/11\/WPForms-Google-Sheets-Addon.png\" \/>\n\t<meta property=\"og:image:width\" content=\"590\" \/>\n\t<meta property=\"og:image:height\" content=\"300\" \/>\n\t<meta property=\"og:image:type\" content=\"image\/png\" \/>\n<meta name=\"twitter:card\" content=\"summary_large_image\" \/>\n<meta name=\"twitter:label1\" content=\"Tiempo estimado de lectura\" \/>\n\t<meta name=\"twitter:data1\" content=\"2 minutos\" \/>\n<script type=\"application\/ld+json\" class=\"yoast-schema-graph\">{\"@context\":\"https:\/\/schema.org\",\"@graph\":[{\"@type\":\"WebPage\",\"@id\":\"https:\/\/allwintheme.com\/product\/wpforms-google-sheets-addon\/\",\"url\":\"https:\/\/allwintheme.com\/product\/wpforms-google-sheets-addon\/\",\"name\":\"WPForms Google Sheets Addon - AllWin Theme \u2013 Free WordPress Themes Download\",\"isPartOf\":{\"@id\":\"https:\/\/allwintheme.com\/#website\"},\"primaryImageOfPage\":{\"@id\":\"https:\/\/allwintheme.com\/product\/wpforms-google-sheets-addon\/#primaryimage\"},\"image\":{\"@id\":\"https:\/\/allwintheme.com\/product\/wpforms-google-sheets-addon\/#primaryimage\"},\"thumbnailUrl\":\"https:\/\/allwintheme.com\/wp-content\/uploads\/2025\/11\/WPForms-Google-Sheets-Addon.png\",\"datePublished\":\"2025-11-02T09:22:43+00:00\",\"dateModified\":\"2025-11-02T10:51:56+00:00\",\"description\":\"Send your WPForms entries directly to Google Sheets in real time, organize form data easily, and streamline workflow without coding.\",\"breadcrumb\":{\"@id\":\"https:\/\/allwintheme.com\/product\/wpforms-google-sheets-addon\/#breadcrumb\"},\"inLanguage\":\"es-CL\",\"potentialAction\":[{\"@type\":\"ReadAction\",\"target\":[\"https:\/\/allwintheme.com\/product\/wpforms-google-sheets-addon\/\"]}]},{\"@type\":\"ImageObject\",\"inLanguage\":\"es-CL\",\"@id\":\"https:\/\/allwintheme.com\/product\/wpforms-google-sheets-addon\/#primaryimage\",\"url\":\"https:\/\/allwintheme.com\/wp-content\/uploads\/2025\/11\/WPForms-Google-Sheets-Addon.png\",\"contentUrl\":\"https:\/\/allwintheme.com\/wp-content\/uploads\/2025\/11\/WPForms-Google-Sheets-Addon.png\",\"width\":590,\"height\":300,\"caption\":\"WPForms Google Sheets Addon\"},{\"@type\":\"BreadcrumbList\",\"@id\":\"https:\/\/allwintheme.com\/product\/wpforms-google-sheets-addon\/#breadcrumb\",\"itemListElement\":[{\"@type\":\"ListItem\",\"position\":1,\"name\":\"Home\",\"item\":\"https:\/\/allwintheme.com\/\"},{\"@type\":\"ListItem\",\"position\":2,\"name\":\"Shop\",\"item\":\"https:\/\/allwintheme.com\/shop\/\"},{\"@type\":\"ListItem\",\"position\":3,\"name\":\"WPForms Google Sheets Addon\"}]},{\"@type\":\"WebSite\",\"@id\":\"https:\/\/allwintheme.com\/#website\",\"url\":\"https:\/\/allwintheme.com\/\",\"name\":\"Allwintheme\",\"description\":\"Download free WordPress themes for every niche. Blogs, business, eCommerce, portfolio, restaurant and more. All themes are GPL licensed and mobile-ready.\",\"potentialAction\":[{\"@type\":\"SearchAction\",\"target\":{\"@type\":\"EntryPoint\",\"urlTemplate\":\"https:\/\/allwintheme.com\/?s={search_term_string}\"},\"query-input\":{\"@type\":\"PropertyValueSpecification\",\"valueRequired\":true,\"valueName\":\"search_term_string\"}}],\"inLanguage\":\"es-CL\"}]}<\/script>\n<!-- \/ Yoast SEO Premium plugin. -->","yoast_head_json":{"title":"WPForms Google Sheets Addon - AllWin Theme - Free WordPress Themes Download","description":"Env\u00eda tus entradas de WPForms directamente a Google Sheets en tiempo real, organiza los datos de los formularios f\u00e1cilmente y agiliza el flujo de trabajo sin codificar.","robots":{"index":"index","follow":"follow","max-snippet":"max-snippet:-1","max-image-preview":"max-image-preview:large","max-video-preview":"max-video-preview:-1"},"canonical":"https:\/\/allwintheme.com\/es\/producto\/wpforms-google-sheets-addon\/","og_locale":"es_ES","og_type":"article","og_title":"WPForms Google Sheets Addon","og_description":"Send your WPForms entries directly to Google Sheets in real time, organize form data easily, and streamline workflow without coding.","og_url":"https:\/\/allwintheme.com\/es\/producto\/wpforms-google-sheets-addon\/","og_site_name":"AllWin Theme \u2013 Free WordPress Themes Download","article_modified_time":"2025-11-02T10:51:56+00:00","og_image":[{"width":590,"height":300,"url":"https:\/\/allwintheme.com\/wp-content\/uploads\/2025\/11\/WPForms-Google-Sheets-Addon.png","type":"image\/png"}],"twitter_card":"summary_large_image","twitter_misc":{"Tiempo estimado de lectura":"2 minutos"},"schema":{"@context":"https:\/\/schema.org","@graph":[{"@type":"WebPage","@id":"https:\/\/allwintheme.com\/product\/wpforms-google-sheets-addon\/","url":"https:\/\/allwintheme.com\/product\/wpforms-google-sheets-addon\/","name":"WPForms Google Sheets Addon - AllWin Theme - Free WordPress Themes Download","isPartOf":{"@id":"https:\/\/allwintheme.com\/#website"},"primaryImageOfPage":{"@id":"https:\/\/allwintheme.com\/product\/wpforms-google-sheets-addon\/#primaryimage"},"image":{"@id":"https:\/\/allwintheme.com\/product\/wpforms-google-sheets-addon\/#primaryimage"},"thumbnailUrl":"https:\/\/allwintheme.com\/wp-content\/uploads\/2025\/11\/WPForms-Google-Sheets-Addon.png","datePublished":"2025-11-02T09:22:43+00:00","dateModified":"2025-11-02T10:51:56+00:00","description":"Env\u00eda tus entradas de WPForms directamente a Google Sheets en tiempo real, organiza los datos de los formularios f\u00e1cilmente y agiliza el flujo de trabajo sin codificar.","breadcrumb":{"@id":"https:\/\/allwintheme.com\/product\/wpforms-google-sheets-addon\/#breadcrumb"},"inLanguage":"es-CL","potentialAction":[{"@type":"ReadAction","target":["https:\/\/allwintheme.com\/product\/wpforms-google-sheets-addon\/"]}]},{"@type":"ImageObject","inLanguage":"es-CL","@id":"https:\/\/allwintheme.com\/product\/wpforms-google-sheets-addon\/#primaryimage","url":"https:\/\/allwintheme.com\/wp-content\/uploads\/2025\/11\/WPForms-Google-Sheets-Addon.png","contentUrl":"https:\/\/allwintheme.com\/wp-content\/uploads\/2025\/11\/WPForms-Google-Sheets-Addon.png","width":590,"height":300,"caption":"WPForms Google Sheets Addon"},{"@type":"BreadcrumbList","@id":"https:\/\/allwintheme.com\/product\/wpforms-google-sheets-addon\/#breadcrumb","itemListElement":[{"@type":"ListItem","position":1,"name":"Home","item":"https:\/\/allwintheme.com\/"},{"@type":"ListItem","position":2,"name":"Shop","item":"https:\/\/allwintheme.com\/shop\/"},{"@type":"ListItem","position":3,"name":"WPForms Google Sheets Addon"}]},{"@type":"WebSite","@id":"https:\/\/allwintheme.com\/#website","url":"https:\/\/allwintheme.com\/","name":"Allwintheme","description":"Descarga gratis temas de WordPress para todos los nichos. Blogs, negocios, comercio electr\u00f3nico, portafolio, restaurante y m\u00e1s. Todos los temas tienen licencia GPL y est\u00e1n preparados para dispositivos m\u00f3viles.","potentialAction":[{"@type":"SearchAction","target":{"@type":"EntryPoint","urlTemplate":"https:\/\/allwintheme.com\/?s={search_term_string}"},"query-input":{"@type":"PropertyValueSpecification","valueRequired":true,"valueName":"search_term_string"}}],"inLanguage":"es-CL"}]}},"_links":{"self":[{"href":"https:\/\/allwintheme.com\/es\/wp-json\/wp\/v2\/product\/12263","targetHints":{"allow":["GET"]}}],"collection":[{"href":"https:\/\/allwintheme.com\/es\/wp-json\/wp\/v2\/product"}],"about":[{"href":"https:\/\/allwintheme.com\/es\/wp-json\/wp\/v2\/types\/product"}],"replies":[{"embeddable":true,"href":"https:\/\/allwintheme.com\/es\/wp-json\/wp\/v2\/comments?post=12263"}],"version-history":[{"count":6,"href":"https:\/\/allwintheme.com\/es\/wp-json\/wp\/v2\/product\/12263\/revisions"}],"predecessor-version":[{"id":12270,"href":"https:\/\/allwintheme.com\/es\/wp-json\/wp\/v2\/product\/12263\/revisions\/12270"}],"wp:featuredmedia":[{"embeddable":true,"href":"https:\/\/allwintheme.com\/es\/wp-json\/wp\/v2\/media\/12163"}],"wp:attachment":[{"href":"https:\/\/allwintheme.com\/es\/wp-json\/wp\/v2\/media?parent=12263"}],"wp:term":[{"taxonomy":"product_brand","embeddable":true,"href":"https:\/\/allwintheme.com\/es\/wp-json\/wp\/v2\/product_brand?post=12263"},{"taxonomy":"product_cat","embeddable":true,"href":"https:\/\/allwintheme.com\/es\/wp-json\/wp\/v2\/product_cat?post=12263"},{"taxonomy":"product_tag","embeddable":true,"href":"https:\/\/allwintheme.com\/es\/wp-json\/wp\/v2\/product_tag?post=12263"}],"curies":[{"name":"wp","href":"https:\/\/api.w.org\/{rel}","templated":true}]}}