{"id":12268,"date":"2025-11-02T10:51:31","date_gmt":"2025-11-02T10:51:31","guid":{"rendered":"https:\/\/allwintheme.com\/?post_type=product&#038;p=12268"},"modified":"2025-11-02T11:00:48","modified_gmt":"2025-11-02T11:00:48","slug":"addon-de-integracion-de-booknetic-con-google-calendar","status":"publish","type":"product","link":"https:\/\/allwintheme.com\/es\/producto\/addon-de-integracion-de-booknetic-con-google-calendar\/","title":{"rendered":"Complemento de integraci\u00f3n de Booknetic con Google Calendar"},"content":{"rendered":"<div data-elementor-type=\"wp-post\" data-elementor-id=\"12268\" class=\"elementor elementor-12268\" data-elementor-settings=\"{&quot;element_pack_global_tooltip_width&quot;:{&quot;unit&quot;:&quot;px&quot;,&quot;size&quot;:&quot;&quot;,&quot;sizes&quot;:[]},&quot;element_pack_global_tooltip_width_tablet&quot;:{&quot;unit&quot;:&quot;px&quot;,&quot;size&quot;:&quot;&quot;,&quot;sizes&quot;:[]},&quot;element_pack_global_tooltip_width_mobile&quot;:{&quot;unit&quot;:&quot;px&quot;,&quot;size&quot;:&quot;&quot;,&quot;sizes&quot;:[]},&quot;element_pack_global_tooltip_padding&quot;:{&quot;unit&quot;:&quot;px&quot;,&quot;top&quot;:&quot;&quot;,&quot;right&quot;:&quot;&quot;,&quot;bottom&quot;:&quot;&quot;,&quot;left&quot;:&quot;&quot;,&quot;isLinked&quot;:true},&quot;element_pack_global_tooltip_padding_tablet&quot;:{&quot;unit&quot;:&quot;px&quot;,&quot;top&quot;:&quot;&quot;,&quot;right&quot;:&quot;&quot;,&quot;bottom&quot;:&quot;&quot;,&quot;left&quot;:&quot;&quot;,&quot;isLinked&quot;:true},&quot;element_pack_global_tooltip_padding_mobile&quot;:{&quot;unit&quot;:&quot;px&quot;,&quot;top&quot;:&quot;&quot;,&quot;right&quot;:&quot;&quot;,&quot;bottom&quot;:&quot;&quot;,&quot;left&quot;:&quot;&quot;,&quot;isLinked&quot;:true},&quot;element_pack_global_tooltip_border_radius&quot;:{&quot;unit&quot;:&quot;px&quot;,&quot;top&quot;:&quot;&quot;,&quot;right&quot;:&quot;&quot;,&quot;bottom&quot;:&quot;&quot;,&quot;left&quot;:&quot;&quot;,&quot;isLinked&quot;:true},&quot;element_pack_global_tooltip_border_radius_tablet&quot;:{&quot;unit&quot;:&quot;px&quot;,&quot;top&quot;:&quot;&quot;,&quot;right&quot;:&quot;&quot;,&quot;bottom&quot;:&quot;&quot;,&quot;left&quot;:&quot;&quot;,&quot;isLinked&quot;:true},&quot;element_pack_global_tooltip_border_radius_mobile&quot;:{&quot;unit&quot;:&quot;px&quot;,&quot;top&quot;:&quot;&quot;,&quot;right&quot;:&quot;&quot;,&quot;bottom&quot;:&quot;&quot;,&quot;left&quot;:&quot;&quot;,&quot;isLinked&quot;:true}}\" data-elementor-post-type=\"product\">\n\t\t\t\t<div class=\"wd-negative-gap elementor-element elementor-element-39848b1 e-flex e-con-boxed e-con e-parent\" data-id=\"39848b1\" data-element_type=\"container\" data-e-type=\"container\">\n\t\t\t\t\t<div class=\"e-con-inner\">\n\t\t\t\t<div class=\"elementor-element elementor-element-919f328 elementor-widget elementor-widget-wd_text_block\" data-id=\"919f328\" data-element_type=\"widget\" data-e-type=\"widget\" data-widget_type=\"wd_text_block.default\">\n\t\t\t\t<div class=\"elementor-widget-container\">\n\t\t\t\t\t\t\t<div class=\"wd-text-block reset-last-child text-left\">\n\t\t\t\n\t\t\t<h2>Complemento de integraci\u00f3n de Booknetic con Google Calendar<\/h2><p>El complemento de integraci\u00f3n con Google Calendar de Booknetic ayuda a las empresas a mantener organizadas sus agendas sincronizando las citas directamente con Google Calendar. En lugar de gestionar manualmente las reservas, puede conectar su cuenta de Google y dejar que cada nueva reserva aparezca instant\u00e1neamente en su calendario. Como resultado, se reducen los errores de programaci\u00f3n y se evitan las reservas dobles.<\/p><p>Antes de utilizar este complemento, aseg\u00farese de que dispone de la aplicaci\u00f3n principal <a href=\"https:\/\/allwintheme.com\/es\/producto\/addon-de-formularios-personalizados-booknetic\/\">Plugin de reserva de citas Booknetic<\/a> instalado y activado. Una vez activado, puede conectar f\u00e1cilmente el Google Calendar de cada miembro del personal desde el panel de Booknetic. Esto garantiza que tanto los administradores como el personal reciban detalles precisos de las citas en tiempo real.<\/p><h3>Por qu\u00e9 es importante este addon<\/h3><p>La gesti\u00f3n de citas a trav\u00e9s de m\u00faltiples plataformas a menudo causa confusi\u00f3n. Sin embargo, con este complemento, tu equipo puede ver todas las reservas en su Google Calendar personal sin necesidad de iniciar sesi\u00f3n en WordPress. Adem\u00e1s, cualquier cambio, como cancelaciones o actualizaciones, se sincroniza al instante, lo que ayuda al personal a mantener el rumbo.<\/p><h3>Caracter\u00edsticas principales<\/h3><ul><li>Sincronizaci\u00f3n bidireccional entre Booknetic y Google Calendar<\/li><li>Actualizaciones autom\u00e1ticas de reservas nuevas, reprogramadas o canceladas<\/li><li>Conexi\u00f3n de calendario individual para cada miembro del personal<\/li><li>Evita las reservas dobles y los conflictos de horarios<\/li><li>Configuraci\u00f3n sencilla desde el panel de ajustes de Booknetic<\/li><\/ul><h3>Recursos \u00fatiles<\/h3><p>Si eres nuevo en Booknetic, consulta nuestra gu\u00eda sobre <a href=\"https:\/\/allwintheme.com\/es\/producto\/addon-booknetic-pasarela-de-pago-paypal\/\">c\u00f3mo utilizar el plugin Booknetic<\/a>. Adem\u00e1s, puede explorar m\u00e1s complementos y herramientas en nuestro <a href=\"https:\/\/allwintheme.com\/es\/producto\/gmaper-google-maps-para-elementor\/\">Colecci\u00f3n de temas de citas y reservas para WordPress<\/a> para crear un sistema de programaci\u00f3n completo para su empresa.<\/p><p>Al integrar Google Calendar con Booknetic, su empresa obtiene un flujo de trabajo m\u00e1s inteligente, una mejor gesti\u00f3n del tiempo y una experiencia de reserva perfecta tanto para el personal como para los clientes.<\/p>\n\t\t\t\t\t<\/div>\n\t\t\t\t\t\t<\/div>\n\t\t\t\t<\/div>\n\t\t\t\t\t<\/div>\n\t\t\t\t<\/div>\n\t\t<div class=\"wd-negative-gap elementor-element elementor-element-c24f867 e-flex e-con-boxed e-con e-parent\" data-id=\"c24f867\" data-element_type=\"container\" data-e-type=\"container\">\n\t\t\t\t\t<div class=\"e-con-inner\">\n\t\t\t\t<div class=\"elementor-element elementor-element-4ea68e2 elementor-widget elementor-widget-video\" data-id=\"4ea68e2\" data-element_type=\"widget\" data-e-type=\"widget\" data-settings=\"{&quot;youtube_url&quot;:&quot;https:\\\/\\\/youtu.be\\\/bGFndwvQG8w&quot;,&quot;video_type&quot;:&quot;youtube&quot;,&quot;controls&quot;:&quot;yes&quot;}\" data-widget_type=\"video.default\">\n\t\t\t\t\t\t\t<div class=\"elementor-wrapper elementor-open-inline\">\n\t\t\t<div class=\"elementor-video\"><\/div>\t\t<\/div>\n\t\t\t\t\t\t<\/div>\n\t\t\t\t\t<\/div>\n\t\t\t\t<\/div>\n\t\t\t\t<\/div>","protected":false},"excerpt":{"rendered":"<p>Booknetic Google Calendar Integration Addon The Booknetic Google Calendar Integration Addon helps businesses keep their schedules organized by syncing appointments<\/p>","protected":false},"featured_media":12162,"comment_status":"open","ping_status":"closed","template":"","meta":{"_acf_changed":false},"product_brand":[],"product_cat":[49],"product_tag":[],"class_list":{"0":"post-12268","1":"product","2":"type-product","3":"status-publish","4":"has-post-thumbnail","6":"product_cat-plugins","8":"first","9":"instock","10":"sale","11":"downloadable","12":"shipping-taxable","13":"purchasable","14":"product-type-simple"},"acf":[],"yoast_head":"<!-- This site is optimized with the Yoast SEO Premium plugin v25.6 (Yoast SEO v27.1.1) - https:\/\/yoast.com\/product\/yoast-seo-premium-wordpress\/ -->\n<title>Booknetic Google Calendar Integration Addon - AllWin Theme \u2013 Free WordPress Themes Download<\/title>\n<meta name=\"description\" content=\"Sync Booknetic appointments with Google Calendar in real time and avoid double bookings while keeping staff schedules organized.\" \/>\n<meta name=\"robots\" content=\"index, follow, max-snippet:-1, max-image-preview:large, max-video-preview:-1\" \/>\n<link rel=\"canonical\" href=\"https:\/\/allwintheme.com\/es\/producto\/addon-de-integracion-de-booknetic-con-google-calendar\/\" \/>\n<meta property=\"og:locale\" content=\"es_ES\" \/>\n<meta property=\"og:type\" content=\"article\" \/>\n<meta property=\"og:title\" content=\"Booknetic Google Calendar Integration Addon\" \/>\n<meta property=\"og:description\" content=\"Sync Booknetic appointments with Google Calendar in real time and avoid double bookings while keeping staff schedules organized.\" \/>\n<meta property=\"og:url\" content=\"https:\/\/allwintheme.com\/es\/producto\/addon-de-integracion-de-booknetic-con-google-calendar\/\" \/>\n<meta property=\"og:site_name\" content=\"AllWin Theme \u2013 Free WordPress Themes Download\" \/>\n<meta property=\"article:modified_time\" content=\"2025-11-02T11:00:48+00:00\" \/>\n<meta property=\"og:image\" content=\"https:\/\/allwintheme.com\/wp-content\/uploads\/2025\/11\/Booknetic-Google-Calendar-Integration-Addon.png\" \/>\n\t<meta property=\"og:image:width\" content=\"590\" \/>\n\t<meta property=\"og:image:height\" content=\"300\" \/>\n\t<meta property=\"og:image:type\" content=\"image\/png\" \/>\n<meta name=\"twitter:card\" content=\"summary_large_image\" \/>\n<meta name=\"twitter:label1\" content=\"Tiempo estimado de lectura\" \/>\n\t<meta name=\"twitter:data1\" content=\"2 minutos\" \/>\n<script type=\"application\/ld+json\" class=\"yoast-schema-graph\">{\"@context\":\"https:\/\/schema.org\",\"@graph\":[{\"@type\":\"WebPage\",\"@id\":\"https:\/\/allwintheme.com\/product\/booknetic-google-calendar-integration-addon\/\",\"url\":\"https:\/\/allwintheme.com\/product\/booknetic-google-calendar-integration-addon\/\",\"name\":\"Booknetic Google Calendar Integration Addon - AllWin Theme \u2013 Free WordPress Themes Download\",\"isPartOf\":{\"@id\":\"https:\/\/allwintheme.com\/#website\"},\"primaryImageOfPage\":{\"@id\":\"https:\/\/allwintheme.com\/product\/booknetic-google-calendar-integration-addon\/#primaryimage\"},\"image\":{\"@id\":\"https:\/\/allwintheme.com\/product\/booknetic-google-calendar-integration-addon\/#primaryimage\"},\"thumbnailUrl\":\"https:\/\/allwintheme.com\/wp-content\/uploads\/2025\/11\/Booknetic-Google-Calendar-Integration-Addon.png\",\"datePublished\":\"2025-11-02T10:51:31+00:00\",\"dateModified\":\"2025-11-02T11:00:48+00:00\",\"description\":\"Sync Booknetic appointments with Google Calendar in real time and avoid double bookings while keeping staff schedules organized.\",\"breadcrumb\":{\"@id\":\"https:\/\/allwintheme.com\/product\/booknetic-google-calendar-integration-addon\/#breadcrumb\"},\"inLanguage\":\"es-CL\",\"potentialAction\":[{\"@type\":\"ReadAction\",\"target\":[\"https:\/\/allwintheme.com\/product\/booknetic-google-calendar-integration-addon\/\"]}]},{\"@type\":\"ImageObject\",\"inLanguage\":\"es-CL\",\"@id\":\"https:\/\/allwintheme.com\/product\/booknetic-google-calendar-integration-addon\/#primaryimage\",\"url\":\"https:\/\/allwintheme.com\/wp-content\/uploads\/2025\/11\/Booknetic-Google-Calendar-Integration-Addon.png\",\"contentUrl\":\"https:\/\/allwintheme.com\/wp-content\/uploads\/2025\/11\/Booknetic-Google-Calendar-Integration-Addon.png\",\"width\":590,\"height\":300,\"caption\":\"Booknetic Google Calendar Integration Addon\"},{\"@type\":\"BreadcrumbList\",\"@id\":\"https:\/\/allwintheme.com\/product\/booknetic-google-calendar-integration-addon\/#breadcrumb\",\"itemListElement\":[{\"@type\":\"ListItem\",\"position\":1,\"name\":\"Home\",\"item\":\"https:\/\/allwintheme.com\/\"},{\"@type\":\"ListItem\",\"position\":2,\"name\":\"Shop\",\"item\":\"https:\/\/allwintheme.com\/shop\/\"},{\"@type\":\"ListItem\",\"position\":3,\"name\":\"Booknetic Google Calendar Integration Addon\"}]},{\"@type\":\"WebSite\",\"@id\":\"https:\/\/allwintheme.com\/#website\",\"url\":\"https:\/\/allwintheme.com\/\",\"name\":\"Allwintheme\",\"description\":\"Download free WordPress themes for every niche. Blogs, business, eCommerce, portfolio, restaurant and more. All themes are GPL licensed and mobile-ready.\",\"potentialAction\":[{\"@type\":\"SearchAction\",\"target\":{\"@type\":\"EntryPoint\",\"urlTemplate\":\"https:\/\/allwintheme.com\/?s={search_term_string}\"},\"query-input\":{\"@type\":\"PropertyValueSpecification\",\"valueRequired\":true,\"valueName\":\"search_term_string\"}}],\"inLanguage\":\"es-CL\"}]}<\/script>\n<!-- \/ Yoast SEO Premium plugin. -->","yoast_head_json":{"title":"Booknetic Google Calendar Integration Addon - AllWin Theme - Free WordPress Themes Download","description":"Sincronice las citas de Booknetic con Google Calendar en tiempo real y evite las reservas dobles mientras mantiene organizados los horarios del personal.","robots":{"index":"index","follow":"follow","max-snippet":"max-snippet:-1","max-image-preview":"max-image-preview:large","max-video-preview":"max-video-preview:-1"},"canonical":"https:\/\/allwintheme.com\/es\/producto\/addon-de-integracion-de-booknetic-con-google-calendar\/","og_locale":"es_ES","og_type":"article","og_title":"Booknetic Google Calendar Integration Addon","og_description":"Sync Booknetic appointments with Google Calendar in real time and avoid double bookings while keeping staff schedules organized.","og_url":"https:\/\/allwintheme.com\/es\/producto\/addon-de-integracion-de-booknetic-con-google-calendar\/","og_site_name":"AllWin Theme \u2013 Free WordPress Themes Download","article_modified_time":"2025-11-02T11:00:48+00:00","og_image":[{"width":590,"height":300,"url":"https:\/\/allwintheme.com\/wp-content\/uploads\/2025\/11\/Booknetic-Google-Calendar-Integration-Addon.png","type":"image\/png"}],"twitter_card":"summary_large_image","twitter_misc":{"Tiempo estimado de lectura":"2 minutos"},"schema":{"@context":"https:\/\/schema.org","@graph":[{"@type":"WebPage","@id":"https:\/\/allwintheme.com\/product\/booknetic-google-calendar-integration-addon\/","url":"https:\/\/allwintheme.com\/product\/booknetic-google-calendar-integration-addon\/","name":"Booknetic Google Calendar Integration Addon - AllWin Theme - Free WordPress Themes Download","isPartOf":{"@id":"https:\/\/allwintheme.com\/#website"},"primaryImageOfPage":{"@id":"https:\/\/allwintheme.com\/product\/booknetic-google-calendar-integration-addon\/#primaryimage"},"image":{"@id":"https:\/\/allwintheme.com\/product\/booknetic-google-calendar-integration-addon\/#primaryimage"},"thumbnailUrl":"https:\/\/allwintheme.com\/wp-content\/uploads\/2025\/11\/Booknetic-Google-Calendar-Integration-Addon.png","datePublished":"2025-11-02T10:51:31+00:00","dateModified":"2025-11-02T11:00:48+00:00","description":"Sincronice las citas de Booknetic con Google Calendar en tiempo real y evite las reservas dobles mientras mantiene organizados los horarios del personal.","breadcrumb":{"@id":"https:\/\/allwintheme.com\/product\/booknetic-google-calendar-integration-addon\/#breadcrumb"},"inLanguage":"es-CL","potentialAction":[{"@type":"ReadAction","target":["https:\/\/allwintheme.com\/product\/booknetic-google-calendar-integration-addon\/"]}]},{"@type":"ImageObject","inLanguage":"es-CL","@id":"https:\/\/allwintheme.com\/product\/booknetic-google-calendar-integration-addon\/#primaryimage","url":"https:\/\/allwintheme.com\/wp-content\/uploads\/2025\/11\/Booknetic-Google-Calendar-Integration-Addon.png","contentUrl":"https:\/\/allwintheme.com\/wp-content\/uploads\/2025\/11\/Booknetic-Google-Calendar-Integration-Addon.png","width":590,"height":300,"caption":"Booknetic Google Calendar Integration Addon"},{"@type":"BreadcrumbList","@id":"https:\/\/allwintheme.com\/product\/booknetic-google-calendar-integration-addon\/#breadcrumb","itemListElement":[{"@type":"ListItem","position":1,"name":"Home","item":"https:\/\/allwintheme.com\/"},{"@type":"ListItem","position":2,"name":"Shop","item":"https:\/\/allwintheme.com\/shop\/"},{"@type":"ListItem","position":3,"name":"Booknetic Google Calendar Integration Addon"}]},{"@type":"WebSite","@id":"https:\/\/allwintheme.com\/#website","url":"https:\/\/allwintheme.com\/","name":"Allwintheme","description":"Descarga gratis temas de WordPress para todos los nichos. Blogs, negocios, comercio electr\u00f3nico, portafolio, restaurante y m\u00e1s. Todos los temas tienen licencia GPL y est\u00e1n preparados para dispositivos m\u00f3viles.","potentialAction":[{"@type":"SearchAction","target":{"@type":"EntryPoint","urlTemplate":"https:\/\/allwintheme.com\/?s={search_term_string}"},"query-input":{"@type":"PropertyValueSpecification","valueRequired":true,"valueName":"search_term_string"}}],"inLanguage":"es-CL"}]}},"_links":{"self":[{"href":"https:\/\/allwintheme.com\/es\/wp-json\/wp\/v2\/product\/12268","targetHints":{"allow":["GET"]}}],"collection":[{"href":"https:\/\/allwintheme.com\/es\/wp-json\/wp\/v2\/product"}],"about":[{"href":"https:\/\/allwintheme.com\/es\/wp-json\/wp\/v2\/types\/product"}],"replies":[{"embeddable":true,"href":"https:\/\/allwintheme.com\/es\/wp-json\/wp\/v2\/comments?post=12268"}],"version-history":[{"count":5,"href":"https:\/\/allwintheme.com\/es\/wp-json\/wp\/v2\/product\/12268\/revisions"}],"predecessor-version":[{"id":12275,"href":"https:\/\/allwintheme.com\/es\/wp-json\/wp\/v2\/product\/12268\/revisions\/12275"}],"wp:featuredmedia":[{"embeddable":true,"href":"https:\/\/allwintheme.com\/es\/wp-json\/wp\/v2\/media\/12162"}],"wp:attachment":[{"href":"https:\/\/allwintheme.com\/es\/wp-json\/wp\/v2\/media?parent=12268"}],"wp:term":[{"taxonomy":"product_brand","embeddable":true,"href":"https:\/\/allwintheme.com\/es\/wp-json\/wp\/v2\/product_brand?post=12268"},{"taxonomy":"product_cat","embeddable":true,"href":"https:\/\/allwintheme.com\/es\/wp-json\/wp\/v2\/product_cat?post=12268"},{"taxonomy":"product_tag","embeddable":true,"href":"https:\/\/allwintheme.com\/es\/wp-json\/wp\/v2\/product_tag?post=12268"}],"curies":[{"name":"wp","href":"https:\/\/api.w.org\/{rel}","templated":true}]}}