{"id":12282,"date":"2025-11-02T11:28:20","date_gmt":"2025-11-02T11:28:20","guid":{"rendered":"https:\/\/allwintheme.com\/?post_type=product&#038;p=12282"},"modified":"2025-11-02T11:39:37","modified_gmt":"2025-11-02T11:39:37","slug":"wordpress-automatico","status":"publish","type":"product","link":"https:\/\/allwintheme.com\/es\/producto\/wordpress-automatico\/","title":{"rendered":"WordPress autom\u00e1tico"},"content":{"rendered":"<div data-elementor-type=\"wp-post\" data-elementor-id=\"12282\" class=\"elementor elementor-12282\" data-elementor-settings=\"{&quot;element_pack_global_tooltip_width&quot;:{&quot;unit&quot;:&quot;px&quot;,&quot;size&quot;:&quot;&quot;,&quot;sizes&quot;:[]},&quot;element_pack_global_tooltip_width_tablet&quot;:{&quot;unit&quot;:&quot;px&quot;,&quot;size&quot;:&quot;&quot;,&quot;sizes&quot;:[]},&quot;element_pack_global_tooltip_width_mobile&quot;:{&quot;unit&quot;:&quot;px&quot;,&quot;size&quot;:&quot;&quot;,&quot;sizes&quot;:[]},&quot;element_pack_global_tooltip_padding&quot;:{&quot;unit&quot;:&quot;px&quot;,&quot;top&quot;:&quot;&quot;,&quot;right&quot;:&quot;&quot;,&quot;bottom&quot;:&quot;&quot;,&quot;left&quot;:&quot;&quot;,&quot;isLinked&quot;:true},&quot;element_pack_global_tooltip_padding_tablet&quot;:{&quot;unit&quot;:&quot;px&quot;,&quot;top&quot;:&quot;&quot;,&quot;right&quot;:&quot;&quot;,&quot;bottom&quot;:&quot;&quot;,&quot;left&quot;:&quot;&quot;,&quot;isLinked&quot;:true},&quot;element_pack_global_tooltip_padding_mobile&quot;:{&quot;unit&quot;:&quot;px&quot;,&quot;top&quot;:&quot;&quot;,&quot;right&quot;:&quot;&quot;,&quot;bottom&quot;:&quot;&quot;,&quot;left&quot;:&quot;&quot;,&quot;isLinked&quot;:true},&quot;element_pack_global_tooltip_border_radius&quot;:{&quot;unit&quot;:&quot;px&quot;,&quot;top&quot;:&quot;&quot;,&quot;right&quot;:&quot;&quot;,&quot;bottom&quot;:&quot;&quot;,&quot;left&quot;:&quot;&quot;,&quot;isLinked&quot;:true},&quot;element_pack_global_tooltip_border_radius_tablet&quot;:{&quot;unit&quot;:&quot;px&quot;,&quot;top&quot;:&quot;&quot;,&quot;right&quot;:&quot;&quot;,&quot;bottom&quot;:&quot;&quot;,&quot;left&quot;:&quot;&quot;,&quot;isLinked&quot;:true},&quot;element_pack_global_tooltip_border_radius_mobile&quot;:{&quot;unit&quot;:&quot;px&quot;,&quot;top&quot;:&quot;&quot;,&quot;right&quot;:&quot;&quot;,&quot;bottom&quot;:&quot;&quot;,&quot;left&quot;:&quot;&quot;,&quot;isLinked&quot;:true}}\" data-elementor-post-type=\"product\">\n\t\t\t\t<div class=\"wd-negative-gap elementor-element elementor-element-39848b1 e-flex e-con-boxed e-con e-parent\" data-id=\"39848b1\" data-element_type=\"container\" data-e-type=\"container\">\n\t\t\t\t\t<div class=\"e-con-inner\">\n\t\t\t\t<div class=\"elementor-element elementor-element-919f328 elementor-widget elementor-widget-wd_text_block\" data-id=\"919f328\" data-element_type=\"widget\" data-e-type=\"widget\" data-widget_type=\"wd_text_block.default\">\n\t\t\t\t<div class=\"elementor-widget-container\">\n\t\t\t\t\t\t\t<div class=\"wd-text-block reset-last-child text-left\">\n\t\t\t\n\t\t\t<h2>Plugin autom\u00e1tico de WordPress<\/h2><p>El plugin WordPress Automatic le ayuda a publicar autom\u00e1ticamente contenidos de fuentes externas, como fuentes RSS, canales de YouTube, productos de Amazon y sitios web populares. En lugar de copiar y publicar art\u00edculos manualmente, este plugin extrae contenido fresco y lo publica en su sitio de WordPress en funci\u00f3n de su programaci\u00f3n y reglas.<\/p><p>Si no conoce las herramientas de automatizaci\u00f3n, puede consultar primero nuestra gu\u00eda sobre <a href=\"https:\/\/allwintheme.com\/es\/categoria-producto\/plugins\/\">c\u00f3mo utilizar eficazmente los plugins de WordPress<\/a>. Para los usuarios que se centran en ganar a trav\u00e9s de blogs o sitios web de nicho, esta herramienta funciona perfectamente con temas de nuestro <a href=\"https:\/\/allwintheme.com\/es\/categoria-producto\/temas\/\">Colecci\u00f3n de temas de afiliados de WordPress<\/a>.<\/p><h3>Qu\u00e9 puede hacer con WordPress autom\u00e1tico<\/h3><ul><li>Importe art\u00edculos completos de fuentes RSS y publ\u00edquelos autom\u00e1ticamente<\/li><li>Obtenci\u00f3n de contenidos de YouTube, Vimeo, TikTok y cuentas de redes sociales<\/li><li>Auto-generar Amazon afiliado producto mensajes con precios e im\u00e1genes<\/li><li>Publicar art\u00edculos de sitios web como Medium u otros blogs<\/li><li>Traducir el contenido importado mediante Google Translate o Deepl<\/li><\/ul><h3>Por qu\u00e9 le ahorra tiempo<\/h3><p>Muchos blogueros y profesionales del marketing pasan horas buscando contenidos. Con WordPress Autom\u00e1tico, puedes establecer reglas, elegir fuentes y dejar que el plugin se encargue del resto. Adem\u00e1s, puedes combinarlo con un tema de carga r\u00e1pida de nuestra gama <a href=\"https:\/\/allwintheme.com\/es\/?s=kadence&amp;post_type=product\">Secci\u00f3n Temas WordPress r\u00e1pidos<\/a> para mejorar el rendimiento del sitio y el SEO.<\/p><h3>Recursos \u00fatiles en Allwintheme.com<\/h3><p>Para sacar el m\u00e1ximo partido a este plugin, le recomendamos que consulte estos recursos relacionados:<\/p><ul><li><a href=\"https:\/\/allwintheme.com\/es\/producto\/aihub-ai-powered-startup-technology-wordpress-theme\/\">Las mejores herramientas de IA y autocontenido para WordPress<\/a><\/li><li><a href=\"https:\/\/allwintheme.com\/es\/producto\/colornews-pro\/\">C\u00f3mo ganar dinero con los blogs de WordPress<\/a><\/li><li><a href=\"https:\/\/allwintheme.com\/es\/producto\/seowp-agencia-de-marketing-digital-y-seo-tema-wordpress\/\">Consejos SEO para WordPress<\/a><\/li><\/ul><p>Con WordPress Autom\u00e1tico, puede convertir su sitio en una plataforma de actualizaci\u00f3n constante sin tener que escribir manualmente cada entrada. Esto lo convierte en una gran soluci\u00f3n para sitios web de noticias, blogs de afiliados, creadores de contenido nicho y cualquiera que desee un flujo constante de contenido fresco.<\/p>\n\t\t\t\t\t<\/div>\n\t\t\t\t\t\t<\/div>\n\t\t\t\t<\/div>\n\t\t\t\t\t<\/div>\n\t\t\t\t<\/div>\n\t\t<div class=\"wd-negative-gap elementor-element elementor-element-c24f867 e-flex e-con-boxed e-con e-parent\" data-id=\"c24f867\" data-element_type=\"container\" data-e-type=\"container\">\n\t\t\t\t\t<div class=\"e-con-inner\">\n\t\t\t\t<div class=\"elementor-element elementor-element-4ea68e2 elementor-widget elementor-widget-video\" data-id=\"4ea68e2\" data-element_type=\"widget\" data-e-type=\"widget\" data-settings=\"{&quot;youtube_url&quot;:&quot;https:\\\/\\\/youtu.be\\\/onEhBj9Mw4w&quot;,&quot;video_type&quot;:&quot;youtube&quot;,&quot;controls&quot;:&quot;yes&quot;}\" data-widget_type=\"video.default\">\n\t\t\t\t\t\t\t<div class=\"elementor-wrapper elementor-open-inline\">\n\t\t\t<div class=\"elementor-video\"><\/div>\t\t<\/div>\n\t\t\t\t\t\t<\/div>\n\t\t\t\t\t<\/div>\n\t\t\t\t<\/div>\n\t\t\t\t<\/div>","protected":false},"excerpt":{"rendered":"<p>WordPress Automatic Plugin The WordPress Automatic plugin helps you automatically publish content from external sources such as RSS feeds, YouTube<\/p>","protected":false},"featured_media":12288,"comment_status":"open","ping_status":"closed","template":"","meta":{"_acf_changed":false},"product_brand":[],"product_cat":[49],"product_tag":[],"class_list":{"0":"post-12282","1":"product","2":"type-product","3":"status-publish","4":"has-post-thumbnail","6":"product_cat-plugins","8":"first","9":"instock","10":"sale","11":"downloadable","12":"shipping-taxable","13":"purchasable","14":"product-type-simple"},"acf":[],"yoast_head":"<!-- This site is optimized with the Yoast SEO Premium plugin v25.6 (Yoast SEO v27.1.1) - https:\/\/yoast.com\/product\/yoast-seo-premium-wordpress\/ -->\n<title>WordPress Automatic - AllWin Theme \u2013 Free WordPress Themes Download<\/title>\n<meta name=\"description\" content=\"WordPress Automatic auto-publishes content from RSS feeds, blogs, YouTube, and more\u2014perfect for news sites, niche blogs, and affiliate marketers.\" \/>\n<meta name=\"robots\" content=\"index, follow, max-snippet:-1, max-image-preview:large, max-video-preview:-1\" \/>\n<link rel=\"canonical\" href=\"https:\/\/allwintheme.com\/es\/producto\/wordpress-automatico\/\" \/>\n<meta property=\"og:locale\" content=\"es_ES\" \/>\n<meta property=\"og:type\" content=\"article\" \/>\n<meta property=\"og:title\" content=\"WordPress Automatic\" \/>\n<meta property=\"og:description\" content=\"WordPress Automatic auto-publishes content from RSS feeds, blogs, YouTube, and more\u2014perfect for news sites, niche blogs, and affiliate marketers.\" \/>\n<meta property=\"og:url\" content=\"https:\/\/allwintheme.com\/es\/producto\/wordpress-automatico\/\" \/>\n<meta property=\"og:site_name\" content=\"AllWin Theme \u2013 Free WordPress Themes Download\" \/>\n<meta property=\"article:modified_time\" content=\"2025-11-02T11:39:37+00:00\" \/>\n<meta property=\"og:image\" content=\"https:\/\/allwintheme.com\/wp-content\/uploads\/2025\/11\/WordPress-Automatic.png\" \/>\n\t<meta property=\"og:image:width\" content=\"590\" \/>\n\t<meta property=\"og:image:height\" content=\"300\" \/>\n\t<meta property=\"og:image:type\" content=\"image\/png\" \/>\n<meta name=\"twitter:card\" content=\"summary_large_image\" \/>\n<meta name=\"twitter:label1\" content=\"Tiempo estimado de lectura\" \/>\n\t<meta name=\"twitter:data1\" content=\"2 minutos\" \/>\n<script type=\"application\/ld+json\" class=\"yoast-schema-graph\">{\"@context\":\"https:\/\/schema.org\",\"@graph\":[{\"@type\":\"WebPage\",\"@id\":\"https:\/\/allwintheme.com\/product\/wordpress-automatic\/\",\"url\":\"https:\/\/allwintheme.com\/product\/wordpress-automatic\/\",\"name\":\"WordPress Automatic - AllWin Theme \u2013 Free WordPress Themes Download\",\"isPartOf\":{\"@id\":\"https:\/\/allwintheme.com\/#website\"},\"primaryImageOfPage\":{\"@id\":\"https:\/\/allwintheme.com\/product\/wordpress-automatic\/#primaryimage\"},\"image\":{\"@id\":\"https:\/\/allwintheme.com\/product\/wordpress-automatic\/#primaryimage\"},\"thumbnailUrl\":\"https:\/\/allwintheme.com\/wp-content\/uploads\/2025\/11\/WordPress-Automatic.png\",\"datePublished\":\"2025-11-02T11:28:20+00:00\",\"dateModified\":\"2025-11-02T11:39:37+00:00\",\"description\":\"WordPress Automatic auto-publishes content from RSS feeds, blogs, YouTube, and more\u2014perfect for news sites, niche blogs, and affiliate marketers.\",\"breadcrumb\":{\"@id\":\"https:\/\/allwintheme.com\/product\/wordpress-automatic\/#breadcrumb\"},\"inLanguage\":\"es-CL\",\"potentialAction\":[{\"@type\":\"ReadAction\",\"target\":[\"https:\/\/allwintheme.com\/product\/wordpress-automatic\/\"]}]},{\"@type\":\"ImageObject\",\"inLanguage\":\"es-CL\",\"@id\":\"https:\/\/allwintheme.com\/product\/wordpress-automatic\/#primaryimage\",\"url\":\"https:\/\/allwintheme.com\/wp-content\/uploads\/2025\/11\/WordPress-Automatic.png\",\"contentUrl\":\"https:\/\/allwintheme.com\/wp-content\/uploads\/2025\/11\/WordPress-Automatic.png\",\"width\":590,\"height\":300,\"caption\":\"WordPress Automatic\"},{\"@type\":\"BreadcrumbList\",\"@id\":\"https:\/\/allwintheme.com\/product\/wordpress-automatic\/#breadcrumb\",\"itemListElement\":[{\"@type\":\"ListItem\",\"position\":1,\"name\":\"Home\",\"item\":\"https:\/\/allwintheme.com\/\"},{\"@type\":\"ListItem\",\"position\":2,\"name\":\"Shop\",\"item\":\"https:\/\/allwintheme.com\/shop\/\"},{\"@type\":\"ListItem\",\"position\":3,\"name\":\"WordPress Automatic\"}]},{\"@type\":\"WebSite\",\"@id\":\"https:\/\/allwintheme.com\/#website\",\"url\":\"https:\/\/allwintheme.com\/\",\"name\":\"Allwintheme\",\"description\":\"Download free WordPress themes for every niche. Blogs, business, eCommerce, portfolio, restaurant and more. All themes are GPL licensed and mobile-ready.\",\"potentialAction\":[{\"@type\":\"SearchAction\",\"target\":{\"@type\":\"EntryPoint\",\"urlTemplate\":\"https:\/\/allwintheme.com\/?s={search_term_string}\"},\"query-input\":{\"@type\":\"PropertyValueSpecification\",\"valueRequired\":true,\"valueName\":\"search_term_string\"}}],\"inLanguage\":\"es-CL\"}]}<\/script>\n<!-- \/ Yoast SEO Premium plugin. -->","yoast_head_json":{"title":"WordPress Automatic - AllWin Theme \u2013 Free WordPress Themes Download","description":"WordPress Autom\u00e1tico auto-publica contenido desde RSS, blogs, YouTube y m\u00e1s-perfecto para sitios de noticias, blogs de nicho y vendedores afiliados.","robots":{"index":"index","follow":"follow","max-snippet":"max-snippet:-1","max-image-preview":"max-image-preview:large","max-video-preview":"max-video-preview:-1"},"canonical":"https:\/\/allwintheme.com\/es\/producto\/wordpress-automatico\/","og_locale":"es_ES","og_type":"article","og_title":"WordPress Automatic","og_description":"WordPress Automatic auto-publishes content from RSS feeds, blogs, YouTube, and more\u2014perfect for news sites, niche blogs, and affiliate marketers.","og_url":"https:\/\/allwintheme.com\/es\/producto\/wordpress-automatico\/","og_site_name":"AllWin Theme \u2013 Free WordPress Themes Download","article_modified_time":"2025-11-02T11:39:37+00:00","og_image":[{"width":590,"height":300,"url":"https:\/\/allwintheme.com\/wp-content\/uploads\/2025\/11\/WordPress-Automatic.png","type":"image\/png"}],"twitter_card":"summary_large_image","twitter_misc":{"Tiempo estimado de lectura":"2 minutos"},"schema":{"@context":"https:\/\/schema.org","@graph":[{"@type":"WebPage","@id":"https:\/\/allwintheme.com\/product\/wordpress-automatic\/","url":"https:\/\/allwintheme.com\/product\/wordpress-automatic\/","name":"WordPress Automatic - AllWin Theme \u2013 Free WordPress Themes Download","isPartOf":{"@id":"https:\/\/allwintheme.com\/#website"},"primaryImageOfPage":{"@id":"https:\/\/allwintheme.com\/product\/wordpress-automatic\/#primaryimage"},"image":{"@id":"https:\/\/allwintheme.com\/product\/wordpress-automatic\/#primaryimage"},"thumbnailUrl":"https:\/\/allwintheme.com\/wp-content\/uploads\/2025\/11\/WordPress-Automatic.png","datePublished":"2025-11-02T11:28:20+00:00","dateModified":"2025-11-02T11:39:37+00:00","description":"WordPress Autom\u00e1tico auto-publica contenido desde RSS, blogs, YouTube y m\u00e1s-perfecto para sitios de noticias, blogs de nicho y vendedores afiliados.","breadcrumb":{"@id":"https:\/\/allwintheme.com\/product\/wordpress-automatic\/#breadcrumb"},"inLanguage":"es-CL","potentialAction":[{"@type":"ReadAction","target":["https:\/\/allwintheme.com\/product\/wordpress-automatic\/"]}]},{"@type":"ImageObject","inLanguage":"es-CL","@id":"https:\/\/allwintheme.com\/product\/wordpress-automatic\/#primaryimage","url":"https:\/\/allwintheme.com\/wp-content\/uploads\/2025\/11\/WordPress-Automatic.png","contentUrl":"https:\/\/allwintheme.com\/wp-content\/uploads\/2025\/11\/WordPress-Automatic.png","width":590,"height":300,"caption":"WordPress Automatic"},{"@type":"BreadcrumbList","@id":"https:\/\/allwintheme.com\/product\/wordpress-automatic\/#breadcrumb","itemListElement":[{"@type":"ListItem","position":1,"name":"Home","item":"https:\/\/allwintheme.com\/"},{"@type":"ListItem","position":2,"name":"Shop","item":"https:\/\/allwintheme.com\/shop\/"},{"@type":"ListItem","position":3,"name":"WordPress Automatic"}]},{"@type":"WebSite","@id":"https:\/\/allwintheme.com\/#website","url":"https:\/\/allwintheme.com\/","name":"Allwintheme","description":"Descarga gratis temas de WordPress para todos los nichos. Blogs, negocios, comercio electr\u00f3nico, portafolio, restaurante y m\u00e1s. Todos los temas tienen licencia GPL y est\u00e1n preparados para dispositivos m\u00f3viles.","potentialAction":[{"@type":"SearchAction","target":{"@type":"EntryPoint","urlTemplate":"https:\/\/allwintheme.com\/?s={search_term_string}"},"query-input":{"@type":"PropertyValueSpecification","valueRequired":true,"valueName":"search_term_string"}}],"inLanguage":"es-CL"}]}},"_links":{"self":[{"href":"https:\/\/allwintheme.com\/es\/wp-json\/wp\/v2\/product\/12282","targetHints":{"allow":["GET"]}}],"collection":[{"href":"https:\/\/allwintheme.com\/es\/wp-json\/wp\/v2\/product"}],"about":[{"href":"https:\/\/allwintheme.com\/es\/wp-json\/wp\/v2\/types\/product"}],"replies":[{"embeddable":true,"href":"https:\/\/allwintheme.com\/es\/wp-json\/wp\/v2\/comments?post=12282"}],"version-history":[{"count":5,"href":"https:\/\/allwintheme.com\/es\/wp-json\/wp\/v2\/product\/12282\/revisions"}],"predecessor-version":[{"id":12287,"href":"https:\/\/allwintheme.com\/es\/wp-json\/wp\/v2\/product\/12282\/revisions\/12287"}],"wp:featuredmedia":[{"embeddable":true,"href":"https:\/\/allwintheme.com\/es\/wp-json\/wp\/v2\/media\/12288"}],"wp:attachment":[{"href":"https:\/\/allwintheme.com\/es\/wp-json\/wp\/v2\/media?parent=12282"}],"wp:term":[{"taxonomy":"product_brand","embeddable":true,"href":"https:\/\/allwintheme.com\/es\/wp-json\/wp\/v2\/product_brand?post=12282"},{"taxonomy":"product_cat","embeddable":true,"href":"https:\/\/allwintheme.com\/es\/wp-json\/wp\/v2\/product_cat?post=12282"},{"taxonomy":"product_tag","embeddable":true,"href":"https:\/\/allwintheme.com\/es\/wp-json\/wp\/v2\/product_tag?post=12282"}],"curies":[{"name":"wp","href":"https:\/\/api.w.org\/{rel}","templated":true}]}}