{"id":12289,"date":"2025-11-03T13:09:53","date_gmt":"2025-11-03T13:09:53","guid":{"rendered":"https:\/\/allwintheme.com\/?post_type=product&#038;p=12289"},"modified":"2025-11-03T13:35:36","modified_gmt":"2025-11-03T13:35:36","slug":"blog-wordpress-a-pdf","status":"publish","type":"product","link":"https:\/\/allwintheme.com\/es\/producto\/blog-wordpress-a-pdf\/","title":{"rendered":"Blog de WordPress a PDF"},"content":{"rendered":"<div data-elementor-type=\"wp-post\" data-elementor-id=\"12289\" class=\"elementor elementor-12289\" data-elementor-settings=\"{&quot;element_pack_global_tooltip_width&quot;:{&quot;unit&quot;:&quot;px&quot;,&quot;size&quot;:&quot;&quot;,&quot;sizes&quot;:[]},&quot;element_pack_global_tooltip_width_tablet&quot;:{&quot;unit&quot;:&quot;px&quot;,&quot;size&quot;:&quot;&quot;,&quot;sizes&quot;:[]},&quot;element_pack_global_tooltip_width_mobile&quot;:{&quot;unit&quot;:&quot;px&quot;,&quot;size&quot;:&quot;&quot;,&quot;sizes&quot;:[]},&quot;element_pack_global_tooltip_padding&quot;:{&quot;unit&quot;:&quot;px&quot;,&quot;top&quot;:&quot;&quot;,&quot;right&quot;:&quot;&quot;,&quot;bottom&quot;:&quot;&quot;,&quot;left&quot;:&quot;&quot;,&quot;isLinked&quot;:true},&quot;element_pack_global_tooltip_padding_tablet&quot;:{&quot;unit&quot;:&quot;px&quot;,&quot;top&quot;:&quot;&quot;,&quot;right&quot;:&quot;&quot;,&quot;bottom&quot;:&quot;&quot;,&quot;left&quot;:&quot;&quot;,&quot;isLinked&quot;:true},&quot;element_pack_global_tooltip_padding_mobile&quot;:{&quot;unit&quot;:&quot;px&quot;,&quot;top&quot;:&quot;&quot;,&quot;right&quot;:&quot;&quot;,&quot;bottom&quot;:&quot;&quot;,&quot;left&quot;:&quot;&quot;,&quot;isLinked&quot;:true},&quot;element_pack_global_tooltip_border_radius&quot;:{&quot;unit&quot;:&quot;px&quot;,&quot;top&quot;:&quot;&quot;,&quot;right&quot;:&quot;&quot;,&quot;bottom&quot;:&quot;&quot;,&quot;left&quot;:&quot;&quot;,&quot;isLinked&quot;:true},&quot;element_pack_global_tooltip_border_radius_tablet&quot;:{&quot;unit&quot;:&quot;px&quot;,&quot;top&quot;:&quot;&quot;,&quot;right&quot;:&quot;&quot;,&quot;bottom&quot;:&quot;&quot;,&quot;left&quot;:&quot;&quot;,&quot;isLinked&quot;:true},&quot;element_pack_global_tooltip_border_radius_mobile&quot;:{&quot;unit&quot;:&quot;px&quot;,&quot;top&quot;:&quot;&quot;,&quot;right&quot;:&quot;&quot;,&quot;bottom&quot;:&quot;&quot;,&quot;left&quot;:&quot;&quot;,&quot;isLinked&quot;:true}}\" data-elementor-post-type=\"product\">\n\t\t\t\t<div class=\"wd-negative-gap elementor-element elementor-element-39848b1 e-flex e-con-boxed e-con e-parent\" data-id=\"39848b1\" data-element_type=\"container\" data-e-type=\"container\">\n\t\t\t\t\t<div class=\"e-con-inner\">\n\t\t\t\t<div class=\"elementor-element elementor-element-919f328 elementor-widget elementor-widget-wd_text_block\" data-id=\"919f328\" data-element_type=\"widget\" data-e-type=\"widget\" data-widget_type=\"wd_text_block.default\">\n\t\t\t\t<div class=\"elementor-widget-container\">\n\t\t\t\t\t\t\t<div class=\"wd-text-block reset-last-child text-left\">\n\t\t\t\n\t\t\t<h2>WordPress Blog to PDF - Herramienta para exportar entradas f\u00e1cilmente<\/h2>\nLa funci\u00f3n Blog to PDF de WordPress permite convertir cualquier entrada o art\u00edculo del blog en un archivo PDF descargable. Esto es especialmente \u00fatil para sitios web que publican tutoriales, gu\u00edas, recetas o contenido de formato largo. Los visitantes pueden guardar sus art\u00edculos para leerlos sin conexi\u00f3n o imprimirlos como documentos profesionales.\n<h3>Por qu\u00e9 deber\u00eda a\u00f1adir la exportaci\u00f3n a PDF<\/h3>\nMuchos lectores prefieren conservar contenidos \u00fatiles en sus dispositivos. Por lo tanto, ofrecer la descarga de un PDF aumenta la participaci\u00f3n del usuario y mejora la accesibilidad del contenido. Adem\u00e1s, ayuda a los blogueros a construir listas de correo electr\u00f3nico ofreciendo versiones en PDF como imanes de leads.\n<h3>C\u00f3mo funciona<\/h3>\nPuede utilizar plugins espec\u00edficos para activar esta funci\u00f3n en su sitio web. Por ejemplo, plugins como <strong>Imprimir y PDF<\/strong> o <strong>Generador WP PDF<\/strong> A\u00f1ade un bot\u00f3n \"Descargar como PDF\" a cada entrada del blog. Tras hacer clic, el sistema convierte instant\u00e1neamente el contenido en un archivo PDF limpio que conserva el formato, las im\u00e1genes y los enlaces.\n\nSi utiliza Bookly u otros sistemas de citas, puede consultar consejos de personalizaci\u00f3n relacionados en\n<a href=\"https:\/\/allwintheme.com\/es\/\">allwintheme.com<\/a>.\nMientras tanto, para plugins avanzados, temas premium y herramientas profesionales de WordPress, visite\n<a href=\"https:\/\/www.wpkvip.com\/\">wpkvip.com<\/a>.\n<h3>Recursos recomendados<\/h3>\n<ul>\n \t<li>\u00bfNecesita una plantilla moderna para un blog o una revista? Explora nuestra\n<a href=\"https:\/\/allwintheme.com\/es\/producto\/brainblog-para-divi\/\">Colecci\u00f3n de temas para blogs de WordPress<\/a>.<\/li>\n \t<li>Buscar herramientas de automatizaci\u00f3n y <a href=\"https:\/\/wpkvip.com\/category\/plugin\/\">Plugins PDF<\/a>? Encuentre las mejores soluciones en<\/li>\n \t<li>\u00bfQuiere convertir sus conocimientos en un libro electr\u00f3nico? Consulte nuestra gu\u00eda sobre\n<a href=\"https:\/\/allwintheme.com\/es\/?s=kadence&amp;post_type=product\">c\u00f3mo hacer kadence con WordPress<\/a>.<\/li>\n<\/ul>\n<h3>Ventajas de la conversi\u00f3n de blogs a PDF<\/h3>\n<ul>\n \t<li>Mejora la experiencia del usuario con opciones de lectura sin conexi\u00f3n<\/li>\n \t<li>Le ayuda a crear libros electr\u00f3nicos, gu\u00edas y recursos descargables<\/li>\n \t<li>Apoya estrategias de marketing como el aumento de suscripciones por correo electr\u00f3nico<\/li>\n \t<li>Mantiene el formato de p\u00e1gina limpio y profesional en formato PDF<\/li>\n<\/ul>\nAl activar WordPress Blog to PDF, ofrecer\u00e1 a sus lectores m\u00e1s flexibilidad y convertir\u00e1 el contenido de su blog en activos digitales reutilizables. Se trata de una actualizaci\u00f3n sencilla y eficaz para los creadores de contenidos que deseen aumentar el valor y la satisfacci\u00f3n de los usuarios.\n\t\t\t\t\t<\/div>\n\t\t\t\t\t\t<\/div>\n\t\t\t\t<\/div>\n\t\t\t\t\t<\/div>\n\t\t\t\t<\/div>\n\t\t<div class=\"wd-negative-gap elementor-element elementor-element-c24f867 e-flex e-con-boxed e-con e-parent\" data-id=\"c24f867\" data-element_type=\"container\" data-e-type=\"container\">\n\t\t\t\t\t<div class=\"e-con-inner\">\n\t\t\t\t<div class=\"elementor-element elementor-element-4ea68e2 elementor-widget elementor-widget-video\" data-id=\"4ea68e2\" data-element_type=\"widget\" data-e-type=\"widget\" data-settings=\"{&quot;youtube_url&quot;:&quot;https:\\\/\\\/youtu.be\\\/Hp_awKquNxM&quot;,&quot;video_type&quot;:&quot;youtube&quot;,&quot;controls&quot;:&quot;yes&quot;}\" data-widget_type=\"video.default\">\n\t\t\t\t\t\t\t<div class=\"elementor-wrapper elementor-open-inline\">\n\t\t\t<div class=\"elementor-video\"><\/div>\t\t<\/div>\n\t\t\t\t\t\t<\/div>\n\t\t\t\t\t<\/div>\n\t\t\t\t<\/div>\n\t\t\t\t<\/div>","protected":false},"excerpt":{"rendered":"<p>WordPress Blog to PDF \u2013 Easy Post Export Tool The WordPress Blog to PDF feature allows you to convert any<\/p>","protected":false},"featured_media":12290,"comment_status":"open","ping_status":"closed","template":"","meta":{"_acf_changed":false},"product_brand":[],"product_cat":[49],"product_tag":[],"class_list":{"0":"post-12289","1":"product","2":"type-product","3":"status-publish","4":"has-post-thumbnail","6":"product_cat-plugins","8":"first","9":"instock","10":"sale","11":"downloadable","12":"shipping-taxable","13":"purchasable","14":"product-type-simple"},"acf":[],"yoast_head":"<!-- This site is optimized with the Yoast SEO Premium plugin v25.6 (Yoast SEO v27.1.1) - https:\/\/yoast.com\/product\/yoast-seo-premium-wordpress\/ -->\n<title>WordPress Blog to PDF - AllWin Theme \u2013 Free WordPress Themes Download<\/title>\n<meta name=\"description\" content=\"Convert any WordPress blog post into a downloadable PDF file with ease. Ideal for tutorials, guides, eBooks, and offline reading.\" \/>\n<meta name=\"robots\" content=\"index, follow, max-snippet:-1, max-image-preview:large, max-video-preview:-1\" \/>\n<link rel=\"canonical\" href=\"https:\/\/allwintheme.com\/es\/producto\/blog-wordpress-a-pdf\/\" \/>\n<meta property=\"og:locale\" content=\"es_ES\" \/>\n<meta property=\"og:type\" content=\"article\" \/>\n<meta property=\"og:title\" content=\"WordPress Blog to PDF\" \/>\n<meta property=\"og:description\" content=\"Convert any WordPress blog post into a downloadable PDF file with ease. Ideal for tutorials, guides, eBooks, and offline reading.\" \/>\n<meta property=\"og:url\" content=\"https:\/\/allwintheme.com\/es\/producto\/blog-wordpress-a-pdf\/\" \/>\n<meta property=\"og:site_name\" content=\"AllWin Theme \u2013 Free WordPress Themes Download\" \/>\n<meta property=\"article:modified_time\" content=\"2025-11-03T13:35:36+00:00\" \/>\n<meta property=\"og:image\" content=\"https:\/\/allwintheme.com\/wp-content\/uploads\/2025\/11\/WordPress-Blog-to-PDF.png\" \/>\n\t<meta property=\"og:image:width\" content=\"590\" \/>\n\t<meta property=\"og:image:height\" content=\"300\" \/>\n\t<meta property=\"og:image:type\" content=\"image\/png\" \/>\n<meta name=\"twitter:card\" content=\"summary_large_image\" \/>\n<meta name=\"twitter:label1\" content=\"Tiempo estimado de lectura\" \/>\n\t<meta name=\"twitter:data1\" content=\"2 minutos\" \/>\n<script type=\"application\/ld+json\" class=\"yoast-schema-graph\">{\"@context\":\"https:\/\/schema.org\",\"@graph\":[{\"@type\":\"WebPage\",\"@id\":\"https:\/\/allwintheme.com\/product\/wordpress-blog-to-pdf\/\",\"url\":\"https:\/\/allwintheme.com\/product\/wordpress-blog-to-pdf\/\",\"name\":\"WordPress Blog to PDF - AllWin Theme \u2013 Free WordPress Themes Download\",\"isPartOf\":{\"@id\":\"https:\/\/allwintheme.com\/#website\"},\"primaryImageOfPage\":{\"@id\":\"https:\/\/allwintheme.com\/product\/wordpress-blog-to-pdf\/#primaryimage\"},\"image\":{\"@id\":\"https:\/\/allwintheme.com\/product\/wordpress-blog-to-pdf\/#primaryimage\"},\"thumbnailUrl\":\"https:\/\/allwintheme.com\/wp-content\/uploads\/2025\/11\/WordPress-Blog-to-PDF.png\",\"datePublished\":\"2025-11-03T13:09:53+00:00\",\"dateModified\":\"2025-11-03T13:35:36+00:00\",\"description\":\"Convert any WordPress blog post into a downloadable PDF file with ease. Ideal for tutorials, guides, eBooks, and offline reading.\",\"breadcrumb\":{\"@id\":\"https:\/\/allwintheme.com\/product\/wordpress-blog-to-pdf\/#breadcrumb\"},\"inLanguage\":\"es-CL\",\"potentialAction\":[{\"@type\":\"ReadAction\",\"target\":[\"https:\/\/allwintheme.com\/product\/wordpress-blog-to-pdf\/\"]}]},{\"@type\":\"ImageObject\",\"inLanguage\":\"es-CL\",\"@id\":\"https:\/\/allwintheme.com\/product\/wordpress-blog-to-pdf\/#primaryimage\",\"url\":\"https:\/\/allwintheme.com\/wp-content\/uploads\/2025\/11\/WordPress-Blog-to-PDF.png\",\"contentUrl\":\"https:\/\/allwintheme.com\/wp-content\/uploads\/2025\/11\/WordPress-Blog-to-PDF.png\",\"width\":590,\"height\":300,\"caption\":\"WordPress Blog to PDF\"},{\"@type\":\"BreadcrumbList\",\"@id\":\"https:\/\/allwintheme.com\/product\/wordpress-blog-to-pdf\/#breadcrumb\",\"itemListElement\":[{\"@type\":\"ListItem\",\"position\":1,\"name\":\"Home\",\"item\":\"https:\/\/allwintheme.com\/\"},{\"@type\":\"ListItem\",\"position\":2,\"name\":\"Shop\",\"item\":\"https:\/\/allwintheme.com\/shop\/\"},{\"@type\":\"ListItem\",\"position\":3,\"name\":\"WordPress Blog to PDF\"}]},{\"@type\":\"WebSite\",\"@id\":\"https:\/\/allwintheme.com\/#website\",\"url\":\"https:\/\/allwintheme.com\/\",\"name\":\"Allwintheme\",\"description\":\"Download free WordPress themes for every niche. Blogs, business, eCommerce, portfolio, restaurant and more. All themes are GPL licensed and mobile-ready.\",\"potentialAction\":[{\"@type\":\"SearchAction\",\"target\":{\"@type\":\"EntryPoint\",\"urlTemplate\":\"https:\/\/allwintheme.com\/?s={search_term_string}\"},\"query-input\":{\"@type\":\"PropertyValueSpecification\",\"valueRequired\":true,\"valueName\":\"search_term_string\"}}],\"inLanguage\":\"es-CL\"}]}<\/script>\n<!-- \/ Yoast SEO Premium plugin. -->","yoast_head_json":{"title":"WordPress Blog to PDF - AllWin Theme \u2013 Free WordPress Themes Download","description":"Convierte f\u00e1cilmente cualquier entrada de blog de WordPress en un archivo PDF descargable. Ideal para tutoriales, gu\u00edas, libros electr\u00f3nicos y lectura sin conexi\u00f3n.","robots":{"index":"index","follow":"follow","max-snippet":"max-snippet:-1","max-image-preview":"max-image-preview:large","max-video-preview":"max-video-preview:-1"},"canonical":"https:\/\/allwintheme.com\/es\/producto\/blog-wordpress-a-pdf\/","og_locale":"es_ES","og_type":"article","og_title":"WordPress Blog to PDF","og_description":"Convert any WordPress blog post into a downloadable PDF file with ease. Ideal for tutorials, guides, eBooks, and offline reading.","og_url":"https:\/\/allwintheme.com\/es\/producto\/blog-wordpress-a-pdf\/","og_site_name":"AllWin Theme \u2013 Free WordPress Themes Download","article_modified_time":"2025-11-03T13:35:36+00:00","og_image":[{"width":590,"height":300,"url":"https:\/\/allwintheme.com\/wp-content\/uploads\/2025\/11\/WordPress-Blog-to-PDF.png","type":"image\/png"}],"twitter_card":"summary_large_image","twitter_misc":{"Tiempo estimado de lectura":"2 minutos"},"schema":{"@context":"https:\/\/schema.org","@graph":[{"@type":"WebPage","@id":"https:\/\/allwintheme.com\/product\/wordpress-blog-to-pdf\/","url":"https:\/\/allwintheme.com\/product\/wordpress-blog-to-pdf\/","name":"WordPress Blog to PDF - AllWin Theme \u2013 Free WordPress Themes Download","isPartOf":{"@id":"https:\/\/allwintheme.com\/#website"},"primaryImageOfPage":{"@id":"https:\/\/allwintheme.com\/product\/wordpress-blog-to-pdf\/#primaryimage"},"image":{"@id":"https:\/\/allwintheme.com\/product\/wordpress-blog-to-pdf\/#primaryimage"},"thumbnailUrl":"https:\/\/allwintheme.com\/wp-content\/uploads\/2025\/11\/WordPress-Blog-to-PDF.png","datePublished":"2025-11-03T13:09:53+00:00","dateModified":"2025-11-03T13:35:36+00:00","description":"Convierte f\u00e1cilmente cualquier entrada de blog de WordPress en un archivo PDF descargable. Ideal para tutoriales, gu\u00edas, libros electr\u00f3nicos y lectura sin conexi\u00f3n.","breadcrumb":{"@id":"https:\/\/allwintheme.com\/product\/wordpress-blog-to-pdf\/#breadcrumb"},"inLanguage":"es-CL","potentialAction":[{"@type":"ReadAction","target":["https:\/\/allwintheme.com\/product\/wordpress-blog-to-pdf\/"]}]},{"@type":"ImageObject","inLanguage":"es-CL","@id":"https:\/\/allwintheme.com\/product\/wordpress-blog-to-pdf\/#primaryimage","url":"https:\/\/allwintheme.com\/wp-content\/uploads\/2025\/11\/WordPress-Blog-to-PDF.png","contentUrl":"https:\/\/allwintheme.com\/wp-content\/uploads\/2025\/11\/WordPress-Blog-to-PDF.png","width":590,"height":300,"caption":"WordPress Blog to PDF"},{"@type":"BreadcrumbList","@id":"https:\/\/allwintheme.com\/product\/wordpress-blog-to-pdf\/#breadcrumb","itemListElement":[{"@type":"ListItem","position":1,"name":"Home","item":"https:\/\/allwintheme.com\/"},{"@type":"ListItem","position":2,"name":"Shop","item":"https:\/\/allwintheme.com\/shop\/"},{"@type":"ListItem","position":3,"name":"WordPress Blog to PDF"}]},{"@type":"WebSite","@id":"https:\/\/allwintheme.com\/#website","url":"https:\/\/allwintheme.com\/","name":"Allwintheme","description":"Descarga gratis temas de WordPress para todos los nichos. Blogs, negocios, comercio electr\u00f3nico, portafolio, restaurante y m\u00e1s. Todos los temas tienen licencia GPL y est\u00e1n preparados para dispositivos m\u00f3viles.","potentialAction":[{"@type":"SearchAction","target":{"@type":"EntryPoint","urlTemplate":"https:\/\/allwintheme.com\/?s={search_term_string}"},"query-input":{"@type":"PropertyValueSpecification","valueRequired":true,"valueName":"search_term_string"}}],"inLanguage":"es-CL"}]}},"_links":{"self":[{"href":"https:\/\/allwintheme.com\/es\/wp-json\/wp\/v2\/product\/12289","targetHints":{"allow":["GET"]}}],"collection":[{"href":"https:\/\/allwintheme.com\/es\/wp-json\/wp\/v2\/product"}],"about":[{"href":"https:\/\/allwintheme.com\/es\/wp-json\/wp\/v2\/types\/product"}],"replies":[{"embeddable":true,"href":"https:\/\/allwintheme.com\/es\/wp-json\/wp\/v2\/comments?post=12289"}],"version-history":[{"count":18,"href":"https:\/\/allwintheme.com\/es\/wp-json\/wp\/v2\/product\/12289\/revisions"}],"predecessor-version":[{"id":12309,"href":"https:\/\/allwintheme.com\/es\/wp-json\/wp\/v2\/product\/12289\/revisions\/12309"}],"wp:featuredmedia":[{"embeddable":true,"href":"https:\/\/allwintheme.com\/es\/wp-json\/wp\/v2\/media\/12290"}],"wp:attachment":[{"href":"https:\/\/allwintheme.com\/es\/wp-json\/wp\/v2\/media?parent=12289"}],"wp:term":[{"taxonomy":"product_brand","embeddable":true,"href":"https:\/\/allwintheme.com\/es\/wp-json\/wp\/v2\/product_brand?post=12289"},{"taxonomy":"product_cat","embeddable":true,"href":"https:\/\/allwintheme.com\/es\/wp-json\/wp\/v2\/product_cat?post=12289"},{"taxonomy":"product_tag","embeddable":true,"href":"https:\/\/allwintheme.com\/es\/wp-json\/wp\/v2\/product_tag?post=12289"}],"curies":[{"name":"wp","href":"https:\/\/api.w.org\/{rel}","templated":true}]}}