{"id":12349,"date":"2025-11-04T13:57:08","date_gmt":"2025-11-04T13:57:08","guid":{"rendered":"https:\/\/allwintheme.com\/?post_type=product&#038;p=12349"},"modified":"2025-11-04T14:13:39","modified_gmt":"2025-11-04T14:13:39","slug":"wc-vendors-stripe-connect","status":"publish","type":"product","link":"https:\/\/allwintheme.com\/es\/producto\/wc-vendors-stripe-connect\/","title":{"rendered":"WC Vendedores Stripe Connect"},"content":{"rendered":"<div data-elementor-type=\"wp-post\" data-elementor-id=\"12349\" class=\"elementor elementor-12349\" data-elementor-settings=\"{&quot;element_pack_global_tooltip_width&quot;:{&quot;unit&quot;:&quot;px&quot;,&quot;size&quot;:&quot;&quot;,&quot;sizes&quot;:[]},&quot;element_pack_global_tooltip_width_tablet&quot;:{&quot;unit&quot;:&quot;px&quot;,&quot;size&quot;:&quot;&quot;,&quot;sizes&quot;:[]},&quot;element_pack_global_tooltip_width_mobile&quot;:{&quot;unit&quot;:&quot;px&quot;,&quot;size&quot;:&quot;&quot;,&quot;sizes&quot;:[]},&quot;element_pack_global_tooltip_padding&quot;:{&quot;unit&quot;:&quot;px&quot;,&quot;top&quot;:&quot;&quot;,&quot;right&quot;:&quot;&quot;,&quot;bottom&quot;:&quot;&quot;,&quot;left&quot;:&quot;&quot;,&quot;isLinked&quot;:true},&quot;element_pack_global_tooltip_padding_tablet&quot;:{&quot;unit&quot;:&quot;px&quot;,&quot;top&quot;:&quot;&quot;,&quot;right&quot;:&quot;&quot;,&quot;bottom&quot;:&quot;&quot;,&quot;left&quot;:&quot;&quot;,&quot;isLinked&quot;:true},&quot;element_pack_global_tooltip_padding_mobile&quot;:{&quot;unit&quot;:&quot;px&quot;,&quot;top&quot;:&quot;&quot;,&quot;right&quot;:&quot;&quot;,&quot;bottom&quot;:&quot;&quot;,&quot;left&quot;:&quot;&quot;,&quot;isLinked&quot;:true},&quot;element_pack_global_tooltip_border_radius&quot;:{&quot;unit&quot;:&quot;px&quot;,&quot;top&quot;:&quot;&quot;,&quot;right&quot;:&quot;&quot;,&quot;bottom&quot;:&quot;&quot;,&quot;left&quot;:&quot;&quot;,&quot;isLinked&quot;:true},&quot;element_pack_global_tooltip_border_radius_tablet&quot;:{&quot;unit&quot;:&quot;px&quot;,&quot;top&quot;:&quot;&quot;,&quot;right&quot;:&quot;&quot;,&quot;bottom&quot;:&quot;&quot;,&quot;left&quot;:&quot;&quot;,&quot;isLinked&quot;:true},&quot;element_pack_global_tooltip_border_radius_mobile&quot;:{&quot;unit&quot;:&quot;px&quot;,&quot;top&quot;:&quot;&quot;,&quot;right&quot;:&quot;&quot;,&quot;bottom&quot;:&quot;&quot;,&quot;left&quot;:&quot;&quot;,&quot;isLinked&quot;:true}}\" data-elementor-post-type=\"product\">\n\t\t\t\t<div class=\"wd-negative-gap elementor-element elementor-element-39848b1 e-flex e-con-boxed e-con e-parent\" data-id=\"39848b1\" data-element_type=\"container\" data-e-type=\"container\">\n\t\t\t\t\t<div class=\"e-con-inner\">\n\t\t\t\t<div class=\"elementor-element elementor-element-919f328 elementor-widget elementor-widget-wd_text_block\" data-id=\"919f328\" data-element_type=\"widget\" data-e-type=\"widget\" data-widget_type=\"wd_text_block.default\">\n\t\t\t\t<div class=\"elementor-widget-container\">\n\t\t\t\t\t\t\t<div class=\"wd-text-block reset-last-child text-left\">\n\t\t\t\n\t\t\t<h2>WC Vendors Stripe Connect - Pagos seguros a vendedores para Marketplaces<\/h2><p>La integraci\u00f3n WC Vendors Stripe Connect permite a los propietarios del mercado automatizar las comisiones de los vendedores y procesar pagos seguros a trav\u00e9s de Stripe. En lugar de gestionar los pagos manualmente, este complemento divide los pagos en el momento del pago y env\u00eda a cada vendedor su parte en tiempo real. Como resultado, ahorra tiempo, reduce errores y genera confianza entre usted y sus vendedores.<\/p><p>Para utilizar este complemento, primero necesita el n\u00facleo <a href=\"https:\/\/allwintheme.com\/es\/producto\/wc-vendors-pro-plugin\/\">Plugin WC Vendors Pro<\/a> y una cuenta Stripe configurada. Tras conectar su API de Stripe, los vendedores pueden vincular sus cuentas directamente desde su panel de control. Una vez conectadas, los pagos se realizan autom\u00e1ticamente en funci\u00f3n de la configuraci\u00f3n de comisiones.<\/p><h3>Por qu\u00e9 es importante para las tiendas multiproveedor<\/h3><p>Los marketplaces suelen tener problemas con los pagos manuales y la contabilidad. Sin embargo, Stripe Connect resuelve este problema gestionando todos los flujos de pago. Adem\u00e1s, admite pagos divididos, tasas de solicitud y reembolsos, por lo que es ideal para los marketplaces creados con WooCommerce.<\/p><h3>Caracter\u00edsticas principales<\/h3><ul><li>Pagos autom\u00e1ticos a proveedores a trav\u00e9s de Stripe Connect<\/li><li>Distribuci\u00f3n de comisiones en tiempo real al pagar<\/li><li>Admite pagos fraccionados y tasas de solicitud<\/li><li>Incorporaci\u00f3n segura de proveedores a trav\u00e9s de Stripe<\/li><li>Totalmente compatible con WC Vendors Pro y WooCommerce<\/li><\/ul><h3>Recursos relacionados<\/h3><p>Si a\u00fan est\u00e1 configurando su mercado, consulte nuestra gu\u00eda sobre <a href=\"https:\/\/allwintheme.com\/es\/categoria-producto\/plugins\/\">c\u00f3mo construir un<\/a><\/p>\n\t\t\t\t\t<\/div>\n\t\t\t\t\t\t<\/div>\n\t\t\t\t<\/div>\n\t\t\t\t\t<\/div>\n\t\t\t\t<\/div>\n\t\t<div class=\"wd-negative-gap elementor-element elementor-element-c24f867 e-flex e-con-boxed e-con e-parent\" data-id=\"c24f867\" data-element_type=\"container\" data-e-type=\"container\">\n\t\t\t\t\t<div class=\"e-con-inner\">\n\t\t\t\t<div class=\"elementor-element elementor-element-4ea68e2 elementor-widget elementor-widget-video\" data-id=\"4ea68e2\" data-element_type=\"widget\" data-e-type=\"widget\" data-settings=\"{&quot;youtube_url&quot;:&quot;https:\\\/\\\/youtu.be\\\/3AKxCy5W-8Q&quot;,&quot;video_type&quot;:&quot;youtube&quot;,&quot;controls&quot;:&quot;yes&quot;}\" data-widget_type=\"video.default\">\n\t\t\t\t\t\t\t<div class=\"elementor-wrapper elementor-open-inline\">\n\t\t\t<div class=\"elementor-video\"><\/div>\t\t<\/div>\n\t\t\t\t\t\t<\/div>\n\t\t\t\t\t<\/div>\n\t\t\t\t<\/div>\n\t\t\t\t<\/div>","protected":false},"excerpt":{"rendered":"<p>WC Vendors Stripe Connect \u2013 Secure Vendor Payments for Marketplaces The WC Vendors Stripe Connect integration allows marketplace owners to<\/p>","protected":false},"featured_media":12312,"comment_status":"open","ping_status":"closed","template":"","meta":{"_acf_changed":false},"product_brand":[],"product_cat":[49],"product_tag":[],"class_list":{"0":"post-12349","1":"product","2":"type-product","3":"status-publish","4":"has-post-thumbnail","6":"product_cat-plugins","8":"first","9":"instock","10":"sale","11":"downloadable","12":"shipping-taxable","13":"purchasable","14":"product-type-simple"},"acf":[],"yoast_head":"<!-- This site is optimized with the Yoast SEO Premium plugin v25.6 (Yoast SEO v27.1.1) - https:\/\/yoast.com\/product\/yoast-seo-premium-wordpress\/ -->\n<title>WC Vendors Stripe Connect - AllWin Theme \u2013 Free WordPress Themes Download<\/title>\n<meta name=\"description\" content=\"Accept secure online payments in your directory website with Directorist Stripe Payment. Fast setup, seamless checkout, and easy integration.\" \/>\n<meta name=\"robots\" content=\"index, follow, max-snippet:-1, max-image-preview:large, max-video-preview:-1\" \/>\n<link rel=\"canonical\" href=\"https:\/\/allwintheme.com\/es\/producto\/wc-vendors-stripe-connect\/\" \/>\n<meta property=\"og:locale\" content=\"es_ES\" \/>\n<meta property=\"og:type\" content=\"article\" \/>\n<meta property=\"og:title\" content=\"WC Vendors Stripe Connect\" \/>\n<meta property=\"og:description\" content=\"Accept secure online payments in your directory website with Directorist Stripe Payment. Fast setup, seamless checkout, and easy integration.\" \/>\n<meta property=\"og:url\" content=\"https:\/\/allwintheme.com\/es\/producto\/wc-vendors-stripe-connect\/\" \/>\n<meta property=\"og:site_name\" content=\"AllWin Theme \u2013 Free WordPress Themes Download\" \/>\n<meta property=\"article:modified_time\" content=\"2025-11-04T14:13:39+00:00\" \/>\n<meta property=\"og:image\" content=\"https:\/\/allwintheme.com\/wp-content\/uploads\/2025\/11\/WC-Vendors-Stripe-Connect.png\" \/>\n\t<meta property=\"og:image:width\" content=\"378\" \/>\n\t<meta property=\"og:image:height\" content=\"230\" \/>\n\t<meta property=\"og:image:type\" content=\"image\/png\" \/>\n<meta name=\"twitter:card\" content=\"summary_large_image\" \/>\n<meta name=\"twitter:label1\" content=\"Tiempo estimado de lectura\" \/>\n\t<meta name=\"twitter:data1\" content=\"2 minutos\" \/>\n<script type=\"application\/ld+json\" class=\"yoast-schema-graph\">{\"@context\":\"https:\/\/schema.org\",\"@graph\":[{\"@type\":\"WebPage\",\"@id\":\"https:\/\/allwintheme.com\/product\/wc-vendors-stripe-connect\/\",\"url\":\"https:\/\/allwintheme.com\/product\/wc-vendors-stripe-connect\/\",\"name\":\"WC Vendors Stripe Connect - AllWin Theme \u2013 Free WordPress Themes Download\",\"isPartOf\":{\"@id\":\"https:\/\/allwintheme.com\/#website\"},\"primaryImageOfPage\":{\"@id\":\"https:\/\/allwintheme.com\/product\/wc-vendors-stripe-connect\/#primaryimage\"},\"image\":{\"@id\":\"https:\/\/allwintheme.com\/product\/wc-vendors-stripe-connect\/#primaryimage\"},\"thumbnailUrl\":\"https:\/\/allwintheme.com\/wp-content\/uploads\/2025\/11\/WC-Vendors-Stripe-Connect.png\",\"datePublished\":\"2025-11-04T13:57:08+00:00\",\"dateModified\":\"2025-11-04T14:13:39+00:00\",\"description\":\"Accept secure online payments in your directory website with Directorist Stripe Payment. Fast setup, seamless checkout, and easy integration.\",\"breadcrumb\":{\"@id\":\"https:\/\/allwintheme.com\/product\/wc-vendors-stripe-connect\/#breadcrumb\"},\"inLanguage\":\"es-CL\",\"potentialAction\":[{\"@type\":\"ReadAction\",\"target\":[\"https:\/\/allwintheme.com\/product\/wc-vendors-stripe-connect\/\"]}]},{\"@type\":\"ImageObject\",\"inLanguage\":\"es-CL\",\"@id\":\"https:\/\/allwintheme.com\/product\/wc-vendors-stripe-connect\/#primaryimage\",\"url\":\"https:\/\/allwintheme.com\/wp-content\/uploads\/2025\/11\/WC-Vendors-Stripe-Connect.png\",\"contentUrl\":\"https:\/\/allwintheme.com\/wp-content\/uploads\/2025\/11\/WC-Vendors-Stripe-Connect.png\",\"width\":378,\"height\":230,\"caption\":\"WC Vendors Stripe Connect\"},{\"@type\":\"BreadcrumbList\",\"@id\":\"https:\/\/allwintheme.com\/product\/wc-vendors-stripe-connect\/#breadcrumb\",\"itemListElement\":[{\"@type\":\"ListItem\",\"position\":1,\"name\":\"Home\",\"item\":\"https:\/\/allwintheme.com\/\"},{\"@type\":\"ListItem\",\"position\":2,\"name\":\"Shop\",\"item\":\"https:\/\/allwintheme.com\/shop\/\"},{\"@type\":\"ListItem\",\"position\":3,\"name\":\"WC Vendors Stripe Connect\"}]},{\"@type\":\"WebSite\",\"@id\":\"https:\/\/allwintheme.com\/#website\",\"url\":\"https:\/\/allwintheme.com\/\",\"name\":\"Allwintheme\",\"description\":\"Download free WordPress themes for every niche. Blogs, business, eCommerce, portfolio, restaurant and more. All themes are GPL licensed and mobile-ready.\",\"potentialAction\":[{\"@type\":\"SearchAction\",\"target\":{\"@type\":\"EntryPoint\",\"urlTemplate\":\"https:\/\/allwintheme.com\/?s={search_term_string}\"},\"query-input\":{\"@type\":\"PropertyValueSpecification\",\"valueRequired\":true,\"valueName\":\"search_term_string\"}}],\"inLanguage\":\"es-CL\"}]}<\/script>\n<!-- \/ Yoast SEO Premium plugin. -->","yoast_head_json":{"title":"WC Vendors Stripe Connect - AllWin Theme \u2013 Free WordPress Themes Download","description":"Acepte pagos en l\u00ednea seguros en el sitio web de su directorio con Directorist Stripe Payment. Configuraci\u00f3n r\u00e1pida, pago sin problemas y f\u00e1cil integraci\u00f3n.","robots":{"index":"index","follow":"follow","max-snippet":"max-snippet:-1","max-image-preview":"max-image-preview:large","max-video-preview":"max-video-preview:-1"},"canonical":"https:\/\/allwintheme.com\/es\/producto\/wc-vendors-stripe-connect\/","og_locale":"es_ES","og_type":"article","og_title":"WC Vendors Stripe Connect","og_description":"Accept secure online payments in your directory website with Directorist Stripe Payment. Fast setup, seamless checkout, and easy integration.","og_url":"https:\/\/allwintheme.com\/es\/producto\/wc-vendors-stripe-connect\/","og_site_name":"AllWin Theme \u2013 Free WordPress Themes Download","article_modified_time":"2025-11-04T14:13:39+00:00","og_image":[{"width":378,"height":230,"url":"https:\/\/allwintheme.com\/wp-content\/uploads\/2025\/11\/WC-Vendors-Stripe-Connect.png","type":"image\/png"}],"twitter_card":"summary_large_image","twitter_misc":{"Tiempo estimado de lectura":"2 minutos"},"schema":{"@context":"https:\/\/schema.org","@graph":[{"@type":"WebPage","@id":"https:\/\/allwintheme.com\/product\/wc-vendors-stripe-connect\/","url":"https:\/\/allwintheme.com\/product\/wc-vendors-stripe-connect\/","name":"WC Vendors Stripe Connect - AllWin Theme \u2013 Free WordPress Themes Download","isPartOf":{"@id":"https:\/\/allwintheme.com\/#website"},"primaryImageOfPage":{"@id":"https:\/\/allwintheme.com\/product\/wc-vendors-stripe-connect\/#primaryimage"},"image":{"@id":"https:\/\/allwintheme.com\/product\/wc-vendors-stripe-connect\/#primaryimage"},"thumbnailUrl":"https:\/\/allwintheme.com\/wp-content\/uploads\/2025\/11\/WC-Vendors-Stripe-Connect.png","datePublished":"2025-11-04T13:57:08+00:00","dateModified":"2025-11-04T14:13:39+00:00","description":"Acepte pagos en l\u00ednea seguros en el sitio web de su directorio con Directorist Stripe Payment. Configuraci\u00f3n r\u00e1pida, pago sin problemas y f\u00e1cil integraci\u00f3n.","breadcrumb":{"@id":"https:\/\/allwintheme.com\/product\/wc-vendors-stripe-connect\/#breadcrumb"},"inLanguage":"es-CL","potentialAction":[{"@type":"ReadAction","target":["https:\/\/allwintheme.com\/product\/wc-vendors-stripe-connect\/"]}]},{"@type":"ImageObject","inLanguage":"es-CL","@id":"https:\/\/allwintheme.com\/product\/wc-vendors-stripe-connect\/#primaryimage","url":"https:\/\/allwintheme.com\/wp-content\/uploads\/2025\/11\/WC-Vendors-Stripe-Connect.png","contentUrl":"https:\/\/allwintheme.com\/wp-content\/uploads\/2025\/11\/WC-Vendors-Stripe-Connect.png","width":378,"height":230,"caption":"WC Vendors Stripe Connect"},{"@type":"BreadcrumbList","@id":"https:\/\/allwintheme.com\/product\/wc-vendors-stripe-connect\/#breadcrumb","itemListElement":[{"@type":"ListItem","position":1,"name":"Home","item":"https:\/\/allwintheme.com\/"},{"@type":"ListItem","position":2,"name":"Shop","item":"https:\/\/allwintheme.com\/shop\/"},{"@type":"ListItem","position":3,"name":"WC Vendors Stripe Connect"}]},{"@type":"WebSite","@id":"https:\/\/allwintheme.com\/#website","url":"https:\/\/allwintheme.com\/","name":"Allwintheme","description":"Descarga gratis temas de WordPress para todos los nichos. Blogs, negocios, comercio electr\u00f3nico, portafolio, restaurante y m\u00e1s. Todos los temas tienen licencia GPL y est\u00e1n preparados para dispositivos m\u00f3viles.","potentialAction":[{"@type":"SearchAction","target":{"@type":"EntryPoint","urlTemplate":"https:\/\/allwintheme.com\/?s={search_term_string}"},"query-input":{"@type":"PropertyValueSpecification","valueRequired":true,"valueName":"search_term_string"}}],"inLanguage":"es-CL"}]}},"_links":{"self":[{"href":"https:\/\/allwintheme.com\/es\/wp-json\/wp\/v2\/product\/12349","targetHints":{"allow":["GET"]}}],"collection":[{"href":"https:\/\/allwintheme.com\/es\/wp-json\/wp\/v2\/product"}],"about":[{"href":"https:\/\/allwintheme.com\/es\/wp-json\/wp\/v2\/types\/product"}],"replies":[{"embeddable":true,"href":"https:\/\/allwintheme.com\/es\/wp-json\/wp\/v2\/comments?post=12349"}],"version-history":[{"count":8,"href":"https:\/\/allwintheme.com\/es\/wp-json\/wp\/v2\/product\/12349\/revisions"}],"predecessor-version":[{"id":12357,"href":"https:\/\/allwintheme.com\/es\/wp-json\/wp\/v2\/product\/12349\/revisions\/12357"}],"wp:featuredmedia":[{"embeddable":true,"href":"https:\/\/allwintheme.com\/es\/wp-json\/wp\/v2\/media\/12312"}],"wp:attachment":[{"href":"https:\/\/allwintheme.com\/es\/wp-json\/wp\/v2\/media?parent=12349"}],"wp:term":[{"taxonomy":"product_brand","embeddable":true,"href":"https:\/\/allwintheme.com\/es\/wp-json\/wp\/v2\/product_brand?post=12349"},{"taxonomy":"product_cat","embeddable":true,"href":"https:\/\/allwintheme.com\/es\/wp-json\/wp\/v2\/product_cat?post=12349"},{"taxonomy":"product_tag","embeddable":true,"href":"https:\/\/allwintheme.com\/es\/wp-json\/wp\/v2\/product_tag?post=12349"}],"curies":[{"name":"wp","href":"https:\/\/api.w.org\/{rel}","templated":true}]}}