{"id":12390,"date":"2025-11-05T11:00:38","date_gmt":"2025-11-05T11:00:38","guid":{"rendered":"https:\/\/allwintheme.com\/?post_type=product&#038;p=12390"},"modified":"2025-11-05T11:17:54","modified_gmt":"2025-11-05T11:17:54","slug":"formularios-everest-convertkit","status":"publish","type":"product","link":"https:\/\/allwintheme.com\/es\/producto\/formularios-everest-convertkit\/","title":{"rendered":"Formularios Everest - ConvertKit"},"content":{"rendered":"<div data-elementor-type=\"wp-post\" data-elementor-id=\"12390\" class=\"elementor elementor-12390\" data-elementor-settings=\"{&quot;element_pack_global_tooltip_width&quot;:{&quot;unit&quot;:&quot;px&quot;,&quot;size&quot;:&quot;&quot;,&quot;sizes&quot;:[]},&quot;element_pack_global_tooltip_width_tablet&quot;:{&quot;unit&quot;:&quot;px&quot;,&quot;size&quot;:&quot;&quot;,&quot;sizes&quot;:[]},&quot;element_pack_global_tooltip_width_mobile&quot;:{&quot;unit&quot;:&quot;px&quot;,&quot;size&quot;:&quot;&quot;,&quot;sizes&quot;:[]},&quot;element_pack_global_tooltip_padding&quot;:{&quot;unit&quot;:&quot;px&quot;,&quot;top&quot;:&quot;&quot;,&quot;right&quot;:&quot;&quot;,&quot;bottom&quot;:&quot;&quot;,&quot;left&quot;:&quot;&quot;,&quot;isLinked&quot;:true},&quot;element_pack_global_tooltip_padding_tablet&quot;:{&quot;unit&quot;:&quot;px&quot;,&quot;top&quot;:&quot;&quot;,&quot;right&quot;:&quot;&quot;,&quot;bottom&quot;:&quot;&quot;,&quot;left&quot;:&quot;&quot;,&quot;isLinked&quot;:true},&quot;element_pack_global_tooltip_padding_mobile&quot;:{&quot;unit&quot;:&quot;px&quot;,&quot;top&quot;:&quot;&quot;,&quot;right&quot;:&quot;&quot;,&quot;bottom&quot;:&quot;&quot;,&quot;left&quot;:&quot;&quot;,&quot;isLinked&quot;:true},&quot;element_pack_global_tooltip_border_radius&quot;:{&quot;unit&quot;:&quot;px&quot;,&quot;top&quot;:&quot;&quot;,&quot;right&quot;:&quot;&quot;,&quot;bottom&quot;:&quot;&quot;,&quot;left&quot;:&quot;&quot;,&quot;isLinked&quot;:true},&quot;element_pack_global_tooltip_border_radius_tablet&quot;:{&quot;unit&quot;:&quot;px&quot;,&quot;top&quot;:&quot;&quot;,&quot;right&quot;:&quot;&quot;,&quot;bottom&quot;:&quot;&quot;,&quot;left&quot;:&quot;&quot;,&quot;isLinked&quot;:true},&quot;element_pack_global_tooltip_border_radius_mobile&quot;:{&quot;unit&quot;:&quot;px&quot;,&quot;top&quot;:&quot;&quot;,&quot;right&quot;:&quot;&quot;,&quot;bottom&quot;:&quot;&quot;,&quot;left&quot;:&quot;&quot;,&quot;isLinked&quot;:true}}\" data-elementor-post-type=\"product\">\n\t\t\t\t<div class=\"wd-negative-gap elementor-element elementor-element-39848b1 e-flex e-con-boxed e-con e-parent\" data-id=\"39848b1\" data-element_type=\"container\" data-e-type=\"container\">\n\t\t\t\t\t<div class=\"e-con-inner\">\n\t\t\t\t<div class=\"elementor-element elementor-element-919f328 elementor-widget elementor-widget-wd_text_block\" data-id=\"919f328\" data-element_type=\"widget\" data-e-type=\"widget\" data-widget_type=\"wd_text_block.default\">\n\t\t\t\t<div class=\"elementor-widget-container\">\n\t\t\t\t\t\t\t<div class=\"wd-text-block reset-last-child text-left\">\n\t\t\t\n\t\t\t<h2>Everest Forms - Integraci\u00f3n de ConvertKit<\/h2><p>La integraci\u00f3n Everest Forms - ConvertKit le permite enviar autom\u00e1ticamente los env\u00edos de formularios a su lista de correo electr\u00f3nico ConvertKit. Tan pronto como un usuario rellena un formulario, su nombre y correo electr\u00f3nico se pueden a\u00f1adir directamente a su lista de suscriptores, eliminando las exportaciones manuales y ahorrando un tiempo valioso.<\/p><p>Antes de activar este addon, aseg\u00farese de que tiene el n\u00facleo Everest Forms plugin instalado. Si a\u00fan no lo has configurado, puedes seguir nuestra gu\u00eda paso a paso aqu\u00ed:<br \/><a href=\"https:\/\/allwintheme.com\/es\/?s=everest%20forms&amp;post_type=product\">C\u00f3mo utilizar los formularios Everest<\/a>.<br \/>Una vez activado, simplemente conecta tu clave API de ConvertKit en el panel de configuraci\u00f3n de Everest Forms, y mapea los campos del formulario a tus etiquetas o secuencias de ConvertKit.<\/p><h3>\u00bfPor qu\u00e9 usar ConvertKit con Everest Forms?<\/h3><p>Esta integraci\u00f3n es ideal para blogueros, entrenadores, creadores digitales y negocios online que dependen del marketing por correo electr\u00f3nico. Con ConvertKit conectado, cada nuevo env\u00edo de formulario se convierte en una oportunidad para hacer crecer su lista de correo electr\u00f3nico y nutrir clientes potenciales. Adem\u00e1s, puedes asignar suscriptores a etiquetas espec\u00edficas o secuencias de correo electr\u00f3nico de forma autom\u00e1tica.<\/p><h3>Caracter\u00edsticas principales<\/h3><ul><li>Adici\u00f3n autom\u00e1tica de abonados a partir de entradas de formularios<\/li><li>Compatible con etiquetas, formularios y secuencias de ConvertKit<\/li><li>No hay que exportar ni copiar manualmente<\/li><li>Perfecto para boletines informativos, imanes de clientes potenciales, seminarios web y formularios de inscripci\u00f3n.<\/li><li>Funciona sin problemas con todos los dise\u00f1os de Everest Forms<\/li><\/ul><h3>Herramientas y recursos relacionados<\/h3><p>\u00bfNecesita un sitio web con dise\u00f1o profesional para sus formularios? Consulte nuestro<br \/><a href=\"https:\/\/allwintheme.com\/es\/categoria-producto\/temas\/\">Temas de WordPress para formularios y empresas<\/a> en allwintheme.com.<\/p><p>\u00bfQuieres explorar m\u00e1s tutoriales y consejos sobre plugins? Visita nuestro blog externo para obtener gu\u00edas detalladas y trucos de WordPress:<br \/><a href=\"https:\/\/wpkvip.com\" target=\"_blank\" rel=\"noopener\">wpkvip.Blog<\/a><\/p><p>Al conectar Everest Forms con ConvertKit, su sitio web se convierte en una poderosa herramienta de generaci\u00f3n de leads y automatizaci\u00f3n, ayud\u00e1ndole a recopilar suscriptores, entregar valor y hacer crecer su audiencia sin esfuerzo.<\/p>\n\t\t\t\t\t<\/div>\n\t\t\t\t\t\t<\/div>\n\t\t\t\t<\/div>\n\t\t\t\t\t<\/div>\n\t\t\t\t<\/div>\n\t\t<div class=\"wd-negative-gap elementor-element elementor-element-c24f867 e-flex e-con-boxed e-con e-parent\" data-id=\"c24f867\" data-element_type=\"container\" data-e-type=\"container\">\n\t\t\t\t\t<div class=\"e-con-inner\">\n\t\t\t\t<div class=\"elementor-element elementor-element-4ea68e2 elementor-widget elementor-widget-video\" data-id=\"4ea68e2\" data-element_type=\"widget\" data-e-type=\"widget\" data-settings=\"{&quot;youtube_url&quot;:&quot;https:\\\/\\\/youtu.be\\\/GvqPVCK7Ws8&quot;,&quot;video_type&quot;:&quot;youtube&quot;,&quot;controls&quot;:&quot;yes&quot;}\" data-widget_type=\"video.default\">\n\t\t\t\t\t\t\t<div class=\"elementor-wrapper elementor-open-inline\">\n\t\t\t<div class=\"elementor-video\"><\/div>\t\t<\/div>\n\t\t\t\t\t\t<\/div>\n\t\t\t\t\t<\/div>\n\t\t\t\t<\/div>\n\t\t\t\t<\/div>","protected":false},"excerpt":{"rendered":"<p>Integraci\u00f3n Everest Forms - ConvertKit La integraci\u00f3n Everest Forms - ConvertKit le permite enviar autom\u00e1ticamente los env\u00edos de formularios a su<\/p>","protected":false},"featured_media":12365,"comment_status":"open","ping_status":"closed","template":"","meta":{"_acf_changed":false},"product_brand":[],"product_cat":[49],"product_tag":[],"class_list":{"0":"post-12390","1":"product","2":"type-product","3":"status-publish","4":"has-post-thumbnail","6":"product_cat-plugins","8":"first","9":"instock","10":"sale","11":"downloadable","12":"shipping-taxable","13":"purchasable","14":"product-type-simple"},"acf":[],"yoast_head":"<!-- This site is optimized with the Yoast SEO Premium plugin v25.6 (Yoast SEO v27.1.1) - https:\/\/yoast.com\/product\/yoast-seo-premium-wordpress\/ -->\n<title>Everest Forms \u2013 ConvertKit - AllWin Theme \u2013 Free WordPress Themes Download<\/title>\n<meta name=\"description\" content=\"Real user feedback on Everest Forms ConvertKit (GPL): Intuitive setup, conditional logic &amp; reliable sync\u2014ideal for WordPress email marketers.\" \/>\n<meta name=\"robots\" content=\"index, follow, max-snippet:-1, max-image-preview:large, max-video-preview:-1\" \/>\n<link rel=\"canonical\" href=\"https:\/\/allwintheme.com\/es\/producto\/formularios-everest-convertkit\/\" \/>\n<meta property=\"og:locale\" content=\"es_ES\" \/>\n<meta property=\"og:type\" content=\"article\" \/>\n<meta property=\"og:title\" content=\"Everest Forms \u2013 ConvertKit\" \/>\n<meta property=\"og:description\" content=\"Real user feedback on Everest Forms ConvertKit (GPL): Intuitive setup, conditional logic &amp; reliable sync\u2014ideal for WordPress email marketers.\" \/>\n<meta property=\"og:url\" content=\"https:\/\/allwintheme.com\/es\/producto\/formularios-everest-convertkit\/\" \/>\n<meta property=\"og:site_name\" content=\"AllWin Theme \u2013 Free WordPress Themes Download\" \/>\n<meta property=\"article:modified_time\" content=\"2025-11-05T11:17:54+00:00\" \/>\n<meta property=\"og:image\" content=\"https:\/\/allwintheme.com\/wp-content\/uploads\/2025\/11\/Everest-Forms-\u2013-ConvertKit.png\" \/>\n\t<meta property=\"og:image:width\" content=\"750\" \/>\n\t<meta property=\"og:image:height\" content=\"450\" \/>\n\t<meta property=\"og:image:type\" content=\"image\/png\" \/>\n<meta name=\"twitter:card\" content=\"summary_large_image\" \/>\n<meta name=\"twitter:label1\" content=\"Tiempo estimado de lectura\" \/>\n\t<meta name=\"twitter:data1\" content=\"2 minutos\" \/>\n<script type=\"application\/ld+json\" class=\"yoast-schema-graph\">{\"@context\":\"https:\/\/schema.org\",\"@graph\":[{\"@type\":\"WebPage\",\"@id\":\"https:\/\/allwintheme.com\/product\/everest-forms-convertkit\/\",\"url\":\"https:\/\/allwintheme.com\/product\/everest-forms-convertkit\/\",\"name\":\"Everest Forms \u2013 ConvertKit - AllWin Theme \u2013 Free WordPress Themes Download\",\"isPartOf\":{\"@id\":\"https:\/\/allwintheme.com\/#website\"},\"primaryImageOfPage\":{\"@id\":\"https:\/\/allwintheme.com\/product\/everest-forms-convertkit\/#primaryimage\"},\"image\":{\"@id\":\"https:\/\/allwintheme.com\/product\/everest-forms-convertkit\/#primaryimage\"},\"thumbnailUrl\":\"https:\/\/allwintheme.com\/wp-content\/uploads\/2025\/11\/Everest-Forms-\u2013-ConvertKit.png\",\"datePublished\":\"2025-11-05T11:00:38+00:00\",\"dateModified\":\"2025-11-05T11:17:54+00:00\",\"description\":\"Real user feedback on Everest Forms ConvertKit (GPL): Intuitive setup, conditional logic & reliable sync\u2014ideal for WordPress email marketers.\",\"breadcrumb\":{\"@id\":\"https:\/\/allwintheme.com\/product\/everest-forms-convertkit\/#breadcrumb\"},\"inLanguage\":\"es-CL\",\"potentialAction\":[{\"@type\":\"ReadAction\",\"target\":[\"https:\/\/allwintheme.com\/product\/everest-forms-convertkit\/\"]}]},{\"@type\":\"ImageObject\",\"inLanguage\":\"es-CL\",\"@id\":\"https:\/\/allwintheme.com\/product\/everest-forms-convertkit\/#primaryimage\",\"url\":\"https:\/\/allwintheme.com\/wp-content\/uploads\/2025\/11\/Everest-Forms-\u2013-ConvertKit.png\",\"contentUrl\":\"https:\/\/allwintheme.com\/wp-content\/uploads\/2025\/11\/Everest-Forms-\u2013-ConvertKit.png\",\"width\":750,\"height\":450,\"caption\":\"Everest Forms \u2013 ConvertKit\"},{\"@type\":\"BreadcrumbList\",\"@id\":\"https:\/\/allwintheme.com\/product\/everest-forms-convertkit\/#breadcrumb\",\"itemListElement\":[{\"@type\":\"ListItem\",\"position\":1,\"name\":\"Home\",\"item\":\"https:\/\/allwintheme.com\/\"},{\"@type\":\"ListItem\",\"position\":2,\"name\":\"Shop\",\"item\":\"https:\/\/allwintheme.com\/shop\/\"},{\"@type\":\"ListItem\",\"position\":3,\"name\":\"Everest Forms \u2013 ConvertKit\"}]},{\"@type\":\"WebSite\",\"@id\":\"https:\/\/allwintheme.com\/#website\",\"url\":\"https:\/\/allwintheme.com\/\",\"name\":\"Allwintheme\",\"description\":\"Download free WordPress themes for every niche. Blogs, business, eCommerce, portfolio, restaurant and more. All themes are GPL licensed and mobile-ready.\",\"potentialAction\":[{\"@type\":\"SearchAction\",\"target\":{\"@type\":\"EntryPoint\",\"urlTemplate\":\"https:\/\/allwintheme.com\/?s={search_term_string}\"},\"query-input\":{\"@type\":\"PropertyValueSpecification\",\"valueRequired\":true,\"valueName\":\"search_term_string\"}}],\"inLanguage\":\"es-CL\"}]}<\/script>\n<!-- \/ Yoast SEO Premium plugin. -->","yoast_head_json":{"title":"Everest Forms - ConvertKit - AllWin Theme - Free WordPress Themes Download","description":"Comentarios reales de usuarios sobre Everest Forms ConvertKit (GPL): Configuraci\u00f3n intuitiva, l\u00f3gica condicional y sincronizaci\u00f3n fiable, ideal para el marketing por correo electr\u00f3nico en WordPress.","robots":{"index":"index","follow":"follow","max-snippet":"max-snippet:-1","max-image-preview":"max-image-preview:large","max-video-preview":"max-video-preview:-1"},"canonical":"https:\/\/allwintheme.com\/es\/producto\/formularios-everest-convertkit\/","og_locale":"es_ES","og_type":"article","og_title":"Everest Forms \u2013 ConvertKit","og_description":"Real user feedback on Everest Forms ConvertKit (GPL): Intuitive setup, conditional logic & reliable sync\u2014ideal for WordPress email marketers.","og_url":"https:\/\/allwintheme.com\/es\/producto\/formularios-everest-convertkit\/","og_site_name":"AllWin Theme \u2013 Free WordPress Themes Download","article_modified_time":"2025-11-05T11:17:54+00:00","og_image":[{"width":750,"height":450,"url":"https:\/\/allwintheme.com\/wp-content\/uploads\/2025\/11\/Everest-Forms-\u2013-ConvertKit.png","type":"image\/png"}],"twitter_card":"summary_large_image","twitter_misc":{"Tiempo estimado de lectura":"2 minutos"},"schema":{"@context":"https:\/\/schema.org","@graph":[{"@type":"WebPage","@id":"https:\/\/allwintheme.com\/product\/everest-forms-convertkit\/","url":"https:\/\/allwintheme.com\/product\/everest-forms-convertkit\/","name":"Everest Forms - ConvertKit - AllWin Theme - Free WordPress Themes Download","isPartOf":{"@id":"https:\/\/allwintheme.com\/#website"},"primaryImageOfPage":{"@id":"https:\/\/allwintheme.com\/product\/everest-forms-convertkit\/#primaryimage"},"image":{"@id":"https:\/\/allwintheme.com\/product\/everest-forms-convertkit\/#primaryimage"},"thumbnailUrl":"https:\/\/allwintheme.com\/wp-content\/uploads\/2025\/11\/Everest-Forms-\u2013-ConvertKit.png","datePublished":"2025-11-05T11:00:38+00:00","dateModified":"2025-11-05T11:17:54+00:00","description":"Comentarios reales de usuarios sobre Everest Forms ConvertKit (GPL): Configuraci\u00f3n intuitiva, l\u00f3gica condicional y sincronizaci\u00f3n fiable, ideal para el marketing por correo electr\u00f3nico en WordPress.","breadcrumb":{"@id":"https:\/\/allwintheme.com\/product\/everest-forms-convertkit\/#breadcrumb"},"inLanguage":"es-CL","potentialAction":[{"@type":"ReadAction","target":["https:\/\/allwintheme.com\/product\/everest-forms-convertkit\/"]}]},{"@type":"ImageObject","inLanguage":"es-CL","@id":"https:\/\/allwintheme.com\/product\/everest-forms-convertkit\/#primaryimage","url":"https:\/\/allwintheme.com\/wp-content\/uploads\/2025\/11\/Everest-Forms-\u2013-ConvertKit.png","contentUrl":"https:\/\/allwintheme.com\/wp-content\/uploads\/2025\/11\/Everest-Forms-\u2013-ConvertKit.png","width":750,"height":450,"caption":"Everest Forms \u2013 ConvertKit"},{"@type":"BreadcrumbList","@id":"https:\/\/allwintheme.com\/product\/everest-forms-convertkit\/#breadcrumb","itemListElement":[{"@type":"ListItem","position":1,"name":"Home","item":"https:\/\/allwintheme.com\/"},{"@type":"ListItem","position":2,"name":"Shop","item":"https:\/\/allwintheme.com\/shop\/"},{"@type":"ListItem","position":3,"name":"Everest Forms \u2013 ConvertKit"}]},{"@type":"WebSite","@id":"https:\/\/allwintheme.com\/#website","url":"https:\/\/allwintheme.com\/","name":"Allwintheme","description":"Descarga gratis temas de WordPress para todos los nichos. Blogs, negocios, comercio electr\u00f3nico, portafolio, restaurante y m\u00e1s. Todos los temas tienen licencia GPL y est\u00e1n preparados para dispositivos m\u00f3viles.","potentialAction":[{"@type":"SearchAction","target":{"@type":"EntryPoint","urlTemplate":"https:\/\/allwintheme.com\/?s={search_term_string}"},"query-input":{"@type":"PropertyValueSpecification","valueRequired":true,"valueName":"search_term_string"}}],"inLanguage":"es-CL"}]}},"_links":{"self":[{"href":"https:\/\/allwintheme.com\/es\/wp-json\/wp\/v2\/product\/12390","targetHints":{"allow":["GET"]}}],"collection":[{"href":"https:\/\/allwintheme.com\/es\/wp-json\/wp\/v2\/product"}],"about":[{"href":"https:\/\/allwintheme.com\/es\/wp-json\/wp\/v2\/types\/product"}],"replies":[{"embeddable":true,"href":"https:\/\/allwintheme.com\/es\/wp-json\/wp\/v2\/comments?post=12390"}],"version-history":[{"count":9,"href":"https:\/\/allwintheme.com\/es\/wp-json\/wp\/v2\/product\/12390\/revisions"}],"predecessor-version":[{"id":12399,"href":"https:\/\/allwintheme.com\/es\/wp-json\/wp\/v2\/product\/12390\/revisions\/12399"}],"wp:featuredmedia":[{"embeddable":true,"href":"https:\/\/allwintheme.com\/es\/wp-json\/wp\/v2\/media\/12365"}],"wp:attachment":[{"href":"https:\/\/allwintheme.com\/es\/wp-json\/wp\/v2\/media?parent=12390"}],"wp:term":[{"taxonomy":"product_brand","embeddable":true,"href":"https:\/\/allwintheme.com\/es\/wp-json\/wp\/v2\/product_brand?post=12390"},{"taxonomy":"product_cat","embeddable":true,"href":"https:\/\/allwintheme.com\/es\/wp-json\/wp\/v2\/product_cat?post=12390"},{"taxonomy":"product_tag","embeddable":true,"href":"https:\/\/allwintheme.com\/es\/wp-json\/wp\/v2\/product_tag?post=12390"}],"curies":[{"name":"wp","href":"https:\/\/api.w.org\/{rel}","templated":true}]}}