{"id":12400,"date":"2025-11-05T11:54:14","date_gmt":"2025-11-05T11:54:14","guid":{"rendered":"https:\/\/allwintheme.com\/?post_type=product&#038;p=12400"},"modified":"2025-11-05T12:10:19","modified_gmt":"2025-11-05T12:10:19","slug":"slicewp-add-on-integracion-convertkit","status":"publish","type":"product","link":"https:\/\/allwintheme.com\/es\/producto\/slicewp-add-on-integracion-convertkit\/","title":{"rendered":"SliceWP Add-On - Integraci\u00f3n de ConvertKit"},"content":{"rendered":"<div data-elementor-type=\"wp-post\" data-elementor-id=\"12400\" class=\"elementor elementor-12400\" data-elementor-settings=\"{&quot;element_pack_global_tooltip_width&quot;:{&quot;unit&quot;:&quot;px&quot;,&quot;size&quot;:&quot;&quot;,&quot;sizes&quot;:[]},&quot;element_pack_global_tooltip_width_tablet&quot;:{&quot;unit&quot;:&quot;px&quot;,&quot;size&quot;:&quot;&quot;,&quot;sizes&quot;:[]},&quot;element_pack_global_tooltip_width_mobile&quot;:{&quot;unit&quot;:&quot;px&quot;,&quot;size&quot;:&quot;&quot;,&quot;sizes&quot;:[]},&quot;element_pack_global_tooltip_padding&quot;:{&quot;unit&quot;:&quot;px&quot;,&quot;top&quot;:&quot;&quot;,&quot;right&quot;:&quot;&quot;,&quot;bottom&quot;:&quot;&quot;,&quot;left&quot;:&quot;&quot;,&quot;isLinked&quot;:true},&quot;element_pack_global_tooltip_padding_tablet&quot;:{&quot;unit&quot;:&quot;px&quot;,&quot;top&quot;:&quot;&quot;,&quot;right&quot;:&quot;&quot;,&quot;bottom&quot;:&quot;&quot;,&quot;left&quot;:&quot;&quot;,&quot;isLinked&quot;:true},&quot;element_pack_global_tooltip_padding_mobile&quot;:{&quot;unit&quot;:&quot;px&quot;,&quot;top&quot;:&quot;&quot;,&quot;right&quot;:&quot;&quot;,&quot;bottom&quot;:&quot;&quot;,&quot;left&quot;:&quot;&quot;,&quot;isLinked&quot;:true},&quot;element_pack_global_tooltip_border_radius&quot;:{&quot;unit&quot;:&quot;px&quot;,&quot;top&quot;:&quot;&quot;,&quot;right&quot;:&quot;&quot;,&quot;bottom&quot;:&quot;&quot;,&quot;left&quot;:&quot;&quot;,&quot;isLinked&quot;:true},&quot;element_pack_global_tooltip_border_radius_tablet&quot;:{&quot;unit&quot;:&quot;px&quot;,&quot;top&quot;:&quot;&quot;,&quot;right&quot;:&quot;&quot;,&quot;bottom&quot;:&quot;&quot;,&quot;left&quot;:&quot;&quot;,&quot;isLinked&quot;:true},&quot;element_pack_global_tooltip_border_radius_mobile&quot;:{&quot;unit&quot;:&quot;px&quot;,&quot;top&quot;:&quot;&quot;,&quot;right&quot;:&quot;&quot;,&quot;bottom&quot;:&quot;&quot;,&quot;left&quot;:&quot;&quot;,&quot;isLinked&quot;:true}}\" data-elementor-post-type=\"product\">\n\t\t\t\t<div class=\"wd-negative-gap elementor-element elementor-element-39848b1 e-flex e-con-boxed e-con e-parent\" data-id=\"39848b1\" data-element_type=\"container\" data-e-type=\"container\">\n\t\t\t\t\t<div class=\"e-con-inner\">\n\t\t\t\t<div class=\"elementor-element elementor-element-919f328 elementor-widget elementor-widget-wd_text_block\" data-id=\"919f328\" data-element_type=\"widget\" data-e-type=\"widget\" data-widget_type=\"wd_text_block.default\">\n\t\t\t\t<div class=\"elementor-widget-container\">\n\t\t\t\t\t\t\t<div class=\"wd-text-block reset-last-child text-left\">\n\t\t\t\n\t\t\t<h2>SliceWP Add-On - Integraci\u00f3n de ConvertKit<\/h2><p>El SliceWP ConvertKit Integraci\u00f3n Add-On le permite agregar autom\u00e1ticamente nuevos afiliados o clientes referidos a su lista de correo electr\u00f3nico ConvertKit. Esto le ayuda a construir relaciones m\u00e1s fuertes, enviar correos electr\u00f3nicos de incorporaci\u00f3n automatizados y hacer crecer su audiencia a trav\u00e9s del marketing de afiliaci\u00f3n.<\/p><p>Antes de utilizar este complemento, aseg\u00farese de que SliceWP est\u00e1 instalado y activado en su sitio. Si a\u00fan no lo has configurado, puedes seguir nuestra gu\u00eda de configuraci\u00f3n aqu\u00ed:<br \/><a href=\"https:\/\/allwintheme.com\/es\/producto\/slicewp-add-on-integracion-convertkit\/\">C\u00f3mo utilizar el plugin de afiliados SliceWP<\/a>.<\/p><h3>\u00bfPor qu\u00e9 conectar SliceWP con ConvertKit?<\/h3><p>Los afiliados a menudo quieren actualizaciones constantes, materiales promocionales y notificaciones de campa\u00f1as. Al conectar ConvertKit, puede inscribir autom\u00e1ticamente a los afiliados en una lista de correo electr\u00f3nico segmentada, enviar correos electr\u00f3nicos de bienvenida e incluso activar campa\u00f1as de recompensa. Adem\u00e1s, esta integraci\u00f3n ayuda a reducir el trabajo manual y garantiza que no se pierda ning\u00fan contacto.<\/p><h3>Principales ventajas<\/h3><ul><li>Suscribir autom\u00e1ticamente a los nuevos afiliados a las secuencias de ConvertKit<\/li><li>Etiquetar y segmentar a los usuarios en funci\u00f3n de sus referencias o compras<\/li><li>Env\u00ede correos electr\u00f3nicos automatizados de bienvenida y recompensa<\/li><li>Seguimiento del rendimiento de los afiliados y de la participaci\u00f3n por correo electr\u00f3nico<\/li><li>Funciona con las versiones gratuita y Pro de SliceWP<\/li><\/ul><h3>Ampl\u00ede su flujo de trabajo<\/h3><p>Si desea explorar m\u00e1s herramientas de reserva o de automatizaci\u00f3n empresarial, eche un vistazo a otras integraciones que ofrecemos en<br \/><a href=\"https:\/\/allwintheme.com\/es\/\">allwintheme.com<\/a>. Por ejemplo, tambi\u00e9n puede consultar nuestra gu\u00eda sobre herramientas para boletines, temas y consejos de automatizaci\u00f3n aqu\u00ed:<br \/><a href=\"https:\/\/wpkvip.com\">wpkvip.Blog<\/a>, que ofrece tutoriales pr\u00e1cticos e informaci\u00f3n para usuarios de WordPress y ConvertKit.<\/p><h3>Recursos relacionados<\/h3><ul><li><a href=\"https:\/\/allwintheme.com\/es\/?s=best%20email%20marketing&amp;post_type=product\">Los mejores plugins de marketing por correo electr\u00f3nico para WordPress<\/a><\/li><li><a href=\"https:\/\/allwintheme.com\/es\/?s=affiliate&amp;post_type=product\">Crear un programa de afiliados con SliceWP<\/a><\/li><li><a href=\"https:\/\/allwintheme.com\/es\/?s=convertkit&amp;post_type=product\">ConvertKit Automation Setup Tutorial en WPKVIP<\/a><\/li><\/ul><p>Con la integraci\u00f3n de SliceWP ConvertKit, puede convertir su programa de afiliados en un sistema de marketing automatizado que da la bienvenida a nuevos socios, los nutre y genera m\u00e1s ingresos, sin esfuerzo manual constante.<\/p>\n\t\t\t\t\t<\/div>\n\t\t\t\t\t\t<\/div>\n\t\t\t\t<\/div>\n\t\t\t\t\t<\/div>\n\t\t\t\t<\/div>\n\t\t<div class=\"wd-negative-gap elementor-element elementor-element-c24f867 e-flex e-con-boxed e-con e-parent\" data-id=\"c24f867\" data-element_type=\"container\" data-e-type=\"container\">\n\t\t\t\t\t<div class=\"e-con-inner\">\n\t\t\t\t<div class=\"elementor-element elementor-element-4ea68e2 elementor-widget elementor-widget-video\" data-id=\"4ea68e2\" data-element_type=\"widget\" data-e-type=\"widget\" data-settings=\"{&quot;youtube_url&quot;:&quot;https:\\\/\\\/youtu.be\\\/Xdvy71fdWsE&quot;,&quot;video_type&quot;:&quot;youtube&quot;,&quot;controls&quot;:&quot;yes&quot;}\" data-widget_type=\"video.default\">\n\t\t\t\t\t\t\t<div class=\"elementor-wrapper elementor-open-inline\">\n\t\t\t<div class=\"elementor-video\"><\/div>\t\t<\/div>\n\t\t\t\t\t\t<\/div>\n\t\t\t\t\t<\/div>\n\t\t\t\t<\/div>\n\t\t\t\t<\/div>","protected":false},"excerpt":{"rendered":"<p>SliceWP Add-On \u2013 ConvertKit Integration The SliceWP ConvertKit Integration Add-On allows you to automatically add new affiliates or referred customers<\/p>","protected":false},"featured_media":12364,"comment_status":"open","ping_status":"closed","template":"","meta":{"_acf_changed":false},"product_brand":[],"product_cat":[49],"product_tag":[],"class_list":{"0":"post-12400","1":"product","2":"type-product","3":"status-publish","4":"has-post-thumbnail","6":"product_cat-plugins","8":"first","9":"instock","10":"sale","11":"downloadable","12":"shipping-taxable","13":"purchasable","14":"product-type-simple"},"acf":[],"yoast_head":"<!-- This site is optimized with the Yoast SEO Premium plugin v25.6 (Yoast SEO v27.1.1) - https:\/\/yoast.com\/product\/yoast-seo-premium-wordpress\/ -->\n<title>SliceWP Add-On \u2013 ConvertKit Integration - AllWin Theme \u2013 Free WordPress Themes Download<\/title>\n<meta name=\"description\" content=\"Connect SliceWP with ConvertKit to automate affiliate email marketing, grow your list, and track referrals effortlessly.\" \/>\n<meta name=\"robots\" content=\"index, follow, max-snippet:-1, max-image-preview:large, max-video-preview:-1\" \/>\n<link rel=\"canonical\" href=\"https:\/\/allwintheme.com\/es\/producto\/slicewp-add-on-integracion-convertkit\/\" \/>\n<meta property=\"og:locale\" content=\"es_ES\" \/>\n<meta property=\"og:type\" content=\"article\" \/>\n<meta property=\"og:title\" content=\"SliceWP Add-On \u2013 ConvertKit Integration\" \/>\n<meta property=\"og:description\" content=\"Connect SliceWP with ConvertKit to automate affiliate email marketing, grow your list, and track referrals effortlessly.\" \/>\n<meta property=\"og:url\" content=\"https:\/\/allwintheme.com\/es\/producto\/slicewp-add-on-integracion-convertkit\/\" \/>\n<meta property=\"og:site_name\" content=\"AllWin Theme \u2013 Free WordPress Themes Download\" \/>\n<meta property=\"article:modified_time\" content=\"2025-11-05T12:10:19+00:00\" \/>\n<meta property=\"og:image\" content=\"https:\/\/allwintheme.com\/wp-content\/uploads\/2025\/11\/SliceWP-Add-On-\u2013-ConvertKit-Integration.png\" \/>\n\t<meta property=\"og:image:width\" content=\"1200\" \/>\n\t<meta property=\"og:image:height\" content=\"630\" \/>\n\t<meta property=\"og:image:type\" content=\"image\/png\" \/>\n<meta name=\"twitter:card\" content=\"summary_large_image\" \/>\n<meta name=\"twitter:label1\" content=\"Tiempo estimado de lectura\" \/>\n\t<meta name=\"twitter:data1\" content=\"2 minutos\" \/>\n<script type=\"application\/ld+json\" class=\"yoast-schema-graph\">{\"@context\":\"https:\/\/schema.org\",\"@graph\":[{\"@type\":\"WebPage\",\"@id\":\"https:\/\/allwintheme.com\/product\/slicewp-add-on-convertkit-integration\/\",\"url\":\"https:\/\/allwintheme.com\/product\/slicewp-add-on-convertkit-integration\/\",\"name\":\"SliceWP Add-On \u2013 ConvertKit Integration - AllWin Theme \u2013 Free WordPress Themes Download\",\"isPartOf\":{\"@id\":\"https:\/\/allwintheme.com\/#website\"},\"primaryImageOfPage\":{\"@id\":\"https:\/\/allwintheme.com\/product\/slicewp-add-on-convertkit-integration\/#primaryimage\"},\"image\":{\"@id\":\"https:\/\/allwintheme.com\/product\/slicewp-add-on-convertkit-integration\/#primaryimage\"},\"thumbnailUrl\":\"https:\/\/allwintheme.com\/wp-content\/uploads\/2025\/11\/SliceWP-Add-On-\u2013-ConvertKit-Integration.png\",\"datePublished\":\"2025-11-05T11:54:14+00:00\",\"dateModified\":\"2025-11-05T12:10:19+00:00\",\"description\":\"Connect SliceWP with ConvertKit to automate affiliate email marketing, grow your list, and track referrals effortlessly.\",\"breadcrumb\":{\"@id\":\"https:\/\/allwintheme.com\/product\/slicewp-add-on-convertkit-integration\/#breadcrumb\"},\"inLanguage\":\"es-CL\",\"potentialAction\":[{\"@type\":\"ReadAction\",\"target\":[\"https:\/\/allwintheme.com\/product\/slicewp-add-on-convertkit-integration\/\"]}]},{\"@type\":\"ImageObject\",\"inLanguage\":\"es-CL\",\"@id\":\"https:\/\/allwintheme.com\/product\/slicewp-add-on-convertkit-integration\/#primaryimage\",\"url\":\"https:\/\/allwintheme.com\/wp-content\/uploads\/2025\/11\/SliceWP-Add-On-\u2013-ConvertKit-Integration.png\",\"contentUrl\":\"https:\/\/allwintheme.com\/wp-content\/uploads\/2025\/11\/SliceWP-Add-On-\u2013-ConvertKit-Integration.png\",\"width\":1200,\"height\":630,\"caption\":\"SliceWP Add-On \u2013 ConvertKit Integration\"},{\"@type\":\"BreadcrumbList\",\"@id\":\"https:\/\/allwintheme.com\/product\/slicewp-add-on-convertkit-integration\/#breadcrumb\",\"itemListElement\":[{\"@type\":\"ListItem\",\"position\":1,\"name\":\"Home\",\"item\":\"https:\/\/allwintheme.com\/\"},{\"@type\":\"ListItem\",\"position\":2,\"name\":\"Shop\",\"item\":\"https:\/\/allwintheme.com\/shop\/\"},{\"@type\":\"ListItem\",\"position\":3,\"name\":\"SliceWP Add-On \u2013 ConvertKit Integration\"}]},{\"@type\":\"WebSite\",\"@id\":\"https:\/\/allwintheme.com\/#website\",\"url\":\"https:\/\/allwintheme.com\/\",\"name\":\"Allwintheme\",\"description\":\"Download free WordPress themes for every niche. Blogs, business, eCommerce, portfolio, restaurant and more. All themes are GPL licensed and mobile-ready.\",\"potentialAction\":[{\"@type\":\"SearchAction\",\"target\":{\"@type\":\"EntryPoint\",\"urlTemplate\":\"https:\/\/allwintheme.com\/?s={search_term_string}\"},\"query-input\":{\"@type\":\"PropertyValueSpecification\",\"valueRequired\":true,\"valueName\":\"search_term_string\"}}],\"inLanguage\":\"es-CL\"}]}<\/script>\n<!-- \/ Yoast SEO Premium plugin. -->","yoast_head_json":{"title":"SliceWP Add-On - ConvertKit Integration - AllWin Theme - Free WordPress Themes Download","description":"Conecte SliceWP con ConvertKit para automatizar el marketing de afiliaci\u00f3n por correo electr\u00f3nico, hacer crecer su lista y realizar un seguimiento de las referencias sin esfuerzo.","robots":{"index":"index","follow":"follow","max-snippet":"max-snippet:-1","max-image-preview":"max-image-preview:large","max-video-preview":"max-video-preview:-1"},"canonical":"https:\/\/allwintheme.com\/es\/producto\/slicewp-add-on-integracion-convertkit\/","og_locale":"es_ES","og_type":"article","og_title":"SliceWP Add-On \u2013 ConvertKit Integration","og_description":"Connect SliceWP with ConvertKit to automate affiliate email marketing, grow your list, and track referrals effortlessly.","og_url":"https:\/\/allwintheme.com\/es\/producto\/slicewp-add-on-integracion-convertkit\/","og_site_name":"AllWin Theme \u2013 Free WordPress Themes Download","article_modified_time":"2025-11-05T12:10:19+00:00","og_image":[{"width":1200,"height":630,"url":"https:\/\/allwintheme.com\/wp-content\/uploads\/2025\/11\/SliceWP-Add-On-\u2013-ConvertKit-Integration.png","type":"image\/png"}],"twitter_card":"summary_large_image","twitter_misc":{"Tiempo estimado de lectura":"2 minutos"},"schema":{"@context":"https:\/\/schema.org","@graph":[{"@type":"WebPage","@id":"https:\/\/allwintheme.com\/product\/slicewp-add-on-convertkit-integration\/","url":"https:\/\/allwintheme.com\/product\/slicewp-add-on-convertkit-integration\/","name":"SliceWP Add-On - ConvertKit Integration - AllWin Theme - Free WordPress Themes Download","isPartOf":{"@id":"https:\/\/allwintheme.com\/#website"},"primaryImageOfPage":{"@id":"https:\/\/allwintheme.com\/product\/slicewp-add-on-convertkit-integration\/#primaryimage"},"image":{"@id":"https:\/\/allwintheme.com\/product\/slicewp-add-on-convertkit-integration\/#primaryimage"},"thumbnailUrl":"https:\/\/allwintheme.com\/wp-content\/uploads\/2025\/11\/SliceWP-Add-On-\u2013-ConvertKit-Integration.png","datePublished":"2025-11-05T11:54:14+00:00","dateModified":"2025-11-05T12:10:19+00:00","description":"Conecte SliceWP con ConvertKit para automatizar el marketing de afiliaci\u00f3n por correo electr\u00f3nico, hacer crecer su lista y realizar un seguimiento de las referencias sin esfuerzo.","breadcrumb":{"@id":"https:\/\/allwintheme.com\/product\/slicewp-add-on-convertkit-integration\/#breadcrumb"},"inLanguage":"es-CL","potentialAction":[{"@type":"ReadAction","target":["https:\/\/allwintheme.com\/product\/slicewp-add-on-convertkit-integration\/"]}]},{"@type":"ImageObject","inLanguage":"es-CL","@id":"https:\/\/allwintheme.com\/product\/slicewp-add-on-convertkit-integration\/#primaryimage","url":"https:\/\/allwintheme.com\/wp-content\/uploads\/2025\/11\/SliceWP-Add-On-\u2013-ConvertKit-Integration.png","contentUrl":"https:\/\/allwintheme.com\/wp-content\/uploads\/2025\/11\/SliceWP-Add-On-\u2013-ConvertKit-Integration.png","width":1200,"height":630,"caption":"SliceWP Add-On \u2013 ConvertKit Integration"},{"@type":"BreadcrumbList","@id":"https:\/\/allwintheme.com\/product\/slicewp-add-on-convertkit-integration\/#breadcrumb","itemListElement":[{"@type":"ListItem","position":1,"name":"Home","item":"https:\/\/allwintheme.com\/"},{"@type":"ListItem","position":2,"name":"Shop","item":"https:\/\/allwintheme.com\/shop\/"},{"@type":"ListItem","position":3,"name":"SliceWP Add-On \u2013 ConvertKit Integration"}]},{"@type":"WebSite","@id":"https:\/\/allwintheme.com\/#website","url":"https:\/\/allwintheme.com\/","name":"Allwintheme","description":"Descarga gratis temas de WordPress para todos los nichos. Blogs, negocios, comercio electr\u00f3nico, portafolio, restaurante y m\u00e1s. Todos los temas tienen licencia GPL y est\u00e1n preparados para dispositivos m\u00f3viles.","potentialAction":[{"@type":"SearchAction","target":{"@type":"EntryPoint","urlTemplate":"https:\/\/allwintheme.com\/?s={search_term_string}"},"query-input":{"@type":"PropertyValueSpecification","valueRequired":true,"valueName":"search_term_string"}}],"inLanguage":"es-CL"}]}},"_links":{"self":[{"href":"https:\/\/allwintheme.com\/es\/wp-json\/wp\/v2\/product\/12400","targetHints":{"allow":["GET"]}}],"collection":[{"href":"https:\/\/allwintheme.com\/es\/wp-json\/wp\/v2\/product"}],"about":[{"href":"https:\/\/allwintheme.com\/es\/wp-json\/wp\/v2\/types\/product"}],"replies":[{"embeddable":true,"href":"https:\/\/allwintheme.com\/es\/wp-json\/wp\/v2\/comments?post=12400"}],"version-history":[{"count":8,"href":"https:\/\/allwintheme.com\/es\/wp-json\/wp\/v2\/product\/12400\/revisions"}],"predecessor-version":[{"id":12408,"href":"https:\/\/allwintheme.com\/es\/wp-json\/wp\/v2\/product\/12400\/revisions\/12408"}],"wp:featuredmedia":[{"embeddable":true,"href":"https:\/\/allwintheme.com\/es\/wp-json\/wp\/v2\/media\/12364"}],"wp:attachment":[{"href":"https:\/\/allwintheme.com\/es\/wp-json\/wp\/v2\/media?parent=12400"}],"wp:term":[{"taxonomy":"product_brand","embeddable":true,"href":"https:\/\/allwintheme.com\/es\/wp-json\/wp\/v2\/product_brand?post=12400"},{"taxonomy":"product_cat","embeddable":true,"href":"https:\/\/allwintheme.com\/es\/wp-json\/wp\/v2\/product_cat?post=12400"},{"taxonomy":"product_tag","embeddable":true,"href":"https:\/\/allwintheme.com\/es\/wp-json\/wp\/v2\/product_tag?post=12400"}],"curies":[{"name":"wp","href":"https:\/\/api.w.org\/{rel}","templated":true}]}}