{"id":12409,"date":"2025-11-05T12:50:18","date_gmt":"2025-11-05T12:50:18","guid":{"rendered":"https:\/\/allwintheme.com\/?post_type=product&#038;p=12409"},"modified":"2025-11-05T13:09:00","modified_gmt":"2025-11-05T13:09:00","slug":"edupro-curso-en-linea-educacion-elementor-pro-kit-de-plantillas","status":"publish","type":"product","link":"https:\/\/allwintheme.com\/es\/producto\/edupro-curso-en-linea-educacion-elementor-pro-kit-de-plantillas\/","title":{"rendered":"Edupro - Online Course &amp; Education Elementor Pro Template Kit"},"content":{"rendered":"<div data-elementor-type=\"wp-post\" data-elementor-id=\"12409\" class=\"elementor elementor-12409\" data-elementor-settings=\"{&quot;element_pack_global_tooltip_width&quot;:{&quot;unit&quot;:&quot;px&quot;,&quot;size&quot;:&quot;&quot;,&quot;sizes&quot;:[]},&quot;element_pack_global_tooltip_width_tablet&quot;:{&quot;unit&quot;:&quot;px&quot;,&quot;size&quot;:&quot;&quot;,&quot;sizes&quot;:[]},&quot;element_pack_global_tooltip_width_mobile&quot;:{&quot;unit&quot;:&quot;px&quot;,&quot;size&quot;:&quot;&quot;,&quot;sizes&quot;:[]},&quot;element_pack_global_tooltip_padding&quot;:{&quot;unit&quot;:&quot;px&quot;,&quot;top&quot;:&quot;&quot;,&quot;right&quot;:&quot;&quot;,&quot;bottom&quot;:&quot;&quot;,&quot;left&quot;:&quot;&quot;,&quot;isLinked&quot;:true},&quot;element_pack_global_tooltip_padding_tablet&quot;:{&quot;unit&quot;:&quot;px&quot;,&quot;top&quot;:&quot;&quot;,&quot;right&quot;:&quot;&quot;,&quot;bottom&quot;:&quot;&quot;,&quot;left&quot;:&quot;&quot;,&quot;isLinked&quot;:true},&quot;element_pack_global_tooltip_padding_mobile&quot;:{&quot;unit&quot;:&quot;px&quot;,&quot;top&quot;:&quot;&quot;,&quot;right&quot;:&quot;&quot;,&quot;bottom&quot;:&quot;&quot;,&quot;left&quot;:&quot;&quot;,&quot;isLinked&quot;:true},&quot;element_pack_global_tooltip_border_radius&quot;:{&quot;unit&quot;:&quot;px&quot;,&quot;top&quot;:&quot;&quot;,&quot;right&quot;:&quot;&quot;,&quot;bottom&quot;:&quot;&quot;,&quot;left&quot;:&quot;&quot;,&quot;isLinked&quot;:true},&quot;element_pack_global_tooltip_border_radius_tablet&quot;:{&quot;unit&quot;:&quot;px&quot;,&quot;top&quot;:&quot;&quot;,&quot;right&quot;:&quot;&quot;,&quot;bottom&quot;:&quot;&quot;,&quot;left&quot;:&quot;&quot;,&quot;isLinked&quot;:true},&quot;element_pack_global_tooltip_border_radius_mobile&quot;:{&quot;unit&quot;:&quot;px&quot;,&quot;top&quot;:&quot;&quot;,&quot;right&quot;:&quot;&quot;,&quot;bottom&quot;:&quot;&quot;,&quot;left&quot;:&quot;&quot;,&quot;isLinked&quot;:true}}\" data-elementor-post-type=\"product\">\n\t\t\t\t<div class=\"wd-negative-gap elementor-element elementor-element-39848b1 e-flex e-con-boxed e-con e-parent\" data-id=\"39848b1\" data-element_type=\"container\" data-e-type=\"container\">\n\t\t\t\t\t<div class=\"e-con-inner\">\n\t\t\t\t<div class=\"elementor-element elementor-element-919f328 elementor-widget elementor-widget-wd_text_block\" data-id=\"919f328\" data-element_type=\"widget\" data-e-type=\"widget\" data-widget_type=\"wd_text_block.default\">\n\t\t\t\t<div class=\"elementor-widget-container\">\n\t\t\t\t\t\t\t<div class=\"wd-text-block reset-last-child text-left\">\n\t\t\t\n\t\t\t<h2>Edupro - Online Course &amp; Education Elementor Pro Template Kit<\/h2><p>Edupro permite a los proveedores de educaci\u00f3n, academias de formaci\u00f3n y plataformas de e-learning crear r\u00e1pidamente un sitio web moderno y de alta conversi\u00f3n. Incluye muchas p\u00e1ginas listas para usar, dise\u00f1os flexibles y estilos globales para que pueda centrarse en el contenido en lugar del dise\u00f1o.<\/p><h3>Perfecto para plataformas de cursos en l\u00ednea<\/h3><p>Si ofrece cursos en l\u00ednea, certificaciones, talleres o formaci\u00f3n para socios, Edupro le proporciona un completo conjunto de herramientas. Por ejemplo, tendr\u00e1 listas de cursos, perfiles de instructores, p\u00e1ginas de seminarios web, testimonios de estudiantes y tablas de precios, todo predise\u00f1ado. Adem\u00e1s, se integra perfectamente con el n\u00facleo de <a href=\"https:\/\/allwintheme.com\/es\/categoria-producto\/temas\/\">colecci\u00f3n de temas educativos<\/a> en nuestro sitio, lo que facilita la personalizaci\u00f3n y la creaci\u00f3n de marcas.<\/p><h3>Personalizaci\u00f3n mediante arrastrar y soltar con Elementor Pro<\/h3><p>No necesitas escribir c\u00f3digo. En su lugar, utiliza el constructor visual de Elementor Pro para ajustar dise\u00f1os, cambiar fuentes y colores, intercambiar im\u00e1genes y configurar la navegaci\u00f3n. Adem\u00e1s, puedes enlazar a tu blog o centro de recursos, por ejemplo <a href=\"https:\/\/wpkvip.com\/edupro-elementor-pro-template-kit-gpl-license-authentic-user-reviews\/\">este art\u00edculo externo en WPKVIP sobre kits de plantillas para la educaci\u00f3n<\/a> ofrece ideas \u00fatiles a la hora de personalizar su dise\u00f1o.<\/p><h3>Dise\u00f1o adaptable y centrado en el rendimiento<\/h3><p>Edupro garantiza que su sitio funcione de forma excelente en dispositivos m\u00f3viles, tabletas y ordenadores de sobremesa. Adem\u00e1s, adopta las mejores pr\u00e1cticas de velocidad y SEO para que sus cursos aparezcan m\u00e1s arriba en los resultados de b\u00fasqueda. Como resultado, puede aumentar las inscripciones y hacer crecer su audiencia m\u00e1s r\u00e1pidamente.<\/p><h3>Caracter\u00edsticas principales<\/h3><ul><li>Dise\u00f1o moderno y depurado adaptado a la educaci\u00f3n y la formaci\u00f3n en l\u00ednea<\/li><li>Dise\u00f1os totalmente adaptables a todo tipo de dispositivos<\/li><li>Edici\u00f3n sencilla mediante arrastrar y soltar con Elementor Pro<\/li><li>Estilos tem\u00e1ticos globales para una imagen de marca coherente en todas las p\u00e1ginas<\/li><li>Plantillas predise\u00f1adas que incluyen p\u00e1gina de inicio, cursos, instructores, precios, testimonios y blog.<\/li><li>Optimizado para SEO y tiempos de carga r\u00e1pidos<\/li><\/ul><p>Al elegir Edupro, posicionar\u00e1 su negocio de cursos en l\u00ednea para el \u00e9xito. Pondr\u00e1 en marcha un sitio pulido r\u00e1pidamente, generar\u00e1 confianza con los estudiantes y se centrar\u00e1 en ofrecer su contenido educativo en lugar de en los obst\u00e1culos de dise\u00f1o.<\/p>\n\t\t\t\t\t<\/div>\n\t\t\t\t\t\t<\/div>\n\t\t\t\t<\/div>\n\t\t\t\t\t<\/div>\n\t\t\t\t<\/div>\n\t\t<div class=\"wd-negative-gap elementor-element elementor-element-c24f867 e-flex e-con-boxed e-con e-parent\" data-id=\"c24f867\" data-element_type=\"container\" data-e-type=\"container\">\n\t\t\t\t\t<div class=\"e-con-inner\">\n\t\t\t\t<div class=\"elementor-element elementor-element-4ea68e2 elementor-widget elementor-widget-video\" data-id=\"4ea68e2\" data-element_type=\"widget\" data-e-type=\"widget\" data-settings=\"{&quot;youtube_url&quot;:&quot;https:\\\/\\\/youtu.be\\\/VhBl3dHT5SY&quot;,&quot;video_type&quot;:&quot;youtube&quot;,&quot;controls&quot;:&quot;yes&quot;}\" data-widget_type=\"video.default\">\n\t\t\t\t\t\t\t<div class=\"elementor-wrapper elementor-open-inline\">\n\t\t\t<div class=\"elementor-video\"><\/div>\t\t<\/div>\n\t\t\t\t\t\t<\/div>\n\t\t\t\t\t<\/div>\n\t\t\t\t<\/div>\n\t\t\t\t<\/div>","protected":false},"excerpt":{"rendered":"<p>Edupro \u2013 Online Course &amp; Education Elementor Pro Template Kit Edupro enables education providers, training academies, and e-learning platforms to<\/p>","protected":false},"featured_media":12410,"comment_status":"open","ping_status":"closed","template":"","meta":{"_acf_changed":false},"product_brand":[],"product_cat":[50],"product_tag":[],"class_list":{"0":"post-12409","1":"product","2":"type-product","3":"status-publish","4":"has-post-thumbnail","6":"product_cat-template-kits","8":"first","9":"instock","10":"sale","11":"downloadable","12":"shipping-taxable","13":"purchasable","14":"product-type-simple"},"acf":[],"yoast_head":"<!-- This site is optimized with the Yoast SEO Premium plugin v25.6 (Yoast SEO v27.1.1) - https:\/\/yoast.com\/product\/yoast-seo-premium-wordpress\/ -->\n<title>Edupro \u2013 Online Course &amp; Education Elementor Pro Template Kit - AllWin Theme \u2013 Free WordPress Themes Download<\/title>\n<meta name=\"description\" content=\"Launch your educational site fast with Edupro, a modern Elementor Pro template kit built for online courses and e-learning platforms.\" \/>\n<meta name=\"robots\" content=\"index, follow, max-snippet:-1, max-image-preview:large, max-video-preview:-1\" \/>\n<link rel=\"canonical\" href=\"https:\/\/allwintheme.com\/es\/producto\/edupro-curso-en-linea-educacion-elementor-pro-kit-de-plantillas\/\" \/>\n<meta property=\"og:locale\" content=\"es_ES\" \/>\n<meta property=\"og:type\" content=\"article\" \/>\n<meta property=\"og:title\" content=\"Edupro \u2013 Online Course &amp; Education Elementor Pro Template Kit\" \/>\n<meta property=\"og:description\" content=\"Launch your educational site fast with Edupro, a modern Elementor Pro template kit built for online courses and e-learning platforms.\" \/>\n<meta property=\"og:url\" content=\"https:\/\/allwintheme.com\/es\/producto\/edupro-curso-en-linea-educacion-elementor-pro-kit-de-plantillas\/\" \/>\n<meta property=\"og:site_name\" content=\"AllWin Theme \u2013 Free WordPress Themes Download\" \/>\n<meta property=\"article:modified_time\" content=\"2025-11-05T13:09:00+00:00\" \/>\n<meta property=\"og:image\" content=\"https:\/\/allwintheme.com\/wp-content\/uploads\/2025\/11\/edupro-online-course.png\" \/>\n\t<meta property=\"og:image:width\" content=\"768\" \/>\n\t<meta property=\"og:image:height\" content=\"512\" \/>\n\t<meta property=\"og:image:type\" content=\"image\/png\" \/>\n<meta name=\"twitter:card\" content=\"summary_large_image\" \/>\n<meta name=\"twitter:label1\" content=\"Tiempo estimado de lectura\" \/>\n\t<meta name=\"twitter:data1\" content=\"2 minutos\" \/>\n<script type=\"application\/ld+json\" class=\"yoast-schema-graph\">{\"@context\":\"https:\/\/schema.org\",\"@graph\":[{\"@type\":\"WebPage\",\"@id\":\"https:\/\/allwintheme.com\/product\/edupro-online-course-education-elementor-pro-template-kit\/\",\"url\":\"https:\/\/allwintheme.com\/product\/edupro-online-course-education-elementor-pro-template-kit\/\",\"name\":\"Edupro \u2013 Online Course & Education Elementor Pro Template Kit - AllWin Theme \u2013 Free WordPress Themes Download\",\"isPartOf\":{\"@id\":\"https:\/\/allwintheme.com\/#website\"},\"primaryImageOfPage\":{\"@id\":\"https:\/\/allwintheme.com\/product\/edupro-online-course-education-elementor-pro-template-kit\/#primaryimage\"},\"image\":{\"@id\":\"https:\/\/allwintheme.com\/product\/edupro-online-course-education-elementor-pro-template-kit\/#primaryimage\"},\"thumbnailUrl\":\"https:\/\/allwintheme.com\/wp-content\/uploads\/2025\/11\/edupro-online-course.png\",\"datePublished\":\"2025-11-05T12:50:18+00:00\",\"dateModified\":\"2025-11-05T13:09:00+00:00\",\"description\":\"Launch your educational site fast with Edupro, a modern Elementor Pro template kit built for online courses and e-learning platforms.\",\"breadcrumb\":{\"@id\":\"https:\/\/allwintheme.com\/product\/edupro-online-course-education-elementor-pro-template-kit\/#breadcrumb\"},\"inLanguage\":\"es-CL\",\"potentialAction\":[{\"@type\":\"ReadAction\",\"target\":[\"https:\/\/allwintheme.com\/product\/edupro-online-course-education-elementor-pro-template-kit\/\"]}]},{\"@type\":\"ImageObject\",\"inLanguage\":\"es-CL\",\"@id\":\"https:\/\/allwintheme.com\/product\/edupro-online-course-education-elementor-pro-template-kit\/#primaryimage\",\"url\":\"https:\/\/allwintheme.com\/wp-content\/uploads\/2025\/11\/edupro-online-course.png\",\"contentUrl\":\"https:\/\/allwintheme.com\/wp-content\/uploads\/2025\/11\/edupro-online-course.png\",\"width\":768,\"height\":512,\"caption\":\"edupro online course\"},{\"@type\":\"BreadcrumbList\",\"@id\":\"https:\/\/allwintheme.com\/product\/edupro-online-course-education-elementor-pro-template-kit\/#breadcrumb\",\"itemListElement\":[{\"@type\":\"ListItem\",\"position\":1,\"name\":\"Home\",\"item\":\"https:\/\/allwintheme.com\/\"},{\"@type\":\"ListItem\",\"position\":2,\"name\":\"Shop\",\"item\":\"https:\/\/allwintheme.com\/shop\/\"},{\"@type\":\"ListItem\",\"position\":3,\"name\":\"Edupro \u2013 Online Course &#038; Education Elementor Pro Template Kit\"}]},{\"@type\":\"WebSite\",\"@id\":\"https:\/\/allwintheme.com\/#website\",\"url\":\"https:\/\/allwintheme.com\/\",\"name\":\"Allwintheme\",\"description\":\"Download free WordPress themes for every niche. Blogs, business, eCommerce, portfolio, restaurant and more. All themes are GPL licensed and mobile-ready.\",\"potentialAction\":[{\"@type\":\"SearchAction\",\"target\":{\"@type\":\"EntryPoint\",\"urlTemplate\":\"https:\/\/allwintheme.com\/?s={search_term_string}\"},\"query-input\":{\"@type\":\"PropertyValueSpecification\",\"valueRequired\":true,\"valueName\":\"search_term_string\"}}],\"inLanguage\":\"es-CL\"}]}<\/script>\n<!-- \/ Yoast SEO Premium plugin. -->","yoast_head_json":{"title":"Edupro \u2013 Online Course & Education Elementor Pro Template Kit - AllWin Theme \u2013 Free WordPress Themes Download","description":"Lanza tu sitio educativo r\u00e1pidamente con Edupro, un moderno kit de plantillas Elementor Pro creado para cursos online y plataformas de e-learning.","robots":{"index":"index","follow":"follow","max-snippet":"max-snippet:-1","max-image-preview":"max-image-preview:large","max-video-preview":"max-video-preview:-1"},"canonical":"https:\/\/allwintheme.com\/es\/producto\/edupro-curso-en-linea-educacion-elementor-pro-kit-de-plantillas\/","og_locale":"es_ES","og_type":"article","og_title":"Edupro \u2013 Online Course & Education Elementor Pro Template Kit","og_description":"Launch your educational site fast with Edupro, a modern Elementor Pro template kit built for online courses and e-learning platforms.","og_url":"https:\/\/allwintheme.com\/es\/producto\/edupro-curso-en-linea-educacion-elementor-pro-kit-de-plantillas\/","og_site_name":"AllWin Theme \u2013 Free WordPress Themes Download","article_modified_time":"2025-11-05T13:09:00+00:00","og_image":[{"width":768,"height":512,"url":"https:\/\/allwintheme.com\/wp-content\/uploads\/2025\/11\/edupro-online-course.png","type":"image\/png"}],"twitter_card":"summary_large_image","twitter_misc":{"Tiempo estimado de lectura":"2 minutos"},"schema":{"@context":"https:\/\/schema.org","@graph":[{"@type":"WebPage","@id":"https:\/\/allwintheme.com\/product\/edupro-online-course-education-elementor-pro-template-kit\/","url":"https:\/\/allwintheme.com\/product\/edupro-online-course-education-elementor-pro-template-kit\/","name":"Edupro \u2013 Online Course & Education Elementor Pro Template Kit - AllWin Theme \u2013 Free WordPress Themes Download","isPartOf":{"@id":"https:\/\/allwintheme.com\/#website"},"primaryImageOfPage":{"@id":"https:\/\/allwintheme.com\/product\/edupro-online-course-education-elementor-pro-template-kit\/#primaryimage"},"image":{"@id":"https:\/\/allwintheme.com\/product\/edupro-online-course-education-elementor-pro-template-kit\/#primaryimage"},"thumbnailUrl":"https:\/\/allwintheme.com\/wp-content\/uploads\/2025\/11\/edupro-online-course.png","datePublished":"2025-11-05T12:50:18+00:00","dateModified":"2025-11-05T13:09:00+00:00","description":"Lanza tu sitio educativo r\u00e1pidamente con Edupro, un moderno kit de plantillas Elementor Pro creado para cursos online y plataformas de e-learning.","breadcrumb":{"@id":"https:\/\/allwintheme.com\/product\/edupro-online-course-education-elementor-pro-template-kit\/#breadcrumb"},"inLanguage":"es-CL","potentialAction":[{"@type":"ReadAction","target":["https:\/\/allwintheme.com\/product\/edupro-online-course-education-elementor-pro-template-kit\/"]}]},{"@type":"ImageObject","inLanguage":"es-CL","@id":"https:\/\/allwintheme.com\/product\/edupro-online-course-education-elementor-pro-template-kit\/#primaryimage","url":"https:\/\/allwintheme.com\/wp-content\/uploads\/2025\/11\/edupro-online-course.png","contentUrl":"https:\/\/allwintheme.com\/wp-content\/uploads\/2025\/11\/edupro-online-course.png","width":768,"height":512,"caption":"edupro online course"},{"@type":"BreadcrumbList","@id":"https:\/\/allwintheme.com\/product\/edupro-online-course-education-elementor-pro-template-kit\/#breadcrumb","itemListElement":[{"@type":"ListItem","position":1,"name":"Home","item":"https:\/\/allwintheme.com\/"},{"@type":"ListItem","position":2,"name":"Shop","item":"https:\/\/allwintheme.com\/shop\/"},{"@type":"ListItem","position":3,"name":"Edupro \u2013 Online Course &#038; Education Elementor Pro Template Kit"}]},{"@type":"WebSite","@id":"https:\/\/allwintheme.com\/#website","url":"https:\/\/allwintheme.com\/","name":"Allwintheme","description":"Descarga gratis temas de WordPress para todos los nichos. Blogs, negocios, comercio electr\u00f3nico, portafolio, restaurante y m\u00e1s. Todos los temas tienen licencia GPL y est\u00e1n preparados para dispositivos m\u00f3viles.","potentialAction":[{"@type":"SearchAction","target":{"@type":"EntryPoint","urlTemplate":"https:\/\/allwintheme.com\/?s={search_term_string}"},"query-input":{"@type":"PropertyValueSpecification","valueRequired":true,"valueName":"search_term_string"}}],"inLanguage":"es-CL"}]}},"_links":{"self":[{"href":"https:\/\/allwintheme.com\/es\/wp-json\/wp\/v2\/product\/12409","targetHints":{"allow":["GET"]}}],"collection":[{"href":"https:\/\/allwintheme.com\/es\/wp-json\/wp\/v2\/product"}],"about":[{"href":"https:\/\/allwintheme.com\/es\/wp-json\/wp\/v2\/types\/product"}],"replies":[{"embeddable":true,"href":"https:\/\/allwintheme.com\/es\/wp-json\/wp\/v2\/comments?post=12409"}],"version-history":[{"count":8,"href":"https:\/\/allwintheme.com\/es\/wp-json\/wp\/v2\/product\/12409\/revisions"}],"predecessor-version":[{"id":12418,"href":"https:\/\/allwintheme.com\/es\/wp-json\/wp\/v2\/product\/12409\/revisions\/12418"}],"wp:featuredmedia":[{"embeddable":true,"href":"https:\/\/allwintheme.com\/es\/wp-json\/wp\/v2\/media\/12410"}],"wp:attachment":[{"href":"https:\/\/allwintheme.com\/es\/wp-json\/wp\/v2\/media?parent=12409"}],"wp:term":[{"taxonomy":"product_brand","embeddable":true,"href":"https:\/\/allwintheme.com\/es\/wp-json\/wp\/v2\/product_brand?post=12409"},{"taxonomy":"product_cat","embeddable":true,"href":"https:\/\/allwintheme.com\/es\/wp-json\/wp\/v2\/product_cat?post=12409"},{"taxonomy":"product_tag","embeddable":true,"href":"https:\/\/allwintheme.com\/es\/wp-json\/wp\/v2\/product_tag?post=12409"}],"curies":[{"name":"wp","href":"https:\/\/api.w.org\/{rel}","templated":true}]}}