{"id":12419,"date":"2025-11-06T01:40:00","date_gmt":"2025-11-06T01:40:00","guid":{"rendered":"https:\/\/allwintheme.com\/?post_type=product&#038;p=12419"},"modified":"2025-11-06T01:53:01","modified_gmt":"2025-11-06T01:53:01","slug":"cleanpro-servicios-de-limpieza-elementor-template-kit","status":"publish","type":"product","link":"https:\/\/allwintheme.com\/es\/producto\/cleanpro-servicios-de-limpieza-elementor-template-kit\/","title":{"rendered":"Cleanpro - Kit de Plantillas Elementor para Servicios de Limpieza"},"content":{"rendered":"<div data-elementor-type=\"wp-post\" data-elementor-id=\"12419\" class=\"elementor elementor-12419\" data-elementor-settings=\"{&quot;element_pack_global_tooltip_width&quot;:{&quot;unit&quot;:&quot;px&quot;,&quot;size&quot;:&quot;&quot;,&quot;sizes&quot;:[]},&quot;element_pack_global_tooltip_width_tablet&quot;:{&quot;unit&quot;:&quot;px&quot;,&quot;size&quot;:&quot;&quot;,&quot;sizes&quot;:[]},&quot;element_pack_global_tooltip_width_mobile&quot;:{&quot;unit&quot;:&quot;px&quot;,&quot;size&quot;:&quot;&quot;,&quot;sizes&quot;:[]},&quot;element_pack_global_tooltip_padding&quot;:{&quot;unit&quot;:&quot;px&quot;,&quot;top&quot;:&quot;&quot;,&quot;right&quot;:&quot;&quot;,&quot;bottom&quot;:&quot;&quot;,&quot;left&quot;:&quot;&quot;,&quot;isLinked&quot;:true},&quot;element_pack_global_tooltip_padding_tablet&quot;:{&quot;unit&quot;:&quot;px&quot;,&quot;top&quot;:&quot;&quot;,&quot;right&quot;:&quot;&quot;,&quot;bottom&quot;:&quot;&quot;,&quot;left&quot;:&quot;&quot;,&quot;isLinked&quot;:true},&quot;element_pack_global_tooltip_padding_mobile&quot;:{&quot;unit&quot;:&quot;px&quot;,&quot;top&quot;:&quot;&quot;,&quot;right&quot;:&quot;&quot;,&quot;bottom&quot;:&quot;&quot;,&quot;left&quot;:&quot;&quot;,&quot;isLinked&quot;:true},&quot;element_pack_global_tooltip_border_radius&quot;:{&quot;unit&quot;:&quot;px&quot;,&quot;top&quot;:&quot;&quot;,&quot;right&quot;:&quot;&quot;,&quot;bottom&quot;:&quot;&quot;,&quot;left&quot;:&quot;&quot;,&quot;isLinked&quot;:true},&quot;element_pack_global_tooltip_border_radius_tablet&quot;:{&quot;unit&quot;:&quot;px&quot;,&quot;top&quot;:&quot;&quot;,&quot;right&quot;:&quot;&quot;,&quot;bottom&quot;:&quot;&quot;,&quot;left&quot;:&quot;&quot;,&quot;isLinked&quot;:true},&quot;element_pack_global_tooltip_border_radius_mobile&quot;:{&quot;unit&quot;:&quot;px&quot;,&quot;top&quot;:&quot;&quot;,&quot;right&quot;:&quot;&quot;,&quot;bottom&quot;:&quot;&quot;,&quot;left&quot;:&quot;&quot;,&quot;isLinked&quot;:true}}\" data-elementor-post-type=\"product\">\n\t\t\t\t<div class=\"wd-negative-gap elementor-element elementor-element-39848b1 e-flex e-con-boxed e-con e-parent\" data-id=\"39848b1\" data-element_type=\"container\" data-e-type=\"container\">\n\t\t\t\t\t<div class=\"e-con-inner\">\n\t\t\t\t<div class=\"elementor-element elementor-element-919f328 elementor-widget elementor-widget-wd_text_block\" data-id=\"919f328\" data-element_type=\"widget\" data-e-type=\"widget\" data-widget_type=\"wd_text_block.default\">\n\t\t\t\t<div class=\"elementor-widget-container\">\n\t\t\t\t\t\t\t<div class=\"wd-text-block reset-last-child text-left\">\n\t\t\t\n\t\t\t<h2>Cleanpro - Kit de Plantillas Elementor para Servicios de Limpieza: Dise\u00f1os de sitios web brillantes<\/h2><p>En <strong>Kit de plantillas Elementor Cleanpro<\/strong> le ayuda a crear r\u00e1pidamente sitios web asombrosos y profesionales para empresas de limpieza y mantenimiento. Por ejemplo, los proveedores de servicios utilizan activamente este kit para mostrar sus ofertas con dise\u00f1os limpios y modernos. De este modo, atraes a m\u00e1s clientes sin empezar de cero, ahorras tiempo y mejoras tu presencia en Internet.<\/p><h3>Configuraci\u00f3n sin esfuerzo para resultados profesionales<\/h3><p>Cleanpro ofrece m\u00e1s de 20 p\u00e1ginas predise\u00f1adas para servicios de limpieza, incluyendo p\u00e1ginas de inicio, listas de servicios, formularios de reserva y secciones de contacto. Puedes importarlo todo directamente a Elementor y personalizar los colores, las fuentes y las im\u00e1genes para adaptarlos a tu marca. Adem\u00e1s, el dise\u00f1o totalmente adaptativo garantiza que tu sitio brille en ordenadores de sobremesa, tabletas y m\u00f3viles por igual.<\/p><h3>\u00bfPor qu\u00e9 elegir Cleanpro?<\/h3><ul><li><strong>P\u00e1ginas espec\u00edficas del sector:<\/strong> Plantillas preparadas para servicios, precios, testimonios y perfiles de equipo que destacan su experiencia en limpieza.<\/li><li><strong>Compatibilidad con Elementor:<\/strong> Funciona perfectamente con el plugin gratuito Elementor para la edici\u00f3n de arrastrar y soltar y no requiere codificaci\u00f3n.<\/li><li><strong>Est\u00e9tica moderna:<\/strong> Dise\u00f1os elegantes y minimalistas con im\u00e1genes y animaciones de alta calidad para transmitir confianza y eficacia.<\/li><li><strong>Estructura SEO-Friendly:<\/strong> Los dise\u00f1os optimizados ayudan a los motores de b\u00fasqueda a clasificar mejor su sitio, lo que atrae tr\u00e1fico local.<\/li><li><strong>Carga r\u00e1pida:<\/strong> Los elementos ligeros garantizan un rendimiento r\u00e1pido, manteniendo la atenci\u00f3n de los visitantes.<\/li><\/ul><h3>Potencie su negocio de limpieza en Internet<\/h3><p>Con Cleanpro, transformar\u00e1 su sitio web en una potente herramienta de marketing. Por ejemplo, integre calendarios de reservas o formularios de solicitud de servicios para convertir a los visitantes en clientes al instante. Como resultado, su servicio de limpieza destaca en un mercado competitivo, ayud\u00e1ndole a reservar m\u00e1s trabajos sin esfuerzo.<\/p><p>Explora m\u00e1s kits premium de Elementor como este en <a href=\"https:\/\/allwintheme.com\/es\/categoria-producto\/kits-de-plantillas\/\">AllWinTheme<\/a>. Para obtener m\u00e1s consejos sobre las plantillas de WordPress, echa un vistazo a esta perspicaz <a href=\"https:\/\/wpkvip.com\/cleanpro-cleaning-services-elementor-template-kit-gpl-license-authentic-user-reviews\/\">entrada del blog<\/a> en la construcci\u00f3n de sitios basados en servicios.<\/p><h3>Lance su sitio web hoy mismo<\/h3><p>Eleve su marca de servicios de limpieza con <strong>Kit de plantillas Elementor Cleanpro<\/strong>. Por lo tanto, desc\u00e1rgalo ahora, imp\u00f3rtalo en Elementor y \u00a1mira c\u00f3mo brilla tu negocio online!<\/p>\n\t\t\t\t\t<\/div>\n\t\t\t\t\t\t<\/div>\n\t\t\t\t<\/div>\n\t\t\t\t\t<\/div>\n\t\t\t\t<\/div>\n\t\t<div class=\"wd-negative-gap elementor-element elementor-element-c24f867 e-flex e-con-boxed e-con e-parent\" data-id=\"c24f867\" data-element_type=\"container\" data-e-type=\"container\">\n\t\t\t\t\t<div class=\"e-con-inner\">\n\t\t\t\t<div class=\"elementor-element elementor-element-4ea68e2 elementor-widget elementor-widget-video\" data-id=\"4ea68e2\" data-element_type=\"widget\" data-e-type=\"widget\" data-settings=\"{&quot;video_type&quot;:&quot;vimeo&quot;}\" data-widget_type=\"video.default\">\n\t\t\t\t\t\t\t<div class=\"elementor-wrapper elementor-open-inline\">\n\t\t\t<iframe class=\"elementor-video-iframe\" allowfullscreen allow=\"clipboard-write\" title=\"Reproductor de v\u00eddeo vimeo\" src=\"https:\/\/player.vimeo.com\/video\/138338844?color&amp;autopause=0&amp;loop=0&amp;muted=0&amp;title=1&amp;portrait=1&amp;byline=1#t=\" data-no-translation-title=\"\"><\/iframe>\t\t<\/div>\n\t\t\t\t\t\t<\/div>\n\t\t\t\t\t<\/div>\n\t\t\t\t<\/div>\n\t\t\t\t<\/div>","protected":false},"excerpt":{"rendered":"<p>Cleanpro \u2013 Cleaning Services Elementor Template Kit: Sparkling Website Designs The Cleanpro Elementor Template Kit helps you craft stunning, professional<\/p>","protected":false},"featured_media":12420,"comment_status":"open","ping_status":"closed","template":"","meta":{"_acf_changed":false},"product_brand":[],"product_cat":[50],"product_tag":[],"class_list":{"0":"post-12419","1":"product","2":"type-product","3":"status-publish","4":"has-post-thumbnail","6":"product_cat-template-kits","8":"first","9":"instock","10":"sale","11":"downloadable","12":"shipping-taxable","13":"purchasable","14":"product-type-simple"},"acf":[],"yoast_head":"<!-- This site is optimized with the Yoast SEO Premium plugin v25.6 (Yoast SEO v27.1.1) - https:\/\/yoast.com\/product\/yoast-seo-premium-wordpress\/ -->\n<title>Cleanpro \u2013 Cleaning Services Elementor Template Kit - AllWin Theme \u2013 Free WordPress Themes Download<\/title>\n<meta name=\"description\" content=\"Discover Cleanpro: A modern Elementor Template Kit for cleaning services websites. Build professional sites with pre-designed pages, responsive layouts, and easy customization.\" \/>\n<meta name=\"robots\" content=\"index, follow, max-snippet:-1, max-image-preview:large, max-video-preview:-1\" \/>\n<link rel=\"canonical\" href=\"https:\/\/allwintheme.com\/es\/producto\/cleanpro-servicios-de-limpieza-elementor-template-kit\/\" \/>\n<meta property=\"og:locale\" content=\"es_ES\" \/>\n<meta property=\"og:type\" content=\"article\" \/>\n<meta property=\"og:title\" content=\"Cleanpro \u2013 Cleaning Services Elementor Template Kit\" \/>\n<meta property=\"og:description\" content=\"Discover Cleanpro: A modern Elementor Template Kit for cleaning services websites. Build professional sites with pre-designed pages, responsive layouts, and easy customization.\" \/>\n<meta property=\"og:url\" content=\"https:\/\/allwintheme.com\/es\/producto\/cleanpro-servicios-de-limpieza-elementor-template-kit\/\" \/>\n<meta property=\"og:site_name\" content=\"AllWin Theme \u2013 Free WordPress Themes Download\" \/>\n<meta property=\"article:modified_time\" content=\"2025-11-06T01:53:01+00:00\" \/>\n<meta property=\"og:image\" content=\"https:\/\/allwintheme.com\/wp-content\/uploads\/2025\/11\/Cleanpro-\u2013-Cleaning-Services-Elementor-Template-Kit.png\" \/>\n\t<meta property=\"og:image:width\" content=\"1370\" \/>\n\t<meta property=\"og:image:height\" content=\"913\" \/>\n\t<meta property=\"og:image:type\" content=\"image\/png\" \/>\n<meta name=\"twitter:card\" content=\"summary_large_image\" \/>\n<meta name=\"twitter:label1\" content=\"Tiempo estimado de lectura\" \/>\n\t<meta name=\"twitter:data1\" content=\"2 minutos\" \/>\n<script type=\"application\/ld+json\" class=\"yoast-schema-graph\">{\"@context\":\"https:\/\/schema.org\",\"@graph\":[{\"@type\":\"WebPage\",\"@id\":\"https:\/\/allwintheme.com\/product\/cleanpro-cleaning-services-elementor-template-kit\/\",\"url\":\"https:\/\/allwintheme.com\/product\/cleanpro-cleaning-services-elementor-template-kit\/\",\"name\":\"Cleanpro \u2013 Cleaning Services Elementor Template Kit - AllWin Theme \u2013 Free WordPress Themes Download\",\"isPartOf\":{\"@id\":\"https:\/\/allwintheme.com\/#website\"},\"primaryImageOfPage\":{\"@id\":\"https:\/\/allwintheme.com\/product\/cleanpro-cleaning-services-elementor-template-kit\/#primaryimage\"},\"image\":{\"@id\":\"https:\/\/allwintheme.com\/product\/cleanpro-cleaning-services-elementor-template-kit\/#primaryimage\"},\"thumbnailUrl\":\"https:\/\/allwintheme.com\/wp-content\/uploads\/2025\/11\/Cleanpro-\u2013-Cleaning-Services-Elementor-Template-Kit.png\",\"datePublished\":\"2025-11-06T01:40:00+00:00\",\"dateModified\":\"2025-11-06T01:53:01+00:00\",\"description\":\"Discover Cleanpro: A modern Elementor Template Kit for cleaning services websites. Build professional sites with pre-designed pages, responsive layouts, and easy customization.\",\"breadcrumb\":{\"@id\":\"https:\/\/allwintheme.com\/product\/cleanpro-cleaning-services-elementor-template-kit\/#breadcrumb\"},\"inLanguage\":\"es-CL\",\"potentialAction\":[{\"@type\":\"ReadAction\",\"target\":[\"https:\/\/allwintheme.com\/product\/cleanpro-cleaning-services-elementor-template-kit\/\"]}]},{\"@type\":\"ImageObject\",\"inLanguage\":\"es-CL\",\"@id\":\"https:\/\/allwintheme.com\/product\/cleanpro-cleaning-services-elementor-template-kit\/#primaryimage\",\"url\":\"https:\/\/allwintheme.com\/wp-content\/uploads\/2025\/11\/Cleanpro-\u2013-Cleaning-Services-Elementor-Template-Kit.png\",\"contentUrl\":\"https:\/\/allwintheme.com\/wp-content\/uploads\/2025\/11\/Cleanpro-\u2013-Cleaning-Services-Elementor-Template-Kit.png\",\"width\":1370,\"height\":913,\"caption\":\"Cleanpro \u2013 Cleaning Services Elementor Template Kit\"},{\"@type\":\"BreadcrumbList\",\"@id\":\"https:\/\/allwintheme.com\/product\/cleanpro-cleaning-services-elementor-template-kit\/#breadcrumb\",\"itemListElement\":[{\"@type\":\"ListItem\",\"position\":1,\"name\":\"Home\",\"item\":\"https:\/\/allwintheme.com\/\"},{\"@type\":\"ListItem\",\"position\":2,\"name\":\"Shop\",\"item\":\"https:\/\/allwintheme.com\/shop\/\"},{\"@type\":\"ListItem\",\"position\":3,\"name\":\"Cleanpro \u2013 Cleaning Services Elementor Template Kit\"}]},{\"@type\":\"WebSite\",\"@id\":\"https:\/\/allwintheme.com\/#website\",\"url\":\"https:\/\/allwintheme.com\/\",\"name\":\"Allwintheme\",\"description\":\"Download free WordPress themes for every niche. Blogs, business, eCommerce, portfolio, restaurant and more. All themes are GPL licensed and mobile-ready.\",\"potentialAction\":[{\"@type\":\"SearchAction\",\"target\":{\"@type\":\"EntryPoint\",\"urlTemplate\":\"https:\/\/allwintheme.com\/?s={search_term_string}\"},\"query-input\":{\"@type\":\"PropertyValueSpecification\",\"valueRequired\":true,\"valueName\":\"search_term_string\"}}],\"inLanguage\":\"es-CL\"}]}<\/script>\n<!-- \/ Yoast SEO Premium plugin. -->","yoast_head_json":{"title":"Cleanpro \u2013 Cleaning Services Elementor Template Kit - AllWin Theme \u2013 Free WordPress Themes Download","description":"Descubra Cleanpro: Un moderno kit de plantillas Elementor para sitios web de servicios de limpieza. Cree sitios profesionales con p\u00e1ginas predise\u00f1adas, dise\u00f1os adaptables y f\u00e1cil personalizaci\u00f3n.","robots":{"index":"index","follow":"follow","max-snippet":"max-snippet:-1","max-image-preview":"max-image-preview:large","max-video-preview":"max-video-preview:-1"},"canonical":"https:\/\/allwintheme.com\/es\/producto\/cleanpro-servicios-de-limpieza-elementor-template-kit\/","og_locale":"es_ES","og_type":"article","og_title":"Cleanpro \u2013 Cleaning Services Elementor Template Kit","og_description":"Discover Cleanpro: A modern Elementor Template Kit for cleaning services websites. Build professional sites with pre-designed pages, responsive layouts, and easy customization.","og_url":"https:\/\/allwintheme.com\/es\/producto\/cleanpro-servicios-de-limpieza-elementor-template-kit\/","og_site_name":"AllWin Theme \u2013 Free WordPress Themes Download","article_modified_time":"2025-11-06T01:53:01+00:00","og_image":[{"width":1370,"height":913,"url":"https:\/\/allwintheme.com\/wp-content\/uploads\/2025\/11\/Cleanpro-\u2013-Cleaning-Services-Elementor-Template-Kit.png","type":"image\/png"}],"twitter_card":"summary_large_image","twitter_misc":{"Tiempo estimado de lectura":"2 minutos"},"schema":{"@context":"https:\/\/schema.org","@graph":[{"@type":"WebPage","@id":"https:\/\/allwintheme.com\/product\/cleanpro-cleaning-services-elementor-template-kit\/","url":"https:\/\/allwintheme.com\/product\/cleanpro-cleaning-services-elementor-template-kit\/","name":"Cleanpro \u2013 Cleaning Services Elementor Template Kit - AllWin Theme \u2013 Free WordPress Themes Download","isPartOf":{"@id":"https:\/\/allwintheme.com\/#website"},"primaryImageOfPage":{"@id":"https:\/\/allwintheme.com\/product\/cleanpro-cleaning-services-elementor-template-kit\/#primaryimage"},"image":{"@id":"https:\/\/allwintheme.com\/product\/cleanpro-cleaning-services-elementor-template-kit\/#primaryimage"},"thumbnailUrl":"https:\/\/allwintheme.com\/wp-content\/uploads\/2025\/11\/Cleanpro-\u2013-Cleaning-Services-Elementor-Template-Kit.png","datePublished":"2025-11-06T01:40:00+00:00","dateModified":"2025-11-06T01:53:01+00:00","description":"Descubra Cleanpro: Un moderno kit de plantillas Elementor para sitios web de servicios de limpieza. Cree sitios profesionales con p\u00e1ginas predise\u00f1adas, dise\u00f1os adaptables y f\u00e1cil personalizaci\u00f3n.","breadcrumb":{"@id":"https:\/\/allwintheme.com\/product\/cleanpro-cleaning-services-elementor-template-kit\/#breadcrumb"},"inLanguage":"es-CL","potentialAction":[{"@type":"ReadAction","target":["https:\/\/allwintheme.com\/product\/cleanpro-cleaning-services-elementor-template-kit\/"]}]},{"@type":"ImageObject","inLanguage":"es-CL","@id":"https:\/\/allwintheme.com\/product\/cleanpro-cleaning-services-elementor-template-kit\/#primaryimage","url":"https:\/\/allwintheme.com\/wp-content\/uploads\/2025\/11\/Cleanpro-\u2013-Cleaning-Services-Elementor-Template-Kit.png","contentUrl":"https:\/\/allwintheme.com\/wp-content\/uploads\/2025\/11\/Cleanpro-\u2013-Cleaning-Services-Elementor-Template-Kit.png","width":1370,"height":913,"caption":"Cleanpro \u2013 Cleaning Services Elementor Template Kit"},{"@type":"BreadcrumbList","@id":"https:\/\/allwintheme.com\/product\/cleanpro-cleaning-services-elementor-template-kit\/#breadcrumb","itemListElement":[{"@type":"ListItem","position":1,"name":"Home","item":"https:\/\/allwintheme.com\/"},{"@type":"ListItem","position":2,"name":"Shop","item":"https:\/\/allwintheme.com\/shop\/"},{"@type":"ListItem","position":3,"name":"Cleanpro \u2013 Cleaning Services Elementor Template Kit"}]},{"@type":"WebSite","@id":"https:\/\/allwintheme.com\/#website","url":"https:\/\/allwintheme.com\/","name":"Allwintheme","description":"Descarga gratis temas de WordPress para todos los nichos. Blogs, negocios, comercio electr\u00f3nico, portafolio, restaurante y m\u00e1s. Todos los temas tienen licencia GPL y est\u00e1n preparados para dispositivos m\u00f3viles.","potentialAction":[{"@type":"SearchAction","target":{"@type":"EntryPoint","urlTemplate":"https:\/\/allwintheme.com\/?s={search_term_string}"},"query-input":{"@type":"PropertyValueSpecification","valueRequired":true,"valueName":"search_term_string"}}],"inLanguage":"es-CL"}]}},"_links":{"self":[{"href":"https:\/\/allwintheme.com\/es\/wp-json\/wp\/v2\/product\/12419","targetHints":{"allow":["GET"]}}],"collection":[{"href":"https:\/\/allwintheme.com\/es\/wp-json\/wp\/v2\/product"}],"about":[{"href":"https:\/\/allwintheme.com\/es\/wp-json\/wp\/v2\/types\/product"}],"replies":[{"embeddable":true,"href":"https:\/\/allwintheme.com\/es\/wp-json\/wp\/v2\/comments?post=12419"}],"version-history":[{"count":15,"href":"https:\/\/allwintheme.com\/es\/wp-json\/wp\/v2\/product\/12419\/revisions"}],"predecessor-version":[{"id":12435,"href":"https:\/\/allwintheme.com\/es\/wp-json\/wp\/v2\/product\/12419\/revisions\/12435"}],"wp:featuredmedia":[{"embeddable":true,"href":"https:\/\/allwintheme.com\/es\/wp-json\/wp\/v2\/media\/12420"}],"wp:attachment":[{"href":"https:\/\/allwintheme.com\/es\/wp-json\/wp\/v2\/media?parent=12419"}],"wp:term":[{"taxonomy":"product_brand","embeddable":true,"href":"https:\/\/allwintheme.com\/es\/wp-json\/wp\/v2\/product_brand?post=12419"},{"taxonomy":"product_cat","embeddable":true,"href":"https:\/\/allwintheme.com\/es\/wp-json\/wp\/v2\/product_cat?post=12419"},{"taxonomy":"product_tag","embeddable":true,"href":"https:\/\/allwintheme.com\/es\/wp-json\/wp\/v2\/product_tag?post=12419"}],"curies":[{"name":"wp","href":"https:\/\/api.w.org\/{rel}","templated":true}]}}