{"id":12450,"date":"2025-11-06T02:38:53","date_gmt":"2025-11-06T02:38:53","guid":{"rendered":"https:\/\/allwintheme.com\/?post_type=product&#038;p=12450"},"modified":"2025-11-06T02:45:35","modified_gmt":"2025-11-06T02:45:35","slug":"galacamp-glamour-camping-aventura-elementor-plantilla-kit","status":"publish","type":"product","link":"https:\/\/allwintheme.com\/es\/producto\/galacamp-glamour-camping-aventura-elementor-plantilla-kit\/","title":{"rendered":"Galacamp - Glamour Camping &amp; Adventure Elementor Template Kit"},"content":{"rendered":"<div data-elementor-type=\"wp-post\" data-elementor-id=\"12450\" class=\"elementor elementor-12450\" data-elementor-settings=\"{&quot;element_pack_global_tooltip_width&quot;:{&quot;unit&quot;:&quot;px&quot;,&quot;size&quot;:&quot;&quot;,&quot;sizes&quot;:[]},&quot;element_pack_global_tooltip_width_tablet&quot;:{&quot;unit&quot;:&quot;px&quot;,&quot;size&quot;:&quot;&quot;,&quot;sizes&quot;:[]},&quot;element_pack_global_tooltip_width_mobile&quot;:{&quot;unit&quot;:&quot;px&quot;,&quot;size&quot;:&quot;&quot;,&quot;sizes&quot;:[]},&quot;element_pack_global_tooltip_padding&quot;:{&quot;unit&quot;:&quot;px&quot;,&quot;top&quot;:&quot;&quot;,&quot;right&quot;:&quot;&quot;,&quot;bottom&quot;:&quot;&quot;,&quot;left&quot;:&quot;&quot;,&quot;isLinked&quot;:true},&quot;element_pack_global_tooltip_padding_tablet&quot;:{&quot;unit&quot;:&quot;px&quot;,&quot;top&quot;:&quot;&quot;,&quot;right&quot;:&quot;&quot;,&quot;bottom&quot;:&quot;&quot;,&quot;left&quot;:&quot;&quot;,&quot;isLinked&quot;:true},&quot;element_pack_global_tooltip_padding_mobile&quot;:{&quot;unit&quot;:&quot;px&quot;,&quot;top&quot;:&quot;&quot;,&quot;right&quot;:&quot;&quot;,&quot;bottom&quot;:&quot;&quot;,&quot;left&quot;:&quot;&quot;,&quot;isLinked&quot;:true},&quot;element_pack_global_tooltip_border_radius&quot;:{&quot;unit&quot;:&quot;px&quot;,&quot;top&quot;:&quot;&quot;,&quot;right&quot;:&quot;&quot;,&quot;bottom&quot;:&quot;&quot;,&quot;left&quot;:&quot;&quot;,&quot;isLinked&quot;:true},&quot;element_pack_global_tooltip_border_radius_tablet&quot;:{&quot;unit&quot;:&quot;px&quot;,&quot;top&quot;:&quot;&quot;,&quot;right&quot;:&quot;&quot;,&quot;bottom&quot;:&quot;&quot;,&quot;left&quot;:&quot;&quot;,&quot;isLinked&quot;:true},&quot;element_pack_global_tooltip_border_radius_mobile&quot;:{&quot;unit&quot;:&quot;px&quot;,&quot;top&quot;:&quot;&quot;,&quot;right&quot;:&quot;&quot;,&quot;bottom&quot;:&quot;&quot;,&quot;left&quot;:&quot;&quot;,&quot;isLinked&quot;:true}}\" data-elementor-post-type=\"product\">\n\t\t\t\t<div class=\"wd-negative-gap elementor-element elementor-element-39848b1 e-flex e-con-boxed e-con e-parent\" data-id=\"39848b1\" data-element_type=\"container\" data-e-type=\"container\">\n\t\t\t\t\t<div class=\"e-con-inner\">\n\t\t\t\t<div class=\"elementor-element elementor-element-919f328 elementor-widget elementor-widget-wd_text_block\" data-id=\"919f328\" data-element_type=\"widget\" data-e-type=\"widget\" data-widget_type=\"wd_text_block.default\">\n\t\t\t\t<div class=\"elementor-widget-container\">\n\t\t\t\t\t\t\t<div class=\"wd-text-block reset-last-child text-left\">\n\t\t\t\n\t\t\t<h2>Galacamp - Glamour Camping y Aventura: Plantillas Elementor impresionantes<\/h2><p>En <strong>Galacamp Kit de plantillas Elementor<\/strong> transforma su sitio de WordPress en un escaparate cautivador de experiencias de acampada y aventura con glamour. Por ejemplo, los blogueros de viajes y las agencias de actividades al aire libre utilizan activamente estas plantillas predise\u00f1adas para destacar lujosos lugares de glamping, emocionantes excursiones y aventuras ecol\u00f3gicas. De este modo, podr\u00e1 crear p\u00e1ginas envolventes que atraigan a los amantes de la aventura sin tener que empezar desde cero.<\/p><h3>Instalaci\u00f3n sin esfuerzo para los entusiastas de las actividades al aire libre<\/h3><p>Galacamp ofrece m\u00e1s de 20 plantillas Elementor listas para usar y adaptadas a campings. Podr\u00e1s importarlas con un solo clic y personalizar colores, fuentes y dise\u00f1os al instante. Adem\u00e1s, el kit se integra a la perfecci\u00f3n con Elementor Pro para que puedas crear p\u00e1ginas adaptativas para visitas guiadas, reservas y galer\u00edas con un aspecto impecable en cualquier dispositivo.<\/p><h3>\u00bfPor qu\u00e9 elegir Galacamp?<\/h3><ul><li><strong>Dise\u00f1os orientados a la aventura:<\/strong> Atractivas secciones para galer\u00edas de glamping, planificadores de itinerarios y deslizadores de testimonios.<\/li><li><strong>Dise\u00f1os adaptados a m\u00f3viles:<\/strong> Todas las plantillas se adaptan perfectamente a tel\u00e9fonos y tabletas para navegar sobre la marcha.<\/li><li><strong>Preparado para la integraci\u00f3n de reservas:<\/strong> Compatible con WooCommerce y formularios de contacto para gestionar reservas sin problemas.<\/li><li><strong>Libertad de personalizaci\u00f3n:<\/strong> Intercambia im\u00e1genes, ajusta el espaciado y a\u00f1ade tu marca con la facilidad de arrastrar y soltar de Elementor.<\/li><li><strong>P\u00e1ginas optimizadas para SEO:<\/strong> Las mejores pr\u00e1cticas integradas garantizan que su camping ocupe un lugar destacado en los resultados de b\u00fasqueda.<\/li><\/ul><h3>Perfecto para sitios de glamour y aventura<\/h3><p>Tanto si promociona tiendas de lujo bajo las estrellas como aventuras en senderos escarpados, Galacamp proporciona plantillas vers\u00e1tiles que capturan la esencia del lujo al aire libre. Por ejemplo, utilice las secciones principales para paisajes impresionantes o los dise\u00f1os de blog para relatos de viajes. Como resultado, su sitio atraer\u00e1 a los visitantes y los convertir\u00e1 en reservas sin esfuerzo.<\/p><h3>Herramientas y recursos relacionados<\/h3><p>Para mejorar su camping, consulte productos complementarios como <a href=\"https:\/\/allwintheme.com\/es\/producto\/elementor-pro-2\/\">Elementor Pro GPL<\/a> para widgets y pop-ups avanzados. Para obtener m\u00e1s inspiraci\u00f3n sobre WordPress, consulte los tutoriales de <a href=\"https:\/\/wpvkp.com\/\">Blog WPVKP<\/a>donde encontrar\u00e1 gu\u00edas sobre la creaci\u00f3n de estrategias de contenidos eficaces para nichos de aventura.<\/p><h3>Lance hoy mismo su sitio web de aventuras<\/h3><p>Eleve su marca de camping glamuroso con <strong>Galacamp Kit de plantillas Elementor<\/strong>. Por lo tanto, importar, personalizar, y entrar en directo en cuesti\u00f3n de minutos. Empiece ya a crear experiencias inolvidables al aire libre.<\/p>\n\t\t\t\t\t<\/div>\n\t\t\t\t\t\t<\/div>\n\t\t\t\t<\/div>\n\t\t\t\t\t<\/div>\n\t\t\t\t<\/div>\n\t\t<div class=\"wd-negative-gap elementor-element elementor-element-c24f867 e-flex e-con-boxed e-con e-parent\" data-id=\"c24f867\" data-element_type=\"container\" data-e-type=\"container\">\n\t\t\t\t\t<div class=\"e-con-inner\">\n\t\t\t\t<div class=\"elementor-element elementor-element-4ea68e2 elementor-widget elementor-widget-video\" data-id=\"4ea68e2\" data-element_type=\"widget\" data-e-type=\"widget\" data-settings=\"{&quot;youtube_url&quot;:&quot;https:\\\/\\\/youtu.be\\\/yMn6jiFGlP0&quot;,&quot;video_type&quot;:&quot;youtube&quot;,&quot;controls&quot;:&quot;yes&quot;}\" data-widget_type=\"video.default\">\n\t\t\t\t\t\t\t<div class=\"elementor-wrapper elementor-open-inline\">\n\t\t\t<div class=\"elementor-video\"><\/div>\t\t<\/div>\n\t\t\t\t\t\t<\/div>\n\t\t\t\t\t<\/div>\n\t\t\t\t<\/div>\n\t\t\t\t<\/div>","protected":false},"excerpt":{"rendered":"<p>Galacamp \u2013 Glamour Camping &amp; Adventure: Stunning Elementor Templates The Galacamp Elementor Template Kit transforms your WordPress site into a<\/p>","protected":false},"featured_media":12442,"comment_status":"open","ping_status":"closed","template":"","meta":{"_acf_changed":false},"product_brand":[],"product_cat":[50],"product_tag":[],"class_list":{"0":"post-12450","1":"product","2":"type-product","3":"status-publish","4":"has-post-thumbnail","6":"product_cat-template-kits","8":"first","9":"instock","10":"sale","11":"downloadable","12":"shipping-taxable","13":"purchasable","14":"product-type-simple"},"acf":[],"yoast_head":"<!-- This site is optimized with the Yoast SEO Premium plugin v25.6 (Yoast SEO v27.1.1) - https:\/\/yoast.com\/product\/yoast-seo-premium-wordpress\/ -->\n<title>Galacamp \u2013 Glamour Camping &amp; Adventure Elementor Template Kit - AllWin Theme \u2013 Free WordPress Themes Download<\/title>\n<meta name=\"description\" content=\"Discover Galacamp: A stunning Elementor template kit for glamour camping and adventure sites. Responsive designs for tours, bookings, and outdoor experiences.\" \/>\n<meta name=\"robots\" content=\"index, follow, max-snippet:-1, max-image-preview:large, max-video-preview:-1\" \/>\n<link rel=\"canonical\" href=\"https:\/\/allwintheme.com\/es\/producto\/galacamp-glamour-camping-aventura-elementor-plantilla-kit\/\" \/>\n<meta property=\"og:locale\" content=\"es_ES\" \/>\n<meta property=\"og:type\" content=\"article\" \/>\n<meta property=\"og:title\" content=\"Galacamp \u2013 Glamour Camping &amp; Adventure Elementor Template Kit\" \/>\n<meta property=\"og:description\" content=\"Discover Galacamp: A stunning Elementor template kit for glamour camping and adventure sites. Responsive designs for tours, bookings, and outdoor experiences.\" \/>\n<meta property=\"og:url\" content=\"https:\/\/allwintheme.com\/es\/producto\/galacamp-glamour-camping-aventura-elementor-plantilla-kit\/\" \/>\n<meta property=\"og:site_name\" content=\"AllWin Theme \u2013 Free WordPress Themes Download\" \/>\n<meta property=\"article:modified_time\" content=\"2025-11-06T02:45:35+00:00\" \/>\n<meta property=\"og:image\" content=\"https:\/\/allwintheme.com\/wp-content\/uploads\/2025\/11\/Galacamp-\u2013-Glamour-Camping-Adventure-Elementor-Template-Kit.png\" \/>\n\t<meta property=\"og:image:width\" content=\"1370\" \/>\n\t<meta property=\"og:image:height\" content=\"913\" \/>\n\t<meta property=\"og:image:type\" content=\"image\/png\" \/>\n<meta name=\"twitter:card\" content=\"summary_large_image\" \/>\n<meta name=\"twitter:label1\" content=\"Tiempo estimado de lectura\" \/>\n\t<meta name=\"twitter:data1\" content=\"2 minutos\" \/>\n<script type=\"application\/ld+json\" class=\"yoast-schema-graph\">{\"@context\":\"https:\/\/schema.org\",\"@graph\":[{\"@type\":\"WebPage\",\"@id\":\"https:\/\/allwintheme.com\/product\/galacamp-glamour-camping-adventure-elementor-template-kit\/\",\"url\":\"https:\/\/allwintheme.com\/product\/galacamp-glamour-camping-adventure-elementor-template-kit\/\",\"name\":\"Galacamp \u2013 Glamour Camping & Adventure Elementor Template Kit - AllWin Theme \u2013 Free WordPress Themes Download\",\"isPartOf\":{\"@id\":\"https:\/\/allwintheme.com\/#website\"},\"primaryImageOfPage\":{\"@id\":\"https:\/\/allwintheme.com\/product\/galacamp-glamour-camping-adventure-elementor-template-kit\/#primaryimage\"},\"image\":{\"@id\":\"https:\/\/allwintheme.com\/product\/galacamp-glamour-camping-adventure-elementor-template-kit\/#primaryimage\"},\"thumbnailUrl\":\"https:\/\/allwintheme.com\/wp-content\/uploads\/2025\/11\/Galacamp-\u2013-Glamour-Camping-Adventure-Elementor-Template-Kit.png\",\"datePublished\":\"2025-11-06T02:38:53+00:00\",\"dateModified\":\"2025-11-06T02:45:35+00:00\",\"description\":\"Discover Galacamp: A stunning Elementor template kit for glamour camping and adventure sites. Responsive designs for tours, bookings, and outdoor experiences.\",\"breadcrumb\":{\"@id\":\"https:\/\/allwintheme.com\/product\/galacamp-glamour-camping-adventure-elementor-template-kit\/#breadcrumb\"},\"inLanguage\":\"es-CL\",\"potentialAction\":[{\"@type\":\"ReadAction\",\"target\":[\"https:\/\/allwintheme.com\/product\/galacamp-glamour-camping-adventure-elementor-template-kit\/\"]}]},{\"@type\":\"ImageObject\",\"inLanguage\":\"es-CL\",\"@id\":\"https:\/\/allwintheme.com\/product\/galacamp-glamour-camping-adventure-elementor-template-kit\/#primaryimage\",\"url\":\"https:\/\/allwintheme.com\/wp-content\/uploads\/2025\/11\/Galacamp-\u2013-Glamour-Camping-Adventure-Elementor-Template-Kit.png\",\"contentUrl\":\"https:\/\/allwintheme.com\/wp-content\/uploads\/2025\/11\/Galacamp-\u2013-Glamour-Camping-Adventure-Elementor-Template-Kit.png\",\"width\":1370,\"height\":913,\"caption\":\"Galacamp \u2013 Glamour Camping & Adventure Elementor Template Kit\"},{\"@type\":\"BreadcrumbList\",\"@id\":\"https:\/\/allwintheme.com\/product\/galacamp-glamour-camping-adventure-elementor-template-kit\/#breadcrumb\",\"itemListElement\":[{\"@type\":\"ListItem\",\"position\":1,\"name\":\"Home\",\"item\":\"https:\/\/allwintheme.com\/\"},{\"@type\":\"ListItem\",\"position\":2,\"name\":\"Shop\",\"item\":\"https:\/\/allwintheme.com\/shop\/\"},{\"@type\":\"ListItem\",\"position\":3,\"name\":\"Galacamp \u2013 Glamour Camping &#038; Adventure Elementor Template Kit\"}]},{\"@type\":\"WebSite\",\"@id\":\"https:\/\/allwintheme.com\/#website\",\"url\":\"https:\/\/allwintheme.com\/\",\"name\":\"Allwintheme\",\"description\":\"Download free WordPress themes for every niche. Blogs, business, eCommerce, portfolio, restaurant and more. All themes are GPL licensed and mobile-ready.\",\"potentialAction\":[{\"@type\":\"SearchAction\",\"target\":{\"@type\":\"EntryPoint\",\"urlTemplate\":\"https:\/\/allwintheme.com\/?s={search_term_string}\"},\"query-input\":{\"@type\":\"PropertyValueSpecification\",\"valueRequired\":true,\"valueName\":\"search_term_string\"}}],\"inLanguage\":\"es-CL\"}]}<\/script>\n<!-- \/ Yoast SEO Premium plugin. -->","yoast_head_json":{"title":"Galacamp \u2013 Glamour Camping & Adventure Elementor Template Kit - AllWin Theme \u2013 Free WordPress Themes Download","description":"Descubra Galacamp: Un impresionante kit de plantillas Elementor para sitios glamurosos de camping y aventura. Dise\u00f1os responsive para tours, reservas y experiencias al aire libre.","robots":{"index":"index","follow":"follow","max-snippet":"max-snippet:-1","max-image-preview":"max-image-preview:large","max-video-preview":"max-video-preview:-1"},"canonical":"https:\/\/allwintheme.com\/es\/producto\/galacamp-glamour-camping-aventura-elementor-plantilla-kit\/","og_locale":"es_ES","og_type":"article","og_title":"Galacamp \u2013 Glamour Camping & Adventure Elementor Template Kit","og_description":"Discover Galacamp: A stunning Elementor template kit for glamour camping and adventure sites. Responsive designs for tours, bookings, and outdoor experiences.","og_url":"https:\/\/allwintheme.com\/es\/producto\/galacamp-glamour-camping-aventura-elementor-plantilla-kit\/","og_site_name":"AllWin Theme \u2013 Free WordPress Themes Download","article_modified_time":"2025-11-06T02:45:35+00:00","og_image":[{"width":1370,"height":913,"url":"https:\/\/allwintheme.com\/wp-content\/uploads\/2025\/11\/Galacamp-\u2013-Glamour-Camping-Adventure-Elementor-Template-Kit.png","type":"image\/png"}],"twitter_card":"summary_large_image","twitter_misc":{"Tiempo estimado de lectura":"2 minutos"},"schema":{"@context":"https:\/\/schema.org","@graph":[{"@type":"WebPage","@id":"https:\/\/allwintheme.com\/product\/galacamp-glamour-camping-adventure-elementor-template-kit\/","url":"https:\/\/allwintheme.com\/product\/galacamp-glamour-camping-adventure-elementor-template-kit\/","name":"Galacamp \u2013 Glamour Camping & Adventure Elementor Template Kit - AllWin Theme \u2013 Free WordPress Themes Download","isPartOf":{"@id":"https:\/\/allwintheme.com\/#website"},"primaryImageOfPage":{"@id":"https:\/\/allwintheme.com\/product\/galacamp-glamour-camping-adventure-elementor-template-kit\/#primaryimage"},"image":{"@id":"https:\/\/allwintheme.com\/product\/galacamp-glamour-camping-adventure-elementor-template-kit\/#primaryimage"},"thumbnailUrl":"https:\/\/allwintheme.com\/wp-content\/uploads\/2025\/11\/Galacamp-\u2013-Glamour-Camping-Adventure-Elementor-Template-Kit.png","datePublished":"2025-11-06T02:38:53+00:00","dateModified":"2025-11-06T02:45:35+00:00","description":"Descubra Galacamp: Un impresionante kit de plantillas Elementor para sitios glamurosos de camping y aventura. Dise\u00f1os responsive para tours, reservas y experiencias al aire libre.","breadcrumb":{"@id":"https:\/\/allwintheme.com\/product\/galacamp-glamour-camping-adventure-elementor-template-kit\/#breadcrumb"},"inLanguage":"es-CL","potentialAction":[{"@type":"ReadAction","target":["https:\/\/allwintheme.com\/product\/galacamp-glamour-camping-adventure-elementor-template-kit\/"]}]},{"@type":"ImageObject","inLanguage":"es-CL","@id":"https:\/\/allwintheme.com\/product\/galacamp-glamour-camping-adventure-elementor-template-kit\/#primaryimage","url":"https:\/\/allwintheme.com\/wp-content\/uploads\/2025\/11\/Galacamp-\u2013-Glamour-Camping-Adventure-Elementor-Template-Kit.png","contentUrl":"https:\/\/allwintheme.com\/wp-content\/uploads\/2025\/11\/Galacamp-\u2013-Glamour-Camping-Adventure-Elementor-Template-Kit.png","width":1370,"height":913,"caption":"Galacamp \u2013 Glamour Camping & Adventure Elementor Template Kit"},{"@type":"BreadcrumbList","@id":"https:\/\/allwintheme.com\/product\/galacamp-glamour-camping-adventure-elementor-template-kit\/#breadcrumb","itemListElement":[{"@type":"ListItem","position":1,"name":"Home","item":"https:\/\/allwintheme.com\/"},{"@type":"ListItem","position":2,"name":"Shop","item":"https:\/\/allwintheme.com\/shop\/"},{"@type":"ListItem","position":3,"name":"Galacamp \u2013 Glamour Camping &#038; Adventure Elementor Template Kit"}]},{"@type":"WebSite","@id":"https:\/\/allwintheme.com\/#website","url":"https:\/\/allwintheme.com\/","name":"Allwintheme","description":"Descarga gratis temas de WordPress para todos los nichos. Blogs, negocios, comercio electr\u00f3nico, portafolio, restaurante y m\u00e1s. Todos los temas tienen licencia GPL y est\u00e1n preparados para dispositivos m\u00f3viles.","potentialAction":[{"@type":"SearchAction","target":{"@type":"EntryPoint","urlTemplate":"https:\/\/allwintheme.com\/?s={search_term_string}"},"query-input":{"@type":"PropertyValueSpecification","valueRequired":true,"valueName":"search_term_string"}}],"inLanguage":"es-CL"}]}},"_links":{"self":[{"href":"https:\/\/allwintheme.com\/es\/wp-json\/wp\/v2\/product\/12450","targetHints":{"allow":["GET"]}}],"collection":[{"href":"https:\/\/allwintheme.com\/es\/wp-json\/wp\/v2\/product"}],"about":[{"href":"https:\/\/allwintheme.com\/es\/wp-json\/wp\/v2\/types\/product"}],"replies":[{"embeddable":true,"href":"https:\/\/allwintheme.com\/es\/wp-json\/wp\/v2\/comments?post=12450"}],"version-history":[{"count":5,"href":"https:\/\/allwintheme.com\/es\/wp-json\/wp\/v2\/product\/12450\/revisions"}],"predecessor-version":[{"id":12455,"href":"https:\/\/allwintheme.com\/es\/wp-json\/wp\/v2\/product\/12450\/revisions\/12455"}],"wp:featuredmedia":[{"embeddable":true,"href":"https:\/\/allwintheme.com\/es\/wp-json\/wp\/v2\/media\/12442"}],"wp:attachment":[{"href":"https:\/\/allwintheme.com\/es\/wp-json\/wp\/v2\/media?parent=12450"}],"wp:term":[{"taxonomy":"product_brand","embeddable":true,"href":"https:\/\/allwintheme.com\/es\/wp-json\/wp\/v2\/product_brand?post=12450"},{"taxonomy":"product_cat","embeddable":true,"href":"https:\/\/allwintheme.com\/es\/wp-json\/wp\/v2\/product_cat?post=12450"},{"taxonomy":"product_tag","embeddable":true,"href":"https:\/\/allwintheme.com\/es\/wp-json\/wp\/v2\/product_tag?post=12450"}],"curies":[{"name":"wp","href":"https:\/\/api.w.org\/{rel}","templated":true}]}}