{"id":12456,"date":"2025-11-06T03:17:50","date_gmt":"2025-11-06T03:17:50","guid":{"rendered":"https:\/\/allwintheme.com\/?post_type=product&#038;p=12456"},"modified":"2025-11-06T07:07:41","modified_gmt":"2025-11-06T07:07:41","slug":"axium-ai-startup-saas-elementor-template-kit","status":"publish","type":"product","link":"https:\/\/allwintheme.com\/es\/producto\/axium-ai-startup-saas-elementor-template-kit\/","title":{"rendered":"Axium - AI Startup &amp; SaaS Elementor Template Kit"},"content":{"rendered":"<div data-elementor-type=\"wp-post\" data-elementor-id=\"12456\" class=\"elementor elementor-12456\" data-elementor-settings=\"{&quot;element_pack_global_tooltip_width&quot;:{&quot;unit&quot;:&quot;px&quot;,&quot;size&quot;:&quot;&quot;,&quot;sizes&quot;:[]},&quot;element_pack_global_tooltip_width_tablet&quot;:{&quot;unit&quot;:&quot;px&quot;,&quot;size&quot;:&quot;&quot;,&quot;sizes&quot;:[]},&quot;element_pack_global_tooltip_width_mobile&quot;:{&quot;unit&quot;:&quot;px&quot;,&quot;size&quot;:&quot;&quot;,&quot;sizes&quot;:[]},&quot;element_pack_global_tooltip_padding&quot;:{&quot;unit&quot;:&quot;px&quot;,&quot;top&quot;:&quot;&quot;,&quot;right&quot;:&quot;&quot;,&quot;bottom&quot;:&quot;&quot;,&quot;left&quot;:&quot;&quot;,&quot;isLinked&quot;:true},&quot;element_pack_global_tooltip_padding_tablet&quot;:{&quot;unit&quot;:&quot;px&quot;,&quot;top&quot;:&quot;&quot;,&quot;right&quot;:&quot;&quot;,&quot;bottom&quot;:&quot;&quot;,&quot;left&quot;:&quot;&quot;,&quot;isLinked&quot;:true},&quot;element_pack_global_tooltip_padding_mobile&quot;:{&quot;unit&quot;:&quot;px&quot;,&quot;top&quot;:&quot;&quot;,&quot;right&quot;:&quot;&quot;,&quot;bottom&quot;:&quot;&quot;,&quot;left&quot;:&quot;&quot;,&quot;isLinked&quot;:true},&quot;element_pack_global_tooltip_border_radius&quot;:{&quot;unit&quot;:&quot;px&quot;,&quot;top&quot;:&quot;&quot;,&quot;right&quot;:&quot;&quot;,&quot;bottom&quot;:&quot;&quot;,&quot;left&quot;:&quot;&quot;,&quot;isLinked&quot;:true},&quot;element_pack_global_tooltip_border_radius_tablet&quot;:{&quot;unit&quot;:&quot;px&quot;,&quot;top&quot;:&quot;&quot;,&quot;right&quot;:&quot;&quot;,&quot;bottom&quot;:&quot;&quot;,&quot;left&quot;:&quot;&quot;,&quot;isLinked&quot;:true},&quot;element_pack_global_tooltip_border_radius_mobile&quot;:{&quot;unit&quot;:&quot;px&quot;,&quot;top&quot;:&quot;&quot;,&quot;right&quot;:&quot;&quot;,&quot;bottom&quot;:&quot;&quot;,&quot;left&quot;:&quot;&quot;,&quot;isLinked&quot;:true}}\" data-elementor-post-type=\"product\">\n\t\t\t\t<div class=\"wd-negative-gap elementor-element elementor-element-39848b1 e-flex e-con-boxed e-con e-parent\" data-id=\"39848b1\" data-element_type=\"container\" data-e-type=\"container\">\n\t\t\t\t\t<div class=\"e-con-inner\">\n\t\t\t\t<div class=\"elementor-element elementor-element-919f328 elementor-widget elementor-widget-wd_text_block\" data-id=\"919f328\" data-element_type=\"widget\" data-e-type=\"widget\" data-widget_type=\"wd_text_block.default\">\n\t\t\t\t<div class=\"elementor-widget-container\">\n\t\t\t\t\t\t\t<div class=\"wd-text-block reset-last-child text-left\">\n\t\t\t\n\t\t\t<h2>Axium - Kit de Plantillas Elementor para Startups y SaaS: Construir sitios web de vanguardia<\/h2><p>En <strong>Kit de plantillas Axium Elementor<\/strong> te equipa con plantillas elegantes y listas para usar adaptadas a startups de IA, plataformas SaaS y agencias tecnol\u00f3gicas. Por ejemplo, los dise\u00f1adores y desarrolladores utilizan activamente estos kits para crear r\u00e1pidamente p\u00e1ginas de destino profesionales y sitios completos. De este modo, podr\u00e1 lanzar experiencias digitales innovadoras que cautiven a los usuarios e impulsen las conversiones sin tener que empezar desde cero.<\/p><h3>Dise\u00f1o sin esfuerzo para proyectos tecnol\u00f3gicos modernos<\/h3><p>Axium ofrece m\u00e1s de 20 plantillas meticulosamente dise\u00f1adas y optimizadas para Elementor, centradas en herramientas de IA, paneles de SaaS y escaparates de startups. Puedes personalizar los dise\u00f1os, los colores y el contenido para adaptarlos a tu marca. Adem\u00e1s, el kit es compatible con dise\u00f1os adaptativos, por lo que tus sitios funcionar\u00e1n a la perfecci\u00f3n en todos los dispositivos, mejorando el compromiso del usuario desde la primera visita.<\/p><h3>\u00bfPor qu\u00e9 elegir Axium?<\/h3><ul><li><strong>Est\u00e9tica centrada en la IA:<\/strong> Secciones predise\u00f1adas para chatbots, an\u00e1lisis y funciones de aprendizaje autom\u00e1tico que destacan sus innovaciones tecnol\u00f3gicas.<\/li><li><strong>P\u00e1ginas listas para SaaS:<\/strong> Plantillas dedicadas para tablas de precios, cuadr\u00edculas de caracter\u00edsticas e incorporaci\u00f3n de usuarios para agilizar el lanzamiento de sus productos.<\/li><li><strong>Compatibilidad con Elementor:<\/strong> La edici\u00f3n mediante arrastrar y soltar permite ajustar cada elemento de forma intuitiva, ahorrando horas de tiempo de desarrollo.<\/li><li><strong>Activos de alto rendimiento:<\/strong> Incluye im\u00e1genes, iconos y fuentes optimizados para que los sitios web se carguen r\u00e1pidamente y mejoren su posicionamiento SEO.<\/li><li><strong>Aplicaciones vers\u00e1tiles:<\/strong> Perfecto para agencias, aut\u00f3nomos o emprendedores que est\u00e9n creando carteras en el \u00e1mbito de la IA y el SaaS.<\/li><\/ul><h3>Integraci\u00f3n y personalizaci\u00f3n sin fisuras<\/h3><p>Con Axium, puedes importar plantillas directamente a Elementor y empezar a editarlas inmediatamente. Por ejemplo, puedes cambiar tu marca y mantener dise\u00f1os perfectos. Como resultado, incluso los no programadores pueden crear sitios sofisticados que destacan en mercados tecnol\u00f3gicos competitivos. Echa un vistazo a m\u00e1s kits premium como <a href=\"https:\/\/allwintheme.com\/es\/?s=AI&amp;post_type=product\">Kit de plantillas Thinkio AI para agencias<\/a> o <a href=\"https:\/\/allwintheme.com\/es\/producto\/nurox-ai-saas-digital-company-elementor-template-kit\/\">Kit de plantillas Nurox AI SaaS<\/a> en AllWinTheme para una inspiraci\u00f3n sin fin.<\/p><h3>Mejore su presencia digital<\/h3><p>Axium transforma su visi\u00f3n en un sitio web pulido y preparado para el futuro. Por lo tanto, hazte con este kit de plantillas hoy mismo y acelera tu startup de IA o tu proyecto SaaS. Para m\u00e1s consejos y tutoriales sobre WordPress, explora los recursos en <a href=\"https:\/\/wpkvip.com\/axium-ai-startup-saas-elementor-template-kit-gpl-license-real-user-reviews\/\">Blog WPVK<\/a> para perfeccionar tus habilidades.<\/p>\n\t\t\t\t\t<\/div>\n\t\t\t\t\t\t<\/div>\n\t\t\t\t<\/div>\n\t\t\t\t\t<\/div>\n\t\t\t\t<\/div>\n\t\t<div class=\"wd-negative-gap elementor-element elementor-element-c24f867 e-flex e-con-boxed e-con e-parent\" data-id=\"c24f867\" data-element_type=\"container\" data-e-type=\"container\">\n\t\t\t\t\t<div class=\"e-con-inner\">\n\t\t\t\t<div class=\"elementor-element elementor-element-4ea68e2 elementor-widget elementor-widget-video\" data-id=\"4ea68e2\" data-element_type=\"widget\" data-e-type=\"widget\" data-settings=\"{&quot;youtube_url&quot;:&quot;https:\\\/\\\/youtu.be\\\/VhBl3dHT5SY&quot;,&quot;video_type&quot;:&quot;youtube&quot;,&quot;controls&quot;:&quot;yes&quot;}\" data-widget_type=\"video.default\">\n\t\t\t\t\t\t\t<div class=\"elementor-wrapper elementor-open-inline\">\n\t\t\t<div class=\"elementor-video\"><\/div>\t\t<\/div>\n\t\t\t\t\t\t<\/div>\n\t\t\t\t\t<\/div>\n\t\t\t\t<\/div>\n\t\t\t\t<\/div>","protected":false},"excerpt":{"rendered":"<p>Axium \u2013 AI Startup &amp; SaaS Elementor Template Kit: Build Cutting-Edge Websites The Axium Elementor Template Kit equips you with<\/p>","protected":false},"featured_media":12441,"comment_status":"open","ping_status":"closed","template":"","meta":{"_acf_changed":false},"product_brand":[],"product_cat":[50],"product_tag":[],"class_list":{"0":"post-12456","1":"product","2":"type-product","3":"status-publish","4":"has-post-thumbnail","6":"product_cat-template-kits","8":"first","9":"instock","10":"sale","11":"downloadable","12":"shipping-taxable","13":"purchasable","14":"product-type-simple"},"acf":[],"yoast_head":"<!-- This site is optimized with the Yoast SEO Premium plugin v25.6 (Yoast SEO v27.4) - https:\/\/yoast.com\/product\/yoast-seo-premium-wordpress\/ -->\n<title>Axium \u2013 AI Startup &amp; SaaS Elementor Template Kit - AllWin Theme \u2013 Free WordPress Themes Download<\/title>\n<meta name=\"description\" content=\"Craft stunning AI startup and SaaS sites with Axium Elementor Template Kit. Responsive, modern designs for tech agencies, apps, and digital solutions.\" \/>\n<meta name=\"robots\" content=\"index, follow, max-snippet:-1, max-image-preview:large, max-video-preview:-1\" \/>\n<link rel=\"canonical\" href=\"https:\/\/allwintheme.com\/es\/producto\/axium-ai-startup-saas-elementor-template-kit\/\" \/>\n<meta property=\"og:locale\" content=\"es_ES\" \/>\n<meta property=\"og:type\" content=\"article\" \/>\n<meta property=\"og:title\" content=\"Axium \u2013 AI Startup &amp; SaaS Elementor Template Kit\" \/>\n<meta property=\"og:description\" content=\"Craft stunning AI startup and SaaS sites with Axium Elementor Template Kit. Responsive, modern designs for tech agencies, apps, and digital solutions.\" \/>\n<meta property=\"og:url\" content=\"https:\/\/allwintheme.com\/es\/producto\/axium-ai-startup-saas-elementor-template-kit\/\" \/>\n<meta property=\"og:site_name\" content=\"AllWin Theme \u2013 Free WordPress Themes Download\" \/>\n<meta property=\"article:modified_time\" content=\"2025-11-06T07:07:41+00:00\" \/>\n<meta property=\"og:image\" content=\"https:\/\/allwintheme.com\/wp-content\/uploads\/2025\/11\/Axium-\u2013-AI-Startup-SaaS-Elementor-Template-Kit.png\" \/>\n\t<meta property=\"og:image:width\" content=\"1370\" \/>\n\t<meta property=\"og:image:height\" content=\"913\" \/>\n\t<meta property=\"og:image:type\" content=\"image\/png\" \/>\n<meta name=\"twitter:card\" content=\"summary_large_image\" \/>\n<meta name=\"twitter:label1\" content=\"Tiempo estimado de lectura\" \/>\n\t<meta name=\"twitter:data1\" content=\"2 minutos\" \/>\n<script type=\"application\/ld+json\" class=\"yoast-schema-graph\">{\"@context\":\"https:\\\/\\\/schema.org\",\"@graph\":[{\"@type\":\"WebPage\",\"@id\":\"https:\\\/\\\/allwintheme.com\\\/product\\\/axium-ai-startup-saas-elementor-template-kit\\\/\",\"url\":\"https:\\\/\\\/allwintheme.com\\\/product\\\/axium-ai-startup-saas-elementor-template-kit\\\/\",\"name\":\"Axium \u2013 AI Startup & SaaS Elementor Template Kit - AllWin Theme \u2013 Free WordPress Themes Download\",\"isPartOf\":{\"@id\":\"https:\\\/\\\/allwintheme.com\\\/#website\"},\"primaryImageOfPage\":{\"@id\":\"https:\\\/\\\/allwintheme.com\\\/product\\\/axium-ai-startup-saas-elementor-template-kit\\\/#primaryimage\"},\"image\":{\"@id\":\"https:\\\/\\\/allwintheme.com\\\/product\\\/axium-ai-startup-saas-elementor-template-kit\\\/#primaryimage\"},\"thumbnailUrl\":\"https:\\\/\\\/allwintheme.com\\\/wp-content\\\/uploads\\\/2025\\\/11\\\/Axium-\u2013-AI-Startup-SaaS-Elementor-Template-Kit.png\",\"datePublished\":\"2025-11-06T03:17:50+00:00\",\"dateModified\":\"2025-11-06T07:07:41+00:00\",\"description\":\"Craft stunning AI startup and SaaS sites with Axium Elementor Template Kit. Responsive, modern designs for tech agencies, apps, and digital solutions.\",\"breadcrumb\":{\"@id\":\"https:\\\/\\\/allwintheme.com\\\/product\\\/axium-ai-startup-saas-elementor-template-kit\\\/#breadcrumb\"},\"inLanguage\":\"es-CL\",\"potentialAction\":[{\"@type\":\"ReadAction\",\"target\":[\"https:\\\/\\\/allwintheme.com\\\/product\\\/axium-ai-startup-saas-elementor-template-kit\\\/\"]}]},{\"@type\":\"ImageObject\",\"inLanguage\":\"es-CL\",\"@id\":\"https:\\\/\\\/allwintheme.com\\\/product\\\/axium-ai-startup-saas-elementor-template-kit\\\/#primaryimage\",\"url\":\"https:\\\/\\\/allwintheme.com\\\/wp-content\\\/uploads\\\/2025\\\/11\\\/Axium-\u2013-AI-Startup-SaaS-Elementor-Template-Kit.png\",\"contentUrl\":\"https:\\\/\\\/allwintheme.com\\\/wp-content\\\/uploads\\\/2025\\\/11\\\/Axium-\u2013-AI-Startup-SaaS-Elementor-Template-Kit.png\",\"width\":1370,\"height\":913,\"caption\":\"Axium \u2013 AI Startup & SaaS Elementor Template Kit\"},{\"@type\":\"BreadcrumbList\",\"@id\":\"https:\\\/\\\/allwintheme.com\\\/product\\\/axium-ai-startup-saas-elementor-template-kit\\\/#breadcrumb\",\"itemListElement\":[{\"@type\":\"ListItem\",\"position\":1,\"name\":\"Home\",\"item\":\"https:\\\/\\\/allwintheme.com\\\/\"},{\"@type\":\"ListItem\",\"position\":2,\"name\":\"Shop\",\"item\":\"https:\\\/\\\/allwintheme.com\\\/shop\\\/\"},{\"@type\":\"ListItem\",\"position\":3,\"name\":\"Axium \u2013 AI Startup &#038; SaaS Elementor Template Kit\"}]},{\"@type\":\"WebSite\",\"@id\":\"https:\\\/\\\/allwintheme.com\\\/#website\",\"url\":\"https:\\\/\\\/allwintheme.com\\\/\",\"name\":\"Allwintheme\",\"description\":\"Download free WordPress themes for every niche. Blogs, business, eCommerce, portfolio, restaurant and more. All themes are GPL licensed and mobile-ready.\",\"potentialAction\":[{\"@type\":\"SearchAction\",\"target\":{\"@type\":\"EntryPoint\",\"urlTemplate\":\"https:\\\/\\\/allwintheme.com\\\/?s={search_term_string}\"},\"query-input\":{\"@type\":\"PropertyValueSpecification\",\"valueRequired\":true,\"valueName\":\"search_term_string\"}}],\"inLanguage\":\"es-CL\"}]}<\/script>\n<!-- \/ Yoast SEO Premium plugin. -->","yoast_head_json":{"title":"Axium \u2013 AI Startup & SaaS Elementor Template Kit - AllWin Theme \u2013 Free WordPress Themes Download","description":"Crea impresionantes sitios web para startups y SaaS con Axium Elementor Template Kit. Dise\u00f1os adaptativos y modernos para agencias tecnol\u00f3gicas, aplicaciones y soluciones digitales.","robots":{"index":"index","follow":"follow","max-snippet":"max-snippet:-1","max-image-preview":"max-image-preview:large","max-video-preview":"max-video-preview:-1"},"canonical":"https:\/\/allwintheme.com\/es\/producto\/axium-ai-startup-saas-elementor-template-kit\/","og_locale":"es_ES","og_type":"article","og_title":"Axium \u2013 AI Startup & SaaS Elementor Template Kit","og_description":"Craft stunning AI startup and SaaS sites with Axium Elementor Template Kit. Responsive, modern designs for tech agencies, apps, and digital solutions.","og_url":"https:\/\/allwintheme.com\/es\/producto\/axium-ai-startup-saas-elementor-template-kit\/","og_site_name":"AllWin Theme \u2013 Free WordPress Themes Download","article_modified_time":"2025-11-06T07:07:41+00:00","og_image":[{"width":1370,"height":913,"url":"https:\/\/allwintheme.com\/wp-content\/uploads\/2025\/11\/Axium-\u2013-AI-Startup-SaaS-Elementor-Template-Kit.png","type":"image\/png"}],"twitter_card":"summary_large_image","twitter_misc":{"Tiempo estimado de lectura":"2 minutos"},"schema":{"@context":"https:\/\/schema.org","@graph":[{"@type":"WebPage","@id":"https:\/\/allwintheme.com\/product\/axium-ai-startup-saas-elementor-template-kit\/","url":"https:\/\/allwintheme.com\/product\/axium-ai-startup-saas-elementor-template-kit\/","name":"Axium \u2013 AI Startup & SaaS Elementor Template Kit - AllWin Theme \u2013 Free WordPress Themes Download","isPartOf":{"@id":"https:\/\/allwintheme.com\/#website"},"primaryImageOfPage":{"@id":"https:\/\/allwintheme.com\/product\/axium-ai-startup-saas-elementor-template-kit\/#primaryimage"},"image":{"@id":"https:\/\/allwintheme.com\/product\/axium-ai-startup-saas-elementor-template-kit\/#primaryimage"},"thumbnailUrl":"https:\/\/allwintheme.com\/wp-content\/uploads\/2025\/11\/Axium-\u2013-AI-Startup-SaaS-Elementor-Template-Kit.png","datePublished":"2025-11-06T03:17:50+00:00","dateModified":"2025-11-06T07:07:41+00:00","description":"Crea impresionantes sitios web para startups y SaaS con Axium Elementor Template Kit. Dise\u00f1os adaptativos y modernos para agencias tecnol\u00f3gicas, aplicaciones y soluciones digitales.","breadcrumb":{"@id":"https:\/\/allwintheme.com\/product\/axium-ai-startup-saas-elementor-template-kit\/#breadcrumb"},"inLanguage":"es-CL","potentialAction":[{"@type":"ReadAction","target":["https:\/\/allwintheme.com\/product\/axium-ai-startup-saas-elementor-template-kit\/"]}]},{"@type":"ImageObject","inLanguage":"es-CL","@id":"https:\/\/allwintheme.com\/product\/axium-ai-startup-saas-elementor-template-kit\/#primaryimage","url":"https:\/\/allwintheme.com\/wp-content\/uploads\/2025\/11\/Axium-\u2013-AI-Startup-SaaS-Elementor-Template-Kit.png","contentUrl":"https:\/\/allwintheme.com\/wp-content\/uploads\/2025\/11\/Axium-\u2013-AI-Startup-SaaS-Elementor-Template-Kit.png","width":1370,"height":913,"caption":"Axium \u2013 AI Startup & SaaS Elementor Template Kit"},{"@type":"BreadcrumbList","@id":"https:\/\/allwintheme.com\/product\/axium-ai-startup-saas-elementor-template-kit\/#breadcrumb","itemListElement":[{"@type":"ListItem","position":1,"name":"Home","item":"https:\/\/allwintheme.com\/"},{"@type":"ListItem","position":2,"name":"Shop","item":"https:\/\/allwintheme.com\/shop\/"},{"@type":"ListItem","position":3,"name":"Axium \u2013 AI Startup &#038; SaaS Elementor Template Kit"}]},{"@type":"WebSite","@id":"https:\/\/allwintheme.com\/#website","url":"https:\/\/allwintheme.com\/","name":"Allwintheme","description":"Descarga gratis temas de WordPress para todos los nichos. Blogs, negocios, comercio electr\u00f3nico, portafolio, restaurante y m\u00e1s. Todos los temas tienen licencia GPL y est\u00e1n preparados para dispositivos m\u00f3viles.","potentialAction":[{"@type":"SearchAction","target":{"@type":"EntryPoint","urlTemplate":"https:\/\/allwintheme.com\/?s={search_term_string}"},"query-input":{"@type":"PropertyValueSpecification","valueRequired":true,"valueName":"search_term_string"}}],"inLanguage":"es-CL"}]}},"_links":{"self":[{"href":"https:\/\/allwintheme.com\/es\/wp-json\/wp\/v2\/product\/12456","targetHints":{"allow":["GET"]}}],"collection":[{"href":"https:\/\/allwintheme.com\/es\/wp-json\/wp\/v2\/product"}],"about":[{"href":"https:\/\/allwintheme.com\/es\/wp-json\/wp\/v2\/types\/product"}],"replies":[{"embeddable":true,"href":"https:\/\/allwintheme.com\/es\/wp-json\/wp\/v2\/comments?post=12456"}],"version-history":[{"count":9,"href":"https:\/\/allwintheme.com\/es\/wp-json\/wp\/v2\/product\/12456\/revisions"}],"predecessor-version":[{"id":12465,"href":"https:\/\/allwintheme.com\/es\/wp-json\/wp\/v2\/product\/12456\/revisions\/12465"}],"wp:featuredmedia":[{"embeddable":true,"href":"https:\/\/allwintheme.com\/es\/wp-json\/wp\/v2\/media\/12441"}],"wp:attachment":[{"href":"https:\/\/allwintheme.com\/es\/wp-json\/wp\/v2\/media?parent=12456"}],"wp:term":[{"taxonomy":"product_brand","embeddable":true,"href":"https:\/\/allwintheme.com\/es\/wp-json\/wp\/v2\/product_brand?post=12456"},{"taxonomy":"product_cat","embeddable":true,"href":"https:\/\/allwintheme.com\/es\/wp-json\/wp\/v2\/product_cat?post=12456"},{"taxonomy":"product_tag","embeddable":true,"href":"https:\/\/allwintheme.com\/es\/wp-json\/wp\/v2\/product_tag?post=12456"}],"curies":[{"name":"wp","href":"https:\/\/api.w.org\/{rel}","templated":true}]}}