{"id":12466,"date":"2025-11-06T07:13:11","date_gmt":"2025-11-06T07:13:11","guid":{"rendered":"https:\/\/allwintheme.com\/?post_type=product&#038;p=12466"},"modified":"2025-11-06T07:32:13","modified_gmt":"2025-11-06T07:32:13","slug":"photre-portafolio-de-fotografia-elementor-template-kit","status":"publish","type":"product","link":"https:\/\/allwintheme.com\/es\/producto\/photre-portafolio-de-fotografia-elementor-template-kit\/","title":{"rendered":"Photre - Kit de Plantillas Elementor para Portafolios de Fotograf\u00eda"},"content":{"rendered":"<div data-elementor-type=\"wp-post\" data-elementor-id=\"12466\" class=\"elementor elementor-12466\" data-elementor-settings=\"{&quot;element_pack_global_tooltip_width&quot;:{&quot;unit&quot;:&quot;px&quot;,&quot;size&quot;:&quot;&quot;,&quot;sizes&quot;:[]},&quot;element_pack_global_tooltip_width_tablet&quot;:{&quot;unit&quot;:&quot;px&quot;,&quot;size&quot;:&quot;&quot;,&quot;sizes&quot;:[]},&quot;element_pack_global_tooltip_width_mobile&quot;:{&quot;unit&quot;:&quot;px&quot;,&quot;size&quot;:&quot;&quot;,&quot;sizes&quot;:[]},&quot;element_pack_global_tooltip_padding&quot;:{&quot;unit&quot;:&quot;px&quot;,&quot;top&quot;:&quot;&quot;,&quot;right&quot;:&quot;&quot;,&quot;bottom&quot;:&quot;&quot;,&quot;left&quot;:&quot;&quot;,&quot;isLinked&quot;:true},&quot;element_pack_global_tooltip_padding_tablet&quot;:{&quot;unit&quot;:&quot;px&quot;,&quot;top&quot;:&quot;&quot;,&quot;right&quot;:&quot;&quot;,&quot;bottom&quot;:&quot;&quot;,&quot;left&quot;:&quot;&quot;,&quot;isLinked&quot;:true},&quot;element_pack_global_tooltip_padding_mobile&quot;:{&quot;unit&quot;:&quot;px&quot;,&quot;top&quot;:&quot;&quot;,&quot;right&quot;:&quot;&quot;,&quot;bottom&quot;:&quot;&quot;,&quot;left&quot;:&quot;&quot;,&quot;isLinked&quot;:true},&quot;element_pack_global_tooltip_border_radius&quot;:{&quot;unit&quot;:&quot;px&quot;,&quot;top&quot;:&quot;&quot;,&quot;right&quot;:&quot;&quot;,&quot;bottom&quot;:&quot;&quot;,&quot;left&quot;:&quot;&quot;,&quot;isLinked&quot;:true},&quot;element_pack_global_tooltip_border_radius_tablet&quot;:{&quot;unit&quot;:&quot;px&quot;,&quot;top&quot;:&quot;&quot;,&quot;right&quot;:&quot;&quot;,&quot;bottom&quot;:&quot;&quot;,&quot;left&quot;:&quot;&quot;,&quot;isLinked&quot;:true},&quot;element_pack_global_tooltip_border_radius_mobile&quot;:{&quot;unit&quot;:&quot;px&quot;,&quot;top&quot;:&quot;&quot;,&quot;right&quot;:&quot;&quot;,&quot;bottom&quot;:&quot;&quot;,&quot;left&quot;:&quot;&quot;,&quot;isLinked&quot;:true}}\" data-elementor-post-type=\"product\">\n\t\t\t\t<div class=\"wd-negative-gap elementor-element elementor-element-39848b1 e-flex e-con-boxed e-con e-parent\" data-id=\"39848b1\" data-element_type=\"container\" data-e-type=\"container\">\n\t\t\t\t\t<div class=\"e-con-inner\">\n\t\t\t\t<div class=\"elementor-element elementor-element-919f328 elementor-widget elementor-widget-wd_text_block\" data-id=\"919f328\" data-element_type=\"widget\" data-e-type=\"widget\" data-widget_type=\"wd_text_block.default\">\n\t\t\t\t<div class=\"elementor-widget-container\">\n\t\t\t\t\t\t\t<div class=\"wd-text-block reset-last-child text-left\">\n\t\t\t\n\t\t\t<h2>Photre - Kit de Plantillas Elementor para Portafolios de Fotograf\u00eda: Cautiva con impresionantes efectos visuales<\/h2><p>En <strong>Photre Photography Portfolio Elementor Template Kit<\/strong> permite a fot\u00f3grafos y creativos crear impresionantes portfolios sin esfuerzo. Por ejemplo, puedes arrastrar y soltar impresionantes dise\u00f1os para destacar tu trabajo, desde elegantes galer\u00edas hasta deslizadores din\u00e1micos. En consecuencia, este kit transforma tu sitio WordPress con Elementor en un escaparate profesional que atrae a clientes y admiradores por igual.<\/p><h3>Dise\u00f1o sin esfuerzo para narradores visuales<\/h3><p>Photre te ofrece plantillas predise\u00f1adas para profesionales de la fotograf\u00eda. Monta p\u00e1ginas r\u00e1pidamente con el intuitivo constructor de Elementor y a\u00f1ade toques personales como fuentes y esquemas de color personalizados. Adem\u00e1s, el kit es compatible con im\u00e1genes de alta resoluci\u00f3n y animaciones fluidas, para que tu portafolio se cargue r\u00e1pidamente y tenga un aspecto impecable en cualquier dispositivo.<\/p><h3>\u00bfPor qu\u00e9 elegir Photre?<\/h3><ul><li><strong>Dise\u00f1os de galer\u00eda adaptables:<\/strong> Muestra tus fotos en formatos de cuadr\u00edcula, mamposter\u00eda o ancho completo que se adaptan perfectamente a m\u00f3viles y ordenadores de sobremesa.<\/li><li><strong>Plantillas de p\u00e1ginas creativas:<\/strong> Elija entre p\u00e1ginas de inicio, secciones \"Acerca de\", formularios de contacto y dise\u00f1os de blog dise\u00f1ados espec\u00edficamente para fot\u00f3grafos.<\/li><li><strong>Integraci\u00f3n con Elementor:<\/strong> Funciona perfectamente con el plugin gratuito Elementor, permitiendo la personalizaci\u00f3n en tiempo real sin codificaci\u00f3n.<\/li><li><strong>Est\u00e9tica moderna:<\/strong> Dise\u00f1os limpios y minimalistas con efectos parallax y animaciones hover para atraer a los visitantes al instante.<\/li><\/ul><h3>Racionalice el flujo de trabajo de su cartera<\/h3><p>Con Photre, te centrar\u00e1s m\u00e1s en fotografiar y menos en configurar. Por ejemplo, puedes importar el kit con un solo clic y ajustar los elementos a tu estilo. El resultado es un sitio web pulido que pone de relieve su visi\u00f3n \u00fanica y potencia su presencia en Internet y las consultas de los clientes.<\/p><p>Explora m\u00e1s herramientas creativas como el <a href=\"https:\/\/allwintheme.com\/es\/producto\/editor-de-formularios-wp-travel-engine\/\">Editor de formularios WP Travel Engine<\/a> para formularios din\u00e1micos o consulte nuestro <a href=\"https:\/\/wpkvip.com\/photre-photography-portfolio-template-kit-gpl-license-user-authentic-reviews\/\">blog<\/a> para obtener consejos y tutoriales sobre WordPress para mejorar a\u00fan m\u00e1s su sitio.<\/p><h3>Empiece hoy mismo a crear su obra maestra<\/h3><p>Impulse su carrera fotogr\u00e1fica con <strong>Photre - Kit de Plantillas Elementor para Portafolios de Fotograf\u00eda<\/strong>. Desc\u00e1rgalo ahora y crea un portafolio que destaque en el competitivo mundo creativo.<\/p>\n\t\t\t\t\t<\/div>\n\t\t\t\t\t\t<\/div>\n\t\t\t\t<\/div>\n\t\t\t\t\t<\/div>\n\t\t\t\t<\/div>\n\t\t<div class=\"wd-negative-gap elementor-element elementor-element-c24f867 e-flex e-con-boxed e-con e-parent\" data-id=\"c24f867\" data-element_type=\"container\" data-e-type=\"container\">\n\t\t\t\t\t<div class=\"e-con-inner\">\n\t\t\t\t<div class=\"elementor-element elementor-element-4ea68e2 elementor-widget elementor-widget-video\" data-id=\"4ea68e2\" data-element_type=\"widget\" data-e-type=\"widget\" data-settings=\"{&quot;youtube_url&quot;:&quot;https:\\\/\\\/www.youtube.com\\\/watch?v=DHK5Zb9q59Y&quot;,&quot;video_type&quot;:&quot;youtube&quot;,&quot;controls&quot;:&quot;yes&quot;}\" data-widget_type=\"video.default\">\n\t\t\t\t\t\t\t<div class=\"elementor-wrapper elementor-open-inline\">\n\t\t\t<div class=\"elementor-video\"><\/div>\t\t<\/div>\n\t\t\t\t\t\t<\/div>\n\t\t\t\t\t<\/div>\n\t\t\t\t<\/div>\n\t\t\t\t<\/div>","protected":false},"excerpt":{"rendered":"<p>Photre \u2013 Photography Portfolio Elementor Template Kit: Captivate with Stunning Visuals The Photre Photography Portfolio Elementor Template Kit lets photographers<\/p>","protected":false},"featured_media":12440,"comment_status":"open","ping_status":"closed","template":"","meta":{"_acf_changed":false},"product_brand":[],"product_cat":[50],"product_tag":[],"class_list":{"0":"post-12466","1":"product","2":"type-product","3":"status-publish","4":"has-post-thumbnail","6":"product_cat-template-kits","8":"first","9":"instock","10":"sale","11":"downloadable","12":"shipping-taxable","13":"purchasable","14":"product-type-simple"},"acf":[],"yoast_head":"<!-- This site is optimized with the Yoast SEO Premium plugin v25.6 (Yoast SEO v27.1.1) - https:\/\/yoast.com\/product\/yoast-seo-premium-wordpress\/ -->\n<title>Photre \u2013 Photography Portfolio Elementor Template Kit - AllWin Theme \u2013 Free WordPress Themes Download<\/title>\n<meta name=\"description\" content=\"Showcase your photography with Photre, a stunning Elementor Template Kit. Responsive designs for portfolios, galleries, and creative sites.\" \/>\n<meta name=\"robots\" content=\"index, follow, max-snippet:-1, max-image-preview:large, max-video-preview:-1\" \/>\n<link rel=\"canonical\" href=\"https:\/\/allwintheme.com\/es\/producto\/photre-portafolio-de-fotografia-elementor-template-kit\/\" \/>\n<meta property=\"og:locale\" content=\"es_ES\" \/>\n<meta property=\"og:type\" content=\"article\" \/>\n<meta property=\"og:title\" content=\"Photre \u2013 Photography Portfolio Elementor Template Kit\" \/>\n<meta property=\"og:description\" content=\"Showcase your photography with Photre, a stunning Elementor Template Kit. Responsive designs for portfolios, galleries, and creative sites.\" \/>\n<meta property=\"og:url\" content=\"https:\/\/allwintheme.com\/es\/producto\/photre-portafolio-de-fotografia-elementor-template-kit\/\" \/>\n<meta property=\"og:site_name\" content=\"AllWin Theme \u2013 Free WordPress Themes Download\" \/>\n<meta property=\"article:modified_time\" content=\"2025-11-06T07:32:13+00:00\" \/>\n<meta property=\"og:image\" content=\"https:\/\/allwintheme.com\/wp-content\/uploads\/2025\/11\/Photre-\u2013-Photography-Portfolio-Elementor-Template-Kit.png\" \/>\n\t<meta property=\"og:image:width\" content=\"1370\" \/>\n\t<meta property=\"og:image:height\" content=\"913\" \/>\n\t<meta property=\"og:image:type\" content=\"image\/png\" \/>\n<meta name=\"twitter:card\" content=\"summary_large_image\" \/>\n<meta name=\"twitter:label1\" content=\"Tiempo estimado de lectura\" \/>\n\t<meta name=\"twitter:data1\" content=\"2 minutos\" \/>\n<script type=\"application\/ld+json\" class=\"yoast-schema-graph\">{\"@context\":\"https:\/\/schema.org\",\"@graph\":[{\"@type\":\"WebPage\",\"@id\":\"https:\/\/allwintheme.com\/product\/photre-photography-portfolio-elementor-template-kit\/\",\"url\":\"https:\/\/allwintheme.com\/product\/photre-photography-portfolio-elementor-template-kit\/\",\"name\":\"Photre \u2013 Photography Portfolio Elementor Template Kit - AllWin Theme \u2013 Free WordPress Themes Download\",\"isPartOf\":{\"@id\":\"https:\/\/allwintheme.com\/#website\"},\"primaryImageOfPage\":{\"@id\":\"https:\/\/allwintheme.com\/product\/photre-photography-portfolio-elementor-template-kit\/#primaryimage\"},\"image\":{\"@id\":\"https:\/\/allwintheme.com\/product\/photre-photography-portfolio-elementor-template-kit\/#primaryimage\"},\"thumbnailUrl\":\"https:\/\/allwintheme.com\/wp-content\/uploads\/2025\/11\/Photre-\u2013-Photography-Portfolio-Elementor-Template-Kit.png\",\"datePublished\":\"2025-11-06T07:13:11+00:00\",\"dateModified\":\"2025-11-06T07:32:13+00:00\",\"description\":\"Showcase your photography with Photre, a stunning Elementor Template Kit. Responsive designs for portfolios, galleries, and creative sites.\",\"breadcrumb\":{\"@id\":\"https:\/\/allwintheme.com\/product\/photre-photography-portfolio-elementor-template-kit\/#breadcrumb\"},\"inLanguage\":\"es-CL\",\"potentialAction\":[{\"@type\":\"ReadAction\",\"target\":[\"https:\/\/allwintheme.com\/product\/photre-photography-portfolio-elementor-template-kit\/\"]}]},{\"@type\":\"ImageObject\",\"inLanguage\":\"es-CL\",\"@id\":\"https:\/\/allwintheme.com\/product\/photre-photography-portfolio-elementor-template-kit\/#primaryimage\",\"url\":\"https:\/\/allwintheme.com\/wp-content\/uploads\/2025\/11\/Photre-\u2013-Photography-Portfolio-Elementor-Template-Kit.png\",\"contentUrl\":\"https:\/\/allwintheme.com\/wp-content\/uploads\/2025\/11\/Photre-\u2013-Photography-Portfolio-Elementor-Template-Kit.png\",\"width\":1370,\"height\":913,\"caption\":\"Photre \u2013 Photography Portfolio Elementor Template Kit\"},{\"@type\":\"BreadcrumbList\",\"@id\":\"https:\/\/allwintheme.com\/product\/photre-photography-portfolio-elementor-template-kit\/#breadcrumb\",\"itemListElement\":[{\"@type\":\"ListItem\",\"position\":1,\"name\":\"Home\",\"item\":\"https:\/\/allwintheme.com\/\"},{\"@type\":\"ListItem\",\"position\":2,\"name\":\"Shop\",\"item\":\"https:\/\/allwintheme.com\/shop\/\"},{\"@type\":\"ListItem\",\"position\":3,\"name\":\"Photre \u2013 Photography Portfolio Elementor Template Kit\"}]},{\"@type\":\"WebSite\",\"@id\":\"https:\/\/allwintheme.com\/#website\",\"url\":\"https:\/\/allwintheme.com\/\",\"name\":\"Allwintheme\",\"description\":\"Download free WordPress themes for every niche. Blogs, business, eCommerce, portfolio, restaurant and more. All themes are GPL licensed and mobile-ready.\",\"potentialAction\":[{\"@type\":\"SearchAction\",\"target\":{\"@type\":\"EntryPoint\",\"urlTemplate\":\"https:\/\/allwintheme.com\/?s={search_term_string}\"},\"query-input\":{\"@type\":\"PropertyValueSpecification\",\"valueRequired\":true,\"valueName\":\"search_term_string\"}}],\"inLanguage\":\"es-CL\"}]}<\/script>\n<!-- \/ Yoast SEO Premium plugin. -->","yoast_head_json":{"title":"Photre \u2013 Photography Portfolio Elementor Template Kit - AllWin Theme \u2013 Free WordPress Themes Download","description":"Muestra tu fotograf\u00eda con Photre, un impresionante kit de plantillas Elementor. Dise\u00f1os responsivos para portafolios, galer\u00edas y sitios creativos.","robots":{"index":"index","follow":"follow","max-snippet":"max-snippet:-1","max-image-preview":"max-image-preview:large","max-video-preview":"max-video-preview:-1"},"canonical":"https:\/\/allwintheme.com\/es\/producto\/photre-portafolio-de-fotografia-elementor-template-kit\/","og_locale":"es_ES","og_type":"article","og_title":"Photre \u2013 Photography Portfolio Elementor Template Kit","og_description":"Showcase your photography with Photre, a stunning Elementor Template Kit. Responsive designs for portfolios, galleries, and creative sites.","og_url":"https:\/\/allwintheme.com\/es\/producto\/photre-portafolio-de-fotografia-elementor-template-kit\/","og_site_name":"AllWin Theme \u2013 Free WordPress Themes Download","article_modified_time":"2025-11-06T07:32:13+00:00","og_image":[{"width":1370,"height":913,"url":"https:\/\/allwintheme.com\/wp-content\/uploads\/2025\/11\/Photre-\u2013-Photography-Portfolio-Elementor-Template-Kit.png","type":"image\/png"}],"twitter_card":"summary_large_image","twitter_misc":{"Tiempo estimado de lectura":"2 minutos"},"schema":{"@context":"https:\/\/schema.org","@graph":[{"@type":"WebPage","@id":"https:\/\/allwintheme.com\/product\/photre-photography-portfolio-elementor-template-kit\/","url":"https:\/\/allwintheme.com\/product\/photre-photography-portfolio-elementor-template-kit\/","name":"Photre \u2013 Photography Portfolio Elementor Template Kit - AllWin Theme \u2013 Free WordPress Themes Download","isPartOf":{"@id":"https:\/\/allwintheme.com\/#website"},"primaryImageOfPage":{"@id":"https:\/\/allwintheme.com\/product\/photre-photography-portfolio-elementor-template-kit\/#primaryimage"},"image":{"@id":"https:\/\/allwintheme.com\/product\/photre-photography-portfolio-elementor-template-kit\/#primaryimage"},"thumbnailUrl":"https:\/\/allwintheme.com\/wp-content\/uploads\/2025\/11\/Photre-\u2013-Photography-Portfolio-Elementor-Template-Kit.png","datePublished":"2025-11-06T07:13:11+00:00","dateModified":"2025-11-06T07:32:13+00:00","description":"Muestra tu fotograf\u00eda con Photre, un impresionante kit de plantillas Elementor. Dise\u00f1os responsivos para portafolios, galer\u00edas y sitios creativos.","breadcrumb":{"@id":"https:\/\/allwintheme.com\/product\/photre-photography-portfolio-elementor-template-kit\/#breadcrumb"},"inLanguage":"es-CL","potentialAction":[{"@type":"ReadAction","target":["https:\/\/allwintheme.com\/product\/photre-photography-portfolio-elementor-template-kit\/"]}]},{"@type":"ImageObject","inLanguage":"es-CL","@id":"https:\/\/allwintheme.com\/product\/photre-photography-portfolio-elementor-template-kit\/#primaryimage","url":"https:\/\/allwintheme.com\/wp-content\/uploads\/2025\/11\/Photre-\u2013-Photography-Portfolio-Elementor-Template-Kit.png","contentUrl":"https:\/\/allwintheme.com\/wp-content\/uploads\/2025\/11\/Photre-\u2013-Photography-Portfolio-Elementor-Template-Kit.png","width":1370,"height":913,"caption":"Photre \u2013 Photography Portfolio Elementor Template Kit"},{"@type":"BreadcrumbList","@id":"https:\/\/allwintheme.com\/product\/photre-photography-portfolio-elementor-template-kit\/#breadcrumb","itemListElement":[{"@type":"ListItem","position":1,"name":"Home","item":"https:\/\/allwintheme.com\/"},{"@type":"ListItem","position":2,"name":"Shop","item":"https:\/\/allwintheme.com\/shop\/"},{"@type":"ListItem","position":3,"name":"Photre \u2013 Photography Portfolio Elementor Template Kit"}]},{"@type":"WebSite","@id":"https:\/\/allwintheme.com\/#website","url":"https:\/\/allwintheme.com\/","name":"Allwintheme","description":"Descarga gratis temas de WordPress para todos los nichos. Blogs, negocios, comercio electr\u00f3nico, portafolio, restaurante y m\u00e1s. Todos los temas tienen licencia GPL y est\u00e1n preparados para dispositivos m\u00f3viles.","potentialAction":[{"@type":"SearchAction","target":{"@type":"EntryPoint","urlTemplate":"https:\/\/allwintheme.com\/?s={search_term_string}"},"query-input":{"@type":"PropertyValueSpecification","valueRequired":true,"valueName":"search_term_string"}}],"inLanguage":"es-CL"}]}},"_links":{"self":[{"href":"https:\/\/allwintheme.com\/es\/wp-json\/wp\/v2\/product\/12466","targetHints":{"allow":["GET"]}}],"collection":[{"href":"https:\/\/allwintheme.com\/es\/wp-json\/wp\/v2\/product"}],"about":[{"href":"https:\/\/allwintheme.com\/es\/wp-json\/wp\/v2\/types\/product"}],"replies":[{"embeddable":true,"href":"https:\/\/allwintheme.com\/es\/wp-json\/wp\/v2\/comments?post=12466"}],"version-history":[{"count":8,"href":"https:\/\/allwintheme.com\/es\/wp-json\/wp\/v2\/product\/12466\/revisions"}],"predecessor-version":[{"id":12474,"href":"https:\/\/allwintheme.com\/es\/wp-json\/wp\/v2\/product\/12466\/revisions\/12474"}],"wp:featuredmedia":[{"embeddable":true,"href":"https:\/\/allwintheme.com\/es\/wp-json\/wp\/v2\/media\/12440"}],"wp:attachment":[{"href":"https:\/\/allwintheme.com\/es\/wp-json\/wp\/v2\/media?parent=12466"}],"wp:term":[{"taxonomy":"product_brand","embeddable":true,"href":"https:\/\/allwintheme.com\/es\/wp-json\/wp\/v2\/product_brand?post=12466"},{"taxonomy":"product_cat","embeddable":true,"href":"https:\/\/allwintheme.com\/es\/wp-json\/wp\/v2\/product_cat?post=12466"},{"taxonomy":"product_tag","embeddable":true,"href":"https:\/\/allwintheme.com\/es\/wp-json\/wp\/v2\/product_tag?post=12466"}],"curies":[{"name":"wp","href":"https:\/\/api.w.org\/{rel}","templated":true}]}}