{"id":12532,"date":"2025-11-12T02:47:46","date_gmt":"2025-11-12T02:47:46","guid":{"rendered":"https:\/\/allwintheme.com\/?post_type=product&#038;p=12532"},"modified":"2025-11-12T10:37:49","modified_gmt":"2025-11-12T10:37:49","slug":"walogin-gestion-de-socios-con-blockchain","status":"publish","type":"product","link":"https:\/\/allwintheme.com\/es\/producto\/walogin-gestion-de-socios-con-blockchain\/","title":{"rendered":"Gesti\u00f3n de Afiliaci\u00f3n Walogin con Blockchain"},"content":{"rendered":"<div data-elementor-type=\"wp-post\" data-elementor-id=\"12532\" class=\"elementor elementor-12532\" data-elementor-settings=\"{&quot;element_pack_global_tooltip_width&quot;:{&quot;unit&quot;:&quot;px&quot;,&quot;size&quot;:&quot;&quot;,&quot;sizes&quot;:[]},&quot;element_pack_global_tooltip_width_tablet&quot;:{&quot;unit&quot;:&quot;px&quot;,&quot;size&quot;:&quot;&quot;,&quot;sizes&quot;:[]},&quot;element_pack_global_tooltip_width_mobile&quot;:{&quot;unit&quot;:&quot;px&quot;,&quot;size&quot;:&quot;&quot;,&quot;sizes&quot;:[]},&quot;element_pack_global_tooltip_padding&quot;:{&quot;unit&quot;:&quot;px&quot;,&quot;top&quot;:&quot;&quot;,&quot;right&quot;:&quot;&quot;,&quot;bottom&quot;:&quot;&quot;,&quot;left&quot;:&quot;&quot;,&quot;isLinked&quot;:true},&quot;element_pack_global_tooltip_padding_tablet&quot;:{&quot;unit&quot;:&quot;px&quot;,&quot;top&quot;:&quot;&quot;,&quot;right&quot;:&quot;&quot;,&quot;bottom&quot;:&quot;&quot;,&quot;left&quot;:&quot;&quot;,&quot;isLinked&quot;:true},&quot;element_pack_global_tooltip_padding_mobile&quot;:{&quot;unit&quot;:&quot;px&quot;,&quot;top&quot;:&quot;&quot;,&quot;right&quot;:&quot;&quot;,&quot;bottom&quot;:&quot;&quot;,&quot;left&quot;:&quot;&quot;,&quot;isLinked&quot;:true},&quot;element_pack_global_tooltip_border_radius&quot;:{&quot;unit&quot;:&quot;px&quot;,&quot;top&quot;:&quot;&quot;,&quot;right&quot;:&quot;&quot;,&quot;bottom&quot;:&quot;&quot;,&quot;left&quot;:&quot;&quot;,&quot;isLinked&quot;:true},&quot;element_pack_global_tooltip_border_radius_tablet&quot;:{&quot;unit&quot;:&quot;px&quot;,&quot;top&quot;:&quot;&quot;,&quot;right&quot;:&quot;&quot;,&quot;bottom&quot;:&quot;&quot;,&quot;left&quot;:&quot;&quot;,&quot;isLinked&quot;:true},&quot;element_pack_global_tooltip_border_radius_mobile&quot;:{&quot;unit&quot;:&quot;px&quot;,&quot;top&quot;:&quot;&quot;,&quot;right&quot;:&quot;&quot;,&quot;bottom&quot;:&quot;&quot;,&quot;left&quot;:&quot;&quot;,&quot;isLinked&quot;:true}}\" data-elementor-post-type=\"product\">\n\t\t\t\t<div class=\"elementor-element elementor-element-93aa4a8 e-con-full e-flex e-con e-parent\" data-id=\"93aa4a8\" data-element_type=\"container\" data-e-type=\"container\">\n\t\t\t\t<div class=\"elementor-element elementor-element-2c3f760 miaoshu elementor-widget elementor-widget-wd_text_block\" data-id=\"2c3f760\" data-element_type=\"widget\" data-e-type=\"widget\" data-widget_type=\"wd_text_block.default\">\n\t\t\t\t<div class=\"elementor-widget-container\">\n\t\t\t\t\t\t\t<div class=\"wd-text-block reset-last-child text-left\">\n\t\t\t\n\t\t\t<p><span style=\"color: #1b1919; font-size: 28px;\">Walogin: Blockchain-Powered Membership Management (Licencia GPL &amp; Opiniones de usuarios)<\/span><\/p><header><p>Una inmersi\u00f3n profunda en el innovador plugin de WordPress con licencia GPL que fusiona la seguridad blockchain con la gesti\u00f3n de membres\u00edas. Adem\u00e1s, esta gu\u00eda explora opiniones reales de usuarios y perspectivas de rendimiento para desarrolladores y propietarios de sitios de afiliaci\u00f3n.<\/p><div class=\"rating-badge\">Valoraci\u00f3n ThemeForest: 4.67\/5 Estrellas (Basado en opiniones de usuarios verificadas)<\/div><\/header><section class=\"section\"><h2>1. Licencia GPL: Core Freedom for Blockchain Membership Tools<\/h2><p><strong>Walogin - Gesti\u00f3n de afiliaciones con Blockchain<\/strong> se distribuye bajo la <em>Licencia P\u00fablica General de GNU (GPL)<\/em>, El modelo de licencia de WordPress, en l\u00ednea con el esp\u00edritu de c\u00f3digo abierto de WordPress, otorga a los usuarios un control sin restricciones sobre sus sistemas de afiliaci\u00f3n. Por lo tanto, este modelo de licencia es especialmente valioso para las empresas que adoptan la tecnolog\u00eda blockchain, ya que elimina las barreras a la personalizaci\u00f3n y la escalabilidad.<\/p><h3>Principales ventajas de la GPL para los usuarios de Walogin<\/h3><ul class=\"feature-list\"><li><strong>Uso ilimitado del sitio<\/strong>: Implemente el plugin en proyectos personales, sitios web de clientes o plataformas empresariales sin pagar licencias por sitio.<\/li><li><strong>Plenos derechos de personalizaci\u00f3n<\/strong>: Modificar el c\u00f3digo del plugin para integrarlo con carteras espec\u00edficas, ajustar los flujos de trabajo de afiliaci\u00f3n o adaptarlo a las necesidades de la marca.<\/li><li><strong>Transparencia del c\u00f3digo abierto<\/strong>: Acceda y audite el c\u00f3digo fuente para verificar las medidas de seguridad, algo fundamental para las herramientas basadas en blockchain que manejan credenciales de usuario.<\/li><li><strong>Escalado rentable<\/strong>: Aproveche las funciones premium de blockchain sin costes de licencia recurrentes, ideal para plataformas de afiliaci\u00f3n en crecimiento.<\/li><\/ul><p>Adem\u00e1s, para un acceso fiable a plugins de blockchain con licencia GPL como Walogin, mercados de confianza como <a href=\"https:\/\/allwintheme.com\/es\/desarrollo-de-sitios-web\/\" target=\"_blank\" rel=\"noopener\">allwintheme<\/a> conservan versiones verificadas, garantizando a los usuarios la conformidad y un c\u00f3digo libre de malware.<\/p><\/section><section class=\"section\"><h2>2. Visi\u00f3n general del plugin: Funciones de afiliaci\u00f3n impulsadas por Blockchain<\/h2><h3>Evoluci\u00f3n de Walogin<\/h3><p>Con el tiempo, Walogin ha pasado de ser una herramienta b\u00e1sica de inicio de sesi\u00f3n con monedero a un completo sistema de gesti\u00f3n de suscripciones. Como resultado, ahora integra monederos de criptomonedas directamente en los flujos de trabajo de membres\u00eda de WordPress. Es compatible con m\u00faltiples carteras, sincronizaci\u00f3n de cuentas sin fisuras y herramientas avanzadas de restricci\u00f3n de contenido, por lo que es una opci\u00f3n destacada para los sitios de membres\u00eda modernos.<\/p><h3>Caracter\u00edsticas principales de Walogin<\/h3><ul class=\"feature-list\"><li>Compatibilidad con varias criptocarteras (incluidas las opciones basadas en MetaMask y Ethereum) para un inicio de sesi\u00f3n flexible.<\/li><li>Sincronizaci\u00f3n de cuentas: Vincula las cuentas de WordPress existentes con las criptocarteras para acceder a ellas sin problemas.<\/li><li>Botones de inicio de sesi\u00f3n autom\u00e1tico para las p\u00e1ginas de inicio de sesi\u00f3n de WordPress y WooCommerce (con ajustes conmutables).<\/li><li>Soporte de c\u00f3digo corto para a\u00f1adir botones de inicio de sesi\u00f3n de cartera en cualquier lugar de su sitio.<\/li><li>Panel de seguimiento de usuarios para supervisar a los miembros registrados en blockchain.<\/li><li>Complementos para la restricci\u00f3n de contenidos basada en tokens\/NFT para monetizar el acceso premium.<\/li><li>Compatibilidad con WooCommerce 5.x-7.x y WordPress 6.0+ para una amplia integraci\u00f3n.<\/li><\/ul><h3>Integraci\u00f3n y compatibilidad<\/h3><p>Adem\u00e1s, Walogin garantiza una compatibilidad sin problemas con las \u00faltimas versiones de WordPress y WooCommerce. Se integra perfectamente con los sistemas de membres\u00eda con token y soporta shortcodes personalizables para dise\u00f1os de sitios \u00fanicos. Por ejemplo, los desarrolladores pueden crear botones de inicio de sesi\u00f3n personalizados que se adapten perfectamente a la est\u00e9tica de la marca.<\/p><p>Para obtener consejos sobre la optimizaci\u00f3n de los plugins de blockchain para sitios de afiliaci\u00f3n, el <a href=\"https:\/\/wpkvip.com\/walogin-membership-management-with-blockchain\/\" target=\"_blank\" rel=\"noopener\">wpkvip blog<\/a> ofrece gu\u00edas de expertos sobre buenas pr\u00e1cticas de seguridad y mejoras de la experiencia de usuario para plataformas integradas de criptomonedas.<\/p><\/section><section class=\"section\"><h2>3. Opiniones aut\u00e9nticas de usuarios: Experiencias reales<\/h2><h3>Experiencias comunes de los usuarios<\/h3><p>Los comentarios verificados de los usuarios destacan los puntos fuertes de Walogin en seguridad y versatilidad, junto con los desaf\u00edos comunes a los que se enfrentan los usuarios nuevos en la integraci\u00f3n de blockchain. En consecuencia, los siguientes testimonios de ThemeForest, foros de desarrolladores y mercados de plugins GPL presentan una imagen equilibrada.<\/p><div class=\"pros-cons\"><div class=\"pros\"><h3>Ventajas elogiadas por los usuarios<\/h3><ul class=\"feature-list\"><li>Seguridad de primer nivel gracias a la arquitectura sin confianza de la cadena de bloques<\/li><li>Interfaz de usuario intuitiva (incluso para usuarios no expertos en criptograf\u00eda)<\/li><li>Sincronizaci\u00f3n de cuentas y monederos<\/li><li>Complementos \u00fatiles para la restricci\u00f3n de contenidos mediante token\/NFT<\/li><li>Servicio de atenci\u00f3n al cliente (6 meses incluidos con la compra)<\/li><li>Integraci\u00f3n flexible de shortcodes para dise\u00f1os personalizados<\/li><\/ul><\/div><div class=\"cons\"><h3>Retos comunicados<\/h3><ul class=\"feature-list\"><li>Documentaci\u00f3n abrumadora para los reci\u00e9n llegados a blockchain<\/li><li>Los costes adicionales de los complementos pueden acumularse.<\/li><li>Requiere activar la opci\u00f3n \"Cualquiera puede registrarse\" de WordPress para los nuevos registros.<\/li><li>Orientaci\u00f3n limitada para solucionar problemas de conexi\u00f3n de la cartera<\/li><\/ul><\/div><\/div><h3>Lo que dicen los promotores<\/h3><div class=\"review-card\"><p>\"Walogin transform\u00f3 la forma en que mi sitio de membres\u00eda maneja el acceso: el inicio de sesi\u00f3n de cadena de bloques es mucho m\u00e1s seguro que las contrase\u00f1as tradicionales, y a mis usuarios les encanta la comodidad. Adem\u00e1s, sincronizar las cuentas existentes con los monederos fue pan comido, y el c\u00f3digo corto me permiti\u00f3 a\u00f1adir botones de inicio de sesi\u00f3n a mi p\u00e1gina de destino en cuesti\u00f3n de minutos. El complemento de restricci\u00f3n de contenidos de NFT ha abierto nuevas v\u00edas de monetizaci\u00f3n. Merece la pena cada c\u00e9ntimo por la libertad GPL para personalizarlo para mi nicho\".\"<\/p><p class=\"reviewer\">- Alex R., Propietario de un sitio de membres\u00eda (Rese\u00f1a de ThemeForest)<\/p><\/div><div class=\"review-card\"><p>\"Como desarrollador de plataformas de afiliaci\u00f3n de clientes, la licencia GPL me convenci\u00f3 de Walogin. Puedo desplegarlo a trav\u00e9s de m\u00faltiples sitios sin cargos adicionales, y el c\u00f3digo es lo suficientemente limpio como para ajustarlo para integraciones de monedero espec\u00edficas. Sin embargo, mi \u00fanica queja es la documentaci\u00f3n, algunos de mis clientes menos expertos en tecnolog\u00eda la encontraron confusa. Pero el soporte respondi\u00f3 r\u00e1pidamente a las preguntas, y una vez configurado, funciona a la perfecci\u00f3n con las suscripciones de WooCommerce.\"<\/p><p class=\"reviewer\">- Maya T., Desarrollador de WordPress (Foro de plugins GPL)<\/p><\/div><div class=\"review-card\"><p>\"Las ventajas de seguridad son innegables; sin embargo, tuve problemas con la configuraci\u00f3n inicial. No me di cuenta de que ten\u00eda que activar 'Cualquiera puede registrarse' en la configuraci\u00f3n de WordPress para que los nuevos usuarios se registraran a trav\u00e9s de la cartera, lo que me cost\u00f3 unas cuantas horas de resoluci\u00f3n de problemas. Adem\u00e1s, los complementos para la restricci\u00f3n de tokens son caros, lo que aumenta el coste total. Aun as\u00ed, el plugin funciona como se anuncia, y la tranquilidad de la seguridad blockchain hace que valga la pena para mi sitio de contenido premium.\"<\/p><p class=\"reviewer\">\u2014 David K., E-Learning Platform Admin (ThemeForest Review)<\/p><\/div><div class=\"review-card\"><p>\"Walogin has come a long way from its first version. In addition, the updated membership features let me manage both traditional and blockchain-based users in one dashboard. The wallet support is versatile\u2014my international users appreciate the flexibility to use their preferred crypto wallets. The only improvement I\u2019d ask for is more simplified documentation for beginners. Overall, a solid GPL plugin for anyone looking to integrate blockchain into their membership system.\"<\/p><p class=\"reviewer\">\u2014 Sophia L., Digital Content Creator (GPL Plus Community)<\/p><\/div><\/section><section class=\"section\"><h2>4. Is Walogin Right for Your Membership Site?<\/h2><h3>Who Should Use It<\/h3><p>Walogin excels for users seeking to combine blockchain security with membership management, particularly:<\/p><ul class=\"feature-list\"><li>Membership site owners prioritizing secure, password-free login options<\/li><li>Developers building client sites (thanks to GPL\u2019s unlimited deployment)<\/li><li>Platforms monetizing content via tokens or NFTs (with add-on support)<\/li><li>WooCommerce stores adding blockchain-powered membership tiers<\/li><li>Users wanting open-source transparency for their security tools<\/li><\/ul><h3>Who Might Avoid It<\/h3><p>However, it\u2019s less ideal for those new to blockchain technology (due to documentation complexity) or sites avoiding add-on costs. In conclusion, for most modern membership platforms, Walogin\u2019s GPL freedom and blockchain innovation make it a top contender.<\/p><\/section><div class=\"footer\"><p>Last Updated: November 11, 2025<\/p><p>Sources: ThemeForest Reviews, GPL Plus, Shop.Vyeron, CodeCheap, wpkvip<\/p><\/div><p>\u00a0<\/p>\n\t\t\t\t\t<\/div>\n\t\t\t\t\t\t<\/div>\n\t\t\t\t<\/div>\n\t\t\t\t<\/div>\n\t\t<div class=\"wd-negative-gap elementor-element elementor-element-2a67c97 e-flex e-con-boxed e-con e-parent\" data-id=\"2a67c97\" data-element_type=\"container\" data-e-type=\"container\">\n\t\t\t\t\t<div class=\"e-con-inner\">\n\t\t\t\t<div class=\"elementor-element elementor-element-0e760f6 elementor-widget elementor-widget-video\" data-id=\"0e760f6\" data-element_type=\"widget\" data-e-type=\"widget\" data-settings=\"{&quot;youtube_url&quot;:&quot;https:\\\/\\\/youtu.be\\\/S-RQBEcHjO8&quot;,&quot;video_type&quot;:&quot;youtube&quot;,&quot;controls&quot;:&quot;yes&quot;}\" data-widget_type=\"video.default\">\n\t\t\t\t\t\t\t<div class=\"elementor-wrapper elementor-open-inline\">\n\t\t\t<div class=\"elementor-video\"><\/div>\t\t<\/div>\n\t\t\t\t\t\t<\/div>\n\t\t\t\t\t<\/div>\n\t\t\t\t<\/div>\n\t\t\t\t<\/div>","protected":false},"excerpt":{"rendered":"<p>Walogin: Blockchain-Powered Membership Management (GPL License &amp; User Reviews) A deep dive into the innovative GPL-licensed WordPress plugin that merges<\/p>","protected":false},"featured_media":12533,"comment_status":"closed","ping_status":"closed","template":"","meta":{"_acf_changed":false},"product_brand":[],"product_cat":[50],"product_tag":[],"class_list":{"0":"post-12532","1":"product","2":"type-product","3":"status-publish","4":"has-post-thumbnail","6":"product_cat-template-kits","8":"first","9":"instock","10":"sale","11":"downloadable","12":"shipping-taxable","13":"purchasable","14":"product-type-simple"},"acf":[],"yoast_head":"<!-- This site is optimized with the Yoast SEO Premium plugin v25.6 (Yoast SEO v27.1.1) - https:\/\/yoast.com\/product\/yoast-seo-premium-wordpress\/ -->\n<title>Walogin Membership Management with Blockchain - AllWin Theme \u2013 Free WordPress Themes Download<\/title>\n<meta name=\"description\" content=\"Walogin (GPL): Blockchain-powered membership management with multi-wallet support, account sync &amp; authentic user feedback for WordPress sites.\" \/>\n<meta name=\"robots\" content=\"index, follow, max-snippet:-1, max-image-preview:large, max-video-preview:-1\" \/>\n<link rel=\"canonical\" href=\"https:\/\/allwintheme.com\/es\/producto\/walogin-gestion-de-socios-con-blockchain\/\" \/>\n<meta property=\"og:locale\" content=\"es_ES\" \/>\n<meta property=\"og:type\" content=\"article\" \/>\n<meta property=\"og:title\" content=\"Walogin Membership Management with Blockchain\" \/>\n<meta property=\"og:description\" content=\"Walogin (GPL): Blockchain-powered membership management with multi-wallet support, account sync &amp; authentic user feedback for WordPress sites.\" \/>\n<meta property=\"og:url\" content=\"https:\/\/allwintheme.com\/es\/producto\/walogin-gestion-de-socios-con-blockchain\/\" \/>\n<meta property=\"og:site_name\" content=\"AllWin Theme \u2013 Free WordPress Themes Download\" \/>\n<meta property=\"article:modified_time\" content=\"2025-11-12T10:37:49+00:00\" \/>\n<meta property=\"og:image\" content=\"https:\/\/allwintheme.com\/wp-content\/uploads\/2025\/11\/Walogin-Membership-Management-with-Blockchain.png\" \/>\n\t<meta property=\"og:image:width\" content=\"590\" \/>\n\t<meta property=\"og:image:height\" content=\"300\" \/>\n\t<meta property=\"og:image:type\" content=\"image\/png\" \/>\n<meta name=\"twitter:card\" content=\"summary_large_image\" \/>\n<meta name=\"twitter:label1\" content=\"Tiempo estimado de lectura\" \/>\n\t<meta name=\"twitter:data1\" content=\"5 minutos\" \/>\n<script type=\"application\/ld+json\" class=\"yoast-schema-graph\">{\"@context\":\"https:\/\/schema.org\",\"@graph\":[{\"@type\":\"WebPage\",\"@id\":\"https:\/\/allwintheme.com\/product\/walogin-membership-management-with-blockchain\/\",\"url\":\"https:\/\/allwintheme.com\/product\/walogin-membership-management-with-blockchain\/\",\"name\":\"Walogin Membership Management with Blockchain - AllWin Theme \u2013 Free WordPress Themes Download\",\"isPartOf\":{\"@id\":\"https:\/\/allwintheme.com\/#website\"},\"primaryImageOfPage\":{\"@id\":\"https:\/\/allwintheme.com\/product\/walogin-membership-management-with-blockchain\/#primaryimage\"},\"image\":{\"@id\":\"https:\/\/allwintheme.com\/product\/walogin-membership-management-with-blockchain\/#primaryimage\"},\"thumbnailUrl\":\"https:\/\/allwintheme.com\/wp-content\/uploads\/2025\/11\/Walogin-Membership-Management-with-Blockchain.png\",\"datePublished\":\"2025-11-12T02:47:46+00:00\",\"dateModified\":\"2025-11-12T10:37:49+00:00\",\"description\":\"Walogin (GPL): Blockchain-powered membership management with multi-wallet support, account sync & authentic user feedback for WordPress sites.\",\"breadcrumb\":{\"@id\":\"https:\/\/allwintheme.com\/product\/walogin-membership-management-with-blockchain\/#breadcrumb\"},\"inLanguage\":\"es-CL\",\"potentialAction\":[{\"@type\":\"ReadAction\",\"target\":[\"https:\/\/allwintheme.com\/product\/walogin-membership-management-with-blockchain\/\"]}]},{\"@type\":\"ImageObject\",\"inLanguage\":\"es-CL\",\"@id\":\"https:\/\/allwintheme.com\/product\/walogin-membership-management-with-blockchain\/#primaryimage\",\"url\":\"https:\/\/allwintheme.com\/wp-content\/uploads\/2025\/11\/Walogin-Membership-Management-with-Blockchain.png\",\"contentUrl\":\"https:\/\/allwintheme.com\/wp-content\/uploads\/2025\/11\/Walogin-Membership-Management-with-Blockchain.png\",\"width\":590,\"height\":300,\"caption\":\"Walogin Membership Management with Blockchain\"},{\"@type\":\"BreadcrumbList\",\"@id\":\"https:\/\/allwintheme.com\/product\/walogin-membership-management-with-blockchain\/#breadcrumb\",\"itemListElement\":[{\"@type\":\"ListItem\",\"position\":1,\"name\":\"Home\",\"item\":\"https:\/\/allwintheme.com\/\"},{\"@type\":\"ListItem\",\"position\":2,\"name\":\"Shop\",\"item\":\"https:\/\/allwintheme.com\/shop\/\"},{\"@type\":\"ListItem\",\"position\":3,\"name\":\"Walogin Membership Management with Blockchain\"}]},{\"@type\":\"WebSite\",\"@id\":\"https:\/\/allwintheme.com\/#website\",\"url\":\"https:\/\/allwintheme.com\/\",\"name\":\"Allwintheme\",\"description\":\"Download free WordPress themes for every niche. Blogs, business, eCommerce, portfolio, restaurant and more. All themes are GPL licensed and mobile-ready.\",\"potentialAction\":[{\"@type\":\"SearchAction\",\"target\":{\"@type\":\"EntryPoint\",\"urlTemplate\":\"https:\/\/allwintheme.com\/?s={search_term_string}\"},\"query-input\":{\"@type\":\"PropertyValueSpecification\",\"valueRequired\":true,\"valueName\":\"search_term_string\"}}],\"inLanguage\":\"es-CL\"}]}<\/script>\n<!-- \/ Yoast SEO Premium plugin. -->","yoast_head_json":{"title":"Walogin Membership Management with Blockchain - AllWin Theme \u2013 Free WordPress Themes Download","description":"Walogin (GPL): Gesti\u00f3n de miembros basada en blockchain con soporte para m\u00faltiples carteras, sincronizaci\u00f3n de cuentas y comentarios aut\u00e9nticos de usuarios para sitios WordPress.","robots":{"index":"index","follow":"follow","max-snippet":"max-snippet:-1","max-image-preview":"max-image-preview:large","max-video-preview":"max-video-preview:-1"},"canonical":"https:\/\/allwintheme.com\/es\/producto\/walogin-gestion-de-socios-con-blockchain\/","og_locale":"es_ES","og_type":"article","og_title":"Walogin Membership Management with Blockchain","og_description":"Walogin (GPL): Blockchain-powered membership management with multi-wallet support, account sync & authentic user feedback for WordPress sites.","og_url":"https:\/\/allwintheme.com\/es\/producto\/walogin-gestion-de-socios-con-blockchain\/","og_site_name":"AllWin Theme \u2013 Free WordPress Themes Download","article_modified_time":"2025-11-12T10:37:49+00:00","og_image":[{"width":590,"height":300,"url":"https:\/\/allwintheme.com\/wp-content\/uploads\/2025\/11\/Walogin-Membership-Management-with-Blockchain.png","type":"image\/png"}],"twitter_card":"summary_large_image","twitter_misc":{"Tiempo estimado de lectura":"5 minutos"},"schema":{"@context":"https:\/\/schema.org","@graph":[{"@type":"WebPage","@id":"https:\/\/allwintheme.com\/product\/walogin-membership-management-with-blockchain\/","url":"https:\/\/allwintheme.com\/product\/walogin-membership-management-with-blockchain\/","name":"Walogin Membership Management with Blockchain - AllWin Theme \u2013 Free WordPress Themes Download","isPartOf":{"@id":"https:\/\/allwintheme.com\/#website"},"primaryImageOfPage":{"@id":"https:\/\/allwintheme.com\/product\/walogin-membership-management-with-blockchain\/#primaryimage"},"image":{"@id":"https:\/\/allwintheme.com\/product\/walogin-membership-management-with-blockchain\/#primaryimage"},"thumbnailUrl":"https:\/\/allwintheme.com\/wp-content\/uploads\/2025\/11\/Walogin-Membership-Management-with-Blockchain.png","datePublished":"2025-11-12T02:47:46+00:00","dateModified":"2025-11-12T10:37:49+00:00","description":"Walogin (GPL): Gesti\u00f3n de miembros basada en blockchain con soporte para m\u00faltiples carteras, sincronizaci\u00f3n de cuentas y comentarios aut\u00e9nticos de usuarios para sitios WordPress.","breadcrumb":{"@id":"https:\/\/allwintheme.com\/product\/walogin-membership-management-with-blockchain\/#breadcrumb"},"inLanguage":"es-CL","potentialAction":[{"@type":"ReadAction","target":["https:\/\/allwintheme.com\/product\/walogin-membership-management-with-blockchain\/"]}]},{"@type":"ImageObject","inLanguage":"es-CL","@id":"https:\/\/allwintheme.com\/product\/walogin-membership-management-with-blockchain\/#primaryimage","url":"https:\/\/allwintheme.com\/wp-content\/uploads\/2025\/11\/Walogin-Membership-Management-with-Blockchain.png","contentUrl":"https:\/\/allwintheme.com\/wp-content\/uploads\/2025\/11\/Walogin-Membership-Management-with-Blockchain.png","width":590,"height":300,"caption":"Walogin Membership Management with Blockchain"},{"@type":"BreadcrumbList","@id":"https:\/\/allwintheme.com\/product\/walogin-membership-management-with-blockchain\/#breadcrumb","itemListElement":[{"@type":"ListItem","position":1,"name":"Home","item":"https:\/\/allwintheme.com\/"},{"@type":"ListItem","position":2,"name":"Shop","item":"https:\/\/allwintheme.com\/shop\/"},{"@type":"ListItem","position":3,"name":"Walogin Membership Management with Blockchain"}]},{"@type":"WebSite","@id":"https:\/\/allwintheme.com\/#website","url":"https:\/\/allwintheme.com\/","name":"Allwintheme","description":"Descarga gratis temas de WordPress para todos los nichos. Blogs, negocios, comercio electr\u00f3nico, portafolio, restaurante y m\u00e1s. Todos los temas tienen licencia GPL y est\u00e1n preparados para dispositivos m\u00f3viles.","potentialAction":[{"@type":"SearchAction","target":{"@type":"EntryPoint","urlTemplate":"https:\/\/allwintheme.com\/?s={search_term_string}"},"query-input":{"@type":"PropertyValueSpecification","valueRequired":true,"valueName":"search_term_string"}}],"inLanguage":"es-CL"}]}},"_links":{"self":[{"href":"https:\/\/allwintheme.com\/es\/wp-json\/wp\/v2\/product\/12532","targetHints":{"allow":["GET"]}}],"collection":[{"href":"https:\/\/allwintheme.com\/es\/wp-json\/wp\/v2\/product"}],"about":[{"href":"https:\/\/allwintheme.com\/es\/wp-json\/wp\/v2\/types\/product"}],"replies":[{"embeddable":true,"href":"https:\/\/allwintheme.com\/es\/wp-json\/wp\/v2\/comments?post=12532"}],"version-history":[{"count":23,"href":"https:\/\/allwintheme.com\/es\/wp-json\/wp\/v2\/product\/12532\/revisions"}],"predecessor-version":[{"id":12581,"href":"https:\/\/allwintheme.com\/es\/wp-json\/wp\/v2\/product\/12532\/revisions\/12581"}],"wp:featuredmedia":[{"embeddable":true,"href":"https:\/\/allwintheme.com\/es\/wp-json\/wp\/v2\/media\/12533"}],"wp:attachment":[{"href":"https:\/\/allwintheme.com\/es\/wp-json\/wp\/v2\/media?parent=12532"}],"wp:term":[{"taxonomy":"product_brand","embeddable":true,"href":"https:\/\/allwintheme.com\/es\/wp-json\/wp\/v2\/product_brand?post=12532"},{"taxonomy":"product_cat","embeddable":true,"href":"https:\/\/allwintheme.com\/es\/wp-json\/wp\/v2\/product_cat?post=12532"},{"taxonomy":"product_tag","embeddable":true,"href":"https:\/\/allwintheme.com\/es\/wp-json\/wp\/v2\/product_tag?post=12532"}],"curies":[{"name":"wp","href":"https:\/\/api.w.org\/{rel}","templated":true}]}}