{"id":12566,"date":"2025-11-12T10:04:33","date_gmt":"2025-11-12T10:04:33","guid":{"rendered":"https:\/\/allwintheme.com\/?post_type=product&#038;p=12566"},"modified":"2025-11-12T12:40:32","modified_gmt":"2025-11-12T12:40:32","slug":"translatepress-business","status":"publish","type":"product","link":"https:\/\/allwintheme.com\/es\/producto\/translatepress-business\/","title":{"rendered":"TranslatePress Negocios"},"content":{"rendered":"<div data-elementor-type=\"wp-post\" data-elementor-id=\"12566\" class=\"elementor elementor-12566\" data-elementor-settings=\"{&quot;element_pack_global_tooltip_width&quot;:{&quot;unit&quot;:&quot;px&quot;,&quot;size&quot;:&quot;&quot;,&quot;sizes&quot;:[]},&quot;element_pack_global_tooltip_width_tablet&quot;:{&quot;unit&quot;:&quot;px&quot;,&quot;size&quot;:&quot;&quot;,&quot;sizes&quot;:[]},&quot;element_pack_global_tooltip_width_mobile&quot;:{&quot;unit&quot;:&quot;px&quot;,&quot;size&quot;:&quot;&quot;,&quot;sizes&quot;:[]},&quot;element_pack_global_tooltip_padding&quot;:{&quot;unit&quot;:&quot;px&quot;,&quot;top&quot;:&quot;&quot;,&quot;right&quot;:&quot;&quot;,&quot;bottom&quot;:&quot;&quot;,&quot;left&quot;:&quot;&quot;,&quot;isLinked&quot;:true},&quot;element_pack_global_tooltip_padding_tablet&quot;:{&quot;unit&quot;:&quot;px&quot;,&quot;top&quot;:&quot;&quot;,&quot;right&quot;:&quot;&quot;,&quot;bottom&quot;:&quot;&quot;,&quot;left&quot;:&quot;&quot;,&quot;isLinked&quot;:true},&quot;element_pack_global_tooltip_padding_mobile&quot;:{&quot;unit&quot;:&quot;px&quot;,&quot;top&quot;:&quot;&quot;,&quot;right&quot;:&quot;&quot;,&quot;bottom&quot;:&quot;&quot;,&quot;left&quot;:&quot;&quot;,&quot;isLinked&quot;:true},&quot;element_pack_global_tooltip_border_radius&quot;:{&quot;unit&quot;:&quot;px&quot;,&quot;top&quot;:&quot;&quot;,&quot;right&quot;:&quot;&quot;,&quot;bottom&quot;:&quot;&quot;,&quot;left&quot;:&quot;&quot;,&quot;isLinked&quot;:true},&quot;element_pack_global_tooltip_border_radius_tablet&quot;:{&quot;unit&quot;:&quot;px&quot;,&quot;top&quot;:&quot;&quot;,&quot;right&quot;:&quot;&quot;,&quot;bottom&quot;:&quot;&quot;,&quot;left&quot;:&quot;&quot;,&quot;isLinked&quot;:true},&quot;element_pack_global_tooltip_border_radius_mobile&quot;:{&quot;unit&quot;:&quot;px&quot;,&quot;top&quot;:&quot;&quot;,&quot;right&quot;:&quot;&quot;,&quot;bottom&quot;:&quot;&quot;,&quot;left&quot;:&quot;&quot;,&quot;isLinked&quot;:true}}\" data-elementor-post-type=\"product\">\n\t\t\t\t<div class=\"wd-negative-gap elementor-element elementor-element-39848b1 e-flex e-con-boxed e-con e-parent\" data-id=\"39848b1\" data-element_type=\"container\" data-e-type=\"container\">\n\t\t\t\t\t<div class=\"e-con-inner\">\n\t\t\t\t<div class=\"elementor-element elementor-element-919f328 elementor-widget elementor-widget-wd_text_block\" data-id=\"919f328\" data-element_type=\"widget\" data-e-type=\"widget\" data-widget_type=\"wd_text_block.default\">\n\t\t\t\t<div class=\"elementor-widget-container\">\n\t\t\t\t\t\t\t<div class=\"wd-text-block reset-last-child text-left\">\n\t\t\t\n\t\t\t<header><h1>TranslatePress - Negocios: Libertad GPL y experiencias reales de los usuarios<\/h1><p>Un an\u00e1lisis detallado del plugin de traducci\u00f3n de WordPress con licencia GPL en el que conf\u00edan m\u00e1s de 250.000 sitios web de todo el mundo.<\/p><\/header><section class=\"section\"><h2>1. Licencia GPL: Derechos b\u00e1sicos para los usuarios<\/h2><p>TranslatePress - Business opera bajo la <strong>Licencia P\u00fablica General de GNU (GPL)<\/strong>, una licencia de c\u00f3digo abierto fundamental que garantiza a los usuarios un control sin precedentes sobre las traducciones de sus sitios web. A diferencia de las alternativas propietarias, esta conformidad con la GPL garantiza la propiedad permanente de las traducciones y derechos de uso flexibles.<\/p><h3>Principales ventajas de la licencia GPL de TranslatePress - Empresas<\/h3><ul class=\"feature-list\"><li><strong>Uso ilimitado de dominios<\/strong>: Implemente el plugin en sitios web personales, de clientes o de empresas sin restricciones por sitio.<\/li><li><strong>Traducci\u00f3n permanente Propiedad<\/strong>: Conserve el control total de todos los contenidos traducidos incluso despu\u00e9s de que expire la licencia.<\/li><li><strong>Libertad de modificaci\u00f3n<\/strong>: Personaliza la funcionalidad del plugin para adaptarlo a flujos de trabajo de traducci\u00f3n espec\u00edficos.<\/li><li><strong>Acceso rentable<\/strong>: Acceda a funciones premium por una fracci\u00f3n del coste de las soluciones de traducci\u00f3n no GPL.<\/li><\/ul><p>Adem\u00e1s, para plugins fiables con licencia GPL como TranslatePress - Business, plataformas como <a href=\"https:\/\/allwintheme.com\/es\/producto\/wpml-cms-multilingue\/\" target=\"_blank\" rel=\"noopener\">allwintheme<\/a> ofrecen descargas verificadas con actualizaciones de por vida y conformidad legal. Esto facilita a los usuarios el acceso a herramientas de c\u00f3digo abierto sin preocuparse por las infracciones de las licencias.<\/p><\/section><section class=\"section\"><h2>2. Caracter\u00edsticas principales de TranslatePress - Business<\/h2><p>TranslatePress - Business destaca por su dise\u00f1o centrado en el usuario y sus completas funciones de traducci\u00f3n, y satisface las necesidades de empresas, agencias y creadores de contenidos que desean llegar a todo el mundo. Elimina la complejidad de los plugins de traducci\u00f3n tradicionales ofreciendo edici\u00f3n front-end e integraci\u00f3n perfecta con herramientas populares.<\/p><h3>2.1 Funciones destacadas<\/h3><ul class=\"feature-list\"><li>Edici\u00f3n de traducciones front-end: modifique el contenido directamente en la p\u00e1gina en directo sin necesidad de navegar por el back-end.<\/li><li>Compatible con m\u00e1s de 130 idiomas, incluidos los alfabetos RTL (de derecha a izquierda) como el \u00e1rabe y el hebreo.<\/li><li>Traducci\u00f3n autom\u00e1tica asistida por IA a trav\u00e9s de DeepL, Google Translate y Microsoft Translator.<\/li><li>Herramientas de optimizaci\u00f3n SEO: mapas de sitio multiling\u00fces, atributos HTML lang y traducci\u00f3n de metaetiquetas.<\/li><li>Compatibilidad con WooCommerce, Elementor y la mayor\u00eda de temas\/plugins de WordPress.<\/li><li>Gesti\u00f3n de traducci\u00f3n colaborativa con cuentas de traductor dedicadas.<\/li><\/ul><p>Para obtener consejos sobre la optimizaci\u00f3n de sitios web multiling\u00fces con TranslatePress, el <a href=\"https:\/\/wpkvip.com\/translatepress-business-gpl-license\/\" target=\"_blank\" rel=\"noopener\">wpkvip blog<\/a> ofrece gu\u00edas de expertos sobre las mejores pr\u00e1cticas de SEO y los flujos de trabajo de integraci\u00f3n de plugins. Adem\u00e1s, estos recursos ayudan a los usuarios a maximizar el potencial del plugin y a evitar los errores m\u00e1s comunes.<\/p><\/section><section class=\"section\"><h2>3. Opiniones aut\u00e9nticas de usuarios: Ventajas, desventajas y uso en el mundo real<\/h2><p>Los comentarios de los usuarios destacan TranslatePress - Business como la mejor opci\u00f3n por su facilidad de uso y versatilidad, con limitaciones ocasionales vinculadas a casos de uso espec\u00edficos. A continuaci\u00f3n se muestran experiencias reales de usuarios de WordPress de diferentes sectores.<\/p><div class=\"pros-cons\"><div class=\"pros\"><h3>3.1 Ventajas apreciadas por los usuarios<\/h3><ul class=\"feature-list\"><li>La edici\u00f3n intuitiva del front-end ahorra tiempo en comparaci\u00f3n con los plugins centrados en el back-end.<\/li><li>Perfecta integraci\u00f3n con WooCommerce y creadores de sitios web<\/li><li>Traducci\u00f3n autom\u00e1tica fiable con funciones de edici\u00f3n manual<\/li><li>Servicio de atenci\u00f3n al cliente atento y servicial<\/li><li>C\u00f3digo ligero que no ralentiza el rendimiento del sitio web<\/li><\/ul><\/div><div class=\"cons\"><h3>3.2 Limitaciones comunicadas<\/h3><ul class=\"feature-list\"><li>No hay redirecci\u00f3n autom\u00e1tica de IP\/idioma del navegador (requiere selecci\u00f3n manual)<\/li><li>Soporte de traducci\u00f3n autom\u00e1tica limitado para el chino tradicional en China<\/li><li>Los contenidos din\u00e1micos complejos (por ejemplo, shortcodes personalizados) pueden necesitar ajustes adicionales.<\/li><li>La precisi\u00f3n de la traducci\u00f3n autom\u00e1tica var\u00eda seg\u00fan el par de lenguas<\/li><\/ul><\/div><\/div><h3>3.3 Testimonios de usuarios verificados<\/h3><h4>3.3.1 Perspectivas de las agencias y los aut\u00f3nomos<\/h4><div class=\"review-card\"><p>\"He probado WPML, GTranslate y Polylang, pero TranslatePress es, con diferencia, el m\u00e1s sencillo y vers\u00e1til. La edici\u00f3n de front-end me permite traducir exactamente lo que veo, y maneja enlaces, im\u00e1genes y elementos SEO a la perfecci\u00f3n. Como propietario de una agencia, la licencia GPL me permite utilizarlo en un n\u00famero ilimitado de sitios web de clientes sin costes adicionales. Merece la pena cada c\u00e9ntimo\".\"<\/p><p class=\"reviewer\">- Maria S., Fundadora de una agencia de marketing digital<\/p><\/div><div class=\"review-card\"><p>\"Este plugin cambia las reglas del juego para los sitios web peque\u00f1os. Construyo sitios de CV personales y portafolios de una p\u00e1gina, y la mayor\u00eda de las herramientas de traducci\u00f3n son demasiado caras para mis necesidades. TranslatePress Business es asequible, f\u00e1cil de configurar y funciona perfectamente para idiomas RTL como el persa. El \u00fanico inconveniente es que no tiene redirecci\u00f3n autom\u00e1tica de idiomas, pero el conmutador de idiomas es f\u00e1cil de personalizar\".\"<\/p><p class=\"reviewer\">- Amir R., Desarrollador web aut\u00f3nomo<\/p><\/div><h4>3.3.2 Experiencias con peque\u00f1as empresas y comercio electr\u00f3nico<\/h4><div class=\"review-card\"><p>\"Al dirigir un sitio europeo de almacenamiento de caravanas, necesit\u00e1bamos una soluci\u00f3n multiling\u00fce que fuera f\u00e1cil de usar para nuestro equipo. TranslatePress nos permiti\u00f3 lanzar versiones en ingl\u00e9s, franc\u00e9s y alem\u00e1n en horas, no en d\u00edas. La integraci\u00f3n de DeepL proporciona traducciones precisas y podemos ajustarlas manualmente. El servicio de asistencia fue r\u00e1pido en ayudarnos con un problema de traducci\u00f3n de la caja de WooCommerce: \u00a1un servicio excelente!\".\"<\/p><p class=\"reviewer\">- Thomas K., Peque\u00f1o empresario<\/p><\/div><div class=\"review-card\"><p>\"Cambiamos a TranslatePress despu\u00e9s de luchar con la complejidad de WPML. El flujo de trabajo del front-end es intuitivo y no sobrecarga nuestro servidor como otros plugins. Las funciones de SEO son una gran ventaja: hemos visto un aumento de 20% en el tr\u00e1fico internacional desde que lanzamos las metaetiquetas multiling\u00fces. Mi \u00fanica queja es que la traducci\u00f3n autom\u00e1tica al chino tradicional es irregular para nuestro p\u00fablico de Hong Kong, pero las ediciones manuales lo solucionan\".\"<\/p><p class=\"reviewer\">- Lisa T., Directora de la tienda de comercio electr\u00f3nico<\/p><\/div><h4>3.3.3 Perspectiva de la gesti\u00f3n de proyectos de la Agencia<\/h4><div class=\"review-card\"><p>\"Como gestor de una agencia de comunicaci\u00f3n, recomendamos TranslatePress a todos nuestros clientes. Es flexible, fiable y el equipo de asistencia soluciona r\u00e1pidamente los problemas de compatibilidad. La funci\u00f3n de traducci\u00f3n colaborativa permite a los clientes revisar las traducciones sin acceder al backend, lo que agiliza nuestro flujo de trabajo. El hecho de tener licencia GPL es una gran ventaja para los proyectos de nuestros clientes: no hay tarifas ocultas ni restricciones\".\"<\/p><p class=\"reviewer\">- David M., Director de Proyectos de la Agencia<\/p><\/div><h3>3.4 Retos comunes de los usuarios y soluciones<\/h3><p>Aunque la mayor\u00eda de los usuarios elogian TranslatePress - Business, algunos han encontrado obst\u00e1culos espec\u00edficos. Por ejemplo, la traducci\u00f3n din\u00e1mica de contenido puede resultar complicada para los shortcodes personalizados, pero la documentaci\u00f3n del plugin ofrece soluciones paso a paso. Adem\u00e1s, para los usuarios que necesitan redireccionamiento de idioma, los complementos de terceros o simples fragmentos de c\u00f3digo personalizados pueden llenar el vac\u00edo. Por otra parte, si la precisi\u00f3n de la traducci\u00f3n de IA es una preocupaci\u00f3n para los pares de idiomas menos comunes, la combinaci\u00f3n de auto-traducci\u00f3n con revisiones manuales tiende a producir los mejores resultados.<\/p><\/section><section class=\"section\"><h2>4. \u00bfEs TranslatePress - Business adecuado para usted?<\/h2><p>TranslatePress - Business es excelente para una amplia gama de usuarios, pero es importante adaptar sus caracter\u00edsticas a sus necesidades espec\u00edficas. A continuaci\u00f3n se muestra un desglose de qui\u00e9n puede beneficiarse m\u00e1s de este plugin con licencia GPL.<\/p><h3>4.1 Usuarios ideales de TranslatePress - Empresas<\/h3><ul class=\"feature-list\"><li>Las empresas se dirigen al p\u00fablico mundial con sitios web multiling\u00fces<\/li><li>Agencias que crean sitios web para clientes (uso ilimitado de dominios mediante licencia GPL)<\/li><li>Usuarios que buscan una traducci\u00f3n sin c\u00f3digo con edici\u00f3n frontal<\/li><li>Tiendas de comercio electr\u00f3nico que utilizan WooCommerce (traducci\u00f3n de productos sin fisuras)<\/li><li>Creadores que necesitan soluciones ligeras y de alto rendimiento<\/li><\/ul><p>Por otro lado, es menos ideal para los usuarios que necesiten una redirecci\u00f3n autom\u00e1tica del idioma o una traducci\u00f3n autom\u00e1tica completa al chino tradicional. Sin embargo, para la mayor\u00eda de los casos de uso, sus libertades GPL, su facilidad de uso y sus completas funciones lo convierten en la mejor opci\u00f3n para las soluciones multiling\u00fces de WordPress. Incluso para aquellos con necesidades espec\u00edficas, la flexibilidad del plugin permite a menudo soluciones o integraciones para solventar carencias. De hecho, muchos usuarios afirman que las ventajas del plugin superan con creces sus peque\u00f1as limitaciones, especialmente en comparaci\u00f3n con otras alternativas m\u00e1s caras.<\/p><\/section><div class=\"footer\"><p>\u00daltima actualizaci\u00f3n: 12 de noviembre de 2025<\/p><p>Fuentes: Sitio oficial de TranslatePress, Rese\u00f1as de WordPress.org, Top Business Software, GPL Plugin Marketplaces<\/p><\/div><p>\u00a0<\/p>\n\t\t\t\t\t<\/div>\n\t\t\t\t\t\t<\/div>\n\t\t\t\t<\/div>\n\t\t\t\t\t<\/div>\n\t\t\t\t<\/div>\n\t\t<div class=\"wd-negative-gap elementor-element elementor-element-c24f867 e-flex e-con-boxed e-con e-parent\" data-id=\"c24f867\" data-element_type=\"container\" data-e-type=\"container\">\n\t\t\t\t\t<div class=\"e-con-inner\">\n\t\t\t\t<div class=\"elementor-element elementor-element-4ea68e2 elementor-widget elementor-widget-video\" data-id=\"4ea68e2\" data-element_type=\"widget\" data-e-type=\"widget\" data-settings=\"{&quot;youtube_url&quot;:&quot;https:\\\/\\\/youtu.be\\\/CbGynhCagik&quot;,&quot;video_type&quot;:&quot;youtube&quot;,&quot;controls&quot;:&quot;yes&quot;}\" data-widget_type=\"video.default\">\n\t\t\t\t\t\t\t<div class=\"elementor-wrapper elementor-open-inline\">\n\t\t\t<div class=\"elementor-video\"><\/div>\t\t<\/div>\n\t\t\t\t\t\t<\/div>\n\t\t\t\t\t<\/div>\n\t\t\t\t<\/div>\n\t\t\t\t<\/div>","protected":false},"excerpt":{"rendered":"<p>TranslatePress \u2013 Business: GPL Freedom &amp; Real-World User Experiences A detailed analysis of the GPL-licensed WordPress translation plugin trusted by<\/p>","protected":false},"featured_media":12567,"comment_status":"open","ping_status":"closed","template":"","meta":{"_acf_changed":false},"product_brand":[],"product_cat":[49],"product_tag":[],"class_list":{"0":"post-12566","1":"product","2":"type-product","3":"status-publish","4":"has-post-thumbnail","6":"product_cat-plugins","8":"first","9":"instock","10":"sale","11":"downloadable","12":"shipping-taxable","13":"purchasable","14":"product-type-simple"},"acf":[],"yoast_head":"<!-- This site is optimized with the Yoast SEO Premium plugin v25.6 (Yoast SEO v27.1.1) - https:\/\/yoast.com\/product\/yoast-seo-premium-wordpress\/ -->\n<title>TranslatePress Business - AllWin Theme \u2013 Free WordPress Themes Download<\/title>\n<meta name=\"description\" content=\"TranslatePress Business (GPL): 130+ languages, AI translation, WooCommerce support &amp; user feedback \u2013 ideal for global WordPress websites.\" \/>\n<meta name=\"robots\" content=\"index, follow, max-snippet:-1, max-image-preview:large, max-video-preview:-1\" \/>\n<link rel=\"canonical\" href=\"https:\/\/allwintheme.com\/es\/producto\/translatepress-business\/\" \/>\n<meta property=\"og:locale\" content=\"es_ES\" \/>\n<meta property=\"og:type\" content=\"article\" \/>\n<meta property=\"og:title\" content=\"TranslatePress Business\" \/>\n<meta property=\"og:description\" content=\"TranslatePress Business (GPL): 130+ languages, AI translation, WooCommerce support &amp; user feedback \u2013 ideal for global WordPress websites.\" \/>\n<meta property=\"og:url\" content=\"https:\/\/allwintheme.com\/es\/producto\/translatepress-business\/\" \/>\n<meta property=\"og:site_name\" content=\"AllWin Theme \u2013 Free WordPress Themes Download\" \/>\n<meta property=\"article:modified_time\" content=\"2025-11-12T12:40:32+00:00\" \/>\n<meta property=\"og:image\" content=\"https:\/\/allwintheme.com\/wp-content\/uploads\/2025\/11\/bq2mq5hp.png\" \/>\n\t<meta property=\"og:image:width\" content=\"614\" \/>\n\t<meta property=\"og:image:height\" content=\"338\" \/>\n\t<meta property=\"og:image:type\" content=\"image\/png\" \/>\n<meta name=\"twitter:card\" content=\"summary_large_image\" \/>\n<meta name=\"twitter:label1\" content=\"Tiempo estimado de lectura\" \/>\n\t<meta name=\"twitter:data1\" content=\"5 minutos\" \/>\n<script type=\"application\/ld+json\" class=\"yoast-schema-graph\">{\"@context\":\"https:\/\/schema.org\",\"@graph\":[{\"@type\":\"WebPage\",\"@id\":\"https:\/\/allwintheme.com\/product\/translatepress-business\/\",\"url\":\"https:\/\/allwintheme.com\/product\/translatepress-business\/\",\"name\":\"TranslatePress Business - AllWin Theme \u2013 Free WordPress Themes Download\",\"isPartOf\":{\"@id\":\"https:\/\/allwintheme.com\/#website\"},\"primaryImageOfPage\":{\"@id\":\"https:\/\/allwintheme.com\/product\/translatepress-business\/#primaryimage\"},\"image\":{\"@id\":\"https:\/\/allwintheme.com\/product\/translatepress-business\/#primaryimage\"},\"thumbnailUrl\":\"https:\/\/allwintheme.com\/wp-content\/uploads\/2025\/11\/bq2mq5hp.png\",\"datePublished\":\"2025-11-12T10:04:33+00:00\",\"dateModified\":\"2025-11-12T12:40:32+00:00\",\"description\":\"TranslatePress Business (GPL): 130+ languages, AI translation, WooCommerce support & user feedback \u2013 ideal for global WordPress websites.\",\"breadcrumb\":{\"@id\":\"https:\/\/allwintheme.com\/product\/translatepress-business\/#breadcrumb\"},\"inLanguage\":\"es-CL\",\"potentialAction\":[{\"@type\":\"ReadAction\",\"target\":[\"https:\/\/allwintheme.com\/product\/translatepress-business\/\"]}]},{\"@type\":\"ImageObject\",\"inLanguage\":\"es-CL\",\"@id\":\"https:\/\/allwintheme.com\/product\/translatepress-business\/#primaryimage\",\"url\":\"https:\/\/allwintheme.com\/wp-content\/uploads\/2025\/11\/bq2mq5hp.png\",\"contentUrl\":\"https:\/\/allwintheme.com\/wp-content\/uploads\/2025\/11\/bq2mq5hp.png\",\"width\":614,\"height\":338,\"caption\":\"TranslatePress \u2013 Business\"},{\"@type\":\"BreadcrumbList\",\"@id\":\"https:\/\/allwintheme.com\/product\/translatepress-business\/#breadcrumb\",\"itemListElement\":[{\"@type\":\"ListItem\",\"position\":1,\"name\":\"Home\",\"item\":\"https:\/\/allwintheme.com\/\"},{\"@type\":\"ListItem\",\"position\":2,\"name\":\"Shop\",\"item\":\"https:\/\/allwintheme.com\/shop\/\"},{\"@type\":\"ListItem\",\"position\":3,\"name\":\"TranslatePress Business\"}]},{\"@type\":\"WebSite\",\"@id\":\"https:\/\/allwintheme.com\/#website\",\"url\":\"https:\/\/allwintheme.com\/\",\"name\":\"Allwintheme\",\"description\":\"Download free WordPress themes for every niche. Blogs, business, eCommerce, portfolio, restaurant and more. All themes are GPL licensed and mobile-ready.\",\"potentialAction\":[{\"@type\":\"SearchAction\",\"target\":{\"@type\":\"EntryPoint\",\"urlTemplate\":\"https:\/\/allwintheme.com\/?s={search_term_string}\"},\"query-input\":{\"@type\":\"PropertyValueSpecification\",\"valueRequired\":true,\"valueName\":\"search_term_string\"}}],\"inLanguage\":\"es-CL\"}]}<\/script>\n<!-- \/ Yoast SEO Premium plugin. -->","yoast_head_json":{"title":"TranslatePress Business - AllWin Theme \u2013 Free WordPress Themes Download","description":"TranslatePress Business (GPL): m\u00e1s de 130 idiomas, traducci\u00f3n autom\u00e1tica, compatibilidad con WooCommerce y comentarios de los usuarios; ideal para sitios web WordPress internacionales.","robots":{"index":"index","follow":"follow","max-snippet":"max-snippet:-1","max-image-preview":"max-image-preview:large","max-video-preview":"max-video-preview:-1"},"canonical":"https:\/\/allwintheme.com\/es\/producto\/translatepress-business\/","og_locale":"es_ES","og_type":"article","og_title":"TranslatePress Business","og_description":"TranslatePress Business (GPL): 130+ languages, AI translation, WooCommerce support & user feedback \u2013 ideal for global WordPress websites.","og_url":"https:\/\/allwintheme.com\/es\/producto\/translatepress-business\/","og_site_name":"AllWin Theme \u2013 Free WordPress Themes Download","article_modified_time":"2025-11-12T12:40:32+00:00","og_image":[{"width":614,"height":338,"url":"https:\/\/allwintheme.com\/wp-content\/uploads\/2025\/11\/bq2mq5hp.png","type":"image\/png"}],"twitter_card":"summary_large_image","twitter_misc":{"Tiempo estimado de lectura":"5 minutos"},"schema":{"@context":"https:\/\/schema.org","@graph":[{"@type":"WebPage","@id":"https:\/\/allwintheme.com\/product\/translatepress-business\/","url":"https:\/\/allwintheme.com\/product\/translatepress-business\/","name":"TranslatePress Business - AllWin Theme \u2013 Free WordPress Themes Download","isPartOf":{"@id":"https:\/\/allwintheme.com\/#website"},"primaryImageOfPage":{"@id":"https:\/\/allwintheme.com\/product\/translatepress-business\/#primaryimage"},"image":{"@id":"https:\/\/allwintheme.com\/product\/translatepress-business\/#primaryimage"},"thumbnailUrl":"https:\/\/allwintheme.com\/wp-content\/uploads\/2025\/11\/bq2mq5hp.png","datePublished":"2025-11-12T10:04:33+00:00","dateModified":"2025-11-12T12:40:32+00:00","description":"TranslatePress Business (GPL): m\u00e1s de 130 idiomas, traducci\u00f3n autom\u00e1tica, compatibilidad con WooCommerce y comentarios de los usuarios; ideal para sitios web WordPress internacionales.","breadcrumb":{"@id":"https:\/\/allwintheme.com\/product\/translatepress-business\/#breadcrumb"},"inLanguage":"es-CL","potentialAction":[{"@type":"ReadAction","target":["https:\/\/allwintheme.com\/product\/translatepress-business\/"]}]},{"@type":"ImageObject","inLanguage":"es-CL","@id":"https:\/\/allwintheme.com\/product\/translatepress-business\/#primaryimage","url":"https:\/\/allwintheme.com\/wp-content\/uploads\/2025\/11\/bq2mq5hp.png","contentUrl":"https:\/\/allwintheme.com\/wp-content\/uploads\/2025\/11\/bq2mq5hp.png","width":614,"height":338,"caption":"TranslatePress \u2013 Business"},{"@type":"BreadcrumbList","@id":"https:\/\/allwintheme.com\/product\/translatepress-business\/#breadcrumb","itemListElement":[{"@type":"ListItem","position":1,"name":"Home","item":"https:\/\/allwintheme.com\/"},{"@type":"ListItem","position":2,"name":"Shop","item":"https:\/\/allwintheme.com\/shop\/"},{"@type":"ListItem","position":3,"name":"TranslatePress Business"}]},{"@type":"WebSite","@id":"https:\/\/allwintheme.com\/#website","url":"https:\/\/allwintheme.com\/","name":"Allwintheme","description":"Descarga gratis temas de WordPress para todos los nichos. Blogs, negocios, comercio electr\u00f3nico, portafolio, restaurante y m\u00e1s. Todos los temas tienen licencia GPL y est\u00e1n preparados para dispositivos m\u00f3viles.","potentialAction":[{"@type":"SearchAction","target":{"@type":"EntryPoint","urlTemplate":"https:\/\/allwintheme.com\/?s={search_term_string}"},"query-input":{"@type":"PropertyValueSpecification","valueRequired":true,"valueName":"search_term_string"}}],"inLanguage":"es-CL"}]}},"_links":{"self":[{"href":"https:\/\/allwintheme.com\/es\/wp-json\/wp\/v2\/product\/12566","targetHints":{"allow":["GET"]}}],"collection":[{"href":"https:\/\/allwintheme.com\/es\/wp-json\/wp\/v2\/product"}],"about":[{"href":"https:\/\/allwintheme.com\/es\/wp-json\/wp\/v2\/types\/product"}],"replies":[{"embeddable":true,"href":"https:\/\/allwintheme.com\/es\/wp-json\/wp\/v2\/comments?post=12566"}],"version-history":[{"count":32,"href":"https:\/\/allwintheme.com\/es\/wp-json\/wp\/v2\/product\/12566\/revisions"}],"predecessor-version":[{"id":12601,"href":"https:\/\/allwintheme.com\/es\/wp-json\/wp\/v2\/product\/12566\/revisions\/12601"}],"wp:featuredmedia":[{"embeddable":true,"href":"https:\/\/allwintheme.com\/es\/wp-json\/wp\/v2\/media\/12567"}],"wp:attachment":[{"href":"https:\/\/allwintheme.com\/es\/wp-json\/wp\/v2\/media?parent=12566"}],"wp:term":[{"taxonomy":"product_brand","embeddable":true,"href":"https:\/\/allwintheme.com\/es\/wp-json\/wp\/v2\/product_brand?post=12566"},{"taxonomy":"product_cat","embeddable":true,"href":"https:\/\/allwintheme.com\/es\/wp-json\/wp\/v2\/product_cat?post=12566"},{"taxonomy":"product_tag","embeddable":true,"href":"https:\/\/allwintheme.com\/es\/wp-json\/wp\/v2\/product_tag?post=12566"}],"curies":[{"name":"wp","href":"https:\/\/api.w.org\/{rel}","templated":true}]}}