{"id":12603,"date":"2025-11-12T15:54:04","date_gmt":"2025-11-12T15:54:04","guid":{"rendered":"https:\/\/allwintheme.com\/?post_type=product&#038;p=12603"},"modified":"2025-11-12T16:02:11","modified_gmt":"2025-11-12T16:02:11","slug":"polylang-pro","status":"publish","type":"product","link":"https:\/\/allwintheme.com\/es\/producto\/polylang-pro\/","title":{"rendered":"Polylang Pro"},"content":{"rendered":"<div data-elementor-type=\"wp-post\" data-elementor-id=\"12603\" class=\"elementor elementor-12603\" data-elementor-settings=\"{&quot;element_pack_global_tooltip_width&quot;:{&quot;unit&quot;:&quot;px&quot;,&quot;size&quot;:&quot;&quot;,&quot;sizes&quot;:[]},&quot;element_pack_global_tooltip_width_tablet&quot;:{&quot;unit&quot;:&quot;px&quot;,&quot;size&quot;:&quot;&quot;,&quot;sizes&quot;:[]},&quot;element_pack_global_tooltip_width_mobile&quot;:{&quot;unit&quot;:&quot;px&quot;,&quot;size&quot;:&quot;&quot;,&quot;sizes&quot;:[]},&quot;element_pack_global_tooltip_padding&quot;:{&quot;unit&quot;:&quot;px&quot;,&quot;top&quot;:&quot;&quot;,&quot;right&quot;:&quot;&quot;,&quot;bottom&quot;:&quot;&quot;,&quot;left&quot;:&quot;&quot;,&quot;isLinked&quot;:true},&quot;element_pack_global_tooltip_padding_tablet&quot;:{&quot;unit&quot;:&quot;px&quot;,&quot;top&quot;:&quot;&quot;,&quot;right&quot;:&quot;&quot;,&quot;bottom&quot;:&quot;&quot;,&quot;left&quot;:&quot;&quot;,&quot;isLinked&quot;:true},&quot;element_pack_global_tooltip_padding_mobile&quot;:{&quot;unit&quot;:&quot;px&quot;,&quot;top&quot;:&quot;&quot;,&quot;right&quot;:&quot;&quot;,&quot;bottom&quot;:&quot;&quot;,&quot;left&quot;:&quot;&quot;,&quot;isLinked&quot;:true},&quot;element_pack_global_tooltip_border_radius&quot;:{&quot;unit&quot;:&quot;px&quot;,&quot;top&quot;:&quot;&quot;,&quot;right&quot;:&quot;&quot;,&quot;bottom&quot;:&quot;&quot;,&quot;left&quot;:&quot;&quot;,&quot;isLinked&quot;:true},&quot;element_pack_global_tooltip_border_radius_tablet&quot;:{&quot;unit&quot;:&quot;px&quot;,&quot;top&quot;:&quot;&quot;,&quot;right&quot;:&quot;&quot;,&quot;bottom&quot;:&quot;&quot;,&quot;left&quot;:&quot;&quot;,&quot;isLinked&quot;:true},&quot;element_pack_global_tooltip_border_radius_mobile&quot;:{&quot;unit&quot;:&quot;px&quot;,&quot;top&quot;:&quot;&quot;,&quot;right&quot;:&quot;&quot;,&quot;bottom&quot;:&quot;&quot;,&quot;left&quot;:&quot;&quot;,&quot;isLinked&quot;:true}}\" data-elementor-post-type=\"product\">\n\t\t\t\t<div class=\"wd-negative-gap elementor-element elementor-element-39848b1 e-flex e-con-boxed e-con e-parent\" data-id=\"39848b1\" data-element_type=\"container\" data-e-type=\"container\">\n\t\t\t\t\t<div class=\"e-con-inner\">\n\t\t\t\t<div class=\"elementor-element elementor-element-919f328 elementor-widget elementor-widget-wd_text_block\" data-id=\"919f328\" data-element_type=\"widget\" data-e-type=\"widget\" data-widget_type=\"wd_text_block.default\">\n\t\t\t\t<div class=\"elementor-widget-container\">\n\t\t\t\t\t\t\t<div class=\"wd-text-block reset-last-child text-left\">\n\t\t\t\n\t\t\t<header>\n<h1>Polylang Pro: Libertad de licencia GPL y opiniones de usuarios de confianza<\/h1>\nUna revisi\u00f3n exhaustiva del plugin multiling\u00fce para WordPress, ligero y con licencia GPL, que cuenta con m\u00e1s de 800.000 instalaciones activas.\n\n<\/header><section class=\"section\">\n<h2>1. Licencia Polylang Pro &amp; GPL: Derechos b\u00e1sicos para usuarios<\/h2>\nPolylang Pro opera bajo la <strong>Licencia P\u00fablica General de GNU (GPLv3 o posterior)<\/strong>, una piedra angular del software de c\u00f3digo abierto que garantiza a los usuarios libertades fundamentales no disponibles con alternativas propietarias. Este marco de licencias se ajusta a la filosof\u00eda central de WordPress, garantizando transparencia y flexibilidad a los propietarios de sitios web de todo el mundo.\n<h3>Principales ventajas GPL de Polylang Pro<\/h3>\n<ul class=\"feature-list\">\n \t<li><strong>Uso ilimitado del sitio<\/strong>: Implanta el plugin en un n\u00famero ilimitado de sitios web con una \u00fanica licencia anual, lo que lo hace rentable para agencias y desarrolladores.<\/li>\n \t<li><strong>Plenos derechos de personalizaci\u00f3n<\/strong>: Modificar el c\u00f3digo del plugin para adaptarlo a flujos de trabajo de traducci\u00f3n espec\u00edficos, tal y como permiten las libertades de modificaci\u00f3n de la GPL.<\/li>\n \t<li><strong>Propiedad de los contenidos<\/strong>: Conserve el control total de todos los contenidos traducidos, sin dependencia de ning\u00fan proveedor, incluso despu\u00e9s de renovar la licencia.<\/li>\n \t<li><strong>Acceso verificado<\/strong>: Copias aut\u00e9nticas seguras a trav\u00e9s de plataformas de confianza como <a href=\"https:\/\/allwintheme.com\/es\/producto\/translatepress-business\/\" target=\"_blank\" rel=\"noopener\">allwintheme<\/a>, que ofrece descargas conformes a la GPL con actualizaciones de por vida y tranquilidad jur\u00eddica.<\/li>\n<\/ul>\nA diferencia de algunos plugins de traducci\u00f3n premium que restringen el uso del sitio o cobran tarifas por dominio, la licencia GPL de Polylang Pro combinada con su modelo de precios de 99 \u20ac\/a\u00f1o ofrece un valor excepcional para los usuarios que gestionan varios sitios. Adem\u00e1s, la licencia garantiza el acceso continuo a las funciones principales sin restricciones ocultas, una ventaja clave destacada en las comparaciones de los usuarios con alternativas como WPML.\n\n<\/section><section class=\"section\">\n<h2>2. Caracter\u00edsticas principales de Polylang Pro<\/h2>\nPolylang Pro se distingue por ser una soluci\u00f3n ligera pero potente, con una profunda integraci\u00f3n en el n\u00facleo de WordPress y centrada en el rendimiento. A diferencia de los plugins con conjuntos de caracter\u00edsticas hinchadas, da prioridad a la funcionalidad multiling\u00fce esencial, manteniendo tiempos de carga r\u00e1pidos - un factor cr\u00edtico para la experiencia del usuario y SEO.\n<h3>Funciones destacadas<\/h3>\n<ul class=\"feature-list\">\n \t<li>Perfecta integraci\u00f3n con WordPress, compatible con entradas, p\u00e1ginas, categor\u00edas, etiquetas y tipos de entrada personalizados.<\/li>\n \t<li>Cambiador de idioma flexible con m\u00faltiples opciones de visualizaci\u00f3n (desplegable, banderas, texto) para los visitantes del frontend.<\/li>\n \t<li>Soporte multimedia multiling\u00fce, que permite traducir el texto alternativo de las im\u00e1genes y los metadatos multimedia.<\/li>\n \t<li>Compatibilidad con los principales creadores de p\u00e1ginas y temas, lo que garantiza una funcionalidad coherente en todos los flujos de trabajo.<\/li>\n \t<li>Ampliable mediante complementos premium, incluida la integraci\u00f3n con WooCommerce para sitios de comercio electr\u00f3nico multiling\u00fces.<\/li>\n<\/ul>\nPara los usuarios que buscan optimizar su SEO multiling\u00fce con Polylang Pro, el <a href=\"https:\/\/wpkvip.com\" target=\"_blank\" rel=\"noopener\">wpkvip blog<\/a> ofrece gu\u00edas de expertos sobre la configuraci\u00f3n manual de etiquetas hreflang y las mejores pr\u00e1cticas de sincronizaci\u00f3n de contenidos. Adem\u00e1s, estos recursos ayudan a salvar la brecha entre las funciones b\u00e1sicas de Polylang y las necesidades avanzadas de SEO, garantizando que las audiencias globales puedan encontrar f\u00e1cilmente su contenido.\n\n<\/section><section class=\"section\">\n<h2>3. Opiniones aut\u00e9nticas de usuarios: Ventajas, desventajas y uso en el mundo real<\/h2>\nCon una puntuaci\u00f3n de 4,7\/5 de m\u00e1s de 2.800 votos, Polylang Pro se ha ganado grandes elogios de los usuarios que buscan un equilibrio entre simplicidad, rendimiento y valor. A continuaci\u00f3n se presentan las experiencias de los propietarios de sitios web, agencias y desarrolladores a trav\u00e9s de diversos casos de uso.\n<div class=\"pros-cons\">\n<div class=\"pros\">\n<h3>Ventajas apreciadas por los usuarios<\/h3>\n<ul class=\"feature-list\">\n \t<li>C\u00f3digo ligero que no ralentiza el rendimiento del sitio web<\/li>\n \t<li>Interfaz intuitiva con gesti\u00f3n sencilla de las traducciones<\/li>\n \t<li>Licencia ilimitada, ideal para agencias y aut\u00f3nomos<\/li>\n \t<li>Asistencia al cliente fiable y documentaci\u00f3n completa<\/li>\n \t<li>Integraci\u00f3n perfecta en el n\u00facleo de WordPress con una configuraci\u00f3n m\u00ednima<\/li>\n<\/ul>\n<\/div>\n<div class=\"cons\">\n<h3>Limitaciones comunicadas<\/h3>\n<ul class=\"feature-list\">\n \t<li>No hay traducci\u00f3n autom\u00e1tica incorporada (requiere entrada manual o herramientas de terceros).<\/li>\n \t<li>Configuraci\u00f3n manual de etiquetas hreflang (sin generaci\u00f3n autom\u00e1tica)<\/li>\n \t<li>La compatibilidad con WooCommerce requiere una extensi\u00f3n premium adicional<\/li>\n \t<li>Las funciones avanzadas pueden requerir conocimientos t\u00e9cnicos b\u00e1sicos<\/li>\n<\/ul>\n<\/div>\n<\/div>\n<h3>Testimonios de usuarios verificados<\/h3>\n<div class=\"review-card\">\n\n\"Como desarrollador que gestiona m\u00e1s de 20 sitios web de clientes, la licencia ilimitada de Polylang Pro cambia las reglas del juego. Se integra perfectamente con WordPress, y el dise\u00f1o ligero mantiene los sitios r\u00e1pidos. La licencia GPL me da la tranquilidad de saber que puedo personalizarlo si es necesario, y el cambiador de idioma es f\u00e1cil de adaptar a la marca de cada cliente. Mucho m\u00e1s rentable que WPML para varios sitios\".\"\n<p class=\"reviewer\">- Marco T., Propietario de agencia de desarrollo web<\/p>\n\n<\/div>\n<div class=\"review-card\">\n\n\"Dirijo un blog personal con 5 idiomas, y Polylang Pro ha sido s\u00f3lido como una roca. Es f\u00e1cil de configurar y me encanta que no a\u00f1ada elementos innecesarios. La funci\u00f3n de traducci\u00f3n multimedia es incre\u00edblemente \u00fatil para mi contenido de viajes, y el equipo de soporte me ayud\u00f3 a resolver un problema de compatibilidad del tema en 24 horas. El \u00fanico inconveniente es que no hay traducci\u00f3n autom\u00e1tica, pero la traducci\u00f3n manual garantiza la calidad\".\"\n<p class=\"reviewer\">- Elena S., bloguera de viajes<\/p>\n\n<\/div>\n<div class=\"review-card\">\n\n\"Cambiamos de TranslatePress a Polylang Pro para nuestro blog corporativo porque necesit\u00e1bamos un mejor rendimiento. Polylang es mucho m\u00e1s r\u00e1pido y la integraci\u00f3n con WordPress es m\u00e1s natural. La licencia GPL fue un factor clave para nosotros, valoramos la libertad de modificar el plugin a medida que crecen nuestras necesidades. Aunque tuvimos que aprender a configurar las etiquetas hreflang manualmente, las gu\u00edas de wpkvip lo hicieron muy sencillo\".\"\n<p class=\"reviewer\">- James K., Gestor de contenidos corporativos<\/p>\n\n<\/div>\n<div class=\"review-card\">\n\n\"Para las peque\u00f1as empresas con un presupuesto, Polylang Pro ofrece un valor inmejorable. La licencia de sitio ilimitado me permite usarlo para mi tienda principal y proyectos de clientes. La extensi\u00f3n WooCommerce funciona bien una vez configurado, aunque ser\u00eda bueno si se incluy\u00f3 en el n\u00facleo. En general, es una soluci\u00f3n fiable que no complica en exceso la gesti\u00f3n multiling\u00fce, exactamente lo que necesitamos.\"\n<p class=\"reviewer\">- Priya M., Propietaria de una peque\u00f1a empresa<\/p>\n\n<\/div>\n<\/section><section class=\"section\">\n<h2>4. \u00bfEs Polylang Pro adecuado para usted?<\/h2>\nPolylang Pro destaca para perfiles de usuario espec\u00edficos, en particular aquellos que priorizan el rendimiento, la rentabilidad y la funcionalidad nativa de WordPress. Su licencia GPL y el uso ilimitado del sitio lo convierten en una opci\u00f3n destacada para ciertos casos de uso.\n<h3>Usuarios ideales para Polylang Pro<\/h3>\n<ul class=\"feature-list\">\n \t<li>Agencias y aut\u00f3nomos que gestionan sitios web de varios clientes<\/li>\n \t<li>Blogueros y creadores de contenidos en busca de herramientas multiling\u00fces ligeras<\/li>\n \t<li>Peque\u00f1as y medianas empresas que priorizan el rendimiento y el valor<\/li>\n \t<li>Usuarios que prefieren la traducci\u00f3n manual para el control de calidad<\/li>\n \t<li>Los puristas de WordPress que valoran la integraci\u00f3n profunda del n\u00facleo<\/li>\n<\/ul>\nPor otro lado, puede no ser ideal para usuarios que necesiten traducci\u00f3n autom\u00e1tica o compatibilidad inmediata con WooCommerce sin extensiones adicionales. Sin embargo, para la mayor\u00eda de los sitios y agencias centrados en el contenido, las libertades GPL de Polylang Pro, su rendimiento y su licencia de sitio ilimitada lo convierten en uno de los principales contendientes entre los plugins multiling\u00fces de WordPress. Incluso con sus peque\u00f1as limitaciones, la fiabilidad y el valor del plugin le han valido una base de usuarios leales de m\u00e1s de 800.000 instalaciones activas.\n\n<\/section>\n<div class=\"footer\">\n\n\u00daltima actualizaci\u00f3n: 12 de noviembre de 2025\n\nFuentes: Sitio oficial de Polylang, Rese\u00f1as de WordPress.org, AskmeOffers, GPL Plugin Marketplaces\n\n<\/div>\n&nbsp;\n\t\t\t\t\t<\/div>\n\t\t\t\t\t\t<\/div>\n\t\t\t\t<\/div>\n\t\t\t\t\t<\/div>\n\t\t\t\t<\/div>\n\t\t<div class=\"wd-negative-gap elementor-element elementor-element-c24f867 e-flex e-con-boxed e-con e-parent\" data-id=\"c24f867\" data-element_type=\"container\" data-e-type=\"container\">\n\t\t\t\t\t<div class=\"e-con-inner\">\n\t\t\t\t<div class=\"elementor-element elementor-element-4ea68e2 elementor-widget elementor-widget-video\" data-id=\"4ea68e2\" data-element_type=\"widget\" data-e-type=\"widget\" data-settings=\"{&quot;youtube_url&quot;:&quot;https:\\\/\\\/youtu.be\\\/IEAXyMYl-iY&quot;,&quot;video_type&quot;:&quot;youtube&quot;,&quot;controls&quot;:&quot;yes&quot;}\" data-widget_type=\"video.default\">\n\t\t\t\t\t\t\t<div class=\"elementor-wrapper elementor-open-inline\">\n\t\t\t<div class=\"elementor-video\"><\/div>\t\t<\/div>\n\t\t\t\t\t\t<\/div>\n\t\t\t\t\t<\/div>\n\t\t\t\t<\/div>\n\t\t\t\t<\/div>","protected":false},"excerpt":{"rendered":"<p>Polylang Pro: GPL License Freedom &amp; Trusted User Feedback A comprehensive review of the lightweight, GPL-licensed WordPress multilingual plugin powering<\/p>","protected":false},"featured_media":12604,"comment_status":"open","ping_status":"closed","template":"","meta":{"_acf_changed":false},"product_brand":[],"product_cat":[49],"product_tag":[],"class_list":{"0":"post-12603","1":"product","2":"type-product","3":"status-publish","4":"has-post-thumbnail","6":"product_cat-plugins","8":"first","9":"instock","10":"sale","11":"downloadable","12":"shipping-taxable","13":"purchasable","14":"product-type-simple"},"acf":[],"yoast_head":"<!-- This site is optimized with the Yoast SEO Premium plugin v25.6 (Yoast SEO v27.1.1) - https:\/\/yoast.com\/product\/yoast-seo-premium-wordpress\/ -->\n<title>Polylang Pro - AllWin Theme \u2013 Free WordPress Themes Download<\/title>\n<meta name=\"description\" content=\"Polylang Pro (GPL): Deep WordPress integration, performance-focused &amp; real user feedback \u2013 ideal for multilingual blogs and agencies.\" \/>\n<meta name=\"robots\" content=\"index, follow, max-snippet:-1, max-image-preview:large, max-video-preview:-1\" \/>\n<link rel=\"canonical\" href=\"https:\/\/allwintheme.com\/es\/producto\/polylang-pro\/\" \/>\n<meta property=\"og:locale\" content=\"es_ES\" \/>\n<meta property=\"og:type\" content=\"article\" \/>\n<meta property=\"og:title\" content=\"Polylang Pro\" \/>\n<meta property=\"og:description\" content=\"Polylang Pro (GPL): Deep WordPress integration, performance-focused &amp; real user feedback \u2013 ideal for multilingual blogs and agencies.\" \/>\n<meta property=\"og:url\" content=\"https:\/\/allwintheme.com\/es\/producto\/polylang-pro\/\" \/>\n<meta property=\"og:site_name\" content=\"AllWin Theme \u2013 Free WordPress Themes Download\" \/>\n<meta property=\"article:modified_time\" content=\"2025-11-12T16:02:11+00:00\" \/>\n<meta property=\"og:image\" content=\"https:\/\/allwintheme.com\/wp-content\/uploads\/2025\/11\/dskrjic8.png\" \/>\n\t<meta property=\"og:image:width\" content=\"527\" \/>\n\t<meta property=\"og:image:height\" content=\"263\" \/>\n\t<meta property=\"og:image:type\" content=\"image\/png\" \/>\n<meta name=\"twitter:card\" content=\"summary_large_image\" \/>\n<meta name=\"twitter:label1\" content=\"Tiempo estimado de lectura\" \/>\n\t<meta name=\"twitter:data1\" content=\"5 minutos\" \/>\n<script type=\"application\/ld+json\" class=\"yoast-schema-graph\">{\"@context\":\"https:\/\/schema.org\",\"@graph\":[{\"@type\":\"WebPage\",\"@id\":\"https:\/\/allwintheme.com\/product\/polylang-pro\/\",\"url\":\"https:\/\/allwintheme.com\/product\/polylang-pro\/\",\"name\":\"Polylang Pro - AllWin Theme \u2013 Free WordPress Themes Download\",\"isPartOf\":{\"@id\":\"https:\/\/allwintheme.com\/#website\"},\"primaryImageOfPage\":{\"@id\":\"https:\/\/allwintheme.com\/product\/polylang-pro\/#primaryimage\"},\"image\":{\"@id\":\"https:\/\/allwintheme.com\/product\/polylang-pro\/#primaryimage\"},\"thumbnailUrl\":\"https:\/\/allwintheme.com\/wp-content\/uploads\/2025\/11\/dskrjic8.png\",\"datePublished\":\"2025-11-12T15:54:04+00:00\",\"dateModified\":\"2025-11-12T16:02:11+00:00\",\"description\":\"Polylang Pro (GPL): Deep WordPress integration, performance-focused & real user feedback \u2013 ideal for multilingual blogs and agencies.\",\"breadcrumb\":{\"@id\":\"https:\/\/allwintheme.com\/product\/polylang-pro\/#breadcrumb\"},\"inLanguage\":\"es-CL\",\"potentialAction\":[{\"@type\":\"ReadAction\",\"target\":[\"https:\/\/allwintheme.com\/product\/polylang-pro\/\"]}]},{\"@type\":\"ImageObject\",\"inLanguage\":\"es-CL\",\"@id\":\"https:\/\/allwintheme.com\/product\/polylang-pro\/#primaryimage\",\"url\":\"https:\/\/allwintheme.com\/wp-content\/uploads\/2025\/11\/dskrjic8.png\",\"contentUrl\":\"https:\/\/allwintheme.com\/wp-content\/uploads\/2025\/11\/dskrjic8.png\",\"width\":527,\"height\":263,\"caption\":\"Polylang Pro\"},{\"@type\":\"BreadcrumbList\",\"@id\":\"https:\/\/allwintheme.com\/product\/polylang-pro\/#breadcrumb\",\"itemListElement\":[{\"@type\":\"ListItem\",\"position\":1,\"name\":\"Home\",\"item\":\"https:\/\/allwintheme.com\/\"},{\"@type\":\"ListItem\",\"position\":2,\"name\":\"Shop\",\"item\":\"https:\/\/allwintheme.com\/shop\/\"},{\"@type\":\"ListItem\",\"position\":3,\"name\":\"Polylang Pro\"}]},{\"@type\":\"WebSite\",\"@id\":\"https:\/\/allwintheme.com\/#website\",\"url\":\"https:\/\/allwintheme.com\/\",\"name\":\"Allwintheme\",\"description\":\"Download free WordPress themes for every niche. Blogs, business, eCommerce, portfolio, restaurant and more. All themes are GPL licensed and mobile-ready.\",\"potentialAction\":[{\"@type\":\"SearchAction\",\"target\":{\"@type\":\"EntryPoint\",\"urlTemplate\":\"https:\/\/allwintheme.com\/?s={search_term_string}\"},\"query-input\":{\"@type\":\"PropertyValueSpecification\",\"valueRequired\":true,\"valueName\":\"search_term_string\"}}],\"inLanguage\":\"es-CL\"}]}<\/script>\n<!-- \/ Yoast SEO Premium plugin. -->","yoast_head_json":{"title":"Polylang Pro - AllWin Theme - Free WordPress Themes Download","description":"Polylang Pro (GPL): Profunda integraci\u00f3n con WordPress, centrado en el rendimiento y en las opiniones reales de los usuarios: ideal para blogs y agencias multiling\u00fces.","robots":{"index":"index","follow":"follow","max-snippet":"max-snippet:-1","max-image-preview":"max-image-preview:large","max-video-preview":"max-video-preview:-1"},"canonical":"https:\/\/allwintheme.com\/es\/producto\/polylang-pro\/","og_locale":"es_ES","og_type":"article","og_title":"Polylang Pro","og_description":"Polylang Pro (GPL): Deep WordPress integration, performance-focused & real user feedback \u2013 ideal for multilingual blogs and agencies.","og_url":"https:\/\/allwintheme.com\/es\/producto\/polylang-pro\/","og_site_name":"AllWin Theme \u2013 Free WordPress Themes Download","article_modified_time":"2025-11-12T16:02:11+00:00","og_image":[{"width":527,"height":263,"url":"https:\/\/allwintheme.com\/wp-content\/uploads\/2025\/11\/dskrjic8.png","type":"image\/png"}],"twitter_card":"summary_large_image","twitter_misc":{"Tiempo estimado de lectura":"5 minutos"},"schema":{"@context":"https:\/\/schema.org","@graph":[{"@type":"WebPage","@id":"https:\/\/allwintheme.com\/product\/polylang-pro\/","url":"https:\/\/allwintheme.com\/product\/polylang-pro\/","name":"Polylang Pro - AllWin Theme - Free WordPress Themes Download","isPartOf":{"@id":"https:\/\/allwintheme.com\/#website"},"primaryImageOfPage":{"@id":"https:\/\/allwintheme.com\/product\/polylang-pro\/#primaryimage"},"image":{"@id":"https:\/\/allwintheme.com\/product\/polylang-pro\/#primaryimage"},"thumbnailUrl":"https:\/\/allwintheme.com\/wp-content\/uploads\/2025\/11\/dskrjic8.png","datePublished":"2025-11-12T15:54:04+00:00","dateModified":"2025-11-12T16:02:11+00:00","description":"Polylang Pro (GPL): Profunda integraci\u00f3n con WordPress, centrado en el rendimiento y en las opiniones reales de los usuarios: ideal para blogs y agencias multiling\u00fces.","breadcrumb":{"@id":"https:\/\/allwintheme.com\/product\/polylang-pro\/#breadcrumb"},"inLanguage":"es-CL","potentialAction":[{"@type":"ReadAction","target":["https:\/\/allwintheme.com\/product\/polylang-pro\/"]}]},{"@type":"ImageObject","inLanguage":"es-CL","@id":"https:\/\/allwintheme.com\/product\/polylang-pro\/#primaryimage","url":"https:\/\/allwintheme.com\/wp-content\/uploads\/2025\/11\/dskrjic8.png","contentUrl":"https:\/\/allwintheme.com\/wp-content\/uploads\/2025\/11\/dskrjic8.png","width":527,"height":263,"caption":"Polylang Pro"},{"@type":"BreadcrumbList","@id":"https:\/\/allwintheme.com\/product\/polylang-pro\/#breadcrumb","itemListElement":[{"@type":"ListItem","position":1,"name":"Home","item":"https:\/\/allwintheme.com\/"},{"@type":"ListItem","position":2,"name":"Shop","item":"https:\/\/allwintheme.com\/shop\/"},{"@type":"ListItem","position":3,"name":"Polylang Pro"}]},{"@type":"WebSite","@id":"https:\/\/allwintheme.com\/#website","url":"https:\/\/allwintheme.com\/","name":"Allwintheme","description":"Descarga gratis temas de WordPress para todos los nichos. Blogs, negocios, comercio electr\u00f3nico, portafolio, restaurante y m\u00e1s. Todos los temas tienen licencia GPL y est\u00e1n preparados para dispositivos m\u00f3viles.","potentialAction":[{"@type":"SearchAction","target":{"@type":"EntryPoint","urlTemplate":"https:\/\/allwintheme.com\/?s={search_term_string}"},"query-input":{"@type":"PropertyValueSpecification","valueRequired":true,"valueName":"search_term_string"}}],"inLanguage":"es-CL"}]}},"_links":{"self":[{"href":"https:\/\/allwintheme.com\/es\/wp-json\/wp\/v2\/product\/12603","targetHints":{"allow":["GET"]}}],"collection":[{"href":"https:\/\/allwintheme.com\/es\/wp-json\/wp\/v2\/product"}],"about":[{"href":"https:\/\/allwintheme.com\/es\/wp-json\/wp\/v2\/types\/product"}],"replies":[{"embeddable":true,"href":"https:\/\/allwintheme.com\/es\/wp-json\/wp\/v2\/comments?post=12603"}],"version-history":[{"count":8,"href":"https:\/\/allwintheme.com\/es\/wp-json\/wp\/v2\/product\/12603\/revisions"}],"predecessor-version":[{"id":12612,"href":"https:\/\/allwintheme.com\/es\/wp-json\/wp\/v2\/product\/12603\/revisions\/12612"}],"wp:featuredmedia":[{"embeddable":true,"href":"https:\/\/allwintheme.com\/es\/wp-json\/wp\/v2\/media\/12604"}],"wp:attachment":[{"href":"https:\/\/allwintheme.com\/es\/wp-json\/wp\/v2\/media?parent=12603"}],"wp:term":[{"taxonomy":"product_brand","embeddable":true,"href":"https:\/\/allwintheme.com\/es\/wp-json\/wp\/v2\/product_brand?post=12603"},{"taxonomy":"product_cat","embeddable":true,"href":"https:\/\/allwintheme.com\/es\/wp-json\/wp\/v2\/product_cat?post=12603"},{"taxonomy":"product_tag","embeddable":true,"href":"https:\/\/allwintheme.com\/es\/wp-json\/wp\/v2\/product_tag?post=12603"}],"curies":[{"name":"wp","href":"https:\/\/api.w.org\/{rel}","templated":true}]}}