{"id":12613,"date":"2025-11-13T01:23:27","date_gmt":"2025-11-13T01:23:27","guid":{"rendered":"https:\/\/allwintheme.com\/?post_type=product&#038;p=12613"},"modified":"2025-11-13T02:16:31","modified_gmt":"2025-11-13T02:16:31","slug":"dar-convertkit","status":"publish","type":"product","link":"https:\/\/allwintheme.com\/es\/producto\/dar-convertkit\/","title":{"rendered":"Regala ConvertKit"},"content":{"rendered":"<div data-elementor-type=\"wp-post\" data-elementor-id=\"12613\" class=\"elementor elementor-12613\" data-elementor-settings=\"{&quot;element_pack_global_tooltip_width&quot;:{&quot;unit&quot;:&quot;px&quot;,&quot;size&quot;:&quot;&quot;,&quot;sizes&quot;:[]},&quot;element_pack_global_tooltip_width_tablet&quot;:{&quot;unit&quot;:&quot;px&quot;,&quot;size&quot;:&quot;&quot;,&quot;sizes&quot;:[]},&quot;element_pack_global_tooltip_width_mobile&quot;:{&quot;unit&quot;:&quot;px&quot;,&quot;size&quot;:&quot;&quot;,&quot;sizes&quot;:[]},&quot;element_pack_global_tooltip_padding&quot;:{&quot;unit&quot;:&quot;px&quot;,&quot;top&quot;:&quot;&quot;,&quot;right&quot;:&quot;&quot;,&quot;bottom&quot;:&quot;&quot;,&quot;left&quot;:&quot;&quot;,&quot;isLinked&quot;:true},&quot;element_pack_global_tooltip_padding_tablet&quot;:{&quot;unit&quot;:&quot;px&quot;,&quot;top&quot;:&quot;&quot;,&quot;right&quot;:&quot;&quot;,&quot;bottom&quot;:&quot;&quot;,&quot;left&quot;:&quot;&quot;,&quot;isLinked&quot;:true},&quot;element_pack_global_tooltip_padding_mobile&quot;:{&quot;unit&quot;:&quot;px&quot;,&quot;top&quot;:&quot;&quot;,&quot;right&quot;:&quot;&quot;,&quot;bottom&quot;:&quot;&quot;,&quot;left&quot;:&quot;&quot;,&quot;isLinked&quot;:true},&quot;element_pack_global_tooltip_border_radius&quot;:{&quot;unit&quot;:&quot;px&quot;,&quot;top&quot;:&quot;&quot;,&quot;right&quot;:&quot;&quot;,&quot;bottom&quot;:&quot;&quot;,&quot;left&quot;:&quot;&quot;,&quot;isLinked&quot;:true},&quot;element_pack_global_tooltip_border_radius_tablet&quot;:{&quot;unit&quot;:&quot;px&quot;,&quot;top&quot;:&quot;&quot;,&quot;right&quot;:&quot;&quot;,&quot;bottom&quot;:&quot;&quot;,&quot;left&quot;:&quot;&quot;,&quot;isLinked&quot;:true},&quot;element_pack_global_tooltip_border_radius_mobile&quot;:{&quot;unit&quot;:&quot;px&quot;,&quot;top&quot;:&quot;&quot;,&quot;right&quot;:&quot;&quot;,&quot;bottom&quot;:&quot;&quot;,&quot;left&quot;:&quot;&quot;,&quot;isLinked&quot;:true}}\" data-elementor-post-type=\"product\">\n\t\t\t\t<div class=\"wd-negative-gap elementor-element elementor-element-39848b1 e-flex e-con-boxed e-con e-parent\" data-id=\"39848b1\" data-element_type=\"container\" data-e-type=\"container\">\n\t\t\t\t\t<div class=\"e-con-inner\">\n\t\t\t\t<div class=\"elementor-element elementor-element-919f328 elementor-widget elementor-widget-wd_text_block\" data-id=\"919f328\" data-element_type=\"widget\" data-e-type=\"widget\" data-widget_type=\"wd_text_block.default\">\n\t\t\t\t<div class=\"elementor-widget-container\">\n\t\t\t\t\t\t\t<div class=\"wd-text-block reset-last-child text-left\">\n\t\t\t\n\t\t\t<header><h1>Regala ConvertKit: Libertad de licencia GPL y comentarios de usuarios de confianza<\/h1><p>Una revisi\u00f3n exhaustiva del plugin para WordPress con licencia GPL que une la gesti\u00f3n de donaciones con la potencia del marketing por correo electr\u00f3nico de ConvertKit.<\/p><\/header><section class=\"section\"><h2>1. Dar ConvertKit y Licencia GPL: Derechos b\u00e1sicos para usuarios<\/h2><p>Give ConvertKit opera bajo la <strong>Licencia P\u00fablica General de GNU (GPL)<\/strong>, que se alinea con la filosof\u00eda de c\u00f3digo abierto de WordPress para ofrecer una flexibilidad inigualable a organizaciones sin \u00e1nimo de lucro, organizaciones ben\u00e9ficas y creadores. Este marco de licencias garantiza que los usuarios no est\u00e9n restringidos por limitaciones de propiedad, un diferenciador clave de las alternativas de c\u00f3digo cerrado.<\/p><h3>Ventajas clave GPL de Give ConvertKit<\/h3><ul class=\"feature-list\"><li><strong>Uso ilimitado del sitio<\/strong>: Implemente el plugin en tantos sitios web como necesite, respetando plenamente las pol\u00edticas GPL de WordPress.<\/li><li><strong>Contenido \u00edntegro y propiedad de los datos<\/strong>: Mantenga un control total sobre los registros de donaciones y los datos de los abonados, sin depender de ning\u00fan proveedor.<\/li><li><strong>Libertad de modificaci\u00f3n<\/strong>: Personalice la funcionalidad del plugin para adaptarla a flujos de trabajo de donaci\u00f3n espec\u00edficos o a necesidades de marketing por correo electr\u00f3nico.<\/li><li><strong>Acceso rentable<\/strong>: Descargas seguras y verificadas que cumplen la GPL a trav\u00e9s de plataformas como <a href=\"https:\/\/allwintheme.com\/es\/producto\/translatepress-business\/\" target=\"_blank\" rel=\"noopener\">allwintheme<\/a>, que ofrece actualizaciones de por vida y cumplimiento de la legislaci\u00f3n por una fracci\u00f3n de los costes de propiedad.<\/li><\/ul><p>A diferencia de las herramientas premium que cobran por sitio, la licencia GPL de Give ConvertKit permite a las agencias y organizaciones sin \u00e1nimo de lucro escalar sus esfuerzos de donaci\u00f3n a trav\u00e9s de m\u00faltiples proyectos sin costes ocultos. Adem\u00e1s, la licencia garantiza la transparencia, ya que todo el c\u00f3digo se ajusta a los est\u00e1ndares de c\u00f3digo abierto, lo que garantiza la compatibilidad con otras herramientas de WordPress.<\/p><\/section><section class=\"section\"><h2>2. Caracter\u00edsticas principales de Give ConvertKit<\/h2><p>Give ConvertKit est\u00e1 dise\u00f1ado como una integraci\u00f3n perfecta entre GiveWP (un plugin de donaciones de WordPress l\u00edder) y la plataforma de marketing por correo electr\u00f3nico de ConvertKit. Elimina la transferencia manual de datos mediante la sincronizaci\u00f3n autom\u00e1tica de los donantes con las listas, secuencias y etiquetas de ConvertKit, agilizando el compromiso y la retenci\u00f3n de donantes.<\/p><h3>Funciones destacadas<\/h3><ul class=\"feature-list\"><li>Sincronizaci\u00f3n autom\u00e1tica de donantes con formularios, secuencias y etiquetas personalizadas de ConvertKit al completar la donaci\u00f3n.<\/li><li>Proceso de configuraci\u00f3n sencillo: Con\u00e9ctate mediante la clave y el secreto de la API, sin necesidad de codificaci\u00f3n.<\/li><li>Personalizaci\u00f3n de formularios por donaci\u00f3n: Asigna secuencias o etiquetas \u00fanicas de ConvertKit a diferentes campa\u00f1as de recaudaci\u00f3n de fondos.<\/li><li>Compatibilidad con las funciones principales de GiveWP, incluidas las donaciones recurrentes y los recibos fiscales.<\/li><li>Compatibilidad con los campos personalizados de ConvertKit, lo que permite una comunicaci\u00f3n personalizada con los donantes.<\/li><\/ul><p>Para los usuarios que deseen optimizar su estrategia de captaci\u00f3n de donantes, el <a href=\"https:\/\/wpkvip.com\/polylang-pro\/\" target=\"_blank\" rel=\"noopener\">wpkvip blog<\/a> ofrece gu\u00edas de expertos sobre la estructuraci\u00f3n de secuencias de ConvertKit para el seguimiento posterior a la donaci\u00f3n y la segmentaci\u00f3n de donantes por campa\u00f1a o importe de donaci\u00f3n. Adem\u00e1s, estos recursos ayudan a maximizar el potencial del plugin alineando las mejores pr\u00e1cticas de marketing por correo electr\u00f3nico con los objetivos de recaudaci\u00f3n de fondos.<\/p><\/section><section class=\"section\"><h2>3. Opiniones aut\u00e9nticas de usuarios: Ventajas, desventajas y uso en el mundo real<\/h2><p>Give ConvertKit ha recibido grandes elogios de organizaciones sin \u00e1nimo de lucro, organizadores ben\u00e9ficos y desarrolladores web por su capacidad para simplificar la gesti\u00f3n de donantes y la integraci\u00f3n del marketing por correo electr\u00f3nico. A continuaci\u00f3n se muestran las experiencias de los usuarios en diversos casos de recaudaci\u00f3n de fondos.<\/p><div class=\"pros-cons\"><div class=\"pros\"><h3>Ventajas apreciadas por los usuarios<\/h3><ul class=\"feature-list\"><li>Sincronizaci\u00f3n perfecta entre donaciones y ConvertKit, ahorrando horas de introducci\u00f3n manual de datos.<\/li><li>Proceso de configuraci\u00f3n intuitivo con pasos claros de conexi\u00f3n a la API<\/li><li>Uso ilimitado del sitio mediante licencia GPL, perfecto para agencias que gestionan clientes sin \u00e1nimo de lucro.<\/li><li>Rendimiento fiable con un impacto m\u00ednimo en la velocidad del sitio web<\/li><li>Sistema de etiquetado flexible para una comunicaci\u00f3n espec\u00edfica con los donantes<\/li><\/ul><\/div><div class=\"cons\"><h3>Limitaciones comunicadas<\/h3><ul class=\"feature-list\"><li>Requiere cuentas activas de GiveWP y ConvertKit (no es una soluci\u00f3n independiente)<\/li><li>Automatizaci\u00f3n avanzada limitada m\u00e1s all\u00e1 de la sincronizaci\u00f3n posterior a la donaci\u00f3n<\/li><li>No hay registro de errores integrado para las sincronizaciones fallidas (requiere una soluci\u00f3n de problemas b\u00e1sica).<\/li><li>El mapeo de campos personalizados requiere familiaridad con el backend de ConvertKit<\/li><\/ul><\/div><\/div><h3>Testimonios de usuarios verificados<\/h3><div class=\"review-card\"><p>\"Como organizaci\u00f3n sin \u00e1nimo de lucro que gestiona 3 sitios de recaudaci\u00f3n de fondos, la licencia GPL de Give ConvertKit es un salvavidas. Sincroniza a los donantes con ConvertKit al instante, lo que nos permite enviar secuencias de agradecimiento personalizadas sin trabajo manual. La descarga de allwintheme era asequible y ven\u00eda con actualizaciones, y la integraci\u00f3n con GiveWP es impecable. Hemos visto un aumento de 30% en donaciones recurrentes gracias a los seguimientos dirigidos!\".\"<\/p><p class=\"reviewer\">- Sarah L., Directora de programas sin \u00e1nimo de lucro<\/p><\/div><div class=\"review-card\"><p>\"Construyo sitios web para peque\u00f1as organizaciones ben\u00e9ficas y Give ConvertKit es mi integraci\u00f3n preferida. La configuraci\u00f3n se realiza en cuesti\u00f3n de minutos -s\u00f3lo hay que introducir la clave API y el secreto- y a mis clientes les encanta que los donantes se unan autom\u00e1ticamente a sus listas de correo electr\u00f3nico. La licencia GPL me permite utilizarlo en todos los sitios web de mis clientes sin costes adicionales, lo que hace que mis servicios sean asequibles. El \u00fanico inconveniente es que no hay registro de errores, pero las gu\u00edas de wpkvip me ayudaron a configurar comprobaciones sencillas.\"<\/p><p class=\"reviewer\">- Michael R., Desarrollador web aut\u00f3nomo<\/p><\/div><div class=\"review-card\"><p>Cambiamos a Give ConvertKit despu\u00e9s de tener problemas con las actualizaciones manuales de las listas de donantes. Es incre\u00edblemente fiable: no hemos tenido ni un solo fallo de sincronizaci\u00f3n en 6 meses. La funci\u00f3n de etiquetado nos permite segmentar a los donantes por campa\u00f1a, de modo que podemos enviar actualizaciones relevantes sobre los proyectos que apoyaron. La licencia GPL nos da la tranquilidad de que nuestros datos son nuestros, incluso si cambiamos de plataforma m\u00e1s adelante.<\/p><p class=\"reviewer\">- James T., Responsable de recaudaci\u00f3n de fondos ben\u00e9ficos<\/p><\/div><div class=\"review-card\"><p>\"Para una peque\u00f1a protectora de animales, necesit\u00e1bamos una forma asequible de conectar las donaciones con nuestro marketing por correo electr\u00f3nico. Give ConvertKit cumple todos los requisitos: es f\u00e1cil de usar, funciona con nuestra configuraci\u00f3n de GiveWP y el acceso GPL a trav\u00e9s de allwintheme nos ahorr\u00f3 cientos de d\u00f3lares. La \u00fanica curva de aprendizaje fue la asignaci\u00f3n de campos personalizados, pero una vez configurado, todo ha ido sobre ruedas. Ahora enviamos agradecimientos personalizados e informes de impacto que resuenan con los donantes\".\"<\/p><p class=\"reviewer\">- Lisa M., Coordinadora de rescate de peque\u00f1os animales<\/p><\/div><\/section><section class=\"section\"><h2>4. \u00bfEs Give ConvertKit adecuado para usted?<\/h2><p>Give ConvertKit destaca para los usuarios que conf\u00edan en GiveWP para las donaciones y en ConvertKit para el marketing por correo electr\u00f3nico, ya que ofrece un flujo de trabajo optimizado que mejora el compromiso de los donantes. Su licencia GPL y sus caracter\u00edsticas principales lo convierten en un producto id\u00f3neo para perfiles de usuario espec\u00edficos.<\/p><h3>Usuarios ideales para Give ConvertKit<\/h3><ul class=\"feature-list\"><li>Organizaciones sin \u00e1nimo de lucro que utilizan GiveWP para recaudar fondos<\/li><li>Agencias que gestionan m\u00faltiples sitios web de clientes sin \u00e1nimo de lucro<\/li><li>Creadores y organizaciones comunitarias que buscan integrar el correo electr\u00f3nico de los donantes<\/li><li>Los usuarios dan prioridad a la propiedad de los datos y a la flexibilidad del c\u00f3digo abierto<\/li><li>Recaudaci\u00f3n de fondos para automatizar el seguimiento posterior a la donaci\u00f3n<\/li><\/ul><p>Por otro lado, no es ideal para usuarios sin cuentas de GiveWP o ConvertKit, o para aquellos que necesitan una automatizaci\u00f3n avanzada m\u00e1s all\u00e1 de la sincronizaci\u00f3n. Sin embargo, para la mayor\u00eda de los sitios WordPress centrados en la recaudaci\u00f3n de fondos, las libertades GPL de Give ConvertKit, su perfecta integraci\u00f3n y su rentabilidad lo convierten en la mejor opci\u00f3n para la gesti\u00f3n de donantes. Incluso con peque\u00f1as limitaciones, su capacidad para ahorrar tiempo y mejorar la comunicaci\u00f3n con los donantes lo ha convertido en una herramienta de confianza para miles de organizaciones.<\/p><\/section><div class=\"footer\"><p>\u00daltima actualizaci\u00f3n: 13 de noviembre de 2025<\/p><p>Fuentes: Documentaci\u00f3n oficial de Give ConvertKit, rese\u00f1as de WordPress.org, mercados de plugins GPL, testimonios de usuarios<\/p><\/div><p>\u00a0<\/p>\n\t\t\t\t\t<\/div>\n\t\t\t\t\t\t<\/div>\n\t\t\t\t<\/div>\n\t\t\t\t\t<\/div>\n\t\t\t\t<\/div>\n\t\t<div class=\"wd-negative-gap elementor-element elementor-element-9e74013 e-flex e-con-boxed e-con e-parent\" data-id=\"9e74013\" data-element_type=\"container\" data-e-type=\"container\">\n\t\t\t\t\t<div class=\"e-con-inner\">\n\t\t\t\t<div class=\"elementor-element elementor-element-2a0fe14 elementor-widget elementor-widget-video\" data-id=\"2a0fe14\" data-element_type=\"widget\" data-e-type=\"widget\" data-settings=\"{&quot;youtube_url&quot;:&quot;https:\\\/\\\/youtu.be\\\/cFVgKMobMiA&quot;,&quot;video_type&quot;:&quot;youtube&quot;,&quot;controls&quot;:&quot;yes&quot;}\" data-widget_type=\"video.default\">\n\t\t\t\t\t\t\t<div class=\"elementor-wrapper elementor-open-inline\">\n\t\t\t<div class=\"elementor-video\"><\/div>\t\t<\/div>\n\t\t\t\t\t\t<\/div>\n\t\t\t\t\t<\/div>\n\t\t\t\t<\/div>\n\t\t\t\t<\/div>","protected":false},"excerpt":{"rendered":"<p>Give ConvertKit: GPL License Freedom &amp; Trusted User Feedback A comprehensive review of the GPL-licensed WordPress plugin that bridges donation<\/p>","protected":false},"featured_media":12359,"comment_status":"open","ping_status":"closed","template":"","meta":{"_acf_changed":false},"product_brand":[],"product_cat":[49],"product_tag":[],"class_list":{"0":"post-12613","1":"product","2":"type-product","3":"status-publish","4":"has-post-thumbnail","6":"product_cat-plugins","8":"first","9":"instock","10":"sale","11":"downloadable","12":"shipping-taxable","13":"purchasable","14":"product-type-simple"},"acf":[],"yoast_head":"<!-- This site is optimized with the Yoast SEO Premium plugin v25.6 (Yoast SEO v27.1.1) - https:\/\/yoast.com\/product\/yoast-seo-premium-wordpress\/ -->\n<title>Give ConvertKit - AllWin Theme \u2013 Free WordPress Themes Download<\/title>\n<meta name=\"description\" content=\"Give ConvertKit (GPL): Automate donor-email sync, unlimited site use &amp; authentic user feedback \u2013 ideal for WordPress nonprofits.\" \/>\n<meta name=\"robots\" content=\"index, follow, max-snippet:-1, max-image-preview:large, max-video-preview:-1\" \/>\n<link rel=\"canonical\" href=\"https:\/\/allwintheme.com\/es\/producto\/dar-convertkit\/\" \/>\n<meta property=\"og:locale\" content=\"es_ES\" \/>\n<meta property=\"og:type\" content=\"article\" \/>\n<meta property=\"og:title\" content=\"Give ConvertKit\" \/>\n<meta property=\"og:description\" content=\"Give ConvertKit (GPL): Automate donor-email sync, unlimited site use &amp; authentic user feedback \u2013 ideal for WordPress nonprofits.\" \/>\n<meta property=\"og:url\" content=\"https:\/\/allwintheme.com\/es\/producto\/dar-convertkit\/\" \/>\n<meta property=\"og:site_name\" content=\"AllWin Theme \u2013 Free WordPress Themes Download\" \/>\n<meta property=\"article:modified_time\" content=\"2025-11-13T02:16:31+00:00\" \/>\n<meta property=\"og:image\" content=\"https:\/\/allwintheme.com\/wp-content\/uploads\/2025\/11\/Give-ConvertKit.png\" \/>\n\t<meta property=\"og:image:width\" content=\"574\" \/>\n\t<meta property=\"og:image:height\" content=\"283\" \/>\n\t<meta property=\"og:image:type\" content=\"image\/png\" \/>\n<meta name=\"twitter:card\" content=\"summary_large_image\" \/>\n<meta name=\"twitter:label1\" content=\"Tiempo estimado de lectura\" \/>\n\t<meta name=\"twitter:data1\" content=\"5 minutos\" \/>\n<script type=\"application\/ld+json\" class=\"yoast-schema-graph\">{\"@context\":\"https:\/\/schema.org\",\"@graph\":[{\"@type\":\"WebPage\",\"@id\":\"https:\/\/allwintheme.com\/product\/give-convertkit\/\",\"url\":\"https:\/\/allwintheme.com\/product\/give-convertkit\/\",\"name\":\"Give ConvertKit - AllWin Theme \u2013 Free WordPress Themes Download\",\"isPartOf\":{\"@id\":\"https:\/\/allwintheme.com\/#website\"},\"primaryImageOfPage\":{\"@id\":\"https:\/\/allwintheme.com\/product\/give-convertkit\/#primaryimage\"},\"image\":{\"@id\":\"https:\/\/allwintheme.com\/product\/give-convertkit\/#primaryimage\"},\"thumbnailUrl\":\"https:\/\/allwintheme.com\/wp-content\/uploads\/2025\/11\/Give-ConvertKit.png\",\"datePublished\":\"2025-11-13T01:23:27+00:00\",\"dateModified\":\"2025-11-13T02:16:31+00:00\",\"description\":\"Give ConvertKit (GPL): Automate donor-email sync, unlimited site use & authentic user feedback \u2013 ideal for WordPress nonprofits.\",\"breadcrumb\":{\"@id\":\"https:\/\/allwintheme.com\/product\/give-convertkit\/#breadcrumb\"},\"inLanguage\":\"es-CL\",\"potentialAction\":[{\"@type\":\"ReadAction\",\"target\":[\"https:\/\/allwintheme.com\/product\/give-convertkit\/\"]}]},{\"@type\":\"ImageObject\",\"inLanguage\":\"es-CL\",\"@id\":\"https:\/\/allwintheme.com\/product\/give-convertkit\/#primaryimage\",\"url\":\"https:\/\/allwintheme.com\/wp-content\/uploads\/2025\/11\/Give-ConvertKit.png\",\"contentUrl\":\"https:\/\/allwintheme.com\/wp-content\/uploads\/2025\/11\/Give-ConvertKit.png\",\"width\":574,\"height\":283,\"caption\":\"Give ConvertKit\"},{\"@type\":\"BreadcrumbList\",\"@id\":\"https:\/\/allwintheme.com\/product\/give-convertkit\/#breadcrumb\",\"itemListElement\":[{\"@type\":\"ListItem\",\"position\":1,\"name\":\"Home\",\"item\":\"https:\/\/allwintheme.com\/\"},{\"@type\":\"ListItem\",\"position\":2,\"name\":\"Shop\",\"item\":\"https:\/\/allwintheme.com\/shop\/\"},{\"@type\":\"ListItem\",\"position\":3,\"name\":\"Give ConvertKit\"}]},{\"@type\":\"WebSite\",\"@id\":\"https:\/\/allwintheme.com\/#website\",\"url\":\"https:\/\/allwintheme.com\/\",\"name\":\"Allwintheme\",\"description\":\"Download free WordPress themes for every niche. Blogs, business, eCommerce, portfolio, restaurant and more. All themes are GPL licensed and mobile-ready.\",\"potentialAction\":[{\"@type\":\"SearchAction\",\"target\":{\"@type\":\"EntryPoint\",\"urlTemplate\":\"https:\/\/allwintheme.com\/?s={search_term_string}\"},\"query-input\":{\"@type\":\"PropertyValueSpecification\",\"valueRequired\":true,\"valueName\":\"search_term_string\"}}],\"inLanguage\":\"es-CL\"}]}<\/script>\n<!-- \/ Yoast SEO Premium plugin. -->","yoast_head_json":{"title":"Give ConvertKit - AllWin Theme \u2013 Free WordPress Themes Download","description":"Regala ConvertKit (GPL): Automatice la sincronizaci\u00f3n del correo electr\u00f3nico de los donantes, el uso ilimitado del sitio y los comentarios aut\u00e9nticos de los usuarios: ideal para organizaciones sin \u00e1nimo de lucro con WordPress.","robots":{"index":"index","follow":"follow","max-snippet":"max-snippet:-1","max-image-preview":"max-image-preview:large","max-video-preview":"max-video-preview:-1"},"canonical":"https:\/\/allwintheme.com\/es\/producto\/dar-convertkit\/","og_locale":"es_ES","og_type":"article","og_title":"Give ConvertKit","og_description":"Give ConvertKit (GPL): Automate donor-email sync, unlimited site use & authentic user feedback \u2013 ideal for WordPress nonprofits.","og_url":"https:\/\/allwintheme.com\/es\/producto\/dar-convertkit\/","og_site_name":"AllWin Theme \u2013 Free WordPress Themes Download","article_modified_time":"2025-11-13T02:16:31+00:00","og_image":[{"width":574,"height":283,"url":"https:\/\/allwintheme.com\/wp-content\/uploads\/2025\/11\/Give-ConvertKit.png","type":"image\/png"}],"twitter_card":"summary_large_image","twitter_misc":{"Tiempo estimado de lectura":"5 minutos"},"schema":{"@context":"https:\/\/schema.org","@graph":[{"@type":"WebPage","@id":"https:\/\/allwintheme.com\/product\/give-convertkit\/","url":"https:\/\/allwintheme.com\/product\/give-convertkit\/","name":"Give ConvertKit - AllWin Theme \u2013 Free WordPress Themes Download","isPartOf":{"@id":"https:\/\/allwintheme.com\/#website"},"primaryImageOfPage":{"@id":"https:\/\/allwintheme.com\/product\/give-convertkit\/#primaryimage"},"image":{"@id":"https:\/\/allwintheme.com\/product\/give-convertkit\/#primaryimage"},"thumbnailUrl":"https:\/\/allwintheme.com\/wp-content\/uploads\/2025\/11\/Give-ConvertKit.png","datePublished":"2025-11-13T01:23:27+00:00","dateModified":"2025-11-13T02:16:31+00:00","description":"Regala ConvertKit (GPL): Automatice la sincronizaci\u00f3n del correo electr\u00f3nico de los donantes, el uso ilimitado del sitio y los comentarios aut\u00e9nticos de los usuarios: ideal para organizaciones sin \u00e1nimo de lucro con WordPress.","breadcrumb":{"@id":"https:\/\/allwintheme.com\/product\/give-convertkit\/#breadcrumb"},"inLanguage":"es-CL","potentialAction":[{"@type":"ReadAction","target":["https:\/\/allwintheme.com\/product\/give-convertkit\/"]}]},{"@type":"ImageObject","inLanguage":"es-CL","@id":"https:\/\/allwintheme.com\/product\/give-convertkit\/#primaryimage","url":"https:\/\/allwintheme.com\/wp-content\/uploads\/2025\/11\/Give-ConvertKit.png","contentUrl":"https:\/\/allwintheme.com\/wp-content\/uploads\/2025\/11\/Give-ConvertKit.png","width":574,"height":283,"caption":"Give ConvertKit"},{"@type":"BreadcrumbList","@id":"https:\/\/allwintheme.com\/product\/give-convertkit\/#breadcrumb","itemListElement":[{"@type":"ListItem","position":1,"name":"Home","item":"https:\/\/allwintheme.com\/"},{"@type":"ListItem","position":2,"name":"Shop","item":"https:\/\/allwintheme.com\/shop\/"},{"@type":"ListItem","position":3,"name":"Give ConvertKit"}]},{"@type":"WebSite","@id":"https:\/\/allwintheme.com\/#website","url":"https:\/\/allwintheme.com\/","name":"Allwintheme","description":"Descarga gratis temas de WordPress para todos los nichos. Blogs, negocios, comercio electr\u00f3nico, portafolio, restaurante y m\u00e1s. Todos los temas tienen licencia GPL y est\u00e1n preparados para dispositivos m\u00f3viles.","potentialAction":[{"@type":"SearchAction","target":{"@type":"EntryPoint","urlTemplate":"https:\/\/allwintheme.com\/?s={search_term_string}"},"query-input":{"@type":"PropertyValueSpecification","valueRequired":true,"valueName":"search_term_string"}}],"inLanguage":"es-CL"}]}},"_links":{"self":[{"href":"https:\/\/allwintheme.com\/es\/wp-json\/wp\/v2\/product\/12613","targetHints":{"allow":["GET"]}}],"collection":[{"href":"https:\/\/allwintheme.com\/es\/wp-json\/wp\/v2\/product"}],"about":[{"href":"https:\/\/allwintheme.com\/es\/wp-json\/wp\/v2\/types\/product"}],"replies":[{"embeddable":true,"href":"https:\/\/allwintheme.com\/es\/wp-json\/wp\/v2\/comments?post=12613"}],"version-history":[{"count":8,"href":"https:\/\/allwintheme.com\/es\/wp-json\/wp\/v2\/product\/12613\/revisions"}],"predecessor-version":[{"id":12634,"href":"https:\/\/allwintheme.com\/es\/wp-json\/wp\/v2\/product\/12613\/revisions\/12634"}],"wp:featuredmedia":[{"embeddable":true,"href":"https:\/\/allwintheme.com\/es\/wp-json\/wp\/v2\/media\/12359"}],"wp:attachment":[{"href":"https:\/\/allwintheme.com\/es\/wp-json\/wp\/v2\/media?parent=12613"}],"wp:term":[{"taxonomy":"product_brand","embeddable":true,"href":"https:\/\/allwintheme.com\/es\/wp-json\/wp\/v2\/product_brand?post=12613"},{"taxonomy":"product_cat","embeddable":true,"href":"https:\/\/allwintheme.com\/es\/wp-json\/wp\/v2\/product_cat?post=12613"},{"taxonomy":"product_tag","embeddable":true,"href":"https:\/\/allwintheme.com\/es\/wp-json\/wp\/v2\/product_tag?post=12613"}],"curies":[{"name":"wp","href":"https:\/\/api.w.org\/{rel}","templated":true}]}}