{"id":12701,"date":"2025-11-14T03:49:38","date_gmt":"2025-11-14T03:49:38","guid":{"rendered":"https:\/\/allwintheme.com\/?post_type=product&#038;p=12701"},"modified":"2025-11-17T01:44:55","modified_gmt":"2025-11-17T01:44:55","slug":"groovy-moderno-y-ligero-tema-de-blog","status":"publish","type":"product","link":"https:\/\/allwintheme.com\/es\/producto\/groovy-moderno-y-ligero-tema-de-blog\/","title":{"rendered":"Groovy Blog Theme, moderno y ligero"},"content":{"rendered":"<div data-elementor-type=\"wp-post\" data-elementor-id=\"12701\" class=\"elementor elementor-12701\" data-elementor-settings=\"{&quot;element_pack_global_tooltip_width&quot;:{&quot;unit&quot;:&quot;px&quot;,&quot;size&quot;:&quot;&quot;,&quot;sizes&quot;:[]},&quot;element_pack_global_tooltip_width_tablet&quot;:{&quot;unit&quot;:&quot;px&quot;,&quot;size&quot;:&quot;&quot;,&quot;sizes&quot;:[]},&quot;element_pack_global_tooltip_width_mobile&quot;:{&quot;unit&quot;:&quot;px&quot;,&quot;size&quot;:&quot;&quot;,&quot;sizes&quot;:[]},&quot;element_pack_global_tooltip_padding&quot;:{&quot;unit&quot;:&quot;px&quot;,&quot;top&quot;:&quot;&quot;,&quot;right&quot;:&quot;&quot;,&quot;bottom&quot;:&quot;&quot;,&quot;left&quot;:&quot;&quot;,&quot;isLinked&quot;:true},&quot;element_pack_global_tooltip_padding_tablet&quot;:{&quot;unit&quot;:&quot;px&quot;,&quot;top&quot;:&quot;&quot;,&quot;right&quot;:&quot;&quot;,&quot;bottom&quot;:&quot;&quot;,&quot;left&quot;:&quot;&quot;,&quot;isLinked&quot;:true},&quot;element_pack_global_tooltip_padding_mobile&quot;:{&quot;unit&quot;:&quot;px&quot;,&quot;top&quot;:&quot;&quot;,&quot;right&quot;:&quot;&quot;,&quot;bottom&quot;:&quot;&quot;,&quot;left&quot;:&quot;&quot;,&quot;isLinked&quot;:true},&quot;element_pack_global_tooltip_border_radius&quot;:{&quot;unit&quot;:&quot;px&quot;,&quot;top&quot;:&quot;&quot;,&quot;right&quot;:&quot;&quot;,&quot;bottom&quot;:&quot;&quot;,&quot;left&quot;:&quot;&quot;,&quot;isLinked&quot;:true},&quot;element_pack_global_tooltip_border_radius_tablet&quot;:{&quot;unit&quot;:&quot;px&quot;,&quot;top&quot;:&quot;&quot;,&quot;right&quot;:&quot;&quot;,&quot;bottom&quot;:&quot;&quot;,&quot;left&quot;:&quot;&quot;,&quot;isLinked&quot;:true},&quot;element_pack_global_tooltip_border_radius_mobile&quot;:{&quot;unit&quot;:&quot;px&quot;,&quot;top&quot;:&quot;&quot;,&quot;right&quot;:&quot;&quot;,&quot;bottom&quot;:&quot;&quot;,&quot;left&quot;:&quot;&quot;,&quot;isLinked&quot;:true}}\" data-elementor-post-type=\"product\">\n\t\t\t\t<div class=\"wd-negative-gap elementor-element elementor-element-116794f e-flex e-con-boxed e-con e-parent\" data-id=\"116794f\" data-element_type=\"container\" data-e-type=\"container\">\n\t\t\t\t\t<div class=\"e-con-inner\">\n\t\t\t\t<div class=\"elementor-element elementor-element-03d2133 elementor-widget elementor-widget-wd_text_block\" data-id=\"03d2133\" data-element_type=\"widget\" data-e-type=\"widget\" data-widget_type=\"wd_text_block.default\">\n\t\t\t\t<div class=\"elementor-widget-container\">\n\t\t\t\t\t\t\t<div class=\"wd-text-block reset-last-child text-left\">\n\t\t\t\n\t\t\t<h2>Groovy: Tema de blog moderno y ligero para WordPress<\/h2><p>En <strong>Groovy Blog Theme, moderno y ligero<\/strong> aporta energ\u00eda fresca a tu experiencia de blogging. Por ejemplo, los creadores de contenido eligen activamente este tema por su dise\u00f1o limpio y minimalista que carga a la velocidad del rayo. De este modo, puedes publicar entradas atractivas sin ralentizar a tus lectores, manteniendo bajas las tasas de rebote y alta la participaci\u00f3n.<\/p><h3>Configuraci\u00f3n y rendimiento sin esfuerzo<\/h3><p>Groovy prioriza la velocidad y la sencillez nada m\u00e1s sacarlo de la caja. Lo instalas r\u00e1pidamente y empiezas a personalizar dise\u00f1os, colores y fuentes con opciones intuitivas. Adem\u00e1s, su c\u00f3digo ligero garantiza un rendimiento de primera, incluso en dispositivos m\u00f3viles, para que tu blog brille en todas las pantallas.<\/p><h3>\u00bfPor qu\u00e9 elegir Groovy?<\/h3><ul><li><strong>Est\u00e9tica moderna:<\/strong> La tipograf\u00eda elegante y las cuadr\u00edculas adaptables crean un aspecto profesional que cautiva a los visitantes.<\/li><li><strong>Carga ultrarr\u00e1pida:<\/strong> Gracias a los activos optimizados, las p\u00e1ginas se cargan en segundos, lo que mejora el SEO y la satisfacci\u00f3n del usuario.<\/li><li><strong>F\u00e1cil personalizaci\u00f3n:<\/strong> Los elementos de arrastrar y soltar permiten modificar cabeceras, barras laterales y pies de p\u00e1gina sin necesidad de programar.<\/li><li><strong>Funciones centradas en el blog:<\/strong> Los formatos de publicaci\u00f3n integrados, el desplazamiento infinito y la posibilidad de compartir en redes sociales mejoran el flujo de trabajo de los contenidos.<\/li><li><strong>Preparado para SEO:<\/strong> Un c\u00f3digo limpio y el marcado schema ayudan a los motores de b\u00fasqueda a indexar su blog de forma eficaz.<\/li><\/ul><h3>Vers\u00e1til para cualquier bloguero<\/h3><p>Tanto si tienes un diario personal, un sitio especializado o un portafolio profesional, Groovy se adapta a la perfecci\u00f3n. Por ejemplo, puedes integrarlo con plugins populares como Yoast SEO o WooCommerce para a\u00f1adir funcionalidad. Como resultado, creas un blog din\u00e1mico que crece con tu audiencia.<\/p><h3>M\u00e1s temas y recursos<\/h3><p>Profundice en las soluciones premium de WordPress. Echa un vistazo a otros temas innovadores en <a href=\"https:\/\/allwintheme.com\/es\/producto\/editor-de-formularios-wp-travel-engine\/\">AllWinTheme<\/a> para herramientas complementarias. Para inspirarse en blogs externos, visite <a href=\"https:\/\/wpkvip.com\/groovy-modern-and-lightweight-blog-theme\/\">Blog WPKVIP<\/a> para descubrir consejos y tendencias.<\/p><h3>Lance hoy mismo su blog Groovy<\/h3><p>Mejore su presencia en Internet con <strong>Groovy Blog Theme, moderno y ligero<\/strong>. Por lo tanto, desc\u00e1rguela ahora y cree un blog tan elegante como r\u00e1pido: \u00a1sus lectores se lo agradecer\u00e1n!<\/p>\n\t\t\t\t\t<\/div>\n\t\t\t\t\t\t<\/div>\n\t\t\t\t<\/div>\n\t\t\t\t\t<\/div>\n\t\t\t\t<\/div>\n\t\t<div class=\"wd-negative-gap elementor-element elementor-element-713dd8f e-flex e-con-boxed e-con e-parent\" data-id=\"713dd8f\" data-element_type=\"container\" data-e-type=\"container\">\n\t\t\t\t\t<div class=\"e-con-inner\">\n\t\t\t\t<div class=\"elementor-element elementor-element-74b76b0 elementor-widget elementor-widget-video\" data-id=\"74b76b0\" data-element_type=\"widget\" data-e-type=\"widget\" data-settings=\"{&quot;youtube_url&quot;:&quot;https:\\\/\\\/youtu.be\\\/7idbZvrX444&quot;,&quot;video_type&quot;:&quot;youtube&quot;,&quot;controls&quot;:&quot;yes&quot;}\" data-widget_type=\"video.default\">\n\t\t\t\t\t\t\t<div class=\"elementor-wrapper elementor-open-inline\">\n\t\t\t<div class=\"elementor-video\"><\/div>\t\t<\/div>\n\t\t\t\t\t\t<\/div>\n\t\t\t\t\t<\/div>\n\t\t\t\t<\/div>\n\t\t\t\t<\/div>","protected":false},"excerpt":{"rendered":"<p>Groovy: Tema de blog moderno y ligero para WordPress El tema de blog moderno y ligero Groovy aporta nueva energ\u00eda a su blog.<\/p>","protected":false},"featured_media":12702,"comment_status":"open","ping_status":"closed","template":"","meta":{"_acf_changed":false},"product_brand":[],"product_cat":[48],"product_tag":[],"class_list":{"0":"post-12701","1":"product","2":"type-product","3":"status-publish","4":"has-post-thumbnail","6":"product_cat-themes","8":"first","9":"instock","10":"sale","11":"downloadable","12":"shipping-taxable","13":"purchasable","14":"product-type-simple"},"acf":[],"yoast_head":"<!-- This site is optimized with the Yoast SEO Premium plugin v25.6 (Yoast SEO v27.1.1) - https:\/\/yoast.com\/product\/yoast-seo-premium-wordpress\/ -->\n<title>Groovy Modern and Lightweight Blog Theme - AllWin Theme \u2013 Free WordPress Themes Download<\/title>\n<meta name=\"description\" content=\"Groovy Blog Theme (GPL): Fast, modern WordPress theme with authentic user feedback, easy customization &amp; unlimited site usage.\" \/>\n<meta name=\"robots\" content=\"index, follow, max-snippet:-1, max-image-preview:large, max-video-preview:-1\" \/>\n<link rel=\"canonical\" href=\"https:\/\/allwintheme.com\/es\/producto\/groovy-moderno-y-ligero-tema-de-blog\/\" \/>\n<meta property=\"og:locale\" content=\"es_ES\" \/>\n<meta property=\"og:type\" content=\"article\" \/>\n<meta property=\"og:title\" content=\"Groovy Modern and Lightweight Blog Theme\" \/>\n<meta property=\"og:description\" content=\"Groovy Blog Theme (GPL): Fast, modern WordPress theme with authentic user feedback, easy customization &amp; unlimited site usage.\" \/>\n<meta property=\"og:url\" content=\"https:\/\/allwintheme.com\/es\/producto\/groovy-moderno-y-ligero-tema-de-blog\/\" \/>\n<meta property=\"og:site_name\" content=\"AllWin Theme \u2013 Free WordPress Themes Download\" \/>\n<meta property=\"article:modified_time\" content=\"2025-11-17T01:44:55+00:00\" \/>\n<meta property=\"og:image\" content=\"https:\/\/allwintheme.com\/wp-content\/uploads\/2025\/11\/Groovy-Modern.png\" \/>\n\t<meta property=\"og:image:width\" content=\"590\" \/>\n\t<meta property=\"og:image:height\" content=\"300\" \/>\n\t<meta property=\"og:image:type\" content=\"image\/png\" \/>\n<meta name=\"twitter:card\" content=\"summary_large_image\" \/>\n<meta name=\"twitter:label1\" content=\"Tiempo estimado de lectura\" \/>\n\t<meta name=\"twitter:data1\" content=\"2 minutos\" \/>\n<script type=\"application\/ld+json\" class=\"yoast-schema-graph\">{\"@context\":\"https:\/\/schema.org\",\"@graph\":[{\"@type\":\"WebPage\",\"@id\":\"https:\/\/allwintheme.com\/product\/groovy-modern-and-lightweight-blog-theme\/\",\"url\":\"https:\/\/allwintheme.com\/product\/groovy-modern-and-lightweight-blog-theme\/\",\"name\":\"Groovy Modern and Lightweight Blog Theme - AllWin Theme \u2013 Free WordPress Themes Download\",\"isPartOf\":{\"@id\":\"https:\/\/allwintheme.com\/#website\"},\"primaryImageOfPage\":{\"@id\":\"https:\/\/allwintheme.com\/product\/groovy-modern-and-lightweight-blog-theme\/#primaryimage\"},\"image\":{\"@id\":\"https:\/\/allwintheme.com\/product\/groovy-modern-and-lightweight-blog-theme\/#primaryimage\"},\"thumbnailUrl\":\"https:\/\/allwintheme.com\/wp-content\/uploads\/2025\/11\/Groovy-Modern.png\",\"datePublished\":\"2025-11-14T03:49:38+00:00\",\"dateModified\":\"2025-11-17T01:44:55+00:00\",\"description\":\"Groovy Blog Theme (GPL): Fast, modern WordPress theme with authentic user feedback, easy customization & unlimited site usage.\",\"breadcrumb\":{\"@id\":\"https:\/\/allwintheme.com\/product\/groovy-modern-and-lightweight-blog-theme\/#breadcrumb\"},\"inLanguage\":\"es-CL\",\"potentialAction\":[{\"@type\":\"ReadAction\",\"target\":[\"https:\/\/allwintheme.com\/product\/groovy-modern-and-lightweight-blog-theme\/\"]}]},{\"@type\":\"ImageObject\",\"inLanguage\":\"es-CL\",\"@id\":\"https:\/\/allwintheme.com\/product\/groovy-modern-and-lightweight-blog-theme\/#primaryimage\",\"url\":\"https:\/\/allwintheme.com\/wp-content\/uploads\/2025\/11\/Groovy-Modern.png\",\"contentUrl\":\"https:\/\/allwintheme.com\/wp-content\/uploads\/2025\/11\/Groovy-Modern.png\",\"width\":590,\"height\":300,\"caption\":\"Groovy Modern and Lightweight Blog Theme\"},{\"@type\":\"BreadcrumbList\",\"@id\":\"https:\/\/allwintheme.com\/product\/groovy-modern-and-lightweight-blog-theme\/#breadcrumb\",\"itemListElement\":[{\"@type\":\"ListItem\",\"position\":1,\"name\":\"Home\",\"item\":\"https:\/\/allwintheme.com\/\"},{\"@type\":\"ListItem\",\"position\":2,\"name\":\"Shop\",\"item\":\"https:\/\/allwintheme.com\/shop\/\"},{\"@type\":\"ListItem\",\"position\":3,\"name\":\"Groovy Modern and Lightweight Blog Theme\"}]},{\"@type\":\"WebSite\",\"@id\":\"https:\/\/allwintheme.com\/#website\",\"url\":\"https:\/\/allwintheme.com\/\",\"name\":\"Allwintheme\",\"description\":\"Download free WordPress themes for every niche. Blogs, business, eCommerce, portfolio, restaurant and more. All themes are GPL licensed and mobile-ready.\",\"potentialAction\":[{\"@type\":\"SearchAction\",\"target\":{\"@type\":\"EntryPoint\",\"urlTemplate\":\"https:\/\/allwintheme.com\/?s={search_term_string}\"},\"query-input\":{\"@type\":\"PropertyValueSpecification\",\"valueRequired\":true,\"valueName\":\"search_term_string\"}}],\"inLanguage\":\"es-CL\"}]}<\/script>\n<!-- \/ Yoast SEO Premium plugin. -->","yoast_head_json":{"title":"Groovy Modern and Lightweight Blog Theme - AllWin Theme - Free WordPress Themes Download","description":"Groovy Blog Theme (GPL): R\u00e1pido y moderno tema de WordPress con comentarios aut\u00e9nticos de los usuarios, f\u00e1cil personalizaci\u00f3n y uso ilimitado del sitio.","robots":{"index":"index","follow":"follow","max-snippet":"max-snippet:-1","max-image-preview":"max-image-preview:large","max-video-preview":"max-video-preview:-1"},"canonical":"https:\/\/allwintheme.com\/es\/producto\/groovy-moderno-y-ligero-tema-de-blog\/","og_locale":"es_ES","og_type":"article","og_title":"Groovy Modern and Lightweight Blog Theme","og_description":"Groovy Blog Theme (GPL): Fast, modern WordPress theme with authentic user feedback, easy customization & unlimited site usage.","og_url":"https:\/\/allwintheme.com\/es\/producto\/groovy-moderno-y-ligero-tema-de-blog\/","og_site_name":"AllWin Theme \u2013 Free WordPress Themes Download","article_modified_time":"2025-11-17T01:44:55+00:00","og_image":[{"width":590,"height":300,"url":"https:\/\/allwintheme.com\/wp-content\/uploads\/2025\/11\/Groovy-Modern.png","type":"image\/png"}],"twitter_card":"summary_large_image","twitter_misc":{"Tiempo estimado de lectura":"2 minutos"},"schema":{"@context":"https:\/\/schema.org","@graph":[{"@type":"WebPage","@id":"https:\/\/allwintheme.com\/product\/groovy-modern-and-lightweight-blog-theme\/","url":"https:\/\/allwintheme.com\/product\/groovy-modern-and-lightweight-blog-theme\/","name":"Groovy Modern and Lightweight Blog Theme - AllWin Theme - Free WordPress Themes Download","isPartOf":{"@id":"https:\/\/allwintheme.com\/#website"},"primaryImageOfPage":{"@id":"https:\/\/allwintheme.com\/product\/groovy-modern-and-lightweight-blog-theme\/#primaryimage"},"image":{"@id":"https:\/\/allwintheme.com\/product\/groovy-modern-and-lightweight-blog-theme\/#primaryimage"},"thumbnailUrl":"https:\/\/allwintheme.com\/wp-content\/uploads\/2025\/11\/Groovy-Modern.png","datePublished":"2025-11-14T03:49:38+00:00","dateModified":"2025-11-17T01:44:55+00:00","description":"Groovy Blog Theme (GPL): R\u00e1pido y moderno tema de WordPress con comentarios aut\u00e9nticos de los usuarios, f\u00e1cil personalizaci\u00f3n y uso ilimitado del sitio.","breadcrumb":{"@id":"https:\/\/allwintheme.com\/product\/groovy-modern-and-lightweight-blog-theme\/#breadcrumb"},"inLanguage":"es-CL","potentialAction":[{"@type":"ReadAction","target":["https:\/\/allwintheme.com\/product\/groovy-modern-and-lightweight-blog-theme\/"]}]},{"@type":"ImageObject","inLanguage":"es-CL","@id":"https:\/\/allwintheme.com\/product\/groovy-modern-and-lightweight-blog-theme\/#primaryimage","url":"https:\/\/allwintheme.com\/wp-content\/uploads\/2025\/11\/Groovy-Modern.png","contentUrl":"https:\/\/allwintheme.com\/wp-content\/uploads\/2025\/11\/Groovy-Modern.png","width":590,"height":300,"caption":"Groovy Modern and Lightweight Blog Theme"},{"@type":"BreadcrumbList","@id":"https:\/\/allwintheme.com\/product\/groovy-modern-and-lightweight-blog-theme\/#breadcrumb","itemListElement":[{"@type":"ListItem","position":1,"name":"Home","item":"https:\/\/allwintheme.com\/"},{"@type":"ListItem","position":2,"name":"Shop","item":"https:\/\/allwintheme.com\/shop\/"},{"@type":"ListItem","position":3,"name":"Groovy Modern and Lightweight Blog Theme"}]},{"@type":"WebSite","@id":"https:\/\/allwintheme.com\/#website","url":"https:\/\/allwintheme.com\/","name":"Allwintheme","description":"Descarga gratis temas de WordPress para todos los nichos. Blogs, negocios, comercio electr\u00f3nico, portafolio, restaurante y m\u00e1s. Todos los temas tienen licencia GPL y est\u00e1n preparados para dispositivos m\u00f3viles.","potentialAction":[{"@type":"SearchAction","target":{"@type":"EntryPoint","urlTemplate":"https:\/\/allwintheme.com\/?s={search_term_string}"},"query-input":{"@type":"PropertyValueSpecification","valueRequired":true,"valueName":"search_term_string"}}],"inLanguage":"es-CL"}]}},"_links":{"self":[{"href":"https:\/\/allwintheme.com\/es\/wp-json\/wp\/v2\/product\/12701","targetHints":{"allow":["GET"]}}],"collection":[{"href":"https:\/\/allwintheme.com\/es\/wp-json\/wp\/v2\/product"}],"about":[{"href":"https:\/\/allwintheme.com\/es\/wp-json\/wp\/v2\/types\/product"}],"replies":[{"embeddable":true,"href":"https:\/\/allwintheme.com\/es\/wp-json\/wp\/v2\/comments?post=12701"}],"version-history":[{"count":26,"href":"https:\/\/allwintheme.com\/es\/wp-json\/wp\/v2\/product\/12701\/revisions"}],"predecessor-version":[{"id":12732,"href":"https:\/\/allwintheme.com\/es\/wp-json\/wp\/v2\/product\/12701\/revisions\/12732"}],"wp:featuredmedia":[{"embeddable":true,"href":"https:\/\/allwintheme.com\/es\/wp-json\/wp\/v2\/media\/12702"}],"wp:attachment":[{"href":"https:\/\/allwintheme.com\/es\/wp-json\/wp\/v2\/media?parent=12701"}],"wp:term":[{"taxonomy":"product_brand","embeddable":true,"href":"https:\/\/allwintheme.com\/es\/wp-json\/wp\/v2\/product_brand?post=12701"},{"taxonomy":"product_cat","embeddable":true,"href":"https:\/\/allwintheme.com\/es\/wp-json\/wp\/v2\/product_cat?post=12701"},{"taxonomy":"product_tag","embeddable":true,"href":"https:\/\/allwintheme.com\/es\/wp-json\/wp\/v2\/product_tag?post=12701"}],"curies":[{"name":"wp","href":"https:\/\/api.w.org\/{rel}","templated":true}]}}