{"id":12776,"date":"2025-11-24T01:47:55","date_gmt":"2025-11-24T01:47:55","guid":{"rendered":"https:\/\/allwintheme.com\/?post_type=product&#038;p=12776"},"modified":"2025-11-24T01:54:38","modified_gmt":"2025-11-24T01:54:38","slug":"restringir-la-creacion-de-sitios-content-pro","status":"publish","type":"product","link":"https:\/\/allwintheme.com\/es\/producto\/restringir-la-creacion-de-sitios-content-pro\/","title":{"rendered":"Restringir contenido Pro - Creaci\u00f3n de sitios"},"content":{"rendered":"<div data-elementor-type=\"wp-post\" data-elementor-id=\"12776\" class=\"elementor elementor-12776\" data-elementor-settings=\"{&quot;element_pack_global_tooltip_width&quot;:{&quot;unit&quot;:&quot;px&quot;,&quot;size&quot;:&quot;&quot;,&quot;sizes&quot;:[]},&quot;element_pack_global_tooltip_width_tablet&quot;:{&quot;unit&quot;:&quot;px&quot;,&quot;size&quot;:&quot;&quot;,&quot;sizes&quot;:[]},&quot;element_pack_global_tooltip_width_mobile&quot;:{&quot;unit&quot;:&quot;px&quot;,&quot;size&quot;:&quot;&quot;,&quot;sizes&quot;:[]},&quot;element_pack_global_tooltip_padding&quot;:{&quot;unit&quot;:&quot;px&quot;,&quot;top&quot;:&quot;&quot;,&quot;right&quot;:&quot;&quot;,&quot;bottom&quot;:&quot;&quot;,&quot;left&quot;:&quot;&quot;,&quot;isLinked&quot;:true},&quot;element_pack_global_tooltip_padding_tablet&quot;:{&quot;unit&quot;:&quot;px&quot;,&quot;top&quot;:&quot;&quot;,&quot;right&quot;:&quot;&quot;,&quot;bottom&quot;:&quot;&quot;,&quot;left&quot;:&quot;&quot;,&quot;isLinked&quot;:true},&quot;element_pack_global_tooltip_padding_mobile&quot;:{&quot;unit&quot;:&quot;px&quot;,&quot;top&quot;:&quot;&quot;,&quot;right&quot;:&quot;&quot;,&quot;bottom&quot;:&quot;&quot;,&quot;left&quot;:&quot;&quot;,&quot;isLinked&quot;:true},&quot;element_pack_global_tooltip_border_radius&quot;:{&quot;unit&quot;:&quot;px&quot;,&quot;top&quot;:&quot;&quot;,&quot;right&quot;:&quot;&quot;,&quot;bottom&quot;:&quot;&quot;,&quot;left&quot;:&quot;&quot;,&quot;isLinked&quot;:true},&quot;element_pack_global_tooltip_border_radius_tablet&quot;:{&quot;unit&quot;:&quot;px&quot;,&quot;top&quot;:&quot;&quot;,&quot;right&quot;:&quot;&quot;,&quot;bottom&quot;:&quot;&quot;,&quot;left&quot;:&quot;&quot;,&quot;isLinked&quot;:true},&quot;element_pack_global_tooltip_border_radius_mobile&quot;:{&quot;unit&quot;:&quot;px&quot;,&quot;top&quot;:&quot;&quot;,&quot;right&quot;:&quot;&quot;,&quot;bottom&quot;:&quot;&quot;,&quot;left&quot;:&quot;&quot;,&quot;isLinked&quot;:true}}\" data-elementor-post-type=\"product\">\n\t\t\t\t<div class=\"wd-negative-gap elementor-element elementor-element-116794f e-flex e-con-boxed e-con e-parent\" data-id=\"116794f\" data-element_type=\"container\" data-e-type=\"container\">\n\t\t\t\t\t<div class=\"e-con-inner\">\n\t\t\t\t<div class=\"elementor-element elementor-element-03d2133 elementor-widget elementor-widget-wd_text_block\" data-id=\"03d2133\" data-element_type=\"widget\" data-e-type=\"widget\" data-widget_type=\"wd_text_block.default\">\n\t\t\t\t<div class=\"elementor-widget-container\">\n\t\t\t\t\t\t\t<div class=\"wd-text-block reset-last-child text-left\">\n\t\t\t\n\t\t\t<h2>Restringir contenido Pro - Creaci\u00f3n de sitios: Permita a los miembros crear sus propios sitios<\/h2><p>En <strong>Restringir contenido Pro - Creaci\u00f3n de sitios<\/strong> transforma su sitio de afiliaci\u00f3n en una potente plataforma en la que los usuarios pueden crear y gestionar activamente sus propios sitios de WordPress. Por ejemplo, los l\u00edderes de comunidades, creadores de cursos y proveedores de SaaS utilizan esta herramienta para dar a los miembros de pago privilegios instant\u00e1neos de creaci\u00f3n de sitios. Como resultado, aumentar\u00e1 la participaci\u00f3n y los ingresos recurrentes sin mover un dedo.<\/p><h3>Creaci\u00f3n de sitios sin problemas para los socios<\/h3><p>Los miembros s\u00f3lo tienen que iniciar sesi\u00f3n, elegir un subdominio o subdirectorio, escoger una plantilla (opcional) y hacer clic en \u201cCrear sitio\u201d. El complemento se encarga de todo lo dem\u00e1s autom\u00e1ticamente. En consecuencia, los nuevos sitios se crean en segundos, totalmente integrados con su red y su nivel de afiliaci\u00f3n existente.<\/p><h3>\u00bfPor qu\u00e9 elegir el complemento de creaci\u00f3n de sitios?<\/h3><ul><li><strong>Aprovisionamiento instant\u00e1neo de sitios:<\/strong> Los miembros crean sitios con un solo clic, sin necesidad de aprobaci\u00f3n manual (o habilitando la aprobaci\u00f3n si lo prefiere).<\/li><li><strong>Control del nivel de afiliaci\u00f3n:<\/strong> Usted decide exactamente qu\u00e9 planes conceden derechos de creaci\u00f3n de sitios y cu\u00e1ntos sitios puede poseer cada miembro.<\/li><li><strong>Soporte de plantillas:<\/strong> Ofrezca sitios de inicio preconstruidos para que los afiliados tengan sitios bonitos y funcionales desde el primer d\u00eda.<\/li><li><strong>Integraci\u00f3n multisitio completa:<\/strong> Funciona perfectamente con WordPress Multisite y con las funciones b\u00e1sicas de Restrict Content Pro.<\/li><li><strong>Restricciones autom\u00e1ticas:<\/strong> Cuando una suscripci\u00f3n caduca o se cancela, el complemento pausa o elimina los sitios del miembro en funci\u00f3n de su configuraci\u00f3n.<\/li><\/ul><h3>Perfecto para comunidades en crecimiento<\/h3><p>Tanto si dirige una plataforma de cursos en l\u00ednea, una comunidad premium, un portal de clientes de agencia o un directorio de nicho, este complemento se adapta sin esfuerzo. Adem\u00e1s, a los miembros les encanta la libertad, mientras que usted disfruta de una mayor retenci\u00f3n y valor de por vida.<\/p><h3>M\u00e1s herramientas e inspiraci\u00f3n<\/h3><p>Echa un vistazo a otros potentes complementos en <a href=\"https:\/\/allwintheme.com\/es\/producto\/restringir-la-creacion-de-sitios-content-pro\/\">AllWinTheme<\/a>. Para obtener consejos y estrategias de afiliaci\u00f3n, visite la p\u00e1gina <a href=\"https:\/\/wpkvip.com\">Blog WPKVIP<\/a>.<\/p><h3>Empiece hoy mismo<\/h3><p>Potencie su sitio de afiliaci\u00f3n con <strong>Restringir contenido Pro - Creaci\u00f3n de sitios<\/strong>. Inst\u00e1lelo ahora y vea c\u00f3mo sus miembros construyen, crean y permanecen m\u00e1s tiempo que nunca.<\/p>\n\t\t\t\t\t<\/div>\n\t\t\t\t\t\t<\/div>\n\t\t\t\t<\/div>\n\t\t\t\t\t<\/div>\n\t\t\t\t<\/div>\n\t\t<div class=\"wd-negative-gap elementor-element elementor-element-e0896fb e-flex e-con-boxed e-con e-parent\" data-id=\"e0896fb\" data-element_type=\"container\" data-e-type=\"container\">\n\t\t\t\t\t<div class=\"e-con-inner\">\n\t\t\t\t<div class=\"elementor-element elementor-element-0c7b16a elementor-widget elementor-widget-video\" data-id=\"0c7b16a\" data-element_type=\"widget\" data-e-type=\"widget\" data-settings=\"{&quot;youtube_url&quot;:&quot;https:\\\/\\\/youtu.be\\\/_BNw8V4-Z48?list=PLrhG328biMWLe5tKvdGUIKyMsS5-_CyNt&quot;,&quot;video_type&quot;:&quot;youtube&quot;,&quot;controls&quot;:&quot;yes&quot;}\" data-widget_type=\"video.default\">\n\t\t\t\t\t\t\t<div class=\"elementor-wrapper elementor-open-inline\">\n\t\t\t<div class=\"elementor-video\"><\/div>\t\t<\/div>\n\t\t\t\t\t\t<\/div>\n\t\t\t\t\t<\/div>\n\t\t\t\t<\/div>\n\t\t\t\t<\/div>","protected":false},"excerpt":{"rendered":"<p>Restrict Content Pro \u2013 Site Creation: Empower Members to Build Their Own Sites The Restrict Content Pro \u2013 Site Creation<\/p>","protected":false},"featured_media":12777,"comment_status":"open","ping_status":"closed","template":"","meta":{"_acf_changed":false},"product_brand":[],"product_cat":[49],"product_tag":[],"class_list":{"0":"post-12776","1":"product","2":"type-product","3":"status-publish","4":"has-post-thumbnail","6":"product_cat-plugins","8":"first","9":"instock","10":"sale","11":"downloadable","12":"shipping-taxable","13":"purchasable","14":"product-type-simple"},"acf":[],"yoast_head":"<!-- This site is optimized with the Yoast SEO Premium plugin v25.6 (Yoast SEO v27.1.1) - https:\/\/yoast.com\/product\/yoast-seo-premium-wordpress\/ -->\n<title>Restrict Content Pro \u2013 Site Creation - AllWin Theme \u2013 Free WordPress Themes Download<\/title>\n<meta name=\"description\" content=\"Let members create their own sites effortlessly with Restrict Content Pro \u2013 Site Creation. Perfect for multisite networks, communities, and membership platforms.\" \/>\n<meta name=\"robots\" content=\"index, follow, max-snippet:-1, max-image-preview:large, max-video-preview:-1\" \/>\n<link rel=\"canonical\" href=\"https:\/\/allwintheme.com\/es\/producto\/restringir-la-creacion-de-sitios-content-pro\/\" \/>\n<meta property=\"og:locale\" content=\"es_ES\" \/>\n<meta property=\"og:type\" content=\"article\" \/>\n<meta property=\"og:title\" content=\"Restrict Content Pro \u2013 Site Creation\" \/>\n<meta property=\"og:description\" content=\"Let members create their own sites effortlessly with Restrict Content Pro \u2013 Site Creation. Perfect for multisite networks, communities, and membership platforms.\" \/>\n<meta property=\"og:url\" content=\"https:\/\/allwintheme.com\/es\/producto\/restringir-la-creacion-de-sitios-content-pro\/\" \/>\n<meta property=\"og:site_name\" content=\"AllWin Theme \u2013 Free WordPress Themes Download\" \/>\n<meta property=\"article:modified_time\" content=\"2025-11-24T01:54:38+00:00\" \/>\n<meta property=\"og:image\" content=\"https:\/\/allwintheme.com\/wp-content\/uploads\/2025\/11\/Restrict-Content-Pro-\u2013-Site-Creation.png\" \/>\n\t<meta property=\"og:image:width\" content=\"1002\" \/>\n\t<meta property=\"og:image:height\" content=\"429\" \/>\n\t<meta property=\"og:image:type\" content=\"image\/png\" \/>\n<meta name=\"twitter:card\" content=\"summary_large_image\" \/>\n<meta name=\"twitter:label1\" content=\"Tiempo estimado de lectura\" \/>\n\t<meta name=\"twitter:data1\" content=\"2 minutos\" \/>\n<script type=\"application\/ld+json\" class=\"yoast-schema-graph\">{\"@context\":\"https:\/\/schema.org\",\"@graph\":[{\"@type\":\"WebPage\",\"@id\":\"https:\/\/allwintheme.com\/product\/restrict-content-pro-site-creation\/\",\"url\":\"https:\/\/allwintheme.com\/product\/restrict-content-pro-site-creation\/\",\"name\":\"Restrict Content Pro \u2013 Site Creation - AllWin Theme \u2013 Free WordPress Themes Download\",\"isPartOf\":{\"@id\":\"https:\/\/allwintheme.com\/#website\"},\"primaryImageOfPage\":{\"@id\":\"https:\/\/allwintheme.com\/product\/restrict-content-pro-site-creation\/#primaryimage\"},\"image\":{\"@id\":\"https:\/\/allwintheme.com\/product\/restrict-content-pro-site-creation\/#primaryimage\"},\"thumbnailUrl\":\"https:\/\/allwintheme.com\/wp-content\/uploads\/2025\/11\/Restrict-Content-Pro-\u2013-Site-Creation.png\",\"datePublished\":\"2025-11-24T01:47:55+00:00\",\"dateModified\":\"2025-11-24T01:54:38+00:00\",\"description\":\"Let members create their own sites effortlessly with Restrict Content Pro \u2013 Site Creation. Perfect for multisite networks, communities, and membership platforms.\",\"breadcrumb\":{\"@id\":\"https:\/\/allwintheme.com\/product\/restrict-content-pro-site-creation\/#breadcrumb\"},\"inLanguage\":\"es-CL\",\"potentialAction\":[{\"@type\":\"ReadAction\",\"target\":[\"https:\/\/allwintheme.com\/product\/restrict-content-pro-site-creation\/\"]}]},{\"@type\":\"ImageObject\",\"inLanguage\":\"es-CL\",\"@id\":\"https:\/\/allwintheme.com\/product\/restrict-content-pro-site-creation\/#primaryimage\",\"url\":\"https:\/\/allwintheme.com\/wp-content\/uploads\/2025\/11\/Restrict-Content-Pro-\u2013-Site-Creation.png\",\"contentUrl\":\"https:\/\/allwintheme.com\/wp-content\/uploads\/2025\/11\/Restrict-Content-Pro-\u2013-Site-Creation.png\",\"width\":1002,\"height\":429,\"caption\":\"Restrict Content Pro \u2013 Site Creation\"},{\"@type\":\"BreadcrumbList\",\"@id\":\"https:\/\/allwintheme.com\/product\/restrict-content-pro-site-creation\/#breadcrumb\",\"itemListElement\":[{\"@type\":\"ListItem\",\"position\":1,\"name\":\"Home\",\"item\":\"https:\/\/allwintheme.com\/\"},{\"@type\":\"ListItem\",\"position\":2,\"name\":\"Shop\",\"item\":\"https:\/\/allwintheme.com\/shop\/\"},{\"@type\":\"ListItem\",\"position\":3,\"name\":\"Restrict Content Pro \u2013 Site Creation\"}]},{\"@type\":\"WebSite\",\"@id\":\"https:\/\/allwintheme.com\/#website\",\"url\":\"https:\/\/allwintheme.com\/\",\"name\":\"Allwintheme\",\"description\":\"Download free WordPress themes for every niche. Blogs, business, eCommerce, portfolio, restaurant and more. All themes are GPL licensed and mobile-ready.\",\"potentialAction\":[{\"@type\":\"SearchAction\",\"target\":{\"@type\":\"EntryPoint\",\"urlTemplate\":\"https:\/\/allwintheme.com\/?s={search_term_string}\"},\"query-input\":{\"@type\":\"PropertyValueSpecification\",\"valueRequired\":true,\"valueName\":\"search_term_string\"}}],\"inLanguage\":\"es-CL\"}]}<\/script>\n<!-- \/ Yoast SEO Premium plugin. -->","yoast_head_json":{"title":"Restrict Content Pro - Site Creation - AllWin Theme - Free WordPress Themes Download","description":"Permita que los miembros creen sus propios sitios sin esfuerzo con Restrict Content Pro - Creaci\u00f3n de sitios. Perfecto para redes multisitio, comunidades y plataformas de afiliaci\u00f3n.","robots":{"index":"index","follow":"follow","max-snippet":"max-snippet:-1","max-image-preview":"max-image-preview:large","max-video-preview":"max-video-preview:-1"},"canonical":"https:\/\/allwintheme.com\/es\/producto\/restringir-la-creacion-de-sitios-content-pro\/","og_locale":"es_ES","og_type":"article","og_title":"Restrict Content Pro \u2013 Site Creation","og_description":"Let members create their own sites effortlessly with Restrict Content Pro \u2013 Site Creation. Perfect for multisite networks, communities, and membership platforms.","og_url":"https:\/\/allwintheme.com\/es\/producto\/restringir-la-creacion-de-sitios-content-pro\/","og_site_name":"AllWin Theme \u2013 Free WordPress Themes Download","article_modified_time":"2025-11-24T01:54:38+00:00","og_image":[{"width":1002,"height":429,"url":"https:\/\/allwintheme.com\/wp-content\/uploads\/2025\/11\/Restrict-Content-Pro-\u2013-Site-Creation.png","type":"image\/png"}],"twitter_card":"summary_large_image","twitter_misc":{"Tiempo estimado de lectura":"2 minutos"},"schema":{"@context":"https:\/\/schema.org","@graph":[{"@type":"WebPage","@id":"https:\/\/allwintheme.com\/product\/restrict-content-pro-site-creation\/","url":"https:\/\/allwintheme.com\/product\/restrict-content-pro-site-creation\/","name":"Restrict Content Pro - Site Creation - AllWin Theme - Free WordPress Themes Download","isPartOf":{"@id":"https:\/\/allwintheme.com\/#website"},"primaryImageOfPage":{"@id":"https:\/\/allwintheme.com\/product\/restrict-content-pro-site-creation\/#primaryimage"},"image":{"@id":"https:\/\/allwintheme.com\/product\/restrict-content-pro-site-creation\/#primaryimage"},"thumbnailUrl":"https:\/\/allwintheme.com\/wp-content\/uploads\/2025\/11\/Restrict-Content-Pro-\u2013-Site-Creation.png","datePublished":"2025-11-24T01:47:55+00:00","dateModified":"2025-11-24T01:54:38+00:00","description":"Permita que los miembros creen sus propios sitios sin esfuerzo con Restrict Content Pro - Creaci\u00f3n de sitios. Perfecto para redes multisitio, comunidades y plataformas de afiliaci\u00f3n.","breadcrumb":{"@id":"https:\/\/allwintheme.com\/product\/restrict-content-pro-site-creation\/#breadcrumb"},"inLanguage":"es-CL","potentialAction":[{"@type":"ReadAction","target":["https:\/\/allwintheme.com\/product\/restrict-content-pro-site-creation\/"]}]},{"@type":"ImageObject","inLanguage":"es-CL","@id":"https:\/\/allwintheme.com\/product\/restrict-content-pro-site-creation\/#primaryimage","url":"https:\/\/allwintheme.com\/wp-content\/uploads\/2025\/11\/Restrict-Content-Pro-\u2013-Site-Creation.png","contentUrl":"https:\/\/allwintheme.com\/wp-content\/uploads\/2025\/11\/Restrict-Content-Pro-\u2013-Site-Creation.png","width":1002,"height":429,"caption":"Restrict Content Pro \u2013 Site Creation"},{"@type":"BreadcrumbList","@id":"https:\/\/allwintheme.com\/product\/restrict-content-pro-site-creation\/#breadcrumb","itemListElement":[{"@type":"ListItem","position":1,"name":"Home","item":"https:\/\/allwintheme.com\/"},{"@type":"ListItem","position":2,"name":"Shop","item":"https:\/\/allwintheme.com\/shop\/"},{"@type":"ListItem","position":3,"name":"Restrict Content Pro \u2013 Site Creation"}]},{"@type":"WebSite","@id":"https:\/\/allwintheme.com\/#website","url":"https:\/\/allwintheme.com\/","name":"Allwintheme","description":"Descarga gratis temas de WordPress para todos los nichos. Blogs, negocios, comercio electr\u00f3nico, portafolio, restaurante y m\u00e1s. Todos los temas tienen licencia GPL y est\u00e1n preparados para dispositivos m\u00f3viles.","potentialAction":[{"@type":"SearchAction","target":{"@type":"EntryPoint","urlTemplate":"https:\/\/allwintheme.com\/?s={search_term_string}"},"query-input":{"@type":"PropertyValueSpecification","valueRequired":true,"valueName":"search_term_string"}}],"inLanguage":"es-CL"}]}},"_links":{"self":[{"href":"https:\/\/allwintheme.com\/es\/wp-json\/wp\/v2\/product\/12776","targetHints":{"allow":["GET"]}}],"collection":[{"href":"https:\/\/allwintheme.com\/es\/wp-json\/wp\/v2\/product"}],"about":[{"href":"https:\/\/allwintheme.com\/es\/wp-json\/wp\/v2\/types\/product"}],"replies":[{"embeddable":true,"href":"https:\/\/allwintheme.com\/es\/wp-json\/wp\/v2\/comments?post=12776"}],"version-history":[{"count":5,"href":"https:\/\/allwintheme.com\/es\/wp-json\/wp\/v2\/product\/12776\/revisions"}],"predecessor-version":[{"id":12782,"href":"https:\/\/allwintheme.com\/es\/wp-json\/wp\/v2\/product\/12776\/revisions\/12782"}],"wp:featuredmedia":[{"embeddable":true,"href":"https:\/\/allwintheme.com\/es\/wp-json\/wp\/v2\/media\/12777"}],"wp:attachment":[{"href":"https:\/\/allwintheme.com\/es\/wp-json\/wp\/v2\/media?parent=12776"}],"wp:term":[{"taxonomy":"product_brand","embeddable":true,"href":"https:\/\/allwintheme.com\/es\/wp-json\/wp\/v2\/product_brand?post=12776"},{"taxonomy":"product_cat","embeddable":true,"href":"https:\/\/allwintheme.com\/es\/wp-json\/wp\/v2\/product_cat?post=12776"},{"taxonomy":"product_tag","embeddable":true,"href":"https:\/\/allwintheme.com\/es\/wp-json\/wp\/v2\/product_tag?post=12776"}],"curies":[{"name":"wp","href":"https:\/\/api.w.org\/{rel}","templated":true}]}}