{"id":12790,"date":"2025-11-24T02:14:31","date_gmt":"2025-11-24T02:14:31","guid":{"rendered":"https:\/\/allwintheme.com\/?post_type=product&#038;p=12790"},"modified":"2025-11-24T02:32:23","modified_gmt":"2025-11-24T02:32:23","slug":"easy-digital-downloads-aelia-currency-switcher","status":"publish","type":"product","link":"https:\/\/allwintheme.com\/es\/producto\/easy-digital-downloads-aelia-currency-switcher\/","title":{"rendered":"Descargas Digitales F\u00e1ciles - Aelia Currency Switcher"},"content":{"rendered":"<div data-elementor-type=\"wp-post\" data-elementor-id=\"12790\" class=\"elementor elementor-12790\" data-elementor-settings=\"{&quot;element_pack_global_tooltip_width&quot;:{&quot;unit&quot;:&quot;px&quot;,&quot;size&quot;:&quot;&quot;,&quot;sizes&quot;:[]},&quot;element_pack_global_tooltip_width_tablet&quot;:{&quot;unit&quot;:&quot;px&quot;,&quot;size&quot;:&quot;&quot;,&quot;sizes&quot;:[]},&quot;element_pack_global_tooltip_width_mobile&quot;:{&quot;unit&quot;:&quot;px&quot;,&quot;size&quot;:&quot;&quot;,&quot;sizes&quot;:[]},&quot;element_pack_global_tooltip_padding&quot;:{&quot;unit&quot;:&quot;px&quot;,&quot;top&quot;:&quot;&quot;,&quot;right&quot;:&quot;&quot;,&quot;bottom&quot;:&quot;&quot;,&quot;left&quot;:&quot;&quot;,&quot;isLinked&quot;:true},&quot;element_pack_global_tooltip_padding_tablet&quot;:{&quot;unit&quot;:&quot;px&quot;,&quot;top&quot;:&quot;&quot;,&quot;right&quot;:&quot;&quot;,&quot;bottom&quot;:&quot;&quot;,&quot;left&quot;:&quot;&quot;,&quot;isLinked&quot;:true},&quot;element_pack_global_tooltip_padding_mobile&quot;:{&quot;unit&quot;:&quot;px&quot;,&quot;top&quot;:&quot;&quot;,&quot;right&quot;:&quot;&quot;,&quot;bottom&quot;:&quot;&quot;,&quot;left&quot;:&quot;&quot;,&quot;isLinked&quot;:true},&quot;element_pack_global_tooltip_border_radius&quot;:{&quot;unit&quot;:&quot;px&quot;,&quot;top&quot;:&quot;&quot;,&quot;right&quot;:&quot;&quot;,&quot;bottom&quot;:&quot;&quot;,&quot;left&quot;:&quot;&quot;,&quot;isLinked&quot;:true},&quot;element_pack_global_tooltip_border_radius_tablet&quot;:{&quot;unit&quot;:&quot;px&quot;,&quot;top&quot;:&quot;&quot;,&quot;right&quot;:&quot;&quot;,&quot;bottom&quot;:&quot;&quot;,&quot;left&quot;:&quot;&quot;,&quot;isLinked&quot;:true},&quot;element_pack_global_tooltip_border_radius_mobile&quot;:{&quot;unit&quot;:&quot;px&quot;,&quot;top&quot;:&quot;&quot;,&quot;right&quot;:&quot;&quot;,&quot;bottom&quot;:&quot;&quot;,&quot;left&quot;:&quot;&quot;,&quot;isLinked&quot;:true}}\" data-elementor-post-type=\"product\">\n\t\t\t\t<div class=\"wd-negative-gap elementor-element elementor-element-116794f e-flex e-con-boxed e-con e-parent\" data-id=\"116794f\" data-element_type=\"container\" data-e-type=\"container\">\n\t\t\t\t\t<div class=\"e-con-inner\">\n\t\t\t\t<div class=\"elementor-element elementor-element-03d2133 elementor-widget elementor-widget-wd_text_block\" data-id=\"03d2133\" data-element_type=\"widget\" data-e-type=\"widget\" data-widget_type=\"wd_text_block.default\">\n\t\t\t\t<div class=\"elementor-widget-container\">\n\t\t\t\t\t\t\t<div class=\"wd-text-block reset-last-child text-left\">\n\t\t\t\n\t\t\t<h2>Easy Digital Downloads - Aelia Currency Switcher: Venda globalmente, pague localmente<\/h2><p>En <strong>Aelia Currency Switcher para Easy Digital Downloads<\/strong> elimina las barreras monetarias y aumenta las conversiones al instante. Por ejemplo, los visitantes internacionales ven autom\u00e1ticamente los precios en su moneda local, mientras que el complemento actualiza las tarifas en tiempo real. En consecuencia, llegar\u00e1 a m\u00e1s clientes y aumentar\u00e1 las ventas sin esfuerzo adicional.<\/p><h3>Experiencia multidivisa instant\u00e1nea<\/h3><p>Aelia detecta la ubicaci\u00f3n de cada visitante y muestra los precios en su moneda preferida de inmediato. Tambi\u00e9n puede permitir que los usuarios cambien de divisa manualmente con un elegante widget o desplegable. Adem\u00e1s, el plugin gestiona las reglas de redondeo, los precios personalizados por divisa y los c\u00e1lculos de impuestos con precisi\u00f3n para cada regi\u00f3n.<\/p><h3>\u00bfPor qu\u00e9 elegir Aelia Currency Switcher?<\/h3><ul><li><strong>Detecci\u00f3n de geolocalizaci\u00f3n:<\/strong> Los clientes llegan a su tienda y ven al instante precios que les resultan familiares.<\/li><li><strong>Tipos de cambio en tiempo real:<\/strong> Las actualizaciones autom\u00e1ticas de fuentes fiables mantienen los precios exactos.<\/li><li><strong>Control flexible de precios:<\/strong> Establezca diferentes precios por moneda cuando sea necesario.<\/li><li><strong>Integraci\u00f3n perfecta con EDD:<\/strong> Funciona perfectamente con descuentos, cupones y pagos peri\u00f3dicos.<\/li><li><strong>Precioso cambiador de divisas:<\/strong> A\u00f1\u00e1dalo a cabeceras, barras laterales o p\u00e1ginas de pago.<\/li><\/ul><h3>Perfecto para tiendas digitales globales<\/h3><p>Tanto si vendes software, libros electr\u00f3nicos, m\u00fasica o cursos, Aelia te ayuda a expandirte por todo el mundo. Por ejemplo, comb\u00ednelo con potentes herramientas SEO como <a href=\"https:\/\/allwintheme.com\/es\/producto\/rank-math-seo-pro\/\">Rank Math SEO Pro<\/a> para atraer a\u00fan m\u00e1s tr\u00e1fico internacional. Realice un seguimiento de todo sin esfuerzo utilizando el <a href=\"https:\/\/allwintheme.com\/es\/producto\/mainwp-extension-de-google-analytics\/\">MainWP Extensi\u00f3n de Google Analytics<\/a>.<\/p><h3>\u00bfNecesita m\u00e1s ayuda para hacer crecer su tienda?<\/h3><p>Explora profesional <a href=\"https:\/\/allwintheme.com\/es\/desarrollo-de-sitios-web\/\">servicios de desarrollo web<\/a> o \u00fanete a uno de nuestros asequibles <a href=\"https:\/\/allwintheme.com\/es\/membresias\/\">planes de afiliaci\u00f3n<\/a> para conseguir plugins premium a precios inmejorables. Para conocer los \u00faltimos consejos y ofertas sobre WordPress, visita <a href=\"https:\/\/www.wpkvip.com\">WPKVIP<\/a>.<\/p><h3>Comience hoy mismo a vender en varias divisas<\/h3><p>Instale <strong>Descargas Digitales F\u00e1ciles - Aelia Currency Switcher<\/strong> ahora y vea c\u00f3mo crecen sus ventas globales. Por lo tanto, convierta a los navegantes en compradores hablando su moneda, \u00a1literalmente!<\/p>\n\t\t\t\t\t<\/div>\n\t\t\t\t\t\t<\/div>\n\t\t\t\t<\/div>\n\t\t\t\t\t<\/div>\n\t\t\t\t<\/div>\n\t\t<div class=\"wd-negative-gap elementor-element elementor-element-e0896fb e-flex e-con-boxed e-con e-parent\" data-id=\"e0896fb\" data-element_type=\"container\" data-e-type=\"container\">\n\t\t\t\t\t<div class=\"e-con-inner\">\n\t\t\t\t<div class=\"elementor-element elementor-element-0c7b16a elementor-widget elementor-widget-video\" data-id=\"0c7b16a\" data-element_type=\"widget\" data-e-type=\"widget\" data-settings=\"{&quot;youtube_url&quot;:&quot;https:\\\/\\\/youtu.be\\\/H0jgXn7drzk&quot;,&quot;video_type&quot;:&quot;youtube&quot;,&quot;controls&quot;:&quot;yes&quot;}\" data-widget_type=\"video.default\">\n\t\t\t\t\t\t\t<div class=\"elementor-wrapper elementor-open-inline\">\n\t\t\t<div class=\"elementor-video\"><\/div>\t\t<\/div>\n\t\t\t\t\t\t<\/div>\n\t\t\t\t\t<\/div>\n\t\t\t\t<\/div>\n\t\t\t\t<\/div>","protected":false},"excerpt":{"rendered":"<p>Easy Digital Downloads \u2013 Aelia Currency Switcher: Sell Globally, Pay Locally The Aelia Currency Switcher for Easy Digital Downloads removes<\/p>","protected":false},"featured_media":12791,"comment_status":"open","ping_status":"closed","template":"","meta":{"_acf_changed":false},"product_brand":[],"product_cat":[49],"product_tag":[],"class_list":{"0":"post-12790","1":"product","2":"type-product","3":"status-publish","4":"has-post-thumbnail","6":"product_cat-plugins","8":"first","9":"instock","10":"sale","11":"downloadable","12":"shipping-taxable","13":"purchasable","14":"product-type-simple"},"acf":[],"yoast_head":"<!-- This site is optimized with the Yoast SEO Premium plugin v25.6 (Yoast SEO v27.1.1) - https:\/\/yoast.com\/product\/yoast-seo-premium-wordpress\/ -->\n<title>Easy Digital Downloads \u2013 Aelia Currency Switcher - AllWin Theme \u2013 Free WordPress Themes Download<\/title>\n<meta name=\"description\" content=\"Let customers shop in their local currency with Aelia Currency Switcher for Easy Digital Downloads. Automatic geolocation, real-time rates, and seamless multi-currency support.\" \/>\n<meta name=\"robots\" content=\"index, follow, max-snippet:-1, max-image-preview:large, max-video-preview:-1\" \/>\n<link rel=\"canonical\" href=\"https:\/\/allwintheme.com\/es\/producto\/easy-digital-downloads-aelia-currency-switcher\/\" \/>\n<meta property=\"og:locale\" content=\"es_ES\" \/>\n<meta property=\"og:type\" content=\"article\" \/>\n<meta property=\"og:title\" content=\"Easy Digital Downloads \u2013 Aelia Currency Switcher\" \/>\n<meta property=\"og:description\" content=\"Let customers shop in their local currency with Aelia Currency Switcher for Easy Digital Downloads. Automatic geolocation, real-time rates, and seamless multi-currency support.\" \/>\n<meta property=\"og:url\" content=\"https:\/\/allwintheme.com\/es\/producto\/easy-digital-downloads-aelia-currency-switcher\/\" \/>\n<meta property=\"og:site_name\" content=\"AllWin Theme \u2013 Free WordPress Themes Download\" \/>\n<meta property=\"article:modified_time\" content=\"2025-11-24T02:32:23+00:00\" \/>\n<meta property=\"og:image\" content=\"https:\/\/allwintheme.com\/wp-content\/uploads\/2025\/11\/Easy-Digital-Downloads-\u2013-Aelia-Currency-Switcher.png\" \/>\n\t<meta property=\"og:image:width\" content=\"590\" \/>\n\t<meta property=\"og:image:height\" content=\"300\" \/>\n\t<meta property=\"og:image:type\" content=\"image\/png\" \/>\n<meta name=\"twitter:card\" content=\"summary_large_image\" \/>\n<meta name=\"twitter:label1\" content=\"Tiempo estimado de lectura\" \/>\n\t<meta name=\"twitter:data1\" content=\"2 minutos\" \/>\n<script type=\"application\/ld+json\" class=\"yoast-schema-graph\">{\"@context\":\"https:\/\/schema.org\",\"@graph\":[{\"@type\":\"WebPage\",\"@id\":\"https:\/\/allwintheme.com\/product\/easy-digital-downloads-aelia-currency-switcher\/\",\"url\":\"https:\/\/allwintheme.com\/product\/easy-digital-downloads-aelia-currency-switcher\/\",\"name\":\"Easy Digital Downloads \u2013 Aelia Currency Switcher - AllWin Theme \u2013 Free WordPress Themes Download\",\"isPartOf\":{\"@id\":\"https:\/\/allwintheme.com\/#website\"},\"primaryImageOfPage\":{\"@id\":\"https:\/\/allwintheme.com\/product\/easy-digital-downloads-aelia-currency-switcher\/#primaryimage\"},\"image\":{\"@id\":\"https:\/\/allwintheme.com\/product\/easy-digital-downloads-aelia-currency-switcher\/#primaryimage\"},\"thumbnailUrl\":\"https:\/\/allwintheme.com\/wp-content\/uploads\/2025\/11\/Easy-Digital-Downloads-\u2013-Aelia-Currency-Switcher.png\",\"datePublished\":\"2025-11-24T02:14:31+00:00\",\"dateModified\":\"2025-11-24T02:32:23+00:00\",\"description\":\"Let customers shop in their local currency with Aelia Currency Switcher for Easy Digital Downloads. Automatic geolocation, real-time rates, and seamless multi-currency support.\",\"breadcrumb\":{\"@id\":\"https:\/\/allwintheme.com\/product\/easy-digital-downloads-aelia-currency-switcher\/#breadcrumb\"},\"inLanguage\":\"es-CL\",\"potentialAction\":[{\"@type\":\"ReadAction\",\"target\":[\"https:\/\/allwintheme.com\/product\/easy-digital-downloads-aelia-currency-switcher\/\"]}]},{\"@type\":\"ImageObject\",\"inLanguage\":\"es-CL\",\"@id\":\"https:\/\/allwintheme.com\/product\/easy-digital-downloads-aelia-currency-switcher\/#primaryimage\",\"url\":\"https:\/\/allwintheme.com\/wp-content\/uploads\/2025\/11\/Easy-Digital-Downloads-\u2013-Aelia-Currency-Switcher.png\",\"contentUrl\":\"https:\/\/allwintheme.com\/wp-content\/uploads\/2025\/11\/Easy-Digital-Downloads-\u2013-Aelia-Currency-Switcher.png\",\"width\":590,\"height\":300,\"caption\":\"Easy Digital Downloads \u2013 Aelia Currency Switcher\"},{\"@type\":\"BreadcrumbList\",\"@id\":\"https:\/\/allwintheme.com\/product\/easy-digital-downloads-aelia-currency-switcher\/#breadcrumb\",\"itemListElement\":[{\"@type\":\"ListItem\",\"position\":1,\"name\":\"Home\",\"item\":\"https:\/\/allwintheme.com\/\"},{\"@type\":\"ListItem\",\"position\":2,\"name\":\"Shop\",\"item\":\"https:\/\/allwintheme.com\/shop\/\"},{\"@type\":\"ListItem\",\"position\":3,\"name\":\"Easy Digital Downloads \u2013 Aelia Currency Switcher\"}]},{\"@type\":\"WebSite\",\"@id\":\"https:\/\/allwintheme.com\/#website\",\"url\":\"https:\/\/allwintheme.com\/\",\"name\":\"Allwintheme\",\"description\":\"Download free WordPress themes for every niche. Blogs, business, eCommerce, portfolio, restaurant and more. All themes are GPL licensed and mobile-ready.\",\"potentialAction\":[{\"@type\":\"SearchAction\",\"target\":{\"@type\":\"EntryPoint\",\"urlTemplate\":\"https:\/\/allwintheme.com\/?s={search_term_string}\"},\"query-input\":{\"@type\":\"PropertyValueSpecification\",\"valueRequired\":true,\"valueName\":\"search_term_string\"}}],\"inLanguage\":\"es-CL\"}]}<\/script>\n<!-- \/ Yoast SEO Premium plugin. -->","yoast_head_json":{"title":"Easy Digital Downloads \u2013 Aelia Currency Switcher - AllWin Theme \u2013 Free WordPress Themes Download","description":"Deje que los clientes compren en su moneda local con Aelia Currency Switcher para Easy Digital Downloads. Geolocalizaci\u00f3n autom\u00e1tica, tarifas en tiempo real y compatibilidad multidivisa sin fisuras.","robots":{"index":"index","follow":"follow","max-snippet":"max-snippet:-1","max-image-preview":"max-image-preview:large","max-video-preview":"max-video-preview:-1"},"canonical":"https:\/\/allwintheme.com\/es\/producto\/easy-digital-downloads-aelia-currency-switcher\/","og_locale":"es_ES","og_type":"article","og_title":"Easy Digital Downloads \u2013 Aelia Currency Switcher","og_description":"Let customers shop in their local currency with Aelia Currency Switcher for Easy Digital Downloads. Automatic geolocation, real-time rates, and seamless multi-currency support.","og_url":"https:\/\/allwintheme.com\/es\/producto\/easy-digital-downloads-aelia-currency-switcher\/","og_site_name":"AllWin Theme \u2013 Free WordPress Themes Download","article_modified_time":"2025-11-24T02:32:23+00:00","og_image":[{"width":590,"height":300,"url":"https:\/\/allwintheme.com\/wp-content\/uploads\/2025\/11\/Easy-Digital-Downloads-\u2013-Aelia-Currency-Switcher.png","type":"image\/png"}],"twitter_card":"summary_large_image","twitter_misc":{"Tiempo estimado de lectura":"2 minutos"},"schema":{"@context":"https:\/\/schema.org","@graph":[{"@type":"WebPage","@id":"https:\/\/allwintheme.com\/product\/easy-digital-downloads-aelia-currency-switcher\/","url":"https:\/\/allwintheme.com\/product\/easy-digital-downloads-aelia-currency-switcher\/","name":"Easy Digital Downloads \u2013 Aelia Currency Switcher - AllWin Theme \u2013 Free WordPress Themes Download","isPartOf":{"@id":"https:\/\/allwintheme.com\/#website"},"primaryImageOfPage":{"@id":"https:\/\/allwintheme.com\/product\/easy-digital-downloads-aelia-currency-switcher\/#primaryimage"},"image":{"@id":"https:\/\/allwintheme.com\/product\/easy-digital-downloads-aelia-currency-switcher\/#primaryimage"},"thumbnailUrl":"https:\/\/allwintheme.com\/wp-content\/uploads\/2025\/11\/Easy-Digital-Downloads-\u2013-Aelia-Currency-Switcher.png","datePublished":"2025-11-24T02:14:31+00:00","dateModified":"2025-11-24T02:32:23+00:00","description":"Deje que los clientes compren en su moneda local con Aelia Currency Switcher para Easy Digital Downloads. Geolocalizaci\u00f3n autom\u00e1tica, tarifas en tiempo real y compatibilidad multidivisa sin fisuras.","breadcrumb":{"@id":"https:\/\/allwintheme.com\/product\/easy-digital-downloads-aelia-currency-switcher\/#breadcrumb"},"inLanguage":"es-CL","potentialAction":[{"@type":"ReadAction","target":["https:\/\/allwintheme.com\/product\/easy-digital-downloads-aelia-currency-switcher\/"]}]},{"@type":"ImageObject","inLanguage":"es-CL","@id":"https:\/\/allwintheme.com\/product\/easy-digital-downloads-aelia-currency-switcher\/#primaryimage","url":"https:\/\/allwintheme.com\/wp-content\/uploads\/2025\/11\/Easy-Digital-Downloads-\u2013-Aelia-Currency-Switcher.png","contentUrl":"https:\/\/allwintheme.com\/wp-content\/uploads\/2025\/11\/Easy-Digital-Downloads-\u2013-Aelia-Currency-Switcher.png","width":590,"height":300,"caption":"Easy Digital Downloads \u2013 Aelia Currency Switcher"},{"@type":"BreadcrumbList","@id":"https:\/\/allwintheme.com\/product\/easy-digital-downloads-aelia-currency-switcher\/#breadcrumb","itemListElement":[{"@type":"ListItem","position":1,"name":"Home","item":"https:\/\/allwintheme.com\/"},{"@type":"ListItem","position":2,"name":"Shop","item":"https:\/\/allwintheme.com\/shop\/"},{"@type":"ListItem","position":3,"name":"Easy Digital Downloads \u2013 Aelia Currency Switcher"}]},{"@type":"WebSite","@id":"https:\/\/allwintheme.com\/#website","url":"https:\/\/allwintheme.com\/","name":"Allwintheme","description":"Descarga gratis temas de WordPress para todos los nichos. Blogs, negocios, comercio electr\u00f3nico, portafolio, restaurante y m\u00e1s. Todos los temas tienen licencia GPL y est\u00e1n preparados para dispositivos m\u00f3viles.","potentialAction":[{"@type":"SearchAction","target":{"@type":"EntryPoint","urlTemplate":"https:\/\/allwintheme.com\/?s={search_term_string}"},"query-input":{"@type":"PropertyValueSpecification","valueRequired":true,"valueName":"search_term_string"}}],"inLanguage":"es-CL"}]}},"_links":{"self":[{"href":"https:\/\/allwintheme.com\/es\/wp-json\/wp\/v2\/product\/12790","targetHints":{"allow":["GET"]}}],"collection":[{"href":"https:\/\/allwintheme.com\/es\/wp-json\/wp\/v2\/product"}],"about":[{"href":"https:\/\/allwintheme.com\/es\/wp-json\/wp\/v2\/types\/product"}],"replies":[{"embeddable":true,"href":"https:\/\/allwintheme.com\/es\/wp-json\/wp\/v2\/comments?post=12790"}],"version-history":[{"count":5,"href":"https:\/\/allwintheme.com\/es\/wp-json\/wp\/v2\/product\/12790\/revisions"}],"predecessor-version":[{"id":12796,"href":"https:\/\/allwintheme.com\/es\/wp-json\/wp\/v2\/product\/12790\/revisions\/12796"}],"wp:featuredmedia":[{"embeddable":true,"href":"https:\/\/allwintheme.com\/es\/wp-json\/wp\/v2\/media\/12791"}],"wp:attachment":[{"href":"https:\/\/allwintheme.com\/es\/wp-json\/wp\/v2\/media?parent=12790"}],"wp:term":[{"taxonomy":"product_brand","embeddable":true,"href":"https:\/\/allwintheme.com\/es\/wp-json\/wp\/v2\/product_brand?post=12790"},{"taxonomy":"product_cat","embeddable":true,"href":"https:\/\/allwintheme.com\/es\/wp-json\/wp\/v2\/product_cat?post=12790"},{"taxonomy":"product_tag","embeddable":true,"href":"https:\/\/allwintheme.com\/es\/wp-json\/wp\/v2\/product_tag?post=12790"}],"curies":[{"name":"wp","href":"https:\/\/api.w.org\/{rel}","templated":true}]}}