{"id":12806,"date":"2025-11-24T02:44:42","date_gmt":"2025-11-24T02:44:42","guid":{"rendered":"https:\/\/allwintheme.com\/?post_type=product&#038;p=12806"},"modified":"2025-11-24T02:56:01","modified_gmt":"2025-11-24T02:56:01","slug":"personalizador-de-productos-web-to-print-nbdesigner","status":"publish","type":"product","link":"https:\/\/allwintheme.com\/es\/producto\/personalizador-de-productos-web-to-print-nbdesigner\/","title":{"rendered":"NBDesigner - Personalizador de productos de la Web a la imprenta"},"content":{"rendered":"<div data-elementor-type=\"wp-post\" data-elementor-id=\"12806\" class=\"elementor elementor-12806\" data-elementor-settings=\"{&quot;element_pack_global_tooltip_width&quot;:{&quot;unit&quot;:&quot;px&quot;,&quot;size&quot;:&quot;&quot;,&quot;sizes&quot;:[]},&quot;element_pack_global_tooltip_width_tablet&quot;:{&quot;unit&quot;:&quot;px&quot;,&quot;size&quot;:&quot;&quot;,&quot;sizes&quot;:[]},&quot;element_pack_global_tooltip_width_mobile&quot;:{&quot;unit&quot;:&quot;px&quot;,&quot;size&quot;:&quot;&quot;,&quot;sizes&quot;:[]},&quot;element_pack_global_tooltip_padding&quot;:{&quot;unit&quot;:&quot;px&quot;,&quot;top&quot;:&quot;&quot;,&quot;right&quot;:&quot;&quot;,&quot;bottom&quot;:&quot;&quot;,&quot;left&quot;:&quot;&quot;,&quot;isLinked&quot;:true},&quot;element_pack_global_tooltip_padding_tablet&quot;:{&quot;unit&quot;:&quot;px&quot;,&quot;top&quot;:&quot;&quot;,&quot;right&quot;:&quot;&quot;,&quot;bottom&quot;:&quot;&quot;,&quot;left&quot;:&quot;&quot;,&quot;isLinked&quot;:true},&quot;element_pack_global_tooltip_padding_mobile&quot;:{&quot;unit&quot;:&quot;px&quot;,&quot;top&quot;:&quot;&quot;,&quot;right&quot;:&quot;&quot;,&quot;bottom&quot;:&quot;&quot;,&quot;left&quot;:&quot;&quot;,&quot;isLinked&quot;:true},&quot;element_pack_global_tooltip_border_radius&quot;:{&quot;unit&quot;:&quot;px&quot;,&quot;top&quot;:&quot;&quot;,&quot;right&quot;:&quot;&quot;,&quot;bottom&quot;:&quot;&quot;,&quot;left&quot;:&quot;&quot;,&quot;isLinked&quot;:true},&quot;element_pack_global_tooltip_border_radius_tablet&quot;:{&quot;unit&quot;:&quot;px&quot;,&quot;top&quot;:&quot;&quot;,&quot;right&quot;:&quot;&quot;,&quot;bottom&quot;:&quot;&quot;,&quot;left&quot;:&quot;&quot;,&quot;isLinked&quot;:true},&quot;element_pack_global_tooltip_border_radius_mobile&quot;:{&quot;unit&quot;:&quot;px&quot;,&quot;top&quot;:&quot;&quot;,&quot;right&quot;:&quot;&quot;,&quot;bottom&quot;:&quot;&quot;,&quot;left&quot;:&quot;&quot;,&quot;isLinked&quot;:true}}\" data-elementor-post-type=\"product\">\n\t\t\t\t<div class=\"wd-negative-gap elementor-element elementor-element-116794f e-flex e-con-boxed e-con e-parent\" data-id=\"116794f\" data-element_type=\"container\" data-e-type=\"container\">\n\t\t\t\t\t<div class=\"e-con-inner\">\n\t\t\t\t<div class=\"elementor-element elementor-element-03d2133 elementor-widget elementor-widget-wd_text_block\" data-id=\"03d2133\" data-element_type=\"widget\" data-e-type=\"widget\" data-widget_type=\"wd_text_block.default\">\n\t\t\t\t<div class=\"elementor-widget-container\">\n\t\t\t\t\t\t\t<div class=\"wd-text-block reset-last-child text-left\">\n\t\t\t\n\t\t\t<h2>NBDesigner: Revolucionar la personalizaci\u00f3n de la Web a la impresi\u00f3n<\/h2>\n<p>En <strong>NBDesigner - Personalizador de productos de la Web a la imprenta<\/strong> transforma su tienda en l\u00ednea en un centro creativo. Por ejemplo, los propietarios de comercios electr\u00f3nicos utilizan activamente este complemento para permitir a los clientes dise\u00f1ar productos como camisetas, tazas o carteles en tiempo real. De este modo, aumentas la participaci\u00f3n y las ventas al ofrecer experiencias personalizadas que destacan en un mercado saturado.<\/p>\n\n<h3>Estudio de dise\u00f1o sin fisuras para sus clientes<\/h3>\n<p>NBDesigner ofrece una interfaz intuitiva de arrastrar y soltar en la que los usuarios cargan im\u00e1genes, a\u00f1aden texto y superponen elementos sin esfuerzo. Se integra sin problemas con WooCommerce, por lo que los clientes ven vistas previas en vivo antes de pagar. Adem\u00e1s, herramientas avanzadas como las bibliotecas de im\u00e1genes predise\u00f1adas y los selectores de color garantizan resultados profesionales sin necesidad de tener conocimientos de dise\u00f1o.<\/p>\n\n<h3>\u00bfPor qu\u00e9 elegir NBDesigner?<\/h3>\n<ul>\n    <li><strong>Previsualizaciones en tiempo real:<\/strong> Los clientes visualizan los dise\u00f1os al instante, lo que reduce los errores y el abandono de carritos.<\/li>\n    <li><strong>Gesti\u00f3n de capas:<\/strong> La compatibilidad con m\u00faltiples capas, fuentes y formas permite personalizaciones complejas.<\/li>\n    <li><strong>Salida lista para imprimir:<\/strong> Genere archivos de alta resoluci\u00f3n optimizados para servicios de impresi\u00f3n profesionales.<\/li>\n    <li><strong>Compatibilidad con WooCommerce:<\/strong> A\u00f1ada sin problemas productos personalizados a su cesta con precios din\u00e1micos.<\/li>\n    <li><strong>Controles administrativos:<\/strong> Puede establecer reglas de dise\u00f1o, plantillas y restricciones desde su panel de control para una supervisi\u00f3n total.<\/li>\n<\/ul>\n\n<h3>Mejore sus herramientas de desarrollo web<\/h3>\n<p>Tanto si est\u00e1 creando soluciones de comercio electr\u00f3nico personalizadas como explorando la impresi\u00f3n bajo demanda, NBDesigner encaja a la perfecci\u00f3n. Por ejemplo, comb\u00ednelo con herramientas de divisas para ventas globales o plugins de optimizaci\u00f3n para cargas m\u00e1s r\u00e1pidas. Como resultado, su sitio ofrecer\u00e1 una experiencia pulida y centrada en el usuario que impulsar\u00e1 las conversiones.<\/p>\n\n<h3>Descubra m\u00e1s recursos<\/h3>\n<p>Consejos de expertos sobre <a href=\"https:\/\/allwintheme.com\/es\/desarrollo-de-sitios-web\/\">desarrollo de sitios web<\/a> para elevar sus proyectos. Eche un vistazo al <a href=\"https:\/\/allwintheme.com\/es\/producto\/easy-digital-downloads-conversor-de-divisas\/\">Conversor de divisas de Easy Digital Downloads<\/a> para soporte multidivisa. Sum\u00e9rgete en <a href=\"https:\/\/allwintheme.com\/es\/2025\/08\/03\/caracteristicas-de-elementor-pro\/\">Caracter\u00edsticas de Elementor Pro<\/a> para dise\u00f1os din\u00e1micos. Y optimice el rendimiento con <a href=\"https:\/\/allwintheme.com\/es\/producto\/cohete-wp\/\">Cohete WP<\/a>. Para m\u00e1s informaci\u00f3n sobre WordPress, visite <a href=\"https:\/\/www.wpkvip.com\/\">WPKVIP<\/a>.<\/p>\n\n<h3>Lanzar dise\u00f1os personalizados hoy mismo<\/h3>\n<p>Desbloquea infinitas posibilidades con <strong>NBDesigner - Personalizador de productos de la Web a la imprenta<\/strong>. Por lo tanto, inst\u00e1lelo ahora y observe c\u00f3mo sus clientes crean obras maestras que impulsan el crecimiento de su negocio.\n\t\t\t\t\t<\/div>\n\t\t\t\t\t\t<\/div>\n\t\t\t\t<\/div>\n\t\t\t\t\t<\/div>\n\t\t\t\t<\/div>\n\t\t<div class=\"wd-negative-gap elementor-element elementor-element-e0896fb e-flex e-con-boxed e-con e-parent\" data-id=\"e0896fb\" data-element_type=\"container\" data-e-type=\"container\">\n\t\t\t\t\t<div class=\"e-con-inner\">\n\t\t\t\t<div class=\"elementor-element elementor-element-0c7b16a elementor-widget elementor-widget-video\" data-id=\"0c7b16a\" data-element_type=\"widget\" data-e-type=\"widget\" data-settings=\"{&quot;video_type&quot;:&quot;vimeo&quot;}\" data-widget_type=\"video.default\">\n\t\t\t\t\t\t\t<div class=\"elementor-wrapper elementor-open-inline\">\n\t\t\t<iframe class=\"elementor-video-iframe\" allowfullscreen allow=\"clipboard-write\" title=\"Reproductor de v\u00eddeo vimeo\" src=\"https:\/\/player.vimeo.com\/video\/646303425?color&amp;autopause=0&amp;loop=0&amp;muted=0&amp;title=1&amp;portrait=1&amp;byline=1#t=\"><\/iframe>\t\t<\/div>\n\t\t\t\t\t\t<\/div>\n\t\t\t\t\t<\/div>\n\t\t\t\t<\/div>\n\t\t\t\t<\/div>","protected":false},"excerpt":{"rendered":"<p>NBDesigner: Revolutionize Web-to-Print Customization The NBDesigner \u2013 Web to Print Product Customizer transforms your online store into a creative powerhouse.<\/p>","protected":false},"featured_media":12807,"comment_status":"open","ping_status":"closed","template":"","meta":{"_acf_changed":false},"product_brand":[],"product_cat":[49],"product_tag":[],"class_list":{"0":"post-12806","1":"product","2":"type-product","3":"status-publish","4":"has-post-thumbnail","6":"product_cat-plugins","8":"first","9":"instock","10":"sale","11":"downloadable","12":"shipping-taxable","13":"purchasable","14":"product-type-simple"},"acf":[],"yoast_head":"<!-- This site is optimized with the Yoast SEO Premium plugin v25.6 (Yoast SEO v27.1.1) - https:\/\/yoast.com\/product\/yoast-seo-premium-wordpress\/ -->\n<title>NBDesigner \u2013 Web to Print Product Customizer - AllWin Theme \u2013 Free WordPress Themes Download<\/title>\n<meta name=\"description\" content=\"Empower your e-commerce with NBDesigner: A robust web-to-print tool for custom product design. Real-time previews, layers, and WooCommerce integration.\" \/>\n<meta name=\"robots\" content=\"index, follow, max-snippet:-1, max-image-preview:large, max-video-preview:-1\" \/>\n<link rel=\"canonical\" href=\"https:\/\/allwintheme.com\/es\/producto\/personalizador-de-productos-web-to-print-nbdesigner\/\" \/>\n<meta property=\"og:locale\" content=\"es_ES\" \/>\n<meta property=\"og:type\" content=\"article\" \/>\n<meta property=\"og:title\" content=\"NBDesigner \u2013 Web to Print Product Customizer\" \/>\n<meta property=\"og:description\" content=\"Empower your e-commerce with NBDesigner: A robust web-to-print tool for custom product design. Real-time previews, layers, and WooCommerce integration.\" \/>\n<meta property=\"og:url\" content=\"https:\/\/allwintheme.com\/es\/producto\/personalizador-de-productos-web-to-print-nbdesigner\/\" \/>\n<meta property=\"og:site_name\" content=\"AllWin Theme \u2013 Free WordPress Themes Download\" \/>\n<meta property=\"article:modified_time\" content=\"2025-11-24T02:56:01+00:00\" \/>\n<meta property=\"og:image\" content=\"https:\/\/allwintheme.com\/wp-content\/uploads\/2025\/11\/NBDesigner-\u2013-Web-to-Print-Product-Customizer.png\" \/>\n\t<meta property=\"og:image:width\" content=\"590\" \/>\n\t<meta property=\"og:image:height\" content=\"300\" \/>\n\t<meta property=\"og:image:type\" content=\"image\/png\" \/>\n<meta name=\"twitter:card\" content=\"summary_large_image\" \/>\n<meta name=\"twitter:label1\" content=\"Tiempo estimado de lectura\" \/>\n\t<meta name=\"twitter:data1\" content=\"2 minutos\" \/>\n<script type=\"application\/ld+json\" class=\"yoast-schema-graph\">{\"@context\":\"https:\/\/schema.org\",\"@graph\":[{\"@type\":\"WebPage\",\"@id\":\"https:\/\/allwintheme.com\/product\/nbdesigner-web-to-print-product-customizer\/\",\"url\":\"https:\/\/allwintheme.com\/product\/nbdesigner-web-to-print-product-customizer\/\",\"name\":\"NBDesigner \u2013 Web to Print Product Customizer - AllWin Theme \u2013 Free WordPress Themes Download\",\"isPartOf\":{\"@id\":\"https:\/\/allwintheme.com\/#website\"},\"primaryImageOfPage\":{\"@id\":\"https:\/\/allwintheme.com\/product\/nbdesigner-web-to-print-product-customizer\/#primaryimage\"},\"image\":{\"@id\":\"https:\/\/allwintheme.com\/product\/nbdesigner-web-to-print-product-customizer\/#primaryimage\"},\"thumbnailUrl\":\"https:\/\/allwintheme.com\/wp-content\/uploads\/2025\/11\/NBDesigner-\u2013-Web-to-Print-Product-Customizer.png\",\"datePublished\":\"2025-11-24T02:44:42+00:00\",\"dateModified\":\"2025-11-24T02:56:01+00:00\",\"description\":\"Empower your e-commerce with NBDesigner: A robust web-to-print tool for custom product design. Real-time previews, layers, and WooCommerce integration.\",\"breadcrumb\":{\"@id\":\"https:\/\/allwintheme.com\/product\/nbdesigner-web-to-print-product-customizer\/#breadcrumb\"},\"inLanguage\":\"es-CL\",\"potentialAction\":[{\"@type\":\"ReadAction\",\"target\":[\"https:\/\/allwintheme.com\/product\/nbdesigner-web-to-print-product-customizer\/\"]}]},{\"@type\":\"ImageObject\",\"inLanguage\":\"es-CL\",\"@id\":\"https:\/\/allwintheme.com\/product\/nbdesigner-web-to-print-product-customizer\/#primaryimage\",\"url\":\"https:\/\/allwintheme.com\/wp-content\/uploads\/2025\/11\/NBDesigner-\u2013-Web-to-Print-Product-Customizer.png\",\"contentUrl\":\"https:\/\/allwintheme.com\/wp-content\/uploads\/2025\/11\/NBDesigner-\u2013-Web-to-Print-Product-Customizer.png\",\"width\":590,\"height\":300,\"caption\":\"NBDesigner \u2013 Web to Print Product Customizer\"},{\"@type\":\"BreadcrumbList\",\"@id\":\"https:\/\/allwintheme.com\/product\/nbdesigner-web-to-print-product-customizer\/#breadcrumb\",\"itemListElement\":[{\"@type\":\"ListItem\",\"position\":1,\"name\":\"Home\",\"item\":\"https:\/\/allwintheme.com\/\"},{\"@type\":\"ListItem\",\"position\":2,\"name\":\"Shop\",\"item\":\"https:\/\/allwintheme.com\/shop\/\"},{\"@type\":\"ListItem\",\"position\":3,\"name\":\"NBDesigner \u2013 Web to Print Product Customizer\"}]},{\"@type\":\"WebSite\",\"@id\":\"https:\/\/allwintheme.com\/#website\",\"url\":\"https:\/\/allwintheme.com\/\",\"name\":\"Allwintheme\",\"description\":\"Download free WordPress themes for every niche. Blogs, business, eCommerce, portfolio, restaurant and more. All themes are GPL licensed and mobile-ready.\",\"potentialAction\":[{\"@type\":\"SearchAction\",\"target\":{\"@type\":\"EntryPoint\",\"urlTemplate\":\"https:\/\/allwintheme.com\/?s={search_term_string}\"},\"query-input\":{\"@type\":\"PropertyValueSpecification\",\"valueRequired\":true,\"valueName\":\"search_term_string\"}}],\"inLanguage\":\"es-CL\"}]}<\/script>\n<!-- \/ Yoast SEO Premium plugin. -->","yoast_head_json":{"title":"NBDesigner \u2013 Web to Print Product Customizer - AllWin Theme \u2013 Free WordPress Themes Download","description":"Potencie su comercio electr\u00f3nico con NBDesigner: Una robusta herramienta web-to-print para el dise\u00f1o de productos personalizados. Vistas previas en tiempo real, capas e integraci\u00f3n con WooCommerce.","robots":{"index":"index","follow":"follow","max-snippet":"max-snippet:-1","max-image-preview":"max-image-preview:large","max-video-preview":"max-video-preview:-1"},"canonical":"https:\/\/allwintheme.com\/es\/producto\/personalizador-de-productos-web-to-print-nbdesigner\/","og_locale":"es_ES","og_type":"article","og_title":"NBDesigner \u2013 Web to Print Product Customizer","og_description":"Empower your e-commerce with NBDesigner: A robust web-to-print tool for custom product design. Real-time previews, layers, and WooCommerce integration.","og_url":"https:\/\/allwintheme.com\/es\/producto\/personalizador-de-productos-web-to-print-nbdesigner\/","og_site_name":"AllWin Theme \u2013 Free WordPress Themes Download","article_modified_time":"2025-11-24T02:56:01+00:00","og_image":[{"width":590,"height":300,"url":"https:\/\/allwintheme.com\/wp-content\/uploads\/2025\/11\/NBDesigner-\u2013-Web-to-Print-Product-Customizer.png","type":"image\/png"}],"twitter_card":"summary_large_image","twitter_misc":{"Tiempo estimado de lectura":"2 minutos"},"schema":{"@context":"https:\/\/schema.org","@graph":[{"@type":"WebPage","@id":"https:\/\/allwintheme.com\/product\/nbdesigner-web-to-print-product-customizer\/","url":"https:\/\/allwintheme.com\/product\/nbdesigner-web-to-print-product-customizer\/","name":"NBDesigner \u2013 Web to Print Product Customizer - AllWin Theme \u2013 Free WordPress Themes Download","isPartOf":{"@id":"https:\/\/allwintheme.com\/#website"},"primaryImageOfPage":{"@id":"https:\/\/allwintheme.com\/product\/nbdesigner-web-to-print-product-customizer\/#primaryimage"},"image":{"@id":"https:\/\/allwintheme.com\/product\/nbdesigner-web-to-print-product-customizer\/#primaryimage"},"thumbnailUrl":"https:\/\/allwintheme.com\/wp-content\/uploads\/2025\/11\/NBDesigner-\u2013-Web-to-Print-Product-Customizer.png","datePublished":"2025-11-24T02:44:42+00:00","dateModified":"2025-11-24T02:56:01+00:00","description":"Potencie su comercio electr\u00f3nico con NBDesigner: Una robusta herramienta web-to-print para el dise\u00f1o de productos personalizados. Vistas previas en tiempo real, capas e integraci\u00f3n con WooCommerce.","breadcrumb":{"@id":"https:\/\/allwintheme.com\/product\/nbdesigner-web-to-print-product-customizer\/#breadcrumb"},"inLanguage":"es-CL","potentialAction":[{"@type":"ReadAction","target":["https:\/\/allwintheme.com\/product\/nbdesigner-web-to-print-product-customizer\/"]}]},{"@type":"ImageObject","inLanguage":"es-CL","@id":"https:\/\/allwintheme.com\/product\/nbdesigner-web-to-print-product-customizer\/#primaryimage","url":"https:\/\/allwintheme.com\/wp-content\/uploads\/2025\/11\/NBDesigner-\u2013-Web-to-Print-Product-Customizer.png","contentUrl":"https:\/\/allwintheme.com\/wp-content\/uploads\/2025\/11\/NBDesigner-\u2013-Web-to-Print-Product-Customizer.png","width":590,"height":300,"caption":"NBDesigner \u2013 Web to Print Product Customizer"},{"@type":"BreadcrumbList","@id":"https:\/\/allwintheme.com\/product\/nbdesigner-web-to-print-product-customizer\/#breadcrumb","itemListElement":[{"@type":"ListItem","position":1,"name":"Home","item":"https:\/\/allwintheme.com\/"},{"@type":"ListItem","position":2,"name":"Shop","item":"https:\/\/allwintheme.com\/shop\/"},{"@type":"ListItem","position":3,"name":"NBDesigner \u2013 Web to Print Product Customizer"}]},{"@type":"WebSite","@id":"https:\/\/allwintheme.com\/#website","url":"https:\/\/allwintheme.com\/","name":"Allwintheme","description":"Descarga gratis temas de WordPress para todos los nichos. Blogs, negocios, comercio electr\u00f3nico, portafolio, restaurante y m\u00e1s. Todos los temas tienen licencia GPL y est\u00e1n preparados para dispositivos m\u00f3viles.","potentialAction":[{"@type":"SearchAction","target":{"@type":"EntryPoint","urlTemplate":"https:\/\/allwintheme.com\/?s={search_term_string}"},"query-input":{"@type":"PropertyValueSpecification","valueRequired":true,"valueName":"search_term_string"}}],"inLanguage":"es-CL"}]}},"_links":{"self":[{"href":"https:\/\/allwintheme.com\/es\/wp-json\/wp\/v2\/product\/12806","targetHints":{"allow":["GET"]}}],"collection":[{"href":"https:\/\/allwintheme.com\/es\/wp-json\/wp\/v2\/product"}],"about":[{"href":"https:\/\/allwintheme.com\/es\/wp-json\/wp\/v2\/types\/product"}],"replies":[{"embeddable":true,"href":"https:\/\/allwintheme.com\/es\/wp-json\/wp\/v2\/comments?post=12806"}],"version-history":[{"count":5,"href":"https:\/\/allwintheme.com\/es\/wp-json\/wp\/v2\/product\/12806\/revisions"}],"predecessor-version":[{"id":12812,"href":"https:\/\/allwintheme.com\/es\/wp-json\/wp\/v2\/product\/12806\/revisions\/12812"}],"wp:featuredmedia":[{"embeddable":true,"href":"https:\/\/allwintheme.com\/es\/wp-json\/wp\/v2\/media\/12807"}],"wp:attachment":[{"href":"https:\/\/allwintheme.com\/es\/wp-json\/wp\/v2\/media?parent=12806"}],"wp:term":[{"taxonomy":"product_brand","embeddable":true,"href":"https:\/\/allwintheme.com\/es\/wp-json\/wp\/v2\/product_brand?post=12806"},{"taxonomy":"product_cat","embeddable":true,"href":"https:\/\/allwintheme.com\/es\/wp-json\/wp\/v2\/product_cat?post=12806"},{"taxonomy":"product_tag","embeddable":true,"href":"https:\/\/allwintheme.com\/es\/wp-json\/wp\/v2\/product_tag?post=12806"}],"curies":[{"name":"wp","href":"https:\/\/api.w.org\/{rel}","templated":true}]}}