{"id":12813,"date":"2025-11-24T03:15:42","date_gmt":"2025-11-24T03:15:42","guid":{"rendered":"https:\/\/allwintheme.com\/?post_type=product&#038;p=12813"},"modified":"2025-11-24T03:29:57","modified_gmt":"2025-11-24T03:29:57","slug":"bond-store-gafas-tienda-multiusos-woocommerce-wordpress-theme","status":"publish","type":"product","link":"https:\/\/allwintheme.com\/es\/producto\/bond-store-gafas-tienda-multiusos-woocommerce-wordpress-theme\/","title":{"rendered":"Bond Store - Gafas Multiprop\u00f3sito Tienda WooCommerce WordPress Tema"},"content":{"rendered":"<div data-elementor-type=\"wp-post\" data-elementor-id=\"12813\" class=\"elementor elementor-12813\" data-elementor-settings=\"{&quot;element_pack_global_tooltip_width&quot;:{&quot;unit&quot;:&quot;px&quot;,&quot;size&quot;:&quot;&quot;,&quot;sizes&quot;:[]},&quot;element_pack_global_tooltip_width_tablet&quot;:{&quot;unit&quot;:&quot;px&quot;,&quot;size&quot;:&quot;&quot;,&quot;sizes&quot;:[]},&quot;element_pack_global_tooltip_width_mobile&quot;:{&quot;unit&quot;:&quot;px&quot;,&quot;size&quot;:&quot;&quot;,&quot;sizes&quot;:[]},&quot;element_pack_global_tooltip_padding&quot;:{&quot;unit&quot;:&quot;px&quot;,&quot;top&quot;:&quot;&quot;,&quot;right&quot;:&quot;&quot;,&quot;bottom&quot;:&quot;&quot;,&quot;left&quot;:&quot;&quot;,&quot;isLinked&quot;:true},&quot;element_pack_global_tooltip_padding_tablet&quot;:{&quot;unit&quot;:&quot;px&quot;,&quot;top&quot;:&quot;&quot;,&quot;right&quot;:&quot;&quot;,&quot;bottom&quot;:&quot;&quot;,&quot;left&quot;:&quot;&quot;,&quot;isLinked&quot;:true},&quot;element_pack_global_tooltip_padding_mobile&quot;:{&quot;unit&quot;:&quot;px&quot;,&quot;top&quot;:&quot;&quot;,&quot;right&quot;:&quot;&quot;,&quot;bottom&quot;:&quot;&quot;,&quot;left&quot;:&quot;&quot;,&quot;isLinked&quot;:true},&quot;element_pack_global_tooltip_border_radius&quot;:{&quot;unit&quot;:&quot;px&quot;,&quot;top&quot;:&quot;&quot;,&quot;right&quot;:&quot;&quot;,&quot;bottom&quot;:&quot;&quot;,&quot;left&quot;:&quot;&quot;,&quot;isLinked&quot;:true},&quot;element_pack_global_tooltip_border_radius_tablet&quot;:{&quot;unit&quot;:&quot;px&quot;,&quot;top&quot;:&quot;&quot;,&quot;right&quot;:&quot;&quot;,&quot;bottom&quot;:&quot;&quot;,&quot;left&quot;:&quot;&quot;,&quot;isLinked&quot;:true},&quot;element_pack_global_tooltip_border_radius_mobile&quot;:{&quot;unit&quot;:&quot;px&quot;,&quot;top&quot;:&quot;&quot;,&quot;right&quot;:&quot;&quot;,&quot;bottom&quot;:&quot;&quot;,&quot;left&quot;:&quot;&quot;,&quot;isLinked&quot;:true}}\" data-elementor-post-type=\"product\">\n\t\t\t\t<div class=\"wd-negative-gap elementor-element elementor-element-116794f e-flex e-con-boxed e-con e-parent\" data-id=\"116794f\" data-element_type=\"container\" data-e-type=\"container\">\n\t\t\t\t\t<div class=\"e-con-inner\">\n\t\t\t\t<div class=\"elementor-element elementor-element-03d2133 elementor-widget elementor-widget-wd_text_block\" data-id=\"03d2133\" data-element_type=\"widget\" data-e-type=\"widget\" data-widget_type=\"wd_text_block.default\">\n\t\t\t\t<div class=\"elementor-widget-container\">\n\t\t\t\t\t\t\t<div class=\"wd-text-block reset-last-child text-left\">\n\t\t\t\n\t\t\t<h2>Tienda Bond: Premium WooCommerce Tema para tiendas de gafas y \u00f3pticas<\/h2><p><strong>Bond Store - Gafas Multiprop\u00f3sito Tienda WooCommerce WordPress Tema<\/strong> le ofrece todo lo que necesita para lanzar una impresionante tienda en l\u00ednea de gafas de sol, gafas graduadas, lentes de contacto o accesorios de moda. Por ejemplo, a los propietarios de tiendas les encanta su elegante dise\u00f1o y sus potentes funciones de comercio electr\u00f3nico, que convierten r\u00e1pidamente a los visitantes en clientes fieles.<\/p><h3>Dise\u00f1ado para el nicho de las gafas<\/h3><p>Bond Store combina una est\u00e9tica moderna con una funcionalidad pr\u00e1ctica. Dispone de varias p\u00e1ginas de inicio predise\u00f1adas, vista r\u00e1pida de productos, muestras de tallas y colores, y una experiencia de pago perfecta con un solo clic. Adem\u00e1s, su dise\u00f1o totalmente adaptable es perfecto para dispositivos m\u00f3viles, tabletas y ordenadores de sobremesa.<\/p><h3>\u00bfPor qu\u00e9 elegir Bond Store?<\/h3><ul><li><strong>Impresionantes demostraciones centradas en las gafas:<\/strong> Importe dise\u00f1os ya hechos con un solo clic.<\/li><li><strong>Filtros avanzados de productos:<\/strong> Permita que los clientes compren por tipo de montura, color de lente, marca, precio y mucho m\u00e1s.<\/li><li><strong>Preparado para WooCommerce:<\/strong> Venda productos f\u00edsicos, descargas digitales o incluso ofrezca cargas de recetas.<\/li><li><strong>Velocidad y SEO optimizados:<\/strong> El c\u00f3digo ligero garantiza una carga ultrarr\u00e1pida y las mejores posiciones en las b\u00fasquedas.<\/li><li><strong>Personalizaci\u00f3n ilimitada:<\/strong> Cambie colores, fuentes y dise\u00f1os sin tocar una l\u00ednea de c\u00f3digo.<\/li><\/ul><h3>Lleve su tienda m\u00e1s lejos<\/h3><p>\u00bfQuiere ofrecer gafas personalizadas o grabados a medida? A\u00f1ada el potente <a href=\"https:\/\/allwintheme.com\/es\/producto\/personalizador-de-productos-web-to-print-nbdesigner\/\">Personalizador de productos NBDesigner Web-to-Print<\/a> y deje que los clientes dise\u00f1en marcos en directo en su sitio web.<br \/>\u00bfNecesita importar miles de productos r\u00e1pidamente? Utilice <a href=\"https:\/\/allwintheme.com\/es\/producto\/wp-all-import-pro\/\">WP All Import Pro<\/a> para gestionar el cat\u00e1logo sin esfuerzo.<br \/>\u00bfBusca m\u00e1s opciones de pago? Integre <a href=\"https:\/\/allwintheme.com\/es\/producto\/yaymail-pro-stripe-pasarela-de-pago-addon\/\">YayMail Pro + Complemento de pasarela de pago Stripe<\/a> para unas transacciones m\u00e1s fluidas.<\/p><p>\u00bfEst\u00e1 pensando en una revisi\u00f3n completa de su sitio web o en un desarrollo a medida? Explore los servicios profesionales de <a href=\"https:\/\/allwintheme.com\/es\/desarrollo-de-sitios-web\/\">AllWinTheme Desarrollo de sitios web<\/a>.<\/p><h3>Insp\u00edrese y mant\u00e9ngase al d\u00eda<\/h3><p>Para obtener los \u00faltimos consejos sobre WooCommerce, recomendaciones de temas y tutoriales de WordPress, visite <a href=\"https:\/\/www.wpkvip.com\/\">WPKVIP<\/a> - su recurso de referencia para hacer crecer una tienda en l\u00ednea.<\/p><h3>Lance hoy mismo su tienda de gafas<\/h3><p>Transforme su visi\u00f3n en un pr\u00f3spero negocio en l\u00ednea con <strong>Tienda Bond<\/strong>. Instala el tema ahora y empieza a vender gafas con estilo.<\/p>\n\t\t\t\t\t<\/div>\n\t\t\t\t\t\t<\/div>\n\t\t\t\t<\/div>\n\t\t\t\t\t<\/div>\n\t\t\t\t<\/div>\n\t\t<div class=\"wd-negative-gap elementor-element elementor-element-e0896fb e-flex e-con-boxed e-con e-parent\" data-id=\"e0896fb\" data-element_type=\"container\" data-e-type=\"container\">\n\t\t\t\t\t<div class=\"e-con-inner\">\n\t\t\t\t<div class=\"elementor-element elementor-element-0c7b16a elementor-widget elementor-widget-video\" data-id=\"0c7b16a\" data-element_type=\"widget\" data-e-type=\"widget\" data-settings=\"{&quot;youtube_url&quot;:&quot;https:\\\/\\\/youtu.be\\\/B2cEIzCcnrY&quot;,&quot;video_type&quot;:&quot;youtube&quot;,&quot;controls&quot;:&quot;yes&quot;}\" data-widget_type=\"video.default\">\n\t\t\t\t\t\t\t<div class=\"elementor-wrapper elementor-open-inline\">\n\t\t\t<div class=\"elementor-video\"><\/div>\t\t<\/div>\n\t\t\t\t\t\t<\/div>\n\t\t\t\t\t<\/div>\n\t\t\t\t<\/div>\n\t\t\t\t<\/div>","protected":false},"excerpt":{"rendered":"<p>Bond Store: Premium WooCommerce Theme for Eyewear &amp; Optical Shops Bond Store \u2013 Eye Glasses Multipurpose Shop WooCommerce WordPress Theme<\/p>","protected":false},"featured_media":12761,"comment_status":"open","ping_status":"closed","template":"","meta":{"_acf_changed":false},"product_brand":[],"product_cat":[48],"product_tag":[],"class_list":{"0":"post-12813","1":"product","2":"type-product","3":"status-publish","4":"has-post-thumbnail","6":"product_cat-themes","8":"first","9":"instock","10":"sale","11":"downloadable","12":"shipping-taxable","13":"purchasable","14":"product-type-simple"},"acf":[],"yoast_head":"<!-- This site is optimized with the Yoast SEO Premium plugin v25.6 (Yoast SEO v27.1.1) - https:\/\/yoast.com\/product\/yoast-seo-premium-wordpress\/ -->\n<title>Bond Store \u2013 Eye Glasses Multipurpose Shop WooCommerce WordPress Theme - AllWin Theme \u2013 Free WordPress Themes Download<\/title>\n<meta name=\"description\" content=\"Bond Store is a stylish, responsive WooCommerce WordPress theme crafted for eyewear shops, optical stores, and fashion accessories. Fast, customizable, and perfect for selling glasses online.\" \/>\n<meta name=\"robots\" content=\"index, follow, max-snippet:-1, max-image-preview:large, max-video-preview:-1\" \/>\n<link rel=\"canonical\" href=\"https:\/\/allwintheme.com\/es\/producto\/bond-store-gafas-tienda-multiusos-woocommerce-wordpress-theme\/\" \/>\n<meta property=\"og:locale\" content=\"es_ES\" \/>\n<meta property=\"og:type\" content=\"article\" \/>\n<meta property=\"og:title\" content=\"Bond Store \u2013 Eye Glasses Multipurpose Shop WooCommerce WordPress Theme\" \/>\n<meta property=\"og:description\" content=\"Bond Store is a stylish, responsive WooCommerce WordPress theme crafted for eyewear shops, optical stores, and fashion accessories. Fast, customizable, and perfect for selling glasses online.\" \/>\n<meta property=\"og:url\" content=\"https:\/\/allwintheme.com\/es\/producto\/bond-store-gafas-tienda-multiusos-woocommerce-wordpress-theme\/\" \/>\n<meta property=\"og:site_name\" content=\"AllWin Theme \u2013 Free WordPress Themes Download\" \/>\n<meta property=\"article:modified_time\" content=\"2025-11-24T03:29:57+00:00\" \/>\n<meta property=\"og:image\" content=\"https:\/\/allwintheme.com\/wp-content\/uploads\/2025\/11\/Bond-Store-\u2013-Eye-Glasses-Multipurpose-Shop-WooCommerce-WordPress-Theme.png\" \/>\n\t<meta property=\"og:image:width\" content=\"768\" \/>\n\t<meta property=\"og:image:height\" content=\"487\" \/>\n\t<meta property=\"og:image:type\" content=\"image\/png\" \/>\n<meta name=\"twitter:card\" content=\"summary_large_image\" \/>\n<meta name=\"twitter:label1\" content=\"Tiempo estimado de lectura\" \/>\n\t<meta name=\"twitter:data1\" content=\"2 minutos\" \/>\n<script type=\"application\/ld+json\" class=\"yoast-schema-graph\">{\"@context\":\"https:\/\/schema.org\",\"@graph\":[{\"@type\":\"WebPage\",\"@id\":\"https:\/\/allwintheme.com\/product\/bond-store-eye-glasses-multipurpose-shop-woocommerce-wordpress-theme\/\",\"url\":\"https:\/\/allwintheme.com\/product\/bond-store-eye-glasses-multipurpose-shop-woocommerce-wordpress-theme\/\",\"name\":\"Bond Store \u2013 Eye Glasses Multipurpose Shop WooCommerce WordPress Theme - AllWin Theme \u2013 Free WordPress Themes Download\",\"isPartOf\":{\"@id\":\"https:\/\/allwintheme.com\/#website\"},\"primaryImageOfPage\":{\"@id\":\"https:\/\/allwintheme.com\/product\/bond-store-eye-glasses-multipurpose-shop-woocommerce-wordpress-theme\/#primaryimage\"},\"image\":{\"@id\":\"https:\/\/allwintheme.com\/product\/bond-store-eye-glasses-multipurpose-shop-woocommerce-wordpress-theme\/#primaryimage\"},\"thumbnailUrl\":\"https:\/\/allwintheme.com\/wp-content\/uploads\/2025\/11\/Bond-Store-\u2013-Eye-Glasses-Multipurpose-Shop-WooCommerce-WordPress-Theme.png\",\"datePublished\":\"2025-11-24T03:15:42+00:00\",\"dateModified\":\"2025-11-24T03:29:57+00:00\",\"description\":\"Bond Store is a stylish, responsive WooCommerce WordPress theme crafted for eyewear shops, optical stores, and fashion accessories. Fast, customizable, and perfect for selling glasses online.\",\"breadcrumb\":{\"@id\":\"https:\/\/allwintheme.com\/product\/bond-store-eye-glasses-multipurpose-shop-woocommerce-wordpress-theme\/#breadcrumb\"},\"inLanguage\":\"es-CL\",\"potentialAction\":[{\"@type\":\"ReadAction\",\"target\":[\"https:\/\/allwintheme.com\/product\/bond-store-eye-glasses-multipurpose-shop-woocommerce-wordpress-theme\/\"]}]},{\"@type\":\"ImageObject\",\"inLanguage\":\"es-CL\",\"@id\":\"https:\/\/allwintheme.com\/product\/bond-store-eye-glasses-multipurpose-shop-woocommerce-wordpress-theme\/#primaryimage\",\"url\":\"https:\/\/allwintheme.com\/wp-content\/uploads\/2025\/11\/Bond-Store-\u2013-Eye-Glasses-Multipurpose-Shop-WooCommerce-WordPress-Theme.png\",\"contentUrl\":\"https:\/\/allwintheme.com\/wp-content\/uploads\/2025\/11\/Bond-Store-\u2013-Eye-Glasses-Multipurpose-Shop-WooCommerce-WordPress-Theme.png\",\"width\":768,\"height\":487,\"caption\":\"Bond Store \u2013 Eye Glasses Multipurpose Shop WooCommerce WordPress Theme\"},{\"@type\":\"BreadcrumbList\",\"@id\":\"https:\/\/allwintheme.com\/product\/bond-store-eye-glasses-multipurpose-shop-woocommerce-wordpress-theme\/#breadcrumb\",\"itemListElement\":[{\"@type\":\"ListItem\",\"position\":1,\"name\":\"Home\",\"item\":\"https:\/\/allwintheme.com\/\"},{\"@type\":\"ListItem\",\"position\":2,\"name\":\"Shop\",\"item\":\"https:\/\/allwintheme.com\/shop\/\"},{\"@type\":\"ListItem\",\"position\":3,\"name\":\"Bond Store \u2013 Eye Glasses Multipurpose Shop WooCommerce WordPress Theme\"}]},{\"@type\":\"WebSite\",\"@id\":\"https:\/\/allwintheme.com\/#website\",\"url\":\"https:\/\/allwintheme.com\/\",\"name\":\"Allwintheme\",\"description\":\"Download free WordPress themes for every niche. Blogs, business, eCommerce, portfolio, restaurant and more. All themes are GPL licensed and mobile-ready.\",\"potentialAction\":[{\"@type\":\"SearchAction\",\"target\":{\"@type\":\"EntryPoint\",\"urlTemplate\":\"https:\/\/allwintheme.com\/?s={search_term_string}\"},\"query-input\":{\"@type\":\"PropertyValueSpecification\",\"valueRequired\":true,\"valueName\":\"search_term_string\"}}],\"inLanguage\":\"es-CL\"}]}<\/script>\n<!-- \/ Yoast SEO Premium plugin. -->","yoast_head_json":{"title":"Bond Store \u2013 Eye Glasses Multipurpose Shop WooCommerce WordPress Theme - AllWin Theme \u2013 Free WordPress Themes Download","description":"Bond Store es un tema de WordPress para WooCommerce elegante y adaptable, dise\u00f1ado para tiendas de gafas, \u00f3pticas y accesorios de moda. R\u00e1pido, personalizable y perfecto para vender gafas online.","robots":{"index":"index","follow":"follow","max-snippet":"max-snippet:-1","max-image-preview":"max-image-preview:large","max-video-preview":"max-video-preview:-1"},"canonical":"https:\/\/allwintheme.com\/es\/producto\/bond-store-gafas-tienda-multiusos-woocommerce-wordpress-theme\/","og_locale":"es_ES","og_type":"article","og_title":"Bond Store \u2013 Eye Glasses Multipurpose Shop WooCommerce WordPress Theme","og_description":"Bond Store is a stylish, responsive WooCommerce WordPress theme crafted for eyewear shops, optical stores, and fashion accessories. Fast, customizable, and perfect for selling glasses online.","og_url":"https:\/\/allwintheme.com\/es\/producto\/bond-store-gafas-tienda-multiusos-woocommerce-wordpress-theme\/","og_site_name":"AllWin Theme \u2013 Free WordPress Themes Download","article_modified_time":"2025-11-24T03:29:57+00:00","og_image":[{"width":768,"height":487,"url":"https:\/\/allwintheme.com\/wp-content\/uploads\/2025\/11\/Bond-Store-\u2013-Eye-Glasses-Multipurpose-Shop-WooCommerce-WordPress-Theme.png","type":"image\/png"}],"twitter_card":"summary_large_image","twitter_misc":{"Tiempo estimado de lectura":"2 minutos"},"schema":{"@context":"https:\/\/schema.org","@graph":[{"@type":"WebPage","@id":"https:\/\/allwintheme.com\/product\/bond-store-eye-glasses-multipurpose-shop-woocommerce-wordpress-theme\/","url":"https:\/\/allwintheme.com\/product\/bond-store-eye-glasses-multipurpose-shop-woocommerce-wordpress-theme\/","name":"Bond Store \u2013 Eye Glasses Multipurpose Shop WooCommerce WordPress Theme - AllWin Theme \u2013 Free WordPress Themes Download","isPartOf":{"@id":"https:\/\/allwintheme.com\/#website"},"primaryImageOfPage":{"@id":"https:\/\/allwintheme.com\/product\/bond-store-eye-glasses-multipurpose-shop-woocommerce-wordpress-theme\/#primaryimage"},"image":{"@id":"https:\/\/allwintheme.com\/product\/bond-store-eye-glasses-multipurpose-shop-woocommerce-wordpress-theme\/#primaryimage"},"thumbnailUrl":"https:\/\/allwintheme.com\/wp-content\/uploads\/2025\/11\/Bond-Store-\u2013-Eye-Glasses-Multipurpose-Shop-WooCommerce-WordPress-Theme.png","datePublished":"2025-11-24T03:15:42+00:00","dateModified":"2025-11-24T03:29:57+00:00","description":"Bond Store es un tema de WordPress para WooCommerce elegante y adaptable, dise\u00f1ado para tiendas de gafas, \u00f3pticas y accesorios de moda. R\u00e1pido, personalizable y perfecto para vender gafas online.","breadcrumb":{"@id":"https:\/\/allwintheme.com\/product\/bond-store-eye-glasses-multipurpose-shop-woocommerce-wordpress-theme\/#breadcrumb"},"inLanguage":"es-CL","potentialAction":[{"@type":"ReadAction","target":["https:\/\/allwintheme.com\/product\/bond-store-eye-glasses-multipurpose-shop-woocommerce-wordpress-theme\/"]}]},{"@type":"ImageObject","inLanguage":"es-CL","@id":"https:\/\/allwintheme.com\/product\/bond-store-eye-glasses-multipurpose-shop-woocommerce-wordpress-theme\/#primaryimage","url":"https:\/\/allwintheme.com\/wp-content\/uploads\/2025\/11\/Bond-Store-\u2013-Eye-Glasses-Multipurpose-Shop-WooCommerce-WordPress-Theme.png","contentUrl":"https:\/\/allwintheme.com\/wp-content\/uploads\/2025\/11\/Bond-Store-\u2013-Eye-Glasses-Multipurpose-Shop-WooCommerce-WordPress-Theme.png","width":768,"height":487,"caption":"Bond Store \u2013 Eye Glasses Multipurpose Shop WooCommerce WordPress Theme"},{"@type":"BreadcrumbList","@id":"https:\/\/allwintheme.com\/product\/bond-store-eye-glasses-multipurpose-shop-woocommerce-wordpress-theme\/#breadcrumb","itemListElement":[{"@type":"ListItem","position":1,"name":"Home","item":"https:\/\/allwintheme.com\/"},{"@type":"ListItem","position":2,"name":"Shop","item":"https:\/\/allwintheme.com\/shop\/"},{"@type":"ListItem","position":3,"name":"Bond Store \u2013 Eye Glasses Multipurpose Shop WooCommerce WordPress Theme"}]},{"@type":"WebSite","@id":"https:\/\/allwintheme.com\/#website","url":"https:\/\/allwintheme.com\/","name":"Allwintheme","description":"Descarga gratis temas de WordPress para todos los nichos. Blogs, negocios, comercio electr\u00f3nico, portafolio, restaurante y m\u00e1s. Todos los temas tienen licencia GPL y est\u00e1n preparados para dispositivos m\u00f3viles.","potentialAction":[{"@type":"SearchAction","target":{"@type":"EntryPoint","urlTemplate":"https:\/\/allwintheme.com\/?s={search_term_string}"},"query-input":{"@type":"PropertyValueSpecification","valueRequired":true,"valueName":"search_term_string"}}],"inLanguage":"es-CL"}]}},"_links":{"self":[{"href":"https:\/\/allwintheme.com\/es\/wp-json\/wp\/v2\/product\/12813","targetHints":{"allow":["GET"]}}],"collection":[{"href":"https:\/\/allwintheme.com\/es\/wp-json\/wp\/v2\/product"}],"about":[{"href":"https:\/\/allwintheme.com\/es\/wp-json\/wp\/v2\/types\/product"}],"replies":[{"embeddable":true,"href":"https:\/\/allwintheme.com\/es\/wp-json\/wp\/v2\/comments?post=12813"}],"version-history":[{"count":5,"href":"https:\/\/allwintheme.com\/es\/wp-json\/wp\/v2\/product\/12813\/revisions"}],"predecessor-version":[{"id":12818,"href":"https:\/\/allwintheme.com\/es\/wp-json\/wp\/v2\/product\/12813\/revisions\/12818"}],"wp:featuredmedia":[{"embeddable":true,"href":"https:\/\/allwintheme.com\/es\/wp-json\/wp\/v2\/media\/12761"}],"wp:attachment":[{"href":"https:\/\/allwintheme.com\/es\/wp-json\/wp\/v2\/media?parent=12813"}],"wp:term":[{"taxonomy":"product_brand","embeddable":true,"href":"https:\/\/allwintheme.com\/es\/wp-json\/wp\/v2\/product_brand?post=12813"},{"taxonomy":"product_cat","embeddable":true,"href":"https:\/\/allwintheme.com\/es\/wp-json\/wp\/v2\/product_cat?post=12813"},{"taxonomy":"product_tag","embeddable":true,"href":"https:\/\/allwintheme.com\/es\/wp-json\/wp\/v2\/product_tag?post=12813"}],"curies":[{"name":"wp","href":"https:\/\/api.w.org\/{rel}","templated":true}]}}