{"id":12830,"date":"2025-11-24T12:49:10","date_gmt":"2025-11-24T12:49:10","guid":{"rendered":"https:\/\/allwintheme.com\/?post_type=product&#038;p=12830"},"modified":"2025-11-24T12:56:21","modified_gmt":"2025-11-24T12:56:21","slug":"glassesco-sunglass-woocommerce-theme","status":"publish","type":"product","link":"https:\/\/allwintheme.com\/es\/producto\/glassesco-sunglass-woocommerce-theme\/","title":{"rendered":"Glassesco - Sunglass WooCommerce Theme"},"content":{"rendered":"<div data-elementor-type=\"wp-post\" data-elementor-id=\"12830\" class=\"elementor elementor-12830\" data-elementor-settings=\"{&quot;element_pack_global_tooltip_width&quot;:{&quot;unit&quot;:&quot;px&quot;,&quot;size&quot;:&quot;&quot;,&quot;sizes&quot;:[]},&quot;element_pack_global_tooltip_width_tablet&quot;:{&quot;unit&quot;:&quot;px&quot;,&quot;size&quot;:&quot;&quot;,&quot;sizes&quot;:[]},&quot;element_pack_global_tooltip_width_mobile&quot;:{&quot;unit&quot;:&quot;px&quot;,&quot;size&quot;:&quot;&quot;,&quot;sizes&quot;:[]},&quot;element_pack_global_tooltip_padding&quot;:{&quot;unit&quot;:&quot;px&quot;,&quot;top&quot;:&quot;&quot;,&quot;right&quot;:&quot;&quot;,&quot;bottom&quot;:&quot;&quot;,&quot;left&quot;:&quot;&quot;,&quot;isLinked&quot;:true},&quot;element_pack_global_tooltip_padding_tablet&quot;:{&quot;unit&quot;:&quot;px&quot;,&quot;top&quot;:&quot;&quot;,&quot;right&quot;:&quot;&quot;,&quot;bottom&quot;:&quot;&quot;,&quot;left&quot;:&quot;&quot;,&quot;isLinked&quot;:true},&quot;element_pack_global_tooltip_padding_mobile&quot;:{&quot;unit&quot;:&quot;px&quot;,&quot;top&quot;:&quot;&quot;,&quot;right&quot;:&quot;&quot;,&quot;bottom&quot;:&quot;&quot;,&quot;left&quot;:&quot;&quot;,&quot;isLinked&quot;:true},&quot;element_pack_global_tooltip_border_radius&quot;:{&quot;unit&quot;:&quot;px&quot;,&quot;top&quot;:&quot;&quot;,&quot;right&quot;:&quot;&quot;,&quot;bottom&quot;:&quot;&quot;,&quot;left&quot;:&quot;&quot;,&quot;isLinked&quot;:true},&quot;element_pack_global_tooltip_border_radius_tablet&quot;:{&quot;unit&quot;:&quot;px&quot;,&quot;top&quot;:&quot;&quot;,&quot;right&quot;:&quot;&quot;,&quot;bottom&quot;:&quot;&quot;,&quot;left&quot;:&quot;&quot;,&quot;isLinked&quot;:true},&quot;element_pack_global_tooltip_border_radius_mobile&quot;:{&quot;unit&quot;:&quot;px&quot;,&quot;top&quot;:&quot;&quot;,&quot;right&quot;:&quot;&quot;,&quot;bottom&quot;:&quot;&quot;,&quot;left&quot;:&quot;&quot;,&quot;isLinked&quot;:true}}\" data-elementor-post-type=\"product\">\n\t\t\t\t<div class=\"wd-negative-gap elementor-element elementor-element-116794f e-flex e-con-boxed e-con e-parent\" data-id=\"116794f\" data-element_type=\"container\" data-e-type=\"container\">\n\t\t\t\t\t<div class=\"e-con-inner\">\n\t\t\t\t<div class=\"elementor-element elementor-element-03d2133 elementor-widget elementor-widget-wd_text_block\" data-id=\"03d2133\" data-element_type=\"widget\" data-e-type=\"widget\" data-widget_type=\"wd_text_block.default\">\n\t\t\t\t<div class=\"elementor-widget-container\">\n\t\t\t\t\t\t\t<div class=\"wd-text-block reset-last-child text-left\">\n\t\t\t\n\t\t\t<h2>Glassesco - Sunglass WooCommerce Theme<\/h2><p>Glassesco ofrece un dise\u00f1o moderno y elegante creado espec\u00edficamente para tiendas en l\u00ednea de gafas de sol y de vista. Ofrece una experiencia de compra fluida, s\u00f3lidas herramientas de presentaci\u00f3n de productos y opciones de personalizaci\u00f3n flexibles que ayudan a que su marca destaque. Con su dise\u00f1o limpio y su estructura centrada en la conversi\u00f3n, se convierte en una opci\u00f3n ideal para cualquiera que desee crear una tienda de gafas profesional.<\/p><p>Los propietarios de tiendas que deseen funciones avanzadas para su tienda de gafas tambi\u00e9n pueden explorar nuestro tema relacionado, el<br \/><a href=\"https:\/\/allwintheme.com\/es\/producto\/bond-store-gafas-tienda-multiusos-woocommerce-wordpress-theme\/\" target=\"_blank\" rel=\"noopener\">Bond Store - Tienda Multiprop\u00f3sito de Gafas Tema<\/a>.<br \/>Adem\u00e1s, si necesita herramientas de dise\u00f1o personalizadas, el<br \/><a href=\"https:\/\/allwintheme.com\/es\/producto\/personalizador-de-productos-web-to-print-nbdesigner\/\" target=\"_blank\" rel=\"noopener\">Personalizador de productos NBDesigner<\/a><br \/>puede ayudar a sus clientes a personalizar monturas, colores y opciones de lentes directamente en su sitio web.<\/p><h3>Perfecto para tiendas de gafas modernas<\/h3><p>Glassesco incluye dise\u00f1os centrados en el producto que destacan sus gafas de sol, gafas de luz azul, gafas deportivas y colecciones de moda premium. Adem\u00e1s, se integra a la perfecci\u00f3n con WooCommerce, lo que le ayuda a gestionar el inventario, los cupones, las variaciones de productos y los pedidos de los clientes sin esfuerzo.<\/p><h3>Personalizaci\u00f3n flexible<\/h3><p>El tema funciona sin problemas con los principales constructores de p\u00e1ginas, y puede mejorar a\u00fan m\u00e1s su personalizaci\u00f3n con<br \/><a href=\"https:\/\/allwintheme.com\/es\/producto\/astra-pro\/\" target=\"_blank\" rel=\"noopener\">Astra Pro<\/a>. Esta combinaci\u00f3n le permite ajustar cabeceras, pies de p\u00e1gina, dise\u00f1os de productos y banners promocionales con facilidad. Adem\u00e1s, puede a\u00f1adir un estilo de marca \u00fanico sin tocar ning\u00fan c\u00f3digo.<\/p><h3>Optimizado para la velocidad y la conversi\u00f3n<\/h3><p>Glassesco se centra en el rendimiento. Se carga r\u00e1pidamente y mantiene una estructura limpia, lo que mejora la experiencia del usuario y ayuda a su tienda a posicionarse mejor en los resultados de b\u00fasqueda. Como resultado, los clientes pueden navegar por los productos m\u00e1s r\u00e1pido y completar las compras con menos clics.<\/p><h3>Caracter\u00edsticas principales<\/h3><ul><li>Dise\u00f1o limpio y moderno para tiendas de gafas<\/li><li>Totalmente compatible con WooCommerce<\/li><li>Dise\u00f1os centrados en los productos con vista r\u00e1pida y lista de deseos<\/li><li>F\u00e1cil personalizaci\u00f3n con los principales constructores<\/li><li>Estructura optimizada para SEO y de carga r\u00e1pida<\/li><li>Admite variaciones de productos, cupones y promociones<\/li><\/ul><h3>M\u00e1s recursos<\/h3><p>Para saber m\u00e1s sobre el rendimiento de WooCommerce, consejos de dise\u00f1o y herramientas para tiendas online, puedes visitar nuestro blog externo:<br \/><a href=\"https:\/\/wpkvip.com\" target=\"_blank\" rel=\"noopener\">wpkvip<\/a>.<br \/>Mientras tanto, si est\u00e1 creando una tienda multiproducto completa, puede explorar m\u00e1s temas de nuestra colecci\u00f3n de gafas o explorar las herramientas de personalizaci\u00f3n disponibles en nuestro sitio web.<\/p><p>Con Glassesco, su tienda de gafas de sol gana un sitio web elegante, moderno y listo para la conversi\u00f3n que apoya el crecimiento a largo plazo y ofrece a los clientes una experiencia de compra premium.<\/p>\n\t\t\t\t\t<\/div>\n\t\t\t\t\t\t<\/div>\n\t\t\t\t<\/div>\n\t\t\t\t\t<\/div>\n\t\t\t\t<\/div>\n\t\t<div class=\"wd-negative-gap elementor-element elementor-element-e0896fb e-flex e-con-boxed e-con e-parent\" data-id=\"e0896fb\" data-element_type=\"container\" data-e-type=\"container\">\n\t\t\t\t\t<div class=\"e-con-inner\">\n\t\t\t\t<div class=\"elementor-element elementor-element-0c7b16a elementor-widget elementor-widget-video\" data-id=\"0c7b16a\" data-element_type=\"widget\" data-e-type=\"widget\" data-settings=\"{&quot;youtube_url&quot;:&quot;https:\\\/\\\/youtu.be\\\/tFnl3S7L6aY?list=PLqqd1WvKoyJvdT2RbzK1BcPdB2VkEsj27&quot;,&quot;video_type&quot;:&quot;youtube&quot;,&quot;controls&quot;:&quot;yes&quot;}\" data-widget_type=\"video.default\">\n\t\t\t\t\t\t\t<div class=\"elementor-wrapper elementor-open-inline\">\n\t\t\t<div class=\"elementor-video\"><\/div>\t\t<\/div>\n\t\t\t\t\t\t<\/div>\n\t\t\t\t\t<\/div>\n\t\t\t\t<\/div>\n\t\t\t\t<\/div>","protected":false},"excerpt":{"rendered":"<p>Glassesco \u2013 Sunglass WooCommerce Theme Glassesco offers a modern and stylish layout created specifically for online sunglasses and eyewear stores.<\/p>","protected":false},"featured_media":12759,"comment_status":"open","ping_status":"closed","template":"","meta":{"_acf_changed":false},"product_brand":[],"product_cat":[48],"product_tag":[],"class_list":{"0":"post-12830","1":"product","2":"type-product","3":"status-publish","4":"has-post-thumbnail","6":"product_cat-themes","8":"first","9":"instock","10":"sale","11":"downloadable","12":"shipping-taxable","13":"purchasable","14":"product-type-simple"},"acf":[],"yoast_head":"<!-- This site is optimized with the Yoast SEO Premium plugin v25.6 (Yoast SEO v27.4) - https:\/\/yoast.com\/product\/yoast-seo-premium-wordpress\/ -->\n<title>Glassesco \u2013 Sunglass WooCommerce Theme - AllWin Theme \u2013 Free WordPress Themes Download<\/title>\n<meta name=\"description\" content=\"Glassesco delivers a clean and stylish WooCommerce theme designed for sunglasses, eyewear shops, and fashion accessories stores.\" \/>\n<meta name=\"robots\" content=\"index, follow, max-snippet:-1, max-image-preview:large, max-video-preview:-1\" \/>\n<link rel=\"canonical\" href=\"https:\/\/allwintheme.com\/es\/producto\/glassesco-sunglass-woocommerce-theme\/\" \/>\n<meta property=\"og:locale\" content=\"es_ES\" \/>\n<meta property=\"og:type\" content=\"article\" \/>\n<meta property=\"og:title\" content=\"Glassesco \u2013 Sunglass WooCommerce Theme\" \/>\n<meta property=\"og:description\" content=\"Glassesco delivers a clean and stylish WooCommerce theme designed for sunglasses, eyewear shops, and fashion accessories stores.\" \/>\n<meta property=\"og:url\" content=\"https:\/\/allwintheme.com\/es\/producto\/glassesco-sunglass-woocommerce-theme\/\" \/>\n<meta property=\"og:site_name\" content=\"AllWin Theme \u2013 Free WordPress Themes Download\" \/>\n<meta property=\"article:modified_time\" content=\"2025-11-24T12:56:21+00:00\" \/>\n<meta property=\"og:image\" content=\"https:\/\/allwintheme.com\/wp-content\/uploads\/2025\/11\/Glassesco-\u2013-Sunglass-WooCommerce-Theme.png\" \/>\n\t<meta property=\"og:image:width\" content=\"768\" \/>\n\t<meta property=\"og:image:height\" content=\"404\" \/>\n\t<meta property=\"og:image:type\" content=\"image\/png\" \/>\n<meta name=\"twitter:card\" content=\"summary_large_image\" \/>\n<meta name=\"twitter:label1\" content=\"Tiempo estimado de lectura\" \/>\n\t<meta name=\"twitter:data1\" content=\"2 minutos\" \/>\n<script type=\"application\/ld+json\" class=\"yoast-schema-graph\">{\"@context\":\"https:\\\/\\\/schema.org\",\"@graph\":[{\"@type\":\"WebPage\",\"@id\":\"https:\\\/\\\/allwintheme.com\\\/product\\\/glassesco-sunglass-woocommerce-theme\\\/\",\"url\":\"https:\\\/\\\/allwintheme.com\\\/product\\\/glassesco-sunglass-woocommerce-theme\\\/\",\"name\":\"Glassesco \u2013 Sunglass WooCommerce Theme - AllWin Theme \u2013 Free WordPress Themes Download\",\"isPartOf\":{\"@id\":\"https:\\\/\\\/allwintheme.com\\\/#website\"},\"primaryImageOfPage\":{\"@id\":\"https:\\\/\\\/allwintheme.com\\\/product\\\/glassesco-sunglass-woocommerce-theme\\\/#primaryimage\"},\"image\":{\"@id\":\"https:\\\/\\\/allwintheme.com\\\/product\\\/glassesco-sunglass-woocommerce-theme\\\/#primaryimage\"},\"thumbnailUrl\":\"https:\\\/\\\/allwintheme.com\\\/wp-content\\\/uploads\\\/2025\\\/11\\\/Glassesco-\u2013-Sunglass-WooCommerce-Theme.png\",\"datePublished\":\"2025-11-24T12:49:10+00:00\",\"dateModified\":\"2025-11-24T12:56:21+00:00\",\"description\":\"Glassesco delivers a clean and stylish WooCommerce theme designed for sunglasses, eyewear shops, and fashion accessories stores.\",\"breadcrumb\":{\"@id\":\"https:\\\/\\\/allwintheme.com\\\/product\\\/glassesco-sunglass-woocommerce-theme\\\/#breadcrumb\"},\"inLanguage\":\"es-CL\",\"potentialAction\":[{\"@type\":\"ReadAction\",\"target\":[\"https:\\\/\\\/allwintheme.com\\\/product\\\/glassesco-sunglass-woocommerce-theme\\\/\"]}]},{\"@type\":\"ImageObject\",\"inLanguage\":\"es-CL\",\"@id\":\"https:\\\/\\\/allwintheme.com\\\/product\\\/glassesco-sunglass-woocommerce-theme\\\/#primaryimage\",\"url\":\"https:\\\/\\\/allwintheme.com\\\/wp-content\\\/uploads\\\/2025\\\/11\\\/Glassesco-\u2013-Sunglass-WooCommerce-Theme.png\",\"contentUrl\":\"https:\\\/\\\/allwintheme.com\\\/wp-content\\\/uploads\\\/2025\\\/11\\\/Glassesco-\u2013-Sunglass-WooCommerce-Theme.png\",\"width\":768,\"height\":404,\"caption\":\"Glassesco \u2013 Sunglass WooCommerce Theme\"},{\"@type\":\"BreadcrumbList\",\"@id\":\"https:\\\/\\\/allwintheme.com\\\/product\\\/glassesco-sunglass-woocommerce-theme\\\/#breadcrumb\",\"itemListElement\":[{\"@type\":\"ListItem\",\"position\":1,\"name\":\"Home\",\"item\":\"https:\\\/\\\/allwintheme.com\\\/\"},{\"@type\":\"ListItem\",\"position\":2,\"name\":\"Shop\",\"item\":\"https:\\\/\\\/allwintheme.com\\\/shop\\\/\"},{\"@type\":\"ListItem\",\"position\":3,\"name\":\"Glassesco \u2013 Sunglass WooCommerce Theme\"}]},{\"@type\":\"WebSite\",\"@id\":\"https:\\\/\\\/allwintheme.com\\\/#website\",\"url\":\"https:\\\/\\\/allwintheme.com\\\/\",\"name\":\"Allwintheme\",\"description\":\"Download free WordPress themes for every niche. Blogs, business, eCommerce, portfolio, restaurant and more. All themes are GPL licensed and mobile-ready.\",\"potentialAction\":[{\"@type\":\"SearchAction\",\"target\":{\"@type\":\"EntryPoint\",\"urlTemplate\":\"https:\\\/\\\/allwintheme.com\\\/?s={search_term_string}\"},\"query-input\":{\"@type\":\"PropertyValueSpecification\",\"valueRequired\":true,\"valueName\":\"search_term_string\"}}],\"inLanguage\":\"es-CL\"}]}<\/script>\n<!-- \/ Yoast SEO Premium plugin. -->","yoast_head_json":{"title":"Glassesco - Sunglass WooCommerce Theme - AllWin Theme - Free WordPress Themes Download","description":"Glassesco ofrece un tema WooCommerce limpio y elegante dise\u00f1ado para tiendas de gafas de sol, gafas y accesorios de moda.","robots":{"index":"index","follow":"follow","max-snippet":"max-snippet:-1","max-image-preview":"max-image-preview:large","max-video-preview":"max-video-preview:-1"},"canonical":"https:\/\/allwintheme.com\/es\/producto\/glassesco-sunglass-woocommerce-theme\/","og_locale":"es_ES","og_type":"article","og_title":"Glassesco \u2013 Sunglass WooCommerce Theme","og_description":"Glassesco delivers a clean and stylish WooCommerce theme designed for sunglasses, eyewear shops, and fashion accessories stores.","og_url":"https:\/\/allwintheme.com\/es\/producto\/glassesco-sunglass-woocommerce-theme\/","og_site_name":"AllWin Theme \u2013 Free WordPress Themes Download","article_modified_time":"2025-11-24T12:56:21+00:00","og_image":[{"width":768,"height":404,"url":"https:\/\/allwintheme.com\/wp-content\/uploads\/2025\/11\/Glassesco-\u2013-Sunglass-WooCommerce-Theme.png","type":"image\/png"}],"twitter_card":"summary_large_image","twitter_misc":{"Tiempo estimado de lectura":"2 minutos"},"schema":{"@context":"https:\/\/schema.org","@graph":[{"@type":"WebPage","@id":"https:\/\/allwintheme.com\/product\/glassesco-sunglass-woocommerce-theme\/","url":"https:\/\/allwintheme.com\/product\/glassesco-sunglass-woocommerce-theme\/","name":"Glassesco - Sunglass WooCommerce Theme - AllWin Theme - Free WordPress Themes Download","isPartOf":{"@id":"https:\/\/allwintheme.com\/#website"},"primaryImageOfPage":{"@id":"https:\/\/allwintheme.com\/product\/glassesco-sunglass-woocommerce-theme\/#primaryimage"},"image":{"@id":"https:\/\/allwintheme.com\/product\/glassesco-sunglass-woocommerce-theme\/#primaryimage"},"thumbnailUrl":"https:\/\/allwintheme.com\/wp-content\/uploads\/2025\/11\/Glassesco-\u2013-Sunglass-WooCommerce-Theme.png","datePublished":"2025-11-24T12:49:10+00:00","dateModified":"2025-11-24T12:56:21+00:00","description":"Glassesco ofrece un tema WooCommerce limpio y elegante dise\u00f1ado para tiendas de gafas de sol, gafas y accesorios de moda.","breadcrumb":{"@id":"https:\/\/allwintheme.com\/product\/glassesco-sunglass-woocommerce-theme\/#breadcrumb"},"inLanguage":"es-CL","potentialAction":[{"@type":"ReadAction","target":["https:\/\/allwintheme.com\/product\/glassesco-sunglass-woocommerce-theme\/"]}]},{"@type":"ImageObject","inLanguage":"es-CL","@id":"https:\/\/allwintheme.com\/product\/glassesco-sunglass-woocommerce-theme\/#primaryimage","url":"https:\/\/allwintheme.com\/wp-content\/uploads\/2025\/11\/Glassesco-\u2013-Sunglass-WooCommerce-Theme.png","contentUrl":"https:\/\/allwintheme.com\/wp-content\/uploads\/2025\/11\/Glassesco-\u2013-Sunglass-WooCommerce-Theme.png","width":768,"height":404,"caption":"Glassesco \u2013 Sunglass WooCommerce Theme"},{"@type":"BreadcrumbList","@id":"https:\/\/allwintheme.com\/product\/glassesco-sunglass-woocommerce-theme\/#breadcrumb","itemListElement":[{"@type":"ListItem","position":1,"name":"Home","item":"https:\/\/allwintheme.com\/"},{"@type":"ListItem","position":2,"name":"Shop","item":"https:\/\/allwintheme.com\/shop\/"},{"@type":"ListItem","position":3,"name":"Glassesco \u2013 Sunglass WooCommerce Theme"}]},{"@type":"WebSite","@id":"https:\/\/allwintheme.com\/#website","url":"https:\/\/allwintheme.com\/","name":"Allwintheme","description":"Descarga gratis temas de WordPress para todos los nichos. Blogs, negocios, comercio electr\u00f3nico, portafolio, restaurante y m\u00e1s. Todos los temas tienen licencia GPL y est\u00e1n preparados para dispositivos m\u00f3viles.","potentialAction":[{"@type":"SearchAction","target":{"@type":"EntryPoint","urlTemplate":"https:\/\/allwintheme.com\/?s={search_term_string}"},"query-input":{"@type":"PropertyValueSpecification","valueRequired":true,"valueName":"search_term_string"}}],"inLanguage":"es-CL"}]}},"_links":{"self":[{"href":"https:\/\/allwintheme.com\/es\/wp-json\/wp\/v2\/product\/12830","targetHints":{"allow":["GET"]}}],"collection":[{"href":"https:\/\/allwintheme.com\/es\/wp-json\/wp\/v2\/product"}],"about":[{"href":"https:\/\/allwintheme.com\/es\/wp-json\/wp\/v2\/types\/product"}],"replies":[{"embeddable":true,"href":"https:\/\/allwintheme.com\/es\/wp-json\/wp\/v2\/comments?post=12830"}],"version-history":[{"count":5,"href":"https:\/\/allwintheme.com\/es\/wp-json\/wp\/v2\/product\/12830\/revisions"}],"predecessor-version":[{"id":12835,"href":"https:\/\/allwintheme.com\/es\/wp-json\/wp\/v2\/product\/12830\/revisions\/12835"}],"wp:featuredmedia":[{"embeddable":true,"href":"https:\/\/allwintheme.com\/es\/wp-json\/wp\/v2\/media\/12759"}],"wp:attachment":[{"href":"https:\/\/allwintheme.com\/es\/wp-json\/wp\/v2\/media?parent=12830"}],"wp:term":[{"taxonomy":"product_brand","embeddable":true,"href":"https:\/\/allwintheme.com\/es\/wp-json\/wp\/v2\/product_brand?post=12830"},{"taxonomy":"product_cat","embeddable":true,"href":"https:\/\/allwintheme.com\/es\/wp-json\/wp\/v2\/product_cat?post=12830"},{"taxonomy":"product_tag","embeddable":true,"href":"https:\/\/allwintheme.com\/es\/wp-json\/wp\/v2\/product_tag?post=12830"}],"curies":[{"name":"wp","href":"https:\/\/api.w.org\/{rel}","templated":true}]}}