{"id":12836,"date":"2025-11-24T12:57:53","date_gmt":"2025-11-24T12:57:53","guid":{"rendered":"https:\/\/allwintheme.com\/?post_type=product&#038;p=12836"},"modified":"2025-11-24T13:06:16","modified_gmt":"2025-11-24T13:06:16","slug":"parsal-fashion-eyewear-prescription-glasses-sunglasses-wordpress-theme","status":"publish","type":"product","link":"https:\/\/allwintheme.com\/es\/producto\/parsal-fashion-eyewear-prescription-glasses-sunglasses-wordpress-theme\/","title":{"rendered":"Parsal - Fashion Eyewear Prescription Glasses &amp; Sunglasses WordPress Theme"},"content":{"rendered":"<div data-elementor-type=\"wp-post\" data-elementor-id=\"12836\" class=\"elementor elementor-12836\" data-elementor-settings=\"{&quot;element_pack_global_tooltip_width&quot;:{&quot;unit&quot;:&quot;px&quot;,&quot;size&quot;:&quot;&quot;,&quot;sizes&quot;:[]},&quot;element_pack_global_tooltip_width_tablet&quot;:{&quot;unit&quot;:&quot;px&quot;,&quot;size&quot;:&quot;&quot;,&quot;sizes&quot;:[]},&quot;element_pack_global_tooltip_width_mobile&quot;:{&quot;unit&quot;:&quot;px&quot;,&quot;size&quot;:&quot;&quot;,&quot;sizes&quot;:[]},&quot;element_pack_global_tooltip_padding&quot;:{&quot;unit&quot;:&quot;px&quot;,&quot;top&quot;:&quot;&quot;,&quot;right&quot;:&quot;&quot;,&quot;bottom&quot;:&quot;&quot;,&quot;left&quot;:&quot;&quot;,&quot;isLinked&quot;:true},&quot;element_pack_global_tooltip_padding_tablet&quot;:{&quot;unit&quot;:&quot;px&quot;,&quot;top&quot;:&quot;&quot;,&quot;right&quot;:&quot;&quot;,&quot;bottom&quot;:&quot;&quot;,&quot;left&quot;:&quot;&quot;,&quot;isLinked&quot;:true},&quot;element_pack_global_tooltip_padding_mobile&quot;:{&quot;unit&quot;:&quot;px&quot;,&quot;top&quot;:&quot;&quot;,&quot;right&quot;:&quot;&quot;,&quot;bottom&quot;:&quot;&quot;,&quot;left&quot;:&quot;&quot;,&quot;isLinked&quot;:true},&quot;element_pack_global_tooltip_border_radius&quot;:{&quot;unit&quot;:&quot;px&quot;,&quot;top&quot;:&quot;&quot;,&quot;right&quot;:&quot;&quot;,&quot;bottom&quot;:&quot;&quot;,&quot;left&quot;:&quot;&quot;,&quot;isLinked&quot;:true},&quot;element_pack_global_tooltip_border_radius_tablet&quot;:{&quot;unit&quot;:&quot;px&quot;,&quot;top&quot;:&quot;&quot;,&quot;right&quot;:&quot;&quot;,&quot;bottom&quot;:&quot;&quot;,&quot;left&quot;:&quot;&quot;,&quot;isLinked&quot;:true},&quot;element_pack_global_tooltip_border_radius_mobile&quot;:{&quot;unit&quot;:&quot;px&quot;,&quot;top&quot;:&quot;&quot;,&quot;right&quot;:&quot;&quot;,&quot;bottom&quot;:&quot;&quot;,&quot;left&quot;:&quot;&quot;,&quot;isLinked&quot;:true}}\" data-elementor-post-type=\"product\">\n\t\t\t\t<div class=\"wd-negative-gap elementor-element elementor-element-116794f e-flex e-con-boxed e-con e-parent\" data-id=\"116794f\" data-element_type=\"container\" data-e-type=\"container\">\n\t\t\t\t\t<div class=\"e-con-inner\">\n\t\t\t\t<div class=\"elementor-element elementor-element-03d2133 elementor-widget elementor-widget-wd_text_block\" data-id=\"03d2133\" data-element_type=\"widget\" data-e-type=\"widget\" data-widget_type=\"wd_text_block.default\">\n\t\t\t\t<div class=\"elementor-widget-container\">\n\t\t\t\t\t\t\t<div class=\"wd-text-block reset-last-child text-left\">\n\t\t\t\n\t\t\t<h2>Parsal - Fashion Eyewear WordPress Theme<\/h2>\n<p>Parsal ofrece una base moderna y elegante para tiendas de gafas de moda, estudios \u00f3pticos y tiendas de gafas de sol de marca. Con sus dise\u00f1os limpios y visuales audaces, el tema le ayuda a presentar colecciones de gafas de una manera que se siente elegante, clara y altamente profesional.<\/p>\n\n<h3>Perfecto para tiendas de gafas y moda<\/h3>\n<p>Si tiene una tienda online de gafas de sol, monturas de dise\u00f1o o gafas graduadas, Parsal le ofrece la flexibilidad necesaria para crear una experiencia de compra impecable. Adem\u00e1s, incluye dise\u00f1os centrados en el producto que destacan los materiales, los detalles de las lentes y las variaciones de estilo. Para m\u00e1s temas relacionados con las gafas, tambi\u00e9n puede explorar <a href=\"https:\/\/allwintheme.com\/es\/producto\/glassesco-sunglass-woocommerce-theme\/\">Glassesco - Sunglass WooCommerce Theme<\/a> y <a href=\"https:\/\/allwintheme.com\/es\/producto\/bond-store-gafas-tienda-multiusos-woocommerce-wordpress-theme\/\">Bond Store - Tema para tienda de gafas<\/a>.<\/p>\n\n<h3>F\u00e1cil personalizaci\u00f3n<\/h3>\n<p>Con Parsal, puede personalizar cada parte de su sitio utilizando herramientas de edici\u00f3n integradas. Adem\u00e1s, puede ajustar las paletas de colores, editar las cuadr\u00edculas de productos y crear banners promocionales sin tocar el c\u00f3digo. El tema tambi\u00e9n es compatible con WooCommerce, lo que le permite gestionar productos, pedidos y clientes sin esfuerzo.<\/p>\n\n<h3>Respuesta r\u00e1pida<\/h3>\n<p>Parsal ofrece una experiencia de navegaci\u00f3n fluida en todos los dispositivos, desde tel\u00e9fonos m\u00f3viles a ordenadores de sobremesa. Adem\u00e1s, su estructura optimizada garantiza velocidades de carga r\u00e1pidas y una navegaci\u00f3n fluida, lo que ayuda a aumentar las conversiones y mejorar el compromiso de los usuarios.<\/p>\n\n<h3>Caracter\u00edsticas principales<\/h3>\n<ul>\n  <li>Dise\u00f1o moderno y actual<\/li>\n  <li>Dise\u00f1o totalmente adaptable y apto para m\u00f3viles<\/li>\n  <li>Preparado para WooCommerce con elegantes p\u00e1ginas de productos<\/li>\n  <li>Estructura SEO para una mejor visibilidad<\/li>\n  <li>Banners, sliders y escaparates de productos personalizables<\/li>\n<\/ul>\n\n<h3>Temas y recursos relacionados<\/h3>\n<p>Si necesita m\u00e1s dise\u00f1os creativos para tiendas, puede explorar otras colecciones como <a href=\"https:\/\/allwintheme.com\/es\/producto\/movifox-movie-video-wordpress-theme\/\">Movifox - Tema de WordPress para pel\u00edculas y v\u00eddeos<\/a>. Aunque se centra en los v\u00eddeos, su flexibilidad de dise\u00f1o puede inspirar ideas \u00fanicas para contar historias de marca.<\/p>\n\n<p>Para obtener m\u00e1s consejos sobre comercio electr\u00f3nico y WordPress, visite blogs externos como <a href=\"https:\/\/wpkvip.com\/\" target=\"_blank\">WPKVIP<\/a>, donde podr\u00e1s aprender sobre optimizaci\u00f3n de temas, configuraci\u00f3n de WooCommerce y mejoras de rendimiento.<\/p>\n\n<p>Al elegir Parsal, su negocio de gafas obtiene un escaparate digital elegante y fiable que eleva su marca, atrae a los clientes y favorece el crecimiento a largo plazo.<\/p>\n\t\t\t\t\t<\/div>\n\t\t\t\t\t\t<\/div>\n\t\t\t\t<\/div>\n\t\t\t\t\t<\/div>\n\t\t\t\t<\/div>\n\t\t<div class=\"elementor-element elementor-element-e0896fb e-con-full e-flex e-con e-parent\" data-id=\"e0896fb\" data-element_type=\"container\" data-e-type=\"container\">\n\t\t\t\t<div class=\"elementor-element elementor-element-0c7b16a elementor-widget elementor-widget-video\" data-id=\"0c7b16a\" data-element_type=\"widget\" data-e-type=\"widget\" data-settings=\"{&quot;youtube_url&quot;:&quot;https:\\\/\\\/youtu.be\\\/CUh1gcTeHbU&quot;,&quot;video_type&quot;:&quot;youtube&quot;,&quot;controls&quot;:&quot;yes&quot;}\" data-widget_type=\"video.default\">\n\t\t\t\t\t\t\t<div class=\"elementor-wrapper elementor-open-inline\">\n\t\t\t<div class=\"elementor-video\"><\/div>\t\t<\/div>\n\t\t\t\t\t\t<\/div>\n\t\t\t\t<\/div>\n\t\t\t\t<\/div>","protected":false},"excerpt":{"rendered":"<p>Parsal \u2013 Fashion Eyewear WordPress Theme Parsal offers a modern and stylish foundation for fashion eyewear shops, optical studios, and<\/p>","protected":false},"featured_media":12758,"comment_status":"open","ping_status":"closed","template":"","meta":{"_acf_changed":false},"product_brand":[],"product_cat":[48],"product_tag":[],"class_list":{"0":"post-12836","1":"product","2":"type-product","3":"status-publish","4":"has-post-thumbnail","6":"product_cat-themes","8":"first","9":"instock","10":"sale","11":"downloadable","12":"shipping-taxable","13":"purchasable","14":"product-type-simple"},"acf":[],"yoast_head":"<!-- This site is optimized with the Yoast SEO Premium plugin v25.6 (Yoast SEO v27.1.1) - https:\/\/yoast.com\/product\/yoast-seo-premium-wordpress\/ -->\n<title>Parsal \u2013 Fashion Eyewear Prescription Glasses &amp; Sunglasses WordPress Theme - AllWin Theme \u2013 Free WordPress Themes Download<\/title>\n<meta name=\"description\" content=\"Parsal delivers a stylish and modern WordPress theme for eyewear shops, offering seamless WooCommerce integration for glasses and sunglasses brands.\" \/>\n<meta name=\"robots\" content=\"index, follow, max-snippet:-1, max-image-preview:large, max-video-preview:-1\" \/>\n<link rel=\"canonical\" href=\"https:\/\/allwintheme.com\/es\/producto\/parsal-fashion-eyewear-prescription-glasses-sunglasses-wordpress-theme\/\" \/>\n<meta property=\"og:locale\" content=\"es_ES\" \/>\n<meta property=\"og:type\" content=\"article\" \/>\n<meta property=\"og:title\" content=\"Parsal \u2013 Fashion Eyewear Prescription Glasses &amp; Sunglasses WordPress Theme\" \/>\n<meta property=\"og:description\" content=\"Parsal delivers a stylish and modern WordPress theme for eyewear shops, offering seamless WooCommerce integration for glasses and sunglasses brands.\" \/>\n<meta property=\"og:url\" content=\"https:\/\/allwintheme.com\/es\/producto\/parsal-fashion-eyewear-prescription-glasses-sunglasses-wordpress-theme\/\" \/>\n<meta property=\"og:site_name\" content=\"AllWin Theme \u2013 Free WordPress Themes Download\" \/>\n<meta property=\"article:modified_time\" content=\"2025-11-24T13:06:16+00:00\" \/>\n<meta property=\"og:image\" content=\"https:\/\/allwintheme.com\/wp-content\/uploads\/2025\/11\/Parsal-\u2013-Fashion-Eyewear-Prescription-Glasses-Sunglasses-WordPress-Theme.png\" \/>\n\t<meta property=\"og:image:width\" content=\"768\" \/>\n\t<meta property=\"og:image:height\" content=\"480\" \/>\n\t<meta property=\"og:image:type\" content=\"image\/png\" \/>\n<meta name=\"twitter:card\" content=\"summary_large_image\" \/>\n<meta name=\"twitter:label1\" content=\"Tiempo estimado de lectura\" \/>\n\t<meta name=\"twitter:data1\" content=\"2 minutos\" \/>\n<script type=\"application\/ld+json\" class=\"yoast-schema-graph\">{\"@context\":\"https:\/\/schema.org\",\"@graph\":[{\"@type\":\"WebPage\",\"@id\":\"https:\/\/allwintheme.com\/product\/parsal-fashion-eyewear-prescription-glasses-sunglasses-wordpress-theme\/\",\"url\":\"https:\/\/allwintheme.com\/product\/parsal-fashion-eyewear-prescription-glasses-sunglasses-wordpress-theme\/\",\"name\":\"Parsal \u2013 Fashion Eyewear Prescription Glasses & Sunglasses WordPress Theme - AllWin Theme \u2013 Free WordPress Themes Download\",\"isPartOf\":{\"@id\":\"https:\/\/allwintheme.com\/#website\"},\"primaryImageOfPage\":{\"@id\":\"https:\/\/allwintheme.com\/product\/parsal-fashion-eyewear-prescription-glasses-sunglasses-wordpress-theme\/#primaryimage\"},\"image\":{\"@id\":\"https:\/\/allwintheme.com\/product\/parsal-fashion-eyewear-prescription-glasses-sunglasses-wordpress-theme\/#primaryimage\"},\"thumbnailUrl\":\"https:\/\/allwintheme.com\/wp-content\/uploads\/2025\/11\/Parsal-\u2013-Fashion-Eyewear-Prescription-Glasses-Sunglasses-WordPress-Theme.png\",\"datePublished\":\"2025-11-24T12:57:53+00:00\",\"dateModified\":\"2025-11-24T13:06:16+00:00\",\"description\":\"Parsal delivers a stylish and modern WordPress theme for eyewear shops, offering seamless WooCommerce integration for glasses and sunglasses brands.\",\"breadcrumb\":{\"@id\":\"https:\/\/allwintheme.com\/product\/parsal-fashion-eyewear-prescription-glasses-sunglasses-wordpress-theme\/#breadcrumb\"},\"inLanguage\":\"es-CL\",\"potentialAction\":[{\"@type\":\"ReadAction\",\"target\":[\"https:\/\/allwintheme.com\/product\/parsal-fashion-eyewear-prescription-glasses-sunglasses-wordpress-theme\/\"]}]},{\"@type\":\"ImageObject\",\"inLanguage\":\"es-CL\",\"@id\":\"https:\/\/allwintheme.com\/product\/parsal-fashion-eyewear-prescription-glasses-sunglasses-wordpress-theme\/#primaryimage\",\"url\":\"https:\/\/allwintheme.com\/wp-content\/uploads\/2025\/11\/Parsal-\u2013-Fashion-Eyewear-Prescription-Glasses-Sunglasses-WordPress-Theme.png\",\"contentUrl\":\"https:\/\/allwintheme.com\/wp-content\/uploads\/2025\/11\/Parsal-\u2013-Fashion-Eyewear-Prescription-Glasses-Sunglasses-WordPress-Theme.png\",\"width\":768,\"height\":480,\"caption\":\"Parsal \u2013 Fashion Eyewear Prescription Glasses & Sunglasses WordPress Theme\"},{\"@type\":\"BreadcrumbList\",\"@id\":\"https:\/\/allwintheme.com\/product\/parsal-fashion-eyewear-prescription-glasses-sunglasses-wordpress-theme\/#breadcrumb\",\"itemListElement\":[{\"@type\":\"ListItem\",\"position\":1,\"name\":\"Home\",\"item\":\"https:\/\/allwintheme.com\/\"},{\"@type\":\"ListItem\",\"position\":2,\"name\":\"Shop\",\"item\":\"https:\/\/allwintheme.com\/shop\/\"},{\"@type\":\"ListItem\",\"position\":3,\"name\":\"Parsal \u2013 Fashion Eyewear Prescription Glasses &#038; Sunglasses WordPress Theme\"}]},{\"@type\":\"WebSite\",\"@id\":\"https:\/\/allwintheme.com\/#website\",\"url\":\"https:\/\/allwintheme.com\/\",\"name\":\"Allwintheme\",\"description\":\"Download free WordPress themes for every niche. Blogs, business, eCommerce, portfolio, restaurant and more. All themes are GPL licensed and mobile-ready.\",\"potentialAction\":[{\"@type\":\"SearchAction\",\"target\":{\"@type\":\"EntryPoint\",\"urlTemplate\":\"https:\/\/allwintheme.com\/?s={search_term_string}\"},\"query-input\":{\"@type\":\"PropertyValueSpecification\",\"valueRequired\":true,\"valueName\":\"search_term_string\"}}],\"inLanguage\":\"es-CL\"}]}<\/script>\n<!-- \/ Yoast SEO Premium plugin. -->","yoast_head_json":{"title":"Parsal \u2013 Fashion Eyewear Prescription Glasses & Sunglasses WordPress Theme - AllWin Theme \u2013 Free WordPress Themes Download","description":"Parsal es un elegante y moderno tema de WordPress para tiendas de gafas, que ofrece una perfecta integraci\u00f3n con WooCommerce para marcas de gafas y gafas de sol.","robots":{"index":"index","follow":"follow","max-snippet":"max-snippet:-1","max-image-preview":"max-image-preview:large","max-video-preview":"max-video-preview:-1"},"canonical":"https:\/\/allwintheme.com\/es\/producto\/parsal-fashion-eyewear-prescription-glasses-sunglasses-wordpress-theme\/","og_locale":"es_ES","og_type":"article","og_title":"Parsal \u2013 Fashion Eyewear Prescription Glasses & Sunglasses WordPress Theme","og_description":"Parsal delivers a stylish and modern WordPress theme for eyewear shops, offering seamless WooCommerce integration for glasses and sunglasses brands.","og_url":"https:\/\/allwintheme.com\/es\/producto\/parsal-fashion-eyewear-prescription-glasses-sunglasses-wordpress-theme\/","og_site_name":"AllWin Theme \u2013 Free WordPress Themes Download","article_modified_time":"2025-11-24T13:06:16+00:00","og_image":[{"width":768,"height":480,"url":"https:\/\/allwintheme.com\/wp-content\/uploads\/2025\/11\/Parsal-\u2013-Fashion-Eyewear-Prescription-Glasses-Sunglasses-WordPress-Theme.png","type":"image\/png"}],"twitter_card":"summary_large_image","twitter_misc":{"Tiempo estimado de lectura":"2 minutos"},"schema":{"@context":"https:\/\/schema.org","@graph":[{"@type":"WebPage","@id":"https:\/\/allwintheme.com\/product\/parsal-fashion-eyewear-prescription-glasses-sunglasses-wordpress-theme\/","url":"https:\/\/allwintheme.com\/product\/parsal-fashion-eyewear-prescription-glasses-sunglasses-wordpress-theme\/","name":"Parsal \u2013 Fashion Eyewear Prescription Glasses & Sunglasses WordPress Theme - AllWin Theme \u2013 Free WordPress Themes Download","isPartOf":{"@id":"https:\/\/allwintheme.com\/#website"},"primaryImageOfPage":{"@id":"https:\/\/allwintheme.com\/product\/parsal-fashion-eyewear-prescription-glasses-sunglasses-wordpress-theme\/#primaryimage"},"image":{"@id":"https:\/\/allwintheme.com\/product\/parsal-fashion-eyewear-prescription-glasses-sunglasses-wordpress-theme\/#primaryimage"},"thumbnailUrl":"https:\/\/allwintheme.com\/wp-content\/uploads\/2025\/11\/Parsal-\u2013-Fashion-Eyewear-Prescription-Glasses-Sunglasses-WordPress-Theme.png","datePublished":"2025-11-24T12:57:53+00:00","dateModified":"2025-11-24T13:06:16+00:00","description":"Parsal es un elegante y moderno tema de WordPress para tiendas de gafas, que ofrece una perfecta integraci\u00f3n con WooCommerce para marcas de gafas y gafas de sol.","breadcrumb":{"@id":"https:\/\/allwintheme.com\/product\/parsal-fashion-eyewear-prescription-glasses-sunglasses-wordpress-theme\/#breadcrumb"},"inLanguage":"es-CL","potentialAction":[{"@type":"ReadAction","target":["https:\/\/allwintheme.com\/product\/parsal-fashion-eyewear-prescription-glasses-sunglasses-wordpress-theme\/"]}]},{"@type":"ImageObject","inLanguage":"es-CL","@id":"https:\/\/allwintheme.com\/product\/parsal-fashion-eyewear-prescription-glasses-sunglasses-wordpress-theme\/#primaryimage","url":"https:\/\/allwintheme.com\/wp-content\/uploads\/2025\/11\/Parsal-\u2013-Fashion-Eyewear-Prescription-Glasses-Sunglasses-WordPress-Theme.png","contentUrl":"https:\/\/allwintheme.com\/wp-content\/uploads\/2025\/11\/Parsal-\u2013-Fashion-Eyewear-Prescription-Glasses-Sunglasses-WordPress-Theme.png","width":768,"height":480,"caption":"Parsal \u2013 Fashion Eyewear Prescription Glasses & Sunglasses WordPress Theme"},{"@type":"BreadcrumbList","@id":"https:\/\/allwintheme.com\/product\/parsal-fashion-eyewear-prescription-glasses-sunglasses-wordpress-theme\/#breadcrumb","itemListElement":[{"@type":"ListItem","position":1,"name":"Home","item":"https:\/\/allwintheme.com\/"},{"@type":"ListItem","position":2,"name":"Shop","item":"https:\/\/allwintheme.com\/shop\/"},{"@type":"ListItem","position":3,"name":"Parsal \u2013 Fashion Eyewear Prescription Glasses &#038; Sunglasses WordPress Theme"}]},{"@type":"WebSite","@id":"https:\/\/allwintheme.com\/#website","url":"https:\/\/allwintheme.com\/","name":"Allwintheme","description":"Descarga gratis temas de WordPress para todos los nichos. Blogs, negocios, comercio electr\u00f3nico, portafolio, restaurante y m\u00e1s. Todos los temas tienen licencia GPL y est\u00e1n preparados para dispositivos m\u00f3viles.","potentialAction":[{"@type":"SearchAction","target":{"@type":"EntryPoint","urlTemplate":"https:\/\/allwintheme.com\/?s={search_term_string}"},"query-input":{"@type":"PropertyValueSpecification","valueRequired":true,"valueName":"search_term_string"}}],"inLanguage":"es-CL"}]}},"_links":{"self":[{"href":"https:\/\/allwintheme.com\/es\/wp-json\/wp\/v2\/product\/12836","targetHints":{"allow":["GET"]}}],"collection":[{"href":"https:\/\/allwintheme.com\/es\/wp-json\/wp\/v2\/product"}],"about":[{"href":"https:\/\/allwintheme.com\/es\/wp-json\/wp\/v2\/types\/product"}],"replies":[{"embeddable":true,"href":"https:\/\/allwintheme.com\/es\/wp-json\/wp\/v2\/comments?post=12836"}],"version-history":[{"count":8,"href":"https:\/\/allwintheme.com\/es\/wp-json\/wp\/v2\/product\/12836\/revisions"}],"predecessor-version":[{"id":12844,"href":"https:\/\/allwintheme.com\/es\/wp-json\/wp\/v2\/product\/12836\/revisions\/12844"}],"wp:featuredmedia":[{"embeddable":true,"href":"https:\/\/allwintheme.com\/es\/wp-json\/wp\/v2\/media\/12758"}],"wp:attachment":[{"href":"https:\/\/allwintheme.com\/es\/wp-json\/wp\/v2\/media?parent=12836"}],"wp:term":[{"taxonomy":"product_brand","embeddable":true,"href":"https:\/\/allwintheme.com\/es\/wp-json\/wp\/v2\/product_brand?post=12836"},{"taxonomy":"product_cat","embeddable":true,"href":"https:\/\/allwintheme.com\/es\/wp-json\/wp\/v2\/product_cat?post=12836"},{"taxonomy":"product_tag","embeddable":true,"href":"https:\/\/allwintheme.com\/es\/wp-json\/wp\/v2\/product_tag?post=12836"}],"curies":[{"name":"wp","href":"https:\/\/api.w.org\/{rel}","templated":true}]}}