{"id":12845,"date":"2025-11-24T13:07:41","date_gmt":"2025-11-24T13:07:41","guid":{"rendered":"https:\/\/allwintheme.com\/?post_type=product&#038;p=12845"},"modified":"2025-11-24T13:14:49","modified_gmt":"2025-11-24T13:14:49","slug":"lensade-gafas-gafas-elementor-plantilla","status":"publish","type":"product","link":"https:\/\/allwintheme.com\/es\/producto\/lensade-gafas-gafas-elementor-plantilla\/","title":{"rendered":"Lensade - Glasses &amp; Eyewear Elementor Template"},"content":{"rendered":"<div data-elementor-type=\"wp-post\" data-elementor-id=\"12845\" class=\"elementor elementor-12845\" data-elementor-settings=\"{&quot;element_pack_global_tooltip_width&quot;:{&quot;unit&quot;:&quot;px&quot;,&quot;size&quot;:&quot;&quot;,&quot;sizes&quot;:[]},&quot;element_pack_global_tooltip_width_tablet&quot;:{&quot;unit&quot;:&quot;px&quot;,&quot;size&quot;:&quot;&quot;,&quot;sizes&quot;:[]},&quot;element_pack_global_tooltip_width_mobile&quot;:{&quot;unit&quot;:&quot;px&quot;,&quot;size&quot;:&quot;&quot;,&quot;sizes&quot;:[]},&quot;element_pack_global_tooltip_padding&quot;:{&quot;unit&quot;:&quot;px&quot;,&quot;top&quot;:&quot;&quot;,&quot;right&quot;:&quot;&quot;,&quot;bottom&quot;:&quot;&quot;,&quot;left&quot;:&quot;&quot;,&quot;isLinked&quot;:true},&quot;element_pack_global_tooltip_padding_tablet&quot;:{&quot;unit&quot;:&quot;px&quot;,&quot;top&quot;:&quot;&quot;,&quot;right&quot;:&quot;&quot;,&quot;bottom&quot;:&quot;&quot;,&quot;left&quot;:&quot;&quot;,&quot;isLinked&quot;:true},&quot;element_pack_global_tooltip_padding_mobile&quot;:{&quot;unit&quot;:&quot;px&quot;,&quot;top&quot;:&quot;&quot;,&quot;right&quot;:&quot;&quot;,&quot;bottom&quot;:&quot;&quot;,&quot;left&quot;:&quot;&quot;,&quot;isLinked&quot;:true},&quot;element_pack_global_tooltip_border_radius&quot;:{&quot;unit&quot;:&quot;px&quot;,&quot;top&quot;:&quot;&quot;,&quot;right&quot;:&quot;&quot;,&quot;bottom&quot;:&quot;&quot;,&quot;left&quot;:&quot;&quot;,&quot;isLinked&quot;:true},&quot;element_pack_global_tooltip_border_radius_tablet&quot;:{&quot;unit&quot;:&quot;px&quot;,&quot;top&quot;:&quot;&quot;,&quot;right&quot;:&quot;&quot;,&quot;bottom&quot;:&quot;&quot;,&quot;left&quot;:&quot;&quot;,&quot;isLinked&quot;:true},&quot;element_pack_global_tooltip_border_radius_mobile&quot;:{&quot;unit&quot;:&quot;px&quot;,&quot;top&quot;:&quot;&quot;,&quot;right&quot;:&quot;&quot;,&quot;bottom&quot;:&quot;&quot;,&quot;left&quot;:&quot;&quot;,&quot;isLinked&quot;:true}}\" data-elementor-post-type=\"product\">\n\t\t\t\t<div class=\"wd-negative-gap elementor-element elementor-element-116794f e-flex e-con-boxed e-con e-parent\" data-id=\"116794f\" data-element_type=\"container\" data-e-type=\"container\">\n\t\t\t\t\t<div class=\"e-con-inner\">\n\t\t\t\t<div class=\"elementor-element elementor-element-03d2133 elementor-widget elementor-widget-wd_text_block\" data-id=\"03d2133\" data-element_type=\"widget\" data-e-type=\"widget\" data-widget_type=\"wd_text_block.default\">\n\t\t\t\t<div class=\"elementor-widget-container\">\n\t\t\t\t\t\t\t<div class=\"wd-text-block reset-last-child text-left\">\n\t\t\t\n\t\t\t<h2>Lensade - Glasses &amp; Eyewear Elementor Template<\/h2><p>Lensade ofrece una plantilla Elementor moderna y elegante dise\u00f1ada espec\u00edficamente para tiendas de gafas, \u00f3pticas y marcas de accesorios de moda. Te ayuda a presentar gafas, gafas de sol y monturas graduadas con un dise\u00f1o limpio que se centra en la claridad, la marca y la conversi\u00f3n de ventas.<\/p><p>Tanto si vendes monturas de lujo como gafas de uso diario, Lensade te ofrece p\u00e1ginas listas para usar que destacan colecciones de productos, tipos de lentes, promociones e historias de marca. Adem\u00e1s, la plantilla funciona sin problemas con Elementor, lo que te permite personalizar cada detalle sin tocar c\u00f3digo.<\/p><h3>Dise\u00f1ado para empresas de gafas y \u00f3pticas<\/h3><p>Lensade proporciona secciones profesionales para categor\u00edas de productos, listados de tiendas, caracter\u00edsticas de la marca y opiniones de clientes. Adem\u00e1s, puedes integrar f\u00e1cilmente funciones avanzadas de WooCommerce, lo que la convierte en una base s\u00f3lida para cualquier negocio de gafas online.<\/p><p>Si necesita temas WordPress completos para tiendas de gafas, tambi\u00e9n puede explorar nuestros dise\u00f1os premium como el <a href=\"https:\/\/allwintheme.com\/es\/producto\/parsal-fashion-eyewear-prescription-glasses-sunglasses-wordpress-theme\/\">Parsal Eyewear WordPress Theme<\/a> y el <a href=\"https:\/\/allwintheme.com\/es\/producto\/glassesco-sunglass-woocommerce-theme\/\">GlassesCo Sunglass WooCommerce Tema<\/a>, que ofrecen sistemas completos de tienda en l\u00ednea y funciones ampliadas de comercio electr\u00f3nico.<\/p><h3>Edici\u00f3n flexible con Elementor<\/h3><p>Puedes actualizar dise\u00f1os, ajustar colores, cambiar fuentes y a\u00f1adir nuevas secciones simplemente arrastrando elementos en Elementor. Adem\u00e1s, Lensade incluye banners predise\u00f1ados, bloques de llamada a la acci\u00f3n y cuadr\u00edculas de productos que te ayudar\u00e1n a destacar los modelos de gafas m\u00e1s vendidos y las ofertas de temporada.<\/p><h3>Capacidad de respuesta y rendimiento<\/h3><p>Lensade ofrece una experiencia de compra fluida en todos los dispositivos. Se carga r\u00e1pido, es compatible con las mejores pr\u00e1cticas de SEO y ofrece un c\u00f3digo limpio que ayuda a que su sitio tenga un buen rendimiento en los resultados de b\u00fasqueda. Como resultado, los clientes pueden examinar las monturas, comprobar los detalles y comprar con facilidad.<\/p><h3>Caracter\u00edsticas principales<\/h3><ul><li>Dise\u00f1o moderno y elegante centrado en las gafas<\/li><li>Dise\u00f1o adaptable y optimizado para m\u00f3viles<\/li><li>F\u00e1cil personalizaci\u00f3n mediante arrastrar y soltar con Elementor<\/li><li>Estructura lista para la tienda compatible con WooCommerce<\/li><li>Bonitas parrillas de productos y secciones promocionales<\/li><\/ul><h3>Recursos adicionales<\/h3><p>Para las integraciones de marketing por correo electr\u00f3nico o las herramientas de generaci\u00f3n de prospectos, puede consultar la secci\u00f3n <a href=\"https:\/\/allwintheme.com\/es\/producto\/dar-convertkit\/\">Plugin de integraci\u00f3n de ConvertKit<\/a> disponible en nuestro sitio web.<\/p><p>Para saber m\u00e1s sobre c\u00f3mo mejorar los sitios web de tiendas de gafas, tambi\u00e9n puede encontrar gu\u00edas \u00fatiles en nuestro blog asociado <a href=\"https:\/\/wpkvip.com\" target=\"_blank\" rel=\"noopener\">WPKVIP<\/a>, donde podr\u00e1s explorar tutoriales relacionados con el dise\u00f1o, SEO y WooCommerce.<\/p><p>Lensade proporciona a su negocio de gafas una base pulida, ayud\u00e1ndole a presentar sus productos de forma atractiva a la vez que ofrece a sus clientes una experiencia de compra fluida y moderna.<\/p>\n\t\t\t\t\t<\/div>\n\t\t\t\t\t\t<\/div>\n\t\t\t\t<\/div>\n\t\t\t\t\t<\/div>\n\t\t\t\t<\/div>\n\t\t\t\t<\/div>","protected":false},"excerpt":{"rendered":"<p>Lensade - Glasses &amp; Eyewear Elementor Template Lensade ofrece una plantilla Elementor moderna y elegante dise\u00f1ada espec\u00edficamente para tiendas de gafas,<\/p>","protected":false},"featured_media":12757,"comment_status":"open","ping_status":"closed","template":"","meta":{"_acf_changed":false},"product_brand":[],"product_cat":[50],"product_tag":[],"class_list":{"0":"post-12845","1":"product","2":"type-product","3":"status-publish","4":"has-post-thumbnail","6":"product_cat-template-kits","8":"first","9":"instock","10":"sale","11":"downloadable","12":"shipping-taxable","13":"purchasable","14":"product-type-simple"},"acf":[],"yoast_head":"<!-- This site is optimized with the Yoast SEO Premium plugin v25.6 (Yoast SEO v27.1.1) - https:\/\/yoast.com\/product\/yoast-seo-premium-wordpress\/ -->\n<title>Lensade \u2013 Glasses &amp; Eyewear Elementor Template - AllWin Theme \u2013 Free WordPress Themes Download<\/title>\n<meta name=\"description\" content=\"A clean and modern Elementor template for eyewear stores, offering stylish layouts for glasses, sunglasses, and optical shops.\" \/>\n<meta name=\"robots\" content=\"index, follow, max-snippet:-1, max-image-preview:large, max-video-preview:-1\" \/>\n<link rel=\"canonical\" href=\"https:\/\/allwintheme.com\/es\/producto\/lensade-gafas-gafas-elementor-plantilla\/\" \/>\n<meta property=\"og:locale\" content=\"es_ES\" \/>\n<meta property=\"og:type\" content=\"article\" \/>\n<meta property=\"og:title\" content=\"Lensade \u2013 Glasses &amp; Eyewear Elementor Template\" \/>\n<meta property=\"og:description\" content=\"A clean and modern Elementor template for eyewear stores, offering stylish layouts for glasses, sunglasses, and optical shops.\" \/>\n<meta property=\"og:url\" content=\"https:\/\/allwintheme.com\/es\/producto\/lensade-gafas-gafas-elementor-plantilla\/\" \/>\n<meta property=\"og:site_name\" content=\"AllWin Theme \u2013 Free WordPress Themes Download\" \/>\n<meta property=\"article:modified_time\" content=\"2025-11-24T13:14:49+00:00\" \/>\n<meta property=\"og:image\" content=\"https:\/\/allwintheme.com\/wp-content\/uploads\/2025\/11\/Lensade-\u2013-Glasses-Eyewear-Elementor-Template.png\" \/>\n\t<meta property=\"og:image:width\" content=\"768\" \/>\n\t<meta property=\"og:image:height\" content=\"512\" \/>\n\t<meta property=\"og:image:type\" content=\"image\/png\" \/>\n<meta name=\"twitter:card\" content=\"summary_large_image\" \/>\n<meta name=\"twitter:label1\" content=\"Tiempo estimado de lectura\" \/>\n\t<meta name=\"twitter:data1\" content=\"2 minutos\" \/>\n<script type=\"application\/ld+json\" class=\"yoast-schema-graph\">{\"@context\":\"https:\/\/schema.org\",\"@graph\":[{\"@type\":\"WebPage\",\"@id\":\"https:\/\/allwintheme.com\/product\/lensade-glasses-eyewear-elementor-template\/\",\"url\":\"https:\/\/allwintheme.com\/product\/lensade-glasses-eyewear-elementor-template\/\",\"name\":\"Lensade \u2013 Glasses & Eyewear Elementor Template - AllWin Theme \u2013 Free WordPress Themes Download\",\"isPartOf\":{\"@id\":\"https:\/\/allwintheme.com\/#website\"},\"primaryImageOfPage\":{\"@id\":\"https:\/\/allwintheme.com\/product\/lensade-glasses-eyewear-elementor-template\/#primaryimage\"},\"image\":{\"@id\":\"https:\/\/allwintheme.com\/product\/lensade-glasses-eyewear-elementor-template\/#primaryimage\"},\"thumbnailUrl\":\"https:\/\/allwintheme.com\/wp-content\/uploads\/2025\/11\/Lensade-\u2013-Glasses-Eyewear-Elementor-Template.png\",\"datePublished\":\"2025-11-24T13:07:41+00:00\",\"dateModified\":\"2025-11-24T13:14:49+00:00\",\"description\":\"A clean and modern Elementor template for eyewear stores, offering stylish layouts for glasses, sunglasses, and optical shops.\",\"breadcrumb\":{\"@id\":\"https:\/\/allwintheme.com\/product\/lensade-glasses-eyewear-elementor-template\/#breadcrumb\"},\"inLanguage\":\"es-CL\",\"potentialAction\":[{\"@type\":\"ReadAction\",\"target\":[\"https:\/\/allwintheme.com\/product\/lensade-glasses-eyewear-elementor-template\/\"]}]},{\"@type\":\"ImageObject\",\"inLanguage\":\"es-CL\",\"@id\":\"https:\/\/allwintheme.com\/product\/lensade-glasses-eyewear-elementor-template\/#primaryimage\",\"url\":\"https:\/\/allwintheme.com\/wp-content\/uploads\/2025\/11\/Lensade-\u2013-Glasses-Eyewear-Elementor-Template.png\",\"contentUrl\":\"https:\/\/allwintheme.com\/wp-content\/uploads\/2025\/11\/Lensade-\u2013-Glasses-Eyewear-Elementor-Template.png\",\"width\":768,\"height\":512,\"caption\":\"Lensade \u2013 Glasses & Eyewear Elementor Template\"},{\"@type\":\"BreadcrumbList\",\"@id\":\"https:\/\/allwintheme.com\/product\/lensade-glasses-eyewear-elementor-template\/#breadcrumb\",\"itemListElement\":[{\"@type\":\"ListItem\",\"position\":1,\"name\":\"Home\",\"item\":\"https:\/\/allwintheme.com\/\"},{\"@type\":\"ListItem\",\"position\":2,\"name\":\"Shop\",\"item\":\"https:\/\/allwintheme.com\/shop\/\"},{\"@type\":\"ListItem\",\"position\":3,\"name\":\"Lensade \u2013 Glasses &#038; Eyewear Elementor Template\"}]},{\"@type\":\"WebSite\",\"@id\":\"https:\/\/allwintheme.com\/#website\",\"url\":\"https:\/\/allwintheme.com\/\",\"name\":\"Allwintheme\",\"description\":\"Download free WordPress themes for every niche. Blogs, business, eCommerce, portfolio, restaurant and more. All themes are GPL licensed and mobile-ready.\",\"potentialAction\":[{\"@type\":\"SearchAction\",\"target\":{\"@type\":\"EntryPoint\",\"urlTemplate\":\"https:\/\/allwintheme.com\/?s={search_term_string}\"},\"query-input\":{\"@type\":\"PropertyValueSpecification\",\"valueRequired\":true,\"valueName\":\"search_term_string\"}}],\"inLanguage\":\"es-CL\"}]}<\/script>\n<!-- \/ Yoast SEO Premium plugin. -->","yoast_head_json":{"title":"Lensade \u2013 Glasses & Eyewear Elementor Template - AllWin Theme \u2013 Free WordPress Themes Download","description":"Una plantilla Elementor limpia y moderna para tiendas de gafas, que ofrece dise\u00f1os elegantes para gafas, gafas de sol y tiendas \u00f3pticas.","robots":{"index":"index","follow":"follow","max-snippet":"max-snippet:-1","max-image-preview":"max-image-preview:large","max-video-preview":"max-video-preview:-1"},"canonical":"https:\/\/allwintheme.com\/es\/producto\/lensade-gafas-gafas-elementor-plantilla\/","og_locale":"es_ES","og_type":"article","og_title":"Lensade \u2013 Glasses & Eyewear Elementor Template","og_description":"A clean and modern Elementor template for eyewear stores, offering stylish layouts for glasses, sunglasses, and optical shops.","og_url":"https:\/\/allwintheme.com\/es\/producto\/lensade-gafas-gafas-elementor-plantilla\/","og_site_name":"AllWin Theme \u2013 Free WordPress Themes Download","article_modified_time":"2025-11-24T13:14:49+00:00","og_image":[{"width":768,"height":512,"url":"https:\/\/allwintheme.com\/wp-content\/uploads\/2025\/11\/Lensade-\u2013-Glasses-Eyewear-Elementor-Template.png","type":"image\/png"}],"twitter_card":"summary_large_image","twitter_misc":{"Tiempo estimado de lectura":"2 minutos"},"schema":{"@context":"https:\/\/schema.org","@graph":[{"@type":"WebPage","@id":"https:\/\/allwintheme.com\/product\/lensade-glasses-eyewear-elementor-template\/","url":"https:\/\/allwintheme.com\/product\/lensade-glasses-eyewear-elementor-template\/","name":"Lensade \u2013 Glasses & Eyewear Elementor Template - AllWin Theme \u2013 Free WordPress Themes Download","isPartOf":{"@id":"https:\/\/allwintheme.com\/#website"},"primaryImageOfPage":{"@id":"https:\/\/allwintheme.com\/product\/lensade-glasses-eyewear-elementor-template\/#primaryimage"},"image":{"@id":"https:\/\/allwintheme.com\/product\/lensade-glasses-eyewear-elementor-template\/#primaryimage"},"thumbnailUrl":"https:\/\/allwintheme.com\/wp-content\/uploads\/2025\/11\/Lensade-\u2013-Glasses-Eyewear-Elementor-Template.png","datePublished":"2025-11-24T13:07:41+00:00","dateModified":"2025-11-24T13:14:49+00:00","description":"Una plantilla Elementor limpia y moderna para tiendas de gafas, que ofrece dise\u00f1os elegantes para gafas, gafas de sol y tiendas \u00f3pticas.","breadcrumb":{"@id":"https:\/\/allwintheme.com\/product\/lensade-glasses-eyewear-elementor-template\/#breadcrumb"},"inLanguage":"es-CL","potentialAction":[{"@type":"ReadAction","target":["https:\/\/allwintheme.com\/product\/lensade-glasses-eyewear-elementor-template\/"]}]},{"@type":"ImageObject","inLanguage":"es-CL","@id":"https:\/\/allwintheme.com\/product\/lensade-glasses-eyewear-elementor-template\/#primaryimage","url":"https:\/\/allwintheme.com\/wp-content\/uploads\/2025\/11\/Lensade-\u2013-Glasses-Eyewear-Elementor-Template.png","contentUrl":"https:\/\/allwintheme.com\/wp-content\/uploads\/2025\/11\/Lensade-\u2013-Glasses-Eyewear-Elementor-Template.png","width":768,"height":512,"caption":"Lensade \u2013 Glasses & Eyewear Elementor Template"},{"@type":"BreadcrumbList","@id":"https:\/\/allwintheme.com\/product\/lensade-glasses-eyewear-elementor-template\/#breadcrumb","itemListElement":[{"@type":"ListItem","position":1,"name":"Home","item":"https:\/\/allwintheme.com\/"},{"@type":"ListItem","position":2,"name":"Shop","item":"https:\/\/allwintheme.com\/shop\/"},{"@type":"ListItem","position":3,"name":"Lensade \u2013 Glasses &#038; Eyewear Elementor Template"}]},{"@type":"WebSite","@id":"https:\/\/allwintheme.com\/#website","url":"https:\/\/allwintheme.com\/","name":"Allwintheme","description":"Descarga gratis temas de WordPress para todos los nichos. Blogs, negocios, comercio electr\u00f3nico, portafolio, restaurante y m\u00e1s. Todos los temas tienen licencia GPL y est\u00e1n preparados para dispositivos m\u00f3viles.","potentialAction":[{"@type":"SearchAction","target":{"@type":"EntryPoint","urlTemplate":"https:\/\/allwintheme.com\/?s={search_term_string}"},"query-input":{"@type":"PropertyValueSpecification","valueRequired":true,"valueName":"search_term_string"}}],"inLanguage":"es-CL"}]}},"_links":{"self":[{"href":"https:\/\/allwintheme.com\/es\/wp-json\/wp\/v2\/product\/12845","targetHints":{"allow":["GET"]}}],"collection":[{"href":"https:\/\/allwintheme.com\/es\/wp-json\/wp\/v2\/product"}],"about":[{"href":"https:\/\/allwintheme.com\/es\/wp-json\/wp\/v2\/types\/product"}],"replies":[{"embeddable":true,"href":"https:\/\/allwintheme.com\/es\/wp-json\/wp\/v2\/comments?post=12845"}],"version-history":[{"count":5,"href":"https:\/\/allwintheme.com\/es\/wp-json\/wp\/v2\/product\/12845\/revisions"}],"predecessor-version":[{"id":12850,"href":"https:\/\/allwintheme.com\/es\/wp-json\/wp\/v2\/product\/12845\/revisions\/12850"}],"wp:featuredmedia":[{"embeddable":true,"href":"https:\/\/allwintheme.com\/es\/wp-json\/wp\/v2\/media\/12757"}],"wp:attachment":[{"href":"https:\/\/allwintheme.com\/es\/wp-json\/wp\/v2\/media?parent=12845"}],"wp:term":[{"taxonomy":"product_brand","embeddable":true,"href":"https:\/\/allwintheme.com\/es\/wp-json\/wp\/v2\/product_brand?post=12845"},{"taxonomy":"product_cat","embeddable":true,"href":"https:\/\/allwintheme.com\/es\/wp-json\/wp\/v2\/product_cat?post=12845"},{"taxonomy":"product_tag","embeddable":true,"href":"https:\/\/allwintheme.com\/es\/wp-json\/wp\/v2\/product_tag?post=12845"}],"curies":[{"name":"wp","href":"https:\/\/api.w.org\/{rel}","templated":true}]}}