{"id":12936,"date":"2025-11-25T02:52:02","date_gmt":"2025-11-25T02:52:02","guid":{"rendered":"https:\/\/allwintheme.com\/?post_type=product&#038;p=12936"},"modified":"2025-11-25T03:00:48","modified_gmt":"2025-11-25T03:00:48","slug":"mizox-agencia-de-diseno-web-wordpress","status":"publish","type":"product","link":"https:\/\/allwintheme.com\/es\/producto\/mizox-agencia-de-diseno-web-wordpress\/","title":{"rendered":"Mizox - Agencia de Dise\u00f1o Web WordPress"},"content":{"rendered":"<div data-elementor-type=\"wp-post\" data-elementor-id=\"12936\" class=\"elementor elementor-12936\" data-elementor-settings=\"{&quot;element_pack_global_tooltip_width&quot;:{&quot;unit&quot;:&quot;px&quot;,&quot;size&quot;:&quot;&quot;,&quot;sizes&quot;:[]},&quot;element_pack_global_tooltip_width_tablet&quot;:{&quot;unit&quot;:&quot;px&quot;,&quot;size&quot;:&quot;&quot;,&quot;sizes&quot;:[]},&quot;element_pack_global_tooltip_width_mobile&quot;:{&quot;unit&quot;:&quot;px&quot;,&quot;size&quot;:&quot;&quot;,&quot;sizes&quot;:[]},&quot;element_pack_global_tooltip_padding&quot;:{&quot;unit&quot;:&quot;px&quot;,&quot;top&quot;:&quot;&quot;,&quot;right&quot;:&quot;&quot;,&quot;bottom&quot;:&quot;&quot;,&quot;left&quot;:&quot;&quot;,&quot;isLinked&quot;:true},&quot;element_pack_global_tooltip_padding_tablet&quot;:{&quot;unit&quot;:&quot;px&quot;,&quot;top&quot;:&quot;&quot;,&quot;right&quot;:&quot;&quot;,&quot;bottom&quot;:&quot;&quot;,&quot;left&quot;:&quot;&quot;,&quot;isLinked&quot;:true},&quot;element_pack_global_tooltip_padding_mobile&quot;:{&quot;unit&quot;:&quot;px&quot;,&quot;top&quot;:&quot;&quot;,&quot;right&quot;:&quot;&quot;,&quot;bottom&quot;:&quot;&quot;,&quot;left&quot;:&quot;&quot;,&quot;isLinked&quot;:true},&quot;element_pack_global_tooltip_border_radius&quot;:{&quot;unit&quot;:&quot;px&quot;,&quot;top&quot;:&quot;&quot;,&quot;right&quot;:&quot;&quot;,&quot;bottom&quot;:&quot;&quot;,&quot;left&quot;:&quot;&quot;,&quot;isLinked&quot;:true},&quot;element_pack_global_tooltip_border_radius_tablet&quot;:{&quot;unit&quot;:&quot;px&quot;,&quot;top&quot;:&quot;&quot;,&quot;right&quot;:&quot;&quot;,&quot;bottom&quot;:&quot;&quot;,&quot;left&quot;:&quot;&quot;,&quot;isLinked&quot;:true},&quot;element_pack_global_tooltip_border_radius_mobile&quot;:{&quot;unit&quot;:&quot;px&quot;,&quot;top&quot;:&quot;&quot;,&quot;right&quot;:&quot;&quot;,&quot;bottom&quot;:&quot;&quot;,&quot;left&quot;:&quot;&quot;,&quot;isLinked&quot;:true}}\" data-elementor-post-type=\"product\">\n\t\t\t\t<div class=\"wd-negative-gap elementor-element elementor-element-116794f e-flex e-con-boxed e-con e-parent\" data-id=\"116794f\" data-element_type=\"container\" data-e-type=\"container\">\n\t\t\t\t\t<div class=\"e-con-inner\">\n\t\t\t\t<div class=\"elementor-element elementor-element-03d2133 elementor-widget elementor-widget-wd_text_block\" data-id=\"03d2133\" data-element_type=\"widget\" data-e-type=\"widget\" data-widget_type=\"wd_text_block.default\">\n\t\t\t\t<div class=\"elementor-widget-container\">\n\t\t\t\t\t\t\t<div class=\"wd-text-block reset-last-child text-left\">\n\t\t\t\n\t\t\t<h2>Mizox: Impresionante Agencia de Dise\u00f1o Web Tema de WordPress<\/h2>\n<p><strong>Mizox<\/strong> ofrece un aspecto atrevido y contempor\u00e1neo que se adapta perfectamente a agencias creativas, estudios de dise\u00f1o web, aut\u00f3nomos y equipos de marketing digital. Por ejemplo, los dise\u00f1adores utilizan activamente sus dise\u00f1os flexibles y animaciones fluidas para mostrar portafolios y servicios con el m\u00e1ximo impacto. As\u00ed, su agencia destacar\u00e1 desde la primera visita.<\/p>\n\n<h3>Dise\u00f1ado para creativos, potenciado para el rendimiento<\/h3>\n<p>Mizox combina una est\u00e9tica atractiva con un rendimiento ultrarr\u00e1pido. Podr\u00e1s importar demos con un solo clic, editar arrastrando y soltando mediante Elementor y un dise\u00f1o totalmente adaptativo que luce impecable en cualquier dispositivo. Adem\u00e1s, el tema incluye secciones predise\u00f1adas para servicios, miembros del equipo, testimonios y tablas de precios, para que puedas lanzar un sitio profesional en horas, no en semanas.<\/p>\n\n<h3>Por qu\u00e9 las agencias adoran Mizox<\/h3>\n<ul>\n    <li><strong>100% Compatible con Elementor:<\/strong> Construye y personaliza cada p\u00edxel sin tocar c\u00f3digo.<\/li>\n    <li><strong>Impresionantes dise\u00f1os de portafolio:<\/strong> Muestre sus proyectos con estilos de cuadr\u00edcula, mamposter\u00eda, metro y carrusel.<\/li>\n    <li><strong>R\u00e1pido y optimizado para SEO:<\/strong> Un c\u00f3digo ligero y una estructura limpia le ayudar\u00e1n a posicionarse mejor en Google.<\/li>\n    <li><strong>Versiones oscura y clara:<\/strong> Cambie instant\u00e1neamente de modo para adaptarse al ambiente de su marca.<\/li>\n    <li><strong>Actualizaciones peri\u00f3dicas y asistencia de primera:<\/strong> Mant\u00e9ngase al d\u00eda y obtenga ayuda siempre que la necesite.<\/li>\n<\/ul>\n\n<h3>Perfecto para proyectos digitales modernos<\/h3>\n<p>Mizox se adapta sin esfuerzo, tanto si est\u00e1s construyendo un sitio de agencia cl\u00e1sico como si est\u00e1s experimentando con conceptos vanguardistas. Por ejemplo, las agencias que trabajan en proyectos metaversos y criptogr\u00e1ficos suelen combinarlo con temas especializados como <a href=\"https:\/\/allwintheme.com\/es\/producto\/nata-metaverse-project-launchpad-wordpress-theme\/\">Nata - Plataforma de lanzamiento del proyecto Metaverso<\/a>, <a href=\"https:\/\/allwintheme.com\/es\/producto\/risebot-metaverse-igo-launchpad-elementor-template-kit\/\">Risebot - Kit de plantillas para el Metaverso IGO Launchpad<\/a>, o <a href=\"https:\/\/allwintheme.com\/es\/producto\/gamic-metaverse-game-crypto-gaming-wordpress-theme\/\">Gamic - Crypto Gaming &amp; Metaverse Theme<\/a>. \u00bfNecesita funciones multiling\u00fces? A\u00f1ada <a href=\"https:\/\/allwintheme.com\/es\/producto\/polylang-pro\/\">Polylang Pro<\/a> y llegar a clientes de todo el mundo.<\/p>\n\n<h3>M\u00e1s inspiraci\u00f3n y recursos<\/h3>\n<p>Explora las \u00faltimas tendencias y tutoriales de WordPress en <a href=\"https:\/\/www.wpkvip.com\/\">WPKVIP<\/a>-tu blog de referencia para temas premium, plugins y consejos de dise\u00f1o web.<\/p>\n\n<h3>Consigue Mizox hoy mismo<\/h3>\n<p>Transforme la presencia en l\u00ednea de su agencia con <strong>Mizox - Agencia de dise\u00f1o web Tema de WordPress<\/strong>. Por lo tanto, \u00a1h\u00e1gase con \u00e9l ahora y empiece a ganar m\u00e1s clientes con un sitio web que refleje realmente su creatividad y experiencia!\n\t\t\t\t\t<\/div>\n\t\t\t\t\t\t<\/div>\n\t\t\t\t<\/div>\n\t\t\t\t\t<\/div>\n\t\t\t\t<\/div>\n\t\t\t\t<\/div>","protected":false},"excerpt":{"rendered":"<p>Mizox: Stunning Web Design Agency WordPress Theme Mizox delivers a bold, contemporary look that perfectly suits creative agencies, web design<\/p>","protected":false},"featured_media":12935,"comment_status":"open","ping_status":"closed","template":"","meta":{"_acf_changed":false},"product_brand":[],"product_cat":[48],"product_tag":[],"class_list":{"0":"post-12936","1":"product","2":"type-product","3":"status-publish","4":"has-post-thumbnail","6":"product_cat-themes","8":"first","9":"instock","10":"sale","11":"downloadable","12":"shipping-taxable","13":"purchasable","14":"product-type-simple"},"acf":[],"yoast_head":"<!-- This site is optimized with the Yoast SEO Premium plugin v25.6 (Yoast SEO v27.1.1) - https:\/\/yoast.com\/product\/yoast-seo-premium-wordpress\/ -->\n<title>Mizox \u2013 Web Design Agency WordPress - AllWin Theme \u2013 Free WordPress Themes Download<\/title>\n<meta name=\"description\" content=\"Mizox is a sleek, modern WordPress theme crafted for creative agencies, web designers, and digital studios. Fast, fully customizable, and Elementor-ready.\" \/>\n<meta name=\"robots\" content=\"index, follow, max-snippet:-1, max-image-preview:large, max-video-preview:-1\" \/>\n<link rel=\"canonical\" href=\"https:\/\/allwintheme.com\/es\/producto\/mizox-agencia-de-diseno-web-wordpress\/\" \/>\n<meta property=\"og:locale\" content=\"es_ES\" \/>\n<meta property=\"og:type\" content=\"article\" \/>\n<meta property=\"og:title\" content=\"Mizox \u2013 Web Design Agency WordPress\" \/>\n<meta property=\"og:description\" content=\"Mizox is a sleek, modern WordPress theme crafted for creative agencies, web designers, and digital studios. Fast, fully customizable, and Elementor-ready.\" \/>\n<meta property=\"og:url\" content=\"https:\/\/allwintheme.com\/es\/producto\/mizox-agencia-de-diseno-web-wordpress\/\" \/>\n<meta property=\"og:site_name\" content=\"AllWin Theme \u2013 Free WordPress Themes Download\" \/>\n<meta property=\"article:modified_time\" content=\"2025-11-25T03:00:48+00:00\" \/>\n<meta property=\"og:image\" content=\"https:\/\/allwintheme.com\/wp-content\/uploads\/2025\/11\/Mizox-\u2013-Web-Design-Agency-WordPress.png\" \/>\n\t<meta property=\"og:image:width\" content=\"590\" \/>\n\t<meta property=\"og:image:height\" content=\"300\" \/>\n\t<meta property=\"og:image:type\" content=\"image\/png\" \/>\n<meta name=\"twitter:card\" content=\"summary_large_image\" \/>\n<meta name=\"twitter:label1\" content=\"Tiempo estimado de lectura\" \/>\n\t<meta name=\"twitter:data1\" content=\"2 minutos\" \/>\n<script type=\"application\/ld+json\" class=\"yoast-schema-graph\">{\"@context\":\"https:\/\/schema.org\",\"@graph\":[{\"@type\":\"WebPage\",\"@id\":\"https:\/\/allwintheme.com\/product\/mizox-web-design-agency-wordpress\/\",\"url\":\"https:\/\/allwintheme.com\/product\/mizox-web-design-agency-wordpress\/\",\"name\":\"Mizox \u2013 Web Design Agency WordPress - AllWin Theme \u2013 Free WordPress Themes Download\",\"isPartOf\":{\"@id\":\"https:\/\/allwintheme.com\/#website\"},\"primaryImageOfPage\":{\"@id\":\"https:\/\/allwintheme.com\/product\/mizox-web-design-agency-wordpress\/#primaryimage\"},\"image\":{\"@id\":\"https:\/\/allwintheme.com\/product\/mizox-web-design-agency-wordpress\/#primaryimage\"},\"thumbnailUrl\":\"https:\/\/allwintheme.com\/wp-content\/uploads\/2025\/11\/Mizox-\u2013-Web-Design-Agency-WordPress.png\",\"datePublished\":\"2025-11-25T02:52:02+00:00\",\"dateModified\":\"2025-11-25T03:00:48+00:00\",\"description\":\"Mizox is a sleek, modern WordPress theme crafted for creative agencies, web designers, and digital studios. Fast, fully customizable, and Elementor-ready.\",\"breadcrumb\":{\"@id\":\"https:\/\/allwintheme.com\/product\/mizox-web-design-agency-wordpress\/#breadcrumb\"},\"inLanguage\":\"es-CL\",\"potentialAction\":[{\"@type\":\"ReadAction\",\"target\":[\"https:\/\/allwintheme.com\/product\/mizox-web-design-agency-wordpress\/\"]}]},{\"@type\":\"ImageObject\",\"inLanguage\":\"es-CL\",\"@id\":\"https:\/\/allwintheme.com\/product\/mizox-web-design-agency-wordpress\/#primaryimage\",\"url\":\"https:\/\/allwintheme.com\/wp-content\/uploads\/2025\/11\/Mizox-\u2013-Web-Design-Agency-WordPress.png\",\"contentUrl\":\"https:\/\/allwintheme.com\/wp-content\/uploads\/2025\/11\/Mizox-\u2013-Web-Design-Agency-WordPress.png\",\"width\":590,\"height\":300,\"caption\":\"Mizox \u2013 Web Design Agency WordPress\"},{\"@type\":\"BreadcrumbList\",\"@id\":\"https:\/\/allwintheme.com\/product\/mizox-web-design-agency-wordpress\/#breadcrumb\",\"itemListElement\":[{\"@type\":\"ListItem\",\"position\":1,\"name\":\"Home\",\"item\":\"https:\/\/allwintheme.com\/\"},{\"@type\":\"ListItem\",\"position\":2,\"name\":\"Shop\",\"item\":\"https:\/\/allwintheme.com\/shop\/\"},{\"@type\":\"ListItem\",\"position\":3,\"name\":\"Mizox \u2013 Web Design Agency WordPress\"}]},{\"@type\":\"WebSite\",\"@id\":\"https:\/\/allwintheme.com\/#website\",\"url\":\"https:\/\/allwintheme.com\/\",\"name\":\"Allwintheme\",\"description\":\"Download free WordPress themes for every niche. Blogs, business, eCommerce, portfolio, restaurant and more. All themes are GPL licensed and mobile-ready.\",\"potentialAction\":[{\"@type\":\"SearchAction\",\"target\":{\"@type\":\"EntryPoint\",\"urlTemplate\":\"https:\/\/allwintheme.com\/?s={search_term_string}\"},\"query-input\":{\"@type\":\"PropertyValueSpecification\",\"valueRequired\":true,\"valueName\":\"search_term_string\"}}],\"inLanguage\":\"es-CL\"}]}<\/script>\n<!-- \/ Yoast SEO Premium plugin. -->","yoast_head_json":{"title":"Mizox \u2013 Web Design Agency WordPress - AllWin Theme \u2013 Free WordPress Themes Download","description":"Mizox es un elegante y moderno tema de WordPress creado para agencias creativas, dise\u00f1adores web y estudios digitales. R\u00e1pido, totalmente personalizable y preparado para Elementor.","robots":{"index":"index","follow":"follow","max-snippet":"max-snippet:-1","max-image-preview":"max-image-preview:large","max-video-preview":"max-video-preview:-1"},"canonical":"https:\/\/allwintheme.com\/es\/producto\/mizox-agencia-de-diseno-web-wordpress\/","og_locale":"es_ES","og_type":"article","og_title":"Mizox \u2013 Web Design Agency WordPress","og_description":"Mizox is a sleek, modern WordPress theme crafted for creative agencies, web designers, and digital studios. Fast, fully customizable, and Elementor-ready.","og_url":"https:\/\/allwintheme.com\/es\/producto\/mizox-agencia-de-diseno-web-wordpress\/","og_site_name":"AllWin Theme \u2013 Free WordPress Themes Download","article_modified_time":"2025-11-25T03:00:48+00:00","og_image":[{"width":590,"height":300,"url":"https:\/\/allwintheme.com\/wp-content\/uploads\/2025\/11\/Mizox-\u2013-Web-Design-Agency-WordPress.png","type":"image\/png"}],"twitter_card":"summary_large_image","twitter_misc":{"Tiempo estimado de lectura":"2 minutos"},"schema":{"@context":"https:\/\/schema.org","@graph":[{"@type":"WebPage","@id":"https:\/\/allwintheme.com\/product\/mizox-web-design-agency-wordpress\/","url":"https:\/\/allwintheme.com\/product\/mizox-web-design-agency-wordpress\/","name":"Mizox \u2013 Web Design Agency WordPress - AllWin Theme \u2013 Free WordPress Themes Download","isPartOf":{"@id":"https:\/\/allwintheme.com\/#website"},"primaryImageOfPage":{"@id":"https:\/\/allwintheme.com\/product\/mizox-web-design-agency-wordpress\/#primaryimage"},"image":{"@id":"https:\/\/allwintheme.com\/product\/mizox-web-design-agency-wordpress\/#primaryimage"},"thumbnailUrl":"https:\/\/allwintheme.com\/wp-content\/uploads\/2025\/11\/Mizox-\u2013-Web-Design-Agency-WordPress.png","datePublished":"2025-11-25T02:52:02+00:00","dateModified":"2025-11-25T03:00:48+00:00","description":"Mizox es un elegante y moderno tema de WordPress creado para agencias creativas, dise\u00f1adores web y estudios digitales. R\u00e1pido, totalmente personalizable y preparado para Elementor.","breadcrumb":{"@id":"https:\/\/allwintheme.com\/product\/mizox-web-design-agency-wordpress\/#breadcrumb"},"inLanguage":"es-CL","potentialAction":[{"@type":"ReadAction","target":["https:\/\/allwintheme.com\/product\/mizox-web-design-agency-wordpress\/"]}]},{"@type":"ImageObject","inLanguage":"es-CL","@id":"https:\/\/allwintheme.com\/product\/mizox-web-design-agency-wordpress\/#primaryimage","url":"https:\/\/allwintheme.com\/wp-content\/uploads\/2025\/11\/Mizox-\u2013-Web-Design-Agency-WordPress.png","contentUrl":"https:\/\/allwintheme.com\/wp-content\/uploads\/2025\/11\/Mizox-\u2013-Web-Design-Agency-WordPress.png","width":590,"height":300,"caption":"Mizox \u2013 Web Design Agency WordPress"},{"@type":"BreadcrumbList","@id":"https:\/\/allwintheme.com\/product\/mizox-web-design-agency-wordpress\/#breadcrumb","itemListElement":[{"@type":"ListItem","position":1,"name":"Home","item":"https:\/\/allwintheme.com\/"},{"@type":"ListItem","position":2,"name":"Shop","item":"https:\/\/allwintheme.com\/shop\/"},{"@type":"ListItem","position":3,"name":"Mizox \u2013 Web Design Agency WordPress"}]},{"@type":"WebSite","@id":"https:\/\/allwintheme.com\/#website","url":"https:\/\/allwintheme.com\/","name":"Allwintheme","description":"Descarga gratis temas de WordPress para todos los nichos. Blogs, negocios, comercio electr\u00f3nico, portafolio, restaurante y m\u00e1s. Todos los temas tienen licencia GPL y est\u00e1n preparados para dispositivos m\u00f3viles.","potentialAction":[{"@type":"SearchAction","target":{"@type":"EntryPoint","urlTemplate":"https:\/\/allwintheme.com\/?s={search_term_string}"},"query-input":{"@type":"PropertyValueSpecification","valueRequired":true,"valueName":"search_term_string"}}],"inLanguage":"es-CL"}]}},"_links":{"self":[{"href":"https:\/\/allwintheme.com\/es\/wp-json\/wp\/v2\/product\/12936","targetHints":{"allow":["GET"]}}],"collection":[{"href":"https:\/\/allwintheme.com\/es\/wp-json\/wp\/v2\/product"}],"about":[{"href":"https:\/\/allwintheme.com\/es\/wp-json\/wp\/v2\/types\/product"}],"replies":[{"embeddable":true,"href":"https:\/\/allwintheme.com\/es\/wp-json\/wp\/v2\/comments?post=12936"}],"version-history":[{"count":6,"href":"https:\/\/allwintheme.com\/es\/wp-json\/wp\/v2\/product\/12936\/revisions"}],"predecessor-version":[{"id":12942,"href":"https:\/\/allwintheme.com\/es\/wp-json\/wp\/v2\/product\/12936\/revisions\/12942"}],"wp:featuredmedia":[{"embeddable":true,"href":"https:\/\/allwintheme.com\/es\/wp-json\/wp\/v2\/media\/12935"}],"wp:attachment":[{"href":"https:\/\/allwintheme.com\/es\/wp-json\/wp\/v2\/media?parent=12936"}],"wp:term":[{"taxonomy":"product_brand","embeddable":true,"href":"https:\/\/allwintheme.com\/es\/wp-json\/wp\/v2\/product_brand?post=12936"},{"taxonomy":"product_cat","embeddable":true,"href":"https:\/\/allwintheme.com\/es\/wp-json\/wp\/v2\/product_cat?post=12936"},{"taxonomy":"product_tag","embeddable":true,"href":"https:\/\/allwintheme.com\/es\/wp-json\/wp\/v2\/product_tag?post=12936"}],"curies":[{"name":"wp","href":"https:\/\/api.w.org\/{rel}","templated":true}]}}