{"id":12949,"date":"2025-11-25T03:07:15","date_gmt":"2025-11-25T03:07:15","guid":{"rendered":"https:\/\/allwintheme.com\/?post_type=product&#038;p=12949"},"modified":"2025-11-25T03:14:14","modified_gmt":"2025-11-25T03:14:14","slug":"maser-agencia-de-diseno-web-plantilla-elementor","status":"publish","type":"product","link":"https:\/\/allwintheme.com\/es\/producto\/maser-agencia-de-diseno-web-plantilla-elementor\/","title":{"rendered":"Maser - Plantilla Elementor para Agencia de Dise\u00f1o Web"},"content":{"rendered":"<div data-elementor-type=\"wp-post\" data-elementor-id=\"12949\" class=\"elementor elementor-12949\" data-elementor-settings=\"{&quot;element_pack_global_tooltip_width&quot;:{&quot;unit&quot;:&quot;px&quot;,&quot;size&quot;:&quot;&quot;,&quot;sizes&quot;:[]},&quot;element_pack_global_tooltip_width_tablet&quot;:{&quot;unit&quot;:&quot;px&quot;,&quot;size&quot;:&quot;&quot;,&quot;sizes&quot;:[]},&quot;element_pack_global_tooltip_width_mobile&quot;:{&quot;unit&quot;:&quot;px&quot;,&quot;size&quot;:&quot;&quot;,&quot;sizes&quot;:[]},&quot;element_pack_global_tooltip_padding&quot;:{&quot;unit&quot;:&quot;px&quot;,&quot;top&quot;:&quot;&quot;,&quot;right&quot;:&quot;&quot;,&quot;bottom&quot;:&quot;&quot;,&quot;left&quot;:&quot;&quot;,&quot;isLinked&quot;:true},&quot;element_pack_global_tooltip_padding_tablet&quot;:{&quot;unit&quot;:&quot;px&quot;,&quot;top&quot;:&quot;&quot;,&quot;right&quot;:&quot;&quot;,&quot;bottom&quot;:&quot;&quot;,&quot;left&quot;:&quot;&quot;,&quot;isLinked&quot;:true},&quot;element_pack_global_tooltip_padding_mobile&quot;:{&quot;unit&quot;:&quot;px&quot;,&quot;top&quot;:&quot;&quot;,&quot;right&quot;:&quot;&quot;,&quot;bottom&quot;:&quot;&quot;,&quot;left&quot;:&quot;&quot;,&quot;isLinked&quot;:true},&quot;element_pack_global_tooltip_border_radius&quot;:{&quot;unit&quot;:&quot;px&quot;,&quot;top&quot;:&quot;&quot;,&quot;right&quot;:&quot;&quot;,&quot;bottom&quot;:&quot;&quot;,&quot;left&quot;:&quot;&quot;,&quot;isLinked&quot;:true},&quot;element_pack_global_tooltip_border_radius_tablet&quot;:{&quot;unit&quot;:&quot;px&quot;,&quot;top&quot;:&quot;&quot;,&quot;right&quot;:&quot;&quot;,&quot;bottom&quot;:&quot;&quot;,&quot;left&quot;:&quot;&quot;,&quot;isLinked&quot;:true},&quot;element_pack_global_tooltip_border_radius_mobile&quot;:{&quot;unit&quot;:&quot;px&quot;,&quot;top&quot;:&quot;&quot;,&quot;right&quot;:&quot;&quot;,&quot;bottom&quot;:&quot;&quot;,&quot;left&quot;:&quot;&quot;,&quot;isLinked&quot;:true}}\" data-elementor-post-type=\"product\">\n\t\t\t\t<div class=\"wd-negative-gap elementor-element elementor-element-116794f e-flex e-con-boxed e-con e-parent\" data-id=\"116794f\" data-element_type=\"container\" data-e-type=\"container\">\n\t\t\t\t\t<div class=\"e-con-inner\">\n\t\t\t\t<div class=\"elementor-element elementor-element-03d2133 elementor-widget elementor-widget-wd_text_block\" data-id=\"03d2133\" data-element_type=\"widget\" data-e-type=\"widget\" data-widget_type=\"wd_text_block.default\">\n\t\t\t\t<div class=\"elementor-widget-container\">\n\t\t\t\t\t\t\t<div class=\"wd-text-block reset-last-child text-left\">\n\t\t\t\n\t\t\t<h2>Maser: Plantilla Elementor premium para agencias de dise\u00f1o web<\/h2>\n<p>En <strong>Maser - Plantilla Elementor para Agencia de Dise\u00f1o Web<\/strong> ofrece una base elegante y profesional para su portafolio creativo. Por ejemplo, los dise\u00f1adores web aprovechan activamente esta plantilla para mostrar proyectos con efectos visuales impresionantes y animaciones fluidas. De este modo, atraer\u00e1s clientes sin esfuerzo y mantendr\u00e1s un dise\u00f1o ligero y adaptable que funciona en todos los dispositivos.<\/p>\n\n<h3>Integraci\u00f3n perfecta con Elementor<\/h3>\n<p>Maser aprovecha el poder de Elementor para la personalizaci\u00f3n de arrastrar y soltar, por lo que construir sitios de agencia r\u00e1pidamente sin codificaci\u00f3n. Puedes importar la plantilla en cuesti\u00f3n de minutos y modificar secciones como banners, cuadr\u00edculas de servicios y formularios de contacto para adaptarlos a tu marca. Adem\u00e1s, su estructura modular garantiza la flexibilidad, lo que facilita las actualizaciones a medida que evoluciona tu negocio.<\/p>\n\n<h3>\u00bfPor qu\u00e9 elegir Maser?<\/h3>\n<ul>\n    <li><strong>Dise\u00f1os modernos para agencias:<\/strong> P\u00e1ginas predise\u00f1adas para portafolios, sobre nosotros y testimonios que destacan su experiencia.<\/li>\n    <li><strong>Reactivo y r\u00e1pido:<\/strong> Optimizado para la velocidad, garantizando que los usuarios m\u00f3viles experimenten el mismo aspecto pulido que los visitantes de ordenadores de sobremesa.<\/li>\n    <li><strong>Narraci\u00f3n visual:<\/strong> Los controles deslizantes, las galer\u00edas y los efectos de paralaje incorporados dan vida a sus servicios de dise\u00f1o.<\/li>\n    <li><strong>F\u00e1cil personalizaci\u00f3n:<\/strong> La compatibilidad total con Elementor te permite ajustar los colores, las fuentes y el espaciado de forma intuitiva.<\/li>\n    <li><strong>SEO-Friendly:<\/strong> Un c\u00f3digo limpio y datos estructurados ayudan a su agencia a posicionarse mejor en los resultados de b\u00fasqueda.<\/li>\n<\/ul>\n\n<h3>Perfecto para profesionales creativos<\/h3>\n<p>Tanto si te especializas en branding como en UI\/UX, Maser agiliza tu presencia online. Por ejemplo, comb\u00ednalo con WooCommerce para paquetes de servicios o integra secciones de blog para contenidos de liderazgo intelectual. Como resultado, crear\u00e1 un sitio coherente que convertir\u00e1 a los visitantes en clientes fieles.<\/p>\n\n<h3>Explorar temas complementarios<\/h3>\n<p>Mejore su conjunto de herramientas con opciones premium similares. Descubra <a href=\"https:\/\/allwintheme.com\/es\/producto\/magictouch-web-design-studio-responsive-wordpress-theme\/\">Estudio de dise\u00f1o web MagicTouch<\/a> para vibraciones din\u00e1micas de estudio, <a href=\"https:\/\/allwintheme.com\/es\/producto\/mizox-agencia-de-diseno-web-wordpress\/\">Tema para agencias Mizox<\/a> para carteras de agencias audaces, <a href=\"https:\/\/allwintheme.com\/es\/producto\/parezy-kids-speech-therapy-education-wordpress-theme\/\">Tema educativo Parezy<\/a> para sitios creativos especializados, o <a href=\"https:\/\/allwintheme.com\/es\/producto\/personalizador-de-productos-web-to-print-nbdesigner\/\">Personalizador NBDesigner<\/a> para herramientas interactivas. Para m\u00e1s informaci\u00f3n sobre WordPress, consulte <a href=\"https:\/\/www.wpkvip.com\/\">WPKVIP<\/a>.<\/p>\n\n<h3>Lance hoy mismo el sitio web de su agencia<\/h3>\n<p>Transforme su presencia en Internet con <strong>Maser - Plantilla Elementor para Agencia de Dise\u00f1o Web<\/strong>. Por lo tanto, h\u00e1gase con \u00e9l ahora y dise\u00f1e un sitio que destaque en un mercado saturado: \u00a1su pr\u00f3ximo gran proyecto le espera!\n\t\t\t\t\t<\/div>\n\t\t\t\t\t\t<\/div>\n\t\t\t\t<\/div>\n\t\t\t\t\t<\/div>\n\t\t\t\t<\/div>\n\t\t\t\t<\/div>","protected":false},"excerpt":{"rendered":"<p>Maser: Premium Elementor Template for Web Design Agencies The Maser \u2013 Web Design Agency Elementor Template delivers a sleek, professional<\/p>","protected":false},"featured_media":12933,"comment_status":"open","ping_status":"closed","template":"","meta":{"_acf_changed":false},"product_brand":[],"product_cat":[50],"product_tag":[],"class_list":{"0":"post-12949","1":"product","2":"type-product","3":"status-publish","4":"has-post-thumbnail","6":"product_cat-template-kits","8":"first","9":"instock","10":"sale","11":"downloadable","12":"shipping-taxable","13":"purchasable","14":"product-type-simple"},"acf":[],"yoast_head":"<!-- This site is optimized with the Yoast SEO Premium plugin v25.6 (Yoast SEO v27.1.1) - https:\/\/yoast.com\/product\/yoast-seo-premium-wordpress\/ -->\n<title>Maser \u2013 Web Design Agency Elementor Template - AllWin Theme \u2013 Free WordPress Themes Download<\/title>\n<meta name=\"description\" content=\"Craft stunning web design portfolios with Maser Elementor Template. Responsive, modern layouts for agencies using Elementor\u2014fast and customizable.\" \/>\n<meta name=\"robots\" content=\"index, follow, max-snippet:-1, max-image-preview:large, max-video-preview:-1\" \/>\n<link rel=\"canonical\" href=\"https:\/\/allwintheme.com\/es\/producto\/maser-agencia-de-diseno-web-plantilla-elementor\/\" \/>\n<meta property=\"og:locale\" content=\"es_ES\" \/>\n<meta property=\"og:type\" content=\"article\" \/>\n<meta property=\"og:title\" content=\"Maser \u2013 Web Design Agency Elementor Template\" \/>\n<meta property=\"og:description\" content=\"Craft stunning web design portfolios with Maser Elementor Template. Responsive, modern layouts for agencies using Elementor\u2014fast and customizable.\" \/>\n<meta property=\"og:url\" content=\"https:\/\/allwintheme.com\/es\/producto\/maser-agencia-de-diseno-web-plantilla-elementor\/\" \/>\n<meta property=\"og:site_name\" content=\"AllWin Theme \u2013 Free WordPress Themes Download\" \/>\n<meta property=\"article:modified_time\" content=\"2025-11-25T03:14:14+00:00\" \/>\n<meta property=\"og:image\" content=\"https:\/\/allwintheme.com\/wp-content\/uploads\/2025\/11\/Maser-\u2013-Web-Design-Agency-Elementor-Template.png\" \/>\n\t<meta property=\"og:image:width\" content=\"811\" \/>\n\t<meta property=\"og:image:height\" content=\"487\" \/>\n\t<meta property=\"og:image:type\" content=\"image\/png\" \/>\n<meta name=\"twitter:card\" content=\"summary_large_image\" \/>\n<meta name=\"twitter:label1\" content=\"Tiempo estimado de lectura\" \/>\n\t<meta name=\"twitter:data1\" content=\"2 minutos\" \/>\n<script type=\"application\/ld+json\" class=\"yoast-schema-graph\">{\"@context\":\"https:\/\/schema.org\",\"@graph\":[{\"@type\":\"WebPage\",\"@id\":\"https:\/\/allwintheme.com\/product\/maser-web-design-agency-elementor-template\/\",\"url\":\"https:\/\/allwintheme.com\/product\/maser-web-design-agency-elementor-template\/\",\"name\":\"Maser \u2013 Web Design Agency Elementor Template - AllWin Theme \u2013 Free WordPress Themes Download\",\"isPartOf\":{\"@id\":\"https:\/\/allwintheme.com\/#website\"},\"primaryImageOfPage\":{\"@id\":\"https:\/\/allwintheme.com\/product\/maser-web-design-agency-elementor-template\/#primaryimage\"},\"image\":{\"@id\":\"https:\/\/allwintheme.com\/product\/maser-web-design-agency-elementor-template\/#primaryimage\"},\"thumbnailUrl\":\"https:\/\/allwintheme.com\/wp-content\/uploads\/2025\/11\/Maser-\u2013-Web-Design-Agency-Elementor-Template.png\",\"datePublished\":\"2025-11-25T03:07:15+00:00\",\"dateModified\":\"2025-11-25T03:14:14+00:00\",\"description\":\"Craft stunning web design portfolios with Maser Elementor Template. Responsive, modern layouts for agencies using Elementor\u2014fast and customizable.\",\"breadcrumb\":{\"@id\":\"https:\/\/allwintheme.com\/product\/maser-web-design-agency-elementor-template\/#breadcrumb\"},\"inLanguage\":\"es-CL\",\"potentialAction\":[{\"@type\":\"ReadAction\",\"target\":[\"https:\/\/allwintheme.com\/product\/maser-web-design-agency-elementor-template\/\"]}]},{\"@type\":\"ImageObject\",\"inLanguage\":\"es-CL\",\"@id\":\"https:\/\/allwintheme.com\/product\/maser-web-design-agency-elementor-template\/#primaryimage\",\"url\":\"https:\/\/allwintheme.com\/wp-content\/uploads\/2025\/11\/Maser-\u2013-Web-Design-Agency-Elementor-Template.png\",\"contentUrl\":\"https:\/\/allwintheme.com\/wp-content\/uploads\/2025\/11\/Maser-\u2013-Web-Design-Agency-Elementor-Template.png\",\"width\":811,\"height\":487,\"caption\":\"Maser \u2013 Web Design Agency Elementor Template\"},{\"@type\":\"BreadcrumbList\",\"@id\":\"https:\/\/allwintheme.com\/product\/maser-web-design-agency-elementor-template\/#breadcrumb\",\"itemListElement\":[{\"@type\":\"ListItem\",\"position\":1,\"name\":\"Home\",\"item\":\"https:\/\/allwintheme.com\/\"},{\"@type\":\"ListItem\",\"position\":2,\"name\":\"Shop\",\"item\":\"https:\/\/allwintheme.com\/shop\/\"},{\"@type\":\"ListItem\",\"position\":3,\"name\":\"Maser \u2013 Web Design Agency Elementor Template\"}]},{\"@type\":\"WebSite\",\"@id\":\"https:\/\/allwintheme.com\/#website\",\"url\":\"https:\/\/allwintheme.com\/\",\"name\":\"Allwintheme\",\"description\":\"Download free WordPress themes for every niche. Blogs, business, eCommerce, portfolio, restaurant and more. All themes are GPL licensed and mobile-ready.\",\"potentialAction\":[{\"@type\":\"SearchAction\",\"target\":{\"@type\":\"EntryPoint\",\"urlTemplate\":\"https:\/\/allwintheme.com\/?s={search_term_string}\"},\"query-input\":{\"@type\":\"PropertyValueSpecification\",\"valueRequired\":true,\"valueName\":\"search_term_string\"}}],\"inLanguage\":\"es-CL\"}]}<\/script>\n<!-- \/ Yoast SEO Premium plugin. -->","yoast_head_json":{"title":"Maser - Web Design Agency Elementor Template - AllWin Theme - Free WordPress Themes Download","description":"Crea impresionantes portafolios de dise\u00f1o web con Maser Elementor Template. Dise\u00f1os adaptativos y modernos para agencias que utilizan Elementor, r\u00e1pidos y personalizables.","robots":{"index":"index","follow":"follow","max-snippet":"max-snippet:-1","max-image-preview":"max-image-preview:large","max-video-preview":"max-video-preview:-1"},"canonical":"https:\/\/allwintheme.com\/es\/producto\/maser-agencia-de-diseno-web-plantilla-elementor\/","og_locale":"es_ES","og_type":"article","og_title":"Maser \u2013 Web Design Agency Elementor Template","og_description":"Craft stunning web design portfolios with Maser Elementor Template. Responsive, modern layouts for agencies using Elementor\u2014fast and customizable.","og_url":"https:\/\/allwintheme.com\/es\/producto\/maser-agencia-de-diseno-web-plantilla-elementor\/","og_site_name":"AllWin Theme \u2013 Free WordPress Themes Download","article_modified_time":"2025-11-25T03:14:14+00:00","og_image":[{"width":811,"height":487,"url":"https:\/\/allwintheme.com\/wp-content\/uploads\/2025\/11\/Maser-\u2013-Web-Design-Agency-Elementor-Template.png","type":"image\/png"}],"twitter_card":"summary_large_image","twitter_misc":{"Tiempo estimado de lectura":"2 minutos"},"schema":{"@context":"https:\/\/schema.org","@graph":[{"@type":"WebPage","@id":"https:\/\/allwintheme.com\/product\/maser-web-design-agency-elementor-template\/","url":"https:\/\/allwintheme.com\/product\/maser-web-design-agency-elementor-template\/","name":"Maser - Web Design Agency Elementor Template - AllWin Theme - Free WordPress Themes Download","isPartOf":{"@id":"https:\/\/allwintheme.com\/#website"},"primaryImageOfPage":{"@id":"https:\/\/allwintheme.com\/product\/maser-web-design-agency-elementor-template\/#primaryimage"},"image":{"@id":"https:\/\/allwintheme.com\/product\/maser-web-design-agency-elementor-template\/#primaryimage"},"thumbnailUrl":"https:\/\/allwintheme.com\/wp-content\/uploads\/2025\/11\/Maser-\u2013-Web-Design-Agency-Elementor-Template.png","datePublished":"2025-11-25T03:07:15+00:00","dateModified":"2025-11-25T03:14:14+00:00","description":"Crea impresionantes portafolios de dise\u00f1o web con Maser Elementor Template. Dise\u00f1os adaptativos y modernos para agencias que utilizan Elementor, r\u00e1pidos y personalizables.","breadcrumb":{"@id":"https:\/\/allwintheme.com\/product\/maser-web-design-agency-elementor-template\/#breadcrumb"},"inLanguage":"es-CL","potentialAction":[{"@type":"ReadAction","target":["https:\/\/allwintheme.com\/product\/maser-web-design-agency-elementor-template\/"]}]},{"@type":"ImageObject","inLanguage":"es-CL","@id":"https:\/\/allwintheme.com\/product\/maser-web-design-agency-elementor-template\/#primaryimage","url":"https:\/\/allwintheme.com\/wp-content\/uploads\/2025\/11\/Maser-\u2013-Web-Design-Agency-Elementor-Template.png","contentUrl":"https:\/\/allwintheme.com\/wp-content\/uploads\/2025\/11\/Maser-\u2013-Web-Design-Agency-Elementor-Template.png","width":811,"height":487,"caption":"Maser \u2013 Web Design Agency Elementor Template"},{"@type":"BreadcrumbList","@id":"https:\/\/allwintheme.com\/product\/maser-web-design-agency-elementor-template\/#breadcrumb","itemListElement":[{"@type":"ListItem","position":1,"name":"Home","item":"https:\/\/allwintheme.com\/"},{"@type":"ListItem","position":2,"name":"Shop","item":"https:\/\/allwintheme.com\/shop\/"},{"@type":"ListItem","position":3,"name":"Maser \u2013 Web Design Agency Elementor Template"}]},{"@type":"WebSite","@id":"https:\/\/allwintheme.com\/#website","url":"https:\/\/allwintheme.com\/","name":"Allwintheme","description":"Descarga gratis temas de WordPress para todos los nichos. Blogs, negocios, comercio electr\u00f3nico, portafolio, restaurante y m\u00e1s. Todos los temas tienen licencia GPL y est\u00e1n preparados para dispositivos m\u00f3viles.","potentialAction":[{"@type":"SearchAction","target":{"@type":"EntryPoint","urlTemplate":"https:\/\/allwintheme.com\/?s={search_term_string}"},"query-input":{"@type":"PropertyValueSpecification","valueRequired":true,"valueName":"search_term_string"}}],"inLanguage":"es-CL"}]}},"_links":{"self":[{"href":"https:\/\/allwintheme.com\/es\/wp-json\/wp\/v2\/product\/12949","targetHints":{"allow":["GET"]}}],"collection":[{"href":"https:\/\/allwintheme.com\/es\/wp-json\/wp\/v2\/product"}],"about":[{"href":"https:\/\/allwintheme.com\/es\/wp-json\/wp\/v2\/types\/product"}],"replies":[{"embeddable":true,"href":"https:\/\/allwintheme.com\/es\/wp-json\/wp\/v2\/comments?post=12949"}],"version-history":[{"count":5,"href":"https:\/\/allwintheme.com\/es\/wp-json\/wp\/v2\/product\/12949\/revisions"}],"predecessor-version":[{"id":12954,"href":"https:\/\/allwintheme.com\/es\/wp-json\/wp\/v2\/product\/12949\/revisions\/12954"}],"wp:featuredmedia":[{"embeddable":true,"href":"https:\/\/allwintheme.com\/es\/wp-json\/wp\/v2\/media\/12933"}],"wp:attachment":[{"href":"https:\/\/allwintheme.com\/es\/wp-json\/wp\/v2\/media?parent=12949"}],"wp:term":[{"taxonomy":"product_brand","embeddable":true,"href":"https:\/\/allwintheme.com\/es\/wp-json\/wp\/v2\/product_brand?post=12949"},{"taxonomy":"product_cat","embeddable":true,"href":"https:\/\/allwintheme.com\/es\/wp-json\/wp\/v2\/product_cat?post=12949"},{"taxonomy":"product_tag","embeddable":true,"href":"https:\/\/allwintheme.com\/es\/wp-json\/wp\/v2\/product_tag?post=12949"}],"curies":[{"name":"wp","href":"https:\/\/api.w.org\/{rel}","templated":true}]}}