{"id":12955,"date":"2025-11-25T03:17:13","date_gmt":"2025-11-25T03:17:13","guid":{"rendered":"https:\/\/allwintheme.com\/?post_type=product&#038;p=12955"},"modified":"2025-11-25T03:23:22","modified_gmt":"2025-11-25T03:23:22","slug":"sandy-diseno-web-plantilla-de-sitio-web-con-elementor-constructor-tema-de-wordpress","status":"publish","type":"product","link":"https:\/\/allwintheme.com\/es\/producto\/sandy-diseno-web-plantilla-de-sitio-web-con-elementor-constructor-tema-de-wordpress\/","title":{"rendered":"Sandy - Dise\u00f1o Web Plantilla de Sitio Web con Elementor Builder WordPress Tema"},"content":{"rendered":"<div data-elementor-type=\"wp-post\" data-elementor-id=\"12955\" class=\"elementor elementor-12955\" data-elementor-settings=\"{&quot;element_pack_global_tooltip_width&quot;:{&quot;unit&quot;:&quot;px&quot;,&quot;size&quot;:&quot;&quot;,&quot;sizes&quot;:[]},&quot;element_pack_global_tooltip_width_tablet&quot;:{&quot;unit&quot;:&quot;px&quot;,&quot;size&quot;:&quot;&quot;,&quot;sizes&quot;:[]},&quot;element_pack_global_tooltip_width_mobile&quot;:{&quot;unit&quot;:&quot;px&quot;,&quot;size&quot;:&quot;&quot;,&quot;sizes&quot;:[]},&quot;element_pack_global_tooltip_padding&quot;:{&quot;unit&quot;:&quot;px&quot;,&quot;top&quot;:&quot;&quot;,&quot;right&quot;:&quot;&quot;,&quot;bottom&quot;:&quot;&quot;,&quot;left&quot;:&quot;&quot;,&quot;isLinked&quot;:true},&quot;element_pack_global_tooltip_padding_tablet&quot;:{&quot;unit&quot;:&quot;px&quot;,&quot;top&quot;:&quot;&quot;,&quot;right&quot;:&quot;&quot;,&quot;bottom&quot;:&quot;&quot;,&quot;left&quot;:&quot;&quot;,&quot;isLinked&quot;:true},&quot;element_pack_global_tooltip_padding_mobile&quot;:{&quot;unit&quot;:&quot;px&quot;,&quot;top&quot;:&quot;&quot;,&quot;right&quot;:&quot;&quot;,&quot;bottom&quot;:&quot;&quot;,&quot;left&quot;:&quot;&quot;,&quot;isLinked&quot;:true},&quot;element_pack_global_tooltip_border_radius&quot;:{&quot;unit&quot;:&quot;px&quot;,&quot;top&quot;:&quot;&quot;,&quot;right&quot;:&quot;&quot;,&quot;bottom&quot;:&quot;&quot;,&quot;left&quot;:&quot;&quot;,&quot;isLinked&quot;:true},&quot;element_pack_global_tooltip_border_radius_tablet&quot;:{&quot;unit&quot;:&quot;px&quot;,&quot;top&quot;:&quot;&quot;,&quot;right&quot;:&quot;&quot;,&quot;bottom&quot;:&quot;&quot;,&quot;left&quot;:&quot;&quot;,&quot;isLinked&quot;:true},&quot;element_pack_global_tooltip_border_radius_mobile&quot;:{&quot;unit&quot;:&quot;px&quot;,&quot;top&quot;:&quot;&quot;,&quot;right&quot;:&quot;&quot;,&quot;bottom&quot;:&quot;&quot;,&quot;left&quot;:&quot;&quot;,&quot;isLinked&quot;:true}}\" data-elementor-post-type=\"product\">\n\t\t\t\t<div class=\"wd-negative-gap elementor-element elementor-element-116794f e-flex e-con-boxed e-con e-parent\" data-id=\"116794f\" data-element_type=\"container\" data-e-type=\"container\">\n\t\t\t\t\t<div class=\"e-con-inner\">\n\t\t\t\t<div class=\"elementor-element elementor-element-03d2133 elementor-widget elementor-widget-wd_text_block\" data-id=\"03d2133\" data-element_type=\"widget\" data-e-type=\"widget\" data-widget_type=\"wd_text_block.default\">\n\t\t\t\t<div class=\"elementor-widget-container\">\n\t\t\t\t\t\t\t<div class=\"wd-text-block reset-last-child text-left\">\n\t\t\t\n\t\t\t<h2>Sandy - Plantilla de dise\u00f1o web impresionante con Elementor Builder<\/h2>\n<p><strong>Sandy<\/strong> es un tema de WordPress fresco y moderno creado espec\u00edficamente para agencias de dise\u00f1o web, estudios creativos y profesionales digitales. Gracias a su perfecta integraci\u00f3n con Elementor, puedes arrastrar, soltar y personalizar cada detalle sin tocar ni una sola l\u00ednea de c\u00f3digo. Como resultado, podr\u00e1s lanzar un portafolio o sitio de agencia asombroso en horas en lugar de semanas.<\/p>\n\n<h3>Creado para la creatividad y el rendimiento<\/h3>\n<p>Sandy combina hermosas secciones predise\u00f1adas con tiempos de carga rapid\u00edsimos. Tendr\u00e1s control total sobre los encabezados, las \u00e1reas principales, los escaparates de servicios, los dise\u00f1os de equipo y las tablas de precios, todo ello optimizado para ordenadores de sobremesa y dispositivos m\u00f3viles. Adem\u00e1s, la importaci\u00f3n de demos con un solo clic te permite ponerte en marcha al instante.<\/p>\n\n<h3>\u00bfPor qu\u00e9 elegir Sandy?<\/h3>\n<ul>\n    <li><strong>100% Elementor Powered:<\/strong> Dise\u00f1a libremente con el constructor de p\u00e1ginas favorito del mundo.<\/li>\n    <li><strong>Dise\u00f1os orientados a las agencias:<\/strong> Muestre de forma atractiva estudios de casos, servicios y testimonios de clientes.<\/li>\n    <li><strong>Totalmente responsive y Retina Ready:<\/strong> Se ve perfectamente en cualquier dispositivo y tama\u00f1o de pantalla.<\/li>\n    <li><strong>R\u00e1pido y optimizado para SEO:<\/strong> Un c\u00f3digo limpio garantiza el m\u00e1ximo rendimiento y una mejor clasificaci\u00f3n en las b\u00fasquedas.<\/li>\n    <li><strong>Actualizaciones peri\u00f3dicas y asistencia:<\/strong> Mantente al d\u00eda con las nuevas funciones y la ayuda dedicada.<\/li>\n<\/ul>\n\n<h3>Perfecto para dise\u00f1adores web y equipos creativos<\/h3>\n<p>Tanto si diriges un estudio boutique como si trabajas solo como aut\u00f3nomo, Sandy se adapta a tu marca en cuesti\u00f3n de minutos. Por ejemplo, cambie los colores, cargue su logotipo y reorganice las secciones: todo se actualiza en directo. De este modo, tu sitio siempre reflejar\u00e1 tu estilo \u00fanico y tu profesionalidad.<\/p>\n\n<h3>M\u00e1s temas creativos<\/h3>\n<p>\u00bfTe gusta el estilo de Sandy? Descubre otras plantillas premium para agencias y dise\u00f1o web:<br>\n<a href=\"https:\/\/allwintheme.com\/es\/producto\/maser-agencia-de-diseno-web-plantilla-elementor\/\">Maser - Plantilla Elementor para Agencia de Dise\u00f1o Web<\/a><br>\n<a href=\"https:\/\/allwintheme.com\/es\/producto\/magictouch-web-design-studio-responsive-wordpress-theme\/\">MagicTouch - Estudio de dise\u00f1o web Tema de WordPress<\/a><br>\n<a href=\"https:\/\/allwintheme.com\/es\/producto\/mizox-agencia-de-diseno-web-wordpress\/\">Mizox - Agencia de dise\u00f1o web Tema de WordPress<\/a><br>\n<a href=\"https:\/\/allwintheme.com\/es\/producto\/parezy-kids-speech-therapy-education-wordpress-theme\/\">Parezy - Kids &amp; Education WordPress Theme<\/a><\/p>\n\n<p>Para consultar los \u00faltimos consejos sobre WordPress, rese\u00f1as de temas e inspiraci\u00f3n para el dise\u00f1o, visite <a href=\"https:\/\/www.wpkvip.com\">WPKVIP<\/a>.<\/p>\n\n<h3>Lance hoy mismo el sitio web de su agencia<\/h3>\n<p>Deje de conformarse con plantillas promedio. Instale <strong>Sandy - Plantilla de sitio web de dise\u00f1o web con Elementor Builder<\/strong> ahora y presente su trabajo como se merece: \u00a1en negrita, bonito y rapid\u00edsimo!\n\t\t\t\t\t<\/div>\n\t\t\t\t\t\t<\/div>\n\t\t\t\t<\/div>\n\t\t\t\t\t<\/div>\n\t\t\t\t<\/div>\n\t\t\t\t<\/div>","protected":false},"excerpt":{"rendered":"<p>Sandy \u2013 Stunning Web Design Template with Elementor Builder Sandy delivers a fresh, modern WordPress theme crafted specifically for web<\/p>","protected":false},"featured_media":12932,"comment_status":"open","ping_status":"closed","template":"","meta":{"_acf_changed":false},"product_brand":[],"product_cat":[48],"product_tag":[],"class_list":{"0":"post-12955","1":"product","2":"type-product","3":"status-publish","4":"has-post-thumbnail","6":"product_cat-themes","8":"first","9":"instock","10":"sale","11":"downloadable","12":"shipping-taxable","13":"purchasable","14":"product-type-simple"},"acf":[],"yoast_head":"<!-- This site is optimized with the Yoast SEO Premium plugin v25.6 (Yoast SEO v27.1.1) - https:\/\/yoast.com\/product\/yoast-seo-premium-wordpress\/ -->\n<title>Sandy \u2013 Web Design Website Template with Elementor Builder WordPress Theme - AllWin Theme \u2013 Free WordPress Themes Download<\/title>\n<meta name=\"description\" content=\"Sandy is a stunning web design agency WordPress theme built with Elementor. Perfect for creative studios, freelancers, and digital agencies looking for style and speed.\" \/>\n<meta name=\"robots\" content=\"index, follow, max-snippet:-1, max-image-preview:large, max-video-preview:-1\" \/>\n<link rel=\"canonical\" href=\"https:\/\/allwintheme.com\/es\/producto\/sandy-diseno-web-plantilla-de-sitio-web-con-elementor-constructor-tema-de-wordpress\/\" \/>\n<meta property=\"og:locale\" content=\"es_ES\" \/>\n<meta property=\"og:type\" content=\"article\" \/>\n<meta property=\"og:title\" content=\"Sandy \u2013 Web Design Website Template with Elementor Builder WordPress Theme\" \/>\n<meta property=\"og:description\" content=\"Sandy is a stunning web design agency WordPress theme built with Elementor. Perfect for creative studios, freelancers, and digital agencies looking for style and speed.\" \/>\n<meta property=\"og:url\" content=\"https:\/\/allwintheme.com\/es\/producto\/sandy-diseno-web-plantilla-de-sitio-web-con-elementor-constructor-tema-de-wordpress\/\" \/>\n<meta property=\"og:site_name\" content=\"AllWin Theme \u2013 Free WordPress Themes Download\" \/>\n<meta property=\"article:modified_time\" content=\"2025-11-25T03:23:22+00:00\" \/>\n<meta property=\"og:image\" content=\"https:\/\/allwintheme.com\/wp-content\/uploads\/2025\/11\/Sandy-\u2013-Web-Design-Website-Template-with-Elementor-Builder-WordPress-Theme.png\" \/>\n\t<meta property=\"og:image:width\" content=\"800\" \/>\n\t<meta property=\"og:image:height\" content=\"500\" \/>\n\t<meta property=\"og:image:type\" content=\"image\/png\" \/>\n<meta name=\"twitter:card\" content=\"summary_large_image\" \/>\n<meta name=\"twitter:label1\" content=\"Tiempo estimado de lectura\" \/>\n\t<meta name=\"twitter:data1\" content=\"2 minutos\" \/>\n<script type=\"application\/ld+json\" class=\"yoast-schema-graph\">{\"@context\":\"https:\/\/schema.org\",\"@graph\":[{\"@type\":\"WebPage\",\"@id\":\"https:\/\/allwintheme.com\/product\/sandy-web-design-website-template-with-elementor-builder-wordpress-theme\/\",\"url\":\"https:\/\/allwintheme.com\/product\/sandy-web-design-website-template-with-elementor-builder-wordpress-theme\/\",\"name\":\"Sandy \u2013 Web Design Website Template with Elementor Builder WordPress Theme - AllWin Theme \u2013 Free WordPress Themes Download\",\"isPartOf\":{\"@id\":\"https:\/\/allwintheme.com\/#website\"},\"primaryImageOfPage\":{\"@id\":\"https:\/\/allwintheme.com\/product\/sandy-web-design-website-template-with-elementor-builder-wordpress-theme\/#primaryimage\"},\"image\":{\"@id\":\"https:\/\/allwintheme.com\/product\/sandy-web-design-website-template-with-elementor-builder-wordpress-theme\/#primaryimage\"},\"thumbnailUrl\":\"https:\/\/allwintheme.com\/wp-content\/uploads\/2025\/11\/Sandy-\u2013-Web-Design-Website-Template-with-Elementor-Builder-WordPress-Theme.png\",\"datePublished\":\"2025-11-25T03:17:13+00:00\",\"dateModified\":\"2025-11-25T03:23:22+00:00\",\"description\":\"Sandy is a stunning web design agency WordPress theme built with Elementor. Perfect for creative studios, freelancers, and digital agencies looking for style and speed.\",\"breadcrumb\":{\"@id\":\"https:\/\/allwintheme.com\/product\/sandy-web-design-website-template-with-elementor-builder-wordpress-theme\/#breadcrumb\"},\"inLanguage\":\"es-CL\",\"potentialAction\":[{\"@type\":\"ReadAction\",\"target\":[\"https:\/\/allwintheme.com\/product\/sandy-web-design-website-template-with-elementor-builder-wordpress-theme\/\"]}]},{\"@type\":\"ImageObject\",\"inLanguage\":\"es-CL\",\"@id\":\"https:\/\/allwintheme.com\/product\/sandy-web-design-website-template-with-elementor-builder-wordpress-theme\/#primaryimage\",\"url\":\"https:\/\/allwintheme.com\/wp-content\/uploads\/2025\/11\/Sandy-\u2013-Web-Design-Website-Template-with-Elementor-Builder-WordPress-Theme.png\",\"contentUrl\":\"https:\/\/allwintheme.com\/wp-content\/uploads\/2025\/11\/Sandy-\u2013-Web-Design-Website-Template-with-Elementor-Builder-WordPress-Theme.png\",\"width\":800,\"height\":500,\"caption\":\"Sandy \u2013 Web Design Website Template with Elementor Builder WordPress Theme\"},{\"@type\":\"BreadcrumbList\",\"@id\":\"https:\/\/allwintheme.com\/product\/sandy-web-design-website-template-with-elementor-builder-wordpress-theme\/#breadcrumb\",\"itemListElement\":[{\"@type\":\"ListItem\",\"position\":1,\"name\":\"Home\",\"item\":\"https:\/\/allwintheme.com\/\"},{\"@type\":\"ListItem\",\"position\":2,\"name\":\"Shop\",\"item\":\"https:\/\/allwintheme.com\/shop\/\"},{\"@type\":\"ListItem\",\"position\":3,\"name\":\"Sandy \u2013 Web Design Website Template with Elementor Builder WordPress Theme\"}]},{\"@type\":\"WebSite\",\"@id\":\"https:\/\/allwintheme.com\/#website\",\"url\":\"https:\/\/allwintheme.com\/\",\"name\":\"Allwintheme\",\"description\":\"Download free WordPress themes for every niche. Blogs, business, eCommerce, portfolio, restaurant and more. All themes are GPL licensed and mobile-ready.\",\"potentialAction\":[{\"@type\":\"SearchAction\",\"target\":{\"@type\":\"EntryPoint\",\"urlTemplate\":\"https:\/\/allwintheme.com\/?s={search_term_string}\"},\"query-input\":{\"@type\":\"PropertyValueSpecification\",\"valueRequired\":true,\"valueName\":\"search_term_string\"}}],\"inLanguage\":\"es-CL\"}]}<\/script>\n<!-- \/ Yoast SEO Premium plugin. -->","yoast_head_json":{"title":"Sandy - Web Design Website Template with Elementor Builder WordPress Theme - AllWin Theme - Free WordPress Themes Download","description":"Sandy es un impresionante tema de WordPress para agencias de dise\u00f1o web creado con Elementor. Perfecto para estudios creativos, aut\u00f3nomos y agencias digitales que buscan estilo y velocidad.","robots":{"index":"index","follow":"follow","max-snippet":"max-snippet:-1","max-image-preview":"max-image-preview:large","max-video-preview":"max-video-preview:-1"},"canonical":"https:\/\/allwintheme.com\/es\/producto\/sandy-diseno-web-plantilla-de-sitio-web-con-elementor-constructor-tema-de-wordpress\/","og_locale":"es_ES","og_type":"article","og_title":"Sandy \u2013 Web Design Website Template with Elementor Builder WordPress Theme","og_description":"Sandy is a stunning web design agency WordPress theme built with Elementor. Perfect for creative studios, freelancers, and digital agencies looking for style and speed.","og_url":"https:\/\/allwintheme.com\/es\/producto\/sandy-diseno-web-plantilla-de-sitio-web-con-elementor-constructor-tema-de-wordpress\/","og_site_name":"AllWin Theme \u2013 Free WordPress Themes Download","article_modified_time":"2025-11-25T03:23:22+00:00","og_image":[{"width":800,"height":500,"url":"https:\/\/allwintheme.com\/wp-content\/uploads\/2025\/11\/Sandy-\u2013-Web-Design-Website-Template-with-Elementor-Builder-WordPress-Theme.png","type":"image\/png"}],"twitter_card":"summary_large_image","twitter_misc":{"Tiempo estimado de lectura":"2 minutos"},"schema":{"@context":"https:\/\/schema.org","@graph":[{"@type":"WebPage","@id":"https:\/\/allwintheme.com\/product\/sandy-web-design-website-template-with-elementor-builder-wordpress-theme\/","url":"https:\/\/allwintheme.com\/product\/sandy-web-design-website-template-with-elementor-builder-wordpress-theme\/","name":"Sandy - Web Design Website Template with Elementor Builder WordPress Theme - AllWin Theme - Free WordPress Themes Download","isPartOf":{"@id":"https:\/\/allwintheme.com\/#website"},"primaryImageOfPage":{"@id":"https:\/\/allwintheme.com\/product\/sandy-web-design-website-template-with-elementor-builder-wordpress-theme\/#primaryimage"},"image":{"@id":"https:\/\/allwintheme.com\/product\/sandy-web-design-website-template-with-elementor-builder-wordpress-theme\/#primaryimage"},"thumbnailUrl":"https:\/\/allwintheme.com\/wp-content\/uploads\/2025\/11\/Sandy-\u2013-Web-Design-Website-Template-with-Elementor-Builder-WordPress-Theme.png","datePublished":"2025-11-25T03:17:13+00:00","dateModified":"2025-11-25T03:23:22+00:00","description":"Sandy es un impresionante tema de WordPress para agencias de dise\u00f1o web creado con Elementor. Perfecto para estudios creativos, aut\u00f3nomos y agencias digitales que buscan estilo y velocidad.","breadcrumb":{"@id":"https:\/\/allwintheme.com\/product\/sandy-web-design-website-template-with-elementor-builder-wordpress-theme\/#breadcrumb"},"inLanguage":"es-CL","potentialAction":[{"@type":"ReadAction","target":["https:\/\/allwintheme.com\/product\/sandy-web-design-website-template-with-elementor-builder-wordpress-theme\/"]}]},{"@type":"ImageObject","inLanguage":"es-CL","@id":"https:\/\/allwintheme.com\/product\/sandy-web-design-website-template-with-elementor-builder-wordpress-theme\/#primaryimage","url":"https:\/\/allwintheme.com\/wp-content\/uploads\/2025\/11\/Sandy-\u2013-Web-Design-Website-Template-with-Elementor-Builder-WordPress-Theme.png","contentUrl":"https:\/\/allwintheme.com\/wp-content\/uploads\/2025\/11\/Sandy-\u2013-Web-Design-Website-Template-with-Elementor-Builder-WordPress-Theme.png","width":800,"height":500,"caption":"Sandy \u2013 Web Design Website Template with Elementor Builder WordPress Theme"},{"@type":"BreadcrumbList","@id":"https:\/\/allwintheme.com\/product\/sandy-web-design-website-template-with-elementor-builder-wordpress-theme\/#breadcrumb","itemListElement":[{"@type":"ListItem","position":1,"name":"Home","item":"https:\/\/allwintheme.com\/"},{"@type":"ListItem","position":2,"name":"Shop","item":"https:\/\/allwintheme.com\/shop\/"},{"@type":"ListItem","position":3,"name":"Sandy \u2013 Web Design Website Template with Elementor Builder WordPress Theme"}]},{"@type":"WebSite","@id":"https:\/\/allwintheme.com\/#website","url":"https:\/\/allwintheme.com\/","name":"Allwintheme","description":"Descarga gratis temas de WordPress para todos los nichos. Blogs, negocios, comercio electr\u00f3nico, portafolio, restaurante y m\u00e1s. Todos los temas tienen licencia GPL y est\u00e1n preparados para dispositivos m\u00f3viles.","potentialAction":[{"@type":"SearchAction","target":{"@type":"EntryPoint","urlTemplate":"https:\/\/allwintheme.com\/?s={search_term_string}"},"query-input":{"@type":"PropertyValueSpecification","valueRequired":true,"valueName":"search_term_string"}}],"inLanguage":"es-CL"}]}},"_links":{"self":[{"href":"https:\/\/allwintheme.com\/es\/wp-json\/wp\/v2\/product\/12955","targetHints":{"allow":["GET"]}}],"collection":[{"href":"https:\/\/allwintheme.com\/es\/wp-json\/wp\/v2\/product"}],"about":[{"href":"https:\/\/allwintheme.com\/es\/wp-json\/wp\/v2\/types\/product"}],"replies":[{"embeddable":true,"href":"https:\/\/allwintheme.com\/es\/wp-json\/wp\/v2\/comments?post=12955"}],"version-history":[{"count":5,"href":"https:\/\/allwintheme.com\/es\/wp-json\/wp\/v2\/product\/12955\/revisions"}],"predecessor-version":[{"id":12960,"href":"https:\/\/allwintheme.com\/es\/wp-json\/wp\/v2\/product\/12955\/revisions\/12960"}],"wp:featuredmedia":[{"embeddable":true,"href":"https:\/\/allwintheme.com\/es\/wp-json\/wp\/v2\/media\/12932"}],"wp:attachment":[{"href":"https:\/\/allwintheme.com\/es\/wp-json\/wp\/v2\/media?parent=12955"}],"wp:term":[{"taxonomy":"product_brand","embeddable":true,"href":"https:\/\/allwintheme.com\/es\/wp-json\/wp\/v2\/product_brand?post=12955"},{"taxonomy":"product_cat","embeddable":true,"href":"https:\/\/allwintheme.com\/es\/wp-json\/wp\/v2\/product_cat?post=12955"},{"taxonomy":"product_tag","embeddable":true,"href":"https:\/\/allwintheme.com\/es\/wp-json\/wp\/v2\/product_tag?post=12955"}],"curies":[{"name":"wp","href":"https:\/\/api.w.org\/{rel}","templated":true}]}}