{"id":12967,"date":"2025-11-25T07:00:37","date_gmt":"2025-11-25T07:00:37","guid":{"rendered":"https:\/\/allwintheme.com\/?post_type=product&#038;p=12967"},"modified":"2025-11-25T07:05:50","modified_gmt":"2025-11-25T07:05:50","slug":"box-diseno-web-multiproposito-moderno-wordpress-elementor-theme-tema-wordpress","status":"publish","type":"product","link":"https:\/\/allwintheme.com\/es\/producto\/box-diseno-web-multiproposito-moderno-wordpress-elementor-theme-tema-wordpress\/","title":{"rendered":"Box - Multipurpose Moderno WordPress Elementor Tema"},"content":{"rendered":"<div data-elementor-type=\"wp-post\" data-elementor-id=\"12967\" class=\"elementor elementor-12967\" data-elementor-settings=\"{&quot;element_pack_global_tooltip_width&quot;:{&quot;unit&quot;:&quot;px&quot;,&quot;size&quot;:&quot;&quot;,&quot;sizes&quot;:[]},&quot;element_pack_global_tooltip_width_tablet&quot;:{&quot;unit&quot;:&quot;px&quot;,&quot;size&quot;:&quot;&quot;,&quot;sizes&quot;:[]},&quot;element_pack_global_tooltip_width_mobile&quot;:{&quot;unit&quot;:&quot;px&quot;,&quot;size&quot;:&quot;&quot;,&quot;sizes&quot;:[]},&quot;element_pack_global_tooltip_padding&quot;:{&quot;unit&quot;:&quot;px&quot;,&quot;top&quot;:&quot;&quot;,&quot;right&quot;:&quot;&quot;,&quot;bottom&quot;:&quot;&quot;,&quot;left&quot;:&quot;&quot;,&quot;isLinked&quot;:true},&quot;element_pack_global_tooltip_padding_tablet&quot;:{&quot;unit&quot;:&quot;px&quot;,&quot;top&quot;:&quot;&quot;,&quot;right&quot;:&quot;&quot;,&quot;bottom&quot;:&quot;&quot;,&quot;left&quot;:&quot;&quot;,&quot;isLinked&quot;:true},&quot;element_pack_global_tooltip_padding_mobile&quot;:{&quot;unit&quot;:&quot;px&quot;,&quot;top&quot;:&quot;&quot;,&quot;right&quot;:&quot;&quot;,&quot;bottom&quot;:&quot;&quot;,&quot;left&quot;:&quot;&quot;,&quot;isLinked&quot;:true},&quot;element_pack_global_tooltip_border_radius&quot;:{&quot;unit&quot;:&quot;px&quot;,&quot;top&quot;:&quot;&quot;,&quot;right&quot;:&quot;&quot;,&quot;bottom&quot;:&quot;&quot;,&quot;left&quot;:&quot;&quot;,&quot;isLinked&quot;:true},&quot;element_pack_global_tooltip_border_radius_tablet&quot;:{&quot;unit&quot;:&quot;px&quot;,&quot;top&quot;:&quot;&quot;,&quot;right&quot;:&quot;&quot;,&quot;bottom&quot;:&quot;&quot;,&quot;left&quot;:&quot;&quot;,&quot;isLinked&quot;:true},&quot;element_pack_global_tooltip_border_radius_mobile&quot;:{&quot;unit&quot;:&quot;px&quot;,&quot;top&quot;:&quot;&quot;,&quot;right&quot;:&quot;&quot;,&quot;bottom&quot;:&quot;&quot;,&quot;left&quot;:&quot;&quot;,&quot;isLinked&quot;:true}}\" data-elementor-post-type=\"product\">\n\t\t\t\t<div class=\"wd-negative-gap elementor-element elementor-element-116794f e-flex e-con-boxed e-con e-parent\" data-id=\"116794f\" data-element_type=\"container\" data-e-type=\"container\">\n\t\t\t\t\t<div class=\"e-con-inner\">\n\t\t\t\t<div class=\"elementor-element elementor-element-03d2133 elementor-widget elementor-widget-wd_text_block\" data-id=\"03d2133\" data-element_type=\"widget\" data-e-type=\"widget\" data-widget_type=\"wd_text_block.default\">\n\t\t\t\t<div class=\"elementor-widget-container\">\n\t\t\t\t\t\t\t<div class=\"wd-text-block reset-last-child text-left\">\n\t\t\t\n\t\t\t<h2>Box: Vers\u00e1til tema multiuso de dise\u00f1o web para WordPress<\/h2>\n<p>En <strong>Box - Dise\u00f1o Web Multiprop\u00f3sito Moderno WordPress Elementor Tema<\/strong> ofrece una base flexible para profesionales creativos. Por ejemplo, los dise\u00f1adores web y las agencias conf\u00edan activamente en este tema para crear impresionantes portafolios y sitios web para clientes. Gracias a la facilidad de arrastrar y soltar de Elementor, conseguir\u00e1s resultados perfectos y tus proyectos destacar\u00e1n en un mercado competitivo.<\/p>\n\n<h3>Integraci\u00f3n perfecta con Elementor<\/h3>\n<p>Box aprovecha la potencia de Elementor para una personalizaci\u00f3n sin esfuerzo. Puedes arrastrar y soltar elementos para crear dise\u00f1os, desde elegantes p\u00e1ginas individuales hasta complejos sitios multip\u00e1gina. Adem\u00e1s, sus modernos bloques de dise\u00f1o aceleran el desarrollo, para que puedas centrarte en la creatividad en lugar de empezar a programar desde cero.<\/p>\n\n<h3>\u00bfPor qu\u00e9 elegir Box?<\/h3>\n<ul>\n    <li><strong>Dise\u00f1os polivalentes:<\/strong> Las plantillas predise\u00f1adas se adaptan a agencias web, portfolios, comercio electr\u00f3nico y sitios corporativos.<\/li>\n    <li><strong>Dise\u00f1o totalmente adaptable:<\/strong> Garantiza un rendimiento impecable en ordenadores de sobremesa, tabletas y m\u00f3viles para un mayor alcance.<\/li>\n    <li><strong>Personalizaci\u00f3n avanzada:<\/strong> Las opciones ilimitadas de colores, fuentes y encabezado\/pie de p\u00e1gina le permiten adaptarse a cualquier visi\u00f3n de marca.<\/li>\n    <li><strong>Rendimiento optimizado:<\/strong> El c\u00f3digo ligero aumenta la velocidad de carga y el posicionamiento SEO sin esfuerzo.<\/li>\n    <li><strong>Escaparate de la cartera:<\/strong> Las galer\u00edas integradas y los sliders de proyectos realzan tu trabajo de dise\u00f1o web con gran belleza.<\/li>\n<\/ul>\n\n<h3>Ideal para agencias de dise\u00f1o web<\/h3>\n<p>Ya sea para lanzar proyectos de clientes o el sitio de su propia agencia, Box proporciona las herramientas para obtener resultados modernos y profesionales. Por ejemplo, integre WooCommerce para las funciones de tienda o a\u00f1ada formularios de contacto para la generaci\u00f3n de clientes potenciales. Como resultado, crear\u00e1 experiencias atractivas que convertir\u00e1n a los visitantes en clientes.<\/p>\n\n<h3>Explorar temas complementarios<\/h3>\n<p>Mejore su conjunto de herramientas con opciones similares basadas en Elementor. Descubra <a href=\"https:\/\/allwintheme.com\/es\/producto\/propus-web-designer-portfolio-elementor-template\/\">Cartera de Propus Web Designer<\/a> para la creaci\u00f3n de carteras espec\u00edficas, <a href=\"https:\/\/allwintheme.com\/es\/producto\/sandy-diseno-web-plantilla-de-sitio-web-con-elementor-constructor-tema-de-wordpress\/\">Sandy Plantilla de dise\u00f1o web<\/a> para los sitios limpios de la agencia, o <a href=\"https:\/\/allwintheme.com\/es\/producto\/maser-agencia-de-diseno-web-plantilla-elementor\/\">Maser Plantilla de Agencia de Dise\u00f1o Web<\/a> para audaces escaparates creativos.<\/p>\n\n<h3>Recursos para dise\u00f1adores web<\/h3>\n<p>Para obtener m\u00e1s consejos sobre Elementor y las tendencias de WordPress, consulte <a href=\"https:\/\/www.wpkvip.com\/\">WPKVIP<\/a>-tu centro de recursos y tutoriales de primera calidad.<\/p>\n\n<h3>Construya hoy mismo su pr\u00f3ximo proyecto<\/h3>\n<p>Mejore su dise\u00f1o web con <strong>Box - Multipurpose Moderno WordPress Elementor Tema<\/strong>. Por lo tanto, \u00a1inst\u00e1lalo ahora y convierte tus ideas en obras maestras interactivas que impresionen e inspiren!\n\t\t\t\t\t<\/div>\n\t\t\t\t\t\t<\/div>\n\t\t\t\t<\/div>\n\t\t\t\t\t<\/div>\n\t\t\t\t<\/div>\n\t\t\t\t<\/div>","protected":false},"excerpt":{"rendered":"<p>Box: Versatile Web Design Multipurpose Theme for WordPress The Box \u2013 Web Design Multipurpose Modern WordPress Elementor Theme delivers a<\/p>","protected":false},"featured_media":12930,"comment_status":"open","ping_status":"closed","template":"","meta":{"_acf_changed":false},"product_brand":[],"product_cat":[48],"product_tag":[],"class_list":{"0":"post-12967","1":"product","2":"type-product","3":"status-publish","4":"has-post-thumbnail","6":"product_cat-themes","8":"first","9":"instock","10":"sale","11":"downloadable","12":"shipping-taxable","13":"purchasable","14":"product-type-simple"},"acf":[],"yoast_head":"<!-- This site is optimized with the Yoast SEO Premium plugin v25.6 (Yoast SEO v27.1.1) - https:\/\/yoast.com\/product\/yoast-seo-premium-wordpress\/ -->\n<title>Box \u2013 Multipurpose Modern WordPress Elementor Theme - AllWin Theme \u2013 Free WordPress Themes Download<\/title>\n<meta name=\"description\" content=\"Box: Versatile WordPress Elementor theme for web design. Modern, multipurpose layouts with stunning visuals and easy customization for agencies.\" \/>\n<meta name=\"robots\" content=\"index, follow, max-snippet:-1, max-image-preview:large, max-video-preview:-1\" \/>\n<link rel=\"canonical\" href=\"https:\/\/allwintheme.com\/es\/producto\/box-diseno-web-multiproposito-moderno-wordpress-elementor-theme-tema-wordpress\/\" \/>\n<meta property=\"og:locale\" content=\"es_ES\" \/>\n<meta property=\"og:type\" content=\"article\" \/>\n<meta property=\"og:title\" content=\"Box \u2013 Multipurpose Modern WordPress Elementor Theme\" \/>\n<meta property=\"og:description\" content=\"Box: Versatile WordPress Elementor theme for web design. Modern, multipurpose layouts with stunning visuals and easy customization for agencies.\" \/>\n<meta property=\"og:url\" content=\"https:\/\/allwintheme.com\/es\/producto\/box-diseno-web-multiproposito-moderno-wordpress-elementor-theme-tema-wordpress\/\" \/>\n<meta property=\"og:site_name\" content=\"AllWin Theme \u2013 Free WordPress Themes Download\" \/>\n<meta property=\"article:modified_time\" content=\"2025-11-25T07:05:50+00:00\" \/>\n<meta property=\"og:image\" content=\"https:\/\/allwintheme.com\/wp-content\/uploads\/2025\/11\/Box-\u2013-Web-Design-Multipurpose-Modern-WordPress-Elementor-Theme-WordPress-Theme.png\" \/>\n\t<meta property=\"og:image:width\" content=\"800\" \/>\n\t<meta property=\"og:image:height\" content=\"500\" \/>\n\t<meta property=\"og:image:type\" content=\"image\/png\" \/>\n<meta name=\"twitter:card\" content=\"summary_large_image\" \/>\n<meta name=\"twitter:label1\" content=\"Tiempo estimado de lectura\" \/>\n\t<meta name=\"twitter:data1\" content=\"2 minutos\" \/>\n<script type=\"application\/ld+json\" class=\"yoast-schema-graph\">{\"@context\":\"https:\/\/schema.org\",\"@graph\":[{\"@type\":\"WebPage\",\"@id\":\"https:\/\/allwintheme.com\/product\/box-web-design-multipurpose-modern-wordpress-elementor-theme-wordpress-theme\/\",\"url\":\"https:\/\/allwintheme.com\/product\/box-web-design-multipurpose-modern-wordpress-elementor-theme-wordpress-theme\/\",\"name\":\"Box \u2013 Multipurpose Modern WordPress Elementor Theme - AllWin Theme \u2013 Free WordPress Themes Download\",\"isPartOf\":{\"@id\":\"https:\/\/allwintheme.com\/#website\"},\"primaryImageOfPage\":{\"@id\":\"https:\/\/allwintheme.com\/product\/box-web-design-multipurpose-modern-wordpress-elementor-theme-wordpress-theme\/#primaryimage\"},\"image\":{\"@id\":\"https:\/\/allwintheme.com\/product\/box-web-design-multipurpose-modern-wordpress-elementor-theme-wordpress-theme\/#primaryimage\"},\"thumbnailUrl\":\"https:\/\/allwintheme.com\/wp-content\/uploads\/2025\/11\/Box-\u2013-Web-Design-Multipurpose-Modern-WordPress-Elementor-Theme-WordPress-Theme.png\",\"datePublished\":\"2025-11-25T07:00:37+00:00\",\"dateModified\":\"2025-11-25T07:05:50+00:00\",\"description\":\"Box: Versatile WordPress Elementor theme for web design. Modern, multipurpose layouts with stunning visuals and easy customization for agencies.\",\"breadcrumb\":{\"@id\":\"https:\/\/allwintheme.com\/product\/box-web-design-multipurpose-modern-wordpress-elementor-theme-wordpress-theme\/#breadcrumb\"},\"inLanguage\":\"es-CL\",\"potentialAction\":[{\"@type\":\"ReadAction\",\"target\":[\"https:\/\/allwintheme.com\/product\/box-web-design-multipurpose-modern-wordpress-elementor-theme-wordpress-theme\/\"]}]},{\"@type\":\"ImageObject\",\"inLanguage\":\"es-CL\",\"@id\":\"https:\/\/allwintheme.com\/product\/box-web-design-multipurpose-modern-wordpress-elementor-theme-wordpress-theme\/#primaryimage\",\"url\":\"https:\/\/allwintheme.com\/wp-content\/uploads\/2025\/11\/Box-\u2013-Web-Design-Multipurpose-Modern-WordPress-Elementor-Theme-WordPress-Theme.png\",\"contentUrl\":\"https:\/\/allwintheme.com\/wp-content\/uploads\/2025\/11\/Box-\u2013-Web-Design-Multipurpose-Modern-WordPress-Elementor-Theme-WordPress-Theme.png\",\"width\":800,\"height\":500,\"caption\":\"Box \u2013 Web Design Multipurpose Modern WordPress Elementor Theme WordPress Theme\"},{\"@type\":\"BreadcrumbList\",\"@id\":\"https:\/\/allwintheme.com\/product\/box-web-design-multipurpose-modern-wordpress-elementor-theme-wordpress-theme\/#breadcrumb\",\"itemListElement\":[{\"@type\":\"ListItem\",\"position\":1,\"name\":\"Home\",\"item\":\"https:\/\/allwintheme.com\/\"},{\"@type\":\"ListItem\",\"position\":2,\"name\":\"Shop\",\"item\":\"https:\/\/allwintheme.com\/shop\/\"},{\"@type\":\"ListItem\",\"position\":3,\"name\":\"Box \u2013 Multipurpose Modern WordPress Elementor Theme\"}]},{\"@type\":\"WebSite\",\"@id\":\"https:\/\/allwintheme.com\/#website\",\"url\":\"https:\/\/allwintheme.com\/\",\"name\":\"Allwintheme\",\"description\":\"Download free WordPress themes for every niche. Blogs, business, eCommerce, portfolio, restaurant and more. All themes are GPL licensed and mobile-ready.\",\"potentialAction\":[{\"@type\":\"SearchAction\",\"target\":{\"@type\":\"EntryPoint\",\"urlTemplate\":\"https:\/\/allwintheme.com\/?s={search_term_string}\"},\"query-input\":{\"@type\":\"PropertyValueSpecification\",\"valueRequired\":true,\"valueName\":\"search_term_string\"}}],\"inLanguage\":\"es-CL\"}]}<\/script>\n<!-- \/ Yoast SEO Premium plugin. -->","yoast_head_json":{"title":"Box \u2013 Multipurpose Modern WordPress Elementor Theme - AllWin Theme \u2013 Free WordPress Themes Download","description":"Box: Vers\u00e1til tema de WordPress Elementor para dise\u00f1o web. Dise\u00f1os modernos y polivalentes con efectos visuales impresionantes y f\u00e1cil personalizaci\u00f3n para agencias.","robots":{"index":"index","follow":"follow","max-snippet":"max-snippet:-1","max-image-preview":"max-image-preview:large","max-video-preview":"max-video-preview:-1"},"canonical":"https:\/\/allwintheme.com\/es\/producto\/box-diseno-web-multiproposito-moderno-wordpress-elementor-theme-tema-wordpress\/","og_locale":"es_ES","og_type":"article","og_title":"Box \u2013 Multipurpose Modern WordPress Elementor Theme","og_description":"Box: Versatile WordPress Elementor theme for web design. Modern, multipurpose layouts with stunning visuals and easy customization for agencies.","og_url":"https:\/\/allwintheme.com\/es\/producto\/box-diseno-web-multiproposito-moderno-wordpress-elementor-theme-tema-wordpress\/","og_site_name":"AllWin Theme \u2013 Free WordPress Themes Download","article_modified_time":"2025-11-25T07:05:50+00:00","og_image":[{"width":800,"height":500,"url":"https:\/\/allwintheme.com\/wp-content\/uploads\/2025\/11\/Box-\u2013-Web-Design-Multipurpose-Modern-WordPress-Elementor-Theme-WordPress-Theme.png","type":"image\/png"}],"twitter_card":"summary_large_image","twitter_misc":{"Tiempo estimado de lectura":"2 minutos"},"schema":{"@context":"https:\/\/schema.org","@graph":[{"@type":"WebPage","@id":"https:\/\/allwintheme.com\/product\/box-web-design-multipurpose-modern-wordpress-elementor-theme-wordpress-theme\/","url":"https:\/\/allwintheme.com\/product\/box-web-design-multipurpose-modern-wordpress-elementor-theme-wordpress-theme\/","name":"Box \u2013 Multipurpose Modern WordPress Elementor Theme - AllWin Theme \u2013 Free WordPress Themes Download","isPartOf":{"@id":"https:\/\/allwintheme.com\/#website"},"primaryImageOfPage":{"@id":"https:\/\/allwintheme.com\/product\/box-web-design-multipurpose-modern-wordpress-elementor-theme-wordpress-theme\/#primaryimage"},"image":{"@id":"https:\/\/allwintheme.com\/product\/box-web-design-multipurpose-modern-wordpress-elementor-theme-wordpress-theme\/#primaryimage"},"thumbnailUrl":"https:\/\/allwintheme.com\/wp-content\/uploads\/2025\/11\/Box-\u2013-Web-Design-Multipurpose-Modern-WordPress-Elementor-Theme-WordPress-Theme.png","datePublished":"2025-11-25T07:00:37+00:00","dateModified":"2025-11-25T07:05:50+00:00","description":"Box: Vers\u00e1til tema de WordPress Elementor para dise\u00f1o web. Dise\u00f1os modernos y polivalentes con efectos visuales impresionantes y f\u00e1cil personalizaci\u00f3n para agencias.","breadcrumb":{"@id":"https:\/\/allwintheme.com\/product\/box-web-design-multipurpose-modern-wordpress-elementor-theme-wordpress-theme\/#breadcrumb"},"inLanguage":"es-CL","potentialAction":[{"@type":"ReadAction","target":["https:\/\/allwintheme.com\/product\/box-web-design-multipurpose-modern-wordpress-elementor-theme-wordpress-theme\/"]}]},{"@type":"ImageObject","inLanguage":"es-CL","@id":"https:\/\/allwintheme.com\/product\/box-web-design-multipurpose-modern-wordpress-elementor-theme-wordpress-theme\/#primaryimage","url":"https:\/\/allwintheme.com\/wp-content\/uploads\/2025\/11\/Box-\u2013-Web-Design-Multipurpose-Modern-WordPress-Elementor-Theme-WordPress-Theme.png","contentUrl":"https:\/\/allwintheme.com\/wp-content\/uploads\/2025\/11\/Box-\u2013-Web-Design-Multipurpose-Modern-WordPress-Elementor-Theme-WordPress-Theme.png","width":800,"height":500,"caption":"Box \u2013 Web Design Multipurpose Modern WordPress Elementor Theme WordPress Theme"},{"@type":"BreadcrumbList","@id":"https:\/\/allwintheme.com\/product\/box-web-design-multipurpose-modern-wordpress-elementor-theme-wordpress-theme\/#breadcrumb","itemListElement":[{"@type":"ListItem","position":1,"name":"Home","item":"https:\/\/allwintheme.com\/"},{"@type":"ListItem","position":2,"name":"Shop","item":"https:\/\/allwintheme.com\/shop\/"},{"@type":"ListItem","position":3,"name":"Box \u2013 Multipurpose Modern WordPress Elementor Theme"}]},{"@type":"WebSite","@id":"https:\/\/allwintheme.com\/#website","url":"https:\/\/allwintheme.com\/","name":"Allwintheme","description":"Descarga gratis temas de WordPress para todos los nichos. Blogs, negocios, comercio electr\u00f3nico, portafolio, restaurante y m\u00e1s. Todos los temas tienen licencia GPL y est\u00e1n preparados para dispositivos m\u00f3viles.","potentialAction":[{"@type":"SearchAction","target":{"@type":"EntryPoint","urlTemplate":"https:\/\/allwintheme.com\/?s={search_term_string}"},"query-input":{"@type":"PropertyValueSpecification","valueRequired":true,"valueName":"search_term_string"}}],"inLanguage":"es-CL"}]}},"_links":{"self":[{"href":"https:\/\/allwintheme.com\/es\/wp-json\/wp\/v2\/product\/12967","targetHints":{"allow":["GET"]}}],"collection":[{"href":"https:\/\/allwintheme.com\/es\/wp-json\/wp\/v2\/product"}],"about":[{"href":"https:\/\/allwintheme.com\/es\/wp-json\/wp\/v2\/types\/product"}],"replies":[{"embeddable":true,"href":"https:\/\/allwintheme.com\/es\/wp-json\/wp\/v2\/comments?post=12967"}],"version-history":[{"count":5,"href":"https:\/\/allwintheme.com\/es\/wp-json\/wp\/v2\/product\/12967\/revisions"}],"predecessor-version":[{"id":12972,"href":"https:\/\/allwintheme.com\/es\/wp-json\/wp\/v2\/product\/12967\/revisions\/12972"}],"wp:featuredmedia":[{"embeddable":true,"href":"https:\/\/allwintheme.com\/es\/wp-json\/wp\/v2\/media\/12930"}],"wp:attachment":[{"href":"https:\/\/allwintheme.com\/es\/wp-json\/wp\/v2\/media?parent=12967"}],"wp:term":[{"taxonomy":"product_brand","embeddable":true,"href":"https:\/\/allwintheme.com\/es\/wp-json\/wp\/v2\/product_brand?post=12967"},{"taxonomy":"product_cat","embeddable":true,"href":"https:\/\/allwintheme.com\/es\/wp-json\/wp\/v2\/product_cat?post=12967"},{"taxonomy":"product_tag","embeddable":true,"href":"https:\/\/allwintheme.com\/es\/wp-json\/wp\/v2\/product_tag?post=12967"}],"curies":[{"name":"wp","href":"https:\/\/api.w.org\/{rel}","templated":true}]}}