{"id":12973,"date":"2025-11-25T07:07:03","date_gmt":"2025-11-25T07:07:03","guid":{"rendered":"https:\/\/allwintheme.com\/?post_type=product&#038;p=12973"},"modified":"2025-11-25T07:13:58","modified_gmt":"2025-11-25T07:13:58","slug":"ygency-agencia-de-diseno-web-tema-wordpress","status":"publish","type":"product","link":"https:\/\/allwintheme.com\/es\/producto\/ygency-agencia-de-diseno-web-tema-wordpress\/","title":{"rendered":"Ygency - Web Design Agency WordPress Theme"},"content":{"rendered":"<div data-elementor-type=\"wp-post\" data-elementor-id=\"12973\" class=\"elementor elementor-12973\" data-elementor-settings=\"{&quot;element_pack_global_tooltip_width&quot;:{&quot;unit&quot;:&quot;px&quot;,&quot;size&quot;:&quot;&quot;,&quot;sizes&quot;:[]},&quot;element_pack_global_tooltip_width_tablet&quot;:{&quot;unit&quot;:&quot;px&quot;,&quot;size&quot;:&quot;&quot;,&quot;sizes&quot;:[]},&quot;element_pack_global_tooltip_width_mobile&quot;:{&quot;unit&quot;:&quot;px&quot;,&quot;size&quot;:&quot;&quot;,&quot;sizes&quot;:[]},&quot;element_pack_global_tooltip_padding&quot;:{&quot;unit&quot;:&quot;px&quot;,&quot;top&quot;:&quot;&quot;,&quot;right&quot;:&quot;&quot;,&quot;bottom&quot;:&quot;&quot;,&quot;left&quot;:&quot;&quot;,&quot;isLinked&quot;:true},&quot;element_pack_global_tooltip_padding_tablet&quot;:{&quot;unit&quot;:&quot;px&quot;,&quot;top&quot;:&quot;&quot;,&quot;right&quot;:&quot;&quot;,&quot;bottom&quot;:&quot;&quot;,&quot;left&quot;:&quot;&quot;,&quot;isLinked&quot;:true},&quot;element_pack_global_tooltip_padding_mobile&quot;:{&quot;unit&quot;:&quot;px&quot;,&quot;top&quot;:&quot;&quot;,&quot;right&quot;:&quot;&quot;,&quot;bottom&quot;:&quot;&quot;,&quot;left&quot;:&quot;&quot;,&quot;isLinked&quot;:true},&quot;element_pack_global_tooltip_border_radius&quot;:{&quot;unit&quot;:&quot;px&quot;,&quot;top&quot;:&quot;&quot;,&quot;right&quot;:&quot;&quot;,&quot;bottom&quot;:&quot;&quot;,&quot;left&quot;:&quot;&quot;,&quot;isLinked&quot;:true},&quot;element_pack_global_tooltip_border_radius_tablet&quot;:{&quot;unit&quot;:&quot;px&quot;,&quot;top&quot;:&quot;&quot;,&quot;right&quot;:&quot;&quot;,&quot;bottom&quot;:&quot;&quot;,&quot;left&quot;:&quot;&quot;,&quot;isLinked&quot;:true},&quot;element_pack_global_tooltip_border_radius_mobile&quot;:{&quot;unit&quot;:&quot;px&quot;,&quot;top&quot;:&quot;&quot;,&quot;right&quot;:&quot;&quot;,&quot;bottom&quot;:&quot;&quot;,&quot;left&quot;:&quot;&quot;,&quot;isLinked&quot;:true}}\" data-elementor-post-type=\"product\">\n\t\t\t\t<div class=\"wd-negative-gap elementor-element elementor-element-116794f e-flex e-con-boxed e-con e-parent\" data-id=\"116794f\" data-element_type=\"container\" data-e-type=\"container\">\n\t\t\t\t\t<div class=\"e-con-inner\">\n\t\t\t\t<div class=\"elementor-element elementor-element-03d2133 elementor-widget elementor-widget-wd_text_block\" data-id=\"03d2133\" data-element_type=\"widget\" data-e-type=\"widget\" data-widget_type=\"wd_text_block.default\">\n\t\t\t\t<div class=\"elementor-widget-container\">\n\t\t\t\t\t\t\t<div class=\"wd-text-block reset-last-child text-left\">\n\t\t\t\n\t\t\t<h2>Ygency: Tema profesional de WordPress para agencias de dise\u00f1o web<\/h2>\n<p>En <strong>Ygency - Web Design Agency WordPress Theme<\/strong> ofrece una plataforma pulida y adaptada a agencias creativas y estudios de dise\u00f1o. Por ejemplo, los aut\u00f3nomos y los equipos la utilizan activamente para destacar carteras, servicios y testimonios con efectos visuales impresionantes. De este modo, atraer\u00e1s clientes sin esfuerzo y mantendr\u00e1s una presencia online moderna y profesional.<\/p>\n\n<h3>Dise\u00f1o y funcionalidad racionalizados<\/h3>\n<p>Ygency combina elegancia y practicidad desde el principio. Puedes personalizar dise\u00f1os, a\u00f1adir elementos interactivos e integrar p\u00e1ginas de servicios a la perfecci\u00f3n con Elementor. Adem\u00e1s, su dise\u00f1o responsive garantiza que tu sitio funcione a la perfecci\u00f3n en ordenadores de sobremesa, tabletas y m\u00f3viles, para que los visitantes experimenten tu trabajo sin interrupciones.<\/p>\n\n<h3>\u00bfPor qu\u00e9 elegir Ygency?<\/h3>\n<ul>\n    <li><strong>Presentaci\u00f3n de carteras:<\/strong> Muestra tus proyectos con galer\u00edas, sliders y casos pr\u00e1cticos para impresionar a tus clientes potenciales.<\/li>\n    <li><strong>Integraci\u00f3n de servicios:<\/strong> Cree p\u00e1ginas dedicadas al dise\u00f1o web, SEO y desarrollo con secciones personalizables.<\/li>\n    <li><strong>Testimonios de clientes:<\/strong> Incluya rese\u00f1as y logotipos para generar confianza y credibilidad r\u00e1pidamente.<\/li>\n    <li><strong>Blog y noticias:<\/strong> Comparta informaci\u00f3n del sector con un dise\u00f1o de blog limpio y atractivo que atraiga tr\u00e1fico.<\/li>\n    <li><strong>Preparado para Elementor:<\/strong> La edici\u00f3n de arrastrar y soltar le permite crear sin codificar, lo que acelera su flujo de trabajo.<\/li>\n<\/ul>\n\n<h3>Vers\u00e1til para profesionales creativos<\/h3>\n<p>Tanto si est\u00e1s especializado en UI\/UX como en desarrollo full-stack, Ygency se adapta a tus necesidades. Por ejemplo, a\u00f1ade formularios de contacto, tablas de precios y biograf\u00edas de equipo con facilidad. Como resultado, te centras en los proyectos de los clientes en lugar de en la configuraci\u00f3n t\u00e9cnica, haciendo crecer tu agencia de forma eficiente.<\/p>\n\n<h3>Explorar temas y herramientas complementarios<\/h3>\n<p>Mejore su conjunto de herramientas de dise\u00f1o web con opciones premium similares. Descubra la <a href=\"https:\/\/allwintheme.com\/es\/producto\/box-diseno-web-multiproposito-moderno-wordpress-elementor-theme-tema-wordpress\/\">Tema de dise\u00f1o web Box<\/a> para dise\u00f1os polivalentes o el <a href=\"https:\/\/allwintheme.com\/es\/producto\/magictouch-web-design-studio-responsive-wordpress-theme\/\">MagicTouch Tema responsivo<\/a> para dise\u00f1os centrados en el estudio. Para m\u00e1s informaci\u00f3n, consulte <a href=\"https:\/\/allwintheme.com\/es\/2025\/08\/03\/caracteristicas-de-elementor-pro\/\">Caracter\u00edsticas de Elementor Pro<\/a> para desbloquear funciones avanzadas. Para recursos externos, visite <a href=\"https:\/\/www.wpkvip.com\">WPKVIP<\/a> para obtener consejos y plugins de WordPress de primera calidad.<\/p>\n\n<h3>Mejore hoy el sitio web de su agencia<\/h3>\n<p>Lance una presencia en l\u00ednea destacada con <strong>Ygency - Web Design Agency WordPress Theme<\/strong>. Por lo tanto, \u00a1inst\u00e1lalo ahora y transforma tu forma de mostrar tu experiencia creativa al mundo!\n\t\t\t\t\t<\/div>\n\t\t\t\t\t\t<\/div>\n\t\t\t\t<\/div>\n\t\t\t\t\t<\/div>\n\t\t\t\t<\/div>\n\t\t<div class=\"wd-negative-gap elementor-element elementor-element-4cd4c58 e-flex e-con-boxed e-con e-parent\" data-id=\"4cd4c58\" data-element_type=\"container\" data-e-type=\"container\">\n\t\t\t\t\t<div class=\"e-con-inner\">\n\t\t\t\t<div class=\"elementor-element elementor-element-da288cc elementor-widget elementor-widget-video\" data-id=\"da288cc\" data-element_type=\"widget\" data-e-type=\"widget\" data-settings=\"{&quot;youtube_url&quot;:&quot;https:\\\/\\\/youtu.be\\\/NvoozjDA8Jo&quot;,&quot;video_type&quot;:&quot;youtube&quot;,&quot;controls&quot;:&quot;yes&quot;}\" data-widget_type=\"video.default\">\n\t\t\t\t\t\t\t<div class=\"elementor-wrapper elementor-open-inline\">\n\t\t\t<div class=\"elementor-video\"><\/div>\t\t<\/div>\n\t\t\t\t\t\t<\/div>\n\t\t\t\t\t<\/div>\n\t\t\t\t<\/div>\n\t\t\t\t<\/div>","protected":false},"excerpt":{"rendered":"<p>Ygency: Professional WordPress Theme for Web Design Agencies The Ygency \u2013 Web Design Agency WordPress Theme delivers a polished platform<\/p>","protected":false},"featured_media":12929,"comment_status":"open","ping_status":"closed","template":"","meta":{"_acf_changed":false},"product_brand":[],"product_cat":[48],"product_tag":[],"class_list":{"0":"post-12973","1":"product","2":"type-product","3":"status-publish","4":"has-post-thumbnail","6":"product_cat-themes","8":"first","9":"instock","10":"sale","11":"downloadable","12":"shipping-taxable","13":"purchasable","14":"product-type-simple"},"acf":[],"yoast_head":"<!-- This site is optimized with the Yoast SEO Premium plugin v25.6 (Yoast SEO v27.1.1) - https:\/\/yoast.com\/product\/yoast-seo-premium-wordpress\/ -->\n<title>Ygency \u2013 Web Design Agency WordPress Theme - AllWin Theme \u2013 Free WordPress Themes Download<\/title>\n<meta name=\"description\" content=\"Ygency: Sleek WordPress theme for web design agencies. Showcase portfolios, services, and client work with modern, responsive layouts and Elementor integration.\" \/>\n<meta name=\"robots\" content=\"index, follow, max-snippet:-1, max-image-preview:large, max-video-preview:-1\" \/>\n<link rel=\"canonical\" href=\"https:\/\/allwintheme.com\/es\/producto\/ygency-agencia-de-diseno-web-tema-wordpress\/\" \/>\n<meta property=\"og:locale\" content=\"es_ES\" \/>\n<meta property=\"og:type\" content=\"article\" \/>\n<meta property=\"og:title\" content=\"Ygency \u2013 Web Design Agency WordPress Theme\" \/>\n<meta property=\"og:description\" content=\"Ygency: Sleek WordPress theme for web design agencies. Showcase portfolios, services, and client work with modern, responsive layouts and Elementor integration.\" \/>\n<meta property=\"og:url\" content=\"https:\/\/allwintheme.com\/es\/producto\/ygency-agencia-de-diseno-web-tema-wordpress\/\" \/>\n<meta property=\"og:site_name\" content=\"AllWin Theme \u2013 Free WordPress Themes Download\" \/>\n<meta property=\"article:modified_time\" content=\"2025-11-25T07:13:58+00:00\" \/>\n<meta property=\"og:image\" content=\"https:\/\/allwintheme.com\/wp-content\/uploads\/2025\/11\/Ygency-\u2013-Web-Design-Agency-WordPress-Theme.png\" \/>\n\t<meta property=\"og:image:width\" content=\"590\" \/>\n\t<meta property=\"og:image:height\" content=\"300\" \/>\n\t<meta property=\"og:image:type\" content=\"image\/png\" \/>\n<meta name=\"twitter:card\" content=\"summary_large_image\" \/>\n<meta name=\"twitter:label1\" content=\"Tiempo estimado de lectura\" \/>\n\t<meta name=\"twitter:data1\" content=\"2 minutos\" \/>\n<script type=\"application\/ld+json\" class=\"yoast-schema-graph\">{\"@context\":\"https:\/\/schema.org\",\"@graph\":[{\"@type\":\"WebPage\",\"@id\":\"https:\/\/allwintheme.com\/product\/ygency-web-design-agency-wordpress-theme\/\",\"url\":\"https:\/\/allwintheme.com\/product\/ygency-web-design-agency-wordpress-theme\/\",\"name\":\"Ygency \u2013 Web Design Agency WordPress Theme - AllWin Theme \u2013 Free WordPress Themes Download\",\"isPartOf\":{\"@id\":\"https:\/\/allwintheme.com\/#website\"},\"primaryImageOfPage\":{\"@id\":\"https:\/\/allwintheme.com\/product\/ygency-web-design-agency-wordpress-theme\/#primaryimage\"},\"image\":{\"@id\":\"https:\/\/allwintheme.com\/product\/ygency-web-design-agency-wordpress-theme\/#primaryimage\"},\"thumbnailUrl\":\"https:\/\/allwintheme.com\/wp-content\/uploads\/2025\/11\/Ygency-\u2013-Web-Design-Agency-WordPress-Theme.png\",\"datePublished\":\"2025-11-25T07:07:03+00:00\",\"dateModified\":\"2025-11-25T07:13:58+00:00\",\"description\":\"Ygency: Sleek WordPress theme for web design agencies. Showcase portfolios, services, and client work with modern, responsive layouts and Elementor integration.\",\"breadcrumb\":{\"@id\":\"https:\/\/allwintheme.com\/product\/ygency-web-design-agency-wordpress-theme\/#breadcrumb\"},\"inLanguage\":\"es-CL\",\"potentialAction\":[{\"@type\":\"ReadAction\",\"target\":[\"https:\/\/allwintheme.com\/product\/ygency-web-design-agency-wordpress-theme\/\"]}]},{\"@type\":\"ImageObject\",\"inLanguage\":\"es-CL\",\"@id\":\"https:\/\/allwintheme.com\/product\/ygency-web-design-agency-wordpress-theme\/#primaryimage\",\"url\":\"https:\/\/allwintheme.com\/wp-content\/uploads\/2025\/11\/Ygency-\u2013-Web-Design-Agency-WordPress-Theme.png\",\"contentUrl\":\"https:\/\/allwintheme.com\/wp-content\/uploads\/2025\/11\/Ygency-\u2013-Web-Design-Agency-WordPress-Theme.png\",\"width\":590,\"height\":300,\"caption\":\"Ygency \u2013 Web Design Agency WordPress Theme\"},{\"@type\":\"BreadcrumbList\",\"@id\":\"https:\/\/allwintheme.com\/product\/ygency-web-design-agency-wordpress-theme\/#breadcrumb\",\"itemListElement\":[{\"@type\":\"ListItem\",\"position\":1,\"name\":\"Home\",\"item\":\"https:\/\/allwintheme.com\/\"},{\"@type\":\"ListItem\",\"position\":2,\"name\":\"Shop\",\"item\":\"https:\/\/allwintheme.com\/shop\/\"},{\"@type\":\"ListItem\",\"position\":3,\"name\":\"Ygency \u2013 Web Design Agency WordPress Theme\"}]},{\"@type\":\"WebSite\",\"@id\":\"https:\/\/allwintheme.com\/#website\",\"url\":\"https:\/\/allwintheme.com\/\",\"name\":\"Allwintheme\",\"description\":\"Download free WordPress themes for every niche. Blogs, business, eCommerce, portfolio, restaurant and more. All themes are GPL licensed and mobile-ready.\",\"potentialAction\":[{\"@type\":\"SearchAction\",\"target\":{\"@type\":\"EntryPoint\",\"urlTemplate\":\"https:\/\/allwintheme.com\/?s={search_term_string}\"},\"query-input\":{\"@type\":\"PropertyValueSpecification\",\"valueRequired\":true,\"valueName\":\"search_term_string\"}}],\"inLanguage\":\"es-CL\"}]}<\/script>\n<!-- \/ Yoast SEO Premium plugin. -->","yoast_head_json":{"title":"Ygency - Web Design Agency WordPress Theme - AllWin Theme - Free WordPress Themes Download","description":"Ygency: Elegante tema de WordPress para agencias de dise\u00f1o web. Muestra portafolios, servicios y trabajos de clientes con dise\u00f1os modernos y adaptativos e integraci\u00f3n con Elementor.","robots":{"index":"index","follow":"follow","max-snippet":"max-snippet:-1","max-image-preview":"max-image-preview:large","max-video-preview":"max-video-preview:-1"},"canonical":"https:\/\/allwintheme.com\/es\/producto\/ygency-agencia-de-diseno-web-tema-wordpress\/","og_locale":"es_ES","og_type":"article","og_title":"Ygency \u2013 Web Design Agency WordPress Theme","og_description":"Ygency: Sleek WordPress theme for web design agencies. Showcase portfolios, services, and client work with modern, responsive layouts and Elementor integration.","og_url":"https:\/\/allwintheme.com\/es\/producto\/ygency-agencia-de-diseno-web-tema-wordpress\/","og_site_name":"AllWin Theme \u2013 Free WordPress Themes Download","article_modified_time":"2025-11-25T07:13:58+00:00","og_image":[{"width":590,"height":300,"url":"https:\/\/allwintheme.com\/wp-content\/uploads\/2025\/11\/Ygency-\u2013-Web-Design-Agency-WordPress-Theme.png","type":"image\/png"}],"twitter_card":"summary_large_image","twitter_misc":{"Tiempo estimado de lectura":"2 minutos"},"schema":{"@context":"https:\/\/schema.org","@graph":[{"@type":"WebPage","@id":"https:\/\/allwintheme.com\/product\/ygency-web-design-agency-wordpress-theme\/","url":"https:\/\/allwintheme.com\/product\/ygency-web-design-agency-wordpress-theme\/","name":"Ygency - Web Design Agency WordPress Theme - AllWin Theme - Free WordPress Themes Download","isPartOf":{"@id":"https:\/\/allwintheme.com\/#website"},"primaryImageOfPage":{"@id":"https:\/\/allwintheme.com\/product\/ygency-web-design-agency-wordpress-theme\/#primaryimage"},"image":{"@id":"https:\/\/allwintheme.com\/product\/ygency-web-design-agency-wordpress-theme\/#primaryimage"},"thumbnailUrl":"https:\/\/allwintheme.com\/wp-content\/uploads\/2025\/11\/Ygency-\u2013-Web-Design-Agency-WordPress-Theme.png","datePublished":"2025-11-25T07:07:03+00:00","dateModified":"2025-11-25T07:13:58+00:00","description":"Ygency: Elegante tema de WordPress para agencias de dise\u00f1o web. Muestra portafolios, servicios y trabajos de clientes con dise\u00f1os modernos y adaptativos e integraci\u00f3n con Elementor.","breadcrumb":{"@id":"https:\/\/allwintheme.com\/product\/ygency-web-design-agency-wordpress-theme\/#breadcrumb"},"inLanguage":"es-CL","potentialAction":[{"@type":"ReadAction","target":["https:\/\/allwintheme.com\/product\/ygency-web-design-agency-wordpress-theme\/"]}]},{"@type":"ImageObject","inLanguage":"es-CL","@id":"https:\/\/allwintheme.com\/product\/ygency-web-design-agency-wordpress-theme\/#primaryimage","url":"https:\/\/allwintheme.com\/wp-content\/uploads\/2025\/11\/Ygency-\u2013-Web-Design-Agency-WordPress-Theme.png","contentUrl":"https:\/\/allwintheme.com\/wp-content\/uploads\/2025\/11\/Ygency-\u2013-Web-Design-Agency-WordPress-Theme.png","width":590,"height":300,"caption":"Ygency \u2013 Web Design Agency WordPress Theme"},{"@type":"BreadcrumbList","@id":"https:\/\/allwintheme.com\/product\/ygency-web-design-agency-wordpress-theme\/#breadcrumb","itemListElement":[{"@type":"ListItem","position":1,"name":"Home","item":"https:\/\/allwintheme.com\/"},{"@type":"ListItem","position":2,"name":"Shop","item":"https:\/\/allwintheme.com\/shop\/"},{"@type":"ListItem","position":3,"name":"Ygency \u2013 Web Design Agency WordPress Theme"}]},{"@type":"WebSite","@id":"https:\/\/allwintheme.com\/#website","url":"https:\/\/allwintheme.com\/","name":"Allwintheme","description":"Descarga gratis temas de WordPress para todos los nichos. Blogs, negocios, comercio electr\u00f3nico, portafolio, restaurante y m\u00e1s. Todos los temas tienen licencia GPL y est\u00e1n preparados para dispositivos m\u00f3viles.","potentialAction":[{"@type":"SearchAction","target":{"@type":"EntryPoint","urlTemplate":"https:\/\/allwintheme.com\/?s={search_term_string}"},"query-input":{"@type":"PropertyValueSpecification","valueRequired":true,"valueName":"search_term_string"}}],"inLanguage":"es-CL"}]}},"_links":{"self":[{"href":"https:\/\/allwintheme.com\/es\/wp-json\/wp\/v2\/product\/12973","targetHints":{"allow":["GET"]}}],"collection":[{"href":"https:\/\/allwintheme.com\/es\/wp-json\/wp\/v2\/product"}],"about":[{"href":"https:\/\/allwintheme.com\/es\/wp-json\/wp\/v2\/types\/product"}],"replies":[{"embeddable":true,"href":"https:\/\/allwintheme.com\/es\/wp-json\/wp\/v2\/comments?post=12973"}],"version-history":[{"count":5,"href":"https:\/\/allwintheme.com\/es\/wp-json\/wp\/v2\/product\/12973\/revisions"}],"predecessor-version":[{"id":12978,"href":"https:\/\/allwintheme.com\/es\/wp-json\/wp\/v2\/product\/12973\/revisions\/12978"}],"wp:featuredmedia":[{"embeddable":true,"href":"https:\/\/allwintheme.com\/es\/wp-json\/wp\/v2\/media\/12929"}],"wp:attachment":[{"href":"https:\/\/allwintheme.com\/es\/wp-json\/wp\/v2\/media?parent=12973"}],"wp:term":[{"taxonomy":"product_brand","embeddable":true,"href":"https:\/\/allwintheme.com\/es\/wp-json\/wp\/v2\/product_brand?post=12973"},{"taxonomy":"product_cat","embeddable":true,"href":"https:\/\/allwintheme.com\/es\/wp-json\/wp\/v2\/product_cat?post=12973"},{"taxonomy":"product_tag","embeddable":true,"href":"https:\/\/allwintheme.com\/es\/wp-json\/wp\/v2\/product_tag?post=12973"}],"curies":[{"name":"wp","href":"https:\/\/api.w.org\/{rel}","templated":true}]}}