{"id":12979,"date":"2025-11-25T07:14:30","date_gmt":"2025-11-25T07:14:30","guid":{"rendered":"https:\/\/allwintheme.com\/?post_type=product&#038;p=12979"},"modified":"2025-11-25T07:22:42","modified_gmt":"2025-11-25T07:22:42","slug":"ygency-agencia-de-diseno-web-elementor-wordpress-theme","status":"publish","type":"product","link":"https:\/\/allwintheme.com\/es\/producto\/ygency-agencia-de-diseno-web-elementor-wordpress-theme\/","title":{"rendered":"Ygency - Agencia de dise\u00f1o web Elementor WordPress Theme"},"content":{"rendered":"<div data-elementor-type=\"wp-post\" data-elementor-id=\"12979\" class=\"elementor elementor-12979\" data-elementor-settings=\"{&quot;element_pack_global_tooltip_width&quot;:{&quot;unit&quot;:&quot;px&quot;,&quot;size&quot;:&quot;&quot;,&quot;sizes&quot;:[]},&quot;element_pack_global_tooltip_width_tablet&quot;:{&quot;unit&quot;:&quot;px&quot;,&quot;size&quot;:&quot;&quot;,&quot;sizes&quot;:[]},&quot;element_pack_global_tooltip_width_mobile&quot;:{&quot;unit&quot;:&quot;px&quot;,&quot;size&quot;:&quot;&quot;,&quot;sizes&quot;:[]},&quot;element_pack_global_tooltip_padding&quot;:{&quot;unit&quot;:&quot;px&quot;,&quot;top&quot;:&quot;&quot;,&quot;right&quot;:&quot;&quot;,&quot;bottom&quot;:&quot;&quot;,&quot;left&quot;:&quot;&quot;,&quot;isLinked&quot;:true},&quot;element_pack_global_tooltip_padding_tablet&quot;:{&quot;unit&quot;:&quot;px&quot;,&quot;top&quot;:&quot;&quot;,&quot;right&quot;:&quot;&quot;,&quot;bottom&quot;:&quot;&quot;,&quot;left&quot;:&quot;&quot;,&quot;isLinked&quot;:true},&quot;element_pack_global_tooltip_padding_mobile&quot;:{&quot;unit&quot;:&quot;px&quot;,&quot;top&quot;:&quot;&quot;,&quot;right&quot;:&quot;&quot;,&quot;bottom&quot;:&quot;&quot;,&quot;left&quot;:&quot;&quot;,&quot;isLinked&quot;:true},&quot;element_pack_global_tooltip_border_radius&quot;:{&quot;unit&quot;:&quot;px&quot;,&quot;top&quot;:&quot;&quot;,&quot;right&quot;:&quot;&quot;,&quot;bottom&quot;:&quot;&quot;,&quot;left&quot;:&quot;&quot;,&quot;isLinked&quot;:true},&quot;element_pack_global_tooltip_border_radius_tablet&quot;:{&quot;unit&quot;:&quot;px&quot;,&quot;top&quot;:&quot;&quot;,&quot;right&quot;:&quot;&quot;,&quot;bottom&quot;:&quot;&quot;,&quot;left&quot;:&quot;&quot;,&quot;isLinked&quot;:true},&quot;element_pack_global_tooltip_border_radius_mobile&quot;:{&quot;unit&quot;:&quot;px&quot;,&quot;top&quot;:&quot;&quot;,&quot;right&quot;:&quot;&quot;,&quot;bottom&quot;:&quot;&quot;,&quot;left&quot;:&quot;&quot;,&quot;isLinked&quot;:true}}\" data-elementor-post-type=\"product\">\n\t\t\t\t<div class=\"wd-negative-gap elementor-element elementor-element-116794f e-flex e-con-boxed e-con e-parent\" data-id=\"116794f\" data-element_type=\"container\" data-e-type=\"container\">\n\t\t\t\t\t<div class=\"e-con-inner\">\n\t\t\t\t<div class=\"elementor-element elementor-element-03d2133 elementor-widget elementor-widget-wd_text_block\" data-id=\"03d2133\" data-element_type=\"widget\" data-e-type=\"widget\" data-widget_type=\"wd_text_block.default\">\n\t\t\t\t<div class=\"elementor-widget-container\">\n\t\t\t\t\t\t\t<div class=\"wd-text-block reset-last-child text-left\">\n\t\t\t\n\t\t\t<h2>Ygency: Tema premium de Elementor para agencias de dise\u00f1o web<\/h2>\n<p>En <strong>Ygency - Agencia de dise\u00f1o web Elementor WordPress Theme<\/strong> transforma la web de tu agencia en un escaparate de creatividad y profesionalidad. Por ejemplo, los estudios de dise\u00f1o conf\u00edan activamente en Ygency para mostrar portfolios, servicios y testimonios con una perfecta integraci\u00f3n de Elementor. En consecuencia, atraer\u00e1s m\u00e1s clientes al presentar una presencia online interactiva y pulida que pone de relieve tu experiencia.<\/p>\n\n<h3>Cree impresionantes sitios web para agencias sin esfuerzo<\/h3>\n<p>Ygency te permite crear sitios web adaptativos y modernos para agencias de dise\u00f1o web. Puedes arrastrar y soltar elementos a trav\u00e9s de Elementor para personalizar dise\u00f1os, a\u00f1adir sliders interactivos e integrar formularios de contacto sin codificar. Adem\u00e1s, sus plantillas predise\u00f1adas aceleran el desarrollo, para que puedas lanzar sitios impresionantes m\u00e1s r\u00e1pido que nunca.<\/p>\n\n<h3>\u00bfPor qu\u00e9 elegir Ygency?<\/h3>\n<ul>\n    <li><strong>Dise\u00f1o potenciado por Elementor:<\/strong> La compatibilidad total con Elementor le permite crear p\u00e1ginas visualmente ricas con facilidad.<\/li>\n    <li><strong>Escaparate de la cartera:<\/strong> Destaque los proyectos con galer\u00edas, carruseles y efectos hover para cautivar a los visitantes.<\/li>\n    <li><strong>Secciones de servicio:<\/strong> Las \u00e1reas dedicadas a los servicios de dise\u00f1o web, SEO y desarrollo impulsan las consultas de los clientes.<\/li>\n    <li><strong>Testimonios de clientes:<\/strong> Presente rese\u00f1as y estudios de casos para generar confianza y credibilidad.<\/li>\n    <li><strong>Optimizado para SEO:<\/strong> Un c\u00f3digo limpio y una carga r\u00e1pida garantizan un mejor posicionamiento de su agencia en las b\u00fasquedas.<\/li>\n<\/ul>\n\n<h3>Funciones vers\u00e1tiles y con capacidad de respuesta<\/h3>\n<p>Ygency se adapta perfectamente a todos los dispositivos, garantizando que el sitio de tu agencia se vea bien en m\u00f3viles y ordenadores de sobremesa. Por ejemplo, incluye secciones de blog para el liderazgo de pensamiento o integra WooCommerce para paquetes de servicios. Como resultado, creas un centro integral que soporta todo el flujo de trabajo de tu negocio.<\/p>\n\n<h3>Descubra temas y recursos complementarios<\/h3>\n<p>Ampl\u00ede sus herramientas con opciones premium similares. Explore la <a href=\"https:\/\/allwintheme.com\/es\/producto\/box-diseno-web-multiproposito-moderno-wordpress-elementor-theme-tema-wordpress\/\">Box Dise\u00f1o Web Multiprop\u00f3sito Moderno WordPress Elementor Tema<\/a> para dise\u00f1os vers\u00e1tiles, o echa un vistazo al <a href=\"https:\/\/allwintheme.com\/es\/producto\/magictouch-web-design-studio-responsive-wordpress-theme\/\">MagicTouch Web Design Studio Responsive WordPress Theme<\/a> para dise\u00f1os centrados en el estudio. Para m\u00e1s informaci\u00f3n, lea <a href=\"https:\/\/allwintheme.com\/es\/2025\/08\/03\/caracteristicas-de-elementor-pro\/\">Caracter\u00edsticas de Elementor Pro<\/a> para desbloquear funciones avanzadas.<\/p>\n\n<h3>Mejore su agencia en l\u00ednea<\/h3>\n<p>Para m\u00e1s consejos y tendencias sobre WordPress, visite <a href=\"https:\/\/www.wpkvip.com\">WPKVIP<\/a> para estar a la vanguardia del dise\u00f1o web. Por lo tanto, \u00a1consigue Ygency hoy mismo y eleva la huella digital de tu agencia con estilo y eficacia!\n\t\t\t\t\t<\/div>\n\t\t\t\t\t\t<\/div>\n\t\t\t\t<\/div>\n\t\t\t\t\t<\/div>\n\t\t\t\t<\/div>\n\t\t<div class=\"wd-negative-gap elementor-element elementor-element-4cd4c58 e-flex e-con-boxed e-con e-parent\" data-id=\"4cd4c58\" data-element_type=\"container\" data-e-type=\"container\">\n\t\t\t\t\t<div class=\"e-con-inner\">\n\t\t\t\t<div class=\"elementor-element elementor-element-da288cc elementor-widget elementor-widget-video\" data-id=\"da288cc\" data-element_type=\"widget\" data-e-type=\"widget\" data-settings=\"{&quot;youtube_url&quot;:&quot;https:\\\/\\\/youtu.be\\\/NvoozjDA8Jo&quot;,&quot;video_type&quot;:&quot;youtube&quot;,&quot;controls&quot;:&quot;yes&quot;}\" data-widget_type=\"video.default\">\n\t\t\t\t\t\t\t<div class=\"elementor-wrapper elementor-open-inline\">\n\t\t\t<div class=\"elementor-video\"><\/div>\t\t<\/div>\n\t\t\t\t\t\t<\/div>\n\t\t\t\t\t<\/div>\n\t\t\t\t<\/div>\n\t\t\t\t<\/div>","protected":false},"excerpt":{"rendered":"<p>Ygency: Premium Elementor Theme for Web Design Agencies Ygency - Web Design Agency Elementor WordPress Theme transforma tu agencia de dise\u00f1o web.<\/p>","protected":false},"featured_media":12920,"comment_status":"open","ping_status":"closed","template":"","meta":{"_acf_changed":false},"product_brand":[],"product_cat":[48],"product_tag":[],"class_list":{"0":"post-12979","1":"product","2":"type-product","3":"status-publish","4":"has-post-thumbnail","6":"product_cat-themes","8":"first","9":"instock","10":"sale","11":"downloadable","12":"shipping-taxable","13":"purchasable","14":"product-type-simple"},"acf":[],"yoast_head":"<!-- This site is optimized with the Yoast SEO Premium plugin v25.6 (Yoast SEO v27.1.1) - https:\/\/yoast.com\/product\/yoast-seo-premium-wordpress\/ -->\n<title>Ygency \u2013 Web Design Agency Elementor WordPress Theme - AllWin Theme \u2013 Free WordPress Themes Download<\/title>\n<meta name=\"description\" content=\"Ygency: Premium Elementor WordPress theme for web design agencies. Showcase portfolios, services, and client work with stunning, responsive layouts.\" \/>\n<meta name=\"robots\" content=\"index, follow, max-snippet:-1, max-image-preview:large, max-video-preview:-1\" \/>\n<link rel=\"canonical\" href=\"https:\/\/allwintheme.com\/es\/producto\/ygency-agencia-de-diseno-web-elementor-wordpress-theme\/\" \/>\n<meta property=\"og:locale\" content=\"es_ES\" \/>\n<meta property=\"og:type\" content=\"article\" \/>\n<meta property=\"og:title\" content=\"Ygency \u2013 Web Design Agency Elementor WordPress Theme\" \/>\n<meta property=\"og:description\" content=\"Ygency: Premium Elementor WordPress theme for web design agencies. Showcase portfolios, services, and client work with stunning, responsive layouts.\" \/>\n<meta property=\"og:url\" content=\"https:\/\/allwintheme.com\/es\/producto\/ygency-agencia-de-diseno-web-elementor-wordpress-theme\/\" \/>\n<meta property=\"og:site_name\" content=\"AllWin Theme \u2013 Free WordPress Themes Download\" \/>\n<meta property=\"article:modified_time\" content=\"2025-11-25T07:22:42+00:00\" \/>\n<meta property=\"og:image\" content=\"https:\/\/allwintheme.com\/wp-content\/uploads\/2025\/11\/Ygency-\u2013-Web-Design-Agency-Elementor-WordPress-Theme.png\" \/>\n\t<meta property=\"og:image:width\" content=\"590\" \/>\n\t<meta property=\"og:image:height\" content=\"300\" \/>\n\t<meta property=\"og:image:type\" content=\"image\/png\" \/>\n<meta name=\"twitter:card\" content=\"summary_large_image\" \/>\n<meta name=\"twitter:label1\" content=\"Tiempo estimado de lectura\" \/>\n\t<meta name=\"twitter:data1\" content=\"2 minutos\" \/>\n<script type=\"application\/ld+json\" class=\"yoast-schema-graph\">{\"@context\":\"https:\/\/schema.org\",\"@graph\":[{\"@type\":\"WebPage\",\"@id\":\"https:\/\/allwintheme.com\/product\/ygency-web-design-agency-elementor-wordpress-theme\/\",\"url\":\"https:\/\/allwintheme.com\/product\/ygency-web-design-agency-elementor-wordpress-theme\/\",\"name\":\"Ygency \u2013 Web Design Agency Elementor WordPress Theme - AllWin Theme \u2013 Free WordPress Themes Download\",\"isPartOf\":{\"@id\":\"https:\/\/allwintheme.com\/#website\"},\"primaryImageOfPage\":{\"@id\":\"https:\/\/allwintheme.com\/product\/ygency-web-design-agency-elementor-wordpress-theme\/#primaryimage\"},\"image\":{\"@id\":\"https:\/\/allwintheme.com\/product\/ygency-web-design-agency-elementor-wordpress-theme\/#primaryimage\"},\"thumbnailUrl\":\"https:\/\/allwintheme.com\/wp-content\/uploads\/2025\/11\/Ygency-\u2013-Web-Design-Agency-Elementor-WordPress-Theme.png\",\"datePublished\":\"2025-11-25T07:14:30+00:00\",\"dateModified\":\"2025-11-25T07:22:42+00:00\",\"description\":\"Ygency: Premium Elementor WordPress theme for web design agencies. Showcase portfolios, services, and client work with stunning, responsive layouts.\",\"breadcrumb\":{\"@id\":\"https:\/\/allwintheme.com\/product\/ygency-web-design-agency-elementor-wordpress-theme\/#breadcrumb\"},\"inLanguage\":\"es-CL\",\"potentialAction\":[{\"@type\":\"ReadAction\",\"target\":[\"https:\/\/allwintheme.com\/product\/ygency-web-design-agency-elementor-wordpress-theme\/\"]}]},{\"@type\":\"ImageObject\",\"inLanguage\":\"es-CL\",\"@id\":\"https:\/\/allwintheme.com\/product\/ygency-web-design-agency-elementor-wordpress-theme\/#primaryimage\",\"url\":\"https:\/\/allwintheme.com\/wp-content\/uploads\/2025\/11\/Ygency-\u2013-Web-Design-Agency-Elementor-WordPress-Theme.png\",\"contentUrl\":\"https:\/\/allwintheme.com\/wp-content\/uploads\/2025\/11\/Ygency-\u2013-Web-Design-Agency-Elementor-WordPress-Theme.png\",\"width\":590,\"height\":300,\"caption\":\"Ygency \u2013 Web Design Agency Elementor WordPress Theme\"},{\"@type\":\"BreadcrumbList\",\"@id\":\"https:\/\/allwintheme.com\/product\/ygency-web-design-agency-elementor-wordpress-theme\/#breadcrumb\",\"itemListElement\":[{\"@type\":\"ListItem\",\"position\":1,\"name\":\"Home\",\"item\":\"https:\/\/allwintheme.com\/\"},{\"@type\":\"ListItem\",\"position\":2,\"name\":\"Shop\",\"item\":\"https:\/\/allwintheme.com\/shop\/\"},{\"@type\":\"ListItem\",\"position\":3,\"name\":\"Ygency \u2013 Web Design Agency Elementor WordPress Theme\"}]},{\"@type\":\"WebSite\",\"@id\":\"https:\/\/allwintheme.com\/#website\",\"url\":\"https:\/\/allwintheme.com\/\",\"name\":\"Allwintheme\",\"description\":\"Download free WordPress themes for every niche. Blogs, business, eCommerce, portfolio, restaurant and more. All themes are GPL licensed and mobile-ready.\",\"potentialAction\":[{\"@type\":\"SearchAction\",\"target\":{\"@type\":\"EntryPoint\",\"urlTemplate\":\"https:\/\/allwintheme.com\/?s={search_term_string}\"},\"query-input\":{\"@type\":\"PropertyValueSpecification\",\"valueRequired\":true,\"valueName\":\"search_term_string\"}}],\"inLanguage\":\"es-CL\"}]}<\/script>\n<!-- \/ Yoast SEO Premium plugin. -->","yoast_head_json":{"title":"Ygency - Web Design Agency Elementor WordPress Theme - AllWin Theme - Free WordPress Themes Download","description":"Ygency: Tema premium de WordPress con Elementor para agencias de dise\u00f1o web. Muestra portafolios, servicios y trabajos de clientes con impresionantes dise\u00f1os adaptativos.","robots":{"index":"index","follow":"follow","max-snippet":"max-snippet:-1","max-image-preview":"max-image-preview:large","max-video-preview":"max-video-preview:-1"},"canonical":"https:\/\/allwintheme.com\/es\/producto\/ygency-agencia-de-diseno-web-elementor-wordpress-theme\/","og_locale":"es_ES","og_type":"article","og_title":"Ygency \u2013 Web Design Agency Elementor WordPress Theme","og_description":"Ygency: Premium Elementor WordPress theme for web design agencies. Showcase portfolios, services, and client work with stunning, responsive layouts.","og_url":"https:\/\/allwintheme.com\/es\/producto\/ygency-agencia-de-diseno-web-elementor-wordpress-theme\/","og_site_name":"AllWin Theme \u2013 Free WordPress Themes Download","article_modified_time":"2025-11-25T07:22:42+00:00","og_image":[{"width":590,"height":300,"url":"https:\/\/allwintheme.com\/wp-content\/uploads\/2025\/11\/Ygency-\u2013-Web-Design-Agency-Elementor-WordPress-Theme.png","type":"image\/png"}],"twitter_card":"summary_large_image","twitter_misc":{"Tiempo estimado de lectura":"2 minutos"},"schema":{"@context":"https:\/\/schema.org","@graph":[{"@type":"WebPage","@id":"https:\/\/allwintheme.com\/product\/ygency-web-design-agency-elementor-wordpress-theme\/","url":"https:\/\/allwintheme.com\/product\/ygency-web-design-agency-elementor-wordpress-theme\/","name":"Ygency - Web Design Agency Elementor WordPress Theme - AllWin Theme - Free WordPress Themes Download","isPartOf":{"@id":"https:\/\/allwintheme.com\/#website"},"primaryImageOfPage":{"@id":"https:\/\/allwintheme.com\/product\/ygency-web-design-agency-elementor-wordpress-theme\/#primaryimage"},"image":{"@id":"https:\/\/allwintheme.com\/product\/ygency-web-design-agency-elementor-wordpress-theme\/#primaryimage"},"thumbnailUrl":"https:\/\/allwintheme.com\/wp-content\/uploads\/2025\/11\/Ygency-\u2013-Web-Design-Agency-Elementor-WordPress-Theme.png","datePublished":"2025-11-25T07:14:30+00:00","dateModified":"2025-11-25T07:22:42+00:00","description":"Ygency: Tema premium de WordPress con Elementor para agencias de dise\u00f1o web. Muestra portafolios, servicios y trabajos de clientes con impresionantes dise\u00f1os adaptativos.","breadcrumb":{"@id":"https:\/\/allwintheme.com\/product\/ygency-web-design-agency-elementor-wordpress-theme\/#breadcrumb"},"inLanguage":"es-CL","potentialAction":[{"@type":"ReadAction","target":["https:\/\/allwintheme.com\/product\/ygency-web-design-agency-elementor-wordpress-theme\/"]}]},{"@type":"ImageObject","inLanguage":"es-CL","@id":"https:\/\/allwintheme.com\/product\/ygency-web-design-agency-elementor-wordpress-theme\/#primaryimage","url":"https:\/\/allwintheme.com\/wp-content\/uploads\/2025\/11\/Ygency-\u2013-Web-Design-Agency-Elementor-WordPress-Theme.png","contentUrl":"https:\/\/allwintheme.com\/wp-content\/uploads\/2025\/11\/Ygency-\u2013-Web-Design-Agency-Elementor-WordPress-Theme.png","width":590,"height":300,"caption":"Ygency \u2013 Web Design Agency Elementor WordPress Theme"},{"@type":"BreadcrumbList","@id":"https:\/\/allwintheme.com\/product\/ygency-web-design-agency-elementor-wordpress-theme\/#breadcrumb","itemListElement":[{"@type":"ListItem","position":1,"name":"Home","item":"https:\/\/allwintheme.com\/"},{"@type":"ListItem","position":2,"name":"Shop","item":"https:\/\/allwintheme.com\/shop\/"},{"@type":"ListItem","position":3,"name":"Ygency \u2013 Web Design Agency Elementor WordPress Theme"}]},{"@type":"WebSite","@id":"https:\/\/allwintheme.com\/#website","url":"https:\/\/allwintheme.com\/","name":"Allwintheme","description":"Descarga gratis temas de WordPress para todos los nichos. Blogs, negocios, comercio electr\u00f3nico, portafolio, restaurante y m\u00e1s. Todos los temas tienen licencia GPL y est\u00e1n preparados para dispositivos m\u00f3viles.","potentialAction":[{"@type":"SearchAction","target":{"@type":"EntryPoint","urlTemplate":"https:\/\/allwintheme.com\/?s={search_term_string}"},"query-input":{"@type":"PropertyValueSpecification","valueRequired":true,"valueName":"search_term_string"}}],"inLanguage":"es-CL"}]}},"_links":{"self":[{"href":"https:\/\/allwintheme.com\/es\/wp-json\/wp\/v2\/product\/12979","targetHints":{"allow":["GET"]}}],"collection":[{"href":"https:\/\/allwintheme.com\/es\/wp-json\/wp\/v2\/product"}],"about":[{"href":"https:\/\/allwintheme.com\/es\/wp-json\/wp\/v2\/types\/product"}],"replies":[{"embeddable":true,"href":"https:\/\/allwintheme.com\/es\/wp-json\/wp\/v2\/comments?post=12979"}],"version-history":[{"count":5,"href":"https:\/\/allwintheme.com\/es\/wp-json\/wp\/v2\/product\/12979\/revisions"}],"predecessor-version":[{"id":12984,"href":"https:\/\/allwintheme.com\/es\/wp-json\/wp\/v2\/product\/12979\/revisions\/12984"}],"wp:featuredmedia":[{"embeddable":true,"href":"https:\/\/allwintheme.com\/es\/wp-json\/wp\/v2\/media\/12920"}],"wp:attachment":[{"href":"https:\/\/allwintheme.com\/es\/wp-json\/wp\/v2\/media?parent=12979"}],"wp:term":[{"taxonomy":"product_brand","embeddable":true,"href":"https:\/\/allwintheme.com\/es\/wp-json\/wp\/v2\/product_brand?post=12979"},{"taxonomy":"product_cat","embeddable":true,"href":"https:\/\/allwintheme.com\/es\/wp-json\/wp\/v2\/product_cat?post=12979"},{"taxonomy":"product_tag","embeddable":true,"href":"https:\/\/allwintheme.com\/es\/wp-json\/wp\/v2\/product_tag?post=12979"}],"curies":[{"name":"wp","href":"https:\/\/api.w.org\/{rel}","templated":true}]}}