{"id":12985,"date":"2025-11-25T07:23:21","date_gmt":"2025-11-25T07:23:21","guid":{"rendered":"https:\/\/allwintheme.com\/?post_type=product&#038;p=12985"},"modified":"2025-11-25T07:31:06","modified_gmt":"2025-11-25T07:31:06","slug":"amiso-agencia-de-diseno-web-wordpress","status":"publish","type":"product","link":"https:\/\/allwintheme.com\/es\/producto\/amiso-agencia-de-diseno-web-wordpress\/","title":{"rendered":"Amiso - Agencia de dise\u00f1o web WordPress"},"content":{"rendered":"<div data-elementor-type=\"wp-post\" data-elementor-id=\"12985\" class=\"elementor elementor-12985\" data-elementor-settings=\"{&quot;element_pack_global_tooltip_width&quot;:{&quot;unit&quot;:&quot;px&quot;,&quot;size&quot;:&quot;&quot;,&quot;sizes&quot;:[]},&quot;element_pack_global_tooltip_width_tablet&quot;:{&quot;unit&quot;:&quot;px&quot;,&quot;size&quot;:&quot;&quot;,&quot;sizes&quot;:[]},&quot;element_pack_global_tooltip_width_mobile&quot;:{&quot;unit&quot;:&quot;px&quot;,&quot;size&quot;:&quot;&quot;,&quot;sizes&quot;:[]},&quot;element_pack_global_tooltip_padding&quot;:{&quot;unit&quot;:&quot;px&quot;,&quot;top&quot;:&quot;&quot;,&quot;right&quot;:&quot;&quot;,&quot;bottom&quot;:&quot;&quot;,&quot;left&quot;:&quot;&quot;,&quot;isLinked&quot;:true},&quot;element_pack_global_tooltip_padding_tablet&quot;:{&quot;unit&quot;:&quot;px&quot;,&quot;top&quot;:&quot;&quot;,&quot;right&quot;:&quot;&quot;,&quot;bottom&quot;:&quot;&quot;,&quot;left&quot;:&quot;&quot;,&quot;isLinked&quot;:true},&quot;element_pack_global_tooltip_padding_mobile&quot;:{&quot;unit&quot;:&quot;px&quot;,&quot;top&quot;:&quot;&quot;,&quot;right&quot;:&quot;&quot;,&quot;bottom&quot;:&quot;&quot;,&quot;left&quot;:&quot;&quot;,&quot;isLinked&quot;:true},&quot;element_pack_global_tooltip_border_radius&quot;:{&quot;unit&quot;:&quot;px&quot;,&quot;top&quot;:&quot;&quot;,&quot;right&quot;:&quot;&quot;,&quot;bottom&quot;:&quot;&quot;,&quot;left&quot;:&quot;&quot;,&quot;isLinked&quot;:true},&quot;element_pack_global_tooltip_border_radius_tablet&quot;:{&quot;unit&quot;:&quot;px&quot;,&quot;top&quot;:&quot;&quot;,&quot;right&quot;:&quot;&quot;,&quot;bottom&quot;:&quot;&quot;,&quot;left&quot;:&quot;&quot;,&quot;isLinked&quot;:true},&quot;element_pack_global_tooltip_border_radius_mobile&quot;:{&quot;unit&quot;:&quot;px&quot;,&quot;top&quot;:&quot;&quot;,&quot;right&quot;:&quot;&quot;,&quot;bottom&quot;:&quot;&quot;,&quot;left&quot;:&quot;&quot;,&quot;isLinked&quot;:true}}\" data-elementor-post-type=\"product\">\n\t\t\t\t<div class=\"wd-negative-gap elementor-element elementor-element-116794f e-flex e-con-boxed e-con e-parent\" data-id=\"116794f\" data-element_type=\"container\" data-e-type=\"container\">\n\t\t\t\t\t<div class=\"e-con-inner\">\n\t\t\t\t<div class=\"elementor-element elementor-element-03d2133 elementor-widget elementor-widget-wd_text_block\" data-id=\"03d2133\" data-element_type=\"widget\" data-e-type=\"widget\" data-widget_type=\"wd_text_block.default\">\n\t\t\t\t<div class=\"elementor-widget-container\">\n\t\t\t\t\t\t\t<div class=\"wd-text-block reset-last-child text-left\">\n\t\t\t\n\t\t\t<h2>Amiso - Agencia de Dise\u00f1o Web Tema de WordPress: Construir un sitio impresionante Agencia<\/h2>\n<p><strong>Amiso<\/strong> ofrece todo lo que una agencia de dise\u00f1o web moderna necesita para brillar en Internet. Por ejemplo, los estudios creativos y los dise\u00f1adores aut\u00f3nomos utilizan activamente este tema para presentar portafolios, servicios y estudios de casos con estilo. De este modo, atraer\u00e1 a clientes de alto valor y convertir\u00e1 a los visitantes en clientes potenciales desde el primer d\u00eda.<\/p>\n\n<h3>Dise\u00f1ado para profesionales creativos<\/h3>\n<p>Amiso combina elegantes dise\u00f1os con una potente funcionalidad. Puedes mostrar proyectos en bonitos portafolios de cuadr\u00edcula o mamposter\u00eda, destacar a los miembros del equipo y mostrar testimonios de clientes que generen confianza. Adem\u00e1s, la importaci\u00f3n de demos con un solo clic te permite lanzar un sitio profesional en cuesti\u00f3n de minutos en lugar de semanas.<\/p>\n\n<h3>\u00bfPor qu\u00e9 elegir Amiso?<\/h3>\n<ul>\n    <li><strong>Impresionantes dise\u00f1os de portafolio:<\/strong> M\u00faltiples estilos para que muestres tu trabajo exactamente como quieras.<\/li>\n    <li><strong>Totalmente responsive y Retina Ready:<\/strong> Se ve perfectamente en tel\u00e9fonos, tabletas y ordenadores de sobremesa.<\/li>\n    <li><strong>Velocidad de carga r\u00e1pida:<\/strong> El c\u00f3digo optimizado hace que su sitio sea rapid\u00edsimo y compatible con el SEO.<\/li>\n    <li><strong>Compatible con Elementor:<\/strong> Edici\u00f3n de arrastrar y soltar sin necesidad de codificaci\u00f3n.<\/li>\n    <li><strong>Cuadros de servicios y precios:<\/strong> Presente claramente los paquetes y atraiga a los clientes adecuados.<\/li>\n    <li><strong>Colores y tipograf\u00eda ilimitados:<\/strong> Encaja perfectamente con la identidad de su marca.<\/li>\n<\/ul>\n\n<h3>Perfecto para cualquier agencia creativa<\/h3>\n<p>Tanto si dirige una agencia de servicios integrales, un estudio independiente o una empresa de marketing digital, Amiso se adapta sin esfuerzo. Por ejemplo, integra formularios de contacto, sistemas de reservas o incluso una tienda online para vender plantillas y recursos.<\/p>\n\n<h3>Explorar temas y herramientas similares para agencias<\/h3>\n<p>\u00bfBusca alternativas o herramientas complementarias? Consulte estas opciones populares:  \n<a href=\"https:\/\/allwintheme.com\/es\/producto\/ygency-agencia-de-diseno-web-tema-wordpress\/\">Ygency - Web Design Agency WordPress Theme<\/a>  \n<a href=\"https:\/\/allwintheme.com\/es\/producto\/maser-agencia-de-diseno-web-plantilla-elementor\/\">Maser - Plantilla Elementor para Agencia de Dise\u00f1o Web<\/a>  \n<a href=\"https:\/\/allwintheme.com\/es\/producto\/easy-digital-downloads-conversor-de-divisas\/\">Conversor de divisas de Easy Digital Downloads<\/a><\/p>\n\n<p>Para conocer los \u00faltimos consejos sobre WordPress, revisiones de temas y estrategias de crecimiento de agencias, visite <a href=\"https:\/\/www.wpkvip.com\/\">WPKVIP<\/a>.<\/p>\n\n<h3>Consiga Amiso hoy mismo<\/h3>\n<p>Deje de conformarse con plantillas gen\u00e9ricas. Por lo tanto, instale <strong>Amiso - Web Design Agency WordPress Theme<\/strong> \u00a1ahora y lance un sitio web de agencia que gane clientes y refleje su excelencia creativa!\n\t\t\t\t\t<\/div>\n\t\t\t\t\t\t<\/div>\n\t\t\t\t<\/div>\n\t\t\t\t\t<\/div>\n\t\t\t\t<\/div>\n\t\t<div class=\"elementor-element elementor-element-4cd4c58 e-con-full e-flex e-con e-parent\" data-id=\"4cd4c58\" data-element_type=\"container\" data-e-type=\"container\">\n\t\t\t\t<div class=\"elementor-element elementor-element-da288cc elementor-widget elementor-widget-video\" data-id=\"da288cc\" data-element_type=\"widget\" data-e-type=\"widget\" data-settings=\"{&quot;youtube_url&quot;:&quot;https:\\\/\\\/youtu.be\\\/cjQ9CbHDiYM&quot;,&quot;video_type&quot;:&quot;youtube&quot;,&quot;controls&quot;:&quot;yes&quot;}\" data-widget_type=\"video.default\">\n\t\t\t\t\t\t\t<div class=\"elementor-wrapper elementor-open-inline\">\n\t\t\t<div class=\"elementor-video\"><\/div>\t\t<\/div>\n\t\t\t\t\t\t<\/div>\n\t\t\t\t<\/div>\n\t\t\t\t<\/div>","protected":false},"excerpt":{"rendered":"<p>Amiso - Agencia de Dise\u00f1o Web Tema de WordPress: Construir un sitio impresionante Agencia Amiso ofrece todo lo que una agencia de dise\u00f1o web moderno<\/p>","protected":false},"featured_media":12928,"comment_status":"open","ping_status":"closed","template":"","meta":{"_acf_changed":false},"product_brand":[],"product_cat":[48],"product_tag":[],"class_list":{"0":"post-12985","1":"product","2":"type-product","3":"status-publish","4":"has-post-thumbnail","6":"product_cat-themes","8":"first","9":"instock","10":"sale","11":"downloadable","12":"shipping-taxable","13":"purchasable","14":"product-type-simple"},"acf":[],"yoast_head":"<!-- This site is optimized with the Yoast SEO Premium plugin v25.6 (Yoast SEO v27.1.1) - https:\/\/yoast.com\/product\/yoast-seo-premium-wordpress\/ -->\n<title>Amiso \u2013 Web Design Agency WordPress - AllWin Theme \u2013 Free WordPress Themes Download<\/title>\n<meta name=\"description\" content=\"Amiso is a sleek, modern WordPress theme crafted for web design agencies, creative studios, and digital freelancers. Fast, fully customizable, and ready to showcase your portfolio.\" \/>\n<meta name=\"robots\" content=\"index, follow, max-snippet:-1, max-image-preview:large, max-video-preview:-1\" \/>\n<link rel=\"canonical\" href=\"https:\/\/allwintheme.com\/es\/producto\/amiso-agencia-de-diseno-web-wordpress\/\" \/>\n<meta property=\"og:locale\" content=\"es_ES\" \/>\n<meta property=\"og:type\" content=\"article\" \/>\n<meta property=\"og:title\" content=\"Amiso \u2013 Web Design Agency WordPress\" \/>\n<meta property=\"og:description\" content=\"Amiso is a sleek, modern WordPress theme crafted for web design agencies, creative studios, and digital freelancers. Fast, fully customizable, and ready to showcase your portfolio.\" \/>\n<meta property=\"og:url\" content=\"https:\/\/allwintheme.com\/es\/producto\/amiso-agencia-de-diseno-web-wordpress\/\" \/>\n<meta property=\"og:site_name\" content=\"AllWin Theme \u2013 Free WordPress Themes Download\" \/>\n<meta property=\"article:modified_time\" content=\"2025-11-25T07:31:06+00:00\" \/>\n<meta property=\"og:image\" content=\"https:\/\/allwintheme.com\/wp-content\/uploads\/2025\/11\/Amiso-\u2013-Web-Design-Agency-WordPress.png\" \/>\n\t<meta property=\"og:image:width\" content=\"590\" \/>\n\t<meta property=\"og:image:height\" content=\"300\" \/>\n\t<meta property=\"og:image:type\" content=\"image\/png\" \/>\n<meta name=\"twitter:card\" content=\"summary_large_image\" \/>\n<meta name=\"twitter:label1\" content=\"Tiempo estimado de lectura\" \/>\n\t<meta name=\"twitter:data1\" content=\"2 minutos\" \/>\n<script type=\"application\/ld+json\" class=\"yoast-schema-graph\">{\"@context\":\"https:\/\/schema.org\",\"@graph\":[{\"@type\":\"WebPage\",\"@id\":\"https:\/\/allwintheme.com\/product\/amiso-web-design-agency-wordpress\/\",\"url\":\"https:\/\/allwintheme.com\/product\/amiso-web-design-agency-wordpress\/\",\"name\":\"Amiso \u2013 Web Design Agency WordPress - AllWin Theme \u2013 Free WordPress Themes Download\",\"isPartOf\":{\"@id\":\"https:\/\/allwintheme.com\/#website\"},\"primaryImageOfPage\":{\"@id\":\"https:\/\/allwintheme.com\/product\/amiso-web-design-agency-wordpress\/#primaryimage\"},\"image\":{\"@id\":\"https:\/\/allwintheme.com\/product\/amiso-web-design-agency-wordpress\/#primaryimage\"},\"thumbnailUrl\":\"https:\/\/allwintheme.com\/wp-content\/uploads\/2025\/11\/Amiso-\u2013-Web-Design-Agency-WordPress.png\",\"datePublished\":\"2025-11-25T07:23:21+00:00\",\"dateModified\":\"2025-11-25T07:31:06+00:00\",\"description\":\"Amiso is a sleek, modern WordPress theme crafted for web design agencies, creative studios, and digital freelancers. Fast, fully customizable, and ready to showcase your portfolio.\",\"breadcrumb\":{\"@id\":\"https:\/\/allwintheme.com\/product\/amiso-web-design-agency-wordpress\/#breadcrumb\"},\"inLanguage\":\"es-CL\",\"potentialAction\":[{\"@type\":\"ReadAction\",\"target\":[\"https:\/\/allwintheme.com\/product\/amiso-web-design-agency-wordpress\/\"]}]},{\"@type\":\"ImageObject\",\"inLanguage\":\"es-CL\",\"@id\":\"https:\/\/allwintheme.com\/product\/amiso-web-design-agency-wordpress\/#primaryimage\",\"url\":\"https:\/\/allwintheme.com\/wp-content\/uploads\/2025\/11\/Amiso-\u2013-Web-Design-Agency-WordPress.png\",\"contentUrl\":\"https:\/\/allwintheme.com\/wp-content\/uploads\/2025\/11\/Amiso-\u2013-Web-Design-Agency-WordPress.png\",\"width\":590,\"height\":300,\"caption\":\"Amiso \u2013 Web Design Agency WordPress\"},{\"@type\":\"BreadcrumbList\",\"@id\":\"https:\/\/allwintheme.com\/product\/amiso-web-design-agency-wordpress\/#breadcrumb\",\"itemListElement\":[{\"@type\":\"ListItem\",\"position\":1,\"name\":\"Home\",\"item\":\"https:\/\/allwintheme.com\/\"},{\"@type\":\"ListItem\",\"position\":2,\"name\":\"Shop\",\"item\":\"https:\/\/allwintheme.com\/shop\/\"},{\"@type\":\"ListItem\",\"position\":3,\"name\":\"Amiso \u2013 Web Design Agency WordPress\"}]},{\"@type\":\"WebSite\",\"@id\":\"https:\/\/allwintheme.com\/#website\",\"url\":\"https:\/\/allwintheme.com\/\",\"name\":\"Allwintheme\",\"description\":\"Download free WordPress themes for every niche. Blogs, business, eCommerce, portfolio, restaurant and more. All themes are GPL licensed and mobile-ready.\",\"potentialAction\":[{\"@type\":\"SearchAction\",\"target\":{\"@type\":\"EntryPoint\",\"urlTemplate\":\"https:\/\/allwintheme.com\/?s={search_term_string}\"},\"query-input\":{\"@type\":\"PropertyValueSpecification\",\"valueRequired\":true,\"valueName\":\"search_term_string\"}}],\"inLanguage\":\"es-CL\"}]}<\/script>\n<!-- \/ Yoast SEO Premium plugin. -->","yoast_head_json":{"title":"Amiso \u2013 Web Design Agency WordPress - AllWin Theme \u2013 Free WordPress Themes Download","description":"Amiso es un elegante y moderno tema de WordPress creado para agencias de dise\u00f1o web, estudios creativos y aut\u00f3nomos digitales. R\u00e1pido, totalmente personalizable y listo para mostrar tu portafolio.","robots":{"index":"index","follow":"follow","max-snippet":"max-snippet:-1","max-image-preview":"max-image-preview:large","max-video-preview":"max-video-preview:-1"},"canonical":"https:\/\/allwintheme.com\/es\/producto\/amiso-agencia-de-diseno-web-wordpress\/","og_locale":"es_ES","og_type":"article","og_title":"Amiso \u2013 Web Design Agency WordPress","og_description":"Amiso is a sleek, modern WordPress theme crafted for web design agencies, creative studios, and digital freelancers. Fast, fully customizable, and ready to showcase your portfolio.","og_url":"https:\/\/allwintheme.com\/es\/producto\/amiso-agencia-de-diseno-web-wordpress\/","og_site_name":"AllWin Theme \u2013 Free WordPress Themes Download","article_modified_time":"2025-11-25T07:31:06+00:00","og_image":[{"width":590,"height":300,"url":"https:\/\/allwintheme.com\/wp-content\/uploads\/2025\/11\/Amiso-\u2013-Web-Design-Agency-WordPress.png","type":"image\/png"}],"twitter_card":"summary_large_image","twitter_misc":{"Tiempo estimado de lectura":"2 minutos"},"schema":{"@context":"https:\/\/schema.org","@graph":[{"@type":"WebPage","@id":"https:\/\/allwintheme.com\/product\/amiso-web-design-agency-wordpress\/","url":"https:\/\/allwintheme.com\/product\/amiso-web-design-agency-wordpress\/","name":"Amiso \u2013 Web Design Agency WordPress - AllWin Theme \u2013 Free WordPress Themes Download","isPartOf":{"@id":"https:\/\/allwintheme.com\/#website"},"primaryImageOfPage":{"@id":"https:\/\/allwintheme.com\/product\/amiso-web-design-agency-wordpress\/#primaryimage"},"image":{"@id":"https:\/\/allwintheme.com\/product\/amiso-web-design-agency-wordpress\/#primaryimage"},"thumbnailUrl":"https:\/\/allwintheme.com\/wp-content\/uploads\/2025\/11\/Amiso-\u2013-Web-Design-Agency-WordPress.png","datePublished":"2025-11-25T07:23:21+00:00","dateModified":"2025-11-25T07:31:06+00:00","description":"Amiso es un elegante y moderno tema de WordPress creado para agencias de dise\u00f1o web, estudios creativos y aut\u00f3nomos digitales. R\u00e1pido, totalmente personalizable y listo para mostrar tu portafolio.","breadcrumb":{"@id":"https:\/\/allwintheme.com\/product\/amiso-web-design-agency-wordpress\/#breadcrumb"},"inLanguage":"es-CL","potentialAction":[{"@type":"ReadAction","target":["https:\/\/allwintheme.com\/product\/amiso-web-design-agency-wordpress\/"]}]},{"@type":"ImageObject","inLanguage":"es-CL","@id":"https:\/\/allwintheme.com\/product\/amiso-web-design-agency-wordpress\/#primaryimage","url":"https:\/\/allwintheme.com\/wp-content\/uploads\/2025\/11\/Amiso-\u2013-Web-Design-Agency-WordPress.png","contentUrl":"https:\/\/allwintheme.com\/wp-content\/uploads\/2025\/11\/Amiso-\u2013-Web-Design-Agency-WordPress.png","width":590,"height":300,"caption":"Amiso \u2013 Web Design Agency WordPress"},{"@type":"BreadcrumbList","@id":"https:\/\/allwintheme.com\/product\/amiso-web-design-agency-wordpress\/#breadcrumb","itemListElement":[{"@type":"ListItem","position":1,"name":"Home","item":"https:\/\/allwintheme.com\/"},{"@type":"ListItem","position":2,"name":"Shop","item":"https:\/\/allwintheme.com\/shop\/"},{"@type":"ListItem","position":3,"name":"Amiso \u2013 Web Design Agency WordPress"}]},{"@type":"WebSite","@id":"https:\/\/allwintheme.com\/#website","url":"https:\/\/allwintheme.com\/","name":"Allwintheme","description":"Descarga gratis temas de WordPress para todos los nichos. Blogs, negocios, comercio electr\u00f3nico, portafolio, restaurante y m\u00e1s. Todos los temas tienen licencia GPL y est\u00e1n preparados para dispositivos m\u00f3viles.","potentialAction":[{"@type":"SearchAction","target":{"@type":"EntryPoint","urlTemplate":"https:\/\/allwintheme.com\/?s={search_term_string}"},"query-input":{"@type":"PropertyValueSpecification","valueRequired":true,"valueName":"search_term_string"}}],"inLanguage":"es-CL"}]}},"_links":{"self":[{"href":"https:\/\/allwintheme.com\/es\/wp-json\/wp\/v2\/product\/12985","targetHints":{"allow":["GET"]}}],"collection":[{"href":"https:\/\/allwintheme.com\/es\/wp-json\/wp\/v2\/product"}],"about":[{"href":"https:\/\/allwintheme.com\/es\/wp-json\/wp\/v2\/types\/product"}],"replies":[{"embeddable":true,"href":"https:\/\/allwintheme.com\/es\/wp-json\/wp\/v2\/comments?post=12985"}],"version-history":[{"count":5,"href":"https:\/\/allwintheme.com\/es\/wp-json\/wp\/v2\/product\/12985\/revisions"}],"predecessor-version":[{"id":12990,"href":"https:\/\/allwintheme.com\/es\/wp-json\/wp\/v2\/product\/12985\/revisions\/12990"}],"wp:featuredmedia":[{"embeddable":true,"href":"https:\/\/allwintheme.com\/es\/wp-json\/wp\/v2\/media\/12928"}],"wp:attachment":[{"href":"https:\/\/allwintheme.com\/es\/wp-json\/wp\/v2\/media?parent=12985"}],"wp:term":[{"taxonomy":"product_brand","embeddable":true,"href":"https:\/\/allwintheme.com\/es\/wp-json\/wp\/v2\/product_brand?post=12985"},{"taxonomy":"product_cat","embeddable":true,"href":"https:\/\/allwintheme.com\/es\/wp-json\/wp\/v2\/product_cat?post=12985"},{"taxonomy":"product_tag","embeddable":true,"href":"https:\/\/allwintheme.com\/es\/wp-json\/wp\/v2\/product_tag?post=12985"}],"curies":[{"name":"wp","href":"https:\/\/api.w.org\/{rel}","templated":true}]}}