{"id":12991,"date":"2025-11-25T07:32:12","date_gmt":"2025-11-25T07:32:12","guid":{"rendered":"https:\/\/allwintheme.com\/?post_type=product&#038;p=12991"},"modified":"2025-11-25T07:38:45","modified_gmt":"2025-11-25T07:38:45","slug":"oxence-agencia-de-diseno-web-elementor-wordpress-theme","status":"publish","type":"product","link":"https:\/\/allwintheme.com\/es\/producto\/oxence-agencia-de-diseno-web-elementor-wordpress-theme\/","title":{"rendered":"Oxence - Web Design Agency Elementor WordPress Theme"},"content":{"rendered":"<div data-elementor-type=\"wp-post\" data-elementor-id=\"12991\" class=\"elementor elementor-12991\" data-elementor-settings=\"{&quot;element_pack_global_tooltip_width&quot;:{&quot;unit&quot;:&quot;px&quot;,&quot;size&quot;:&quot;&quot;,&quot;sizes&quot;:[]},&quot;element_pack_global_tooltip_width_tablet&quot;:{&quot;unit&quot;:&quot;px&quot;,&quot;size&quot;:&quot;&quot;,&quot;sizes&quot;:[]},&quot;element_pack_global_tooltip_width_mobile&quot;:{&quot;unit&quot;:&quot;px&quot;,&quot;size&quot;:&quot;&quot;,&quot;sizes&quot;:[]},&quot;element_pack_global_tooltip_padding&quot;:{&quot;unit&quot;:&quot;px&quot;,&quot;top&quot;:&quot;&quot;,&quot;right&quot;:&quot;&quot;,&quot;bottom&quot;:&quot;&quot;,&quot;left&quot;:&quot;&quot;,&quot;isLinked&quot;:true},&quot;element_pack_global_tooltip_padding_tablet&quot;:{&quot;unit&quot;:&quot;px&quot;,&quot;top&quot;:&quot;&quot;,&quot;right&quot;:&quot;&quot;,&quot;bottom&quot;:&quot;&quot;,&quot;left&quot;:&quot;&quot;,&quot;isLinked&quot;:true},&quot;element_pack_global_tooltip_padding_mobile&quot;:{&quot;unit&quot;:&quot;px&quot;,&quot;top&quot;:&quot;&quot;,&quot;right&quot;:&quot;&quot;,&quot;bottom&quot;:&quot;&quot;,&quot;left&quot;:&quot;&quot;,&quot;isLinked&quot;:true},&quot;element_pack_global_tooltip_border_radius&quot;:{&quot;unit&quot;:&quot;px&quot;,&quot;top&quot;:&quot;&quot;,&quot;right&quot;:&quot;&quot;,&quot;bottom&quot;:&quot;&quot;,&quot;left&quot;:&quot;&quot;,&quot;isLinked&quot;:true},&quot;element_pack_global_tooltip_border_radius_tablet&quot;:{&quot;unit&quot;:&quot;px&quot;,&quot;top&quot;:&quot;&quot;,&quot;right&quot;:&quot;&quot;,&quot;bottom&quot;:&quot;&quot;,&quot;left&quot;:&quot;&quot;,&quot;isLinked&quot;:true},&quot;element_pack_global_tooltip_border_radius_mobile&quot;:{&quot;unit&quot;:&quot;px&quot;,&quot;top&quot;:&quot;&quot;,&quot;right&quot;:&quot;&quot;,&quot;bottom&quot;:&quot;&quot;,&quot;left&quot;:&quot;&quot;,&quot;isLinked&quot;:true}}\" data-elementor-post-type=\"product\">\n\t\t\t\t<div class=\"wd-negative-gap elementor-element elementor-element-116794f e-flex e-con-boxed e-con e-parent\" data-id=\"116794f\" data-element_type=\"container\" data-e-type=\"container\">\n\t\t\t\t\t<div class=\"e-con-inner\">\n\t\t\t\t<div class=\"elementor-element elementor-element-03d2133 elementor-widget elementor-widget-wd_text_block\" data-id=\"03d2133\" data-element_type=\"widget\" data-e-type=\"widget\" data-widget_type=\"wd_text_block.default\">\n\t\t\t\t<div class=\"elementor-widget-container\">\n\t\t\t\t\t\t\t<div class=\"wd-text-block reset-last-child text-left\">\n\t\t\t\n\t\t\t<h2>Oxence: Tema premium de Elementor para agencias de dise\u00f1o web<\/h2>\n<p>En <strong>Oxence - Web Design Agency Elementor WordPress Theme<\/strong> ofrece una sofisticada plataforma para profesionales creativos. Por ejemplo, las agencias y los aut\u00f3nomos aprovechan su integraci\u00f3n con Elementor, que permite arrastrar y soltar, para crear sitios impresionantes. De este modo, puedes mostrar tus portafolios y servicios con facilidad y atraer clientes sin quebraderos de cabeza t\u00e9cnicos.<\/p>\n\n<h3>Dise\u00f1o optimizado para flujos de trabajo creativos<\/h3>\n<p>Oxence te proporciona secciones predise\u00f1adas para banners, galer\u00edas de proyectos y perfiles de equipo. Puedes personalizar todo a trav\u00e9s del intuitivo constructor de Elementor, para lanzar sitios web pulidos r\u00e1pidamente. Adem\u00e1s, su marco responsivo garantiza un rendimiento impecable en ordenadores de sobremesa, tabletas y m\u00f3viles, para que tus dise\u00f1os sean accesibles en cualquier lugar.<\/p>\n\n<h3>\u00bfPor qu\u00e9 elegir Oxence?<\/h3>\n<ul>\n    <li><strong>Flexibilidad potenciada por Elementor:<\/strong> La edici\u00f3n mediante arrastrar y soltar permite crear dise\u00f1os personalizados sin necesidad de conocimientos de programaci\u00f3n.<\/li>\n    <li><strong>Escaparate de la cartera:<\/strong> Destaque los proyectos de los clientes con deslizadores interactivos, carruseles y vistas en cuadr\u00edcula.<\/li>\n    <li><strong>P\u00e1ginas centradas en el servicio:<\/strong> Plantillas dedicadas a servicios de dise\u00f1o, desarrollo y consultor\u00eda web.<\/li>\n    <li><strong>Optimizado para SEO y velocidad:<\/strong> Un c\u00f3digo limpio y una carga r\u00e1pida mejoran la posici\u00f3n en las b\u00fasquedas y la participaci\u00f3n de los usuarios.<\/li>\n    <li><strong>Importaci\u00f3n de demostraciones con un solo clic:<\/strong> Configure su sitio en cuesti\u00f3n de minutos con contenidos y estilos listos para usar.<\/li>\n<\/ul>\n\n<h3>Perfecto para profesionales del dise\u00f1o web<\/h3>\n<p>Tanto si crea experiencias digitales como si gestiona proyectos de clientes, Oxence se adapta a sus necesidades. Por ejemplo, puedes integrarlo con WooCommerce para reservas de servicios o formularios de contacto para clientes potenciales. Como resultado, usted se centra en la creatividad mientras que el tema se encarga del trabajo pesado.<\/p>\n\n<h3>Explorar temas complementarios<\/h3>\n<p>Mejore su conjunto de herramientas con dise\u00f1os similares de AllWinTheme. Eche un vistazo a <a href=\"https:\/\/allwintheme.com\/es\/producto\/maser-agencia-de-diseno-web-plantilla-elementor\/\">Maser Web Design Agency Plantilla Elementor<\/a> para vibraciones minimalistas, <a href=\"https:\/\/allwintheme.com\/es\/producto\/ygency-agencia-de-diseno-web-tema-wordpress\/\">Ygency Web Design Agency WordPress Theme<\/a> para una est\u00e9tica atrevida, <a href=\"https:\/\/allwintheme.com\/es\/producto\/sandy-diseno-web-plantilla-de-sitio-web-con-elementor-constructor-tema-de-wordpress\/\">Sandy Dise\u00f1o Web Plantilla de sitio web<\/a> para una simplicidad limpia, o <a href=\"https:\/\/allwintheme.com\/es\/producto\/propus-web-designer-portfolio-elementor-template\/\">Propus Web Designer Portfolio Plantilla Elementor<\/a> para centrarse en la cartera. Para m\u00e1s informaci\u00f3n sobre WordPress, visite <a href=\"https:\/\/www.wpkvip.com\/\">WPKVIP<\/a>.<\/p>\n\n<h3>Cree hoy mismo el sitio web de su agencia<\/h3>\n<p>Mejore su presencia en Internet con <strong>Oxence - Web Design Agency Elementor WordPress Theme<\/strong>. Por lo tanto, \u00a1aprov\u00e9chelo ahora y convierta sus ideas en sitios web ganadores de clientes!\n\t\t\t\t\t<\/div>\n\t\t\t\t\t\t<\/div>\n\t\t\t\t<\/div>\n\t\t\t\t\t<\/div>\n\t\t\t\t<\/div>\n\t\t<div class=\"elementor-element elementor-element-4cd4c58 e-con-full e-flex e-con e-parent\" data-id=\"4cd4c58\" data-element_type=\"container\" data-e-type=\"container\">\n\t\t\t\t<div class=\"elementor-element elementor-element-da288cc elementor-widget elementor-widget-video\" data-id=\"da288cc\" data-element_type=\"widget\" data-e-type=\"widget\" data-settings=\"{&quot;youtube_url&quot;:&quot;https:\\\/\\\/youtu.be\\\/zcQsMPCdY_I&quot;,&quot;video_type&quot;:&quot;youtube&quot;,&quot;controls&quot;:&quot;yes&quot;}\" data-widget_type=\"video.default\">\n\t\t\t\t\t\t\t<div class=\"elementor-wrapper elementor-open-inline\">\n\t\t\t<div class=\"elementor-video\"><\/div>\t\t<\/div>\n\t\t\t\t\t\t<\/div>\n\t\t\t\t<\/div>\n\t\t\t\t<\/div>","protected":false},"excerpt":{"rendered":"<p>Oxence: Premium Elementor Theme for Web Design Agencies The Oxence \u2013 Web Design Agency Elementor WordPress Theme delivers a sophisticated<\/p>","protected":false},"featured_media":12927,"comment_status":"open","ping_status":"closed","template":"","meta":{"_acf_changed":false},"product_brand":[],"product_cat":[48],"product_tag":[],"class_list":{"0":"post-12991","1":"product","2":"type-product","3":"status-publish","4":"has-post-thumbnail","6":"product_cat-themes","8":"first","9":"instock","10":"sale","11":"downloadable","12":"shipping-taxable","13":"purchasable","14":"product-type-simple"},"acf":[],"yoast_head":"<!-- This site is optimized with the Yoast SEO Premium plugin v25.6 (Yoast SEO v27.1.1) - https:\/\/yoast.com\/product\/yoast-seo-premium-wordpress\/ -->\n<title>Oxence \u2013 Web Design Agency Elementor WordPress Theme - AllWin Theme \u2013 Free WordPress Themes Download<\/title>\n<meta name=\"description\" content=\"Oxence: A dynamic Elementor WordPress theme for web design agencies. Showcase portfolios, services, and projects with modern, responsive layouts.\" \/>\n<meta name=\"robots\" content=\"index, follow, max-snippet:-1, max-image-preview:large, max-video-preview:-1\" \/>\n<link rel=\"canonical\" href=\"https:\/\/allwintheme.com\/es\/producto\/oxence-agencia-de-diseno-web-elementor-wordpress-theme\/\" \/>\n<meta property=\"og:locale\" content=\"es_ES\" \/>\n<meta property=\"og:type\" content=\"article\" \/>\n<meta property=\"og:title\" content=\"Oxence \u2013 Web Design Agency Elementor WordPress Theme\" \/>\n<meta property=\"og:description\" content=\"Oxence: A dynamic Elementor WordPress theme for web design agencies. Showcase portfolios, services, and projects with modern, responsive layouts.\" \/>\n<meta property=\"og:url\" content=\"https:\/\/allwintheme.com\/es\/producto\/oxence-agencia-de-diseno-web-elementor-wordpress-theme\/\" \/>\n<meta property=\"og:site_name\" content=\"AllWin Theme \u2013 Free WordPress Themes Download\" \/>\n<meta property=\"article:modified_time\" content=\"2025-11-25T07:38:45+00:00\" \/>\n<meta property=\"og:image\" content=\"https:\/\/allwintheme.com\/wp-content\/uploads\/2025\/11\/Oxence-\u2013-Web-Design-Agency-Elementor-WordPress-Theme.png\" \/>\n\t<meta property=\"og:image:width\" content=\"590\" \/>\n\t<meta property=\"og:image:height\" content=\"300\" \/>\n\t<meta property=\"og:image:type\" content=\"image\/png\" \/>\n<meta name=\"twitter:card\" content=\"summary_large_image\" \/>\n<meta name=\"twitter:label1\" content=\"Tiempo estimado de lectura\" \/>\n\t<meta name=\"twitter:data1\" content=\"2 minutos\" \/>\n<script type=\"application\/ld+json\" class=\"yoast-schema-graph\">{\"@context\":\"https:\/\/schema.org\",\"@graph\":[{\"@type\":\"WebPage\",\"@id\":\"https:\/\/allwintheme.com\/product\/oxence-web-design-agency-elementor-wordpress-theme\/\",\"url\":\"https:\/\/allwintheme.com\/product\/oxence-web-design-agency-elementor-wordpress-theme\/\",\"name\":\"Oxence \u2013 Web Design Agency Elementor WordPress Theme - AllWin Theme \u2013 Free WordPress Themes Download\",\"isPartOf\":{\"@id\":\"https:\/\/allwintheme.com\/#website\"},\"primaryImageOfPage\":{\"@id\":\"https:\/\/allwintheme.com\/product\/oxence-web-design-agency-elementor-wordpress-theme\/#primaryimage\"},\"image\":{\"@id\":\"https:\/\/allwintheme.com\/product\/oxence-web-design-agency-elementor-wordpress-theme\/#primaryimage\"},\"thumbnailUrl\":\"https:\/\/allwintheme.com\/wp-content\/uploads\/2025\/11\/Oxence-\u2013-Web-Design-Agency-Elementor-WordPress-Theme.png\",\"datePublished\":\"2025-11-25T07:32:12+00:00\",\"dateModified\":\"2025-11-25T07:38:45+00:00\",\"description\":\"Oxence: A dynamic Elementor WordPress theme for web design agencies. Showcase portfolios, services, and projects with modern, responsive layouts.\",\"breadcrumb\":{\"@id\":\"https:\/\/allwintheme.com\/product\/oxence-web-design-agency-elementor-wordpress-theme\/#breadcrumb\"},\"inLanguage\":\"es-CL\",\"potentialAction\":[{\"@type\":\"ReadAction\",\"target\":[\"https:\/\/allwintheme.com\/product\/oxence-web-design-agency-elementor-wordpress-theme\/\"]}]},{\"@type\":\"ImageObject\",\"inLanguage\":\"es-CL\",\"@id\":\"https:\/\/allwintheme.com\/product\/oxence-web-design-agency-elementor-wordpress-theme\/#primaryimage\",\"url\":\"https:\/\/allwintheme.com\/wp-content\/uploads\/2025\/11\/Oxence-\u2013-Web-Design-Agency-Elementor-WordPress-Theme.png\",\"contentUrl\":\"https:\/\/allwintheme.com\/wp-content\/uploads\/2025\/11\/Oxence-\u2013-Web-Design-Agency-Elementor-WordPress-Theme.png\",\"width\":590,\"height\":300,\"caption\":\"Oxence \u2013 Web Design Agency Elementor WordPress Theme\"},{\"@type\":\"BreadcrumbList\",\"@id\":\"https:\/\/allwintheme.com\/product\/oxence-web-design-agency-elementor-wordpress-theme\/#breadcrumb\",\"itemListElement\":[{\"@type\":\"ListItem\",\"position\":1,\"name\":\"Home\",\"item\":\"https:\/\/allwintheme.com\/\"},{\"@type\":\"ListItem\",\"position\":2,\"name\":\"Shop\",\"item\":\"https:\/\/allwintheme.com\/shop\/\"},{\"@type\":\"ListItem\",\"position\":3,\"name\":\"Oxence \u2013 Web Design Agency Elementor WordPress Theme\"}]},{\"@type\":\"WebSite\",\"@id\":\"https:\/\/allwintheme.com\/#website\",\"url\":\"https:\/\/allwintheme.com\/\",\"name\":\"Allwintheme\",\"description\":\"Download free WordPress themes for every niche. Blogs, business, eCommerce, portfolio, restaurant and more. All themes are GPL licensed and mobile-ready.\",\"potentialAction\":[{\"@type\":\"SearchAction\",\"target\":{\"@type\":\"EntryPoint\",\"urlTemplate\":\"https:\/\/allwintheme.com\/?s={search_term_string}\"},\"query-input\":{\"@type\":\"PropertyValueSpecification\",\"valueRequired\":true,\"valueName\":\"search_term_string\"}}],\"inLanguage\":\"es-CL\"}]}<\/script>\n<!-- \/ Yoast SEO Premium plugin. -->","yoast_head_json":{"title":"Oxence - Web Design Agency Elementor WordPress Theme - AllWin Theme - Free WordPress Themes Download","description":"Oxence: Un tema din\u00e1mico de WordPress con Elementor para agencias de dise\u00f1o web. Muestra portafolios, servicios y proyectos con dise\u00f1os modernos y adaptables.","robots":{"index":"index","follow":"follow","max-snippet":"max-snippet:-1","max-image-preview":"max-image-preview:large","max-video-preview":"max-video-preview:-1"},"canonical":"https:\/\/allwintheme.com\/es\/producto\/oxence-agencia-de-diseno-web-elementor-wordpress-theme\/","og_locale":"es_ES","og_type":"article","og_title":"Oxence \u2013 Web Design Agency Elementor WordPress Theme","og_description":"Oxence: A dynamic Elementor WordPress theme for web design agencies. Showcase portfolios, services, and projects with modern, responsive layouts.","og_url":"https:\/\/allwintheme.com\/es\/producto\/oxence-agencia-de-diseno-web-elementor-wordpress-theme\/","og_site_name":"AllWin Theme \u2013 Free WordPress Themes Download","article_modified_time":"2025-11-25T07:38:45+00:00","og_image":[{"width":590,"height":300,"url":"https:\/\/allwintheme.com\/wp-content\/uploads\/2025\/11\/Oxence-\u2013-Web-Design-Agency-Elementor-WordPress-Theme.png","type":"image\/png"}],"twitter_card":"summary_large_image","twitter_misc":{"Tiempo estimado de lectura":"2 minutos"},"schema":{"@context":"https:\/\/schema.org","@graph":[{"@type":"WebPage","@id":"https:\/\/allwintheme.com\/product\/oxence-web-design-agency-elementor-wordpress-theme\/","url":"https:\/\/allwintheme.com\/product\/oxence-web-design-agency-elementor-wordpress-theme\/","name":"Oxence - Web Design Agency Elementor WordPress Theme - AllWin Theme - Free WordPress Themes Download","isPartOf":{"@id":"https:\/\/allwintheme.com\/#website"},"primaryImageOfPage":{"@id":"https:\/\/allwintheme.com\/product\/oxence-web-design-agency-elementor-wordpress-theme\/#primaryimage"},"image":{"@id":"https:\/\/allwintheme.com\/product\/oxence-web-design-agency-elementor-wordpress-theme\/#primaryimage"},"thumbnailUrl":"https:\/\/allwintheme.com\/wp-content\/uploads\/2025\/11\/Oxence-\u2013-Web-Design-Agency-Elementor-WordPress-Theme.png","datePublished":"2025-11-25T07:32:12+00:00","dateModified":"2025-11-25T07:38:45+00:00","description":"Oxence: Un tema din\u00e1mico de WordPress con Elementor para agencias de dise\u00f1o web. Muestra portafolios, servicios y proyectos con dise\u00f1os modernos y adaptables.","breadcrumb":{"@id":"https:\/\/allwintheme.com\/product\/oxence-web-design-agency-elementor-wordpress-theme\/#breadcrumb"},"inLanguage":"es-CL","potentialAction":[{"@type":"ReadAction","target":["https:\/\/allwintheme.com\/product\/oxence-web-design-agency-elementor-wordpress-theme\/"]}]},{"@type":"ImageObject","inLanguage":"es-CL","@id":"https:\/\/allwintheme.com\/product\/oxence-web-design-agency-elementor-wordpress-theme\/#primaryimage","url":"https:\/\/allwintheme.com\/wp-content\/uploads\/2025\/11\/Oxence-\u2013-Web-Design-Agency-Elementor-WordPress-Theme.png","contentUrl":"https:\/\/allwintheme.com\/wp-content\/uploads\/2025\/11\/Oxence-\u2013-Web-Design-Agency-Elementor-WordPress-Theme.png","width":590,"height":300,"caption":"Oxence \u2013 Web Design Agency Elementor WordPress Theme"},{"@type":"BreadcrumbList","@id":"https:\/\/allwintheme.com\/product\/oxence-web-design-agency-elementor-wordpress-theme\/#breadcrumb","itemListElement":[{"@type":"ListItem","position":1,"name":"Home","item":"https:\/\/allwintheme.com\/"},{"@type":"ListItem","position":2,"name":"Shop","item":"https:\/\/allwintheme.com\/shop\/"},{"@type":"ListItem","position":3,"name":"Oxence \u2013 Web Design Agency Elementor WordPress Theme"}]},{"@type":"WebSite","@id":"https:\/\/allwintheme.com\/#website","url":"https:\/\/allwintheme.com\/","name":"Allwintheme","description":"Descarga gratis temas de WordPress para todos los nichos. Blogs, negocios, comercio electr\u00f3nico, portafolio, restaurante y m\u00e1s. Todos los temas tienen licencia GPL y est\u00e1n preparados para dispositivos m\u00f3viles.","potentialAction":[{"@type":"SearchAction","target":{"@type":"EntryPoint","urlTemplate":"https:\/\/allwintheme.com\/?s={search_term_string}"},"query-input":{"@type":"PropertyValueSpecification","valueRequired":true,"valueName":"search_term_string"}}],"inLanguage":"es-CL"}]}},"_links":{"self":[{"href":"https:\/\/allwintheme.com\/es\/wp-json\/wp\/v2\/product\/12991","targetHints":{"allow":["GET"]}}],"collection":[{"href":"https:\/\/allwintheme.com\/es\/wp-json\/wp\/v2\/product"}],"about":[{"href":"https:\/\/allwintheme.com\/es\/wp-json\/wp\/v2\/types\/product"}],"replies":[{"embeddable":true,"href":"https:\/\/allwintheme.com\/es\/wp-json\/wp\/v2\/comments?post=12991"}],"version-history":[{"count":5,"href":"https:\/\/allwintheme.com\/es\/wp-json\/wp\/v2\/product\/12991\/revisions"}],"predecessor-version":[{"id":12996,"href":"https:\/\/allwintheme.com\/es\/wp-json\/wp\/v2\/product\/12991\/revisions\/12996"}],"wp:featuredmedia":[{"embeddable":true,"href":"https:\/\/allwintheme.com\/es\/wp-json\/wp\/v2\/media\/12927"}],"wp:attachment":[{"href":"https:\/\/allwintheme.com\/es\/wp-json\/wp\/v2\/media?parent=12991"}],"wp:term":[{"taxonomy":"product_brand","embeddable":true,"href":"https:\/\/allwintheme.com\/es\/wp-json\/wp\/v2\/product_brand?post=12991"},{"taxonomy":"product_cat","embeddable":true,"href":"https:\/\/allwintheme.com\/es\/wp-json\/wp\/v2\/product_cat?post=12991"},{"taxonomy":"product_tag","embeddable":true,"href":"https:\/\/allwintheme.com\/es\/wp-json\/wp\/v2\/product_tag?post=12991"}],"curies":[{"name":"wp","href":"https:\/\/api.w.org\/{rel}","templated":true}]}}