{"id":12997,"date":"2025-11-25T07:39:07","date_gmt":"2025-11-25T07:39:07","guid":{"rendered":"https:\/\/allwintheme.com\/?post_type=product&#038;p=12997"},"modified":"2025-11-25T07:45:50","modified_gmt":"2025-11-25T07:45:50","slug":"haptic-agencia-de-diseno-web-tema-wordpress","status":"publish","type":"product","link":"https:\/\/allwintheme.com\/es\/producto\/haptic-agencia-de-diseno-web-tema-wordpress\/","title":{"rendered":"Haptic - Web Design Agency WordPress Theme"},"content":{"rendered":"<div data-elementor-type=\"wp-post\" data-elementor-id=\"12997\" class=\"elementor elementor-12997\" data-elementor-settings=\"{&quot;element_pack_global_tooltip_width&quot;:{&quot;unit&quot;:&quot;px&quot;,&quot;size&quot;:&quot;&quot;,&quot;sizes&quot;:[]},&quot;element_pack_global_tooltip_width_tablet&quot;:{&quot;unit&quot;:&quot;px&quot;,&quot;size&quot;:&quot;&quot;,&quot;sizes&quot;:[]},&quot;element_pack_global_tooltip_width_mobile&quot;:{&quot;unit&quot;:&quot;px&quot;,&quot;size&quot;:&quot;&quot;,&quot;sizes&quot;:[]},&quot;element_pack_global_tooltip_padding&quot;:{&quot;unit&quot;:&quot;px&quot;,&quot;top&quot;:&quot;&quot;,&quot;right&quot;:&quot;&quot;,&quot;bottom&quot;:&quot;&quot;,&quot;left&quot;:&quot;&quot;,&quot;isLinked&quot;:true},&quot;element_pack_global_tooltip_padding_tablet&quot;:{&quot;unit&quot;:&quot;px&quot;,&quot;top&quot;:&quot;&quot;,&quot;right&quot;:&quot;&quot;,&quot;bottom&quot;:&quot;&quot;,&quot;left&quot;:&quot;&quot;,&quot;isLinked&quot;:true},&quot;element_pack_global_tooltip_padding_mobile&quot;:{&quot;unit&quot;:&quot;px&quot;,&quot;top&quot;:&quot;&quot;,&quot;right&quot;:&quot;&quot;,&quot;bottom&quot;:&quot;&quot;,&quot;left&quot;:&quot;&quot;,&quot;isLinked&quot;:true},&quot;element_pack_global_tooltip_border_radius&quot;:{&quot;unit&quot;:&quot;px&quot;,&quot;top&quot;:&quot;&quot;,&quot;right&quot;:&quot;&quot;,&quot;bottom&quot;:&quot;&quot;,&quot;left&quot;:&quot;&quot;,&quot;isLinked&quot;:true},&quot;element_pack_global_tooltip_border_radius_tablet&quot;:{&quot;unit&quot;:&quot;px&quot;,&quot;top&quot;:&quot;&quot;,&quot;right&quot;:&quot;&quot;,&quot;bottom&quot;:&quot;&quot;,&quot;left&quot;:&quot;&quot;,&quot;isLinked&quot;:true},&quot;element_pack_global_tooltip_border_radius_mobile&quot;:{&quot;unit&quot;:&quot;px&quot;,&quot;top&quot;:&quot;&quot;,&quot;right&quot;:&quot;&quot;,&quot;bottom&quot;:&quot;&quot;,&quot;left&quot;:&quot;&quot;,&quot;isLinked&quot;:true}}\" data-elementor-post-type=\"product\">\n\t\t\t\t<div class=\"wd-negative-gap elementor-element elementor-element-116794f e-flex e-con-boxed e-con e-parent\" data-id=\"116794f\" data-element_type=\"container\" data-e-type=\"container\">\n\t\t\t\t\t<div class=\"e-con-inner\">\n\t\t\t\t<div class=\"elementor-element elementor-element-03d2133 elementor-widget elementor-widget-wd_text_block\" data-id=\"03d2133\" data-element_type=\"widget\" data-e-type=\"widget\" data-widget_type=\"wd_text_block.default\">\n\t\t\t\t<div class=\"elementor-widget-container\">\n\t\t\t\t\t\t\t<div class=\"wd-text-block reset-last-child text-left\">\n\t\t\t\n\t\t\t<h2>Haptic: Tema de WordPress premium para agencias de dise\u00f1o web<\/h2>\n<p>En <strong>Haptic - Web Design Agency WordPress Theme<\/strong> ofrece una sofisticada plataforma adaptada a estudios creativos y agencias digitales. Por ejemplo, los profesionales la utilizan activamente para destacar carteras, servicios y testimonios de clientes con efectos visuales impresionantes. De este modo, atrae a m\u00e1s clientes potenciales y muestra su experiencia sin quebraderos de cabeza t\u00e9cnicos.<\/p>\n\n<h3>Escaparate racionalizado de la Agencia<\/h3>\n<p>Haptic combina una est\u00e9tica moderna con una potente funcionalidad desde el primer momento. Puedes personalizar los dise\u00f1os con Elementor para arrastrar y soltar con facilidad, lo que garantiza que tu sitio refleje tu marca a la perfecci\u00f3n. Adem\u00e1s, las secciones integradas para proyectos, biograf\u00edas de equipos y formularios de contacto te ayudan a generar confianza y convertir visitantes en clientes sin esfuerzo.<\/p>\n\n<h3>\u00bfPor qu\u00e9 elegir Haptic?<\/h3>\n<ul>\n    <li><strong>Rejillas de portafolio adaptables:<\/strong> Muestre sus mejores obras en galer\u00edas llamativas y optimizadas para m\u00f3viles que se adaptan a cualquier pantalla.<\/li>\n    <li><strong>Herramientas para destacar servicios:<\/strong> Cree p\u00e1ginas dedicadas al dise\u00f1o web, el desarrollo y la creaci\u00f3n de marcas con elementos interactivos.<\/li>\n    <li><strong>Optimizado para SEO y velocidad:<\/strong> Un c\u00f3digo limpio y unos tiempos de carga r\u00e1pidos mejoran la clasificaci\u00f3n en las b\u00fasquedas y la experiencia del usuario.<\/li>\n    <li><strong>Importaci\u00f3n de demostraciones con un solo clic:<\/strong> Cree un sitio profesional en cuesti\u00f3n de minutos con dise\u00f1os y contenidos predefinidos.<\/li>\n    <li><strong>Compatibilidad total con Elementor:<\/strong> Dise\u00f1e libremente sin codificar, integr\u00e1ndose a la perfecci\u00f3n con sus plugins favoritos.<\/li>\n<\/ul>\n\n<h3>Vers\u00e1til para equipos creativos<\/h3>\n<p>Haptic se adapta a tu flujo de trabajo, tanto si est\u00e1s especializado en UI\/UX, branding o creaci\u00f3n de sitios web completos. Por ejemplo, puede integrarlo con WooCommerce para paquetes de servicios o a\u00f1adir secciones de blog para el liderazgo intelectual. Como resultado, el sitio web de su agencia se convierte en una potente herramienta de generaci\u00f3n de contactos que destaca en un mercado saturado.<\/p>\n\n<h3>Explorar temas similares para agencias<\/h3>\n<p>\u00bfBusca m\u00e1s inspiraci\u00f3n? Descubra opciones complementarias como <a href=\"https:\/\/allwintheme.com\/es\/producto\/sandy-diseno-web-plantilla-de-sitio-web-con-elementor-constructor-tema-de-wordpress\/\">Sandy Plantilla de dise\u00f1o web<\/a>, <a href=\"https:\/\/allwintheme.com\/es\/producto\/oxence-agencia-de-diseno-web-elementor-wordpress-theme\/\">Tema para agencias Oxence<\/a>, <a href=\"https:\/\/allwintheme.com\/es\/producto\/amiso-agencia-de-diseno-web-wordpress\/\">Agencia de dise\u00f1o Amiso<\/a>y <a href=\"https:\/\/allwintheme.com\/es\/producto\/ygency-agencia-de-diseno-web-tema-wordpress\/\">Tema creativo Ygency<\/a> en AllWinTheme. Para obtener consejos externos sobre la configuraci\u00f3n de la agencia de WordPress, echa un vistazo a <a href=\"https:\/\/www.wpkvip.com\/\">WPKVIP<\/a>.<\/p>\n\n<h3>Mejore hoy la presencia de su agencia<\/h3>\n<p>Transforme su agencia de dise\u00f1o web en l\u00ednea con <strong>Haptic - Web Design Agency WordPress Theme<\/strong>. Por lo tanto, empiece ahora y cree un sitio web que cautive a los clientes e impulse el crecimiento.\n\t\t\t\t\t<\/div>\n\t\t\t\t\t\t<\/div>\n\t\t\t\t<\/div>\n\t\t\t\t\t<\/div>\n\t\t\t\t<\/div>\n\t\t<div class=\"elementor-element elementor-element-4cd4c58 e-con-full e-flex e-con e-parent\" data-id=\"4cd4c58\" data-element_type=\"container\" data-e-type=\"container\">\n\t\t\t\t<div class=\"elementor-element elementor-element-da288cc elementor-widget elementor-widget-video\" data-id=\"da288cc\" data-element_type=\"widget\" data-e-type=\"widget\" data-settings=\"{&quot;youtube_url&quot;:&quot;https:\\\/\\\/youtu.be\\\/wFwsDpW2lr8&quot;,&quot;video_type&quot;:&quot;youtube&quot;,&quot;controls&quot;:&quot;yes&quot;}\" data-widget_type=\"video.default\">\n\t\t\t\t\t\t\t<div class=\"elementor-wrapper elementor-open-inline\">\n\t\t\t<div class=\"elementor-video\"><\/div>\t\t<\/div>\n\t\t\t\t\t\t<\/div>\n\t\t\t\t<\/div>\n\t\t\t\t<\/div>","protected":false},"excerpt":{"rendered":"<p>Haptic: Premium WordPress Theme for Web Design Agencies The Haptic \u2013 Web Design Agency WordPress Theme delivers a sophisticated platform<\/p>","protected":false},"featured_media":12926,"comment_status":"open","ping_status":"closed","template":"","meta":{"_acf_changed":false},"product_brand":[],"product_cat":[48],"product_tag":[],"class_list":{"0":"post-12997","1":"product","2":"type-product","3":"status-publish","4":"has-post-thumbnail","6":"product_cat-themes","8":"first","9":"instock","10":"sale","11":"downloadable","12":"shipping-taxable","13":"purchasable","14":"product-type-simple"},"acf":[],"yoast_head":"<!-- This site is optimized with the Yoast SEO Premium plugin v25.6 (Yoast SEO v27.1.1) - https:\/\/yoast.com\/product\/yoast-seo-premium-wordpress\/ -->\n<title>Haptic \u2013 Web Design Agency WordPress Theme - AllWin Theme \u2013 Free WordPress Themes Download<\/title>\n<meta name=\"description\" content=\"Haptic: Sleek WordPress theme for web design agencies. Showcase portfolios, services, and projects with modern, responsive layouts and Elementor integration.\" \/>\n<meta name=\"robots\" content=\"index, follow, max-snippet:-1, max-image-preview:large, max-video-preview:-1\" \/>\n<link rel=\"canonical\" href=\"https:\/\/allwintheme.com\/es\/producto\/haptic-agencia-de-diseno-web-tema-wordpress\/\" \/>\n<meta property=\"og:locale\" content=\"es_ES\" \/>\n<meta property=\"og:type\" content=\"article\" \/>\n<meta property=\"og:title\" content=\"Haptic \u2013 Web Design Agency WordPress Theme\" \/>\n<meta property=\"og:description\" content=\"Haptic: Sleek WordPress theme for web design agencies. Showcase portfolios, services, and projects with modern, responsive layouts and Elementor integration.\" \/>\n<meta property=\"og:url\" content=\"https:\/\/allwintheme.com\/es\/producto\/haptic-agencia-de-diseno-web-tema-wordpress\/\" \/>\n<meta property=\"og:site_name\" content=\"AllWin Theme \u2013 Free WordPress Themes Download\" \/>\n<meta property=\"article:modified_time\" content=\"2025-11-25T07:45:50+00:00\" \/>\n<meta property=\"og:image\" content=\"https:\/\/allwintheme.com\/wp-content\/uploads\/2025\/11\/Haptic-\u2013-Web-Design-Agency-WordPress-Theme.png\" \/>\n\t<meta property=\"og:image:width\" content=\"590\" \/>\n\t<meta property=\"og:image:height\" content=\"300\" \/>\n\t<meta property=\"og:image:type\" content=\"image\/png\" \/>\n<meta name=\"twitter:card\" content=\"summary_large_image\" \/>\n<meta name=\"twitter:label1\" content=\"Tiempo estimado de lectura\" \/>\n\t<meta name=\"twitter:data1\" content=\"2 minutos\" \/>\n<script type=\"application\/ld+json\" class=\"yoast-schema-graph\">{\"@context\":\"https:\/\/schema.org\",\"@graph\":[{\"@type\":\"WebPage\",\"@id\":\"https:\/\/allwintheme.com\/product\/haptic-web-design-agency-wordpress-theme\/\",\"url\":\"https:\/\/allwintheme.com\/product\/haptic-web-design-agency-wordpress-theme\/\",\"name\":\"Haptic \u2013 Web Design Agency WordPress Theme - AllWin Theme \u2013 Free WordPress Themes Download\",\"isPartOf\":{\"@id\":\"https:\/\/allwintheme.com\/#website\"},\"primaryImageOfPage\":{\"@id\":\"https:\/\/allwintheme.com\/product\/haptic-web-design-agency-wordpress-theme\/#primaryimage\"},\"image\":{\"@id\":\"https:\/\/allwintheme.com\/product\/haptic-web-design-agency-wordpress-theme\/#primaryimage\"},\"thumbnailUrl\":\"https:\/\/allwintheme.com\/wp-content\/uploads\/2025\/11\/Haptic-\u2013-Web-Design-Agency-WordPress-Theme.png\",\"datePublished\":\"2025-11-25T07:39:07+00:00\",\"dateModified\":\"2025-11-25T07:45:50+00:00\",\"description\":\"Haptic: Sleek WordPress theme for web design agencies. Showcase portfolios, services, and projects with modern, responsive layouts and Elementor integration.\",\"breadcrumb\":{\"@id\":\"https:\/\/allwintheme.com\/product\/haptic-web-design-agency-wordpress-theme\/#breadcrumb\"},\"inLanguage\":\"es-CL\",\"potentialAction\":[{\"@type\":\"ReadAction\",\"target\":[\"https:\/\/allwintheme.com\/product\/haptic-web-design-agency-wordpress-theme\/\"]}]},{\"@type\":\"ImageObject\",\"inLanguage\":\"es-CL\",\"@id\":\"https:\/\/allwintheme.com\/product\/haptic-web-design-agency-wordpress-theme\/#primaryimage\",\"url\":\"https:\/\/allwintheme.com\/wp-content\/uploads\/2025\/11\/Haptic-\u2013-Web-Design-Agency-WordPress-Theme.png\",\"contentUrl\":\"https:\/\/allwintheme.com\/wp-content\/uploads\/2025\/11\/Haptic-\u2013-Web-Design-Agency-WordPress-Theme.png\",\"width\":590,\"height\":300,\"caption\":\"Haptic \u2013 Web Design Agency WordPress Theme\"},{\"@type\":\"BreadcrumbList\",\"@id\":\"https:\/\/allwintheme.com\/product\/haptic-web-design-agency-wordpress-theme\/#breadcrumb\",\"itemListElement\":[{\"@type\":\"ListItem\",\"position\":1,\"name\":\"Home\",\"item\":\"https:\/\/allwintheme.com\/\"},{\"@type\":\"ListItem\",\"position\":2,\"name\":\"Shop\",\"item\":\"https:\/\/allwintheme.com\/shop\/\"},{\"@type\":\"ListItem\",\"position\":3,\"name\":\"Haptic \u2013 Web Design Agency WordPress Theme\"}]},{\"@type\":\"WebSite\",\"@id\":\"https:\/\/allwintheme.com\/#website\",\"url\":\"https:\/\/allwintheme.com\/\",\"name\":\"Allwintheme\",\"description\":\"Download free WordPress themes for every niche. Blogs, business, eCommerce, portfolio, restaurant and more. All themes are GPL licensed and mobile-ready.\",\"potentialAction\":[{\"@type\":\"SearchAction\",\"target\":{\"@type\":\"EntryPoint\",\"urlTemplate\":\"https:\/\/allwintheme.com\/?s={search_term_string}\"},\"query-input\":{\"@type\":\"PropertyValueSpecification\",\"valueRequired\":true,\"valueName\":\"search_term_string\"}}],\"inLanguage\":\"es-CL\"}]}<\/script>\n<!-- \/ Yoast SEO Premium plugin. -->","yoast_head_json":{"title":"Haptic \u2013 Web Design Agency WordPress Theme - AllWin Theme \u2013 Free WordPress Themes Download","description":"Haptic: Elegante tema de WordPress para agencias de dise\u00f1o web. Muestra portafolios, servicios y proyectos con dise\u00f1os modernos y adaptativos e integraci\u00f3n con Elementor.","robots":{"index":"index","follow":"follow","max-snippet":"max-snippet:-1","max-image-preview":"max-image-preview:large","max-video-preview":"max-video-preview:-1"},"canonical":"https:\/\/allwintheme.com\/es\/producto\/haptic-agencia-de-diseno-web-tema-wordpress\/","og_locale":"es_ES","og_type":"article","og_title":"Haptic \u2013 Web Design Agency WordPress Theme","og_description":"Haptic: Sleek WordPress theme for web design agencies. Showcase portfolios, services, and projects with modern, responsive layouts and Elementor integration.","og_url":"https:\/\/allwintheme.com\/es\/producto\/haptic-agencia-de-diseno-web-tema-wordpress\/","og_site_name":"AllWin Theme \u2013 Free WordPress Themes Download","article_modified_time":"2025-11-25T07:45:50+00:00","og_image":[{"width":590,"height":300,"url":"https:\/\/allwintheme.com\/wp-content\/uploads\/2025\/11\/Haptic-\u2013-Web-Design-Agency-WordPress-Theme.png","type":"image\/png"}],"twitter_card":"summary_large_image","twitter_misc":{"Tiempo estimado de lectura":"2 minutos"},"schema":{"@context":"https:\/\/schema.org","@graph":[{"@type":"WebPage","@id":"https:\/\/allwintheme.com\/product\/haptic-web-design-agency-wordpress-theme\/","url":"https:\/\/allwintheme.com\/product\/haptic-web-design-agency-wordpress-theme\/","name":"Haptic \u2013 Web Design Agency WordPress Theme - AllWin Theme \u2013 Free WordPress Themes Download","isPartOf":{"@id":"https:\/\/allwintheme.com\/#website"},"primaryImageOfPage":{"@id":"https:\/\/allwintheme.com\/product\/haptic-web-design-agency-wordpress-theme\/#primaryimage"},"image":{"@id":"https:\/\/allwintheme.com\/product\/haptic-web-design-agency-wordpress-theme\/#primaryimage"},"thumbnailUrl":"https:\/\/allwintheme.com\/wp-content\/uploads\/2025\/11\/Haptic-\u2013-Web-Design-Agency-WordPress-Theme.png","datePublished":"2025-11-25T07:39:07+00:00","dateModified":"2025-11-25T07:45:50+00:00","description":"Haptic: Elegante tema de WordPress para agencias de dise\u00f1o web. Muestra portafolios, servicios y proyectos con dise\u00f1os modernos y adaptativos e integraci\u00f3n con Elementor.","breadcrumb":{"@id":"https:\/\/allwintheme.com\/product\/haptic-web-design-agency-wordpress-theme\/#breadcrumb"},"inLanguage":"es-CL","potentialAction":[{"@type":"ReadAction","target":["https:\/\/allwintheme.com\/product\/haptic-web-design-agency-wordpress-theme\/"]}]},{"@type":"ImageObject","inLanguage":"es-CL","@id":"https:\/\/allwintheme.com\/product\/haptic-web-design-agency-wordpress-theme\/#primaryimage","url":"https:\/\/allwintheme.com\/wp-content\/uploads\/2025\/11\/Haptic-\u2013-Web-Design-Agency-WordPress-Theme.png","contentUrl":"https:\/\/allwintheme.com\/wp-content\/uploads\/2025\/11\/Haptic-\u2013-Web-Design-Agency-WordPress-Theme.png","width":590,"height":300,"caption":"Haptic \u2013 Web Design Agency WordPress Theme"},{"@type":"BreadcrumbList","@id":"https:\/\/allwintheme.com\/product\/haptic-web-design-agency-wordpress-theme\/#breadcrumb","itemListElement":[{"@type":"ListItem","position":1,"name":"Home","item":"https:\/\/allwintheme.com\/"},{"@type":"ListItem","position":2,"name":"Shop","item":"https:\/\/allwintheme.com\/shop\/"},{"@type":"ListItem","position":3,"name":"Haptic \u2013 Web Design Agency WordPress Theme"}]},{"@type":"WebSite","@id":"https:\/\/allwintheme.com\/#website","url":"https:\/\/allwintheme.com\/","name":"Allwintheme","description":"Descarga gratis temas de WordPress para todos los nichos. Blogs, negocios, comercio electr\u00f3nico, portafolio, restaurante y m\u00e1s. Todos los temas tienen licencia GPL y est\u00e1n preparados para dispositivos m\u00f3viles.","potentialAction":[{"@type":"SearchAction","target":{"@type":"EntryPoint","urlTemplate":"https:\/\/allwintheme.com\/?s={search_term_string}"},"query-input":{"@type":"PropertyValueSpecification","valueRequired":true,"valueName":"search_term_string"}}],"inLanguage":"es-CL"}]}},"_links":{"self":[{"href":"https:\/\/allwintheme.com\/es\/wp-json\/wp\/v2\/product\/12997","targetHints":{"allow":["GET"]}}],"collection":[{"href":"https:\/\/allwintheme.com\/es\/wp-json\/wp\/v2\/product"}],"about":[{"href":"https:\/\/allwintheme.com\/es\/wp-json\/wp\/v2\/types\/product"}],"replies":[{"embeddable":true,"href":"https:\/\/allwintheme.com\/es\/wp-json\/wp\/v2\/comments?post=12997"}],"version-history":[{"count":5,"href":"https:\/\/allwintheme.com\/es\/wp-json\/wp\/v2\/product\/12997\/revisions"}],"predecessor-version":[{"id":13002,"href":"https:\/\/allwintheme.com\/es\/wp-json\/wp\/v2\/product\/12997\/revisions\/13002"}],"wp:featuredmedia":[{"embeddable":true,"href":"https:\/\/allwintheme.com\/es\/wp-json\/wp\/v2\/media\/12926"}],"wp:attachment":[{"href":"https:\/\/allwintheme.com\/es\/wp-json\/wp\/v2\/media?parent=12997"}],"wp:term":[{"taxonomy":"product_brand","embeddable":true,"href":"https:\/\/allwintheme.com\/es\/wp-json\/wp\/v2\/product_brand?post=12997"},{"taxonomy":"product_cat","embeddable":true,"href":"https:\/\/allwintheme.com\/es\/wp-json\/wp\/v2\/product_cat?post=12997"},{"taxonomy":"product_tag","embeddable":true,"href":"https:\/\/allwintheme.com\/es\/wp-json\/wp\/v2\/product_tag?post=12997"}],"curies":[{"name":"wp","href":"https:\/\/api.w.org\/{rel}","templated":true}]}}