{"id":13003,"date":"2025-11-25T07:46:26","date_gmt":"2025-11-25T07:46:26","guid":{"rendered":"https:\/\/allwintheme.com\/?post_type=product&#038;p=13003"},"modified":"2025-11-25T07:54:18","modified_gmt":"2025-11-25T07:54:18","slug":"deepdigital-agencia-de-diseno-web","status":"publish","type":"product","link":"https:\/\/allwintheme.com\/es\/producto\/deepdigital-agencia-de-diseno-web\/","title":{"rendered":"DeepDigital Agencia de dise\u00f1o web Tema de WordPress"},"content":{"rendered":"<div data-elementor-type=\"wp-post\" data-elementor-id=\"13003\" class=\"elementor elementor-13003\" data-elementor-settings=\"{&quot;element_pack_global_tooltip_width&quot;:{&quot;unit&quot;:&quot;px&quot;,&quot;size&quot;:&quot;&quot;,&quot;sizes&quot;:[]},&quot;element_pack_global_tooltip_width_tablet&quot;:{&quot;unit&quot;:&quot;px&quot;,&quot;size&quot;:&quot;&quot;,&quot;sizes&quot;:[]},&quot;element_pack_global_tooltip_width_mobile&quot;:{&quot;unit&quot;:&quot;px&quot;,&quot;size&quot;:&quot;&quot;,&quot;sizes&quot;:[]},&quot;element_pack_global_tooltip_padding&quot;:{&quot;unit&quot;:&quot;px&quot;,&quot;top&quot;:&quot;&quot;,&quot;right&quot;:&quot;&quot;,&quot;bottom&quot;:&quot;&quot;,&quot;left&quot;:&quot;&quot;,&quot;isLinked&quot;:true},&quot;element_pack_global_tooltip_padding_tablet&quot;:{&quot;unit&quot;:&quot;px&quot;,&quot;top&quot;:&quot;&quot;,&quot;right&quot;:&quot;&quot;,&quot;bottom&quot;:&quot;&quot;,&quot;left&quot;:&quot;&quot;,&quot;isLinked&quot;:true},&quot;element_pack_global_tooltip_padding_mobile&quot;:{&quot;unit&quot;:&quot;px&quot;,&quot;top&quot;:&quot;&quot;,&quot;right&quot;:&quot;&quot;,&quot;bottom&quot;:&quot;&quot;,&quot;left&quot;:&quot;&quot;,&quot;isLinked&quot;:true},&quot;element_pack_global_tooltip_border_radius&quot;:{&quot;unit&quot;:&quot;px&quot;,&quot;top&quot;:&quot;&quot;,&quot;right&quot;:&quot;&quot;,&quot;bottom&quot;:&quot;&quot;,&quot;left&quot;:&quot;&quot;,&quot;isLinked&quot;:true},&quot;element_pack_global_tooltip_border_radius_tablet&quot;:{&quot;unit&quot;:&quot;px&quot;,&quot;top&quot;:&quot;&quot;,&quot;right&quot;:&quot;&quot;,&quot;bottom&quot;:&quot;&quot;,&quot;left&quot;:&quot;&quot;,&quot;isLinked&quot;:true},&quot;element_pack_global_tooltip_border_radius_mobile&quot;:{&quot;unit&quot;:&quot;px&quot;,&quot;top&quot;:&quot;&quot;,&quot;right&quot;:&quot;&quot;,&quot;bottom&quot;:&quot;&quot;,&quot;left&quot;:&quot;&quot;,&quot;isLinked&quot;:true}}\" data-elementor-post-type=\"product\">\n\t\t\t\t<div class=\"wd-negative-gap elementor-element elementor-element-116794f e-flex e-con-boxed e-con e-parent\" data-id=\"116794f\" data-element_type=\"container\" data-e-type=\"container\">\n\t\t\t\t\t<div class=\"e-con-inner\">\n\t\t\t\t<div class=\"elementor-element elementor-element-03d2133 elementor-widget elementor-widget-wd_text_block\" data-id=\"03d2133\" data-element_type=\"widget\" data-e-type=\"widget\" data-widget_type=\"wd_text_block.default\">\n\t\t\t\t<div class=\"elementor-widget-container\">\n\t\t\t\t\t\t\t<div class=\"wd-text-block reset-last-child text-left\">\n\t\t\t\n\t\t\t<h2>DeepDigital: Tema premium de WordPress para agencias de dise\u00f1o web<\/h2>\n<p>En <strong>DeepDigital - Agencia de dise\u00f1o web Tema de WordPress<\/strong> transforma el sitio web de su agencia en un escaparate de creatividad y experiencia. Por ejemplo, los dise\u00f1adores y las agencias lo utilizan activamente para destacar carteras, servicios y testimonios con im\u00e1genes impactantes. En consecuencia, atraer\u00e1 a m\u00e1s clientes al presentar una presencia en l\u00ednea profesional y moderna que destaca en un mercado competitivo.<\/p>\n\n<h3>Dise\u00f1o y funcionalidad sin fisuras<\/h3>\n<p>DeepDigital ofrece personalizaci\u00f3n mediante arrastrar y soltar con Elementor, para que puedas crear p\u00e1ginas sin esfuerzo y sin codificaci\u00f3n. Integra sliders, galer\u00edas y formularios de contacto para atraer a los visitantes desde el primer momento. Adem\u00e1s, su dise\u00f1o adaptativo garantiza un rendimiento impecable en ordenadores de sobremesa, tabletas y m\u00f3viles, para que la marca de tu agencia luzca en todas partes.<\/p>\n\n<h3>\u00bfPor qu\u00e9 elegir DeepDigital?<\/h3>\n<ul>\n    <li><strong>Dise\u00f1os centrados en la cartera:<\/strong> Muestre proyectos con cuadr\u00edculas interactivas y galer\u00edas lightbox para lograr el m\u00e1ximo impacto.<\/li>\n    <li><strong>Servicio destacado:<\/strong> Cree f\u00e1cilmente p\u00e1ginas dedicadas a servicios de dise\u00f1o web, UI\/UX y desarrollo.<\/li>\n    <li><strong>Testimonios de clientes:<\/strong> Presente rese\u00f1as y estudios de casos para generar confianza y credibilidad.<\/li>\n    <li><strong>Optimizado para SEO:<\/strong> Un c\u00f3digo limpio y el marcado schema le ayudar\u00e1n a mejorar su posicionamiento y a atraer tr\u00e1fico org\u00e1nico.<\/li>\n    <li><strong>Importaci\u00f3n de demostraciones con un solo clic:<\/strong> Ponga en marcha su sitio r\u00e1pidamente con dise\u00f1os predise\u00f1ados y adaptados a las agencias.<\/li>\n<\/ul>\n\n<h3>Vers\u00e1til para profesionales creativos<\/h3>\n<p>Tanto si est\u00e1s especializado en branding, marketing digital o desarrollo full-stack, DeepDigital se adapta a tus necesidades. Por ejemplo, a\u00f1ade secciones de blog para el liderazgo de pensamiento o integra WooCommerce para vender paquetes de dise\u00f1o. Como resultado, crear\u00e1 un centro que no s\u00f3lo informar\u00e1, sino que tambi\u00e9n convertir\u00e1 a los visitantes en clientes fieles.<\/p>\n\n<h3>Descubra m\u00e1s temas para agencias<\/h3>\n<p>Explore una gama de temas de dise\u00f1o web para complementar su flujo de trabajo. Descubra <a href=\"https:\/\/allwintheme.com\/es\/producto\/sandy-diseno-web-plantilla-de-sitio-web-con-elementor-constructor-tema-de-wordpress\/\">Sandy Plantilla de dise\u00f1o web<\/a> para vibraciones minimalistas, <a href=\"https:\/\/allwintheme.com\/es\/producto\/oxence-agencia-de-diseno-web-elementor-wordpress-theme\/\">Tema para agencias Oxence<\/a> para una est\u00e9tica atrevida, <a href=\"https:\/\/allwintheme.com\/es\/producto\/amiso-agencia-de-diseno-web-wordpress\/\">Soluci\u00f3n de la Agencia Amiso<\/a> para carteras elegantes, y <a href=\"https:\/\/allwintheme.com\/es\/producto\/ygency-agencia-de-diseno-web-tema-wordpress\/\">Tema moderno Ygency<\/a> para dise\u00f1os din\u00e1micos. Para recursos externos y consejos, visite <a href=\"https:\/\/www.wpkvip.com\/\">WPKVIP<\/a> para mejorar su juego con WordPress.<\/p>\n\n<h3>Lance hoy mismo el sitio web de su agencia<\/h3>\n<p>Eleve su agencia de dise\u00f1o web con <strong>DeepDigital - Agencia de dise\u00f1o web Tema de WordPress<\/strong>. Por lo tanto, inst\u00e1lelo ahora y cree un escaparate digital que cautive y convierta: \u00a1empiece a ganar m\u00e1s proyectos sin esfuerzo!\n\t\t\t\t\t<\/div>\n\t\t\t\t\t\t<\/div>\n\t\t\t\t<\/div>\n\t\t\t\t\t<\/div>\n\t\t\t\t<\/div>\n\t\t<div class=\"elementor-element elementor-element-4cd4c58 e-con-full e-flex e-con e-parent\" data-id=\"4cd4c58\" data-element_type=\"container\" data-e-type=\"container\">\n\t\t\t\t<div class=\"elementor-element elementor-element-da288cc elementor-widget elementor-widget-video\" data-id=\"da288cc\" data-element_type=\"widget\" data-e-type=\"widget\" data-settings=\"{&quot;youtube_url&quot;:&quot;https:\\\/\\\/youtu.be\\\/_orz7o30Gh0&quot;,&quot;video_type&quot;:&quot;youtube&quot;,&quot;controls&quot;:&quot;yes&quot;}\" data-widget_type=\"video.default\">\n\t\t\t\t\t\t\t<div class=\"elementor-wrapper elementor-open-inline\">\n\t\t\t<div class=\"elementor-video\"><\/div>\t\t<\/div>\n\t\t\t\t\t\t<\/div>\n\t\t\t\t<\/div>\n\t\t\t\t<\/div>","protected":false},"excerpt":{"rendered":"<p>DeepDigital: Tema de WordPress Premium para Agencias de Dise\u00f1o Web El Tema de WordPress DeepDigital - Agencia de Dise\u00f1o Web transforma el sitio de su agencia.<\/p>","protected":false},"featured_media":12925,"comment_status":"open","ping_status":"closed","template":"","meta":{"_acf_changed":false},"product_brand":[],"product_cat":[48],"product_tag":[],"class_list":{"0":"post-13003","1":"product","2":"type-product","3":"status-publish","4":"has-post-thumbnail","6":"product_cat-themes","8":"first","9":"instock","10":"sale","11":"downloadable","12":"shipping-taxable","13":"purchasable","14":"product-type-simple"},"acf":[],"yoast_head":"<!-- This site is optimized with the Yoast SEO Premium plugin v25.6 (Yoast SEO v27.1.1) - https:\/\/yoast.com\/product\/yoast-seo-premium-wordpress\/ -->\n<title>DeepDigital Web Design Agency WordPress Theme - AllWin Theme \u2013 Free WordPress Themes Download<\/title>\n<meta name=\"description\" content=\"DeepDigital: A versatile WordPress theme for web design agencies. Showcase portfolios, services, and client work with modern, responsive layouts.\" \/>\n<meta name=\"robots\" content=\"index, follow, max-snippet:-1, max-image-preview:large, max-video-preview:-1\" \/>\n<link rel=\"canonical\" href=\"https:\/\/allwintheme.com\/es\/producto\/deepdigital-agencia-de-diseno-web\/\" \/>\n<meta property=\"og:locale\" content=\"es_ES\" \/>\n<meta property=\"og:type\" content=\"article\" \/>\n<meta property=\"og:title\" content=\"DeepDigital Web Design Agency WordPress Theme\" \/>\n<meta property=\"og:description\" content=\"DeepDigital: A versatile WordPress theme for web design agencies. Showcase portfolios, services, and client work with modern, responsive layouts.\" \/>\n<meta property=\"og:url\" content=\"https:\/\/allwintheme.com\/es\/producto\/deepdigital-agencia-de-diseno-web\/\" \/>\n<meta property=\"og:site_name\" content=\"AllWin Theme \u2013 Free WordPress Themes Download\" \/>\n<meta property=\"article:modified_time\" content=\"2025-11-25T07:54:18+00:00\" \/>\n<meta property=\"og:image\" content=\"https:\/\/allwintheme.com\/wp-content\/uploads\/2025\/11\/DeepDigital-\u2013-Web-Design-Agency-WordPress-Theme.png\" \/>\n\t<meta property=\"og:image:width\" content=\"723\" \/>\n\t<meta property=\"og:image:height\" content=\"382\" \/>\n\t<meta property=\"og:image:type\" content=\"image\/png\" \/>\n<meta name=\"twitter:card\" content=\"summary_large_image\" \/>\n<meta name=\"twitter:label1\" content=\"Tiempo estimado de lectura\" \/>\n\t<meta name=\"twitter:data1\" content=\"2 minutos\" \/>\n<script type=\"application\/ld+json\" class=\"yoast-schema-graph\">{\"@context\":\"https:\/\/schema.org\",\"@graph\":[{\"@type\":\"WebPage\",\"@id\":\"https:\/\/allwintheme.com\/product\/deepdigital-web-design-agency\/\",\"url\":\"https:\/\/allwintheme.com\/product\/deepdigital-web-design-agency\/\",\"name\":\"DeepDigital Web Design Agency WordPress Theme - AllWin Theme \u2013 Free WordPress Themes Download\",\"isPartOf\":{\"@id\":\"https:\/\/allwintheme.com\/#website\"},\"primaryImageOfPage\":{\"@id\":\"https:\/\/allwintheme.com\/product\/deepdigital-web-design-agency\/#primaryimage\"},\"image\":{\"@id\":\"https:\/\/allwintheme.com\/product\/deepdigital-web-design-agency\/#primaryimage\"},\"thumbnailUrl\":\"https:\/\/allwintheme.com\/wp-content\/uploads\/2025\/11\/DeepDigital-\u2013-Web-Design-Agency-WordPress-Theme.png\",\"datePublished\":\"2025-11-25T07:46:26+00:00\",\"dateModified\":\"2025-11-25T07:54:18+00:00\",\"description\":\"DeepDigital: A versatile WordPress theme for web design agencies. Showcase portfolios, services, and client work with modern, responsive layouts.\",\"breadcrumb\":{\"@id\":\"https:\/\/allwintheme.com\/product\/deepdigital-web-design-agency\/#breadcrumb\"},\"inLanguage\":\"es-CL\",\"potentialAction\":[{\"@type\":\"ReadAction\",\"target\":[\"https:\/\/allwintheme.com\/product\/deepdigital-web-design-agency\/\"]}]},{\"@type\":\"ImageObject\",\"inLanguage\":\"es-CL\",\"@id\":\"https:\/\/allwintheme.com\/product\/deepdigital-web-design-agency\/#primaryimage\",\"url\":\"https:\/\/allwintheme.com\/wp-content\/uploads\/2025\/11\/DeepDigital-\u2013-Web-Design-Agency-WordPress-Theme.png\",\"contentUrl\":\"https:\/\/allwintheme.com\/wp-content\/uploads\/2025\/11\/DeepDigital-\u2013-Web-Design-Agency-WordPress-Theme.png\",\"width\":723,\"height\":382,\"caption\":\"DeepDigital \u2013 Web Design Agency WordPress Theme\"},{\"@type\":\"BreadcrumbList\",\"@id\":\"https:\/\/allwintheme.com\/product\/deepdigital-web-design-agency\/#breadcrumb\",\"itemListElement\":[{\"@type\":\"ListItem\",\"position\":1,\"name\":\"Home\",\"item\":\"https:\/\/allwintheme.com\/\"},{\"@type\":\"ListItem\",\"position\":2,\"name\":\"Shop\",\"item\":\"https:\/\/allwintheme.com\/shop\/\"},{\"@type\":\"ListItem\",\"position\":3,\"name\":\"DeepDigital Web Design Agency WordPress Theme\"}]},{\"@type\":\"WebSite\",\"@id\":\"https:\/\/allwintheme.com\/#website\",\"url\":\"https:\/\/allwintheme.com\/\",\"name\":\"Allwintheme\",\"description\":\"Download free WordPress themes for every niche. Blogs, business, eCommerce, portfolio, restaurant and more. All themes are GPL licensed and mobile-ready.\",\"potentialAction\":[{\"@type\":\"SearchAction\",\"target\":{\"@type\":\"EntryPoint\",\"urlTemplate\":\"https:\/\/allwintheme.com\/?s={search_term_string}\"},\"query-input\":{\"@type\":\"PropertyValueSpecification\",\"valueRequired\":true,\"valueName\":\"search_term_string\"}}],\"inLanguage\":\"es-CL\"}]}<\/script>\n<!-- \/ Yoast SEO Premium plugin. -->","yoast_head_json":{"title":"DeepDigital Web Design Agency WordPress Theme - AllWin Theme - Free WordPress Themes Download","description":"DeepDigital: Un tema de WordPress vers\u00e1til para agencias de dise\u00f1o web. Muestra tus portafolios, servicios y trabajos con modernos dise\u00f1os adaptativos.","robots":{"index":"index","follow":"follow","max-snippet":"max-snippet:-1","max-image-preview":"max-image-preview:large","max-video-preview":"max-video-preview:-1"},"canonical":"https:\/\/allwintheme.com\/es\/producto\/deepdigital-agencia-de-diseno-web\/","og_locale":"es_ES","og_type":"article","og_title":"DeepDigital Web Design Agency WordPress Theme","og_description":"DeepDigital: A versatile WordPress theme for web design agencies. Showcase portfolios, services, and client work with modern, responsive layouts.","og_url":"https:\/\/allwintheme.com\/es\/producto\/deepdigital-agencia-de-diseno-web\/","og_site_name":"AllWin Theme \u2013 Free WordPress Themes Download","article_modified_time":"2025-11-25T07:54:18+00:00","og_image":[{"width":723,"height":382,"url":"https:\/\/allwintheme.com\/wp-content\/uploads\/2025\/11\/DeepDigital-\u2013-Web-Design-Agency-WordPress-Theme.png","type":"image\/png"}],"twitter_card":"summary_large_image","twitter_misc":{"Tiempo estimado de lectura":"2 minutos"},"schema":{"@context":"https:\/\/schema.org","@graph":[{"@type":"WebPage","@id":"https:\/\/allwintheme.com\/product\/deepdigital-web-design-agency\/","url":"https:\/\/allwintheme.com\/product\/deepdigital-web-design-agency\/","name":"DeepDigital Web Design Agency WordPress Theme - AllWin Theme - Free WordPress Themes Download","isPartOf":{"@id":"https:\/\/allwintheme.com\/#website"},"primaryImageOfPage":{"@id":"https:\/\/allwintheme.com\/product\/deepdigital-web-design-agency\/#primaryimage"},"image":{"@id":"https:\/\/allwintheme.com\/product\/deepdigital-web-design-agency\/#primaryimage"},"thumbnailUrl":"https:\/\/allwintheme.com\/wp-content\/uploads\/2025\/11\/DeepDigital-\u2013-Web-Design-Agency-WordPress-Theme.png","datePublished":"2025-11-25T07:46:26+00:00","dateModified":"2025-11-25T07:54:18+00:00","description":"DeepDigital: Un tema de WordPress vers\u00e1til para agencias de dise\u00f1o web. Muestra tus portafolios, servicios y trabajos con modernos dise\u00f1os adaptativos.","breadcrumb":{"@id":"https:\/\/allwintheme.com\/product\/deepdigital-web-design-agency\/#breadcrumb"},"inLanguage":"es-CL","potentialAction":[{"@type":"ReadAction","target":["https:\/\/allwintheme.com\/product\/deepdigital-web-design-agency\/"]}]},{"@type":"ImageObject","inLanguage":"es-CL","@id":"https:\/\/allwintheme.com\/product\/deepdigital-web-design-agency\/#primaryimage","url":"https:\/\/allwintheme.com\/wp-content\/uploads\/2025\/11\/DeepDigital-\u2013-Web-Design-Agency-WordPress-Theme.png","contentUrl":"https:\/\/allwintheme.com\/wp-content\/uploads\/2025\/11\/DeepDigital-\u2013-Web-Design-Agency-WordPress-Theme.png","width":723,"height":382,"caption":"DeepDigital \u2013 Web Design Agency WordPress Theme"},{"@type":"BreadcrumbList","@id":"https:\/\/allwintheme.com\/product\/deepdigital-web-design-agency\/#breadcrumb","itemListElement":[{"@type":"ListItem","position":1,"name":"Home","item":"https:\/\/allwintheme.com\/"},{"@type":"ListItem","position":2,"name":"Shop","item":"https:\/\/allwintheme.com\/shop\/"},{"@type":"ListItem","position":3,"name":"DeepDigital Web Design Agency WordPress Theme"}]},{"@type":"WebSite","@id":"https:\/\/allwintheme.com\/#website","url":"https:\/\/allwintheme.com\/","name":"Allwintheme","description":"Descarga gratis temas de WordPress para todos los nichos. Blogs, negocios, comercio electr\u00f3nico, portafolio, restaurante y m\u00e1s. Todos los temas tienen licencia GPL y est\u00e1n preparados para dispositivos m\u00f3viles.","potentialAction":[{"@type":"SearchAction","target":{"@type":"EntryPoint","urlTemplate":"https:\/\/allwintheme.com\/?s={search_term_string}"},"query-input":{"@type":"PropertyValueSpecification","valueRequired":true,"valueName":"search_term_string"}}],"inLanguage":"es-CL"}]}},"_links":{"self":[{"href":"https:\/\/allwintheme.com\/es\/wp-json\/wp\/v2\/product\/13003","targetHints":{"allow":["GET"]}}],"collection":[{"href":"https:\/\/allwintheme.com\/es\/wp-json\/wp\/v2\/product"}],"about":[{"href":"https:\/\/allwintheme.com\/es\/wp-json\/wp\/v2\/types\/product"}],"replies":[{"embeddable":true,"href":"https:\/\/allwintheme.com\/es\/wp-json\/wp\/v2\/comments?post=13003"}],"version-history":[{"count":8,"href":"https:\/\/allwintheme.com\/es\/wp-json\/wp\/v2\/product\/13003\/revisions"}],"predecessor-version":[{"id":13011,"href":"https:\/\/allwintheme.com\/es\/wp-json\/wp\/v2\/product\/13003\/revisions\/13011"}],"wp:featuredmedia":[{"embeddable":true,"href":"https:\/\/allwintheme.com\/es\/wp-json\/wp\/v2\/media\/12925"}],"wp:attachment":[{"href":"https:\/\/allwintheme.com\/es\/wp-json\/wp\/v2\/media?parent=13003"}],"wp:term":[{"taxonomy":"product_brand","embeddable":true,"href":"https:\/\/allwintheme.com\/es\/wp-json\/wp\/v2\/product_brand?post=13003"},{"taxonomy":"product_cat","embeddable":true,"href":"https:\/\/allwintheme.com\/es\/wp-json\/wp\/v2\/product_cat?post=13003"},{"taxonomy":"product_tag","embeddable":true,"href":"https:\/\/allwintheme.com\/es\/wp-json\/wp\/v2\/product_tag?post=13003"}],"curies":[{"name":"wp","href":"https:\/\/api.w.org\/{rel}","templated":true}]}}