{"id":13024,"date":"2025-11-25T08:13:50","date_gmt":"2025-11-25T08:13:50","guid":{"rendered":"https:\/\/allwintheme.com\/?post_type=product&#038;p=13024"},"modified":"2025-11-25T08:24:27","modified_gmt":"2025-11-25T08:24:27","slug":"stucy-agencia-de-diseno-web-tema-wordpress","status":"publish","type":"product","link":"https:\/\/allwintheme.com\/es\/producto\/stucy-agencia-de-diseno-web-tema-wordpress\/","title":{"rendered":"Stucy - Web Design Agency WordPress Theme"},"content":{"rendered":"<div data-elementor-type=\"wp-post\" data-elementor-id=\"13024\" class=\"elementor elementor-13024\" data-elementor-settings=\"{&quot;element_pack_global_tooltip_width&quot;:{&quot;unit&quot;:&quot;px&quot;,&quot;size&quot;:&quot;&quot;,&quot;sizes&quot;:[]},&quot;element_pack_global_tooltip_width_tablet&quot;:{&quot;unit&quot;:&quot;px&quot;,&quot;size&quot;:&quot;&quot;,&quot;sizes&quot;:[]},&quot;element_pack_global_tooltip_width_mobile&quot;:{&quot;unit&quot;:&quot;px&quot;,&quot;size&quot;:&quot;&quot;,&quot;sizes&quot;:[]},&quot;element_pack_global_tooltip_padding&quot;:{&quot;unit&quot;:&quot;px&quot;,&quot;top&quot;:&quot;&quot;,&quot;right&quot;:&quot;&quot;,&quot;bottom&quot;:&quot;&quot;,&quot;left&quot;:&quot;&quot;,&quot;isLinked&quot;:true},&quot;element_pack_global_tooltip_padding_tablet&quot;:{&quot;unit&quot;:&quot;px&quot;,&quot;top&quot;:&quot;&quot;,&quot;right&quot;:&quot;&quot;,&quot;bottom&quot;:&quot;&quot;,&quot;left&quot;:&quot;&quot;,&quot;isLinked&quot;:true},&quot;element_pack_global_tooltip_padding_mobile&quot;:{&quot;unit&quot;:&quot;px&quot;,&quot;top&quot;:&quot;&quot;,&quot;right&quot;:&quot;&quot;,&quot;bottom&quot;:&quot;&quot;,&quot;left&quot;:&quot;&quot;,&quot;isLinked&quot;:true},&quot;element_pack_global_tooltip_border_radius&quot;:{&quot;unit&quot;:&quot;px&quot;,&quot;top&quot;:&quot;&quot;,&quot;right&quot;:&quot;&quot;,&quot;bottom&quot;:&quot;&quot;,&quot;left&quot;:&quot;&quot;,&quot;isLinked&quot;:true},&quot;element_pack_global_tooltip_border_radius_tablet&quot;:{&quot;unit&quot;:&quot;px&quot;,&quot;top&quot;:&quot;&quot;,&quot;right&quot;:&quot;&quot;,&quot;bottom&quot;:&quot;&quot;,&quot;left&quot;:&quot;&quot;,&quot;isLinked&quot;:true},&quot;element_pack_global_tooltip_border_radius_mobile&quot;:{&quot;unit&quot;:&quot;px&quot;,&quot;top&quot;:&quot;&quot;,&quot;right&quot;:&quot;&quot;,&quot;bottom&quot;:&quot;&quot;,&quot;left&quot;:&quot;&quot;,&quot;isLinked&quot;:true}}\" data-elementor-post-type=\"product\">\n\t\t\t\t<div class=\"wd-negative-gap elementor-element elementor-element-116794f e-flex e-con-boxed e-con e-parent\" data-id=\"116794f\" data-element_type=\"container\" data-e-type=\"container\">\n\t\t\t\t\t<div class=\"e-con-inner\">\n\t\t\t\t<div class=\"elementor-element elementor-element-03d2133 elementor-widget elementor-widget-wd_text_block\" data-id=\"03d2133\" data-element_type=\"widget\" data-e-type=\"widget\" data-widget_type=\"wd_text_block.default\">\n\t\t\t\t<div class=\"elementor-widget-container\">\n\t\t\t\t\t\t\t<div class=\"wd-text-block reset-last-child text-left\">\n\t\t\t\n\t\t\t<h2>Stucy - Web Design Agency WordPress Theme<\/h2>\n<p><strong>Stucy<\/strong> ofrece todo lo que una agencia de dise\u00f1o web moderna necesita para destacar en Internet. Por ejemplo, los equipos creativos utilizan activamente este tema para mostrar impresionantes portafolios, destacar servicios y convertir visitantes en clientes. De este modo, conseguir\u00e1s un sitio web profesional y de alta conversi\u00f3n que refleje la creatividad y la experiencia de tu marca desde el primer d\u00eda.<\/p>\n\n<h3>Creado para agencias creativas<\/h3>\n<p>Stucy combina un dise\u00f1o elegante con una potente funcionalidad. Puede lanzar su sitio en cuesti\u00f3n de minutos utilizando un solo clic de importaci\u00f3n de demostraci\u00f3n, a continuaci\u00f3n, personalizar cada detalle con Elementor o WPBakery-sin necesidad de codificaci\u00f3n. Adem\u00e1s, su dise\u00f1o totalmente adaptable garantiza una visualizaci\u00f3n perfecta en ordenadores de sobremesa, tabletas y tel\u00e9fonos.<\/p>\n\n<h3>Por qu\u00e9 a las agencias les gusta Stucy<\/h3>\n<ul>\n    <li><strong>Impresionantes dise\u00f1os de portafolio:<\/strong> Muestre proyectos con opciones de cuadr\u00edcula, mamposter\u00eda, carrusel y pantalla completa.<\/li>\n    <li><strong>Constructores de arrastrar y soltar:<\/strong> Funciona perfectamente con Elementor y WPBakery para una total libertad de dise\u00f1o.<\/li>\n    <li><strong>R\u00e1pido y optimizado para SEO:<\/strong> Un c\u00f3digo ligero y una estructura limpia le ayudan a posicionarse mejor y a cargar m\u00e1s r\u00e1pido.<\/li>\n    <li><strong>Importaci\u00f3n de demostraciones con un solo clic:<\/strong> Obtenga un sitio de agencia completo listo en segundos.<\/li>\n    <li><strong>Colores y tipograf\u00eda ilimitados:<\/strong> Adapte su marca a la perfecci\u00f3n con infinitas opciones de personalizaci\u00f3n.<\/li>\n<\/ul>\n\n<h3>Perfecto para cualquier estudio creativo<\/h3>\n<p>Tanto si te dedicas al dise\u00f1o web como al branding o al marketing digital, Stucy se adapta sin esfuerzo. Por ejemplo, comb\u00ednalo con tus plugins favoritos para a\u00f1adir formularios de contacto, tablas de precios, miembros del equipo y testimonios de clientes que generen confianza al instante.<\/p>\n\n<h3>M\u00e1s temas para agencias<\/h3>\n<p>\u00bfBusca alternativas o dise\u00f1os complementarios? Echa un vistazo a estos populares temas para agencias web:  \n<a href=\"https:\/\/allwintheme.com\/es\/producto\/deepdigital-agencia-de-diseno-web\/\">DeepDigital - Agencia de dise\u00f1o web<\/a>,  \n<a href=\"https:\/\/allwintheme.com\/es\/producto\/magictouch-web-design-studio-responsive-wordpress-theme\/\">MagicTouch - Estudio de dise\u00f1o web<\/a>,  \n<a href=\"https:\/\/allwintheme.com\/es\/producto\/amiso-agencia-de-diseno-web-wordpress\/\">Amiso - Agencia de dise\u00f1o web<\/a>y  \n<a href=\"https:\/\/allwintheme.com\/es\/producto\/oxence-agencia-de-diseno-web-elementor-wordpress-theme\/\">Oxence - Elementor Web Agency Theme<\/a>.<\/p>\n\n<p>Para conocer los \u00faltimos consejos sobre WordPress, revisiones de temas y estrategias de crecimiento de agencias, visite <a href=\"https:\/\/www.wpkvip.com\">WPKVIP<\/a>-su recurso de referencia para soluciones premium de WordPress.<\/p>\n\n<h3>Lance hoy mismo el sitio web de su agencia<\/h3>\n<p>D\u00e9 a su agencia de dise\u00f1o web la presencia en l\u00ednea que se merece. Instalar <strong>Stucy<\/strong> ahora y empiece a ganar m\u00e1s clientes con un sitio web tan creativo y profesional como su trabajo.\n\t\t\t\t\t<\/div>\n\t\t\t\t\t\t<\/div>\n\t\t\t\t<\/div>\n\t\t\t\t\t<\/div>\n\t\t\t\t<\/div>\n\t\t<div class=\"wd-negative-gap elementor-element elementor-element-fe670bb e-flex e-con-boxed e-con e-parent\" data-id=\"fe670bb\" data-element_type=\"container\" data-e-type=\"container\">\n\t\t\t\t\t<div class=\"e-con-inner\">\n\t\t\t\t<div class=\"elementor-element elementor-element-b8efdea elementor-widget elementor-widget-video\" data-id=\"b8efdea\" data-element_type=\"widget\" data-e-type=\"widget\" data-settings=\"{&quot;youtube_url&quot;:&quot;https:\\\/\\\/youtu.be\\\/BV83lS9p-Rw&quot;,&quot;video_type&quot;:&quot;youtube&quot;,&quot;controls&quot;:&quot;yes&quot;}\" data-widget_type=\"video.default\">\n\t\t\t\t\t\t\t<div class=\"elementor-wrapper elementor-open-inline\">\n\t\t\t<div class=\"elementor-video\"><\/div>\t\t<\/div>\n\t\t\t\t\t\t<\/div>\n\t\t\t\t\t<\/div>\n\t\t\t\t<\/div>\n\t\t\t\t<\/div>","protected":false},"excerpt":{"rendered":"<p>Stucy - Web Design Agency WordPress Theme Stucy ofrece todo lo que una agencia de dise\u00f1o web moderna necesita para destacar en Internet.<\/p>","protected":false},"featured_media":12922,"comment_status":"open","ping_status":"closed","template":"","meta":{"_acf_changed":false},"product_brand":[],"product_cat":[48],"product_tag":[],"class_list":{"0":"post-13024","1":"product","2":"type-product","3":"status-publish","4":"has-post-thumbnail","6":"product_cat-themes","8":"first","9":"instock","10":"sale","11":"downloadable","12":"shipping-taxable","13":"purchasable","14":"product-type-simple"},"acf":[],"yoast_head":"<!-- This site is optimized with the Yoast SEO Premium plugin v25.6 (Yoast SEO v27.1.1) - https:\/\/yoast.com\/product\/yoast-seo-premium-wordpress\/ -->\n<title>Stucy \u2013 Web Design Agency WordPress Theme - AllWin Theme \u2013 Free WordPress Themes Download<\/title>\n<meta name=\"description\" content=\"Stucy is a bold, creative WordPress theme crafted for web design agencies, digital studios, and freelancers. Fully responsive with modern portfolios and smooth animations.\" \/>\n<meta name=\"robots\" content=\"index, follow, max-snippet:-1, max-image-preview:large, max-video-preview:-1\" \/>\n<link rel=\"canonical\" href=\"https:\/\/allwintheme.com\/es\/producto\/stucy-agencia-de-diseno-web-tema-wordpress\/\" \/>\n<meta property=\"og:locale\" content=\"es_ES\" \/>\n<meta property=\"og:type\" content=\"article\" \/>\n<meta property=\"og:title\" content=\"Stucy \u2013 Web Design Agency WordPress Theme\" \/>\n<meta property=\"og:description\" content=\"Stucy is a bold, creative WordPress theme crafted for web design agencies, digital studios, and freelancers. Fully responsive with modern portfolios and smooth animations.\" \/>\n<meta property=\"og:url\" content=\"https:\/\/allwintheme.com\/es\/producto\/stucy-agencia-de-diseno-web-tema-wordpress\/\" \/>\n<meta property=\"og:site_name\" content=\"AllWin Theme \u2013 Free WordPress Themes Download\" \/>\n<meta property=\"article:modified_time\" content=\"2025-11-25T08:24:27+00:00\" \/>\n<meta property=\"og:image\" content=\"https:\/\/allwintheme.com\/wp-content\/uploads\/2025\/11\/Stucy-\u2013-Web-Design-Agency-WordPress-Theme.png\" \/>\n\t<meta property=\"og:image:width\" content=\"731\" \/>\n\t<meta property=\"og:image:height\" content=\"369\" \/>\n\t<meta property=\"og:image:type\" content=\"image\/png\" \/>\n<meta name=\"twitter:card\" content=\"summary_large_image\" \/>\n<meta name=\"twitter:label1\" content=\"Tiempo estimado de lectura\" \/>\n\t<meta name=\"twitter:data1\" content=\"2 minutos\" \/>\n<script type=\"application\/ld+json\" class=\"yoast-schema-graph\">{\"@context\":\"https:\/\/schema.org\",\"@graph\":[{\"@type\":\"WebPage\",\"@id\":\"https:\/\/allwintheme.com\/product\/stucy-web-design-agency-wordpress-theme\/\",\"url\":\"https:\/\/allwintheme.com\/product\/stucy-web-design-agency-wordpress-theme\/\",\"name\":\"Stucy \u2013 Web Design Agency WordPress Theme - AllWin Theme \u2013 Free WordPress Themes Download\",\"isPartOf\":{\"@id\":\"https:\/\/allwintheme.com\/#website\"},\"primaryImageOfPage\":{\"@id\":\"https:\/\/allwintheme.com\/product\/stucy-web-design-agency-wordpress-theme\/#primaryimage\"},\"image\":{\"@id\":\"https:\/\/allwintheme.com\/product\/stucy-web-design-agency-wordpress-theme\/#primaryimage\"},\"thumbnailUrl\":\"https:\/\/allwintheme.com\/wp-content\/uploads\/2025\/11\/Stucy-\u2013-Web-Design-Agency-WordPress-Theme.png\",\"datePublished\":\"2025-11-25T08:13:50+00:00\",\"dateModified\":\"2025-11-25T08:24:27+00:00\",\"description\":\"Stucy is a bold, creative WordPress theme crafted for web design agencies, digital studios, and freelancers. Fully responsive with modern portfolios and smooth animations.\",\"breadcrumb\":{\"@id\":\"https:\/\/allwintheme.com\/product\/stucy-web-design-agency-wordpress-theme\/#breadcrumb\"},\"inLanguage\":\"es-CL\",\"potentialAction\":[{\"@type\":\"ReadAction\",\"target\":[\"https:\/\/allwintheme.com\/product\/stucy-web-design-agency-wordpress-theme\/\"]}]},{\"@type\":\"ImageObject\",\"inLanguage\":\"es-CL\",\"@id\":\"https:\/\/allwintheme.com\/product\/stucy-web-design-agency-wordpress-theme\/#primaryimage\",\"url\":\"https:\/\/allwintheme.com\/wp-content\/uploads\/2025\/11\/Stucy-\u2013-Web-Design-Agency-WordPress-Theme.png\",\"contentUrl\":\"https:\/\/allwintheme.com\/wp-content\/uploads\/2025\/11\/Stucy-\u2013-Web-Design-Agency-WordPress-Theme.png\",\"width\":731,\"height\":369,\"caption\":\"Stucy \u2013 Web Design Agency WordPress Theme\"},{\"@type\":\"BreadcrumbList\",\"@id\":\"https:\/\/allwintheme.com\/product\/stucy-web-design-agency-wordpress-theme\/#breadcrumb\",\"itemListElement\":[{\"@type\":\"ListItem\",\"position\":1,\"name\":\"Home\",\"item\":\"https:\/\/allwintheme.com\/\"},{\"@type\":\"ListItem\",\"position\":2,\"name\":\"Shop\",\"item\":\"https:\/\/allwintheme.com\/shop\/\"},{\"@type\":\"ListItem\",\"position\":3,\"name\":\"Stucy \u2013 Web Design Agency WordPress Theme\"}]},{\"@type\":\"WebSite\",\"@id\":\"https:\/\/allwintheme.com\/#website\",\"url\":\"https:\/\/allwintheme.com\/\",\"name\":\"Allwintheme\",\"description\":\"Download free WordPress themes for every niche. Blogs, business, eCommerce, portfolio, restaurant and more. All themes are GPL licensed and mobile-ready.\",\"potentialAction\":[{\"@type\":\"SearchAction\",\"target\":{\"@type\":\"EntryPoint\",\"urlTemplate\":\"https:\/\/allwintheme.com\/?s={search_term_string}\"},\"query-input\":{\"@type\":\"PropertyValueSpecification\",\"valueRequired\":true,\"valueName\":\"search_term_string\"}}],\"inLanguage\":\"es-CL\"}]}<\/script>\n<!-- \/ Yoast SEO Premium plugin. -->","yoast_head_json":{"title":"Stucy \u2013 Web Design Agency WordPress Theme - AllWin Theme \u2013 Free WordPress Themes Download","description":"Stucy es un tema de WordPress atrevido y creativo creado para agencias de dise\u00f1o web, estudios digitales y aut\u00f3nomos. Totalmente responsive con portfolios modernos y animaciones fluidas.","robots":{"index":"index","follow":"follow","max-snippet":"max-snippet:-1","max-image-preview":"max-image-preview:large","max-video-preview":"max-video-preview:-1"},"canonical":"https:\/\/allwintheme.com\/es\/producto\/stucy-agencia-de-diseno-web-tema-wordpress\/","og_locale":"es_ES","og_type":"article","og_title":"Stucy \u2013 Web Design Agency WordPress Theme","og_description":"Stucy is a bold, creative WordPress theme crafted for web design agencies, digital studios, and freelancers. Fully responsive with modern portfolios and smooth animations.","og_url":"https:\/\/allwintheme.com\/es\/producto\/stucy-agencia-de-diseno-web-tema-wordpress\/","og_site_name":"AllWin Theme \u2013 Free WordPress Themes Download","article_modified_time":"2025-11-25T08:24:27+00:00","og_image":[{"width":731,"height":369,"url":"https:\/\/allwintheme.com\/wp-content\/uploads\/2025\/11\/Stucy-\u2013-Web-Design-Agency-WordPress-Theme.png","type":"image\/png"}],"twitter_card":"summary_large_image","twitter_misc":{"Tiempo estimado de lectura":"2 minutos"},"schema":{"@context":"https:\/\/schema.org","@graph":[{"@type":"WebPage","@id":"https:\/\/allwintheme.com\/product\/stucy-web-design-agency-wordpress-theme\/","url":"https:\/\/allwintheme.com\/product\/stucy-web-design-agency-wordpress-theme\/","name":"Stucy \u2013 Web Design Agency WordPress Theme - AllWin Theme \u2013 Free WordPress Themes Download","isPartOf":{"@id":"https:\/\/allwintheme.com\/#website"},"primaryImageOfPage":{"@id":"https:\/\/allwintheme.com\/product\/stucy-web-design-agency-wordpress-theme\/#primaryimage"},"image":{"@id":"https:\/\/allwintheme.com\/product\/stucy-web-design-agency-wordpress-theme\/#primaryimage"},"thumbnailUrl":"https:\/\/allwintheme.com\/wp-content\/uploads\/2025\/11\/Stucy-\u2013-Web-Design-Agency-WordPress-Theme.png","datePublished":"2025-11-25T08:13:50+00:00","dateModified":"2025-11-25T08:24:27+00:00","description":"Stucy es un tema de WordPress atrevido y creativo creado para agencias de dise\u00f1o web, estudios digitales y aut\u00f3nomos. Totalmente responsive con portfolios modernos y animaciones fluidas.","breadcrumb":{"@id":"https:\/\/allwintheme.com\/product\/stucy-web-design-agency-wordpress-theme\/#breadcrumb"},"inLanguage":"es-CL","potentialAction":[{"@type":"ReadAction","target":["https:\/\/allwintheme.com\/product\/stucy-web-design-agency-wordpress-theme\/"]}]},{"@type":"ImageObject","inLanguage":"es-CL","@id":"https:\/\/allwintheme.com\/product\/stucy-web-design-agency-wordpress-theme\/#primaryimage","url":"https:\/\/allwintheme.com\/wp-content\/uploads\/2025\/11\/Stucy-\u2013-Web-Design-Agency-WordPress-Theme.png","contentUrl":"https:\/\/allwintheme.com\/wp-content\/uploads\/2025\/11\/Stucy-\u2013-Web-Design-Agency-WordPress-Theme.png","width":731,"height":369,"caption":"Stucy \u2013 Web Design Agency WordPress Theme"},{"@type":"BreadcrumbList","@id":"https:\/\/allwintheme.com\/product\/stucy-web-design-agency-wordpress-theme\/#breadcrumb","itemListElement":[{"@type":"ListItem","position":1,"name":"Home","item":"https:\/\/allwintheme.com\/"},{"@type":"ListItem","position":2,"name":"Shop","item":"https:\/\/allwintheme.com\/shop\/"},{"@type":"ListItem","position":3,"name":"Stucy \u2013 Web Design Agency WordPress Theme"}]},{"@type":"WebSite","@id":"https:\/\/allwintheme.com\/#website","url":"https:\/\/allwintheme.com\/","name":"Allwintheme","description":"Descarga gratis temas de WordPress para todos los nichos. Blogs, negocios, comercio electr\u00f3nico, portafolio, restaurante y m\u00e1s. Todos los temas tienen licencia GPL y est\u00e1n preparados para dispositivos m\u00f3viles.","potentialAction":[{"@type":"SearchAction","target":{"@type":"EntryPoint","urlTemplate":"https:\/\/allwintheme.com\/?s={search_term_string}"},"query-input":{"@type":"PropertyValueSpecification","valueRequired":true,"valueName":"search_term_string"}}],"inLanguage":"es-CL"}]}},"_links":{"self":[{"href":"https:\/\/allwintheme.com\/es\/wp-json\/wp\/v2\/product\/13024","targetHints":{"allow":["GET"]}}],"collection":[{"href":"https:\/\/allwintheme.com\/es\/wp-json\/wp\/v2\/product"}],"about":[{"href":"https:\/\/allwintheme.com\/es\/wp-json\/wp\/v2\/types\/product"}],"replies":[{"embeddable":true,"href":"https:\/\/allwintheme.com\/es\/wp-json\/wp\/v2\/comments?post=13024"}],"version-history":[{"count":5,"href":"https:\/\/allwintheme.com\/es\/wp-json\/wp\/v2\/product\/13024\/revisions"}],"predecessor-version":[{"id":13029,"href":"https:\/\/allwintheme.com\/es\/wp-json\/wp\/v2\/product\/13024\/revisions\/13029"}],"wp:featuredmedia":[{"embeddable":true,"href":"https:\/\/allwintheme.com\/es\/wp-json\/wp\/v2\/media\/12922"}],"wp:attachment":[{"href":"https:\/\/allwintheme.com\/es\/wp-json\/wp\/v2\/media?parent=13024"}],"wp:term":[{"taxonomy":"product_brand","embeddable":true,"href":"https:\/\/allwintheme.com\/es\/wp-json\/wp\/v2\/product_brand?post=13024"},{"taxonomy":"product_cat","embeddable":true,"href":"https:\/\/allwintheme.com\/es\/wp-json\/wp\/v2\/product_cat?post=13024"},{"taxonomy":"product_tag","embeddable":true,"href":"https:\/\/allwintheme.com\/es\/wp-json\/wp\/v2\/product_tag?post=13024"}],"curies":[{"name":"wp","href":"https:\/\/api.w.org\/{rel}","templated":true}]}}