{"id":13048,"date":"2025-11-25T12:46:14","date_gmt":"2025-11-25T12:46:14","guid":{"rendered":"https:\/\/allwintheme.com\/?post_type=product&#038;p=13048"},"modified":"2025-11-25T12:50:26","modified_gmt":"2025-11-25T12:50:26","slug":"bbw-agencia-de-diseno-web-elementor-template-kit","status":"publish","type":"product","link":"https:\/\/allwintheme.com\/es\/producto\/bbw-agencia-de-diseno-web-elementor-template-kit\/","title":{"rendered":"BBW - Web Design Agency Elementor Template Kit"},"content":{"rendered":"<div data-elementor-type=\"wp-post\" data-elementor-id=\"13048\" class=\"elementor elementor-13048\" data-elementor-settings=\"{&quot;element_pack_global_tooltip_width&quot;:{&quot;unit&quot;:&quot;px&quot;,&quot;size&quot;:&quot;&quot;,&quot;sizes&quot;:[]},&quot;element_pack_global_tooltip_width_tablet&quot;:{&quot;unit&quot;:&quot;px&quot;,&quot;size&quot;:&quot;&quot;,&quot;sizes&quot;:[]},&quot;element_pack_global_tooltip_width_mobile&quot;:{&quot;unit&quot;:&quot;px&quot;,&quot;size&quot;:&quot;&quot;,&quot;sizes&quot;:[]},&quot;element_pack_global_tooltip_padding&quot;:{&quot;unit&quot;:&quot;px&quot;,&quot;top&quot;:&quot;&quot;,&quot;right&quot;:&quot;&quot;,&quot;bottom&quot;:&quot;&quot;,&quot;left&quot;:&quot;&quot;,&quot;isLinked&quot;:true},&quot;element_pack_global_tooltip_padding_tablet&quot;:{&quot;unit&quot;:&quot;px&quot;,&quot;top&quot;:&quot;&quot;,&quot;right&quot;:&quot;&quot;,&quot;bottom&quot;:&quot;&quot;,&quot;left&quot;:&quot;&quot;,&quot;isLinked&quot;:true},&quot;element_pack_global_tooltip_padding_mobile&quot;:{&quot;unit&quot;:&quot;px&quot;,&quot;top&quot;:&quot;&quot;,&quot;right&quot;:&quot;&quot;,&quot;bottom&quot;:&quot;&quot;,&quot;left&quot;:&quot;&quot;,&quot;isLinked&quot;:true},&quot;element_pack_global_tooltip_border_radius&quot;:{&quot;unit&quot;:&quot;px&quot;,&quot;top&quot;:&quot;&quot;,&quot;right&quot;:&quot;&quot;,&quot;bottom&quot;:&quot;&quot;,&quot;left&quot;:&quot;&quot;,&quot;isLinked&quot;:true},&quot;element_pack_global_tooltip_border_radius_tablet&quot;:{&quot;unit&quot;:&quot;px&quot;,&quot;top&quot;:&quot;&quot;,&quot;right&quot;:&quot;&quot;,&quot;bottom&quot;:&quot;&quot;,&quot;left&quot;:&quot;&quot;,&quot;isLinked&quot;:true},&quot;element_pack_global_tooltip_border_radius_mobile&quot;:{&quot;unit&quot;:&quot;px&quot;,&quot;top&quot;:&quot;&quot;,&quot;right&quot;:&quot;&quot;,&quot;bottom&quot;:&quot;&quot;,&quot;left&quot;:&quot;&quot;,&quot;isLinked&quot;:true}}\" data-elementor-post-type=\"product\">\n\t\t\t\t<div class=\"wd-negative-gap elementor-element elementor-element-116794f e-flex e-con-boxed e-con e-parent\" data-id=\"116794f\" data-element_type=\"container\" data-e-type=\"container\">\n\t\t\t\t\t<div class=\"e-con-inner\">\n\t\t\t\t<div class=\"elementor-element elementor-element-03d2133 elementor-widget elementor-widget-wd_text_block\" data-id=\"03d2133\" data-element_type=\"widget\" data-e-type=\"widget\" data-widget_type=\"wd_text_block.default\">\n\t\t\t\t<div class=\"elementor-widget-container\">\n\t\t\t\t\t\t\t<div class=\"wd-text-block reset-last-child text-left\">\n\t\t\t\n\t\t\t<h2>BBW - Web Design Agency Elementor Template Kit<\/h2>\n<p>BBW es un moderno Kit de Plantillas Elementor creado para agencias de dise\u00f1o web, estudios creativos y dise\u00f1adores freelance que quieren una presencia online limpia y profesional. Con un fuerte enfoque en la claridad visual y dise\u00f1os orientados a la conversi\u00f3n, este kit te ayuda a presentar tus servicios, mostrar tu portafolio y construir confianza con clientes potenciales.<\/p>\n\n<h3>Hecho para proveedores de servicios creativos y digitales<\/h3>\n<p>Tanto si dirige una agencia de branding, un estudio de UI\/UX o un equipo de desarrollo de sitios web, BBW le ofrece la estructura que necesita para presentar su trabajo con eficacia. Adem\u00e1s, el kit incluye secciones para estudios de casos, descripciones de servicios, tablas de precios y perfiles de equipo, lo que permite a los visitantes comprender tu experiencia de un vistazo.<\/p>\n\n<h3>F\u00e1cil personalizaci\u00f3n con Elementor<\/h3>\n<p>Puedes ajustar cada p\u00e1gina sin esfuerzo a trav\u00e9s del constructor Elementor. Adem\u00e1s, el dise\u00f1o flexible del kit te permite actualizar los colores, la tipograf\u00eda, las im\u00e1genes y los dise\u00f1os sin tocar el c\u00f3digo. Esto hace que sea f\u00e1cil mantener tu identidad de marca y mantener tu sitio web fresco.<\/p>\n\n<h3>Enlaces internos a plantillas similares<\/h3>\n<p>Si est\u00e1 explorando m\u00e1s kits de plantillas centrados en el dise\u00f1o, considere la posibilidad de consultar estos productos relacionados en nuestro sitio web:<\/p>\n<ul>\n  <li><a href=\"https:\/\/allwintheme.com\/es\/producto\/risebot-metaverse-igo-launchpad-elementor-template-kit\/\">Risebot - Kit de plantillas para el Metaverso IGO Launchpad<\/a><\/li>\n  <li><a href=\"https:\/\/allwintheme.com\/es\/producto\/gamic-metaverse-game-crypto-gaming-wordpress-theme\/\">Gamic - Metaverso Juego y Crypto Gaming Tema<\/a><\/li>\n  <li><a href=\"https:\/\/allwintheme.com\/es\/producto\/maser-agencia-de-diseno-web-plantilla-elementor\/\">Maser - Plantilla Elementor para Agencia de Dise\u00f1o Web<\/a><\/li>\n  <li><a href=\"https:\/\/allwintheme.com\/es\/producto\/sandy-diseno-web-plantilla-de-sitio-web-con-elementor-constructor-tema-de-wordpress\/\">Sandy - Dise\u00f1o Web Sitio Web Elementor Tema<\/a><\/li>\n<\/ul>\n\n<h3>Mant\u00e9ngase al d\u00eda sobre el sector<\/h3>\n<p>Para m\u00e1s tutoriales de dise\u00f1o, consejos sobre WordPress y actualizaciones de Elementor, visita nuestro blog asociado <a href=\"https:\/\/www.wpkvip.com\" target=\"_blank\">WPKVIP<\/a>. Publican gu\u00edas pr\u00e1cticas que ayudan a los dise\u00f1adores a mejorar su flujo de trabajo y el rendimiento de sus sitios web.<\/p>\n\n<h3>Caracter\u00edsticas principales<\/h3>\n<ul>\n  <li>Dise\u00f1o limpio y moderno orientado a las agencias<\/li>\n  <li>Dise\u00f1o totalmente adaptable a todos los dispositivos<\/li>\n  <li>Edici\u00f3n sencilla mediante arrastrar y soltar con Elementor<\/li>\n  <li>Estructura de p\u00e1gina optimizada para SEO<\/li>\n  <li>Incluye portafolio, servicios, precios, equipo y p\u00e1ginas de contacto<\/li>\n<\/ul>\n\n<p>BBW ayuda a las agencias creativas a construir una presencia digital pulida que refleje su profesionalidad y capacidad de dise\u00f1o. Con su dise\u00f1o flexible y una experiencia de usuario fluida, se convierte en una base s\u00f3lida para cualquier negocio de dise\u00f1o web moderno.<\/p>\n\t\t\t\t\t<\/div>\n\t\t\t\t\t\t<\/div>\n\t\t\t\t<\/div>\n\t\t\t\t\t<\/div>\n\t\t\t\t<\/div>\n\t\t\t\t<\/div>","protected":false},"excerpt":{"rendered":"<p>BBW - Web Design Agency Elementor Template Kit BBW es un moderno kit de plantillas Elementor creado para agencias de dise\u00f1o web,<\/p>","protected":false},"featured_media":12916,"comment_status":"open","ping_status":"closed","template":"","meta":{"_acf_changed":false},"product_brand":[],"product_cat":[50],"product_tag":[],"class_list":{"0":"post-13048","1":"product","2":"type-product","3":"status-publish","4":"has-post-thumbnail","6":"product_cat-template-kits","8":"first","9":"instock","10":"sale","11":"downloadable","12":"shipping-taxable","13":"purchasable","14":"product-type-simple"},"acf":[],"yoast_head":"<!-- This site is optimized with the Yoast SEO Premium plugin v25.6 (Yoast SEO v27.1.1) - https:\/\/yoast.com\/product\/yoast-seo-premium-wordpress\/ -->\n<title>BBW \u2013 Web Design Agency Elementor Template Kit - AllWin Theme \u2013 Free WordPress Themes Download<\/title>\n<meta name=\"description\" content=\"Build a modern web design agency website with BBW, a clean Elementor Template Kit designed for creative studios, freelancers, and digital agencies.\" \/>\n<meta name=\"robots\" content=\"index, follow, max-snippet:-1, max-image-preview:large, max-video-preview:-1\" \/>\n<link rel=\"canonical\" href=\"https:\/\/allwintheme.com\/es\/producto\/bbw-agencia-de-diseno-web-elementor-template-kit\/\" \/>\n<meta property=\"og:locale\" content=\"es_ES\" \/>\n<meta property=\"og:type\" content=\"article\" \/>\n<meta property=\"og:title\" content=\"BBW \u2013 Web Design Agency Elementor Template Kit\" \/>\n<meta property=\"og:description\" content=\"Build a modern web design agency website with BBW, a clean Elementor Template Kit designed for creative studios, freelancers, and digital agencies.\" \/>\n<meta property=\"og:url\" content=\"https:\/\/allwintheme.com\/es\/producto\/bbw-agencia-de-diseno-web-elementor-template-kit\/\" \/>\n<meta property=\"og:site_name\" content=\"AllWin Theme \u2013 Free WordPress Themes Download\" \/>\n<meta property=\"article:modified_time\" content=\"2025-11-25T12:50:26+00:00\" \/>\n<meta property=\"og:image\" content=\"https:\/\/allwintheme.com\/wp-content\/uploads\/2025\/11\/BBW-\u2013-Web-Design-Agency-Elementor-Template-Kit.png\" \/>\n\t<meta property=\"og:image:width\" content=\"1370\" \/>\n\t<meta property=\"og:image:height\" content=\"913\" \/>\n\t<meta property=\"og:image:type\" content=\"image\/png\" \/>\n<meta name=\"twitter:card\" content=\"summary_large_image\" \/>\n<meta name=\"twitter:label1\" content=\"Tiempo estimado de lectura\" \/>\n\t<meta name=\"twitter:data1\" content=\"2 minutos\" \/>\n<script type=\"application\/ld+json\" class=\"yoast-schema-graph\">{\"@context\":\"https:\/\/schema.org\",\"@graph\":[{\"@type\":\"WebPage\",\"@id\":\"https:\/\/allwintheme.com\/product\/bbw-web-design-agency-elementor-template-kit\/\",\"url\":\"https:\/\/allwintheme.com\/product\/bbw-web-design-agency-elementor-template-kit\/\",\"name\":\"BBW \u2013 Web Design Agency Elementor Template Kit - AllWin Theme \u2013 Free WordPress Themes Download\",\"isPartOf\":{\"@id\":\"https:\/\/allwintheme.com\/#website\"},\"primaryImageOfPage\":{\"@id\":\"https:\/\/allwintheme.com\/product\/bbw-web-design-agency-elementor-template-kit\/#primaryimage\"},\"image\":{\"@id\":\"https:\/\/allwintheme.com\/product\/bbw-web-design-agency-elementor-template-kit\/#primaryimage\"},\"thumbnailUrl\":\"https:\/\/allwintheme.com\/wp-content\/uploads\/2025\/11\/BBW-\u2013-Web-Design-Agency-Elementor-Template-Kit.png\",\"datePublished\":\"2025-11-25T12:46:14+00:00\",\"dateModified\":\"2025-11-25T12:50:26+00:00\",\"description\":\"Build a modern web design agency website with BBW, a clean Elementor Template Kit designed for creative studios, freelancers, and digital agencies.\",\"breadcrumb\":{\"@id\":\"https:\/\/allwintheme.com\/product\/bbw-web-design-agency-elementor-template-kit\/#breadcrumb\"},\"inLanguage\":\"es-CL\",\"potentialAction\":[{\"@type\":\"ReadAction\",\"target\":[\"https:\/\/allwintheme.com\/product\/bbw-web-design-agency-elementor-template-kit\/\"]}]},{\"@type\":\"ImageObject\",\"inLanguage\":\"es-CL\",\"@id\":\"https:\/\/allwintheme.com\/product\/bbw-web-design-agency-elementor-template-kit\/#primaryimage\",\"url\":\"https:\/\/allwintheme.com\/wp-content\/uploads\/2025\/11\/BBW-\u2013-Web-Design-Agency-Elementor-Template-Kit.png\",\"contentUrl\":\"https:\/\/allwintheme.com\/wp-content\/uploads\/2025\/11\/BBW-\u2013-Web-Design-Agency-Elementor-Template-Kit.png\",\"width\":1370,\"height\":913,\"caption\":\"BBW \u2013 Web Design Agency Elementor Template Kit\"},{\"@type\":\"BreadcrumbList\",\"@id\":\"https:\/\/allwintheme.com\/product\/bbw-web-design-agency-elementor-template-kit\/#breadcrumb\",\"itemListElement\":[{\"@type\":\"ListItem\",\"position\":1,\"name\":\"Home\",\"item\":\"https:\/\/allwintheme.com\/\"},{\"@type\":\"ListItem\",\"position\":2,\"name\":\"Shop\",\"item\":\"https:\/\/allwintheme.com\/shop\/\"},{\"@type\":\"ListItem\",\"position\":3,\"name\":\"BBW \u2013 Web Design Agency Elementor Template Kit\"}]},{\"@type\":\"WebSite\",\"@id\":\"https:\/\/allwintheme.com\/#website\",\"url\":\"https:\/\/allwintheme.com\/\",\"name\":\"Allwintheme\",\"description\":\"Download free WordPress themes for every niche. Blogs, business, eCommerce, portfolio, restaurant and more. All themes are GPL licensed and mobile-ready.\",\"potentialAction\":[{\"@type\":\"SearchAction\",\"target\":{\"@type\":\"EntryPoint\",\"urlTemplate\":\"https:\/\/allwintheme.com\/?s={search_term_string}\"},\"query-input\":{\"@type\":\"PropertyValueSpecification\",\"valueRequired\":true,\"valueName\":\"search_term_string\"}}],\"inLanguage\":\"es-CL\"}]}<\/script>\n<!-- \/ Yoast SEO Premium plugin. -->","yoast_head_json":{"title":"BBW \u2013 Web Design Agency Elementor Template Kit - AllWin Theme \u2013 Free WordPress Themes Download","description":"Construye un moderno sitio web de agencia de dise\u00f1o web con BBW, un limpio kit de plantillas Elementor dise\u00f1ado para estudios creativos, aut\u00f3nomos y agencias digitales.","robots":{"index":"index","follow":"follow","max-snippet":"max-snippet:-1","max-image-preview":"max-image-preview:large","max-video-preview":"max-video-preview:-1"},"canonical":"https:\/\/allwintheme.com\/es\/producto\/bbw-agencia-de-diseno-web-elementor-template-kit\/","og_locale":"es_ES","og_type":"article","og_title":"BBW \u2013 Web Design Agency Elementor Template Kit","og_description":"Build a modern web design agency website with BBW, a clean Elementor Template Kit designed for creative studios, freelancers, and digital agencies.","og_url":"https:\/\/allwintheme.com\/es\/producto\/bbw-agencia-de-diseno-web-elementor-template-kit\/","og_site_name":"AllWin Theme \u2013 Free WordPress Themes Download","article_modified_time":"2025-11-25T12:50:26+00:00","og_image":[{"width":1370,"height":913,"url":"https:\/\/allwintheme.com\/wp-content\/uploads\/2025\/11\/BBW-\u2013-Web-Design-Agency-Elementor-Template-Kit.png","type":"image\/png"}],"twitter_card":"summary_large_image","twitter_misc":{"Tiempo estimado de lectura":"2 minutos"},"schema":{"@context":"https:\/\/schema.org","@graph":[{"@type":"WebPage","@id":"https:\/\/allwintheme.com\/product\/bbw-web-design-agency-elementor-template-kit\/","url":"https:\/\/allwintheme.com\/product\/bbw-web-design-agency-elementor-template-kit\/","name":"BBW \u2013 Web Design Agency Elementor Template Kit - AllWin Theme \u2013 Free WordPress Themes Download","isPartOf":{"@id":"https:\/\/allwintheme.com\/#website"},"primaryImageOfPage":{"@id":"https:\/\/allwintheme.com\/product\/bbw-web-design-agency-elementor-template-kit\/#primaryimage"},"image":{"@id":"https:\/\/allwintheme.com\/product\/bbw-web-design-agency-elementor-template-kit\/#primaryimage"},"thumbnailUrl":"https:\/\/allwintheme.com\/wp-content\/uploads\/2025\/11\/BBW-\u2013-Web-Design-Agency-Elementor-Template-Kit.png","datePublished":"2025-11-25T12:46:14+00:00","dateModified":"2025-11-25T12:50:26+00:00","description":"Construye un moderno sitio web de agencia de dise\u00f1o web con BBW, un limpio kit de plantillas Elementor dise\u00f1ado para estudios creativos, aut\u00f3nomos y agencias digitales.","breadcrumb":{"@id":"https:\/\/allwintheme.com\/product\/bbw-web-design-agency-elementor-template-kit\/#breadcrumb"},"inLanguage":"es-CL","potentialAction":[{"@type":"ReadAction","target":["https:\/\/allwintheme.com\/product\/bbw-web-design-agency-elementor-template-kit\/"]}]},{"@type":"ImageObject","inLanguage":"es-CL","@id":"https:\/\/allwintheme.com\/product\/bbw-web-design-agency-elementor-template-kit\/#primaryimage","url":"https:\/\/allwintheme.com\/wp-content\/uploads\/2025\/11\/BBW-\u2013-Web-Design-Agency-Elementor-Template-Kit.png","contentUrl":"https:\/\/allwintheme.com\/wp-content\/uploads\/2025\/11\/BBW-\u2013-Web-Design-Agency-Elementor-Template-Kit.png","width":1370,"height":913,"caption":"BBW \u2013 Web Design Agency Elementor Template Kit"},{"@type":"BreadcrumbList","@id":"https:\/\/allwintheme.com\/product\/bbw-web-design-agency-elementor-template-kit\/#breadcrumb","itemListElement":[{"@type":"ListItem","position":1,"name":"Home","item":"https:\/\/allwintheme.com\/"},{"@type":"ListItem","position":2,"name":"Shop","item":"https:\/\/allwintheme.com\/shop\/"},{"@type":"ListItem","position":3,"name":"BBW \u2013 Web Design Agency Elementor Template Kit"}]},{"@type":"WebSite","@id":"https:\/\/allwintheme.com\/#website","url":"https:\/\/allwintheme.com\/","name":"Allwintheme","description":"Descarga gratis temas de WordPress para todos los nichos. Blogs, negocios, comercio electr\u00f3nico, portafolio, restaurante y m\u00e1s. Todos los temas tienen licencia GPL y est\u00e1n preparados para dispositivos m\u00f3viles.","potentialAction":[{"@type":"SearchAction","target":{"@type":"EntryPoint","urlTemplate":"https:\/\/allwintheme.com\/?s={search_term_string}"},"query-input":{"@type":"PropertyValueSpecification","valueRequired":true,"valueName":"search_term_string"}}],"inLanguage":"es-CL"}]}},"_links":{"self":[{"href":"https:\/\/allwintheme.com\/es\/wp-json\/wp\/v2\/product\/13048","targetHints":{"allow":["GET"]}}],"collection":[{"href":"https:\/\/allwintheme.com\/es\/wp-json\/wp\/v2\/product"}],"about":[{"href":"https:\/\/allwintheme.com\/es\/wp-json\/wp\/v2\/types\/product"}],"replies":[{"embeddable":true,"href":"https:\/\/allwintheme.com\/es\/wp-json\/wp\/v2\/comments?post=13048"}],"version-history":[{"count":5,"href":"https:\/\/allwintheme.com\/es\/wp-json\/wp\/v2\/product\/13048\/revisions"}],"predecessor-version":[{"id":13053,"href":"https:\/\/allwintheme.com\/es\/wp-json\/wp\/v2\/product\/13048\/revisions\/13053"}],"wp:featuredmedia":[{"embeddable":true,"href":"https:\/\/allwintheme.com\/es\/wp-json\/wp\/v2\/media\/12916"}],"wp:attachment":[{"href":"https:\/\/allwintheme.com\/es\/wp-json\/wp\/v2\/media?parent=13048"}],"wp:term":[{"taxonomy":"product_brand","embeddable":true,"href":"https:\/\/allwintheme.com\/es\/wp-json\/wp\/v2\/product_brand?post=13048"},{"taxonomy":"product_cat","embeddable":true,"href":"https:\/\/allwintheme.com\/es\/wp-json\/wp\/v2\/product_cat?post=13048"},{"taxonomy":"product_tag","embeddable":true,"href":"https:\/\/allwintheme.com\/es\/wp-json\/wp\/v2\/product_tag?post=13048"}],"curies":[{"name":"wp","href":"https:\/\/api.w.org\/{rel}","templated":true}]}}