{"id":13076,"date":"2025-11-25T13:08:36","date_gmt":"2025-11-25T13:08:36","guid":{"rendered":"https:\/\/allwintheme.com\/?post_type=product&#038;p=13076"},"modified":"2025-11-25T13:13:07","modified_gmt":"2025-11-25T13:13:07","slug":"loomora-muebles-oscuros-hechos-a-mano-diseno-de-interiores-sitio-web-elementor-plantilla-kit","status":"publish","type":"product","link":"https:\/\/allwintheme.com\/es\/producto\/loomora-muebles-oscuros-hechos-a-mano-diseno-de-interiores-sitio-web-elementor-plantilla-kit\/","title":{"rendered":"Loomora - Kit de plantillas de muebles oscuros hechos a mano"},"content":{"rendered":"<div data-elementor-type=\"wp-post\" data-elementor-id=\"13076\" class=\"elementor elementor-13076\" data-elementor-settings=\"{&quot;element_pack_global_tooltip_width&quot;:{&quot;unit&quot;:&quot;px&quot;,&quot;size&quot;:&quot;&quot;,&quot;sizes&quot;:[]},&quot;element_pack_global_tooltip_width_tablet&quot;:{&quot;unit&quot;:&quot;px&quot;,&quot;size&quot;:&quot;&quot;,&quot;sizes&quot;:[]},&quot;element_pack_global_tooltip_width_mobile&quot;:{&quot;unit&quot;:&quot;px&quot;,&quot;size&quot;:&quot;&quot;,&quot;sizes&quot;:[]},&quot;element_pack_global_tooltip_padding&quot;:{&quot;unit&quot;:&quot;px&quot;,&quot;top&quot;:&quot;&quot;,&quot;right&quot;:&quot;&quot;,&quot;bottom&quot;:&quot;&quot;,&quot;left&quot;:&quot;&quot;,&quot;isLinked&quot;:true},&quot;element_pack_global_tooltip_padding_tablet&quot;:{&quot;unit&quot;:&quot;px&quot;,&quot;top&quot;:&quot;&quot;,&quot;right&quot;:&quot;&quot;,&quot;bottom&quot;:&quot;&quot;,&quot;left&quot;:&quot;&quot;,&quot;isLinked&quot;:true},&quot;element_pack_global_tooltip_padding_mobile&quot;:{&quot;unit&quot;:&quot;px&quot;,&quot;top&quot;:&quot;&quot;,&quot;right&quot;:&quot;&quot;,&quot;bottom&quot;:&quot;&quot;,&quot;left&quot;:&quot;&quot;,&quot;isLinked&quot;:true},&quot;element_pack_global_tooltip_border_radius&quot;:{&quot;unit&quot;:&quot;px&quot;,&quot;top&quot;:&quot;&quot;,&quot;right&quot;:&quot;&quot;,&quot;bottom&quot;:&quot;&quot;,&quot;left&quot;:&quot;&quot;,&quot;isLinked&quot;:true},&quot;element_pack_global_tooltip_border_radius_tablet&quot;:{&quot;unit&quot;:&quot;px&quot;,&quot;top&quot;:&quot;&quot;,&quot;right&quot;:&quot;&quot;,&quot;bottom&quot;:&quot;&quot;,&quot;left&quot;:&quot;&quot;,&quot;isLinked&quot;:true},&quot;element_pack_global_tooltip_border_radius_mobile&quot;:{&quot;unit&quot;:&quot;px&quot;,&quot;top&quot;:&quot;&quot;,&quot;right&quot;:&quot;&quot;,&quot;bottom&quot;:&quot;&quot;,&quot;left&quot;:&quot;&quot;,&quot;isLinked&quot;:true}}\" data-elementor-post-type=\"product\">\n\t\t\t\t<div class=\"wd-negative-gap elementor-element elementor-element-116794f e-flex e-con-boxed e-con e-parent\" data-id=\"116794f\" data-element_type=\"container\" data-e-type=\"container\">\n\t\t\t\t\t<div class=\"e-con-inner\">\n\t\t\t\t<div class=\"elementor-element elementor-element-03d2133 elementor-widget elementor-widget-wd_text_block\" data-id=\"03d2133\" data-element_type=\"widget\" data-e-type=\"widget\" data-widget_type=\"wd_text_block.default\">\n\t\t\t\t<div class=\"elementor-widget-container\">\n\t\t\t\t\t\t\t<div class=\"wd-text-block reset-last-child text-left\">\n\t\t\t\n\t\t\t<h2>Loomora - Kit de plantillas de dise\u00f1o de interiores y muebles oscuros hechos a mano<\/h2>\n<p>Loomora es un elegante kit de plantillas Elementor dise\u00f1ado para estudios de muebles hechos a mano, dise\u00f1adores de interiores y artesanos creativos que desean una presencia en l\u00ednea audaz y elegante. Su est\u00e9tica oscura resalta la artesan\u00eda, los materiales naturales y los conceptos de interior de primera calidad, lo que permite que tu trabajo destaque con confianza.<\/p>\n\n<p>Este kit incluye dise\u00f1os listos para usar para vitrinas de productos, carteras de proyectos, historias de estudios y p\u00e1ginas de contacto. Adem\u00e1s, cada p\u00e1gina est\u00e1 dise\u00f1ada para guiar a los visitantes de la inspiraci\u00f3n a la consulta, ayud\u00e1ndole a convertir el inter\u00e9s en oportunidades de negocio reales.<\/p>\n\n<h3>Dise\u00f1ado para marcas modernas de artesan\u00eda e interiorismo<\/h3>\n<p>Tanto si construyes muebles de madera a medida como si creas decoraci\u00f3n artesanal para el hogar u ofreces servicios completos de interiorismo, Loomora te ofrece la estructura necesaria para presentar tu experiencia con claridad. Adem\u00e1s, el dise\u00f1o es compatible con im\u00e1genes de alta calidad, lo que facilita destacar texturas, acabados y conceptos de dise\u00f1o.<\/p>\n\n<h3>Edici\u00f3n sencilla con Elementor<\/h3>\n<p>Puedes editar cada parte del kit mediante el constructor de arrastrar y soltar de Elementor. Como resultado, puedes actualizar galer\u00edas, cambiar colores, a\u00f1adir descripciones de proyectos y refinar el dise\u00f1o sin tocar ning\u00fan c\u00f3digo. Esta flexibilidad garantiza que tu sitio web crezca con tu marca a lo largo del tiempo.<\/p>\n\n<h3>\u00bfBusca m\u00e1s kits de plantillas creativas?<\/h3>\n<p>Si quieres m\u00e1s kits de Elementor centrados en el dise\u00f1o, puedes explorar nuestras colecciones relacionadas:<\/p>\n\n<ul>\n  <li><a href=\"https:\/\/allwintheme.com\/es\/producto\/plantilla-de-estudio-de-diseno-web-okweb-elementor-kit\/\">Kit de plantillas OKWeb Web Design Studio<\/a> - dise\u00f1os limpios y modernos para agencias creativas<\/li>\n  <li><a href=\"https:\/\/allwintheme.com\/es\/producto\/uidevelop-agencia-de-diseno-web-elementor-template-kit\/\">Kit de agencia de dise\u00f1o web UIDevelop<\/a> - ideal para estudios digitales y equipos de desarrollo<\/li>\n  <li><a href=\"https:\/\/allwintheme.com\/es\/producto\/bbw-agencia-de-diseno-web-plantilla-elementor\/\">BBW Plantilla de Agencia de Dise\u00f1o Web<\/a> - p\u00e1ginas optimizadas para empresas centradas en el dise\u00f1o<\/li>\n  <li><a href=\"https:\/\/allwintheme.com\/es\/producto\/risebot-metaverse-igo-launchpad-elementor-template-kit\/\">Risebot Metaverse &amp; IGO Launchpad Kit<\/a> - un kit futurista para startups tecnol\u00f3gicas y de blockchain<\/li>\n<\/ul>\n\n<h3>Recursos adicionales<\/h3>\n<p>Si desea consultar tutoriales, revisiones de temas e informaci\u00f3n sobre WordPress, visite nuestro blog asociado en <a href=\"https:\/\/wpkvip.com\" target=\"_blank\">wpkvip<\/a>, donde encontrar\u00e1 gu\u00edas que le ayudar\u00e1n a mejorar el dise\u00f1o y el rendimiento de su sitio web.<\/p>\n\n<p>Loomora ofrece una potente combinaci\u00f3n de est\u00e9tica oscura, estructura limpia y personalizaci\u00f3n flexible. Con ella, su empresa de muebles o dise\u00f1o de interiores puede crear una experiencia digital memorable que refleje la calidad de su trabajo.<\/p>\n\t\t\t\t\t<\/div>\n\t\t\t\t\t\t<\/div>\n\t\t\t\t<\/div>\n\t\t\t\t\t<\/div>\n\t\t\t\t<\/div>\n\t\t\t\t<\/div>","protected":false},"excerpt":{"rendered":"<p>Loomora \u2013 Dark Handmade Furniture &amp; Interior Design Template Kit Loomora is a stylish Elementor template kit designed for handmade<\/p>","protected":false},"featured_media":12913,"comment_status":"open","ping_status":"closed","template":"","meta":{"_acf_changed":false},"product_brand":[],"product_cat":[50],"product_tag":[],"class_list":{"0":"post-13076","1":"product","2":"type-product","3":"status-publish","4":"has-post-thumbnail","6":"product_cat-template-kits","8":"first","9":"instock","10":"sale","11":"downloadable","12":"shipping-taxable","13":"purchasable","14":"product-type-simple"},"acf":[],"yoast_head":"<!-- This site is optimized with the Yoast SEO Premium plugin v25.6 (Yoast SEO v27.1.1) - https:\/\/yoast.com\/product\/yoast-seo-premium-wordpress\/ -->\n<title>Loomora \u2013 Dark Handmade Furniture Template Kit - AllWin Theme \u2013 Free WordPress Themes Download<\/title>\n<meta name=\"description\" content=\"Loomora offers a modern dark-style Elementor kit for handmade furniture, interior design, and creative studios seeking a bold, elegant web presence.\" \/>\n<meta name=\"robots\" content=\"index, follow, max-snippet:-1, max-image-preview:large, max-video-preview:-1\" \/>\n<link rel=\"canonical\" href=\"https:\/\/allwintheme.com\/es\/producto\/loomora-muebles-oscuros-hechos-a-mano-diseno-de-interiores-sitio-web-elementor-plantilla-kit\/\" \/>\n<meta property=\"og:locale\" content=\"es_ES\" \/>\n<meta property=\"og:type\" content=\"article\" \/>\n<meta property=\"og:title\" content=\"Loomora \u2013 Dark Handmade Furniture Template Kit\" \/>\n<meta property=\"og:description\" content=\"Loomora offers a modern dark-style Elementor kit for handmade furniture, interior design, and creative studios seeking a bold, elegant web presence.\" \/>\n<meta property=\"og:url\" content=\"https:\/\/allwintheme.com\/es\/producto\/loomora-muebles-oscuros-hechos-a-mano-diseno-de-interiores-sitio-web-elementor-plantilla-kit\/\" \/>\n<meta property=\"og:site_name\" content=\"AllWin Theme \u2013 Free WordPress Themes Download\" \/>\n<meta property=\"article:modified_time\" content=\"2025-11-25T13:13:07+00:00\" \/>\n<meta property=\"og:image\" content=\"https:\/\/allwintheme.com\/wp-content\/uploads\/2025\/11\/Loomora-\u2013-Dark-Handmade-Furniture-Interior-Design-Website-Elementor-Template-Kit.png\" \/>\n\t<meta property=\"og:image:width\" content=\"1370\" \/>\n\t<meta property=\"og:image:height\" content=\"913\" \/>\n\t<meta property=\"og:image:type\" content=\"image\/png\" \/>\n<meta name=\"twitter:card\" content=\"summary_large_image\" \/>\n<meta name=\"twitter:label1\" content=\"Tiempo estimado de lectura\" \/>\n\t<meta name=\"twitter:data1\" content=\"2 minutos\" \/>\n<script type=\"application\/ld+json\" class=\"yoast-schema-graph\">{\"@context\":\"https:\/\/schema.org\",\"@graph\":[{\"@type\":\"WebPage\",\"@id\":\"https:\/\/allwintheme.com\/product\/loomora-dark-handmade-furniture-interior-design-website-elementor-template-kit\/\",\"url\":\"https:\/\/allwintheme.com\/product\/loomora-dark-handmade-furniture-interior-design-website-elementor-template-kit\/\",\"name\":\"Loomora \u2013 Dark Handmade Furniture Template Kit - AllWin Theme \u2013 Free WordPress Themes Download\",\"isPartOf\":{\"@id\":\"https:\/\/allwintheme.com\/#website\"},\"primaryImageOfPage\":{\"@id\":\"https:\/\/allwintheme.com\/product\/loomora-dark-handmade-furniture-interior-design-website-elementor-template-kit\/#primaryimage\"},\"image\":{\"@id\":\"https:\/\/allwintheme.com\/product\/loomora-dark-handmade-furniture-interior-design-website-elementor-template-kit\/#primaryimage\"},\"thumbnailUrl\":\"https:\/\/allwintheme.com\/wp-content\/uploads\/2025\/11\/Loomora-\u2013-Dark-Handmade-Furniture-Interior-Design-Website-Elementor-Template-Kit.png\",\"datePublished\":\"2025-11-25T13:08:36+00:00\",\"dateModified\":\"2025-11-25T13:13:07+00:00\",\"description\":\"Loomora offers a modern dark-style Elementor kit for handmade furniture, interior design, and creative studios seeking a bold, elegant web presence.\",\"breadcrumb\":{\"@id\":\"https:\/\/allwintheme.com\/product\/loomora-dark-handmade-furniture-interior-design-website-elementor-template-kit\/#breadcrumb\"},\"inLanguage\":\"es-CL\",\"potentialAction\":[{\"@type\":\"ReadAction\",\"target\":[\"https:\/\/allwintheme.com\/product\/loomora-dark-handmade-furniture-interior-design-website-elementor-template-kit\/\"]}]},{\"@type\":\"ImageObject\",\"inLanguage\":\"es-CL\",\"@id\":\"https:\/\/allwintheme.com\/product\/loomora-dark-handmade-furniture-interior-design-website-elementor-template-kit\/#primaryimage\",\"url\":\"https:\/\/allwintheme.com\/wp-content\/uploads\/2025\/11\/Loomora-\u2013-Dark-Handmade-Furniture-Interior-Design-Website-Elementor-Template-Kit.png\",\"contentUrl\":\"https:\/\/allwintheme.com\/wp-content\/uploads\/2025\/11\/Loomora-\u2013-Dark-Handmade-Furniture-Interior-Design-Website-Elementor-Template-Kit.png\",\"width\":1370,\"height\":913,\"caption\":\"Loomora \u2013 Dark Handmade Furniture & Interior Design Website Elementor Template Kit\"},{\"@type\":\"BreadcrumbList\",\"@id\":\"https:\/\/allwintheme.com\/product\/loomora-dark-handmade-furniture-interior-design-website-elementor-template-kit\/#breadcrumb\",\"itemListElement\":[{\"@type\":\"ListItem\",\"position\":1,\"name\":\"Home\",\"item\":\"https:\/\/allwintheme.com\/\"},{\"@type\":\"ListItem\",\"position\":2,\"name\":\"Shop\",\"item\":\"https:\/\/allwintheme.com\/shop\/\"},{\"@type\":\"ListItem\",\"position\":3,\"name\":\"Loomora \u2013 Dark Handmade Furniture Template Kit\"}]},{\"@type\":\"WebSite\",\"@id\":\"https:\/\/allwintheme.com\/#website\",\"url\":\"https:\/\/allwintheme.com\/\",\"name\":\"Allwintheme\",\"description\":\"Download free WordPress themes for every niche. Blogs, business, eCommerce, portfolio, restaurant and more. All themes are GPL licensed and mobile-ready.\",\"potentialAction\":[{\"@type\":\"SearchAction\",\"target\":{\"@type\":\"EntryPoint\",\"urlTemplate\":\"https:\/\/allwintheme.com\/?s={search_term_string}\"},\"query-input\":{\"@type\":\"PropertyValueSpecification\",\"valueRequired\":true,\"valueName\":\"search_term_string\"}}],\"inLanguage\":\"es-CL\"}]}<\/script>\n<!-- \/ Yoast SEO Premium plugin. -->","yoast_head_json":{"title":"Loomora - Kit de plantillas oscuras para muebles hechos a mano - AllWin Theme - Free WordPress Themes Download","description":"Loomora ofrece un moderno kit Elementor de estilo oscuro para muebles hechos a mano, dise\u00f1o de interiores y estudios creativos que buscan una presencia web atrevida y elegante.","robots":{"index":"index","follow":"follow","max-snippet":"max-snippet:-1","max-image-preview":"max-image-preview:large","max-video-preview":"max-video-preview:-1"},"canonical":"https:\/\/allwintheme.com\/es\/producto\/loomora-muebles-oscuros-hechos-a-mano-diseno-de-interiores-sitio-web-elementor-plantilla-kit\/","og_locale":"es_ES","og_type":"article","og_title":"Loomora \u2013 Dark Handmade Furniture Template Kit","og_description":"Loomora offers a modern dark-style Elementor kit for handmade furniture, interior design, and creative studios seeking a bold, elegant web presence.","og_url":"https:\/\/allwintheme.com\/es\/producto\/loomora-muebles-oscuros-hechos-a-mano-diseno-de-interiores-sitio-web-elementor-plantilla-kit\/","og_site_name":"AllWin Theme \u2013 Free WordPress Themes Download","article_modified_time":"2025-11-25T13:13:07+00:00","og_image":[{"width":1370,"height":913,"url":"https:\/\/allwintheme.com\/wp-content\/uploads\/2025\/11\/Loomora-\u2013-Dark-Handmade-Furniture-Interior-Design-Website-Elementor-Template-Kit.png","type":"image\/png"}],"twitter_card":"summary_large_image","twitter_misc":{"Tiempo estimado de lectura":"2 minutos"},"schema":{"@context":"https:\/\/schema.org","@graph":[{"@type":"WebPage","@id":"https:\/\/allwintheme.com\/product\/loomora-dark-handmade-furniture-interior-design-website-elementor-template-kit\/","url":"https:\/\/allwintheme.com\/product\/loomora-dark-handmade-furniture-interior-design-website-elementor-template-kit\/","name":"Loomora - Kit de plantillas oscuras para muebles hechos a mano - AllWin Theme - Free WordPress Themes Download","isPartOf":{"@id":"https:\/\/allwintheme.com\/#website"},"primaryImageOfPage":{"@id":"https:\/\/allwintheme.com\/product\/loomora-dark-handmade-furniture-interior-design-website-elementor-template-kit\/#primaryimage"},"image":{"@id":"https:\/\/allwintheme.com\/product\/loomora-dark-handmade-furniture-interior-design-website-elementor-template-kit\/#primaryimage"},"thumbnailUrl":"https:\/\/allwintheme.com\/wp-content\/uploads\/2025\/11\/Loomora-\u2013-Dark-Handmade-Furniture-Interior-Design-Website-Elementor-Template-Kit.png","datePublished":"2025-11-25T13:08:36+00:00","dateModified":"2025-11-25T13:13:07+00:00","description":"Loomora ofrece un moderno kit Elementor de estilo oscuro para muebles hechos a mano, dise\u00f1o de interiores y estudios creativos que buscan una presencia web atrevida y elegante.","breadcrumb":{"@id":"https:\/\/allwintheme.com\/product\/loomora-dark-handmade-furniture-interior-design-website-elementor-template-kit\/#breadcrumb"},"inLanguage":"es-CL","potentialAction":[{"@type":"ReadAction","target":["https:\/\/allwintheme.com\/product\/loomora-dark-handmade-furniture-interior-design-website-elementor-template-kit\/"]}]},{"@type":"ImageObject","inLanguage":"es-CL","@id":"https:\/\/allwintheme.com\/product\/loomora-dark-handmade-furniture-interior-design-website-elementor-template-kit\/#primaryimage","url":"https:\/\/allwintheme.com\/wp-content\/uploads\/2025\/11\/Loomora-\u2013-Dark-Handmade-Furniture-Interior-Design-Website-Elementor-Template-Kit.png","contentUrl":"https:\/\/allwintheme.com\/wp-content\/uploads\/2025\/11\/Loomora-\u2013-Dark-Handmade-Furniture-Interior-Design-Website-Elementor-Template-Kit.png","width":1370,"height":913,"caption":"Loomora \u2013 Dark Handmade Furniture & Interior Design Website Elementor Template Kit"},{"@type":"BreadcrumbList","@id":"https:\/\/allwintheme.com\/product\/loomora-dark-handmade-furniture-interior-design-website-elementor-template-kit\/#breadcrumb","itemListElement":[{"@type":"ListItem","position":1,"name":"Home","item":"https:\/\/allwintheme.com\/"},{"@type":"ListItem","position":2,"name":"Shop","item":"https:\/\/allwintheme.com\/shop\/"},{"@type":"ListItem","position":3,"name":"Loomora \u2013 Dark Handmade Furniture Template Kit"}]},{"@type":"WebSite","@id":"https:\/\/allwintheme.com\/#website","url":"https:\/\/allwintheme.com\/","name":"Allwintheme","description":"Descarga gratis temas de WordPress para todos los nichos. Blogs, negocios, comercio electr\u00f3nico, portafolio, restaurante y m\u00e1s. Todos los temas tienen licencia GPL y est\u00e1n preparados para dispositivos m\u00f3viles.","potentialAction":[{"@type":"SearchAction","target":{"@type":"EntryPoint","urlTemplate":"https:\/\/allwintheme.com\/?s={search_term_string}"},"query-input":{"@type":"PropertyValueSpecification","valueRequired":true,"valueName":"search_term_string"}}],"inLanguage":"es-CL"}]}},"_links":{"self":[{"href":"https:\/\/allwintheme.com\/es\/wp-json\/wp\/v2\/product\/13076","targetHints":{"allow":["GET"]}}],"collection":[{"href":"https:\/\/allwintheme.com\/es\/wp-json\/wp\/v2\/product"}],"about":[{"href":"https:\/\/allwintheme.com\/es\/wp-json\/wp\/v2\/types\/product"}],"replies":[{"embeddable":true,"href":"https:\/\/allwintheme.com\/es\/wp-json\/wp\/v2\/comments?post=13076"}],"version-history":[{"count":6,"href":"https:\/\/allwintheme.com\/es\/wp-json\/wp\/v2\/product\/13076\/revisions"}],"predecessor-version":[{"id":13082,"href":"https:\/\/allwintheme.com\/es\/wp-json\/wp\/v2\/product\/13076\/revisions\/13082"}],"wp:featuredmedia":[{"embeddable":true,"href":"https:\/\/allwintheme.com\/es\/wp-json\/wp\/v2\/media\/12913"}],"wp:attachment":[{"href":"https:\/\/allwintheme.com\/es\/wp-json\/wp\/v2\/media?parent=13076"}],"wp:term":[{"taxonomy":"product_brand","embeddable":true,"href":"https:\/\/allwintheme.com\/es\/wp-json\/wp\/v2\/product_brand?post=13076"},{"taxonomy":"product_cat","embeddable":true,"href":"https:\/\/allwintheme.com\/es\/wp-json\/wp\/v2\/product_cat?post=13076"},{"taxonomy":"product_tag","embeddable":true,"href":"https:\/\/allwintheme.com\/es\/wp-json\/wp\/v2\/product_tag?post=13076"}],"curies":[{"name":"wp","href":"https:\/\/api.w.org\/{rel}","templated":true}]}}