{"id":13130,"date":"2025-11-28T07:29:38","date_gmt":"2025-11-28T07:29:38","guid":{"rendered":"https:\/\/allwintheme.com\/?post_type=product&#038;p=13130"},"modified":"2025-11-28T07:39:09","modified_gmt":"2025-11-28T07:39:09","slug":"formas-ninja-raya","status":"publish","type":"product","link":"https:\/\/allwintheme.com\/es\/producto\/formas-ninja-raya\/","title":{"rendered":"Formularios Ninja Stripe"},"content":{"rendered":"<div data-elementor-type=\"wp-post\" data-elementor-id=\"13130\" class=\"elementor elementor-13130\" data-elementor-settings=\"{&quot;element_pack_global_tooltip_width&quot;:{&quot;unit&quot;:&quot;px&quot;,&quot;size&quot;:&quot;&quot;,&quot;sizes&quot;:[]},&quot;element_pack_global_tooltip_width_tablet&quot;:{&quot;unit&quot;:&quot;px&quot;,&quot;size&quot;:&quot;&quot;,&quot;sizes&quot;:[]},&quot;element_pack_global_tooltip_width_mobile&quot;:{&quot;unit&quot;:&quot;px&quot;,&quot;size&quot;:&quot;&quot;,&quot;sizes&quot;:[]},&quot;element_pack_global_tooltip_padding&quot;:{&quot;unit&quot;:&quot;px&quot;,&quot;top&quot;:&quot;&quot;,&quot;right&quot;:&quot;&quot;,&quot;bottom&quot;:&quot;&quot;,&quot;left&quot;:&quot;&quot;,&quot;isLinked&quot;:true},&quot;element_pack_global_tooltip_padding_tablet&quot;:{&quot;unit&quot;:&quot;px&quot;,&quot;top&quot;:&quot;&quot;,&quot;right&quot;:&quot;&quot;,&quot;bottom&quot;:&quot;&quot;,&quot;left&quot;:&quot;&quot;,&quot;isLinked&quot;:true},&quot;element_pack_global_tooltip_padding_mobile&quot;:{&quot;unit&quot;:&quot;px&quot;,&quot;top&quot;:&quot;&quot;,&quot;right&quot;:&quot;&quot;,&quot;bottom&quot;:&quot;&quot;,&quot;left&quot;:&quot;&quot;,&quot;isLinked&quot;:true},&quot;element_pack_global_tooltip_border_radius&quot;:{&quot;unit&quot;:&quot;px&quot;,&quot;top&quot;:&quot;&quot;,&quot;right&quot;:&quot;&quot;,&quot;bottom&quot;:&quot;&quot;,&quot;left&quot;:&quot;&quot;,&quot;isLinked&quot;:true},&quot;element_pack_global_tooltip_border_radius_tablet&quot;:{&quot;unit&quot;:&quot;px&quot;,&quot;top&quot;:&quot;&quot;,&quot;right&quot;:&quot;&quot;,&quot;bottom&quot;:&quot;&quot;,&quot;left&quot;:&quot;&quot;,&quot;isLinked&quot;:true},&quot;element_pack_global_tooltip_border_radius_mobile&quot;:{&quot;unit&quot;:&quot;px&quot;,&quot;top&quot;:&quot;&quot;,&quot;right&quot;:&quot;&quot;,&quot;bottom&quot;:&quot;&quot;,&quot;left&quot;:&quot;&quot;,&quot;isLinked&quot;:true}}\" data-elementor-post-type=\"product\">\n\t\t\t\t<div class=\"wd-negative-gap elementor-element elementor-element-116794f e-flex e-con-boxed e-con e-parent\" data-id=\"116794f\" data-element_type=\"container\" data-e-type=\"container\">\n\t\t\t\t\t<div class=\"e-con-inner\">\n\t\t\t\t<div class=\"elementor-element elementor-element-03d2133 elementor-widget elementor-widget-wd_text_block\" data-id=\"03d2133\" data-element_type=\"widget\" data-e-type=\"widget\" data-widget_type=\"wd_text_block.default\">\n\t\t\t\t<div class=\"elementor-widget-container\">\n\t\t\t\t\t\t\t<div class=\"wd-text-block reset-last-child text-left\">\n\t\t\t\n\t\t\t<h2>Ninja Forms Stripe: Pagos seguros para sus formularios<\/h2><p>En <strong>Formularios Ninja Stripe<\/strong> transforma tus formularios de contacto en potentes pasarelas de pago. Por ejemplo, los propietarios de empresas lo integran activamente para recaudar donaciones, pedidos o suscripciones directamente a trav\u00e9s de Stripe. De este modo, las transacciones se procesan de forma segura sin redirigir a los usuarios, lo que garantiza una experiencia fluida que aumenta las conversiones.<\/p><h3>Pagos sin esfuerzo<\/h3><p>Con Ninja Forms Stripe, puede conectar su cuenta de Stripe en cuesti\u00f3n de minutos y empezar a a\u00f1adir campos de pago a cualquier formulario. Adem\u00e1s, el addon soporta cargos \u00fanicos, facturaci\u00f3n recurrente y cat\u00e1logos de productos, por lo que puede manejar diversas necesidades de pago sin esfuerzo desde su panel de WordPress.<\/p><h3>\u00bfPor qu\u00e9 elegir Ninja Forms Stripe?<\/h3><ul><li><strong>Transacciones seguras:<\/strong> El cumplimiento de la normativa PCI de Stripe protege los datos confidenciales, proporcion\u00e1ndole tranquilidad.<\/li><li><strong>Opciones de facturaci\u00f3n flexibles:<\/strong> Establezca pagos \u00fanicos, suscripciones o importes variables con facilidad.<\/li><li><strong>Integraci\u00f3n de campos personalizados:<\/strong> A\u00f1ada datos de pago junto a las consultas o inscripciones para obtener formularios completos.<\/li><li><strong>Validaci\u00f3n en tiempo real:<\/strong> Las comprobaciones instant\u00e1neas de errores evitan los env\u00edos fallidos y mejoran la confianza de los usuarios.<\/li><li><strong>Preparado para el an\u00e1lisis:<\/strong> Realice un seguimiento de los pagos y del rendimiento de los formularios directamente en su panel de control de Stripe.<\/li><\/ul><h3>Mejore su estrategia de formularios<\/h3><p>Ninja Forms Stripe encaja perfectamente en sitios de comercio electr\u00f3nico o basados en servicios. Por ejemplo, comb\u00ednelo con herramientas de marketing por correo electr\u00f3nico para automatizar los recibos. Como resultado, se agilizan las operaciones y se centran en el crecimiento en lugar de dolores de cabeza de pago.<\/p><h3>Explorar complementos y recursos relacionados<\/h3><p>Ampl\u00ede sus posibilidades de pago con herramientas complementarias. Descubra <a href=\"https:\/\/allwintheme.com\/es\/producto\/yaymail-pro-stripe-pasarela-de-pago-addon\/\">Complemento YayMail Pro Stripe<\/a> para mejorar las notificaciones por correo electr\u00f3nico, <a href=\"https:\/\/allwintheme.com\/es\/producto\/bookingpress-stripe-pasarela-de-pago-addon\/\">BookingPress Integraci\u00f3n Stripe<\/a> para reservar citas, y <a href=\"https:\/\/allwintheme.com\/es\/producto\/wpforms-stripe-addon\/\">Complemento WPForms Stripe<\/a> para constructores de formularios alternativos. Para dise\u00f1os de productos personalizados, consulte <a href=\"https:\/\/allwintheme.com\/es\/producto\/personalizador-de-productos-web-to-print-nbdesigner\/\">Personalizador Web-to-Print NBDesigner<\/a>. Para m\u00e1s informaci\u00f3n sobre WordPress, visite <a href=\"https:\/\/www.wpkvip.com\/\">WPKVIP<\/a>.<\/p><h3>Integre Stripe hoy mismo<\/h3><p>Actualice sus formularios con <strong>Formularios Ninja Stripe<\/strong> y empiece a aceptar pagos al instante. Por lo tanto, \u00a1desc\u00e1rguelo ahora para crear experiencias de pago seguras y f\u00e1ciles de usar que generen ingresos!<\/p>\n\t\t\t\t\t<\/div>\n\t\t\t\t\t\t<\/div>\n\t\t\t\t<\/div>\n\t\t\t\t\t<\/div>\n\t\t\t\t<\/div>\n\t\t<div class=\"elementor-element elementor-element-133054e e-con-full e-flex e-con e-parent\" data-id=\"133054e\" data-element_type=\"container\" data-e-type=\"container\">\n\t\t\t\t<div class=\"elementor-element elementor-element-7930852 elementor-widget elementor-widget-video\" data-id=\"7930852\" data-element_type=\"widget\" data-e-type=\"widget\" data-settings=\"{&quot;youtube_url&quot;:&quot;https:\\\/\\\/youtu.be\\\/Vl3vMCrzokY&quot;,&quot;video_type&quot;:&quot;youtube&quot;,&quot;controls&quot;:&quot;yes&quot;}\" data-widget_type=\"video.default\">\n\t\t\t\t\t\t\t<div class=\"elementor-wrapper elementor-open-inline\">\n\t\t\t<div class=\"elementor-video\"><\/div>\t\t<\/div>\n\t\t\t\t\t\t<\/div>\n\t\t\t\t<\/div>\n\t\t\t\t<\/div>","protected":false},"excerpt":{"rendered":"<p>Ninja Forms Stripe: Secure Payments for Your Forms The Ninja Forms Stripe addon transforms your contact forms into powerful payment<\/p>","protected":false},"featured_media":12327,"comment_status":"open","ping_status":"closed","template":"","meta":{"_acf_changed":false},"product_brand":[],"product_cat":[49],"product_tag":[],"class_list":{"0":"post-13130","1":"product","2":"type-product","3":"status-publish","4":"has-post-thumbnail","6":"product_cat-plugins","8":"first","9":"instock","10":"sale","11":"downloadable","12":"shipping-taxable","13":"purchasable","14":"product-type-simple"},"acf":[],"yoast_head":"<!-- This site is optimized with the Yoast SEO Premium plugin v25.6 (Yoast SEO v27.1.1) - https:\/\/yoast.com\/product\/yoast-seo-premium-wordpress\/ -->\n<title>Ninja Forms Stripe - AllWin Theme \u2013 Free WordPress Themes Download<\/title>\n<meta name=\"description\" content=\"Seamlessly accept Stripe payments in Ninja Forms. This addon enables secure, customizable payment collection for your WordPress forms.\" \/>\n<meta name=\"robots\" content=\"index, follow, max-snippet:-1, max-image-preview:large, max-video-preview:-1\" \/>\n<link rel=\"canonical\" href=\"https:\/\/allwintheme.com\/es\/producto\/formas-ninja-raya\/\" \/>\n<meta property=\"og:locale\" content=\"es_ES\" \/>\n<meta property=\"og:type\" content=\"article\" \/>\n<meta property=\"og:title\" content=\"Ninja Forms Stripe\" \/>\n<meta property=\"og:description\" content=\"Seamlessly accept Stripe payments in Ninja Forms. This addon enables secure, customizable payment collection for your WordPress forms.\" \/>\n<meta property=\"og:url\" content=\"https:\/\/allwintheme.com\/es\/producto\/formas-ninja-raya\/\" \/>\n<meta property=\"og:site_name\" content=\"AllWin Theme \u2013 Free WordPress Themes Download\" \/>\n<meta property=\"article:modified_time\" content=\"2025-11-28T07:39:09+00:00\" \/>\n<meta property=\"og:image\" content=\"https:\/\/allwintheme.com\/wp-content\/uploads\/2025\/11\/Ninja-Forms-Stripe.png\" \/>\n\t<meta property=\"og:image:width\" content=\"590\" \/>\n\t<meta property=\"og:image:height\" content=\"300\" \/>\n\t<meta property=\"og:image:type\" content=\"image\/png\" \/>\n<meta name=\"twitter:card\" content=\"summary_large_image\" \/>\n<meta name=\"twitter:label1\" content=\"Tiempo estimado de lectura\" \/>\n\t<meta name=\"twitter:data1\" content=\"2 minutos\" \/>\n<script type=\"application\/ld+json\" class=\"yoast-schema-graph\">{\"@context\":\"https:\/\/schema.org\",\"@graph\":[{\"@type\":\"WebPage\",\"@id\":\"https:\/\/allwintheme.com\/product\/ninja-forms-stripe\/\",\"url\":\"https:\/\/allwintheme.com\/product\/ninja-forms-stripe\/\",\"name\":\"Ninja Forms Stripe - AllWin Theme \u2013 Free WordPress Themes Download\",\"isPartOf\":{\"@id\":\"https:\/\/allwintheme.com\/#website\"},\"primaryImageOfPage\":{\"@id\":\"https:\/\/allwintheme.com\/product\/ninja-forms-stripe\/#primaryimage\"},\"image\":{\"@id\":\"https:\/\/allwintheme.com\/product\/ninja-forms-stripe\/#primaryimage\"},\"thumbnailUrl\":\"https:\/\/allwintheme.com\/wp-content\/uploads\/2025\/11\/Ninja-Forms-Stripe.png\",\"datePublished\":\"2025-11-28T07:29:38+00:00\",\"dateModified\":\"2025-11-28T07:39:09+00:00\",\"description\":\"Seamlessly accept Stripe payments in Ninja Forms. This addon enables secure, customizable payment collection for your WordPress forms.\",\"breadcrumb\":{\"@id\":\"https:\/\/allwintheme.com\/product\/ninja-forms-stripe\/#breadcrumb\"},\"inLanguage\":\"es-CL\",\"potentialAction\":[{\"@type\":\"ReadAction\",\"target\":[\"https:\/\/allwintheme.com\/product\/ninja-forms-stripe\/\"]}]},{\"@type\":\"ImageObject\",\"inLanguage\":\"es-CL\",\"@id\":\"https:\/\/allwintheme.com\/product\/ninja-forms-stripe\/#primaryimage\",\"url\":\"https:\/\/allwintheme.com\/wp-content\/uploads\/2025\/11\/Ninja-Forms-Stripe.png\",\"contentUrl\":\"https:\/\/allwintheme.com\/wp-content\/uploads\/2025\/11\/Ninja-Forms-Stripe.png\",\"width\":590,\"height\":300,\"caption\":\"Ninja Forms Stripe\"},{\"@type\":\"BreadcrumbList\",\"@id\":\"https:\/\/allwintheme.com\/product\/ninja-forms-stripe\/#breadcrumb\",\"itemListElement\":[{\"@type\":\"ListItem\",\"position\":1,\"name\":\"Home\",\"item\":\"https:\/\/allwintheme.com\/\"},{\"@type\":\"ListItem\",\"position\":2,\"name\":\"Shop\",\"item\":\"https:\/\/allwintheme.com\/shop\/\"},{\"@type\":\"ListItem\",\"position\":3,\"name\":\"Ninja Forms Stripe\"}]},{\"@type\":\"WebSite\",\"@id\":\"https:\/\/allwintheme.com\/#website\",\"url\":\"https:\/\/allwintheme.com\/\",\"name\":\"Allwintheme\",\"description\":\"Download free WordPress themes for every niche. Blogs, business, eCommerce, portfolio, restaurant and more. All themes are GPL licensed and mobile-ready.\",\"potentialAction\":[{\"@type\":\"SearchAction\",\"target\":{\"@type\":\"EntryPoint\",\"urlTemplate\":\"https:\/\/allwintheme.com\/?s={search_term_string}\"},\"query-input\":{\"@type\":\"PropertyValueSpecification\",\"valueRequired\":true,\"valueName\":\"search_term_string\"}}],\"inLanguage\":\"es-CL\"}]}<\/script>\n<!-- \/ Yoast SEO Premium plugin. -->","yoast_head_json":{"title":"Ninja Forms Stripe - AllWin Theme \u2013 Free WordPress Themes Download","description":"Acepta pagos de Stripe sin problemas en Ninja Forms. Este addon permite la recolecci\u00f3n de pagos segura y personalizable para sus formularios de WordPress.","robots":{"index":"index","follow":"follow","max-snippet":"max-snippet:-1","max-image-preview":"max-image-preview:large","max-video-preview":"max-video-preview:-1"},"canonical":"https:\/\/allwintheme.com\/es\/producto\/formas-ninja-raya\/","og_locale":"es_ES","og_type":"article","og_title":"Ninja Forms Stripe","og_description":"Seamlessly accept Stripe payments in Ninja Forms. This addon enables secure, customizable payment collection for your WordPress forms.","og_url":"https:\/\/allwintheme.com\/es\/producto\/formas-ninja-raya\/","og_site_name":"AllWin Theme \u2013 Free WordPress Themes Download","article_modified_time":"2025-11-28T07:39:09+00:00","og_image":[{"width":590,"height":300,"url":"https:\/\/allwintheme.com\/wp-content\/uploads\/2025\/11\/Ninja-Forms-Stripe.png","type":"image\/png"}],"twitter_card":"summary_large_image","twitter_misc":{"Tiempo estimado de lectura":"2 minutos"},"schema":{"@context":"https:\/\/schema.org","@graph":[{"@type":"WebPage","@id":"https:\/\/allwintheme.com\/product\/ninja-forms-stripe\/","url":"https:\/\/allwintheme.com\/product\/ninja-forms-stripe\/","name":"Ninja Forms Stripe - AllWin Theme \u2013 Free WordPress Themes Download","isPartOf":{"@id":"https:\/\/allwintheme.com\/#website"},"primaryImageOfPage":{"@id":"https:\/\/allwintheme.com\/product\/ninja-forms-stripe\/#primaryimage"},"image":{"@id":"https:\/\/allwintheme.com\/product\/ninja-forms-stripe\/#primaryimage"},"thumbnailUrl":"https:\/\/allwintheme.com\/wp-content\/uploads\/2025\/11\/Ninja-Forms-Stripe.png","datePublished":"2025-11-28T07:29:38+00:00","dateModified":"2025-11-28T07:39:09+00:00","description":"Acepta pagos de Stripe sin problemas en Ninja Forms. Este addon permite la recolecci\u00f3n de pagos segura y personalizable para sus formularios de WordPress.","breadcrumb":{"@id":"https:\/\/allwintheme.com\/product\/ninja-forms-stripe\/#breadcrumb"},"inLanguage":"es-CL","potentialAction":[{"@type":"ReadAction","target":["https:\/\/allwintheme.com\/product\/ninja-forms-stripe\/"]}]},{"@type":"ImageObject","inLanguage":"es-CL","@id":"https:\/\/allwintheme.com\/product\/ninja-forms-stripe\/#primaryimage","url":"https:\/\/allwintheme.com\/wp-content\/uploads\/2025\/11\/Ninja-Forms-Stripe.png","contentUrl":"https:\/\/allwintheme.com\/wp-content\/uploads\/2025\/11\/Ninja-Forms-Stripe.png","width":590,"height":300,"caption":"Ninja Forms Stripe"},{"@type":"BreadcrumbList","@id":"https:\/\/allwintheme.com\/product\/ninja-forms-stripe\/#breadcrumb","itemListElement":[{"@type":"ListItem","position":1,"name":"Home","item":"https:\/\/allwintheme.com\/"},{"@type":"ListItem","position":2,"name":"Shop","item":"https:\/\/allwintheme.com\/shop\/"},{"@type":"ListItem","position":3,"name":"Ninja Forms Stripe"}]},{"@type":"WebSite","@id":"https:\/\/allwintheme.com\/#website","url":"https:\/\/allwintheme.com\/","name":"Allwintheme","description":"Descarga gratis temas de WordPress para todos los nichos. Blogs, negocios, comercio electr\u00f3nico, portafolio, restaurante y m\u00e1s. Todos los temas tienen licencia GPL y est\u00e1n preparados para dispositivos m\u00f3viles.","potentialAction":[{"@type":"SearchAction","target":{"@type":"EntryPoint","urlTemplate":"https:\/\/allwintheme.com\/?s={search_term_string}"},"query-input":{"@type":"PropertyValueSpecification","valueRequired":true,"valueName":"search_term_string"}}],"inLanguage":"es-CL"}]}},"_links":{"self":[{"href":"https:\/\/allwintheme.com\/es\/wp-json\/wp\/v2\/product\/13130","targetHints":{"allow":["GET"]}}],"collection":[{"href":"https:\/\/allwintheme.com\/es\/wp-json\/wp\/v2\/product"}],"about":[{"href":"https:\/\/allwintheme.com\/es\/wp-json\/wp\/v2\/types\/product"}],"replies":[{"embeddable":true,"href":"https:\/\/allwintheme.com\/es\/wp-json\/wp\/v2\/comments?post=13130"}],"version-history":[{"count":8,"href":"https:\/\/allwintheme.com\/es\/wp-json\/wp\/v2\/product\/13130\/revisions"}],"predecessor-version":[{"id":13138,"href":"https:\/\/allwintheme.com\/es\/wp-json\/wp\/v2\/product\/13130\/revisions\/13138"}],"wp:featuredmedia":[{"embeddable":true,"href":"https:\/\/allwintheme.com\/es\/wp-json\/wp\/v2\/media\/12327"}],"wp:attachment":[{"href":"https:\/\/allwintheme.com\/es\/wp-json\/wp\/v2\/media?parent=13130"}],"wp:term":[{"taxonomy":"product_brand","embeddable":true,"href":"https:\/\/allwintheme.com\/es\/wp-json\/wp\/v2\/product_brand?post=13130"},{"taxonomy":"product_cat","embeddable":true,"href":"https:\/\/allwintheme.com\/es\/wp-json\/wp\/v2\/product_cat?post=13130"},{"taxonomy":"product_tag","embeddable":true,"href":"https:\/\/allwintheme.com\/es\/wp-json\/wp\/v2\/product_tag?post=13130"}],"curies":[{"name":"wp","href":"https:\/\/api.w.org\/{rel}","templated":true}]}}