{"id":13167,"date":"2025-11-28T12:04:01","date_gmt":"2025-11-28T12:04:01","guid":{"rendered":"https:\/\/allwintheme.com\/?post_type=product&#038;p=13167"},"modified":"2025-11-28T12:25:03","modified_gmt":"2025-11-28T12:25:03","slug":"afiliacionwp-stripe-payout","status":"publish","type":"product","link":"https:\/\/allwintheme.com\/es\/producto\/afiliacionwp-stripe-payout\/","title":{"rendered":"AffiliateWP Stripe Pago"},"content":{"rendered":"<div data-elementor-type=\"wp-post\" data-elementor-id=\"13167\" class=\"elementor elementor-13167\" data-elementor-settings=\"{&quot;element_pack_global_tooltip_width&quot;:{&quot;unit&quot;:&quot;px&quot;,&quot;size&quot;:&quot;&quot;,&quot;sizes&quot;:[]},&quot;element_pack_global_tooltip_width_tablet&quot;:{&quot;unit&quot;:&quot;px&quot;,&quot;size&quot;:&quot;&quot;,&quot;sizes&quot;:[]},&quot;element_pack_global_tooltip_width_mobile&quot;:{&quot;unit&quot;:&quot;px&quot;,&quot;size&quot;:&quot;&quot;,&quot;sizes&quot;:[]},&quot;element_pack_global_tooltip_padding&quot;:{&quot;unit&quot;:&quot;px&quot;,&quot;top&quot;:&quot;&quot;,&quot;right&quot;:&quot;&quot;,&quot;bottom&quot;:&quot;&quot;,&quot;left&quot;:&quot;&quot;,&quot;isLinked&quot;:true},&quot;element_pack_global_tooltip_padding_tablet&quot;:{&quot;unit&quot;:&quot;px&quot;,&quot;top&quot;:&quot;&quot;,&quot;right&quot;:&quot;&quot;,&quot;bottom&quot;:&quot;&quot;,&quot;left&quot;:&quot;&quot;,&quot;isLinked&quot;:true},&quot;element_pack_global_tooltip_padding_mobile&quot;:{&quot;unit&quot;:&quot;px&quot;,&quot;top&quot;:&quot;&quot;,&quot;right&quot;:&quot;&quot;,&quot;bottom&quot;:&quot;&quot;,&quot;left&quot;:&quot;&quot;,&quot;isLinked&quot;:true},&quot;element_pack_global_tooltip_border_radius&quot;:{&quot;unit&quot;:&quot;px&quot;,&quot;top&quot;:&quot;&quot;,&quot;right&quot;:&quot;&quot;,&quot;bottom&quot;:&quot;&quot;,&quot;left&quot;:&quot;&quot;,&quot;isLinked&quot;:true},&quot;element_pack_global_tooltip_border_radius_tablet&quot;:{&quot;unit&quot;:&quot;px&quot;,&quot;top&quot;:&quot;&quot;,&quot;right&quot;:&quot;&quot;,&quot;bottom&quot;:&quot;&quot;,&quot;left&quot;:&quot;&quot;,&quot;isLinked&quot;:true},&quot;element_pack_global_tooltip_border_radius_mobile&quot;:{&quot;unit&quot;:&quot;px&quot;,&quot;top&quot;:&quot;&quot;,&quot;right&quot;:&quot;&quot;,&quot;bottom&quot;:&quot;&quot;,&quot;left&quot;:&quot;&quot;,&quot;isLinked&quot;:true}}\" data-elementor-post-type=\"product\">\n\t\t\t\t<div class=\"wd-negative-gap elementor-element elementor-element-116794f e-flex e-con-boxed e-con e-parent\" data-id=\"116794f\" data-element_type=\"container\" data-e-type=\"container\">\n\t\t\t\t\t<div class=\"e-con-inner\">\n\t\t\t\t<div class=\"elementor-element elementor-element-03d2133 elementor-widget elementor-widget-wd_text_block\" data-id=\"03d2133\" data-element_type=\"widget\" data-e-type=\"widget\" data-widget_type=\"wd_text_block.default\">\n\t\t\t\t<div class=\"elementor-widget-container\">\n\t\t\t\t\t\t\t<div class=\"wd-text-block reset-last-child text-left\">\n\t\t\t\n\t\t\t<h2>AffiliateWP Stripe Payout: Racionalice sus ganancias de afiliado<\/h2>\n<p>AffiliateWP Stripe Payout simplifica los pagos de comisiones para afiliados. Integra Stripe para pagos r\u00e1pidos y seguros. Impulsa tu programa con estos complementos premium. Mejoran formularios, reservas, emails y donaciones.<\/p>\n\n<h3>Complementos clave para mejorar la funcionalidad<\/h3>\n<p>Estas herramientas funcionan perfectamente con WordPress y Stripe. Soportan el sistema de pagos de AffiliateWP indirectamente a trav\u00e9s de WooCommerce y formularios. Explora cada una de ellas para una mejor gesti\u00f3n de afiliados.<\/p>\n\n<h3>\u00bfPor qu\u00e9 a\u00f1adirlas a AffiliateWP?<\/h3>\n<ul>\n  <li><strong>Pagos seguros:<\/strong> El procesamiento conforme a PCI protege los datos.<\/li>\n  <li><strong>F\u00e1cil instalaci\u00f3n:<\/strong> No es necesario codificar para una integraci\u00f3n r\u00e1pida.<\/li>\n  <li><strong>Uso vers\u00e1til:<\/strong> Se adapta al comercio electr\u00f3nico, las donaciones y las reservas.<\/li>\n  <li><strong>Alcance mundial:<\/strong> Admite m\u00e1s de 135 divisas y m\u00e9todos.<\/li>\n<\/ul>\n\n<p>Actualice su AffiliateWP Stripe Payout hoy. Visite <a href=\"https:\/\/www.wpkvip.com\" target=\"_blank\" rel=\"noopener noreferrer\">WP KVIP<\/a> para obtener m\u00e1s recursos. Comprueba la compatibilidad de estos addons.<\/p>\n\n<div class=\"addons-grid\">\n  <div class=\"addon-item\">\n    <h4>BookingPress Stripe Payment Gateway Addon<\/h4>\n    <p>Acepta pagos en m\u00e1s de 135 divisas. Admite tarjetas y opciones de pago aplazado. Actualiza autom\u00e1ticamente el estado de la reserva en el momento del pago. Ideal para afiliados basados en servicios.<\/p>\n    <a href=\"https:\/\/allwintheme.com\/es\/producto\/bookingpress-stripe-pasarela-de-pago-addon\/\" target=\"_blank\" rel=\"noopener noreferrer\">M\u00e1s informaci\u00f3n<\/a>\n  <\/div>\n  <div class=\"addon-item\">\n    <h4>Complemento de pasarela de pago YayMail Pro Stripe<\/h4>\n    <p>Personaliza las plantillas de correo electr\u00f3nico con datos de Stripe. Compatible con Apple Pay y Google Pay. Funciona con WooCommerce para confirmaciones de pedidos.<\/p>\n    <a href=\"https:\/\/allwintheme.com\/es\/producto\/yaymail-pro-stripe-pasarela-de-pago-addon\/\" target=\"_blank\" rel=\"noopener noreferrer\">M\u00e1s informaci\u00f3n<\/a>\n  <\/div>\n  <div class=\"addon-item\">\n    <h4>Complemento WPForms Stripe<\/h4>\n    <p>Convierte formularios en pasarelas de pago. Gestiona cargos \u00fanicos y recurrentes. Realiza un seguimiento de los pagos con informes en tiempo real.<\/p>\n    <a href=\"https:\/\/allwintheme.com\/es\/producto\/wpforms-stripe-addon\/\" target=\"_blank\" rel=\"noopener noreferrer\">M\u00e1s informaci\u00f3n<\/a>\n  <\/div>\n  <div class=\"addon-item\">\n    <h4>Regale Stripe Gateway<\/h4>\n    <p>Donaciones seguras a trav\u00e9s de Stripe en WooCommerce. Soporta m\u00e9todos globales y donaciones recurrentes. Personalizable para afiliados sin \u00e1nimo de lucro.<\/p>\n    <a href=\"https:\/\/allwintheme.com\/es\/producto\/give-stripe-gateway\/\" target=\"_blank\" rel=\"noopener noreferrer\">M\u00e1s informaci\u00f3n<\/a>\n  <\/div>\n<\/div>\n\n<p>Estos addons hacen a AffiliateWP Stripe Payout m\u00e1s poderoso. Empieza a integrarlos para una experiencia de afiliaci\u00f3n m\u00e1s fluida.<\/p>\n\t\t\t\t\t<\/div>\n\t\t\t\t\t\t<\/div>\n\t\t\t\t<\/div>\n\t\t\t\t\t<\/div>\n\t\t\t\t<\/div>\n\t\t<div class=\"elementor-element elementor-element-133054e e-con-full e-flex e-con e-parent\" data-id=\"133054e\" data-element_type=\"container\" data-e-type=\"container\">\n\t\t\t\t<div class=\"elementor-element elementor-element-7930852 elementor-widget elementor-widget-video\" data-id=\"7930852\" data-element_type=\"widget\" data-e-type=\"widget\" data-settings=\"{&quot;youtube_url&quot;:&quot;https:\\\/\\\/youtu.be\\\/TGtcK-jFkO0&quot;,&quot;video_type&quot;:&quot;youtube&quot;,&quot;controls&quot;:&quot;yes&quot;}\" data-widget_type=\"video.default\">\n\t\t\t\t\t\t\t<div class=\"elementor-wrapper elementor-open-inline\">\n\t\t\t<div class=\"elementor-video\"><\/div>\t\t<\/div>\n\t\t\t\t\t\t<\/div>\n\t\t\t\t<\/div>\n\t\t\t\t<\/div>","protected":false},"excerpt":{"rendered":"<p>AffiliateWP Stripe Payout: Streamline Your Affiliate Earnings AffiliateWP Stripe Payout simplifies commission payments for affiliates. It integrates Stripe for fast,<\/p>","protected":false},"featured_media":12322,"comment_status":"open","ping_status":"closed","template":"","meta":{"_acf_changed":false},"product_brand":[],"product_cat":[49],"product_tag":[],"class_list":{"0":"post-13167","1":"product","2":"type-product","3":"status-publish","4":"has-post-thumbnail","6":"product_cat-plugins","8":"first","9":"instock","10":"sale","11":"downloadable","12":"shipping-taxable","13":"purchasable","14":"product-type-simple"},"acf":[],"yoast_head":"<!-- This site is optimized with the Yoast SEO Premium plugin v25.6 (Yoast SEO v27.1.1) - https:\/\/yoast.com\/product\/yoast-seo-premium-wordpress\/ -->\n<title>AffiliateWP Stripe Payout - AllWin Theme \u2013 Free WordPress Themes Download<\/title>\n<meta name=\"description\" content=\"Enhance AffiliateWP Stripe payouts with premium addons for BookingPress, YayMail, WPForms, and Give. Secure, easy WordPress integrations.\" \/>\n<meta name=\"robots\" content=\"index, follow, max-snippet:-1, max-image-preview:large, max-video-preview:-1\" \/>\n<link rel=\"canonical\" href=\"https:\/\/allwintheme.com\/es\/producto\/afiliacionwp-stripe-payout\/\" \/>\n<meta property=\"og:locale\" content=\"es_ES\" \/>\n<meta property=\"og:type\" content=\"article\" \/>\n<meta property=\"og:title\" content=\"AffiliateWP Stripe Payout\" \/>\n<meta property=\"og:description\" content=\"Enhance AffiliateWP Stripe payouts with premium addons for BookingPress, YayMail, WPForms, and Give. Secure, easy WordPress integrations.\" \/>\n<meta property=\"og:url\" content=\"https:\/\/allwintheme.com\/es\/producto\/afiliacionwp-stripe-payout\/\" \/>\n<meta property=\"og:site_name\" content=\"AllWin Theme \u2013 Free WordPress Themes Download\" \/>\n<meta property=\"article:modified_time\" content=\"2025-11-28T12:25:03+00:00\" \/>\n<meta property=\"og:image\" content=\"https:\/\/allwintheme.com\/wp-content\/uploads\/2025\/11\/AffiliateWP-Stripe-Payout.png\" \/>\n\t<meta property=\"og:image:width\" content=\"590\" \/>\n\t<meta property=\"og:image:height\" content=\"300\" \/>\n\t<meta property=\"og:image:type\" content=\"image\/png\" \/>\n<meta name=\"twitter:card\" content=\"summary_large_image\" \/>\n<meta name=\"twitter:label1\" content=\"Tiempo estimado de lectura\" \/>\n\t<meta name=\"twitter:data1\" content=\"2 minutos\" \/>\n<script type=\"application\/ld+json\" class=\"yoast-schema-graph\">{\"@context\":\"https:\/\/schema.org\",\"@graph\":[{\"@type\":\"WebPage\",\"@id\":\"https:\/\/allwintheme.com\/product\/affiliatewp-stripe-payout\/\",\"url\":\"https:\/\/allwintheme.com\/product\/affiliatewp-stripe-payout\/\",\"name\":\"AffiliateWP Stripe Payout - AllWin Theme \u2013 Free WordPress Themes Download\",\"isPartOf\":{\"@id\":\"https:\/\/allwintheme.com\/#website\"},\"primaryImageOfPage\":{\"@id\":\"https:\/\/allwintheme.com\/product\/affiliatewp-stripe-payout\/#primaryimage\"},\"image\":{\"@id\":\"https:\/\/allwintheme.com\/product\/affiliatewp-stripe-payout\/#primaryimage\"},\"thumbnailUrl\":\"https:\/\/allwintheme.com\/wp-content\/uploads\/2025\/11\/AffiliateWP-Stripe-Payout.png\",\"datePublished\":\"2025-11-28T12:04:01+00:00\",\"dateModified\":\"2025-11-28T12:25:03+00:00\",\"description\":\"Enhance AffiliateWP Stripe payouts with premium addons for BookingPress, YayMail, WPForms, and Give. Secure, easy WordPress integrations.\",\"breadcrumb\":{\"@id\":\"https:\/\/allwintheme.com\/product\/affiliatewp-stripe-payout\/#breadcrumb\"},\"inLanguage\":\"es-CL\",\"potentialAction\":[{\"@type\":\"ReadAction\",\"target\":[\"https:\/\/allwintheme.com\/product\/affiliatewp-stripe-payout\/\"]}]},{\"@type\":\"ImageObject\",\"inLanguage\":\"es-CL\",\"@id\":\"https:\/\/allwintheme.com\/product\/affiliatewp-stripe-payout\/#primaryimage\",\"url\":\"https:\/\/allwintheme.com\/wp-content\/uploads\/2025\/11\/AffiliateWP-Stripe-Payout.png\",\"contentUrl\":\"https:\/\/allwintheme.com\/wp-content\/uploads\/2025\/11\/AffiliateWP-Stripe-Payout.png\",\"width\":590,\"height\":300,\"caption\":\"AffiliateWP Stripe Payout\"},{\"@type\":\"BreadcrumbList\",\"@id\":\"https:\/\/allwintheme.com\/product\/affiliatewp-stripe-payout\/#breadcrumb\",\"itemListElement\":[{\"@type\":\"ListItem\",\"position\":1,\"name\":\"Home\",\"item\":\"https:\/\/allwintheme.com\/\"},{\"@type\":\"ListItem\",\"position\":2,\"name\":\"Shop\",\"item\":\"https:\/\/allwintheme.com\/shop\/\"},{\"@type\":\"ListItem\",\"position\":3,\"name\":\"AffiliateWP Stripe Payout\"}]},{\"@type\":\"WebSite\",\"@id\":\"https:\/\/allwintheme.com\/#website\",\"url\":\"https:\/\/allwintheme.com\/\",\"name\":\"Allwintheme\",\"description\":\"Download free WordPress themes for every niche. Blogs, business, eCommerce, portfolio, restaurant and more. All themes are GPL licensed and mobile-ready.\",\"potentialAction\":[{\"@type\":\"SearchAction\",\"target\":{\"@type\":\"EntryPoint\",\"urlTemplate\":\"https:\/\/allwintheme.com\/?s={search_term_string}\"},\"query-input\":{\"@type\":\"PropertyValueSpecification\",\"valueRequired\":true,\"valueName\":\"search_term_string\"}}],\"inLanguage\":\"es-CL\"}]}<\/script>\n<!-- \/ Yoast SEO Premium plugin. -->","yoast_head_json":{"title":"AffiliateWP Stripe Payout - AllWin Theme \u2013 Free WordPress Themes Download","description":"Mejore los pagos de AffiliateWP Stripe con complementos premium para BookingPress, YayMail, WPForms y Give. Integraciones seguras y sencillas con WordPress.","robots":{"index":"index","follow":"follow","max-snippet":"max-snippet:-1","max-image-preview":"max-image-preview:large","max-video-preview":"max-video-preview:-1"},"canonical":"https:\/\/allwintheme.com\/es\/producto\/afiliacionwp-stripe-payout\/","og_locale":"es_ES","og_type":"article","og_title":"AffiliateWP Stripe Payout","og_description":"Enhance AffiliateWP Stripe payouts with premium addons for BookingPress, YayMail, WPForms, and Give. Secure, easy WordPress integrations.","og_url":"https:\/\/allwintheme.com\/es\/producto\/afiliacionwp-stripe-payout\/","og_site_name":"AllWin Theme \u2013 Free WordPress Themes Download","article_modified_time":"2025-11-28T12:25:03+00:00","og_image":[{"width":590,"height":300,"url":"https:\/\/allwintheme.com\/wp-content\/uploads\/2025\/11\/AffiliateWP-Stripe-Payout.png","type":"image\/png"}],"twitter_card":"summary_large_image","twitter_misc":{"Tiempo estimado de lectura":"2 minutos"},"schema":{"@context":"https:\/\/schema.org","@graph":[{"@type":"WebPage","@id":"https:\/\/allwintheme.com\/product\/affiliatewp-stripe-payout\/","url":"https:\/\/allwintheme.com\/product\/affiliatewp-stripe-payout\/","name":"AffiliateWP Stripe Payout - AllWin Theme \u2013 Free WordPress Themes Download","isPartOf":{"@id":"https:\/\/allwintheme.com\/#website"},"primaryImageOfPage":{"@id":"https:\/\/allwintheme.com\/product\/affiliatewp-stripe-payout\/#primaryimage"},"image":{"@id":"https:\/\/allwintheme.com\/product\/affiliatewp-stripe-payout\/#primaryimage"},"thumbnailUrl":"https:\/\/allwintheme.com\/wp-content\/uploads\/2025\/11\/AffiliateWP-Stripe-Payout.png","datePublished":"2025-11-28T12:04:01+00:00","dateModified":"2025-11-28T12:25:03+00:00","description":"Mejore los pagos de AffiliateWP Stripe con complementos premium para BookingPress, YayMail, WPForms y Give. Integraciones seguras y sencillas con WordPress.","breadcrumb":{"@id":"https:\/\/allwintheme.com\/product\/affiliatewp-stripe-payout\/#breadcrumb"},"inLanguage":"es-CL","potentialAction":[{"@type":"ReadAction","target":["https:\/\/allwintheme.com\/product\/affiliatewp-stripe-payout\/"]}]},{"@type":"ImageObject","inLanguage":"es-CL","@id":"https:\/\/allwintheme.com\/product\/affiliatewp-stripe-payout\/#primaryimage","url":"https:\/\/allwintheme.com\/wp-content\/uploads\/2025\/11\/AffiliateWP-Stripe-Payout.png","contentUrl":"https:\/\/allwintheme.com\/wp-content\/uploads\/2025\/11\/AffiliateWP-Stripe-Payout.png","width":590,"height":300,"caption":"AffiliateWP Stripe Payout"},{"@type":"BreadcrumbList","@id":"https:\/\/allwintheme.com\/product\/affiliatewp-stripe-payout\/#breadcrumb","itemListElement":[{"@type":"ListItem","position":1,"name":"Home","item":"https:\/\/allwintheme.com\/"},{"@type":"ListItem","position":2,"name":"Shop","item":"https:\/\/allwintheme.com\/shop\/"},{"@type":"ListItem","position":3,"name":"AffiliateWP Stripe Payout"}]},{"@type":"WebSite","@id":"https:\/\/allwintheme.com\/#website","url":"https:\/\/allwintheme.com\/","name":"Allwintheme","description":"Descarga gratis temas de WordPress para todos los nichos. Blogs, negocios, comercio electr\u00f3nico, portafolio, restaurante y m\u00e1s. Todos los temas tienen licencia GPL y est\u00e1n preparados para dispositivos m\u00f3viles.","potentialAction":[{"@type":"SearchAction","target":{"@type":"EntryPoint","urlTemplate":"https:\/\/allwintheme.com\/?s={search_term_string}"},"query-input":{"@type":"PropertyValueSpecification","valueRequired":true,"valueName":"search_term_string"}}],"inLanguage":"es-CL"}]}},"_links":{"self":[{"href":"https:\/\/allwintheme.com\/es\/wp-json\/wp\/v2\/product\/13167","targetHints":{"allow":["GET"]}}],"collection":[{"href":"https:\/\/allwintheme.com\/es\/wp-json\/wp\/v2\/product"}],"about":[{"href":"https:\/\/allwintheme.com\/es\/wp-json\/wp\/v2\/types\/product"}],"replies":[{"embeddable":true,"href":"https:\/\/allwintheme.com\/es\/wp-json\/wp\/v2\/comments?post=13167"}],"version-history":[{"count":9,"href":"https:\/\/allwintheme.com\/es\/wp-json\/wp\/v2\/product\/13167\/revisions"}],"predecessor-version":[{"id":13176,"href":"https:\/\/allwintheme.com\/es\/wp-json\/wp\/v2\/product\/13167\/revisions\/13176"}],"wp:featuredmedia":[{"embeddable":true,"href":"https:\/\/allwintheme.com\/es\/wp-json\/wp\/v2\/media\/12322"}],"wp:attachment":[{"href":"https:\/\/allwintheme.com\/es\/wp-json\/wp\/v2\/media?parent=13167"}],"wp:term":[{"taxonomy":"product_brand","embeddable":true,"href":"https:\/\/allwintheme.com\/es\/wp-json\/wp\/v2\/product_brand?post=13167"},{"taxonomy":"product_cat","embeddable":true,"href":"https:\/\/allwintheme.com\/es\/wp-json\/wp\/v2\/product_cat?post=13167"},{"taxonomy":"product_tag","embeddable":true,"href":"https:\/\/allwintheme.com\/es\/wp-json\/wp\/v2\/product_tag?post=13167"}],"curies":[{"name":"wp","href":"https:\/\/api.w.org\/{rel}","templated":true}]}}