{"id":13331,"date":"2025-12-03T03:14:32","date_gmt":"2025-12-03T03:14:32","guid":{"rendered":"https:\/\/allwintheme.com\/?post_type=product&#038;p=13331"},"modified":"2025-12-03T03:20:47","modified_gmt":"2025-12-03T03:20:47","slug":"peculiar-nft-token-blockchain-wcfm-marketplace-wordpress-theme","status":"publish","type":"product","link":"https:\/\/allwintheme.com\/es\/producto\/peculiar-nft-token-blockchain-wcfm-marketplace-wordpress-theme\/","title":{"rendered":"Quirky - NFT, Token &amp; Blockchain WCFM Marketplace WordPress Theme"},"content":{"rendered":"<div data-elementor-type=\"wp-post\" data-elementor-id=\"13331\" class=\"elementor elementor-13331\" data-elementor-settings=\"{&quot;element_pack_global_tooltip_width&quot;:{&quot;unit&quot;:&quot;px&quot;,&quot;size&quot;:&quot;&quot;,&quot;sizes&quot;:[]},&quot;element_pack_global_tooltip_width_tablet&quot;:{&quot;unit&quot;:&quot;px&quot;,&quot;size&quot;:&quot;&quot;,&quot;sizes&quot;:[]},&quot;element_pack_global_tooltip_width_mobile&quot;:{&quot;unit&quot;:&quot;px&quot;,&quot;size&quot;:&quot;&quot;,&quot;sizes&quot;:[]},&quot;element_pack_global_tooltip_padding&quot;:{&quot;unit&quot;:&quot;px&quot;,&quot;top&quot;:&quot;&quot;,&quot;right&quot;:&quot;&quot;,&quot;bottom&quot;:&quot;&quot;,&quot;left&quot;:&quot;&quot;,&quot;isLinked&quot;:true},&quot;element_pack_global_tooltip_padding_tablet&quot;:{&quot;unit&quot;:&quot;px&quot;,&quot;top&quot;:&quot;&quot;,&quot;right&quot;:&quot;&quot;,&quot;bottom&quot;:&quot;&quot;,&quot;left&quot;:&quot;&quot;,&quot;isLinked&quot;:true},&quot;element_pack_global_tooltip_padding_mobile&quot;:{&quot;unit&quot;:&quot;px&quot;,&quot;top&quot;:&quot;&quot;,&quot;right&quot;:&quot;&quot;,&quot;bottom&quot;:&quot;&quot;,&quot;left&quot;:&quot;&quot;,&quot;isLinked&quot;:true},&quot;element_pack_global_tooltip_border_radius&quot;:{&quot;unit&quot;:&quot;px&quot;,&quot;top&quot;:&quot;&quot;,&quot;right&quot;:&quot;&quot;,&quot;bottom&quot;:&quot;&quot;,&quot;left&quot;:&quot;&quot;,&quot;isLinked&quot;:true},&quot;element_pack_global_tooltip_border_radius_tablet&quot;:{&quot;unit&quot;:&quot;px&quot;,&quot;top&quot;:&quot;&quot;,&quot;right&quot;:&quot;&quot;,&quot;bottom&quot;:&quot;&quot;,&quot;left&quot;:&quot;&quot;,&quot;isLinked&quot;:true},&quot;element_pack_global_tooltip_border_radius_mobile&quot;:{&quot;unit&quot;:&quot;px&quot;,&quot;top&quot;:&quot;&quot;,&quot;right&quot;:&quot;&quot;,&quot;bottom&quot;:&quot;&quot;,&quot;left&quot;:&quot;&quot;,&quot;isLinked&quot;:true}}\" data-elementor-post-type=\"product\">\n\t\t\t\t<div class=\"wd-negative-gap elementor-element elementor-element-116794f e-flex e-con-boxed e-con e-parent\" data-id=\"116794f\" data-element_type=\"container\" data-e-type=\"container\">\n\t\t\t\t\t<div class=\"e-con-inner\">\n\t\t\t\t<div class=\"elementor-element elementor-element-03d2133 elementor-widget elementor-widget-wd_text_block\" data-id=\"03d2133\" data-element_type=\"widget\" data-e-type=\"widget\" data-widget_type=\"wd_text_block.default\">\n\t\t\t\t<div class=\"elementor-widget-container\">\n\t\t\t\t\t\t\t<div class=\"wd-text-block reset-last-child text-left\">\n\t\t\t\n\t\t\t<h2>Quirky: El tema definitivo para el mercado de NFT, tokens y blockchain<\/h2>\n<p><strong>Extravagante<\/strong> ofrece un tema de WordPress atrevido y futurista creado espec\u00edficamente para mercados de NFT, proyectos de criptomonedas y tiendas impulsadas por blockchain. Por ejemplo, los creadores y emprendedores utilizan activamente Quirky para lanzar plataformas multivendedor donde los artistas acu\u00f1an, listan y venden NFT, tokens o coleccionables digitales en cuesti\u00f3n de minutos. En consecuencia, se obtiene un mercado profesional de alta conversi\u00f3n que destaca en el espacio Web3.<\/p>\n\n<h3>Dise\u00f1ado para el \u00e9xito de Web3 y m\u00faltiples proveedores<\/h3>\n<p>Quirky se integra a la perfecci\u00f3n con WCFM Marketplace, Dokan y WC Vendors, para que puedas gestionar un verdadero ecosistema multiproveedor. Los vendedores gestionan sus propios listados NFT, establecen regal\u00edas y conectan monederos, mientras que usted gana comisiones sin esfuerzo. Adem\u00e1s, la compatibilidad integrada con MetaMask, WalletConnect y las redes blockchain m\u00e1s populares hace que las transacciones sean fluidas y seguras.<\/p>\n\n<h3>\u00bfPor qu\u00e9 elegir Quirky?<\/h3>\n<ul>\n    <li><strong>Impresionantes dise\u00f1os centrados en la NFT:<\/strong> Atractivas secciones principales, galer\u00edas de cuadr\u00edcula y p\u00e1ginas NFT individuales que convierten a los visitantes.<\/li>\n    <li><strong>Compatibilidad total con WCFM:<\/strong> Los vendedores cargan, acu\u00f1an y venden activos digitales sin ning\u00fan tipo de fricci\u00f3n.<\/li>\n    <li><strong>Tickers de precios de criptomonedas en directo:<\/strong> Muestre valores de fichas y estad\u00edsticas de mercado en tiempo real directamente en su sitio web.<\/li>\n    <li><strong>Modos oscuro y claro:<\/strong> Cambia entre el elegante modo oscuro (perfecto para criptograf\u00eda) y el limpio modo claro.<\/li>\n    <li><strong>Importaci\u00f3n de demostraciones con un solo clic:<\/strong> Ponga en marcha un mercado listo para funcionar en menos de 5 minutos.<\/li>\n    <li><strong>Preparado para Elementor y WPBakery:<\/strong> Edici\u00f3n de arrastrar y soltar sin necesidad de codificaci\u00f3n.<\/li>\n<\/ul>\n\n<h3>Perfecto para cualquier proyecto de cadena de bloques<\/h3>\n<p>Tanto si est\u00e1s construyendo una galer\u00eda de arte NFT, una plataforma de lanzamiento de tokens o un mercado descentralizado completo, Quirky se adapta al instante. Como resultado, su proyecto parece de vanguardia desde el primer d\u00eda y escala a medida que crece su comunidad.<\/p>\n\n<h3>M\u00e1s temas de vanguardia<\/h3>\n<p>\u00bfTe gustan los dise\u00f1os futuristas y tecnol\u00f3gicos? Echa un vistazo a estos potentes temas de AllWinTheme:<\/p>\n<ul>\n    <li><a href=\"https:\/\/allwintheme.com\/es\/producto\/softwer-empresa-de-desarrollo-de-aplicaciones-moviles-plantilla-de-sitio-web-tema-wordpress\/\">Softwer - Mobile App &amp; SaaS WordPress Theme<\/a><\/li>\n    <li><a href=\"https:\/\/allwintheme.com\/es\/producto\/tecnologia-it-servicios-y-app\/\">Tecnologia - IT Services &amp; App Development Theme<\/a><\/li>\n    <li><a href=\"https:\/\/allwintheme.com\/es\/producto\/mizox-agencia-de-diseno-web-wordpress\/\">Mizox - Tema creativo para agencias de dise\u00f1o web<\/a><\/li>\n    <li><a href=\"https:\/\/allwintheme.com\/es\/producto\/nata-metaverse-project-launchpad-wordpress-theme\/\">Nata - Metaverso y NFT Launchpad Tema<\/a><\/li>\n<\/ul>\n<p>Para inspirarte en el dise\u00f1o de mamposter\u00eda y obtener consejos sobre WordPress, visita <a href=\"https:\/\/wpkvip.com\/home-masonry\/\">Demostraci\u00f3n de alba\u00f1iler\u00eda WPKVIP<\/a>.<\/p>\n\n<h3>Lance hoy mismo su NFT Marketplace<\/h3>\n<p>Deje de so\u00f1ar con su proyecto Web3 y h\u00e1galo realidad con <strong>Extravagante<\/strong>. Inst\u00e1lelo ahora y \u00fanase a la pr\u00f3xima generaci\u00f3n de mercados digitales.\n\t\t\t\t\t<\/div>\n\t\t\t\t\t\t<\/div>\n\t\t\t\t<\/div>\n\t\t\t\t\t<\/div>\n\t\t\t\t<\/div>\n\t\t<div class=\"wd-negative-gap elementor-element elementor-element-0ad7864 e-flex e-con-boxed e-con e-parent\" data-id=\"0ad7864\" data-element_type=\"container\" data-e-type=\"container\">\n\t\t\t\t\t<div class=\"e-con-inner\">\n\t\t\t\t<div class=\"elementor-element elementor-element-446921f elementor-widget elementor-widget-video\" data-id=\"446921f\" data-element_type=\"widget\" data-e-type=\"widget\" data-settings=\"{&quot;youtube_url&quot;:&quot;https:\\\/\\\/youtu.be\\\/Z_hX_VH0O-0&quot;,&quot;video_type&quot;:&quot;youtube&quot;,&quot;controls&quot;:&quot;yes&quot;}\" data-widget_type=\"video.default\">\n\t\t\t\t\t\t\t<div class=\"elementor-wrapper elementor-open-inline\">\n\t\t\t<div class=\"elementor-video\"><\/div>\t\t<\/div>\n\t\t\t\t\t\t<\/div>\n\t\t\t\t\t<\/div>\n\t\t\t\t<\/div>\n\t\t\t\t<\/div>","protected":false},"excerpt":{"rendered":"<p>Quirky: The Ultimate NFT, Token &amp; Blockchain Marketplace Theme Quirky delivers a bold, futuristic WordPress theme built specifically for NFT<\/p>","protected":false},"featured_media":13332,"comment_status":"open","ping_status":"closed","template":"","meta":{"_acf_changed":false},"product_brand":[],"product_cat":[48],"product_tag":[],"class_list":{"0":"post-13331","1":"product","2":"type-product","3":"status-publish","4":"has-post-thumbnail","6":"product_cat-themes","8":"first","9":"instock","10":"sale","11":"downloadable","12":"shipping-taxable","13":"purchasable","14":"product-type-simple"},"acf":[],"yoast_head":"<!-- This site is optimized with the Yoast SEO Premium plugin v25.6 (Yoast SEO v27.1.1) - https:\/\/yoast.com\/product\/yoast-seo-premium-wordpress\/ -->\n<title>Quirky \u2013 NFT, Token &amp; Blockchain WCFM Marketplace WordPress Theme - AllWin Theme \u2013 Free WordPress Themes Download<\/title>\n<meta name=\"description\" content=\"Launch a stunning NFT, cryptocurrency, or blockchain marketplace with Quirky. Fully compatible with WCFM, Dokan, and WC Vendors for multi-vendor digital assets.\" \/>\n<meta name=\"robots\" content=\"index, follow, max-snippet:-1, max-image-preview:large, max-video-preview:-1\" \/>\n<link rel=\"canonical\" href=\"https:\/\/allwintheme.com\/es\/producto\/peculiar-nft-token-blockchain-wcfm-marketplace-wordpress-theme\/\" \/>\n<meta property=\"og:locale\" content=\"es_ES\" \/>\n<meta property=\"og:type\" content=\"article\" \/>\n<meta property=\"og:title\" content=\"Quirky \u2013 NFT, Token &amp; Blockchain WCFM Marketplace WordPress Theme\" \/>\n<meta property=\"og:description\" content=\"Launch a stunning NFT, cryptocurrency, or blockchain marketplace with Quirky. Fully compatible with WCFM, Dokan, and WC Vendors for multi-vendor digital assets.\" \/>\n<meta property=\"og:url\" content=\"https:\/\/allwintheme.com\/es\/producto\/peculiar-nft-token-blockchain-wcfm-marketplace-wordpress-theme\/\" \/>\n<meta property=\"og:site_name\" content=\"AllWin Theme \u2013 Free WordPress Themes Download\" \/>\n<meta property=\"article:modified_time\" content=\"2025-12-03T03:20:47+00:00\" \/>\n<meta property=\"og:image\" content=\"https:\/\/allwintheme.com\/wp-content\/uploads\/2025\/12\/Quirky-\u2013-NFT-Token-Blockchain-WCFM-Marketplace-WordPress-Theme.png\" \/>\n\t<meta property=\"og:image:width\" content=\"590\" \/>\n\t<meta property=\"og:image:height\" content=\"300\" \/>\n\t<meta property=\"og:image:type\" content=\"image\/png\" \/>\n<meta name=\"twitter:card\" content=\"summary_large_image\" \/>\n<meta name=\"twitter:label1\" content=\"Tiempo estimado de lectura\" \/>\n\t<meta name=\"twitter:data1\" content=\"2 minutos\" \/>\n<script type=\"application\/ld+json\" class=\"yoast-schema-graph\">{\"@context\":\"https:\/\/schema.org\",\"@graph\":[{\"@type\":\"WebPage\",\"@id\":\"https:\/\/allwintheme.com\/product\/quirky-nft-token-blockchain-wcfm-marketplace-wordpress-theme\/\",\"url\":\"https:\/\/allwintheme.com\/product\/quirky-nft-token-blockchain-wcfm-marketplace-wordpress-theme\/\",\"name\":\"Quirky \u2013 NFT, Token & Blockchain WCFM Marketplace WordPress Theme - AllWin Theme \u2013 Free WordPress Themes Download\",\"isPartOf\":{\"@id\":\"https:\/\/allwintheme.com\/#website\"},\"primaryImageOfPage\":{\"@id\":\"https:\/\/allwintheme.com\/product\/quirky-nft-token-blockchain-wcfm-marketplace-wordpress-theme\/#primaryimage\"},\"image\":{\"@id\":\"https:\/\/allwintheme.com\/product\/quirky-nft-token-blockchain-wcfm-marketplace-wordpress-theme\/#primaryimage\"},\"thumbnailUrl\":\"https:\/\/allwintheme.com\/wp-content\/uploads\/2025\/12\/Quirky-\u2013-NFT-Token-Blockchain-WCFM-Marketplace-WordPress-Theme.png\",\"datePublished\":\"2025-12-03T03:14:32+00:00\",\"dateModified\":\"2025-12-03T03:20:47+00:00\",\"description\":\"Launch a stunning NFT, cryptocurrency, or blockchain marketplace with Quirky. Fully compatible with WCFM, Dokan, and WC Vendors for multi-vendor digital assets.\",\"breadcrumb\":{\"@id\":\"https:\/\/allwintheme.com\/product\/quirky-nft-token-blockchain-wcfm-marketplace-wordpress-theme\/#breadcrumb\"},\"inLanguage\":\"es-CL\",\"potentialAction\":[{\"@type\":\"ReadAction\",\"target\":[\"https:\/\/allwintheme.com\/product\/quirky-nft-token-blockchain-wcfm-marketplace-wordpress-theme\/\"]}]},{\"@type\":\"ImageObject\",\"inLanguage\":\"es-CL\",\"@id\":\"https:\/\/allwintheme.com\/product\/quirky-nft-token-blockchain-wcfm-marketplace-wordpress-theme\/#primaryimage\",\"url\":\"https:\/\/allwintheme.com\/wp-content\/uploads\/2025\/12\/Quirky-\u2013-NFT-Token-Blockchain-WCFM-Marketplace-WordPress-Theme.png\",\"contentUrl\":\"https:\/\/allwintheme.com\/wp-content\/uploads\/2025\/12\/Quirky-\u2013-NFT-Token-Blockchain-WCFM-Marketplace-WordPress-Theme.png\",\"width\":590,\"height\":300,\"caption\":\"Quirky \u2013 NFT, Token & Blockchain WCFM Marketplace WordPress Theme\"},{\"@type\":\"BreadcrumbList\",\"@id\":\"https:\/\/allwintheme.com\/product\/quirky-nft-token-blockchain-wcfm-marketplace-wordpress-theme\/#breadcrumb\",\"itemListElement\":[{\"@type\":\"ListItem\",\"position\":1,\"name\":\"Home\",\"item\":\"https:\/\/allwintheme.com\/\"},{\"@type\":\"ListItem\",\"position\":2,\"name\":\"Shop\",\"item\":\"https:\/\/allwintheme.com\/shop\/\"},{\"@type\":\"ListItem\",\"position\":3,\"name\":\"Quirky \u2013 NFT, Token &#038; Blockchain WCFM Marketplace WordPress Theme\"}]},{\"@type\":\"WebSite\",\"@id\":\"https:\/\/allwintheme.com\/#website\",\"url\":\"https:\/\/allwintheme.com\/\",\"name\":\"Allwintheme\",\"description\":\"Download free WordPress themes for every niche. Blogs, business, eCommerce, portfolio, restaurant and more. All themes are GPL licensed and mobile-ready.\",\"potentialAction\":[{\"@type\":\"SearchAction\",\"target\":{\"@type\":\"EntryPoint\",\"urlTemplate\":\"https:\/\/allwintheme.com\/?s={search_term_string}\"},\"query-input\":{\"@type\":\"PropertyValueSpecification\",\"valueRequired\":true,\"valueName\":\"search_term_string\"}}],\"inLanguage\":\"es-CL\"}]}<\/script>\n<!-- \/ Yoast SEO Premium plugin. -->","yoast_head_json":{"title":"Quirky - NFT, Token &amp; Blockchain WCFM Marketplace WordPress Theme - AllWin Theme - Free WordPress Themes Download","description":"Lanza un impresionante mercado de NFT, criptomoneda o blockchain con Quirky. Totalmente compatible con WCFM, Dokan y WC Vendors para activos digitales multiproveedor.","robots":{"index":"index","follow":"follow","max-snippet":"max-snippet:-1","max-image-preview":"max-image-preview:large","max-video-preview":"max-video-preview:-1"},"canonical":"https:\/\/allwintheme.com\/es\/producto\/peculiar-nft-token-blockchain-wcfm-marketplace-wordpress-theme\/","og_locale":"es_ES","og_type":"article","og_title":"Quirky \u2013 NFT, Token & Blockchain WCFM Marketplace WordPress Theme","og_description":"Launch a stunning NFT, cryptocurrency, or blockchain marketplace with Quirky. Fully compatible with WCFM, Dokan, and WC Vendors for multi-vendor digital assets.","og_url":"https:\/\/allwintheme.com\/es\/producto\/peculiar-nft-token-blockchain-wcfm-marketplace-wordpress-theme\/","og_site_name":"AllWin Theme \u2013 Free WordPress Themes Download","article_modified_time":"2025-12-03T03:20:47+00:00","og_image":[{"width":590,"height":300,"url":"https:\/\/allwintheme.com\/wp-content\/uploads\/2025\/12\/Quirky-\u2013-NFT-Token-Blockchain-WCFM-Marketplace-WordPress-Theme.png","type":"image\/png"}],"twitter_card":"summary_large_image","twitter_misc":{"Tiempo estimado de lectura":"2 minutos"},"schema":{"@context":"https:\/\/schema.org","@graph":[{"@type":"WebPage","@id":"https:\/\/allwintheme.com\/product\/quirky-nft-token-blockchain-wcfm-marketplace-wordpress-theme\/","url":"https:\/\/allwintheme.com\/product\/quirky-nft-token-blockchain-wcfm-marketplace-wordpress-theme\/","name":"Quirky - NFT, Token &amp; Blockchain WCFM Marketplace WordPress Theme - AllWin Theme - Free WordPress Themes Download","isPartOf":{"@id":"https:\/\/allwintheme.com\/#website"},"primaryImageOfPage":{"@id":"https:\/\/allwintheme.com\/product\/quirky-nft-token-blockchain-wcfm-marketplace-wordpress-theme\/#primaryimage"},"image":{"@id":"https:\/\/allwintheme.com\/product\/quirky-nft-token-blockchain-wcfm-marketplace-wordpress-theme\/#primaryimage"},"thumbnailUrl":"https:\/\/allwintheme.com\/wp-content\/uploads\/2025\/12\/Quirky-\u2013-NFT-Token-Blockchain-WCFM-Marketplace-WordPress-Theme.png","datePublished":"2025-12-03T03:14:32+00:00","dateModified":"2025-12-03T03:20:47+00:00","description":"Lanza un impresionante mercado de NFT, criptomoneda o blockchain con Quirky. Totalmente compatible con WCFM, Dokan y WC Vendors para activos digitales multiproveedor.","breadcrumb":{"@id":"https:\/\/allwintheme.com\/product\/quirky-nft-token-blockchain-wcfm-marketplace-wordpress-theme\/#breadcrumb"},"inLanguage":"es-CL","potentialAction":[{"@type":"ReadAction","target":["https:\/\/allwintheme.com\/product\/quirky-nft-token-blockchain-wcfm-marketplace-wordpress-theme\/"]}]},{"@type":"ImageObject","inLanguage":"es-CL","@id":"https:\/\/allwintheme.com\/product\/quirky-nft-token-blockchain-wcfm-marketplace-wordpress-theme\/#primaryimage","url":"https:\/\/allwintheme.com\/wp-content\/uploads\/2025\/12\/Quirky-\u2013-NFT-Token-Blockchain-WCFM-Marketplace-WordPress-Theme.png","contentUrl":"https:\/\/allwintheme.com\/wp-content\/uploads\/2025\/12\/Quirky-\u2013-NFT-Token-Blockchain-WCFM-Marketplace-WordPress-Theme.png","width":590,"height":300,"caption":"Quirky \u2013 NFT, Token & Blockchain WCFM Marketplace WordPress Theme"},{"@type":"BreadcrumbList","@id":"https:\/\/allwintheme.com\/product\/quirky-nft-token-blockchain-wcfm-marketplace-wordpress-theme\/#breadcrumb","itemListElement":[{"@type":"ListItem","position":1,"name":"Home","item":"https:\/\/allwintheme.com\/"},{"@type":"ListItem","position":2,"name":"Shop","item":"https:\/\/allwintheme.com\/shop\/"},{"@type":"ListItem","position":3,"name":"Quirky \u2013 NFT, Token &#038; Blockchain WCFM Marketplace WordPress Theme"}]},{"@type":"WebSite","@id":"https:\/\/allwintheme.com\/#website","url":"https:\/\/allwintheme.com\/","name":"Allwintheme","description":"Descarga gratis temas de WordPress para todos los nichos. Blogs, negocios, comercio electr\u00f3nico, portafolio, restaurante y m\u00e1s. Todos los temas tienen licencia GPL y est\u00e1n preparados para dispositivos m\u00f3viles.","potentialAction":[{"@type":"SearchAction","target":{"@type":"EntryPoint","urlTemplate":"https:\/\/allwintheme.com\/?s={search_term_string}"},"query-input":{"@type":"PropertyValueSpecification","valueRequired":true,"valueName":"search_term_string"}}],"inLanguage":"es-CL"}]}},"_links":{"self":[{"href":"https:\/\/allwintheme.com\/es\/wp-json\/wp\/v2\/product\/13331","targetHints":{"allow":["GET"]}}],"collection":[{"href":"https:\/\/allwintheme.com\/es\/wp-json\/wp\/v2\/product"}],"about":[{"href":"https:\/\/allwintheme.com\/es\/wp-json\/wp\/v2\/types\/product"}],"replies":[{"embeddable":true,"href":"https:\/\/allwintheme.com\/es\/wp-json\/wp\/v2\/comments?post=13331"}],"version-history":[{"count":5,"href":"https:\/\/allwintheme.com\/es\/wp-json\/wp\/v2\/product\/13331\/revisions"}],"predecessor-version":[{"id":13337,"href":"https:\/\/allwintheme.com\/es\/wp-json\/wp\/v2\/product\/13331\/revisions\/13337"}],"wp:featuredmedia":[{"embeddable":true,"href":"https:\/\/allwintheme.com\/es\/wp-json\/wp\/v2\/media\/13332"}],"wp:attachment":[{"href":"https:\/\/allwintheme.com\/es\/wp-json\/wp\/v2\/media?parent=13331"}],"wp:term":[{"taxonomy":"product_brand","embeddable":true,"href":"https:\/\/allwintheme.com\/es\/wp-json\/wp\/v2\/product_brand?post=13331"},{"taxonomy":"product_cat","embeddable":true,"href":"https:\/\/allwintheme.com\/es\/wp-json\/wp\/v2\/product_cat?post=13331"},{"taxonomy":"product_tag","embeddable":true,"href":"https:\/\/allwintheme.com\/es\/wp-json\/wp\/v2\/product_tag?post=13331"}],"curies":[{"name":"wp","href":"https:\/\/api.w.org\/{rel}","templated":true}]}}