{"id":13376,"date":"2025-12-04T07:37:58","date_gmt":"2025-12-04T07:37:58","guid":{"rendered":"https:\/\/allwintheme.com\/?post_type=product&#038;p=13376"},"modified":"2025-12-04T07:44:09","modified_gmt":"2025-12-04T07:44:09","slug":"celchains-blockchain-crypto-defi-elementor-template","status":"publish","type":"product","link":"https:\/\/allwintheme.com\/es\/producto\/celchains-blockchain-crypto-defi-elementor-template\/","title":{"rendered":"Celchains - Blockchain Crypto &amp; DeFi Plantilla Elementor"},"content":{"rendered":"<div data-elementor-type=\"wp-post\" data-elementor-id=\"13376\" class=\"elementor elementor-13376\" data-elementor-settings=\"{&quot;element_pack_global_tooltip_width&quot;:{&quot;unit&quot;:&quot;px&quot;,&quot;size&quot;:&quot;&quot;,&quot;sizes&quot;:[]},&quot;element_pack_global_tooltip_width_tablet&quot;:{&quot;unit&quot;:&quot;px&quot;,&quot;size&quot;:&quot;&quot;,&quot;sizes&quot;:[]},&quot;element_pack_global_tooltip_width_mobile&quot;:{&quot;unit&quot;:&quot;px&quot;,&quot;size&quot;:&quot;&quot;,&quot;sizes&quot;:[]},&quot;element_pack_global_tooltip_padding&quot;:{&quot;unit&quot;:&quot;px&quot;,&quot;top&quot;:&quot;&quot;,&quot;right&quot;:&quot;&quot;,&quot;bottom&quot;:&quot;&quot;,&quot;left&quot;:&quot;&quot;,&quot;isLinked&quot;:true},&quot;element_pack_global_tooltip_padding_tablet&quot;:{&quot;unit&quot;:&quot;px&quot;,&quot;top&quot;:&quot;&quot;,&quot;right&quot;:&quot;&quot;,&quot;bottom&quot;:&quot;&quot;,&quot;left&quot;:&quot;&quot;,&quot;isLinked&quot;:true},&quot;element_pack_global_tooltip_padding_mobile&quot;:{&quot;unit&quot;:&quot;px&quot;,&quot;top&quot;:&quot;&quot;,&quot;right&quot;:&quot;&quot;,&quot;bottom&quot;:&quot;&quot;,&quot;left&quot;:&quot;&quot;,&quot;isLinked&quot;:true},&quot;element_pack_global_tooltip_border_radius&quot;:{&quot;unit&quot;:&quot;px&quot;,&quot;top&quot;:&quot;&quot;,&quot;right&quot;:&quot;&quot;,&quot;bottom&quot;:&quot;&quot;,&quot;left&quot;:&quot;&quot;,&quot;isLinked&quot;:true},&quot;element_pack_global_tooltip_border_radius_tablet&quot;:{&quot;unit&quot;:&quot;px&quot;,&quot;top&quot;:&quot;&quot;,&quot;right&quot;:&quot;&quot;,&quot;bottom&quot;:&quot;&quot;,&quot;left&quot;:&quot;&quot;,&quot;isLinked&quot;:true},&quot;element_pack_global_tooltip_border_radius_mobile&quot;:{&quot;unit&quot;:&quot;px&quot;,&quot;top&quot;:&quot;&quot;,&quot;right&quot;:&quot;&quot;,&quot;bottom&quot;:&quot;&quot;,&quot;left&quot;:&quot;&quot;,&quot;isLinked&quot;:true}}\" data-elementor-post-type=\"product\">\n\t\t\t\t<div class=\"wd-negative-gap elementor-element elementor-element-116794f e-flex e-con-boxed e-con e-parent\" data-id=\"116794f\" data-element_type=\"container\" data-e-type=\"container\">\n\t\t\t\t\t<div class=\"e-con-inner\">\n\t\t\t\t<div class=\"elementor-element elementor-element-03d2133 elementor-widget elementor-widget-wd_text_block\" data-id=\"03d2133\" data-element_type=\"widget\" data-e-type=\"widget\" data-widget_type=\"wd_text_block.default\">\n\t\t\t\t<div class=\"elementor-widget-container\">\n\t\t\t\t\t\t\t<div class=\"wd-text-block reset-last-child text-left\">\n\t\t\t\n\t\t\t<h2>Celchains: Impresionante Blockchain &amp; Crypto Elementor Plantilla<\/h2>\n<p><strong>Celchains<\/strong> ofrece un kit de plantillas Elementor elegante y profesional dise\u00f1ado espec\u00edficamente para proyectos de blockchain, criptomoneda, DeFi y NFT. Por ejemplo, las startups y las agencias utilizan activamente Celchains para lanzar sitios web pulidos en horas en lugar de semanas. En consecuencia, puedes mostrar tu token, monedero, intercambio o plataforma de lanzamiento con un dise\u00f1o vanguardista que genera credibilidad al instante.<\/p>\n\n<h3>Creado para el sector de las criptomonedas<\/h3>\n<p>Celchains viene repleto de p\u00e1ginas listas para importar, incluyendo las secciones Home, About, Tokenomics, Roadmap, Team, Wallet Integration y Blog. Solo tienes que arrastrar y soltar las secciones en Elementor, personalizar los colores y las fuentes y publicar. Adem\u00e1s, todos los elementos son totalmente adaptativos, por lo que tu sitio se ver\u00e1 perfecto en tel\u00e9fonos, tabletas y ordenadores de sobremesa.<\/p>\n\n<h3>\u00bfPor qu\u00e9 elegir Celchains?<\/h3>\n<ul>\n    <li><strong>100% Compatible con Elementor:<\/strong> No es necesario codificar: ed\u00edtalo todo visualmente.<\/li>\n    <li><strong>Dise\u00f1os centrados en criptograf\u00eda:<\/strong> Secciones predise\u00f1adas para ICO, IDO, estacado y cultivo de rendimiento.<\/li>\n    <li><strong>Carga r\u00e1pida y SEO Ready:<\/strong> Un c\u00f3digo limpio garantiza el m\u00e1ximo rendimiento y las mejores posiciones en las b\u00fasquedas.<\/li>\n    <li><strong>Importaci\u00f3n con un solo clic:<\/strong> Obtenga todo el kit de plantillas en directo en cuesti\u00f3n de minutos.<\/li>\n    <li><strong>Actualizaciones de por vida:<\/strong> Mant\u00e9ngase al d\u00eda de las \u00faltimas tendencias en criptodise\u00f1o.<\/li>\n<\/ul>\n\n<h3>Perfecto para cualquier proyecto Blockchain<\/h3>\n<p>Tanto si gestionas un protocolo DeFi, un mercado NFT o una plataforma metaverso, Celchains se adapta al instante. Por ejemplo, puedes emparejarlo con plugins de criptomonedas populares y empezar a recaudar fondos de preventa el mismo d\u00eda.<\/p>\n\n<h3>Explore m\u00e1s soluciones de criptomonedas y cadenas de bloques<\/h3>\n<p>\u00bfTe gusta Celchains? Echa un vistazo a estas potentes alternativas y complementos:<br>\n\u2022 <a href=\"https:\/\/allwintheme.com\/es\/producto\/coinary-blockchain-cryptocurrency-bitcoin-elementor-template\/\">Coinary - Cryptocurrency Plantilla Elementor<\/a><br>\n\u2022 <a href=\"https:\/\/allwintheme.com\/es\/producto\/acco-blockchain-cryptocurrency-bitcoin-elementor-template\/\">Acco - Kit de plantillas de Blockchain y Bitcoin<\/a><br>\n\u2022 <  <a href=\"https:\/\/allwintheme.com\/es\/producto\/nata-metaverse-project-launchpad-wordpress-theme\/\">Nata - Metaverse &amp; Launchpad WordPress Theme<\/a><br>\n- Aumentar las donaciones: <a href=\"https:\/\/allwintheme.com\/es\/producto\/dar-convertkit\/\">Integraci\u00f3n de ConvertKit<\/a><br>\n- Acepte pagos criptogr\u00e1ficos: <a href=\"https:\/\/allwintheme.com\/es\/producto\/raya-buycred\/\">Pasarela BuyCred Stripe<\/a>\n<\/p>\n<p>Para inspirarte en la maquetaci\u00f3n, visita este bonito ejemplo de blog de alba\u00f1iler\u00eda: <a href=\"https:\/\/wpkvip.com\/home-masonry\/\">Demostraci\u00f3n de alba\u00f1iler\u00eda WPKVIP<\/a>.<\/p>\n\n<h3>Lance su criptositio hoy mismo<\/h3>\n<p>Visite <strong>Celchains - Blockchain Crypto &amp; DeFi Plantilla Elementor<\/strong> ahora y convierta su visi\u00f3n en un sitio web de alta conversi\u00f3n que destaque en el abarrotado espacio criptogr\u00e1fico. \u00a1Su presencia profesional en blockchain comienza aqu\u00ed!\n\t\t\t\t\t<\/div>\n\t\t\t\t\t\t<\/div>\n\t\t\t\t<\/div>\n\t\t\t\t\t<\/div>\n\t\t\t\t<\/div>\n\t\t\t\t<\/div>","protected":false},"excerpt":{"rendered":"<p>Celchains: Stunning Blockchain &amp; Crypto Elementor Template Celchains delivers a sleek, professional Elementor template kit crafted specifically for blockchain, cryptocurrency,<\/p>","protected":false},"featured_media":13377,"comment_status":"open","ping_status":"closed","template":"","meta":{"_acf_changed":false},"product_brand":[],"product_cat":[50],"product_tag":[],"class_list":{"0":"post-13376","1":"product","2":"type-product","3":"status-publish","4":"has-post-thumbnail","6":"product_cat-template-kits","8":"first","9":"instock","10":"sale","11":"downloadable","12":"shipping-taxable","13":"purchasable","14":"product-type-simple"},"acf":[],"yoast_head":"<!-- This site is optimized with the Yoast SEO Premium plugin v25.6 (Yoast SEO v27.1.1) - https:\/\/yoast.com\/product\/yoast-seo-premium-wordpress\/ -->\n<title>Celchains \u2013 Blockchain Crypto &amp; DeFi Elementor Template - AllWin Theme \u2013 Free WordPress Themes Download<\/title>\n<meta name=\"description\" content=\"Launch a stunning crypto website fast with Celchains. Modern Elementor template for blockchain, DeFi, NFT, and cryptocurrency projects \u2013 fully responsive and customizable.\" \/>\n<meta name=\"robots\" content=\"index, follow, max-snippet:-1, max-image-preview:large, max-video-preview:-1\" \/>\n<link rel=\"canonical\" href=\"https:\/\/allwintheme.com\/es\/producto\/celchains-blockchain-crypto-defi-elementor-template\/\" \/>\n<meta property=\"og:locale\" content=\"es_ES\" \/>\n<meta property=\"og:type\" content=\"article\" \/>\n<meta property=\"og:title\" content=\"Celchains \u2013 Blockchain Crypto &amp; DeFi Elementor Template\" \/>\n<meta property=\"og:description\" content=\"Launch a stunning crypto website fast with Celchains. Modern Elementor template for blockchain, DeFi, NFT, and cryptocurrency projects \u2013 fully responsive and customizable.\" \/>\n<meta property=\"og:url\" content=\"https:\/\/allwintheme.com\/es\/producto\/celchains-blockchain-crypto-defi-elementor-template\/\" \/>\n<meta property=\"og:site_name\" content=\"AllWin Theme \u2013 Free WordPress Themes Download\" \/>\n<meta property=\"article:modified_time\" content=\"2025-12-04T07:44:09+00:00\" \/>\n<meta property=\"og:image\" content=\"https:\/\/allwintheme.com\/wp-content\/uploads\/2025\/12\/Celchains-\u2013-Blockchain-Crypto-DeFi-Elementor-Template.png\" \/>\n\t<meta property=\"og:image:width\" content=\"576\" \/>\n\t<meta property=\"og:image:height\" content=\"338\" \/>\n\t<meta property=\"og:image:type\" content=\"image\/png\" \/>\n<meta name=\"twitter:card\" content=\"summary_large_image\" \/>\n<meta name=\"twitter:label1\" content=\"Tiempo estimado de lectura\" \/>\n\t<meta name=\"twitter:data1\" content=\"2 minutos\" \/>\n<script type=\"application\/ld+json\" class=\"yoast-schema-graph\">{\"@context\":\"https:\/\/schema.org\",\"@graph\":[{\"@type\":\"WebPage\",\"@id\":\"https:\/\/allwintheme.com\/product\/celchains-blockchain-crypto-defi-elementor-template\/\",\"url\":\"https:\/\/allwintheme.com\/product\/celchains-blockchain-crypto-defi-elementor-template\/\",\"name\":\"Celchains \u2013 Blockchain Crypto & DeFi Elementor Template - AllWin Theme \u2013 Free WordPress Themes Download\",\"isPartOf\":{\"@id\":\"https:\/\/allwintheme.com\/#website\"},\"primaryImageOfPage\":{\"@id\":\"https:\/\/allwintheme.com\/product\/celchains-blockchain-crypto-defi-elementor-template\/#primaryimage\"},\"image\":{\"@id\":\"https:\/\/allwintheme.com\/product\/celchains-blockchain-crypto-defi-elementor-template\/#primaryimage\"},\"thumbnailUrl\":\"https:\/\/allwintheme.com\/wp-content\/uploads\/2025\/12\/Celchains-\u2013-Blockchain-Crypto-DeFi-Elementor-Template.png\",\"datePublished\":\"2025-12-04T07:37:58+00:00\",\"dateModified\":\"2025-12-04T07:44:09+00:00\",\"description\":\"Launch a stunning crypto website fast with Celchains. Modern Elementor template for blockchain, DeFi, NFT, and cryptocurrency projects \u2013 fully responsive and customizable.\",\"breadcrumb\":{\"@id\":\"https:\/\/allwintheme.com\/product\/celchains-blockchain-crypto-defi-elementor-template\/#breadcrumb\"},\"inLanguage\":\"es-CL\",\"potentialAction\":[{\"@type\":\"ReadAction\",\"target\":[\"https:\/\/allwintheme.com\/product\/celchains-blockchain-crypto-defi-elementor-template\/\"]}]},{\"@type\":\"ImageObject\",\"inLanguage\":\"es-CL\",\"@id\":\"https:\/\/allwintheme.com\/product\/celchains-blockchain-crypto-defi-elementor-template\/#primaryimage\",\"url\":\"https:\/\/allwintheme.com\/wp-content\/uploads\/2025\/12\/Celchains-\u2013-Blockchain-Crypto-DeFi-Elementor-Template.png\",\"contentUrl\":\"https:\/\/allwintheme.com\/wp-content\/uploads\/2025\/12\/Celchains-\u2013-Blockchain-Crypto-DeFi-Elementor-Template.png\",\"width\":576,\"height\":338,\"caption\":\"Celchains \u2013 Blockchain Crypto & DeFi Elementor Template\"},{\"@type\":\"BreadcrumbList\",\"@id\":\"https:\/\/allwintheme.com\/product\/celchains-blockchain-crypto-defi-elementor-template\/#breadcrumb\",\"itemListElement\":[{\"@type\":\"ListItem\",\"position\":1,\"name\":\"Home\",\"item\":\"https:\/\/allwintheme.com\/\"},{\"@type\":\"ListItem\",\"position\":2,\"name\":\"Shop\",\"item\":\"https:\/\/allwintheme.com\/shop\/\"},{\"@type\":\"ListItem\",\"position\":3,\"name\":\"Celchains \u2013 Blockchain Crypto &#038; DeFi Elementor Template\"}]},{\"@type\":\"WebSite\",\"@id\":\"https:\/\/allwintheme.com\/#website\",\"url\":\"https:\/\/allwintheme.com\/\",\"name\":\"Allwintheme\",\"description\":\"Download free WordPress themes for every niche. Blogs, business, eCommerce, portfolio, restaurant and more. All themes are GPL licensed and mobile-ready.\",\"potentialAction\":[{\"@type\":\"SearchAction\",\"target\":{\"@type\":\"EntryPoint\",\"urlTemplate\":\"https:\/\/allwintheme.com\/?s={search_term_string}\"},\"query-input\":{\"@type\":\"PropertyValueSpecification\",\"valueRequired\":true,\"valueName\":\"search_term_string\"}}],\"inLanguage\":\"es-CL\"}]}<\/script>\n<!-- \/ Yoast SEO Premium plugin. -->","yoast_head_json":{"title":"Celchains \u2013 Blockchain Crypto & DeFi Elementor Template - AllWin Theme \u2013 Free WordPress Themes Download","description":"Lanza un impresionante sitio web de criptomonedas r\u00e1pidamente con Celchains. Moderna plantilla Elementor para blockchain, DeFi, NFT, y proyectos de criptomoneda - totalmente responsive y personalizable.","robots":{"index":"index","follow":"follow","max-snippet":"max-snippet:-1","max-image-preview":"max-image-preview:large","max-video-preview":"max-video-preview:-1"},"canonical":"https:\/\/allwintheme.com\/es\/producto\/celchains-blockchain-crypto-defi-elementor-template\/","og_locale":"es_ES","og_type":"article","og_title":"Celchains \u2013 Blockchain Crypto & DeFi Elementor Template","og_description":"Launch a stunning crypto website fast with Celchains. Modern Elementor template for blockchain, DeFi, NFT, and cryptocurrency projects \u2013 fully responsive and customizable.","og_url":"https:\/\/allwintheme.com\/es\/producto\/celchains-blockchain-crypto-defi-elementor-template\/","og_site_name":"AllWin Theme \u2013 Free WordPress Themes Download","article_modified_time":"2025-12-04T07:44:09+00:00","og_image":[{"width":576,"height":338,"url":"https:\/\/allwintheme.com\/wp-content\/uploads\/2025\/12\/Celchains-\u2013-Blockchain-Crypto-DeFi-Elementor-Template.png","type":"image\/png"}],"twitter_card":"summary_large_image","twitter_misc":{"Tiempo estimado de lectura":"2 minutos"},"schema":{"@context":"https:\/\/schema.org","@graph":[{"@type":"WebPage","@id":"https:\/\/allwintheme.com\/product\/celchains-blockchain-crypto-defi-elementor-template\/","url":"https:\/\/allwintheme.com\/product\/celchains-blockchain-crypto-defi-elementor-template\/","name":"Celchains \u2013 Blockchain Crypto & DeFi Elementor Template - AllWin Theme \u2013 Free WordPress Themes Download","isPartOf":{"@id":"https:\/\/allwintheme.com\/#website"},"primaryImageOfPage":{"@id":"https:\/\/allwintheme.com\/product\/celchains-blockchain-crypto-defi-elementor-template\/#primaryimage"},"image":{"@id":"https:\/\/allwintheme.com\/product\/celchains-blockchain-crypto-defi-elementor-template\/#primaryimage"},"thumbnailUrl":"https:\/\/allwintheme.com\/wp-content\/uploads\/2025\/12\/Celchains-\u2013-Blockchain-Crypto-DeFi-Elementor-Template.png","datePublished":"2025-12-04T07:37:58+00:00","dateModified":"2025-12-04T07:44:09+00:00","description":"Lanza un impresionante sitio web de criptomonedas r\u00e1pidamente con Celchains. Moderna plantilla Elementor para blockchain, DeFi, NFT, y proyectos de criptomoneda - totalmente responsive y personalizable.","breadcrumb":{"@id":"https:\/\/allwintheme.com\/product\/celchains-blockchain-crypto-defi-elementor-template\/#breadcrumb"},"inLanguage":"es-CL","potentialAction":[{"@type":"ReadAction","target":["https:\/\/allwintheme.com\/product\/celchains-blockchain-crypto-defi-elementor-template\/"]}]},{"@type":"ImageObject","inLanguage":"es-CL","@id":"https:\/\/allwintheme.com\/product\/celchains-blockchain-crypto-defi-elementor-template\/#primaryimage","url":"https:\/\/allwintheme.com\/wp-content\/uploads\/2025\/12\/Celchains-\u2013-Blockchain-Crypto-DeFi-Elementor-Template.png","contentUrl":"https:\/\/allwintheme.com\/wp-content\/uploads\/2025\/12\/Celchains-\u2013-Blockchain-Crypto-DeFi-Elementor-Template.png","width":576,"height":338,"caption":"Celchains \u2013 Blockchain Crypto & DeFi Elementor Template"},{"@type":"BreadcrumbList","@id":"https:\/\/allwintheme.com\/product\/celchains-blockchain-crypto-defi-elementor-template\/#breadcrumb","itemListElement":[{"@type":"ListItem","position":1,"name":"Home","item":"https:\/\/allwintheme.com\/"},{"@type":"ListItem","position":2,"name":"Shop","item":"https:\/\/allwintheme.com\/shop\/"},{"@type":"ListItem","position":3,"name":"Celchains \u2013 Blockchain Crypto &#038; DeFi Elementor Template"}]},{"@type":"WebSite","@id":"https:\/\/allwintheme.com\/#website","url":"https:\/\/allwintheme.com\/","name":"Allwintheme","description":"Descarga gratis temas de WordPress para todos los nichos. Blogs, negocios, comercio electr\u00f3nico, portafolio, restaurante y m\u00e1s. Todos los temas tienen licencia GPL y est\u00e1n preparados para dispositivos m\u00f3viles.","potentialAction":[{"@type":"SearchAction","target":{"@type":"EntryPoint","urlTemplate":"https:\/\/allwintheme.com\/?s={search_term_string}"},"query-input":{"@type":"PropertyValueSpecification","valueRequired":true,"valueName":"search_term_string"}}],"inLanguage":"es-CL"}]}},"_links":{"self":[{"href":"https:\/\/allwintheme.com\/es\/wp-json\/wp\/v2\/product\/13376","targetHints":{"allow":["GET"]}}],"collection":[{"href":"https:\/\/allwintheme.com\/es\/wp-json\/wp\/v2\/product"}],"about":[{"href":"https:\/\/allwintheme.com\/es\/wp-json\/wp\/v2\/types\/product"}],"replies":[{"embeddable":true,"href":"https:\/\/allwintheme.com\/es\/wp-json\/wp\/v2\/comments?post=13376"}],"version-history":[{"count":5,"href":"https:\/\/allwintheme.com\/es\/wp-json\/wp\/v2\/product\/13376\/revisions"}],"predecessor-version":[{"id":13382,"href":"https:\/\/allwintheme.com\/es\/wp-json\/wp\/v2\/product\/13376\/revisions\/13382"}],"wp:featuredmedia":[{"embeddable":true,"href":"https:\/\/allwintheme.com\/es\/wp-json\/wp\/v2\/media\/13377"}],"wp:attachment":[{"href":"https:\/\/allwintheme.com\/es\/wp-json\/wp\/v2\/media?parent=13376"}],"wp:term":[{"taxonomy":"product_brand","embeddable":true,"href":"https:\/\/allwintheme.com\/es\/wp-json\/wp\/v2\/product_brand?post=13376"},{"taxonomy":"product_cat","embeddable":true,"href":"https:\/\/allwintheme.com\/es\/wp-json\/wp\/v2\/product_cat?post=13376"},{"taxonomy":"product_tag","embeddable":true,"href":"https:\/\/allwintheme.com\/es\/wp-json\/wp\/v2\/product_tag?post=13376"}],"curies":[{"name":"wp","href":"https:\/\/api.w.org\/{rel}","templated":true}]}}