{"id":13399,"date":"2025-12-06T12:57:37","date_gmt":"2025-12-06T12:57:37","guid":{"rendered":"https:\/\/allwintheme.com\/?post_type=product&#038;p=13399"},"modified":"2025-12-06T13:04:48","modified_gmt":"2025-12-06T13:04:48","slug":"themer-avanzado-para-ladrillos","status":"publish","type":"product","link":"https:\/\/allwintheme.com\/es\/producto\/themer-avanzado-para-ladrillos\/","title":{"rendered":"Themer avanzado para ladrillos"},"content":{"rendered":"<div data-elementor-type=\"wp-post\" data-elementor-id=\"13399\" class=\"elementor elementor-13399\" data-elementor-settings=\"{&quot;element_pack_global_tooltip_width&quot;:{&quot;unit&quot;:&quot;px&quot;,&quot;size&quot;:&quot;&quot;,&quot;sizes&quot;:[]},&quot;element_pack_global_tooltip_width_tablet&quot;:{&quot;unit&quot;:&quot;px&quot;,&quot;size&quot;:&quot;&quot;,&quot;sizes&quot;:[]},&quot;element_pack_global_tooltip_width_mobile&quot;:{&quot;unit&quot;:&quot;px&quot;,&quot;size&quot;:&quot;&quot;,&quot;sizes&quot;:[]},&quot;element_pack_global_tooltip_padding&quot;:{&quot;unit&quot;:&quot;px&quot;,&quot;top&quot;:&quot;&quot;,&quot;right&quot;:&quot;&quot;,&quot;bottom&quot;:&quot;&quot;,&quot;left&quot;:&quot;&quot;,&quot;isLinked&quot;:true},&quot;element_pack_global_tooltip_padding_tablet&quot;:{&quot;unit&quot;:&quot;px&quot;,&quot;top&quot;:&quot;&quot;,&quot;right&quot;:&quot;&quot;,&quot;bottom&quot;:&quot;&quot;,&quot;left&quot;:&quot;&quot;,&quot;isLinked&quot;:true},&quot;element_pack_global_tooltip_padding_mobile&quot;:{&quot;unit&quot;:&quot;px&quot;,&quot;top&quot;:&quot;&quot;,&quot;right&quot;:&quot;&quot;,&quot;bottom&quot;:&quot;&quot;,&quot;left&quot;:&quot;&quot;,&quot;isLinked&quot;:true},&quot;element_pack_global_tooltip_border_radius&quot;:{&quot;unit&quot;:&quot;px&quot;,&quot;top&quot;:&quot;&quot;,&quot;right&quot;:&quot;&quot;,&quot;bottom&quot;:&quot;&quot;,&quot;left&quot;:&quot;&quot;,&quot;isLinked&quot;:true},&quot;element_pack_global_tooltip_border_radius_tablet&quot;:{&quot;unit&quot;:&quot;px&quot;,&quot;top&quot;:&quot;&quot;,&quot;right&quot;:&quot;&quot;,&quot;bottom&quot;:&quot;&quot;,&quot;left&quot;:&quot;&quot;,&quot;isLinked&quot;:true},&quot;element_pack_global_tooltip_border_radius_mobile&quot;:{&quot;unit&quot;:&quot;px&quot;,&quot;top&quot;:&quot;&quot;,&quot;right&quot;:&quot;&quot;,&quot;bottom&quot;:&quot;&quot;,&quot;left&quot;:&quot;&quot;,&quot;isLinked&quot;:true}}\" data-elementor-post-type=\"product\">\n\t\t\t\t<div class=\"wd-negative-gap elementor-element elementor-element-116794f e-flex e-con-boxed e-con e-parent\" data-id=\"116794f\" data-element_type=\"container\" data-e-type=\"container\">\n\t\t\t\t\t<div class=\"e-con-inner\">\n\t\t\t\t<div class=\"elementor-element elementor-element-03d2133 elementor-widget elementor-widget-wd_text_block\" data-id=\"03d2133\" data-element_type=\"widget\" data-e-type=\"widget\" data-widget_type=\"wd_text_block.default\">\n\t\t\t\t<div class=\"elementor-widget-container\">\n\t\t\t\t\t\t\t<div class=\"wd-text-block reset-last-child text-left\">\n\t\t\t\n\t\t\t<h2>Themer Avanzado para Bricks: Desbloquea el poder del dise\u00f1o de nivel profesional<\/h2>\n<p>Advanced Themer for Bricks es un potente complemento para el constructor de p\u00e1ginas Bricks. Ampl\u00eda tus opciones creativas con herramientas avanzadas de tematizaci\u00f3n. Construir impresionantes, sitios de WordPress personalizados m\u00e1s r\u00e1pido y m\u00e1s f\u00e1cil.<\/p>\n\n<h3>Caracter\u00edsticas principales para los usuarios de Bricks<\/h3>\n<p>Esta herramienta a\u00f1ade controles de estilo din\u00e1micos y temas preestablecidos. Funciona a la perfecci\u00f3n con Bricks Builder. Crea dise\u00f1os adaptables sin complicaciones de codificaci\u00f3n.<\/p>\n\n<h3>Mejore su flujo de trabajo<\/h3>\n<p>Advanced Themer simplifica los dise\u00f1os complejos. Admite estilos globales y l\u00f3gica condicional. Perfecto para desarrolladores y dise\u00f1adores que buscan eficiencia.<\/p>\n\n<h3>\u00bfPor qu\u00e9 elegir Advanced Themer?<\/h3>\n<ul>\n  <li><strong>Integraci\u00f3n de ladrillos:<\/strong> Construido exclusivamente para usuarios de Bricks Builder.<\/li>\n  <li><strong>Herramientas avanzadas:<\/strong> CSS din\u00e1mico, preajustes y opciones de personalizaci\u00f3n.<\/li>\n  <li><strong>Ahorro de tiempo:<\/strong> Acelere la creaci\u00f3n de sitios web con funciones profesionales.<\/li>\n  <li><strong>Uso vers\u00e1til:<\/strong> Ideal para cualquier proyecto de WordPress.<\/li>\n<\/ul>\n\n<h3>Explorar productos relacionados<\/h3>\n<p>Combine Advanced Themer con estas integraciones de Stripe para comercio electr\u00f3nico y donaciones:<\/p>\n<ul>\n  <li><a href=\"https:\/\/allwintheme.com\/es\/producto\/wp-anuncios-stripe-integracion\/\">WP Adverts Integraci\u00f3n con Stripe<\/a> - Acepte pagos por anuncios clasificados f\u00e1cilmente.<\/li>\n  <li><a href=\"https:\/\/allwintheme.com\/es\/producto\/give-stripe-gateway\/\">Regale Stripe Gateway<\/a> - Donaciones seguras a trav\u00e9s de Stripe para organizaciones sin \u00e1nimo de lucro.<\/li>\n  <li><a href=\"https:\/\/allwintheme.com\/es\/producto\/yith-stripe-connect-para-woocommerce\/\">YITH Stripe Connect para WooCommerce<\/a> - Pagos multiproveedor en tiendas Woo.<\/li>\n  <li><a href=\"https:\/\/allwintheme.com\/es\/producto\/addon-stripe-de-learnpress\/\">Complemento Stripe de LearnPress<\/a> - Procese los pagos de los cursos sin problemas.<\/li>\n<\/ul>\n\n<p>Echa un vistazo a este tema de juegos para inspirarte:<\/p>\n<ul>\n  <li><a href=\"https:\/\/allwintheme.com\/es\/producto\/gamic-metaverse-game-crypto-gaming-wordpress-theme\/\">Gamic Metaverso Juego Crypto Gaming Tema<\/a> - Dise\u00f1o moderno para sitios de criptojuegos.<\/li>\n<\/ul>\n\n<h3>Recursos externos<\/h3>\n<p>Para m\u00e1s plugins y temas de WordPress, visite <a href=\"https:\/\/www.wpkvip.com\">WP KVIP<\/a>. Ofrece descargas gratuitas GPL centradas en criptomonedas, blockchain y herramientas optimizadas.<\/p>\n\n<p>Potencia tus proyectos de Bricks con Advanced Themer hoy mismo. \u00a1Empieza a dise\u00f1ar con confianza!<\/p>\n\t\t\t\t\t<\/div>\n\t\t\t\t\t\t<\/div>\n\t\t\t\t<\/div>\n\t\t\t\t\t<\/div>\n\t\t\t\t<\/div>\n\t\t<div class=\"wd-negative-gap elementor-element elementor-element-26c2fc6 e-flex e-con-boxed e-con e-parent\" data-id=\"26c2fc6\" data-element_type=\"container\" data-e-type=\"container\">\n\t\t\t\t\t<div class=\"e-con-inner\">\n\t\t\t\t<div class=\"elementor-element elementor-element-ac3f7c3 elementor-widget elementor-widget-video\" data-id=\"ac3f7c3\" data-element_type=\"widget\" data-e-type=\"widget\" data-settings=\"{&quot;youtube_url&quot;:&quot;https:\\\/\\\/youtu.be\\\/IOlsZKaZve0?list=PLe-pDxdbN28nlniPH2Ep7bJjShC5ZwI3w&quot;,&quot;video_type&quot;:&quot;youtube&quot;,&quot;controls&quot;:&quot;yes&quot;}\" data-widget_type=\"video.default\">\n\t\t\t\t\t\t\t<div class=\"elementor-wrapper elementor-open-inline\">\n\t\t\t<div class=\"elementor-video\"><\/div>\t\t<\/div>\n\t\t\t\t\t\t<\/div>\n\t\t\t\t\t<\/div>\n\t\t\t\t<\/div>\n\t\t\t\t<\/div>","protected":false},"excerpt":{"rendered":"<p>Advanced Themer for Bricks: Unlock Pro-Level Design Power Advanced Themer for Bricks is a powerful add-on for the Bricks page<\/p>","protected":false},"featured_media":13400,"comment_status":"open","ping_status":"closed","template":"","meta":{"_acf_changed":false},"product_brand":[],"product_cat":[49],"product_tag":[],"class_list":{"0":"post-13399","1":"product","2":"type-product","3":"status-publish","4":"has-post-thumbnail","6":"product_cat-plugins","8":"first","9":"instock","10":"sale","11":"downloadable","12":"shipping-taxable","13":"purchasable","14":"product-type-simple"},"acf":[],"yoast_head":"<!-- This site is optimized with the Yoast SEO Premium plugin v25.6 (Yoast SEO v27.1.1) - https:\/\/yoast.com\/product\/yoast-seo-premium-wordpress\/ -->\n<title>Advanced Themer for Bricks - AllWin Theme \u2013 Free WordPress Themes Download<\/title>\n<meta name=\"description\" content=\"Advanced Themer for Bricks enhances your Bricks Builder sites with advanced styling and customization options for professional WordPress designs.\" \/>\n<meta name=\"robots\" content=\"index, follow, max-snippet:-1, max-image-preview:large, max-video-preview:-1\" \/>\n<link rel=\"canonical\" href=\"https:\/\/allwintheme.com\/es\/producto\/themer-avanzado-para-ladrillos\/\" \/>\n<meta property=\"og:locale\" content=\"es_ES\" \/>\n<meta property=\"og:type\" content=\"article\" \/>\n<meta property=\"og:title\" content=\"Advanced Themer for Bricks\" \/>\n<meta property=\"og:description\" content=\"Advanced Themer for Bricks enhances your Bricks Builder sites with advanced styling and customization options for professional WordPress designs.\" \/>\n<meta property=\"og:url\" content=\"https:\/\/allwintheme.com\/es\/producto\/themer-avanzado-para-ladrillos\/\" \/>\n<meta property=\"og:site_name\" content=\"AllWin Theme \u2013 Free WordPress Themes Download\" \/>\n<meta property=\"article:modified_time\" content=\"2025-12-06T13:04:48+00:00\" \/>\n<meta property=\"og:image\" content=\"https:\/\/allwintheme.com\/wp-content\/uploads\/2025\/12\/Advanced-Themer-for-Bricksi.png\" \/>\n\t<meta property=\"og:image:width\" content=\"590\" \/>\n\t<meta property=\"og:image:height\" content=\"300\" \/>\n\t<meta property=\"og:image:type\" content=\"image\/png\" \/>\n<meta name=\"twitter:card\" content=\"summary_large_image\" \/>\n<meta name=\"twitter:label1\" content=\"Tiempo estimado de lectura\" \/>\n\t<meta name=\"twitter:data1\" content=\"2 minutos\" \/>\n<script type=\"application\/ld+json\" class=\"yoast-schema-graph\">{\"@context\":\"https:\/\/schema.org\",\"@graph\":[{\"@type\":\"WebPage\",\"@id\":\"https:\/\/allwintheme.com\/product\/advanced-themer-for-bricks\/\",\"url\":\"https:\/\/allwintheme.com\/product\/advanced-themer-for-bricks\/\",\"name\":\"Advanced Themer for Bricks - AllWin Theme \u2013 Free WordPress Themes Download\",\"isPartOf\":{\"@id\":\"https:\/\/allwintheme.com\/#website\"},\"primaryImageOfPage\":{\"@id\":\"https:\/\/allwintheme.com\/product\/advanced-themer-for-bricks\/#primaryimage\"},\"image\":{\"@id\":\"https:\/\/allwintheme.com\/product\/advanced-themer-for-bricks\/#primaryimage\"},\"thumbnailUrl\":\"https:\/\/allwintheme.com\/wp-content\/uploads\/2025\/12\/Advanced-Themer-for-Bricksi.png\",\"datePublished\":\"2025-12-06T12:57:37+00:00\",\"dateModified\":\"2025-12-06T13:04:48+00:00\",\"description\":\"Advanced Themer for Bricks enhances your Bricks Builder sites with advanced styling and customization options for professional WordPress designs.\",\"breadcrumb\":{\"@id\":\"https:\/\/allwintheme.com\/product\/advanced-themer-for-bricks\/#breadcrumb\"},\"inLanguage\":\"es-CL\",\"potentialAction\":[{\"@type\":\"ReadAction\",\"target\":[\"https:\/\/allwintheme.com\/product\/advanced-themer-for-bricks\/\"]}]},{\"@type\":\"ImageObject\",\"inLanguage\":\"es-CL\",\"@id\":\"https:\/\/allwintheme.com\/product\/advanced-themer-for-bricks\/#primaryimage\",\"url\":\"https:\/\/allwintheme.com\/wp-content\/uploads\/2025\/12\/Advanced-Themer-for-Bricksi.png\",\"contentUrl\":\"https:\/\/allwintheme.com\/wp-content\/uploads\/2025\/12\/Advanced-Themer-for-Bricksi.png\",\"width\":590,\"height\":300,\"caption\":\"Advanced Themer for Bricks\"},{\"@type\":\"BreadcrumbList\",\"@id\":\"https:\/\/allwintheme.com\/product\/advanced-themer-for-bricks\/#breadcrumb\",\"itemListElement\":[{\"@type\":\"ListItem\",\"position\":1,\"name\":\"Home\",\"item\":\"https:\/\/allwintheme.com\/\"},{\"@type\":\"ListItem\",\"position\":2,\"name\":\"Shop\",\"item\":\"https:\/\/allwintheme.com\/shop\/\"},{\"@type\":\"ListItem\",\"position\":3,\"name\":\"Advanced Themer for Bricks\"}]},{\"@type\":\"WebSite\",\"@id\":\"https:\/\/allwintheme.com\/#website\",\"url\":\"https:\/\/allwintheme.com\/\",\"name\":\"Allwintheme\",\"description\":\"Download free WordPress themes for every niche. Blogs, business, eCommerce, portfolio, restaurant and more. All themes are GPL licensed and mobile-ready.\",\"potentialAction\":[{\"@type\":\"SearchAction\",\"target\":{\"@type\":\"EntryPoint\",\"urlTemplate\":\"https:\/\/allwintheme.com\/?s={search_term_string}\"},\"query-input\":{\"@type\":\"PropertyValueSpecification\",\"valueRequired\":true,\"valueName\":\"search_term_string\"}}],\"inLanguage\":\"es-CL\"}]}<\/script>\n<!-- \/ Yoast SEO Premium plugin. -->","yoast_head_json":{"title":"Advanced Themer for Bricks - AllWin Theme - Free WordPress Themes Download","description":"Advanced Themer for Bricks mejora tus sitios Bricks Builder con opciones avanzadas de estilo y personalizaci\u00f3n para dise\u00f1os WordPress profesionales.","robots":{"index":"index","follow":"follow","max-snippet":"max-snippet:-1","max-image-preview":"max-image-preview:large","max-video-preview":"max-video-preview:-1"},"canonical":"https:\/\/allwintheme.com\/es\/producto\/themer-avanzado-para-ladrillos\/","og_locale":"es_ES","og_type":"article","og_title":"Advanced Themer for Bricks","og_description":"Advanced Themer for Bricks enhances your Bricks Builder sites with advanced styling and customization options for professional WordPress designs.","og_url":"https:\/\/allwintheme.com\/es\/producto\/themer-avanzado-para-ladrillos\/","og_site_name":"AllWin Theme \u2013 Free WordPress Themes Download","article_modified_time":"2025-12-06T13:04:48+00:00","og_image":[{"width":590,"height":300,"url":"https:\/\/allwintheme.com\/wp-content\/uploads\/2025\/12\/Advanced-Themer-for-Bricksi.png","type":"image\/png"}],"twitter_card":"summary_large_image","twitter_misc":{"Tiempo estimado de lectura":"2 minutos"},"schema":{"@context":"https:\/\/schema.org","@graph":[{"@type":"WebPage","@id":"https:\/\/allwintheme.com\/product\/advanced-themer-for-bricks\/","url":"https:\/\/allwintheme.com\/product\/advanced-themer-for-bricks\/","name":"Advanced Themer for Bricks - AllWin Theme - Free WordPress Themes Download","isPartOf":{"@id":"https:\/\/allwintheme.com\/#website"},"primaryImageOfPage":{"@id":"https:\/\/allwintheme.com\/product\/advanced-themer-for-bricks\/#primaryimage"},"image":{"@id":"https:\/\/allwintheme.com\/product\/advanced-themer-for-bricks\/#primaryimage"},"thumbnailUrl":"https:\/\/allwintheme.com\/wp-content\/uploads\/2025\/12\/Advanced-Themer-for-Bricksi.png","datePublished":"2025-12-06T12:57:37+00:00","dateModified":"2025-12-06T13:04:48+00:00","description":"Advanced Themer for Bricks mejora tus sitios Bricks Builder con opciones avanzadas de estilo y personalizaci\u00f3n para dise\u00f1os WordPress profesionales.","breadcrumb":{"@id":"https:\/\/allwintheme.com\/product\/advanced-themer-for-bricks\/#breadcrumb"},"inLanguage":"es-CL","potentialAction":[{"@type":"ReadAction","target":["https:\/\/allwintheme.com\/product\/advanced-themer-for-bricks\/"]}]},{"@type":"ImageObject","inLanguage":"es-CL","@id":"https:\/\/allwintheme.com\/product\/advanced-themer-for-bricks\/#primaryimage","url":"https:\/\/allwintheme.com\/wp-content\/uploads\/2025\/12\/Advanced-Themer-for-Bricksi.png","contentUrl":"https:\/\/allwintheme.com\/wp-content\/uploads\/2025\/12\/Advanced-Themer-for-Bricksi.png","width":590,"height":300,"caption":"Advanced Themer for Bricks"},{"@type":"BreadcrumbList","@id":"https:\/\/allwintheme.com\/product\/advanced-themer-for-bricks\/#breadcrumb","itemListElement":[{"@type":"ListItem","position":1,"name":"Home","item":"https:\/\/allwintheme.com\/"},{"@type":"ListItem","position":2,"name":"Shop","item":"https:\/\/allwintheme.com\/shop\/"},{"@type":"ListItem","position":3,"name":"Advanced Themer for Bricks"}]},{"@type":"WebSite","@id":"https:\/\/allwintheme.com\/#website","url":"https:\/\/allwintheme.com\/","name":"Allwintheme","description":"Descarga gratis temas de WordPress para todos los nichos. Blogs, negocios, comercio electr\u00f3nico, portafolio, restaurante y m\u00e1s. Todos los temas tienen licencia GPL y est\u00e1n preparados para dispositivos m\u00f3viles.","potentialAction":[{"@type":"SearchAction","target":{"@type":"EntryPoint","urlTemplate":"https:\/\/allwintheme.com\/?s={search_term_string}"},"query-input":{"@type":"PropertyValueSpecification","valueRequired":true,"valueName":"search_term_string"}}],"inLanguage":"es-CL"}]}},"_links":{"self":[{"href":"https:\/\/allwintheme.com\/es\/wp-json\/wp\/v2\/product\/13399","targetHints":{"allow":["GET"]}}],"collection":[{"href":"https:\/\/allwintheme.com\/es\/wp-json\/wp\/v2\/product"}],"about":[{"href":"https:\/\/allwintheme.com\/es\/wp-json\/wp\/v2\/types\/product"}],"replies":[{"embeddable":true,"href":"https:\/\/allwintheme.com\/es\/wp-json\/wp\/v2\/comments?post=13399"}],"version-history":[{"count":5,"href":"https:\/\/allwintheme.com\/es\/wp-json\/wp\/v2\/product\/13399\/revisions"}],"predecessor-version":[{"id":13405,"href":"https:\/\/allwintheme.com\/es\/wp-json\/wp\/v2\/product\/13399\/revisions\/13405"}],"wp:featuredmedia":[{"embeddable":true,"href":"https:\/\/allwintheme.com\/es\/wp-json\/wp\/v2\/media\/13400"}],"wp:attachment":[{"href":"https:\/\/allwintheme.com\/es\/wp-json\/wp\/v2\/media?parent=13399"}],"wp:term":[{"taxonomy":"product_brand","embeddable":true,"href":"https:\/\/allwintheme.com\/es\/wp-json\/wp\/v2\/product_brand?post=13399"},{"taxonomy":"product_cat","embeddable":true,"href":"https:\/\/allwintheme.com\/es\/wp-json\/wp\/v2\/product_cat?post=13399"},{"taxonomy":"product_tag","embeddable":true,"href":"https:\/\/allwintheme.com\/es\/wp-json\/wp\/v2\/product_tag?post=13399"}],"curies":[{"name":"wp","href":"https:\/\/api.w.org\/{rel}","templated":true}]}}