{"id":13479,"date":"2025-12-13T02:13:29","date_gmt":"2025-12-13T02:13:29","guid":{"rendered":"https:\/\/allwintheme.com\/?post_type=product&#038;p=13479"},"modified":"2025-12-15T12:16:41","modified_gmt":"2025-12-15T12:16:41","slug":"habitate-smart-home-services-elementor-template","status":"publish","type":"product","link":"https:\/\/allwintheme.com\/es\/producto\/habitate-smart-home-services-elementor-template\/","title":{"rendered":"Habitate: Smart Home Services Elementor Template Kit"},"content":{"rendered":"<div data-elementor-type=\"wp-post\" data-elementor-id=\"13479\" class=\"elementor elementor-13479\" data-elementor-settings=\"{&quot;element_pack_global_tooltip_width&quot;:{&quot;unit&quot;:&quot;px&quot;,&quot;size&quot;:&quot;&quot;,&quot;sizes&quot;:[]},&quot;element_pack_global_tooltip_width_tablet&quot;:{&quot;unit&quot;:&quot;px&quot;,&quot;size&quot;:&quot;&quot;,&quot;sizes&quot;:[]},&quot;element_pack_global_tooltip_width_mobile&quot;:{&quot;unit&quot;:&quot;px&quot;,&quot;size&quot;:&quot;&quot;,&quot;sizes&quot;:[]},&quot;element_pack_global_tooltip_padding&quot;:{&quot;unit&quot;:&quot;px&quot;,&quot;top&quot;:&quot;&quot;,&quot;right&quot;:&quot;&quot;,&quot;bottom&quot;:&quot;&quot;,&quot;left&quot;:&quot;&quot;,&quot;isLinked&quot;:true},&quot;element_pack_global_tooltip_padding_tablet&quot;:{&quot;unit&quot;:&quot;px&quot;,&quot;top&quot;:&quot;&quot;,&quot;right&quot;:&quot;&quot;,&quot;bottom&quot;:&quot;&quot;,&quot;left&quot;:&quot;&quot;,&quot;isLinked&quot;:true},&quot;element_pack_global_tooltip_padding_mobile&quot;:{&quot;unit&quot;:&quot;px&quot;,&quot;top&quot;:&quot;&quot;,&quot;right&quot;:&quot;&quot;,&quot;bottom&quot;:&quot;&quot;,&quot;left&quot;:&quot;&quot;,&quot;isLinked&quot;:true},&quot;element_pack_global_tooltip_border_radius&quot;:{&quot;unit&quot;:&quot;px&quot;,&quot;top&quot;:&quot;&quot;,&quot;right&quot;:&quot;&quot;,&quot;bottom&quot;:&quot;&quot;,&quot;left&quot;:&quot;&quot;,&quot;isLinked&quot;:true},&quot;element_pack_global_tooltip_border_radius_tablet&quot;:{&quot;unit&quot;:&quot;px&quot;,&quot;top&quot;:&quot;&quot;,&quot;right&quot;:&quot;&quot;,&quot;bottom&quot;:&quot;&quot;,&quot;left&quot;:&quot;&quot;,&quot;isLinked&quot;:true},&quot;element_pack_global_tooltip_border_radius_mobile&quot;:{&quot;unit&quot;:&quot;px&quot;,&quot;top&quot;:&quot;&quot;,&quot;right&quot;:&quot;&quot;,&quot;bottom&quot;:&quot;&quot;,&quot;left&quot;:&quot;&quot;,&quot;isLinked&quot;:true}}\" data-elementor-post-type=\"product\">\n\t\t\t\t<div class=\"wd-negative-gap elementor-element elementor-element-116794f e-flex e-con-boxed e-con e-parent\" data-id=\"116794f\" data-element_type=\"container\" data-e-type=\"container\">\n\t\t\t\t\t<div class=\"e-con-inner\">\n\t\t\t\t<div class=\"elementor-element elementor-element-03d2133 elementor-widget elementor-widget-wd_text_block\" data-id=\"03d2133\" data-element_type=\"widget\" data-e-type=\"widget\" data-widget_type=\"wd_text_block.default\">\n\t\t\t\t<div class=\"elementor-widget-container\">\n\t\t\t\t\t\t\t<div class=\"wd-text-block reset-last-child text-left\">\n\t\t\t\n\t\t\t<h2>He resuelto el proceso de creaci\u00f3n de sitios web por ti<\/h2><p>Crear un sitio web profesional para tu negocio de servicios dom\u00e9sticos inteligentes no deber\u00eda resultar abrumador. Aqu\u00ed es donde entra Habitate: un kit de plantillas Elementor inteligente dise\u00f1ado espec\u00edficamente para usuarios de WordPress que buscan mostrar automatizaci\u00f3n del hogar, soluciones IoT y configuraciones de vida inteligentes. Tanto si eres un experto en iluminaci\u00f3n inteligente, sistemas de seguridad o casas controladas por voz, este kit simplifica todo el proceso, permiti\u00e9ndote centrarte en lo que mejor sabes hacer.<\/p><h3>Dise\u00f1o sin esfuerzo para profesionales del hogar inteligente<\/h3><p>Habitate ofrece una colecci\u00f3n de plantillas responsive predise\u00f1adas y optimizadas para Elementor Page Builder. Desde elegantes p\u00e1ginas de servicio que destacan sus \u00faltimas instalaciones hasta galer\u00edas interactivas de dispositivos conectados, todo est\u00e1 listo para personalizar. Es perfecto para proveedores de servicios, consultores tecnol\u00f3gicos o incluso blogs educativos sobre tendencias tecnol\u00f3gicas emergentes para el hogar. No es necesario programar: s\u00f3lo tienes que arrastrar, soltar y poner en marcha un sitio moderno y f\u00e1cil de usar que convierte a los visitantes en clientes.<\/p><h3>Integraci\u00f3n perfecta y flexibilidad<\/h3><p>Este no es un tema completo de WordPress; es un kit de plantillas ligero construido para trabajar mano a mano con Elementor. Lo hemos optimizado para el tema gratuito Hello Elementor, pero funciona perfectamente con la mayor\u00eda de las configuraciones de WordPress compatibles. A\u00f1ade tu marca, incrusta v\u00eddeos de instalaciones inteligentes o integra formularios de reserva, todo ello de forma r\u00e1pida y optimizada para dispositivos m\u00f3viles para los propietarios que se desplazan.<\/p><h3>\u00bfPor qu\u00e9 elegir Habitate?<\/h3><p>Imagine lanzar un sitio web que no s\u00f3lo tenga un aspecto vanguardista, sino que tambi\u00e9n agilice su flujo de trabajo. Habitate se encarga del trabajo pesado, para que puedas destacar tu experiencia en termostatos inteligentes, persianas automatizadas o ecosistemas dom\u00e9sticos completos. Es lo suficientemente vers\u00e1til para emprendedores en solitario o agencias en crecimiento, garantizando que tu presencia online se corresponda con la innovaci\u00f3n que aportas a los hogares de tus clientes.<\/p><h3>M\u00e1s informaci\u00f3n sobre AllWinTheme<\/h3><p>\u00bfQuiere ampliar sus herramientas? Eche un vistazo a estos productos relacionados para complementar su sitio dom\u00e9stico inteligente:<\/p><ul><li><a href=\"https:\/\/allwintheme.com\/es\/producto\/mizox-agencia-de-diseno-web-wordpress\/\">Mizox - Agencia de dise\u00f1o web Tema de WordPress<\/a>: Un tema completo para agencias creativas que crean experiencias digitales.<\/li><li><a href=\"https:\/\/allwintheme.com\/es\/producto\/glassesco-sunglass-woocommerce-theme\/\">GlassesCo - Sunglass WooCommerce Theme<\/a>: Preparado para el comercio electr\u00f3nico.<\/li><li><a href=\"https:\/\/allwintheme.com\/es\/producto\/dar-convertkit\/\">Integraci\u00f3n de Give + ConvertKit<\/a>: Email marketing sin fisuras para organizaciones sin \u00e1nimo de lucro y campa\u00f1as.<\/li><li><a href=\"https:\/\/allwintheme.com\/es\/producto\/coinyx-cryptocurrency-blockchain-bitcoin-elementor-template\/\">Coinyx - Cryptocurrency Plantilla Elementor<\/a>: Plantillas modernas para empresas de blockchain y criptomonedas.<\/li><li><a href=\"https:\/\/allwintheme.com\/es\/producto\/coinary-blockchain-cryptocurrency-bitcoin-elementor-template\/\">Coinary - Blockchain Plantilla Elementor<\/a>: Dise\u00f1os elegantes para Bitcoin y plataformas de activos digitales.<\/li><\/ul><p>Para obtener m\u00e1s recursos de WordPress, incluidos temas gratuitos con licencia GPL, plugins y kits de Elementor adaptados a la tecnolog\u00eda y el dise\u00f1o, visite nuestro socio de confianza <a href=\"https:\/\/www.wpkvip.com\">WP Desbloqueado<\/a>. Tienen de todo, desde herramientas centradas en criptomonedas hasta plugins de migraci\u00f3n para potenciar tus proyectos.<\/p><p>\u00bfListo para automatizar tu presencia online? Obtenga Habitate hoy mismo y convierta su experiencia en el hogar inteligente en un sitio web destacado.<\/p>\n\t\t\t\t\t<\/div>\n\t\t\t\t\t\t<\/div>\n\t\t\t\t<\/div>\n\t\t\t\t\t<\/div>\n\t\t\t\t<\/div>\n\t\t\t\t<\/div>","protected":false},"excerpt":{"rendered":"<p>I&#8217;ve Figured Out the Website Building Process for You Building a professional website for your smart home services business shouldn&#8217;t<\/p>","protected":false},"featured_media":13480,"comment_status":"open","ping_status":"closed","template":"","meta":{"_acf_changed":false},"product_brand":[],"product_cat":[50],"product_tag":[],"class_list":{"0":"post-13479","1":"product","2":"type-product","3":"status-publish","4":"has-post-thumbnail","6":"product_cat-template-kits","8":"first","9":"instock","10":"sale","11":"downloadable","12":"shipping-taxable","13":"purchasable","14":"product-type-simple"},"acf":[],"yoast_head":"<!-- This site is optimized with the Yoast SEO Premium plugin v25.6 (Yoast SEO v27.1.1) - https:\/\/yoast.com\/product\/yoast-seo-premium-wordpress\/ -->\n<title>Habitate: Smart Home Services Elementor Template Kit - AllWin Theme \u2013 Free WordPress Themes Download<\/title>\n<meta name=\"description\" content=\"Build a sleek smart home services site effortlessly with Habitate, an Elementor Template Kit for WordPress. Ideal for automation, IoT, and home tech pros.\" \/>\n<meta name=\"robots\" content=\"index, follow, max-snippet:-1, max-image-preview:large, max-video-preview:-1\" \/>\n<link rel=\"canonical\" href=\"https:\/\/allwintheme.com\/es\/producto\/habitate-smart-home-services-elementor-template\/\" \/>\n<meta property=\"og:locale\" content=\"es_ES\" \/>\n<meta property=\"og:type\" content=\"article\" \/>\n<meta property=\"og:title\" content=\"Habitate: Smart Home Services Elementor Template Kit\" \/>\n<meta property=\"og:description\" content=\"Build a sleek smart home services site effortlessly with Habitate, an Elementor Template Kit for WordPress. Ideal for automation, IoT, and home tech pros.\" \/>\n<meta property=\"og:url\" content=\"https:\/\/allwintheme.com\/es\/producto\/habitate-smart-home-services-elementor-template\/\" \/>\n<meta property=\"og:site_name\" content=\"AllWin Theme \u2013 Free WordPress Themes Download\" \/>\n<meta property=\"article:modified_time\" content=\"2025-12-15T12:16:41+00:00\" \/>\n<meta property=\"og:image\" content=\"https:\/\/allwintheme.com\/wp-content\/uploads\/2025\/12\/Habit.png\" \/>\n\t<meta property=\"og:image:width\" content=\"768\" \/>\n\t<meta property=\"og:image:height\" content=\"410\" \/>\n\t<meta property=\"og:image:type\" content=\"image\/png\" \/>\n<meta name=\"twitter:card\" content=\"summary_large_image\" \/>\n<meta name=\"twitter:label1\" content=\"Tiempo estimado de lectura\" \/>\n\t<meta name=\"twitter:data1\" content=\"2 minutos\" \/>\n<script type=\"application\/ld+json\" class=\"yoast-schema-graph\">{\"@context\":\"https:\/\/schema.org\",\"@graph\":[{\"@type\":\"WebPage\",\"@id\":\"https:\/\/allwintheme.com\/product\/habitate-smart-home-services-elementor-template\/\",\"url\":\"https:\/\/allwintheme.com\/product\/habitate-smart-home-services-elementor-template\/\",\"name\":\"Habitate: Smart Home Services Elementor Template Kit - AllWin Theme \u2013 Free WordPress Themes Download\",\"isPartOf\":{\"@id\":\"https:\/\/allwintheme.com\/#website\"},\"primaryImageOfPage\":{\"@id\":\"https:\/\/allwintheme.com\/product\/habitate-smart-home-services-elementor-template\/#primaryimage\"},\"image\":{\"@id\":\"https:\/\/allwintheme.com\/product\/habitate-smart-home-services-elementor-template\/#primaryimage\"},\"thumbnailUrl\":\"https:\/\/allwintheme.com\/wp-content\/uploads\/2025\/12\/Habit.png\",\"datePublished\":\"2025-12-13T02:13:29+00:00\",\"dateModified\":\"2025-12-15T12:16:41+00:00\",\"description\":\"Build a sleek smart home services site effortlessly with Habitate, an Elementor Template Kit for WordPress. Ideal for automation, IoT, and home tech pros.\",\"breadcrumb\":{\"@id\":\"https:\/\/allwintheme.com\/product\/habitate-smart-home-services-elementor-template\/#breadcrumb\"},\"inLanguage\":\"es-CL\",\"potentialAction\":[{\"@type\":\"ReadAction\",\"target\":[\"https:\/\/allwintheme.com\/product\/habitate-smart-home-services-elementor-template\/\"]}]},{\"@type\":\"ImageObject\",\"inLanguage\":\"es-CL\",\"@id\":\"https:\/\/allwintheme.com\/product\/habitate-smart-home-services-elementor-template\/#primaryimage\",\"url\":\"https:\/\/allwintheme.com\/wp-content\/uploads\/2025\/12\/Habit.png\",\"contentUrl\":\"https:\/\/allwintheme.com\/wp-content\/uploads\/2025\/12\/Habit.png\",\"width\":768,\"height\":410,\"caption\":\"Habitate \u2013 Smart Home Services Elementor Template\"},{\"@type\":\"BreadcrumbList\",\"@id\":\"https:\/\/allwintheme.com\/product\/habitate-smart-home-services-elementor-template\/#breadcrumb\",\"itemListElement\":[{\"@type\":\"ListItem\",\"position\":1,\"name\":\"Home\",\"item\":\"https:\/\/allwintheme.com\/\"},{\"@type\":\"ListItem\",\"position\":2,\"name\":\"Shop\",\"item\":\"https:\/\/allwintheme.com\/shop\/\"},{\"@type\":\"ListItem\",\"position\":3,\"name\":\"Habitate: Smart Home Services Elementor Template Kit\"}]},{\"@type\":\"WebSite\",\"@id\":\"https:\/\/allwintheme.com\/#website\",\"url\":\"https:\/\/allwintheme.com\/\",\"name\":\"Allwintheme\",\"description\":\"Download free WordPress themes for every niche. Blogs, business, eCommerce, portfolio, restaurant and more. All themes are GPL licensed and mobile-ready.\",\"potentialAction\":[{\"@type\":\"SearchAction\",\"target\":{\"@type\":\"EntryPoint\",\"urlTemplate\":\"https:\/\/allwintheme.com\/?s={search_term_string}\"},\"query-input\":{\"@type\":\"PropertyValueSpecification\",\"valueRequired\":true,\"valueName\":\"search_term_string\"}}],\"inLanguage\":\"es-CL\"}]}<\/script>\n<!-- \/ Yoast SEO Premium plugin. -->","yoast_head_json":{"title":"Habitate: Smart Home Services Elementor Template Kit - AllWin Theme \u2013 Free WordPress Themes Download","description":"Crea un sitio web de servicios dom\u00e9sticos inteligentes sin esfuerzo con Habitate, un kit de plantillas Elementor para WordPress. Ideal para profesionales de automatizaci\u00f3n, IoT y tecnolog\u00eda dom\u00e9stica.","robots":{"index":"index","follow":"follow","max-snippet":"max-snippet:-1","max-image-preview":"max-image-preview:large","max-video-preview":"max-video-preview:-1"},"canonical":"https:\/\/allwintheme.com\/es\/producto\/habitate-smart-home-services-elementor-template\/","og_locale":"es_ES","og_type":"article","og_title":"Habitate: Smart Home Services Elementor Template Kit","og_description":"Build a sleek smart home services site effortlessly with Habitate, an Elementor Template Kit for WordPress. Ideal for automation, IoT, and home tech pros.","og_url":"https:\/\/allwintheme.com\/es\/producto\/habitate-smart-home-services-elementor-template\/","og_site_name":"AllWin Theme \u2013 Free WordPress Themes Download","article_modified_time":"2025-12-15T12:16:41+00:00","og_image":[{"width":768,"height":410,"url":"https:\/\/allwintheme.com\/wp-content\/uploads\/2025\/12\/Habit.png","type":"image\/png"}],"twitter_card":"summary_large_image","twitter_misc":{"Tiempo estimado de lectura":"2 minutos"},"schema":{"@context":"https:\/\/schema.org","@graph":[{"@type":"WebPage","@id":"https:\/\/allwintheme.com\/product\/habitate-smart-home-services-elementor-template\/","url":"https:\/\/allwintheme.com\/product\/habitate-smart-home-services-elementor-template\/","name":"Habitate: Smart Home Services Elementor Template Kit - AllWin Theme \u2013 Free WordPress Themes Download","isPartOf":{"@id":"https:\/\/allwintheme.com\/#website"},"primaryImageOfPage":{"@id":"https:\/\/allwintheme.com\/product\/habitate-smart-home-services-elementor-template\/#primaryimage"},"image":{"@id":"https:\/\/allwintheme.com\/product\/habitate-smart-home-services-elementor-template\/#primaryimage"},"thumbnailUrl":"https:\/\/allwintheme.com\/wp-content\/uploads\/2025\/12\/Habit.png","datePublished":"2025-12-13T02:13:29+00:00","dateModified":"2025-12-15T12:16:41+00:00","description":"Crea un sitio web de servicios dom\u00e9sticos inteligentes sin esfuerzo con Habitate, un kit de plantillas Elementor para WordPress. Ideal para profesionales de automatizaci\u00f3n, IoT y tecnolog\u00eda dom\u00e9stica.","breadcrumb":{"@id":"https:\/\/allwintheme.com\/product\/habitate-smart-home-services-elementor-template\/#breadcrumb"},"inLanguage":"es-CL","potentialAction":[{"@type":"ReadAction","target":["https:\/\/allwintheme.com\/product\/habitate-smart-home-services-elementor-template\/"]}]},{"@type":"ImageObject","inLanguage":"es-CL","@id":"https:\/\/allwintheme.com\/product\/habitate-smart-home-services-elementor-template\/#primaryimage","url":"https:\/\/allwintheme.com\/wp-content\/uploads\/2025\/12\/Habit.png","contentUrl":"https:\/\/allwintheme.com\/wp-content\/uploads\/2025\/12\/Habit.png","width":768,"height":410,"caption":"Habitate \u2013 Smart Home Services Elementor Template"},{"@type":"BreadcrumbList","@id":"https:\/\/allwintheme.com\/product\/habitate-smart-home-services-elementor-template\/#breadcrumb","itemListElement":[{"@type":"ListItem","position":1,"name":"Home","item":"https:\/\/allwintheme.com\/"},{"@type":"ListItem","position":2,"name":"Shop","item":"https:\/\/allwintheme.com\/shop\/"},{"@type":"ListItem","position":3,"name":"Habitate: Smart Home Services Elementor Template Kit"}]},{"@type":"WebSite","@id":"https:\/\/allwintheme.com\/#website","url":"https:\/\/allwintheme.com\/","name":"Allwintheme","description":"Descarga gratis temas de WordPress para todos los nichos. Blogs, negocios, comercio electr\u00f3nico, portafolio, restaurante y m\u00e1s. Todos los temas tienen licencia GPL y est\u00e1n preparados para dispositivos m\u00f3viles.","potentialAction":[{"@type":"SearchAction","target":{"@type":"EntryPoint","urlTemplate":"https:\/\/allwintheme.com\/?s={search_term_string}"},"query-input":{"@type":"PropertyValueSpecification","valueRequired":true,"valueName":"search_term_string"}}],"inLanguage":"es-CL"}]}},"_links":{"self":[{"href":"https:\/\/allwintheme.com\/es\/wp-json\/wp\/v2\/product\/13479","targetHints":{"allow":["GET"]}}],"collection":[{"href":"https:\/\/allwintheme.com\/es\/wp-json\/wp\/v2\/product"}],"about":[{"href":"https:\/\/allwintheme.com\/es\/wp-json\/wp\/v2\/types\/product"}],"replies":[{"embeddable":true,"href":"https:\/\/allwintheme.com\/es\/wp-json\/wp\/v2\/comments?post=13479"}],"version-history":[{"count":5,"href":"https:\/\/allwintheme.com\/es\/wp-json\/wp\/v2\/product\/13479\/revisions"}],"predecessor-version":[{"id":13491,"href":"https:\/\/allwintheme.com\/es\/wp-json\/wp\/v2\/product\/13479\/revisions\/13491"}],"wp:featuredmedia":[{"embeddable":true,"href":"https:\/\/allwintheme.com\/es\/wp-json\/wp\/v2\/media\/13480"}],"wp:attachment":[{"href":"https:\/\/allwintheme.com\/es\/wp-json\/wp\/v2\/media?parent=13479"}],"wp:term":[{"taxonomy":"product_brand","embeddable":true,"href":"https:\/\/allwintheme.com\/es\/wp-json\/wp\/v2\/product_brand?post=13479"},{"taxonomy":"product_cat","embeddable":true,"href":"https:\/\/allwintheme.com\/es\/wp-json\/wp\/v2\/product_cat?post=13479"},{"taxonomy":"product_tag","embeddable":true,"href":"https:\/\/allwintheme.com\/es\/wp-json\/wp\/v2\/product_tag?post=13479"}],"curies":[{"name":"wp","href":"https:\/\/api.w.org\/{rel}","templated":true}]}}