{"id":13565,"date":"2025-12-16T12:09:51","date_gmt":"2025-12-16T12:09:51","guid":{"rendered":"https:\/\/allwintheme.com\/?post_type=product&#038;p=13565"},"modified":"2025-12-16T12:14:50","modified_gmt":"2025-12-16T12:14:50","slug":"iglesia-fondo-religion-ong-caridad-tema","status":"publish","type":"product","link":"https:\/\/allwintheme.com\/es\/producto\/iglesia-fondo-religion-ong-caridad-tema\/","title":{"rendered":"Church Fund - Religi\u00f3n, ONG y tema de caridad"},"content":{"rendered":"<div data-elementor-type=\"wp-post\" data-elementor-id=\"13565\" class=\"elementor elementor-13565\" data-elementor-settings=\"{&quot;element_pack_global_tooltip_width&quot;:{&quot;unit&quot;:&quot;px&quot;,&quot;size&quot;:&quot;&quot;,&quot;sizes&quot;:[]},&quot;element_pack_global_tooltip_width_tablet&quot;:{&quot;unit&quot;:&quot;px&quot;,&quot;size&quot;:&quot;&quot;,&quot;sizes&quot;:[]},&quot;element_pack_global_tooltip_width_mobile&quot;:{&quot;unit&quot;:&quot;px&quot;,&quot;size&quot;:&quot;&quot;,&quot;sizes&quot;:[]},&quot;element_pack_global_tooltip_padding&quot;:{&quot;unit&quot;:&quot;px&quot;,&quot;top&quot;:&quot;&quot;,&quot;right&quot;:&quot;&quot;,&quot;bottom&quot;:&quot;&quot;,&quot;left&quot;:&quot;&quot;,&quot;isLinked&quot;:true},&quot;element_pack_global_tooltip_padding_tablet&quot;:{&quot;unit&quot;:&quot;px&quot;,&quot;top&quot;:&quot;&quot;,&quot;right&quot;:&quot;&quot;,&quot;bottom&quot;:&quot;&quot;,&quot;left&quot;:&quot;&quot;,&quot;isLinked&quot;:true},&quot;element_pack_global_tooltip_padding_mobile&quot;:{&quot;unit&quot;:&quot;px&quot;,&quot;top&quot;:&quot;&quot;,&quot;right&quot;:&quot;&quot;,&quot;bottom&quot;:&quot;&quot;,&quot;left&quot;:&quot;&quot;,&quot;isLinked&quot;:true},&quot;element_pack_global_tooltip_border_radius&quot;:{&quot;unit&quot;:&quot;px&quot;,&quot;top&quot;:&quot;&quot;,&quot;right&quot;:&quot;&quot;,&quot;bottom&quot;:&quot;&quot;,&quot;left&quot;:&quot;&quot;,&quot;isLinked&quot;:true},&quot;element_pack_global_tooltip_border_radius_tablet&quot;:{&quot;unit&quot;:&quot;px&quot;,&quot;top&quot;:&quot;&quot;,&quot;right&quot;:&quot;&quot;,&quot;bottom&quot;:&quot;&quot;,&quot;left&quot;:&quot;&quot;,&quot;isLinked&quot;:true},&quot;element_pack_global_tooltip_border_radius_mobile&quot;:{&quot;unit&quot;:&quot;px&quot;,&quot;top&quot;:&quot;&quot;,&quot;right&quot;:&quot;&quot;,&quot;bottom&quot;:&quot;&quot;,&quot;left&quot;:&quot;&quot;,&quot;isLinked&quot;:true}}\" data-elementor-post-type=\"product\">\n\t\t\t\t<div class=\"wd-negative-gap elementor-element elementor-element-116794f e-flex e-con-boxed e-con e-parent\" data-id=\"116794f\" data-element_type=\"container\" data-e-type=\"container\">\n\t\t\t\t\t<div class=\"e-con-inner\">\n\t\t\t\t<div class=\"elementor-element elementor-element-03d2133 elementor-widget elementor-widget-wd_text_block\" data-id=\"03d2133\" data-element_type=\"widget\" data-e-type=\"widget\" data-widget_type=\"wd_text_block.default\">\n\t\t\t\t<div class=\"elementor-widget-container\">\n\t\t\t\t\t\t\t<div class=\"wd-text-block reset-last-child text-left\">\n\t\t\t\n\t\t\t<h2>Church Fund - Un tema de coraz\u00f3n para la religi\u00f3n, las ONG y las organizaciones ben\u00e9ficas<\/h2>\n<p>Church Fund es un tema de WordPress moderno, limpio y cuidadosamente dise\u00f1ado para ayudar a organizaciones religiosas, ONG y organizaciones ben\u00e9ficas a recaudar fondos, organizar eventos y crear conexiones significativas con la comunidad. Con potentes caracter\u00edsticas adaptadas a su misi\u00f3n, este tema hace que sea f\u00e1cil inspirar a los partidarios y amplificar su causa.<\/p>\n\n<h3>Un dise\u00f1o que inspira confianza y conexi\u00f3n<\/h3>\n<p>Church Fund se centra en una est\u00e9tica acogedora que genera confianza y fomenta el sentido de comunidad. Su aspecto pulido garantiza que su mensaje llegue a su p\u00fablico de forma clara y eficaz.<\/p>\n<ul>\n<li><strong>Donaciones y campa\u00f1as de recaudaci\u00f3n de fondos:<\/strong> La integraci\u00f3n total con Give Donations le permite crear formularios de donaci\u00f3n seguros, establecer objetivos claros y realizar un seguimiento del progreso de la campa\u00f1a en tiempo real.<\/li>\n<li><strong>Perfiles de los equipos:<\/strong> Utilice tipos de entrada personalizados para mostrar a los pastores, voluntarios y miembros del personal, ayudando a los visitantes a conectar a nivel personal.<\/li>\n<li><strong>Combinaciones de colores personalizables:<\/strong> Elija entre 7 paletas de colores predise\u00f1adas que pueden ajustarse al instante para que coincidan con la marca de su organizaci\u00f3n.<\/li>\n<li><strong>Apariencia profesional:<\/strong> Proyectar credibilidad y seriedad, algo esencial para las organizaciones que dependen de la confianza de sus simpatizantes.<\/li>\n<\/ul>\n\n<h3>Construir sin esfuerzo con Elementor - No se necesita c\u00f3digo<\/h3>\n<p>Church Fund pone en tus manos el control total del dise\u00f1o, incluso si no tienes experiencia en codificaci\u00f3n, gracias a su total compatibilidad con Elementor.<\/p>\n<ul>\n<li><strong>Constructor de p\u00e1ginas Elementor:<\/strong> La edici\u00f3n mediante arrastrar y soltar le permite personalizar cada p\u00e1gina en tiempo real.<\/li>\n<li><strong>Widgets Premium exclusivos:<\/strong> Incluye un addon premium gratuito con m\u00e1s de 70 widgets personalizados de Elementor, adem\u00e1s de compatibilidad con WooCommerce para ilimitadas posibilidades de dise\u00f1o.<\/li>\n<li><strong>Creador de encabezados y pies de p\u00e1gina:<\/strong> Crea encabezados y pies de p\u00e1gina \u00fanicos y profesionales directamente en Elementor.<\/li>\n<li><strong>Importaci\u00f3n de demostraciones con un solo clic:<\/strong> Lance una demostraci\u00f3n totalmente dise\u00f1ada con iconos e im\u00e1genes, adem\u00e1s de un archivo Figma gratuito para una personalizaci\u00f3n avanzada.<\/li>\n<\/ul>\n\n<h3>Funciones clave para apoyar su misi\u00f3n<\/h3>\n<p>M\u00e1s all\u00e1 de un bonito dise\u00f1o, Church Fund ofrece herramientas esenciales para ayudar a su organizaci\u00f3n a prosperar.<\/p>\n<ul>\n<li><strong>Calendario de actos:<\/strong> Compatible con el plugin The Events Calendar para promocionar servicios, reuniones comunitarias y actividades ben\u00e9ficas.<\/li>\n<li><strong>Preparado para WooCommerce:<\/strong> Venda libros, productos o recursos para apoyar su causa con una perfecta integraci\u00f3n en el comercio electr\u00f3nico.<\/li>\n<li><strong>Soporte multiling\u00fce y RTL:<\/strong> Llegue a una audiencia global con la compatibilidad con WPML y el soporte de idiomas de derecha a izquierda.<\/li>\n<li><strong>Sistemas de dise\u00f1o inteligente:<\/strong> Las plantillas, colores y fuentes globales hacen que la personalizaci\u00f3n de todo el sitio sea sencilla y coherente.<\/li>\n<\/ul>\n\n<p>Church Fund le ofrece todo lo necesario para compartir su mensaje, movilizar a su comunidad y crear un impacto positivo duradero.<\/p>\n\n<h3>Enlaces \u00fatiles<\/h3>\n<ul>\n<li><a href=\"https:\/\/allwintheme.com\/es\/acerca-de-nosotros\/\">Qui\u00e9nes somos<\/a><\/li>\n<li><a href=\"https:\/\/allwintheme.com\/es\/politica-de-privacidad\/\">Pol\u00edtica de privacidad<\/a><\/li>\n<li><a href=\"https:\/\/allwintheme.com\/es\/membresias\/\">Afiliaciones<\/a><\/li>\n<li><a href=\"https:\/\/allwintheme.com\/es\/desarrollo-de-sitios-web\/\">Desarrollo de sitios web<\/a><\/li>\n<li><a href=\"https:\/\/allwintheme.com\/es\/politica-de-reembolso\/\">Pol\u00edtica de reembolso<\/a><\/li>\n<li><a href=\"https:\/\/www.wpkvip.com\">WPKVIP<\/a><\/li>\n<\/ul>\n\t\t\t\t\t<\/div>\n\t\t\t\t\t\t<\/div>\n\t\t\t\t<\/div>\n\t\t\t\t\t<\/div>\n\t\t\t\t<\/div>\n\t\t\t\t<\/div>","protected":false},"excerpt":{"rendered":"<p>Church Fund - Un tema de coraz\u00f3n para la religi\u00f3n, las ONG, y organizaciones ben\u00e9ficas Church Fund es un moderno, limpio, y cuidadosamente dise\u00f1ado<\/p>","protected":false},"featured_media":13566,"comment_status":"open","ping_status":"closed","template":"","meta":{"_acf_changed":false},"product_brand":[],"product_cat":[48],"product_tag":[],"class_list":{"0":"post-13565","1":"product","2":"type-product","3":"status-publish","4":"has-post-thumbnail","6":"product_cat-themes","8":"first","9":"instock","10":"sale","11":"downloadable","12":"shipping-taxable","13":"purchasable","14":"product-type-simple"},"acf":[],"yoast_head":"<!-- This site is optimized with the Yoast SEO Premium plugin v25.6 (Yoast SEO v27.1.1) - https:\/\/yoast.com\/product\/yoast-seo-premium-wordpress\/ -->\n<title>Church Fund \u2013 Religion, NGO &amp; Charity Theme - AllWin Theme \u2013 Free WordPress Themes Download<\/title>\n<meta name=\"description\" content=\"Church Fund is a powerful WordPress theme designed for churches, religious organizations, NGOs, and charities. Build a professional site for donations, events, and community outreach.\" \/>\n<meta name=\"robots\" content=\"index, follow, max-snippet:-1, max-image-preview:large, max-video-preview:-1\" \/>\n<link rel=\"canonical\" href=\"https:\/\/allwintheme.com\/es\/producto\/iglesia-fondo-religion-ong-caridad-tema\/\" \/>\n<meta property=\"og:locale\" content=\"es_ES\" \/>\n<meta property=\"og:type\" content=\"article\" \/>\n<meta property=\"og:title\" content=\"Church Fund \u2013 Religion, NGO &amp; Charity Theme\" \/>\n<meta property=\"og:description\" content=\"Church Fund is a powerful WordPress theme designed for churches, religious organizations, NGOs, and charities. Build a professional site for donations, events, and community outreach.\" \/>\n<meta property=\"og:url\" content=\"https:\/\/allwintheme.com\/es\/producto\/iglesia-fondo-religion-ong-caridad-tema\/\" \/>\n<meta property=\"og:site_name\" content=\"AllWin Theme \u2013 Free WordPress Themes Download\" \/>\n<meta property=\"article:modified_time\" content=\"2025-12-16T12:14:50+00:00\" \/>\n<meta property=\"og:image\" content=\"https:\/\/allwintheme.com\/wp-content\/uploads\/2025\/12\/Church-Fund-\u2013-Religion-NGO-Charity-Theme.png\" \/>\n\t<meta property=\"og:image:width\" content=\"768\" \/>\n\t<meta property=\"og:image:height\" content=\"512\" \/>\n\t<meta property=\"og:image:type\" content=\"image\/png\" \/>\n<meta name=\"twitter:card\" content=\"summary_large_image\" \/>\n<meta name=\"twitter:label1\" content=\"Tiempo estimado de lectura\" \/>\n\t<meta name=\"twitter:data1\" content=\"2 minutos\" \/>\n<script type=\"application\/ld+json\" class=\"yoast-schema-graph\">{\"@context\":\"https:\/\/schema.org\",\"@graph\":[{\"@type\":\"WebPage\",\"@id\":\"https:\/\/allwintheme.com\/product\/church-fund-religion-ngo-charity-theme\/\",\"url\":\"https:\/\/allwintheme.com\/product\/church-fund-religion-ngo-charity-theme\/\",\"name\":\"Church Fund \u2013 Religion, NGO & Charity Theme - AllWin Theme \u2013 Free WordPress Themes Download\",\"isPartOf\":{\"@id\":\"https:\/\/allwintheme.com\/#website\"},\"primaryImageOfPage\":{\"@id\":\"https:\/\/allwintheme.com\/product\/church-fund-religion-ngo-charity-theme\/#primaryimage\"},\"image\":{\"@id\":\"https:\/\/allwintheme.com\/product\/church-fund-religion-ngo-charity-theme\/#primaryimage\"},\"thumbnailUrl\":\"https:\/\/allwintheme.com\/wp-content\/uploads\/2025\/12\/Church-Fund-\u2013-Religion-NGO-Charity-Theme.png\",\"datePublished\":\"2025-12-16T12:09:51+00:00\",\"dateModified\":\"2025-12-16T12:14:50+00:00\",\"description\":\"Church Fund is a powerful WordPress theme designed for churches, religious organizations, NGOs, and charities. Build a professional site for donations, events, and community outreach.\",\"breadcrumb\":{\"@id\":\"https:\/\/allwintheme.com\/product\/church-fund-religion-ngo-charity-theme\/#breadcrumb\"},\"inLanguage\":\"es-CL\",\"potentialAction\":[{\"@type\":\"ReadAction\",\"target\":[\"https:\/\/allwintheme.com\/product\/church-fund-religion-ngo-charity-theme\/\"]}]},{\"@type\":\"ImageObject\",\"inLanguage\":\"es-CL\",\"@id\":\"https:\/\/allwintheme.com\/product\/church-fund-religion-ngo-charity-theme\/#primaryimage\",\"url\":\"https:\/\/allwintheme.com\/wp-content\/uploads\/2025\/12\/Church-Fund-\u2013-Religion-NGO-Charity-Theme.png\",\"contentUrl\":\"https:\/\/allwintheme.com\/wp-content\/uploads\/2025\/12\/Church-Fund-\u2013-Religion-NGO-Charity-Theme.png\",\"width\":768,\"height\":512,\"caption\":\"Church Fund \u2013 Religion, NGO & Charity Theme\"},{\"@type\":\"BreadcrumbList\",\"@id\":\"https:\/\/allwintheme.com\/product\/church-fund-religion-ngo-charity-theme\/#breadcrumb\",\"itemListElement\":[{\"@type\":\"ListItem\",\"position\":1,\"name\":\"Home\",\"item\":\"https:\/\/allwintheme.com\/\"},{\"@type\":\"ListItem\",\"position\":2,\"name\":\"Shop\",\"item\":\"https:\/\/allwintheme.com\/shop\/\"},{\"@type\":\"ListItem\",\"position\":3,\"name\":\"Church Fund \u2013 Religion, NGO &#038; Charity Theme\"}]},{\"@type\":\"WebSite\",\"@id\":\"https:\/\/allwintheme.com\/#website\",\"url\":\"https:\/\/allwintheme.com\/\",\"name\":\"Allwintheme\",\"description\":\"Download free WordPress themes for every niche. Blogs, business, eCommerce, portfolio, restaurant and more. All themes are GPL licensed and mobile-ready.\",\"potentialAction\":[{\"@type\":\"SearchAction\",\"target\":{\"@type\":\"EntryPoint\",\"urlTemplate\":\"https:\/\/allwintheme.com\/?s={search_term_string}\"},\"query-input\":{\"@type\":\"PropertyValueSpecification\",\"valueRequired\":true,\"valueName\":\"search_term_string\"}}],\"inLanguage\":\"es-CL\"}]}<\/script>\n<!-- \/ Yoast SEO Premium plugin. -->","yoast_head_json":{"title":"Church Fund \u2013 Religion, NGO & Charity Theme - AllWin Theme \u2013 Free WordPress Themes Download","description":"Church Fund es un potente tema de WordPress dise\u00f1ado para iglesias, organizaciones religiosas, ONG y organizaciones ben\u00e9ficas. Construye un sitio profesional para donaciones, eventos y alcance comunitario.","robots":{"index":"index","follow":"follow","max-snippet":"max-snippet:-1","max-image-preview":"max-image-preview:large","max-video-preview":"max-video-preview:-1"},"canonical":"https:\/\/allwintheme.com\/es\/producto\/iglesia-fondo-religion-ong-caridad-tema\/","og_locale":"es_ES","og_type":"article","og_title":"Church Fund \u2013 Religion, NGO & Charity Theme","og_description":"Church Fund is a powerful WordPress theme designed for churches, religious organizations, NGOs, and charities. Build a professional site for donations, events, and community outreach.","og_url":"https:\/\/allwintheme.com\/es\/producto\/iglesia-fondo-religion-ong-caridad-tema\/","og_site_name":"AllWin Theme \u2013 Free WordPress Themes Download","article_modified_time":"2025-12-16T12:14:50+00:00","og_image":[{"width":768,"height":512,"url":"https:\/\/allwintheme.com\/wp-content\/uploads\/2025\/12\/Church-Fund-\u2013-Religion-NGO-Charity-Theme.png","type":"image\/png"}],"twitter_card":"summary_large_image","twitter_misc":{"Tiempo estimado de lectura":"2 minutos"},"schema":{"@context":"https:\/\/schema.org","@graph":[{"@type":"WebPage","@id":"https:\/\/allwintheme.com\/product\/church-fund-religion-ngo-charity-theme\/","url":"https:\/\/allwintheme.com\/product\/church-fund-religion-ngo-charity-theme\/","name":"Church Fund \u2013 Religion, NGO & Charity Theme - AllWin Theme \u2013 Free WordPress Themes Download","isPartOf":{"@id":"https:\/\/allwintheme.com\/#website"},"primaryImageOfPage":{"@id":"https:\/\/allwintheme.com\/product\/church-fund-religion-ngo-charity-theme\/#primaryimage"},"image":{"@id":"https:\/\/allwintheme.com\/product\/church-fund-religion-ngo-charity-theme\/#primaryimage"},"thumbnailUrl":"https:\/\/allwintheme.com\/wp-content\/uploads\/2025\/12\/Church-Fund-\u2013-Religion-NGO-Charity-Theme.png","datePublished":"2025-12-16T12:09:51+00:00","dateModified":"2025-12-16T12:14:50+00:00","description":"Church Fund es un potente tema de WordPress dise\u00f1ado para iglesias, organizaciones religiosas, ONG y organizaciones ben\u00e9ficas. Construye un sitio profesional para donaciones, eventos y alcance comunitario.","breadcrumb":{"@id":"https:\/\/allwintheme.com\/product\/church-fund-religion-ngo-charity-theme\/#breadcrumb"},"inLanguage":"es-CL","potentialAction":[{"@type":"ReadAction","target":["https:\/\/allwintheme.com\/product\/church-fund-religion-ngo-charity-theme\/"]}]},{"@type":"ImageObject","inLanguage":"es-CL","@id":"https:\/\/allwintheme.com\/product\/church-fund-religion-ngo-charity-theme\/#primaryimage","url":"https:\/\/allwintheme.com\/wp-content\/uploads\/2025\/12\/Church-Fund-\u2013-Religion-NGO-Charity-Theme.png","contentUrl":"https:\/\/allwintheme.com\/wp-content\/uploads\/2025\/12\/Church-Fund-\u2013-Religion-NGO-Charity-Theme.png","width":768,"height":512,"caption":"Church Fund \u2013 Religion, NGO & Charity Theme"},{"@type":"BreadcrumbList","@id":"https:\/\/allwintheme.com\/product\/church-fund-religion-ngo-charity-theme\/#breadcrumb","itemListElement":[{"@type":"ListItem","position":1,"name":"Home","item":"https:\/\/allwintheme.com\/"},{"@type":"ListItem","position":2,"name":"Shop","item":"https:\/\/allwintheme.com\/shop\/"},{"@type":"ListItem","position":3,"name":"Church Fund \u2013 Religion, NGO &#038; Charity Theme"}]},{"@type":"WebSite","@id":"https:\/\/allwintheme.com\/#website","url":"https:\/\/allwintheme.com\/","name":"Allwintheme","description":"Descarga gratis temas de WordPress para todos los nichos. Blogs, negocios, comercio electr\u00f3nico, portafolio, restaurante y m\u00e1s. Todos los temas tienen licencia GPL y est\u00e1n preparados para dispositivos m\u00f3viles.","potentialAction":[{"@type":"SearchAction","target":{"@type":"EntryPoint","urlTemplate":"https:\/\/allwintheme.com\/?s={search_term_string}"},"query-input":{"@type":"PropertyValueSpecification","valueRequired":true,"valueName":"search_term_string"}}],"inLanguage":"es-CL"}]}},"_links":{"self":[{"href":"https:\/\/allwintheme.com\/es\/wp-json\/wp\/v2\/product\/13565","targetHints":{"allow":["GET"]}}],"collection":[{"href":"https:\/\/allwintheme.com\/es\/wp-json\/wp\/v2\/product"}],"about":[{"href":"https:\/\/allwintheme.com\/es\/wp-json\/wp\/v2\/types\/product"}],"replies":[{"embeddable":true,"href":"https:\/\/allwintheme.com\/es\/wp-json\/wp\/v2\/comments?post=13565"}],"version-history":[{"count":8,"href":"https:\/\/allwintheme.com\/es\/wp-json\/wp\/v2\/product\/13565\/revisions"}],"predecessor-version":[{"id":13574,"href":"https:\/\/allwintheme.com\/es\/wp-json\/wp\/v2\/product\/13565\/revisions\/13574"}],"wp:featuredmedia":[{"embeddable":true,"href":"https:\/\/allwintheme.com\/es\/wp-json\/wp\/v2\/media\/13566"}],"wp:attachment":[{"href":"https:\/\/allwintheme.com\/es\/wp-json\/wp\/v2\/media?parent=13565"}],"wp:term":[{"taxonomy":"product_brand","embeddable":true,"href":"https:\/\/allwintheme.com\/es\/wp-json\/wp\/v2\/product_brand?post=13565"},{"taxonomy":"product_cat","embeddable":true,"href":"https:\/\/allwintheme.com\/es\/wp-json\/wp\/v2\/product_cat?post=13565"},{"taxonomy":"product_tag","embeddable":true,"href":"https:\/\/allwintheme.com\/es\/wp-json\/wp\/v2\/product_tag?post=13565"}],"curies":[{"name":"wp","href":"https:\/\/api.w.org\/{rel}","templated":true}]}}