{"id":13588,"date":"2025-12-18T00:56:42","date_gmt":"2025-12-18T00:56:42","guid":{"rendered":"https:\/\/allwintheme.com\/?post_type=product&#038;p=13588"},"modified":"2025-12-18T01:12:32","modified_gmt":"2025-12-18T01:12:32","slug":"travelor-tema-de-wordpress-para-reservas-de-viajes-y-tours","status":"publish","type":"product","link":"https:\/\/allwintheme.com\/es\/producto\/travelor-tema-de-wordpress-para-reservas-de-viajes-y-tours\/","title":{"rendered":"Travelor - Tema de WordPress para reservas de viajes y tours"},"content":{"rendered":"<div data-elementor-type=\"wp-post\" data-elementor-id=\"13588\" class=\"elementor elementor-13588\" data-elementor-settings=\"{&quot;element_pack_global_tooltip_width&quot;:{&quot;unit&quot;:&quot;px&quot;,&quot;size&quot;:&quot;&quot;,&quot;sizes&quot;:[]},&quot;element_pack_global_tooltip_width_tablet&quot;:{&quot;unit&quot;:&quot;px&quot;,&quot;size&quot;:&quot;&quot;,&quot;sizes&quot;:[]},&quot;element_pack_global_tooltip_width_mobile&quot;:{&quot;unit&quot;:&quot;px&quot;,&quot;size&quot;:&quot;&quot;,&quot;sizes&quot;:[]},&quot;element_pack_global_tooltip_padding&quot;:{&quot;unit&quot;:&quot;px&quot;,&quot;top&quot;:&quot;&quot;,&quot;right&quot;:&quot;&quot;,&quot;bottom&quot;:&quot;&quot;,&quot;left&quot;:&quot;&quot;,&quot;isLinked&quot;:true},&quot;element_pack_global_tooltip_padding_tablet&quot;:{&quot;unit&quot;:&quot;px&quot;,&quot;top&quot;:&quot;&quot;,&quot;right&quot;:&quot;&quot;,&quot;bottom&quot;:&quot;&quot;,&quot;left&quot;:&quot;&quot;,&quot;isLinked&quot;:true},&quot;element_pack_global_tooltip_padding_mobile&quot;:{&quot;unit&quot;:&quot;px&quot;,&quot;top&quot;:&quot;&quot;,&quot;right&quot;:&quot;&quot;,&quot;bottom&quot;:&quot;&quot;,&quot;left&quot;:&quot;&quot;,&quot;isLinked&quot;:true},&quot;element_pack_global_tooltip_border_radius&quot;:{&quot;unit&quot;:&quot;px&quot;,&quot;top&quot;:&quot;&quot;,&quot;right&quot;:&quot;&quot;,&quot;bottom&quot;:&quot;&quot;,&quot;left&quot;:&quot;&quot;,&quot;isLinked&quot;:true},&quot;element_pack_global_tooltip_border_radius_tablet&quot;:{&quot;unit&quot;:&quot;px&quot;,&quot;top&quot;:&quot;&quot;,&quot;right&quot;:&quot;&quot;,&quot;bottom&quot;:&quot;&quot;,&quot;left&quot;:&quot;&quot;,&quot;isLinked&quot;:true},&quot;element_pack_global_tooltip_border_radius_mobile&quot;:{&quot;unit&quot;:&quot;px&quot;,&quot;top&quot;:&quot;&quot;,&quot;right&quot;:&quot;&quot;,&quot;bottom&quot;:&quot;&quot;,&quot;left&quot;:&quot;&quot;,&quot;isLinked&quot;:true}}\" data-elementor-post-type=\"product\">\n\t\t\t\t<div class=\"wd-negative-gap elementor-element elementor-element-116794f e-flex e-con-boxed e-con e-parent\" data-id=\"116794f\" data-element_type=\"container\" data-e-type=\"container\">\n\t\t\t\t\t<div class=\"e-con-inner\">\n\t\t\t\t<div class=\"elementor-element elementor-element-03d2133 elementor-widget elementor-widget-wd_text_block\" data-id=\"03d2133\" data-element_type=\"widget\" data-e-type=\"widget\" data-widget_type=\"wd_text_block.default\">\n\t\t\t\t<div class=\"elementor-widget-container\">\n\t\t\t\t\t\t\t<div class=\"wd-text-block reset-last-child text-left\">\n\t\t\t\n\t\t\t<h2>Travelor - El mejor tema de WordPress para reservas de viajes y excursiones<\/h2>\n<p>Travelor es un tema de WordPress moderno y repleto de funciones dise\u00f1ado espec\u00edficamente para agencias de viajes, operadores tur\u00edsticos, planificadores de vacaciones y empresas de aventura. Con su intuitivo sistema de reservas y su impresionante dise\u00f1o, Travelor facilita la presentaci\u00f3n de destinos, la gesti\u00f3n de reservas y el crecimiento de tu negocio de viajes online.<\/p>\n\n<h3>Dise\u00f1ado para el sector tur\u00edstico<\/h3>\n<p>Travelor combina una est\u00e9tica atractiva con una funcionalidad pr\u00e1ctica para crear un sitio web atractivo que inspire a los visitantes a reservar su pr\u00f3xima aventura. Tanto si promociona visitas guiadas, paquetes de hotel o itinerarios personalizados, este tema le ofrece todo lo que necesita para destacar en el competitivo mercado de los viajes.<\/p>\n\n<h3>Potentes funciones de reserva<\/h3>\n<p>Creada teniendo en cuenta las necesidades de los profesionales de los viajes, Travelor ofrece una integraci\u00f3n perfecta con las herramientas de reserva m\u00e1s populares, lo que le permite gestionar los viajes, la disponibilidad, los precios y las reservas directamente desde su sitio web.<\/p>\n<ul>\n<li><strong>Gesti\u00f3n avanzada de viajes:<\/strong> Cree p\u00e1ginas de visitas guiadas detalladas con itinerarios, opciones de precios, horarios y galer\u00edas.<\/li>\n<li><strong>Sistema de reservas en l\u00ednea:<\/strong> Permita que los clientes busquen, seleccionen y reserven viajes al instante con una interfaz f\u00e1cil de usar.<\/li>\n<li><strong>Precios y temporadas flexibles:<\/strong> Establezca tarifas diferentes para las temporadas altas y bajas y ofrezca descuentos u ofertas especiales.<\/li>\n<li><strong>Pagos seguros:<\/strong> Integre con pasarelas de pago de confianza para realizar transacciones seguras y fiables.<\/li>\n<\/ul>\n\n<h3>Dise\u00f1o atractivo y adaptable<\/h3>\n<p>Travelor presenta un dise\u00f1o limpio y contempor\u00e1neo que luce incre\u00edble en todos los dispositivos. Los dise\u00f1os de alta calidad y las p\u00e1ginas cuidadosamente elaboradas garantizan que sus destinos se presenten de la forma m\u00e1s atractiva posible.<\/p>\n\n<h3>F\u00e1cil personalizaci\u00f3n con Elementor<\/h3>\n<p>No necesitas conocimientos de programaci\u00f3n. Travelor es totalmente compatible con Elementor, lo que le da un control total de arrastrar y soltar sobre la apariencia y el dise\u00f1o de su sitio.<\/p>\n<ul>\n<li>Importaci\u00f3n de demostraciones con un solo clic para empezar r\u00e1pidamente<\/li>\n<li>P\u00e1ginas predise\u00f1adas para inicio, visitas, destinos, acerca de y contacto<\/li>\n<li>Widgets personalizados y opciones flexibles de encabezado y pie de p\u00e1gina<\/li>\n<li>Compatibilidad total con WooCommerce para vender productos relacionados con los viajes<\/li>\n<\/ul>\n\n<h3>Caracter\u00edsticas adicionales para el \u00e9xito<\/h3>\n<p>Travelor incluye todo lo necesario para gestionar un sitio web de viajes profesional:<\/p>\n<ul>\n<li>Multiling\u00fce y preparado para RTL<\/li>\n<li>SEO optimizado y carga r\u00e1pida<\/li>\n<li>Secci\u00f3n de blog para compartir historias y consejos de viaje<\/li>\n<li>Testimonios y escaparates de socios<\/li>\n<li>Formularios de contacto y mapas integrados<\/li>\n<\/ul>\n\n<p>Lance hoy mismo el sitio web de viajes de sus sue\u00f1os con Travelor y convierta a sus visitantes en viajeros felices.<\/p>\n\n<h3>Productos relacionados<\/h3>\n<ul>\n<li><a href=\"https:\/\/allwintheme.com\/es\/producto\/xports-esports-and-gaming-wordpress-theme\/\">Xports - Esports y Gaming WordPress Tema<\/a><\/li>\n<li><a href=\"https:\/\/allwintheme.com\/es\/producto\/nata-metaverse-project-launchpad-wordpress-theme\/\">Nata - Metaverse Project Launchpad WordPress Theme<\/a><\/li>\n<li><a href=\"https:\/\/allwintheme.com\/es\/producto\/parezy-kids-speech-therapy-education-wordpress-theme\/\">Parezy - Kids Speech Therapy &amp; Education WordPress Theme (en ingl\u00e9s)<\/a><\/li>\n<li><a href=\"https:\/\/allwintheme.com\/es\/producto\/gamic-metaverse-game-crypto-gaming-wordpress-theme\/\">Gamic - Metaverso Juego y Crypto Gaming WordPress Tema<\/a><\/li>\n<li><a href=\"https:\/\/allwintheme.com\/es\/desarrollo-de-sitios-web\/\">Servicios de desarrollo de sitios web<\/a><\/li>\n<\/ul>\n\n<h3>Enlaces \u00fatiles<\/h3>\n<ul>\n<li><a href=\"https:\/\/www.wpkvip.com\">WPKVIP<\/a><\/li>\n<\/ul>\n\t\t\t\t\t<\/div>\n\t\t\t\t\t\t<\/div>\n\t\t\t\t<\/div>\n\t\t\t\t\t<\/div>\n\t\t\t\t<\/div>\n\t\t\t\t<\/div>","protected":false},"excerpt":{"rendered":"<p>Travelor \u2014 The Ultimate WordPress Theme for Travel &amp; Tour Bookings Travelor is a modern, feature-rich WordPress theme crafted specifically<\/p>","protected":false},"featured_media":13589,"comment_status":"open","ping_status":"closed","template":"","meta":{"_acf_changed":false},"product_brand":[],"product_cat":[48],"product_tag":[],"class_list":{"0":"post-13588","1":"product","2":"type-product","3":"status-publish","4":"has-post-thumbnail","6":"product_cat-themes","8":"first","9":"instock","10":"sale","11":"downloadable","12":"shipping-taxable","13":"purchasable","14":"product-type-simple"},"acf":[],"yoast_head":"<!-- This site is optimized with the Yoast SEO Premium plugin v25.6 (Yoast SEO v27.1.1) - https:\/\/yoast.com\/product\/yoast-seo-premium-wordpress\/ -->\n<title>Travelor \u2014 Tema de WordPress para reservas de viajes y tours - AllWin Theme \u2013 Free WordPress Themes Download<\/title>\n<meta name=\"description\" content=\"Travelor is a powerful WordPress theme designed for travel agencies, tour operators, and booking websites. Packed with booking features, modern design, and easy customization for unforgettable travel experiences.\" \/>\n<meta name=\"robots\" content=\"index, follow, max-snippet:-1, max-image-preview:large, max-video-preview:-1\" \/>\n<link rel=\"canonical\" href=\"https:\/\/allwintheme.com\/es\/producto\/travelor-tema-de-wordpress-para-reservas-de-viajes-y-tours\/\" \/>\n<meta property=\"og:locale\" content=\"es_ES\" \/>\n<meta property=\"og:type\" content=\"article\" \/>\n<meta property=\"og:title\" content=\"Travelor \u2014 Tema de WordPress para reservas de viajes y tours\" \/>\n<meta property=\"og:description\" content=\"Travelor is a powerful WordPress theme designed for travel agencies, tour operators, and booking websites. Packed with booking features, modern design, and easy customization for unforgettable travel experiences.\" \/>\n<meta property=\"og:url\" content=\"https:\/\/allwintheme.com\/es\/producto\/travelor-tema-de-wordpress-para-reservas-de-viajes-y-tours\/\" \/>\n<meta property=\"og:site_name\" content=\"AllWin Theme \u2013 Free WordPress Themes Download\" \/>\n<meta property=\"article:modified_time\" content=\"2025-12-18T01:12:32+00:00\" \/>\n<meta property=\"og:image\" content=\"https:\/\/allwintheme.com\/wp-content\/uploads\/2025\/12\/Travelor-\u2014-Tema-de-WordPress-para-reservas-de-viajes-y-tours-1201x800.png\" \/>\n\t<meta property=\"og:image:width\" content=\"1201\" \/>\n\t<meta property=\"og:image:height\" content=\"800\" \/>\n\t<meta property=\"og:image:type\" content=\"image\/png\" \/>\n<meta name=\"twitter:card\" content=\"summary_large_image\" \/>\n<meta name=\"twitter:label1\" content=\"Tiempo estimado de lectura\" \/>\n\t<meta name=\"twitter:data1\" content=\"2 minutos\" \/>\n<script type=\"application\/ld+json\" class=\"yoast-schema-graph\">{\"@context\":\"https:\/\/schema.org\",\"@graph\":[{\"@type\":\"WebPage\",\"@id\":\"https:\/\/allwintheme.com\/product\/travelor-tema-de-wordpress-para-reservas-de-viajes-y-tours\/\",\"url\":\"https:\/\/allwintheme.com\/product\/travelor-tema-de-wordpress-para-reservas-de-viajes-y-tours\/\",\"name\":\"Travelor \u2014 Tema de WordPress para reservas de viajes y tours - AllWin Theme \u2013 Free WordPress Themes Download\",\"isPartOf\":{\"@id\":\"https:\/\/allwintheme.com\/#website\"},\"primaryImageOfPage\":{\"@id\":\"https:\/\/allwintheme.com\/product\/travelor-tema-de-wordpress-para-reservas-de-viajes-y-tours\/#primaryimage\"},\"image\":{\"@id\":\"https:\/\/allwintheme.com\/product\/travelor-tema-de-wordpress-para-reservas-de-viajes-y-tours\/#primaryimage\"},\"thumbnailUrl\":\"https:\/\/allwintheme.com\/wp-content\/uploads\/2025\/12\/Travelor-\u2014-Tema-de-WordPress-para-reservas-de-viajes-y-tours.png\",\"datePublished\":\"2025-12-18T00:56:42+00:00\",\"dateModified\":\"2025-12-18T01:12:32+00:00\",\"description\":\"Travelor is a powerful WordPress theme designed for travel agencies, tour operators, and booking websites. Packed with booking features, modern design, and easy customization for unforgettable travel experiences.\",\"breadcrumb\":{\"@id\":\"https:\/\/allwintheme.com\/product\/travelor-tema-de-wordpress-para-reservas-de-viajes-y-tours\/#breadcrumb\"},\"inLanguage\":\"es-CL\",\"potentialAction\":[{\"@type\":\"ReadAction\",\"target\":[\"https:\/\/allwintheme.com\/product\/travelor-tema-de-wordpress-para-reservas-de-viajes-y-tours\/\"]}]},{\"@type\":\"ImageObject\",\"inLanguage\":\"es-CL\",\"@id\":\"https:\/\/allwintheme.com\/product\/travelor-tema-de-wordpress-para-reservas-de-viajes-y-tours\/#primaryimage\",\"url\":\"https:\/\/allwintheme.com\/wp-content\/uploads\/2025\/12\/Travelor-\u2014-Tema-de-WordPress-para-reservas-de-viajes-y-tours.png\",\"contentUrl\":\"https:\/\/allwintheme.com\/wp-content\/uploads\/2025\/12\/Travelor-\u2014-Tema-de-WordPress-para-reservas-de-viajes-y-tours.png\",\"width\":2038,\"height\":1358,\"caption\":\"Travelor \u2014 Tema de WordPress para reservas de viajes y tours\"},{\"@type\":\"BreadcrumbList\",\"@id\":\"https:\/\/allwintheme.com\/product\/travelor-tema-de-wordpress-para-reservas-de-viajes-y-tours\/#breadcrumb\",\"itemListElement\":[{\"@type\":\"ListItem\",\"position\":1,\"name\":\"Home\",\"item\":\"https:\/\/allwintheme.com\/\"},{\"@type\":\"ListItem\",\"position\":2,\"name\":\"Shop\",\"item\":\"https:\/\/allwintheme.com\/shop\/\"},{\"@type\":\"ListItem\",\"position\":3,\"name\":\"Travelor \u2014 Tema de WordPress para reservas de viajes y tours\"}]},{\"@type\":\"WebSite\",\"@id\":\"https:\/\/allwintheme.com\/#website\",\"url\":\"https:\/\/allwintheme.com\/\",\"name\":\"Allwintheme\",\"description\":\"Download free WordPress themes for every niche. Blogs, business, eCommerce, portfolio, restaurant and more. All themes are GPL licensed and mobile-ready.\",\"potentialAction\":[{\"@type\":\"SearchAction\",\"target\":{\"@type\":\"EntryPoint\",\"urlTemplate\":\"https:\/\/allwintheme.com\/?s={search_term_string}\"},\"query-input\":{\"@type\":\"PropertyValueSpecification\",\"valueRequired\":true,\"valueName\":\"search_term_string\"}}],\"inLanguage\":\"es-CL\"}]}<\/script>\n<!-- \/ Yoast SEO Premium plugin. -->","yoast_head_json":{"title":"Travelor - Tema de WordPress para reservas de viajes y tours - AllWin Theme - Free WordPress Themes Download","description":"Travelor es un potente tema de WordPress dise\u00f1ado para agencias de viajes, operadores tur\u00edsticos y sitios web de reservas. Repleto de funciones de reserva, dise\u00f1o moderno y f\u00e1cil personalizaci\u00f3n para disfrutar de experiencias de viaje inolvidables.","robots":{"index":"index","follow":"follow","max-snippet":"max-snippet:-1","max-image-preview":"max-image-preview:large","max-video-preview":"max-video-preview:-1"},"canonical":"https:\/\/allwintheme.com\/es\/producto\/travelor-tema-de-wordpress-para-reservas-de-viajes-y-tours\/","og_locale":"es_ES","og_type":"article","og_title":"Travelor \u2014 Tema de WordPress para reservas de viajes y tours","og_description":"Travelor is a powerful WordPress theme designed for travel agencies, tour operators, and booking websites. Packed with booking features, modern design, and easy customization for unforgettable travel experiences.","og_url":"https:\/\/allwintheme.com\/es\/producto\/travelor-tema-de-wordpress-para-reservas-de-viajes-y-tours\/","og_site_name":"AllWin Theme \u2013 Free WordPress Themes Download","article_modified_time":"2025-12-18T01:12:32+00:00","og_image":[{"width":1201,"height":800,"url":"https:\/\/allwintheme.com\/wp-content\/uploads\/2025\/12\/Travelor-\u2014-Tema-de-WordPress-para-reservas-de-viajes-y-tours-1201x800.png","type":"image\/png"}],"twitter_card":"summary_large_image","twitter_misc":{"Tiempo estimado de lectura":"2 minutos"},"schema":{"@context":"https:\/\/schema.org","@graph":[{"@type":"WebPage","@id":"https:\/\/allwintheme.com\/product\/travelor-tema-de-wordpress-para-reservas-de-viajes-y-tours\/","url":"https:\/\/allwintheme.com\/product\/travelor-tema-de-wordpress-para-reservas-de-viajes-y-tours\/","name":"Travelor - Tema de WordPress para reservas de viajes y tours - AllWin Theme - Free WordPress Themes Download","isPartOf":{"@id":"https:\/\/allwintheme.com\/#website"},"primaryImageOfPage":{"@id":"https:\/\/allwintheme.com\/product\/travelor-tema-de-wordpress-para-reservas-de-viajes-y-tours\/#primaryimage"},"image":{"@id":"https:\/\/allwintheme.com\/product\/travelor-tema-de-wordpress-para-reservas-de-viajes-y-tours\/#primaryimage"},"thumbnailUrl":"https:\/\/allwintheme.com\/wp-content\/uploads\/2025\/12\/Travelor-\u2014-Tema-de-WordPress-para-reservas-de-viajes-y-tours.png","datePublished":"2025-12-18T00:56:42+00:00","dateModified":"2025-12-18T01:12:32+00:00","description":"Travelor es un potente tema de WordPress dise\u00f1ado para agencias de viajes, operadores tur\u00edsticos y sitios web de reservas. Repleto de funciones de reserva, dise\u00f1o moderno y f\u00e1cil personalizaci\u00f3n para disfrutar de experiencias de viaje inolvidables.","breadcrumb":{"@id":"https:\/\/allwintheme.com\/product\/travelor-tema-de-wordpress-para-reservas-de-viajes-y-tours\/#breadcrumb"},"inLanguage":"es-CL","potentialAction":[{"@type":"ReadAction","target":["https:\/\/allwintheme.com\/product\/travelor-tema-de-wordpress-para-reservas-de-viajes-y-tours\/"]}]},{"@type":"ImageObject","inLanguage":"es-CL","@id":"https:\/\/allwintheme.com\/product\/travelor-tema-de-wordpress-para-reservas-de-viajes-y-tours\/#primaryimage","url":"https:\/\/allwintheme.com\/wp-content\/uploads\/2025\/12\/Travelor-\u2014-Tema-de-WordPress-para-reservas-de-viajes-y-tours.png","contentUrl":"https:\/\/allwintheme.com\/wp-content\/uploads\/2025\/12\/Travelor-\u2014-Tema-de-WordPress-para-reservas-de-viajes-y-tours.png","width":2038,"height":1358,"caption":"Travelor \u2014 Tema de WordPress para reservas de viajes y tours"},{"@type":"BreadcrumbList","@id":"https:\/\/allwintheme.com\/product\/travelor-tema-de-wordpress-para-reservas-de-viajes-y-tours\/#breadcrumb","itemListElement":[{"@type":"ListItem","position":1,"name":"Home","item":"https:\/\/allwintheme.com\/"},{"@type":"ListItem","position":2,"name":"Shop","item":"https:\/\/allwintheme.com\/shop\/"},{"@type":"ListItem","position":3,"name":"Travelor \u2014 Tema de WordPress para reservas de viajes y tours"}]},{"@type":"WebSite","@id":"https:\/\/allwintheme.com\/#website","url":"https:\/\/allwintheme.com\/","name":"Allwintheme","description":"Descarga gratis temas de WordPress para todos los nichos. Blogs, negocios, comercio electr\u00f3nico, portafolio, restaurante y m\u00e1s. Todos los temas tienen licencia GPL y est\u00e1n preparados para dispositivos m\u00f3viles.","potentialAction":[{"@type":"SearchAction","target":{"@type":"EntryPoint","urlTemplate":"https:\/\/allwintheme.com\/?s={search_term_string}"},"query-input":{"@type":"PropertyValueSpecification","valueRequired":true,"valueName":"search_term_string"}}],"inLanguage":"es-CL"}]}},"_links":{"self":[{"href":"https:\/\/allwintheme.com\/es\/wp-json\/wp\/v2\/product\/13588","targetHints":{"allow":["GET"]}}],"collection":[{"href":"https:\/\/allwintheme.com\/es\/wp-json\/wp\/v2\/product"}],"about":[{"href":"https:\/\/allwintheme.com\/es\/wp-json\/wp\/v2\/types\/product"}],"replies":[{"embeddable":true,"href":"https:\/\/allwintheme.com\/es\/wp-json\/wp\/v2\/comments?post=13588"}],"version-history":[{"count":5,"href":"https:\/\/allwintheme.com\/es\/wp-json\/wp\/v2\/product\/13588\/revisions"}],"predecessor-version":[{"id":13594,"href":"https:\/\/allwintheme.com\/es\/wp-json\/wp\/v2\/product\/13588\/revisions\/13594"}],"wp:featuredmedia":[{"embeddable":true,"href":"https:\/\/allwintheme.com\/es\/wp-json\/wp\/v2\/media\/13589"}],"wp:attachment":[{"href":"https:\/\/allwintheme.com\/es\/wp-json\/wp\/v2\/media?parent=13588"}],"wp:term":[{"taxonomy":"product_brand","embeddable":true,"href":"https:\/\/allwintheme.com\/es\/wp-json\/wp\/v2\/product_brand?post=13588"},{"taxonomy":"product_cat","embeddable":true,"href":"https:\/\/allwintheme.com\/es\/wp-json\/wp\/v2\/product_cat?post=13588"},{"taxonomy":"product_tag","embeddable":true,"href":"https:\/\/allwintheme.com\/es\/wp-json\/wp\/v2\/product_tag?post=13588"}],"curies":[{"name":"wp","href":"https:\/\/api.w.org\/{rel}","templated":true}]}}