{"id":13595,"date":"2025-12-18T01:36:18","date_gmt":"2025-12-18T01:36:18","guid":{"rendered":"https:\/\/allwintheme.com\/?post_type=product&#038;p=13595"},"modified":"2025-12-18T03:12:47","modified_gmt":"2025-12-18T03:12:47","slug":"houzez-tema-wordpress-inmobiliario-2","status":"publish","type":"product","link":"https:\/\/allwintheme.com\/es\/producto\/houzez-tema-wordpress-inmobiliario-2\/","title":{"rendered":"Houzez - Tema de WordPress para inmobiliarias"},"content":{"rendered":"<div data-elementor-type=\"wp-post\" data-elementor-id=\"13595\" class=\"elementor elementor-13595\" data-elementor-settings=\"{&quot;element_pack_global_tooltip_width&quot;:{&quot;unit&quot;:&quot;px&quot;,&quot;size&quot;:&quot;&quot;,&quot;sizes&quot;:[]},&quot;element_pack_global_tooltip_width_tablet&quot;:{&quot;unit&quot;:&quot;px&quot;,&quot;size&quot;:&quot;&quot;,&quot;sizes&quot;:[]},&quot;element_pack_global_tooltip_width_mobile&quot;:{&quot;unit&quot;:&quot;px&quot;,&quot;size&quot;:&quot;&quot;,&quot;sizes&quot;:[]},&quot;element_pack_global_tooltip_padding&quot;:{&quot;unit&quot;:&quot;px&quot;,&quot;top&quot;:&quot;&quot;,&quot;right&quot;:&quot;&quot;,&quot;bottom&quot;:&quot;&quot;,&quot;left&quot;:&quot;&quot;,&quot;isLinked&quot;:true},&quot;element_pack_global_tooltip_padding_tablet&quot;:{&quot;unit&quot;:&quot;px&quot;,&quot;top&quot;:&quot;&quot;,&quot;right&quot;:&quot;&quot;,&quot;bottom&quot;:&quot;&quot;,&quot;left&quot;:&quot;&quot;,&quot;isLinked&quot;:true},&quot;element_pack_global_tooltip_padding_mobile&quot;:{&quot;unit&quot;:&quot;px&quot;,&quot;top&quot;:&quot;&quot;,&quot;right&quot;:&quot;&quot;,&quot;bottom&quot;:&quot;&quot;,&quot;left&quot;:&quot;&quot;,&quot;isLinked&quot;:true},&quot;element_pack_global_tooltip_border_radius&quot;:{&quot;unit&quot;:&quot;px&quot;,&quot;top&quot;:&quot;&quot;,&quot;right&quot;:&quot;&quot;,&quot;bottom&quot;:&quot;&quot;,&quot;left&quot;:&quot;&quot;,&quot;isLinked&quot;:true},&quot;element_pack_global_tooltip_border_radius_tablet&quot;:{&quot;unit&quot;:&quot;px&quot;,&quot;top&quot;:&quot;&quot;,&quot;right&quot;:&quot;&quot;,&quot;bottom&quot;:&quot;&quot;,&quot;left&quot;:&quot;&quot;,&quot;isLinked&quot;:true},&quot;element_pack_global_tooltip_border_radius_mobile&quot;:{&quot;unit&quot;:&quot;px&quot;,&quot;top&quot;:&quot;&quot;,&quot;right&quot;:&quot;&quot;,&quot;bottom&quot;:&quot;&quot;,&quot;left&quot;:&quot;&quot;,&quot;isLinked&quot;:true}}\" data-elementor-post-type=\"product\">\n\t\t\t\t<div class=\"wd-negative-gap elementor-element elementor-element-116794f e-flex e-con-boxed e-con e-parent\" data-id=\"116794f\" data-element_type=\"container\" data-e-type=\"container\">\n\t\t\t\t\t<div class=\"e-con-inner\">\n\t\t\t\t<div class=\"elementor-element elementor-element-03d2133 elementor-widget elementor-widget-wd_text_block\" data-id=\"03d2133\" data-element_type=\"widget\" data-e-type=\"widget\" data-widget_type=\"wd_text_block.default\">\n\t\t\t\t<div class=\"elementor-widget-container\">\n\t\t\t\t\t\t\t<div class=\"wd-text-block reset-last-child text-left\">\n\t\t\t\n\t\t\t<h2>Houzez - Lo \u00faltimo en temas de WordPress para inmobiliarias<\/h2>\n<p>Houzez es un tema de WordPress potente y muy flexible creado espec\u00edficamente para el sector inmobiliario. Si usted es un agente independiente, una gran agencia, o la construcci\u00f3n de un mercado inmobiliario completo, Houzez proporciona todas las herramientas que necesita para crear un sitio web profesional y f\u00e1cil de usar que se destaca y genera resultados.<\/p>\n\n<h3>Personalizaci\u00f3n infinita con Theme Builder<\/h3>\n<p>A diferencia de los temas tradicionales que te limitan a dise\u00f1os fijos, Houzez te ofrece un control total sobre el dise\u00f1o de tu sitio mediante constructores intuitivos compatibles con Elementor.<\/p>\n<ul>\n<li><strong>Estudio Houzez:<\/strong> Acceda a una amplia biblioteca de plantillas y elementos preconfigurados espec\u00edficos para el sector inmobiliario que le permitir\u00e1n crear dise\u00f1os r\u00e1pidos y sorprendentes.<\/li>\n<li><strong>Creadores de cabeceras, pies de p\u00e1gina y mega men\u00fas:<\/strong> Cree cabeceras, pies de p\u00e1gina y navegaci\u00f3n \u00fanicos sin ning\u00fan tipo de codificaci\u00f3n.<\/li>\n<li><strong>Constructores de b\u00fasquedas y formularios:<\/strong> Dise\u00f1e formularios avanzados de b\u00fasqueda de propiedades y formularios de contacto personalizados adaptados para captar clientes potenciales de forma eficaz.<\/li>\n<li><strong>P\u00e1ginas de propiedades, agentes y agencias:<\/strong> P\u00e1ginas detalladas totalmente personalizables para mostrar listados, perfiles de agentes e informaci\u00f3n de agencias con widgets exclusivos.<\/li>\n<\/ul>\n\n<h3>Potentes funciones para profesionales inmobiliarios<\/h3>\n<p>Houzez va m\u00e1s all\u00e1 de los temas b\u00e1sicos con herramientas integradas para gestionar propiedades, clientes potenciales y monetizaci\u00f3n sin problemas.<\/p>\n<ul>\n<li><strong>Gesti\u00f3n inmobiliaria avanzada:<\/strong> F\u00e1cil creaci\u00f3n de anuncios con caracter\u00edsticas detalladas, galer\u00edas, visitas virtuales, planos de planta e integraci\u00f3n con Google Maps.<\/li>\n<li><strong>CRM integrado:<\/strong> Realice un seguimiento de los clientes potenciales, las consultas y las interacciones con los clientes directamente en su panel de control.<\/li>\n<li><strong>Afiliaci\u00f3n y monetizaci\u00f3n:<\/strong> Ofrezca afiliaciones de pago o gratuitas, acepte el env\u00edo de propiedades e integre pasarelas de pago.<\/li>\n<li><strong>B\u00fasqueda avanzada y filtros:<\/strong> Ayude a los visitantes a encontrar propiedades r\u00e1pidamente con potentes opciones de b\u00fasqueda, que incluyen ubicaci\u00f3n, precio, tipo y criterios personalizados.<\/li>\n<li><strong>Sensible y multiling\u00fce:<\/strong> Totalmente compatible con dispositivos m\u00f3viles y con WPML para un alcance global.<\/li>\n<\/ul>\n\n<h3>F\u00e1cil instalaci\u00f3n y actualizaciones continuas<\/h3>\n<p>Empiece r\u00e1pidamente con la importaci\u00f3n de demostraciones con un solo clic y benef\u00edciese de las actualizaciones peri\u00f3dicas que a\u00f1aden nuevas funciones y mejoras para mantener su sitio moderno y seguro.<\/p>\n\n<h3>Explorar m\u00e1s temas<\/h3>\n<ul>\n<li><a href=\"https:\/\/allwintheme.com\/es\/producto\/xports-esports-and-gaming-wordpress-theme\/\">Xports - Esports y Gaming WordPress Tema<\/a><\/li>\n<li><a href=\"https:\/\/allwintheme.com\/es\/producto\/nata-metaverse-project-launchpad-wordpress-theme\/\">Nata - Metaverse Project Launchpad WordPress Theme<\/a><\/li>\n<li><a href=\"https:\/\/allwintheme.com\/es\/producto\/parezy-kids-speech-therapy-education-wordpress-theme\/\">Parezy - Kids Speech Therapy &amp; Education WordPress Theme (en ingl\u00e9s)<\/a><\/li>\n<li><a href=\"https:\/\/allwintheme.com\/es\/producto\/gamic-metaverse-game-crypto-gaming-wordpress-theme\/\">Gamic - Metaverso Juego y Crypto Gaming WordPress Tema<\/a><\/li>\n<li><a href=\"https:\/\/allwintheme.com\/es\/desarrollo-de-sitios-web\/\">Servicios de desarrollo de sitios web<\/a><\/li>\n<li><a href=\"https:\/\/www.wpkvip.com\">WPKVIP<\/a><\/li>\n<\/ul>\n\n<p>Eleve su negocio inmobiliario con Houzez, la soluci\u00f3n completa para crear un sitio web inmobiliario de alto rendimiento.<\/p>\n\t\t\t\t\t<\/div>\n\t\t\t\t\t\t<\/div>\n\t\t\t\t<\/div>\n\t\t\t\t\t<\/div>\n\t\t\t\t<\/div>\n\t\t\t\t<\/div>","protected":false},"excerpt":{"rendered":"<p>Houzez - The Ultimate Real Estate WordPress Theme Houzez es un tema de WordPress potente y muy flexible dise\u00f1ado espec\u00edficamente para<\/p>","protected":false},"featured_media":13596,"comment_status":"open","ping_status":"closed","template":"","meta":{"_acf_changed":false},"product_brand":[],"product_cat":[48],"product_tag":[],"class_list":{"0":"post-13595","1":"product","2":"type-product","3":"status-publish","4":"has-post-thumbnail","6":"product_cat-themes","8":"first","9":"instock","10":"sale","11":"downloadable","12":"shipping-taxable","13":"purchasable","14":"product-type-simple"},"acf":[],"yoast_head":"<!-- This site is optimized with the Yoast SEO Premium plugin v25.6 (Yoast SEO v27.1.1) - https:\/\/yoast.com\/product\/yoast-seo-premium-wordpress\/ -->\n<title>Houzez \u2013 Real Estate WordPress Theme - AllWin Theme \u2013 Free WordPress Themes Download<\/title>\n<meta name=\"description\" content=\"Houzez is a premium, flexible WordPress theme designed for real estate agents, agencies, and property marketplaces. Packed with advanced search, CRM, and customization tools.\" \/>\n<meta name=\"robots\" content=\"index, follow, max-snippet:-1, max-image-preview:large, max-video-preview:-1\" \/>\n<link rel=\"canonical\" href=\"https:\/\/allwintheme.com\/es\/producto\/houzez-tema-wordpress-inmobiliario-2\/\" \/>\n<meta property=\"og:locale\" content=\"es_ES\" \/>\n<meta property=\"og:type\" content=\"article\" \/>\n<meta property=\"og:title\" content=\"Houzez \u2013 Real Estate WordPress Theme\" \/>\n<meta property=\"og:description\" content=\"Houzez is a premium, flexible WordPress theme designed for real estate agents, agencies, and property marketplaces. Packed with advanced search, CRM, and customization tools.\" \/>\n<meta property=\"og:url\" content=\"https:\/\/allwintheme.com\/es\/producto\/houzez-tema-wordpress-inmobiliario-2\/\" \/>\n<meta property=\"og:site_name\" content=\"AllWin Theme \u2013 Free WordPress Themes Download\" \/>\n<meta property=\"article:modified_time\" content=\"2025-12-18T03:12:47+00:00\" \/>\n<meta property=\"og:image\" content=\"https:\/\/allwintheme.com\/wp-content\/uploads\/2025\/12\/Houzez-\u2013-Real-Estate-WordPress-Theme.png\" \/>\n\t<meta property=\"og:image:width\" content=\"590\" \/>\n\t<meta property=\"og:image:height\" content=\"300\" \/>\n\t<meta property=\"og:image:type\" content=\"image\/png\" \/>\n<meta name=\"twitter:card\" content=\"summary_large_image\" \/>\n<meta name=\"twitter:label1\" content=\"Tiempo estimado de lectura\" \/>\n\t<meta name=\"twitter:data1\" content=\"2 minutos\" \/>\n<script type=\"application\/ld+json\" class=\"yoast-schema-graph\">{\"@context\":\"https:\/\/schema.org\",\"@graph\":[{\"@type\":\"WebPage\",\"@id\":\"https:\/\/allwintheme.com\/product\/houzez-real-estate-wordpress-theme-2\/\",\"url\":\"https:\/\/allwintheme.com\/product\/houzez-real-estate-wordpress-theme-2\/\",\"name\":\"Houzez \u2013 Real Estate WordPress Theme - AllWin Theme \u2013 Free WordPress Themes Download\",\"isPartOf\":{\"@id\":\"https:\/\/allwintheme.com\/#website\"},\"primaryImageOfPage\":{\"@id\":\"https:\/\/allwintheme.com\/product\/houzez-real-estate-wordpress-theme-2\/#primaryimage\"},\"image\":{\"@id\":\"https:\/\/allwintheme.com\/product\/houzez-real-estate-wordpress-theme-2\/#primaryimage\"},\"thumbnailUrl\":\"https:\/\/allwintheme.com\/wp-content\/uploads\/2025\/12\/Houzez-\u2013-Real-Estate-WordPress-Theme.png\",\"datePublished\":\"2025-12-18T01:36:18+00:00\",\"dateModified\":\"2025-12-18T03:12:47+00:00\",\"description\":\"Houzez is a premium, flexible WordPress theme designed for real estate agents, agencies, and property marketplaces. Packed with advanced search, CRM, and customization tools.\",\"breadcrumb\":{\"@id\":\"https:\/\/allwintheme.com\/product\/houzez-real-estate-wordpress-theme-2\/#breadcrumb\"},\"inLanguage\":\"es-CL\",\"potentialAction\":[{\"@type\":\"ReadAction\",\"target\":[\"https:\/\/allwintheme.com\/product\/houzez-real-estate-wordpress-theme-2\/\"]}]},{\"@type\":\"ImageObject\",\"inLanguage\":\"es-CL\",\"@id\":\"https:\/\/allwintheme.com\/product\/houzez-real-estate-wordpress-theme-2\/#primaryimage\",\"url\":\"https:\/\/allwintheme.com\/wp-content\/uploads\/2025\/12\/Houzez-\u2013-Real-Estate-WordPress-Theme.png\",\"contentUrl\":\"https:\/\/allwintheme.com\/wp-content\/uploads\/2025\/12\/Houzez-\u2013-Real-Estate-WordPress-Theme.png\",\"width\":590,\"height\":300,\"caption\":\"Houzez \u2013 Real Estate WordPress Theme\"},{\"@type\":\"BreadcrumbList\",\"@id\":\"https:\/\/allwintheme.com\/product\/houzez-real-estate-wordpress-theme-2\/#breadcrumb\",\"itemListElement\":[{\"@type\":\"ListItem\",\"position\":1,\"name\":\"Home\",\"item\":\"https:\/\/allwintheme.com\/\"},{\"@type\":\"ListItem\",\"position\":2,\"name\":\"Shop\",\"item\":\"https:\/\/allwintheme.com\/shop\/\"},{\"@type\":\"ListItem\",\"position\":3,\"name\":\"Houzez \u2013 Real Estate WordPress Theme\"}]},{\"@type\":\"WebSite\",\"@id\":\"https:\/\/allwintheme.com\/#website\",\"url\":\"https:\/\/allwintheme.com\/\",\"name\":\"Allwintheme\",\"description\":\"Download free WordPress themes for every niche. Blogs, business, eCommerce, portfolio, restaurant and more. All themes are GPL licensed and mobile-ready.\",\"potentialAction\":[{\"@type\":\"SearchAction\",\"target\":{\"@type\":\"EntryPoint\",\"urlTemplate\":\"https:\/\/allwintheme.com\/?s={search_term_string}\"},\"query-input\":{\"@type\":\"PropertyValueSpecification\",\"valueRequired\":true,\"valueName\":\"search_term_string\"}}],\"inLanguage\":\"es-CL\"}]}<\/script>\n<!-- \/ Yoast SEO Premium plugin. -->","yoast_head_json":{"title":"Houzez - Real Estate WordPress Theme - AllWin Theme - Free WordPress Themes Download","description":"Houzez es un tema de WordPress premium y flexible dise\u00f1ado para agentes inmobiliarios, agencias y mercados inmobiliarios. Repleto de herramientas avanzadas de b\u00fasqueda, CRM y personalizaci\u00f3n.","robots":{"index":"index","follow":"follow","max-snippet":"max-snippet:-1","max-image-preview":"max-image-preview:large","max-video-preview":"max-video-preview:-1"},"canonical":"https:\/\/allwintheme.com\/es\/producto\/houzez-tema-wordpress-inmobiliario-2\/","og_locale":"es_ES","og_type":"article","og_title":"Houzez \u2013 Real Estate WordPress Theme","og_description":"Houzez is a premium, flexible WordPress theme designed for real estate agents, agencies, and property marketplaces. Packed with advanced search, CRM, and customization tools.","og_url":"https:\/\/allwintheme.com\/es\/producto\/houzez-tema-wordpress-inmobiliario-2\/","og_site_name":"AllWin Theme \u2013 Free WordPress Themes Download","article_modified_time":"2025-12-18T03:12:47+00:00","og_image":[{"width":590,"height":300,"url":"https:\/\/allwintheme.com\/wp-content\/uploads\/2025\/12\/Houzez-\u2013-Real-Estate-WordPress-Theme.png","type":"image\/png"}],"twitter_card":"summary_large_image","twitter_misc":{"Tiempo estimado de lectura":"2 minutos"},"schema":{"@context":"https:\/\/schema.org","@graph":[{"@type":"WebPage","@id":"https:\/\/allwintheme.com\/product\/houzez-real-estate-wordpress-theme-2\/","url":"https:\/\/allwintheme.com\/product\/houzez-real-estate-wordpress-theme-2\/","name":"Houzez - Real Estate WordPress Theme - AllWin Theme - Free WordPress Themes Download","isPartOf":{"@id":"https:\/\/allwintheme.com\/#website"},"primaryImageOfPage":{"@id":"https:\/\/allwintheme.com\/product\/houzez-real-estate-wordpress-theme-2\/#primaryimage"},"image":{"@id":"https:\/\/allwintheme.com\/product\/houzez-real-estate-wordpress-theme-2\/#primaryimage"},"thumbnailUrl":"https:\/\/allwintheme.com\/wp-content\/uploads\/2025\/12\/Houzez-\u2013-Real-Estate-WordPress-Theme.png","datePublished":"2025-12-18T01:36:18+00:00","dateModified":"2025-12-18T03:12:47+00:00","description":"Houzez es un tema de WordPress premium y flexible dise\u00f1ado para agentes inmobiliarios, agencias y mercados inmobiliarios. Repleto de herramientas avanzadas de b\u00fasqueda, CRM y personalizaci\u00f3n.","breadcrumb":{"@id":"https:\/\/allwintheme.com\/product\/houzez-real-estate-wordpress-theme-2\/#breadcrumb"},"inLanguage":"es-CL","potentialAction":[{"@type":"ReadAction","target":["https:\/\/allwintheme.com\/product\/houzez-real-estate-wordpress-theme-2\/"]}]},{"@type":"ImageObject","inLanguage":"es-CL","@id":"https:\/\/allwintheme.com\/product\/houzez-real-estate-wordpress-theme-2\/#primaryimage","url":"https:\/\/allwintheme.com\/wp-content\/uploads\/2025\/12\/Houzez-\u2013-Real-Estate-WordPress-Theme.png","contentUrl":"https:\/\/allwintheme.com\/wp-content\/uploads\/2025\/12\/Houzez-\u2013-Real-Estate-WordPress-Theme.png","width":590,"height":300,"caption":"Houzez \u2013 Real Estate WordPress Theme"},{"@type":"BreadcrumbList","@id":"https:\/\/allwintheme.com\/product\/houzez-real-estate-wordpress-theme-2\/#breadcrumb","itemListElement":[{"@type":"ListItem","position":1,"name":"Home","item":"https:\/\/allwintheme.com\/"},{"@type":"ListItem","position":2,"name":"Shop","item":"https:\/\/allwintheme.com\/shop\/"},{"@type":"ListItem","position":3,"name":"Houzez \u2013 Real Estate WordPress Theme"}]},{"@type":"WebSite","@id":"https:\/\/allwintheme.com\/#website","url":"https:\/\/allwintheme.com\/","name":"Allwintheme","description":"Descarga gratis temas de WordPress para todos los nichos. Blogs, negocios, comercio electr\u00f3nico, portafolio, restaurante y m\u00e1s. Todos los temas tienen licencia GPL y est\u00e1n preparados para dispositivos m\u00f3viles.","potentialAction":[{"@type":"SearchAction","target":{"@type":"EntryPoint","urlTemplate":"https:\/\/allwintheme.com\/?s={search_term_string}"},"query-input":{"@type":"PropertyValueSpecification","valueRequired":true,"valueName":"search_term_string"}}],"inLanguage":"es-CL"}]}},"_links":{"self":[{"href":"https:\/\/allwintheme.com\/es\/wp-json\/wp\/v2\/product\/13595","targetHints":{"allow":["GET"]}}],"collection":[{"href":"https:\/\/allwintheme.com\/es\/wp-json\/wp\/v2\/product"}],"about":[{"href":"https:\/\/allwintheme.com\/es\/wp-json\/wp\/v2\/types\/product"}],"replies":[{"embeddable":true,"href":"https:\/\/allwintheme.com\/es\/wp-json\/wp\/v2\/comments?post=13595"}],"version-history":[{"count":9,"href":"https:\/\/allwintheme.com\/es\/wp-json\/wp\/v2\/product\/13595\/revisions"}],"predecessor-version":[{"id":13605,"href":"https:\/\/allwintheme.com\/es\/wp-json\/wp\/v2\/product\/13595\/revisions\/13605"}],"wp:featuredmedia":[{"embeddable":true,"href":"https:\/\/allwintheme.com\/es\/wp-json\/wp\/v2\/media\/13596"}],"wp:attachment":[{"href":"https:\/\/allwintheme.com\/es\/wp-json\/wp\/v2\/media?parent=13595"}],"wp:term":[{"taxonomy":"product_brand","embeddable":true,"href":"https:\/\/allwintheme.com\/es\/wp-json\/wp\/v2\/product_brand?post=13595"},{"taxonomy":"product_cat","embeddable":true,"href":"https:\/\/allwintheme.com\/es\/wp-json\/wp\/v2\/product_cat?post=13595"},{"taxonomy":"product_tag","embeddable":true,"href":"https:\/\/allwintheme.com\/es\/wp-json\/wp\/v2\/product_tag?post=13595"}],"curies":[{"name":"wp","href":"https:\/\/api.w.org\/{rel}","templated":true}]}}