{"id":13762,"date":"2026-01-08T01:56:18","date_gmt":"2026-01-08T01:56:18","guid":{"rendered":"https:\/\/allwintheme.com\/?post_type=product&#038;p=13762"},"modified":"2026-01-08T03:16:20","modified_gmt":"2026-01-08T03:16:20","slug":"generador-de-catalogos-pdf-woocommerce","status":"publish","type":"product","link":"https:\/\/allwintheme.com\/es\/producto\/generador-de-catalogos-pdf-woocommerce\/","title":{"rendered":"Exporo WooCommerce Cat\u00e1logo PDF"},"content":{"rendered":"<div data-elementor-type=\"wp-post\" data-elementor-id=\"13762\" class=\"elementor elementor-13762\" data-elementor-settings=\"{&quot;element_pack_global_tooltip_width&quot;:{&quot;unit&quot;:&quot;px&quot;,&quot;size&quot;:&quot;&quot;,&quot;sizes&quot;:[]},&quot;element_pack_global_tooltip_width_tablet&quot;:{&quot;unit&quot;:&quot;px&quot;,&quot;size&quot;:&quot;&quot;,&quot;sizes&quot;:[]},&quot;element_pack_global_tooltip_width_mobile&quot;:{&quot;unit&quot;:&quot;px&quot;,&quot;size&quot;:&quot;&quot;,&quot;sizes&quot;:[]},&quot;element_pack_global_tooltip_padding&quot;:{&quot;unit&quot;:&quot;px&quot;,&quot;top&quot;:&quot;&quot;,&quot;right&quot;:&quot;&quot;,&quot;bottom&quot;:&quot;&quot;,&quot;left&quot;:&quot;&quot;,&quot;isLinked&quot;:true},&quot;element_pack_global_tooltip_padding_tablet&quot;:{&quot;unit&quot;:&quot;px&quot;,&quot;top&quot;:&quot;&quot;,&quot;right&quot;:&quot;&quot;,&quot;bottom&quot;:&quot;&quot;,&quot;left&quot;:&quot;&quot;,&quot;isLinked&quot;:true},&quot;element_pack_global_tooltip_padding_mobile&quot;:{&quot;unit&quot;:&quot;px&quot;,&quot;top&quot;:&quot;&quot;,&quot;right&quot;:&quot;&quot;,&quot;bottom&quot;:&quot;&quot;,&quot;left&quot;:&quot;&quot;,&quot;isLinked&quot;:true},&quot;element_pack_global_tooltip_border_radius&quot;:{&quot;unit&quot;:&quot;px&quot;,&quot;top&quot;:&quot;&quot;,&quot;right&quot;:&quot;&quot;,&quot;bottom&quot;:&quot;&quot;,&quot;left&quot;:&quot;&quot;,&quot;isLinked&quot;:true},&quot;element_pack_global_tooltip_border_radius_tablet&quot;:{&quot;unit&quot;:&quot;px&quot;,&quot;top&quot;:&quot;&quot;,&quot;right&quot;:&quot;&quot;,&quot;bottom&quot;:&quot;&quot;,&quot;left&quot;:&quot;&quot;,&quot;isLinked&quot;:true},&quot;element_pack_global_tooltip_border_radius_mobile&quot;:{&quot;unit&quot;:&quot;px&quot;,&quot;top&quot;:&quot;&quot;,&quot;right&quot;:&quot;&quot;,&quot;bottom&quot;:&quot;&quot;,&quot;left&quot;:&quot;&quot;,&quot;isLinked&quot;:true}}\" data-elementor-post-type=\"product\">\n\t\t\t\t<div class=\"wd-negative-gap elementor-element elementor-element-116794f e-flex e-con-boxed e-con e-parent\" data-id=\"116794f\" data-element_type=\"container\" data-e-type=\"container\">\n\t\t\t\t\t<div class=\"e-con-inner\">\n\t\t\t\t<div class=\"elementor-element elementor-element-03d2133 elementor-widget elementor-widget-wd_text_block\" data-id=\"03d2133\" data-element_type=\"widget\" data-e-type=\"widget\" data-widget_type=\"wd_text_block.default\">\n\t\t\t\t<div class=\"elementor-widget-container\">\n\t\t\t\t\t\t\t<div class=\"wd-text-block reset-last-child text-left\">\n\t\t\t\n\t\t\t<!DOCTYPE html>\n<html lang=\"en\">\n<head>\n    <meta charset=\"UTF-8\">\n    <meta name=\"viewport\" content=\"width=device-width, initial-scale=1.0\">\n    <title>Exporo - Creador de Cat\u00e1logos PDF para WooCommerce: Cat\u00e1logos PDF profesionales para WooCommerce<\/title>\n<\/head>\n<body>\n    <h1>Exporo - Creador de Cat\u00e1logos PDF para WooCommerce: Lleve sus productos de WooCommerce m\u00e1s all\u00e1 del sitio web<\/h1>\n\n    <p>\u00bfBuscas convertir tu tienda online WooCommerce en una herramienta de ventas tangible para clientes B2B y mayoristas? Exporo es el plugin esencial que convierte tu cat\u00e1logo digital en documentos PDF profesionales, listos para descargar, compartir o imprimir, optimizando todo el proceso de venta de tu negocio.<\/p>\n\n    <h2>Optimizado para ventas B2B y clientes mayoristas<\/h2>\n    <p>Los clientes B2B y los compradores mayoristas necesitan herramientas pr\u00e1cticas para comparar productos y compartir informaci\u00f3n con sus equipos, y un sitio web no siempre es la soluci\u00f3n ideal. Exporo resuelve este problema permiti\u00e9ndoles descargar un cat\u00e1logo en PDF con un dise\u00f1o profesional, organizado por categor\u00edas y f\u00e1cil de guardar. Esto agiliza el proceso de compra, proporciona una referencia tangible y eleva la imagen de su tienda en l\u00ednea.<\/p>\n\n    <h2>Un creador de cat\u00e1logos intuitivo (sin necesidad de software externo)<\/h2>\n    <p>La creaci\u00f3n de su cat\u00e1logo PDF con Exporo es sencilla y se realiza directamente desde el panel de control de WordPress, sin necesidad de herramientas externas. Sus caracter\u00edsticas clave incluyen:<\/p>\n    <ul>\n        <li><strong>F\u00e1cil selecci\u00f3n de productos:<\/strong> Utilice una tabla de datos avanzada con filtros y b\u00fasqueda para seleccionar exactamente qu\u00e9 productos o categor\u00edas incluir en el PDF.<\/li>\n        <li><strong>Organizaci\u00f3n autom\u00e1tica:<\/strong> Agrupe los productos por categor\u00edas con un solo clic, sin esfuerzo manual.<\/li>\n        <li><strong>Bot\u00f3n flexible Shortcode:<\/strong> Inserte un bot\u00f3n de descarga personalizable en cualquier lugar de su tienda o config\u00farelo para que aparezca autom\u00e1ticamente en las p\u00e1ginas clave.<\/li>\n    <\/ul>\n\n    <h2>Personalizaci\u00f3n profesional para reflejar su marca<\/h2>\n    <p>Un cat\u00e1logo en PDF debe representar la calidad de su marca, y Exporo le ofrece un control total sobre su apariencia:<\/p>\n    <ul>\n        <li><strong>Portada personalizada:<\/strong> Cargue una imagen de portada personalizada en tama\u00f1o A4 para un acabado profesional.<\/li>\n        <li><strong>Marcadores y tabla de contenidos:<\/strong> Para cat\u00e1logos extensos, el complemento genera autom\u00e1ticamente una tabla de contenidos (TOC) y marcadores PDF para una navegaci\u00f3n r\u00e1pida.<\/li>\n        <li><strong>Dise\u00f1os adaptables:<\/strong> Elija entre una vista cl\u00e1sica o un dise\u00f1o de tabla para presentar sus productos, y personalice los estilos a su gusto.<\/li>\n        <li><strong>PDF Propiedades:<\/strong> Edite el t\u00edtulo, el autor y las palabras clave del archivo para mejorar el SEO y la organizaci\u00f3n del documento.<\/li>\n    <\/ul>\n\n    <h2>Control de acceso y alto rendimiento para tiendas profesionales<\/h2>\n    <p>Exporo est\u00e1 dise\u00f1ado para tiendas de gran afluencia con necesidades de control espec\u00edficas:<\/p>\n    <ul>\n        <li><strong>Acceso basado en roles:<\/strong> Restrinja las descargas del cat\u00e1logo a los usuarios registrados o a funciones espec\u00edficas (por ejemplo, \"Cliente B2B\"), garantizando as\u00ed que s\u00f3lo su p\u00fablico objetivo pueda acceder a \u00e9l.<\/li>\n        <li><strong>Almacenamiento en cach\u00e9 de archivos:<\/strong> Perfecto para sitios con mucho tr\u00e1fico: el plugin almacena en cach\u00e9 los PDF generados para evitar la sobrecarga del servidor, garantizando descargas instant\u00e1neas. Borra la cach\u00e9 con un solo clic siempre que lo necesites.<\/li>\n    <\/ul>\n\n    <p>Con Exporo, conviertes tu tienda WooCommerce en una herramienta de venta omnicanal, proporcionando a tus clientes la comodidad de un cat\u00e1logo offline sin comprometer la profesionalidad y el control que tu negocio necesita.<\/p>\n<\/body>\n<\/html>\n\t\t\t\t\t<\/div>\n\t\t\t\t\t\t<\/div>\n\t\t\t\t<\/div>\n\t\t\t\t\t<\/div>\n\t\t\t\t<\/div>\n\t\t\t\t<\/div>","protected":false},"excerpt":{"rendered":"<p>&nbsp; Exporo \u2013 PDF Catalog Creator For WooCommerce: Take Your WooCommerce Products Beyond the Website Looking to turn your WooCommerce<\/p>","protected":false},"featured_media":13763,"comment_status":"open","ping_status":"closed","template":"","meta":{"_acf_changed":false},"product_brand":[],"product_cat":[49],"product_tag":[],"class_list":{"0":"post-13762","1":"product","2":"type-product","3":"status-publish","4":"has-post-thumbnail","6":"product_cat-plugins","8":"first","9":"instock","10":"sale","11":"downloadable","12":"shipping-taxable","13":"purchasable","14":"product-type-simple"},"acf":[],"yoast_head":"<!-- This site is optimized with the Yoast SEO Premium plugin v25.6 (Yoast SEO v27.1.1) - https:\/\/yoast.com\/product\/yoast-seo-premium-wordpress\/ -->\n<title>Exporo WooCommerce PDF Catalog - AllWin Theme \u2013 Free WordPress Themes Download<\/title>\n<meta name=\"description\" content=\"Optimiza tus ventas B2B con Exporo \u2013 PDF Catalog Creator For WooCommerce. Genera cat\u00e1logos PDF profesionales de tus productos, personalizables, con control de acceso y cach\u00e9 optimizado para mayoristas.\" \/>\n<meta name=\"robots\" content=\"index, follow, max-snippet:-1, max-image-preview:large, max-video-preview:-1\" \/>\n<link rel=\"canonical\" href=\"https:\/\/allwintheme.com\/es\/producto\/generador-de-catalogos-pdf-woocommerce\/\" \/>\n<meta property=\"og:locale\" content=\"es_ES\" \/>\n<meta property=\"og:type\" content=\"article\" \/>\n<meta property=\"og:title\" content=\"Exporo WooCommerce PDF Catalog\" \/>\n<meta property=\"og:description\" content=\"Optimiza tus ventas B2B con Exporo \u2013 PDF Catalog Creator For WooCommerce. Genera cat\u00e1logos PDF profesionales de tus productos, personalizables, con control de acceso y cach\u00e9 optimizado para mayoristas.\" \/>\n<meta property=\"og:url\" content=\"https:\/\/allwintheme.com\/es\/producto\/generador-de-catalogos-pdf-woocommerce\/\" \/>\n<meta property=\"og:site_name\" content=\"AllWin Theme \u2013 Free WordPress Themes Download\" \/>\n<meta property=\"article:modified_time\" content=\"2026-01-08T03:16:20+00:00\" \/>\n<meta property=\"og:image\" content=\"https:\/\/allwintheme.com\/wp-content\/uploads\/2026\/01\/Exporo-\u2013-WooCommerce.png\" \/>\n\t<meta property=\"og:image:width\" content=\"1370\" \/>\n\t<meta property=\"og:image:height\" content=\"913\" \/>\n\t<meta property=\"og:image:type\" content=\"image\/png\" \/>\n<meta name=\"twitter:card\" content=\"summary_large_image\" \/>\n<meta name=\"twitter:label1\" content=\"Tiempo estimado de lectura\" \/>\n\t<meta name=\"twitter:data1\" content=\"3 minutos\" \/>\n<script type=\"application\/ld+json\" class=\"yoast-schema-graph\">{\"@context\":\"https:\/\/schema.org\",\"@graph\":[{\"@type\":\"WebPage\",\"@id\":\"https:\/\/allwintheme.com\/product\/generador-de-catalogos-pdf-woocommerce\/\",\"url\":\"https:\/\/allwintheme.com\/product\/generador-de-catalogos-pdf-woocommerce\/\",\"name\":\"Exporo WooCommerce PDF Catalog - AllWin Theme \u2013 Free WordPress Themes Download\",\"isPartOf\":{\"@id\":\"https:\/\/allwintheme.com\/#website\"},\"primaryImageOfPage\":{\"@id\":\"https:\/\/allwintheme.com\/product\/generador-de-catalogos-pdf-woocommerce\/#primaryimage\"},\"image\":{\"@id\":\"https:\/\/allwintheme.com\/product\/generador-de-catalogos-pdf-woocommerce\/#primaryimage\"},\"thumbnailUrl\":\"https:\/\/allwintheme.com\/wp-content\/uploads\/2026\/01\/Exporo-\u2013-WooCommerce.png\",\"datePublished\":\"2026-01-08T01:56:18+00:00\",\"dateModified\":\"2026-01-08T03:16:20+00:00\",\"description\":\"Optimiza tus ventas B2B con Exporo \u2013 PDF Catalog Creator For WooCommerce. Genera cat\u00e1logos PDF profesionales de tus productos, personalizables, con control de acceso y cach\u00e9 optimizado para mayoristas.\",\"breadcrumb\":{\"@id\":\"https:\/\/allwintheme.com\/product\/generador-de-catalogos-pdf-woocommerce\/#breadcrumb\"},\"inLanguage\":\"es-CL\",\"potentialAction\":[{\"@type\":\"ReadAction\",\"target\":[\"https:\/\/allwintheme.com\/product\/generador-de-catalogos-pdf-woocommerce\/\"]}]},{\"@type\":\"ImageObject\",\"inLanguage\":\"es-CL\",\"@id\":\"https:\/\/allwintheme.com\/product\/generador-de-catalogos-pdf-woocommerce\/#primaryimage\",\"url\":\"https:\/\/allwintheme.com\/wp-content\/uploads\/2026\/01\/Exporo-\u2013-WooCommerce.png\",\"contentUrl\":\"https:\/\/allwintheme.com\/wp-content\/uploads\/2026\/01\/Exporo-\u2013-WooCommerce.png\",\"width\":1370,\"height\":913,\"caption\":\"Exporo WooCommerce PDF Catalog\"},{\"@type\":\"BreadcrumbList\",\"@id\":\"https:\/\/allwintheme.com\/product\/generador-de-catalogos-pdf-woocommerce\/#breadcrumb\",\"itemListElement\":[{\"@type\":\"ListItem\",\"position\":1,\"name\":\"Home\",\"item\":\"https:\/\/allwintheme.com\/\"},{\"@type\":\"ListItem\",\"position\":2,\"name\":\"Shop\",\"item\":\"https:\/\/allwintheme.com\/shop\/\"},{\"@type\":\"ListItem\",\"position\":3,\"name\":\"Exporo WooCommerce PDF Catalog\"}]},{\"@type\":\"WebSite\",\"@id\":\"https:\/\/allwintheme.com\/#website\",\"url\":\"https:\/\/allwintheme.com\/\",\"name\":\"Allwintheme\",\"description\":\"Download free WordPress themes for every niche. Blogs, business, eCommerce, portfolio, restaurant and more. All themes are GPL licensed and mobile-ready.\",\"potentialAction\":[{\"@type\":\"SearchAction\",\"target\":{\"@type\":\"EntryPoint\",\"urlTemplate\":\"https:\/\/allwintheme.com\/?s={search_term_string}\"},\"query-input\":{\"@type\":\"PropertyValueSpecification\",\"valueRequired\":true,\"valueName\":\"search_term_string\"}}],\"inLanguage\":\"es-CL\"}]}<\/script>\n<!-- \/ Yoast SEO Premium plugin. -->","yoast_head_json":{"title":"Exporo WooCommerce PDF Catalog - AllWin Theme - Free WordPress Themes Download","description":"Optimiza tus ventas B2B con Exporo - PDF Catalog Creator For WooCommerce. Genera cat\u00e1logos PDF profesionales de tus productos, personalizables, con control de acceso y cach\u00e9 optimizado para mayoristas.","robots":{"index":"index","follow":"follow","max-snippet":"max-snippet:-1","max-image-preview":"max-image-preview:large","max-video-preview":"max-video-preview:-1"},"canonical":"https:\/\/allwintheme.com\/es\/producto\/generador-de-catalogos-pdf-woocommerce\/","og_locale":"es_ES","og_type":"article","og_title":"Exporo WooCommerce PDF Catalog","og_description":"Optimiza tus ventas B2B con Exporo \u2013 PDF Catalog Creator For WooCommerce. Genera cat\u00e1logos PDF profesionales de tus productos, personalizables, con control de acceso y cach\u00e9 optimizado para mayoristas.","og_url":"https:\/\/allwintheme.com\/es\/producto\/generador-de-catalogos-pdf-woocommerce\/","og_site_name":"AllWin Theme \u2013 Free WordPress Themes Download","article_modified_time":"2026-01-08T03:16:20+00:00","og_image":[{"width":1370,"height":913,"url":"https:\/\/allwintheme.com\/wp-content\/uploads\/2026\/01\/Exporo-\u2013-WooCommerce.png","type":"image\/png"}],"twitter_card":"summary_large_image","twitter_misc":{"Tiempo estimado de lectura":"3 minutos"},"schema":{"@context":"https:\/\/schema.org","@graph":[{"@type":"WebPage","@id":"https:\/\/allwintheme.com\/product\/generador-de-catalogos-pdf-woocommerce\/","url":"https:\/\/allwintheme.com\/product\/generador-de-catalogos-pdf-woocommerce\/","name":"Exporo WooCommerce PDF Catalog - AllWin Theme - Free WordPress Themes Download","isPartOf":{"@id":"https:\/\/allwintheme.com\/#website"},"primaryImageOfPage":{"@id":"https:\/\/allwintheme.com\/product\/generador-de-catalogos-pdf-woocommerce\/#primaryimage"},"image":{"@id":"https:\/\/allwintheme.com\/product\/generador-de-catalogos-pdf-woocommerce\/#primaryimage"},"thumbnailUrl":"https:\/\/allwintheme.com\/wp-content\/uploads\/2026\/01\/Exporo-\u2013-WooCommerce.png","datePublished":"2026-01-08T01:56:18+00:00","dateModified":"2026-01-08T03:16:20+00:00","description":"Optimiza tus ventas B2B con Exporo - PDF Catalog Creator For WooCommerce. Genera cat\u00e1logos PDF profesionales de tus productos, personalizables, con control de acceso y cach\u00e9 optimizado para mayoristas.","breadcrumb":{"@id":"https:\/\/allwintheme.com\/product\/generador-de-catalogos-pdf-woocommerce\/#breadcrumb"},"inLanguage":"es-CL","potentialAction":[{"@type":"ReadAction","target":["https:\/\/allwintheme.com\/product\/generador-de-catalogos-pdf-woocommerce\/"]}]},{"@type":"ImageObject","inLanguage":"es-CL","@id":"https:\/\/allwintheme.com\/product\/generador-de-catalogos-pdf-woocommerce\/#primaryimage","url":"https:\/\/allwintheme.com\/wp-content\/uploads\/2026\/01\/Exporo-\u2013-WooCommerce.png","contentUrl":"https:\/\/allwintheme.com\/wp-content\/uploads\/2026\/01\/Exporo-\u2013-WooCommerce.png","width":1370,"height":913,"caption":"Exporo WooCommerce PDF Catalog"},{"@type":"BreadcrumbList","@id":"https:\/\/allwintheme.com\/product\/generador-de-catalogos-pdf-woocommerce\/#breadcrumb","itemListElement":[{"@type":"ListItem","position":1,"name":"Home","item":"https:\/\/allwintheme.com\/"},{"@type":"ListItem","position":2,"name":"Shop","item":"https:\/\/allwintheme.com\/shop\/"},{"@type":"ListItem","position":3,"name":"Exporo WooCommerce PDF Catalog"}]},{"@type":"WebSite","@id":"https:\/\/allwintheme.com\/#website","url":"https:\/\/allwintheme.com\/","name":"Allwintheme","description":"Descarga gratis temas de WordPress para todos los nichos. Blogs, negocios, comercio electr\u00f3nico, portafolio, restaurante y m\u00e1s. Todos los temas tienen licencia GPL y est\u00e1n preparados para dispositivos m\u00f3viles.","potentialAction":[{"@type":"SearchAction","target":{"@type":"EntryPoint","urlTemplate":"https:\/\/allwintheme.com\/?s={search_term_string}"},"query-input":{"@type":"PropertyValueSpecification","valueRequired":true,"valueName":"search_term_string"}}],"inLanguage":"es-CL"}]}},"_links":{"self":[{"href":"https:\/\/allwintheme.com\/es\/wp-json\/wp\/v2\/product\/13762","targetHints":{"allow":["GET"]}}],"collection":[{"href":"https:\/\/allwintheme.com\/es\/wp-json\/wp\/v2\/product"}],"about":[{"href":"https:\/\/allwintheme.com\/es\/wp-json\/wp\/v2\/types\/product"}],"replies":[{"embeddable":true,"href":"https:\/\/allwintheme.com\/es\/wp-json\/wp\/v2\/comments?post=13762"}],"version-history":[{"count":9,"href":"https:\/\/allwintheme.com\/es\/wp-json\/wp\/v2\/product\/13762\/revisions"}],"predecessor-version":[{"id":13772,"href":"https:\/\/allwintheme.com\/es\/wp-json\/wp\/v2\/product\/13762\/revisions\/13772"}],"wp:featuredmedia":[{"embeddable":true,"href":"https:\/\/allwintheme.com\/es\/wp-json\/wp\/v2\/media\/13763"}],"wp:attachment":[{"href":"https:\/\/allwintheme.com\/es\/wp-json\/wp\/v2\/media?parent=13762"}],"wp:term":[{"taxonomy":"product_brand","embeddable":true,"href":"https:\/\/allwintheme.com\/es\/wp-json\/wp\/v2\/product_brand?post=13762"},{"taxonomy":"product_cat","embeddable":true,"href":"https:\/\/allwintheme.com\/es\/wp-json\/wp\/v2\/product_cat?post=13762"},{"taxonomy":"product_tag","embeddable":true,"href":"https:\/\/allwintheme.com\/es\/wp-json\/wp\/v2\/product_tag?post=13762"}],"curies":[{"name":"wp","href":"https:\/\/api.w.org\/{rel}","templated":true}]}}